{"id":20044,"date":"2019-11-11T16:17:42","date_gmt":"2019-11-11T16:17:42","guid":{"rendered":"https:\/\/www.accuratereviews.com\/?page_id=20044"},"modified":"2021-11-11T16:19:20","modified_gmt":"2021-11-11T16:19:20","slug":"proranktracker-recensione","status":"publish","type":"page","link":"https:\/\/www.accuratereviews.com\/it\/strumenti-seo-lista-software\/proranktracker-recensione\/","title":{"rendered":"ProRankTracker"},"content":{"rendered":"<p><strong>ProRankTracker<\/strong> \u00e8 una <strong>piattaforma SEO<\/strong> online, disponibile anche per i dispositivi mobile iOS e Android, che ti permette di tracciare il posizionamento del tuo sito web. Oltre a questo, potrai scegliere le migliori parole chiave da utilizzare e creare dei <strong>report SEO<\/strong> precisi e dettagliati per stupire i tuoi clienti e colleghi. \u00c8 ideale per i professionisti, le <strong>agenzie SEO<\/strong> e di marketing, le piccole imprese ma anche quelle di grandi dimensioni.\u00a0Ottieni le informazioni pi\u00f9 aggiornate e di facile analisi sul <strong>ranking SEO (SERP)<\/strong> su tutti i tuoi siti web cos\u00ec da restare sempre aggiornato su tutto.<\/p>\n<h2>COME FUNZIONA PRORANKTRACKER &#8211; TUTORIAL<\/h2>\n<p>Diamo uno sguardo a questo video per capire qualcosa di pi\u00f9:<\/p>\n<div id=\"fluid-wrapper-counter-1\" class=\"g1-fluid-wrapper \" style=\"width:686px;\">\n<div style=\"padding-bottom:56.268221574344%;\"><iframe loading=\"lazy\" title=\"How to track your SEO Rankings?\" width=\"686\" height=\"386\" src=\"https:\/\/www.youtube.com\/embed\/hvXxqiJdOts?feature=oembed&amp;wmode=transparent&amp;autohide=1&amp;autoplay=0&amp;disablekb=0&amp;fs=1&amp;loop=0&amp;enablejsapi=1&amp;rel=0&amp;controls=2&amp;showinfo=0&amp;wmode=transparent&amp;autohide=2&amp;autoplay=0&amp;disablekb=0&amp;fs=1&amp;loop=0&amp;enablejsapi=1&amp;rel=0&amp;controls=2&amp;showinfo=1\" frameborder=\"0\" allow=\"accelerometer; autoplay; clipboard-write; encrypted-media; gyroscope; picture-in-picture\" allowfullscreen><\/iframe><\/div>\n<\/div>\n<h3>PRORANKTRACKER &#8211; CARATTERISTICHE<\/h3>\n<p>Ecco le sue principali caratteristiche:<\/p>\n<ul>\n<li><strong>Aggiornamenti quotidiani<\/strong>: controlla automaticamente la classifica dei termini monitorati ogni giorno. Esegui ulteriori aggiornamenti su richiesta (a seconda del piano selezionato)<\/li>\n<li><strong>Tracciamento del ranking internazionale<\/strong>: \u00e8 supportato su tutti i principali motori di ricerca e siti, inclusi i risultati organici su desktop e dispositivi mobili<\/li>\n<li><strong>Analisi e ricerca<\/strong>: utilizza i numerosi strumenti di analisi e ricerca per aiutare i tuoi sforzi SEO<\/li>\n<li><strong>Site-Audit<\/strong>: utilizza il nostro strumento completo di audit del sito per analizzare e migliorare il tuo SEO in loco<\/li>\n<li><strong>Strumento di individuazione delle classifiche<\/strong>: trova i termini per i quali i tuoi siti web sono classificati, ma che non conosci ancora<\/li>\n<li><strong>Volume di ricerca per parole chiave<\/strong>: visualizza dati esatti sul volume di ricerca delle parole chiave di Google e Bing e dati sul volume di ricerca stimati di YouTube e Amazon<\/li>\n<li><strong>Suggerimenti per le parole chiave<\/strong>: utilizza questo strumento per trovare idee per parole chiave aggiuntive per ciascuno dei tuoi URL<\/li>\n<li><strong>Report SEO<\/strong>: crea e utilizza i report white label pi\u00f9 completi e approfonditi<\/li>\n<li><strong>Integrazione di Dropbox e Drive<\/strong>: salva e condividi i tuoi report sui tuoi account Dropbox o Drive.<\/li>\n<\/ul>\n<h3>LE RECENSIONI DEGLI UTENTI:<\/h3>\n<ul>\n<li><strong>&#8220;Tracker accurato e ha molte altre utili funzioni.&#8221;<\/strong><br \/>\nPRO: ProRankTracker \u00e8 un ottimo strumento per tracciare le nostre parole chiave. Ho notato che \u00e8 molto preciso. Senza contare che invia e-mail giornaliere indicando le modifiche nella mia classifica. La dashboard \u00e8 facile da lavorare e mi piace molto il design. Hanno anche altre funzionalit\u00e0 come Site-Audit, Strumento per i suggerimenti di parole chiave e Strumento per il rilevamento delle classifiche.<br \/>\nCONTRO: Non ho problemi con questa app. Funziona davvero bene ed \u00e8 un tracker di parole chiave molto preciso.<\/li>\n<li><strong>&#8220;Non il tuo normale software tracker di rango.&#8221;<\/strong><br \/>\nIN GENERALE: \u00e8 un ottimo strumento per tracciare le nostre parole chiave.<br \/>\nPRO: ProRankTracker \u00e8 un software di tracciamento dei ranghi preciso e facile da usare. Offrono piani diversi con prezzi diversi. Gli utenti possono anche eseguire l&#8217;upgrade o il downgrade in qualsiasi momento. Hanno anche uno strumento di controllo del sito che pu\u00f2 aiutare gli utenti a risolvere i problemi su qualsiasi sito web. Ha anche uno strumento di suggerimento di parole chiave che mi permette di scoprire nuove parole chiave per i miei siti web.<br \/>\nCONTRO: un account manager dedicato \u00e8 disponibile solo sul piano pi\u00f9 alto e pi\u00f9 costoso.<\/li>\n<li><strong>&#8220;Ora posso monitorare facilmente le classifiche del mio sito web.&#8221;<\/strong><br \/>\nIN GENERALE: \u00e8 ottimo per il monitoraggio delle parole chiave.<br \/>\nPRO: Grazie alla loro amichevole interfaccia utente, sono stato in grado di visualizzare e monitorare facilmente le classifiche del mio sito Web. Anche il loro tracker di rango \u00e8 veloce e preciso. La creazione di un rapporto \u00e8 semplice ed \u00e8 anche facile da capire. ProRankTracker \u00e8 anche conveniente e pu\u00f2 sicuramente aiutarti a monitorare il posizionamento delle tue parole chiave.<br \/>\nCONTRO: Poich\u00e9 si tratta di un programma basato sul Web, a volte il loro programma \u00e8 lento a funzionare<\/li>\n<\/ul>\n","protected":false},"excerpt":{"rendered":"<p>ProRankTracker \u00e8 una piattaforma SEO online, disponibile anche per i dispositivi mobile iOS e Android, che ti permette di tracciare il posizionamento del tuo sito web. Oltre a questo, potrai scegliere le migliori parole chiave da utilizzare e creare dei report SEO precisi e dettagliati per stupire i tuoi clienti e colleghi.<\/p>\n","protected":false},"author":17,"featured_media":20045,"parent":8849,"menu_order":0,"comment_status":"open","ping_status":"closed","template":"g1_template_page_review_new.php","meta":{"_acf_changed":false,"cwp_meta_box_check":"Yes","cwp_rev_product_name":"","cwp_rev_product_image":"","wppr_links":[],"cwp_rev_price":"","wppr_options":[],"wppr_pros":[],"wppr_cons":[],"_monsterinsights_skip_tracking":false,"_monsterinsights_sitenote_active":false,"_monsterinsights_sitenote_note":"","_monsterinsights_sitenote_category":0,"footnotes":""},"categories":[175],"tags":[1431,901,1424,1398],"features":[],"class_list":{"0":"post-20044","1":"page","2":"type-page","3":"status-publish","4":"has-post-thumbnail","6":"category-strumenti-seo-categoria","7":"tag-ottimizzazione-seo","8":"tag-seo","9":"tag-seo-analisi","10":"tag-seo-software"},"wppr_data":{"cwp_meta_box_check":"Yes","cwp_rev_product_name":"","cwp_rev_product_image":"","cwp_image_link":"image","cwp_rev_price":"","wppr_rating":"0.00"},"acf":[],"yoast_head":"<!-- This site is optimized with the Yoast SEO plugin v27.4 - https:\/\/yoast.com\/product\/yoast-seo-wordpress\/ -->\n<title>ProRankTracker: recensione piattaforma SEO - Accurate Reviews<\/title>\n<meta name=\"description\" content=\"ProRankTracker: recensione della piattaforma SEO online che ti permette di tracciare il posizionamento del tuo sito web. Scopri di pi\u00f9.\" \/>\n<meta name=\"robots\" content=\"index, follow, max-snippet:-1, max-image-preview:large, max-video-preview:-1\" \/>\n<link rel=\"canonical\" href=\"https:\/\/www.accuratereviews.com\/it\/strumenti-seo-lista-software\/proranktracker-recensione\/\" \/>\n<meta property=\"og:locale\" content=\"it_IT\" \/>\n<meta property=\"og:type\" content=\"article\" \/>\n<meta property=\"og:title\" content=\"ProRankTracker: recensione piattaforma SEO - Accurate Reviews\" \/>\n<meta property=\"og:description\" content=\"ProRankTracker: recensione della piattaforma SEO online che ti permette di tracciare il posizionamento del tuo sito web. Scopri di pi\u00f9.\" \/>\n<meta property=\"og:url\" content=\"https:\/\/www.accuratereviews.com\/it\/strumenti-seo-lista-software\/proranktracker-recensione\/\" \/>\n<meta property=\"og:site_name\" content=\"Accurate Reviews\" \/>\n<meta property=\"article:modified_time\" content=\"2021-11-11T16:19:20+00:00\" \/>\n<meta property=\"og:image\" content=\"https:\/\/www.accuratereviews.com\/wp-content\/uploads\/2019\/11\/images-3.png\" \/>\n\t<meta property=\"og:image:width\" content=\"225\" \/>\n\t<meta property=\"og:image:height\" content=\"225\" \/>\n\t<meta property=\"og:image:type\" content=\"image\/png\" \/>\n<meta name=\"twitter:card\" content=\"summary_large_image\" \/>\n<meta name=\"twitter:label1\" content=\"Tempo di lettura stimato\" \/>\n\t<meta name=\"twitter:data1\" content=\"3 minuti\" \/>\n<script type=\"application\/ld+json\" class=\"yoast-schema-graph\">{\"@context\":\"https:\\\/\\\/schema.org\",\"@graph\":[{\"@type\":\"WebPage\",\"@id\":\"https:\\\/\\\/www.accuratereviews.com\\\/it\\\/strumenti-seo-lista-software\\\/proranktracker-recensione\\\/\",\"url\":\"https:\\\/\\\/www.accuratereviews.com\\\/it\\\/strumenti-seo-lista-software\\\/proranktracker-recensione\\\/\",\"name\":\"ProRankTracker: recensione piattaforma SEO - Accurate Reviews\",\"isPartOf\":{\"@id\":\"https:\\\/\\\/www.accuratereviews.com\\\/it\\\/#website\"},\"primaryImageOfPage\":{\"@id\":\"https:\\\/\\\/www.accuratereviews.com\\\/it\\\/strumenti-seo-lista-software\\\/proranktracker-recensione\\\/#primaryimage\"},\"image\":{\"@id\":\"https:\\\/\\\/www.accuratereviews.com\\\/it\\\/strumenti-seo-lista-software\\\/proranktracker-recensione\\\/#primaryimage\"},\"thumbnailUrl\":\"https:\\\/\\\/www.accuratereviews.com\\\/wp-content\\\/uploads\\\/2019\\\/11\\\/images-3.png\",\"datePublished\":\"2019-11-11T16:17:42+00:00\",\"dateModified\":\"2021-11-11T16:19:20+00:00\",\"description\":\"ProRankTracker: recensione della piattaforma SEO online che ti permette di tracciare il posizionamento del tuo sito web. Scopri di pi\u00f9.\",\"breadcrumb\":{\"@id\":\"https:\\\/\\\/www.accuratereviews.com\\\/it\\\/strumenti-seo-lista-software\\\/proranktracker-recensione\\\/#breadcrumb\"},\"inLanguage\":\"it-IT\",\"potentialAction\":[{\"@type\":\"ReadAction\",\"target\":[\"https:\\\/\\\/www.accuratereviews.com\\\/it\\\/strumenti-seo-lista-software\\\/proranktracker-recensione\\\/\"]}]},{\"@type\":\"ImageObject\",\"inLanguage\":\"it-IT\",\"@id\":\"https:\\\/\\\/www.accuratereviews.com\\\/it\\\/strumenti-seo-lista-software\\\/proranktracker-recensione\\\/#primaryimage\",\"url\":\"https:\\\/\\\/www.accuratereviews.com\\\/wp-content\\\/uploads\\\/2019\\\/11\\\/images-3.png\",\"contentUrl\":\"https:\\\/\\\/www.accuratereviews.com\\\/wp-content\\\/uploads\\\/2019\\\/11\\\/images-3.png\",\"width\":225,\"height\":225},{\"@type\":\"BreadcrumbList\",\"@id\":\"https:\\\/\\\/www.accuratereviews.com\\\/it\\\/strumenti-seo-lista-software\\\/proranktracker-recensione\\\/#breadcrumb\",\"itemListElement\":[{\"@type\":\"ListItem\",\"position\":1,\"name\":\"Home\",\"item\":\"https:\\\/\\\/www.accuratereviews.com\\\/it\\\/\"},{\"@type\":\"ListItem\",\"position\":2,\"name\":\"Strumenti SEO\",\"item\":\"https:\\\/\\\/www.accuratereviews.com\\\/it\\\/strumenti-seo-lista-software\\\/\"},{\"@type\":\"ListItem\",\"position\":3,\"name\":\"ProRankTracker\"}]},{\"@type\":\"WebSite\",\"@id\":\"https:\\\/\\\/www.accuratereviews.com\\\/it\\\/#website\",\"url\":\"https:\\\/\\\/www.accuratereviews.com\\\/it\\\/\",\"name\":\"Accurate Reviews\",\"description\":\"\",\"potentialAction\":[{\"@type\":\"SearchAction\",\"target\":{\"@type\":\"EntryPoint\",\"urlTemplate\":\"https:\\\/\\\/www.accuratereviews.com\\\/it\\\/?s={search_term_string}\"},\"query-input\":{\"@type\":\"PropertyValueSpecification\",\"valueRequired\":true,\"valueName\":\"search_term_string\"}}],\"inLanguage\":\"it-IT\"}]}<\/script>\n<!-- \/ Yoast SEO plugin. -->","yoast_head_json":{"title":"ProRankTracker: recensione piattaforma SEO - Accurate Reviews","description":"ProRankTracker: recensione della piattaforma SEO online che ti permette di tracciare il posizionamento del tuo sito web. Scopri di pi\u00f9.","robots":{"index":"index","follow":"follow","max-snippet":"max-snippet:-1","max-image-preview":"max-image-preview:large","max-video-preview":"max-video-preview:-1"},"canonical":"https:\/\/www.accuratereviews.com\/it\/strumenti-seo-lista-software\/proranktracker-recensione\/","og_locale":"it_IT","og_type":"article","og_title":"ProRankTracker: recensione piattaforma SEO - Accurate Reviews","og_description":"ProRankTracker: recensione della piattaforma SEO online che ti permette di tracciare il posizionamento del tuo sito web. Scopri di pi\u00f9.","og_url":"https:\/\/www.accuratereviews.com\/it\/strumenti-seo-lista-software\/proranktracker-recensione\/","og_site_name":"Accurate Reviews","article_modified_time":"2021-11-11T16:19:20+00:00","og_image":[{"width":225,"height":225,"url":"https:\/\/www.accuratereviews.com\/wp-content\/uploads\/2019\/11\/images-3.png","type":"image\/png"}],"twitter_card":"summary_large_image","twitter_misc":{"Tempo di lettura stimato":"3 minuti"},"schema":{"@context":"https:\/\/schema.org","@graph":[{"@type":"WebPage","@id":"https:\/\/www.accuratereviews.com\/it\/strumenti-seo-lista-software\/proranktracker-recensione\/","url":"https:\/\/www.accuratereviews.com\/it\/strumenti-seo-lista-software\/proranktracker-recensione\/","name":"ProRankTracker: recensione piattaforma SEO - Accurate Reviews","isPartOf":{"@id":"https:\/\/www.accuratereviews.com\/it\/#website"},"primaryImageOfPage":{"@id":"https:\/\/www.accuratereviews.com\/it\/strumenti-seo-lista-software\/proranktracker-recensione\/#primaryimage"},"image":{"@id":"https:\/\/www.accuratereviews.com\/it\/strumenti-seo-lista-software\/proranktracker-recensione\/#primaryimage"},"thumbnailUrl":"https:\/\/www.accuratereviews.com\/wp-content\/uploads\/2019\/11\/images-3.png","datePublished":"2019-11-11T16:17:42+00:00","dateModified":"2021-11-11T16:19:20+00:00","description":"ProRankTracker: recensione della piattaforma SEO online che ti permette di tracciare il posizionamento del tuo sito web. Scopri di pi\u00f9.","breadcrumb":{"@id":"https:\/\/www.accuratereviews.com\/it\/strumenti-seo-lista-software\/proranktracker-recensione\/#breadcrumb"},"inLanguage":"it-IT","potentialAction":[{"@type":"ReadAction","target":["https:\/\/www.accuratereviews.com\/it\/strumenti-seo-lista-software\/proranktracker-recensione\/"]}]},{"@type":"ImageObject","inLanguage":"it-IT","@id":"https:\/\/www.accuratereviews.com\/it\/strumenti-seo-lista-software\/proranktracker-recensione\/#primaryimage","url":"https:\/\/www.accuratereviews.com\/wp-content\/uploads\/2019\/11\/images-3.png","contentUrl":"https:\/\/www.accuratereviews.com\/wp-content\/uploads\/2019\/11\/images-3.png","width":225,"height":225},{"@type":"BreadcrumbList","@id":"https:\/\/www.accuratereviews.com\/it\/strumenti-seo-lista-software\/proranktracker-recensione\/#breadcrumb","itemListElement":[{"@type":"ListItem","position":1,"name":"Home","item":"https:\/\/www.accuratereviews.com\/it\/"},{"@type":"ListItem","position":2,"name":"Strumenti SEO","item":"https:\/\/www.accuratereviews.com\/it\/strumenti-seo-lista-software\/"},{"@type":"ListItem","position":3,"name":"ProRankTracker"}]},{"@type":"WebSite","@id":"https:\/\/www.accuratereviews.com\/it\/#website","url":"https:\/\/www.accuratereviews.com\/it\/","name":"Accurate Reviews","description":"","potentialAction":[{"@type":"SearchAction","target":{"@type":"EntryPoint","urlTemplate":"https:\/\/www.accuratereviews.com\/it\/?s={search_term_string}"},"query-input":{"@type":"PropertyValueSpecification","valueRequired":true,"valueName":"search_term_string"}}],"inLanguage":"it-IT"}]}},"_links":{"self":[{"href":"https:\/\/www.accuratereviews.com\/it\/wp-json\/wp\/v2\/pages\/20044","targetHints":{"allow":["GET"]}}],"collection":[{"href":"https:\/\/www.accuratereviews.com\/it\/wp-json\/wp\/v2\/pages"}],"about":[{"href":"https:\/\/www.accuratereviews.com\/it\/wp-json\/wp\/v2\/types\/page"}],"author":[{"embeddable":true,"href":"https:\/\/www.accuratereviews.com\/it\/wp-json\/wp\/v2\/users\/17"}],"replies":[{"embeddable":true,"href":"https:\/\/www.accuratereviews.com\/it\/wp-json\/wp\/v2\/comments?post=20044"}],"version-history":[{"count":6,"href":"https:\/\/www.accuratereviews.com\/it\/wp-json\/wp\/v2\/pages\/20044\/revisions"}],"predecessor-version":[{"id":49860,"href":"https:\/\/www.accuratereviews.com\/it\/wp-json\/wp\/v2\/pages\/20044\/revisions\/49860"}],"up":[{"embeddable":true,"href":"https:\/\/www.accuratereviews.com\/it\/wp-json\/wp\/v2\/pages\/8849"}],"wp:featuredmedia":[{"embeddable":true,"href":"https:\/\/www.accuratereviews.com\/it\/wp-json\/wp\/v2\/media\/20045"}],"wp:attachment":[{"href":"https:\/\/www.accuratereviews.com\/it\/wp-json\/wp\/v2\/media?parent=20044"}],"wp:term":[{"taxonomy":"category","embeddable":true,"href":"https:\/\/www.accuratereviews.com\/it\/wp-json\/wp\/v2\/categories?post=20044"},{"taxonomy":"post_tag","embeddable":true,"href":"https:\/\/www.accuratereviews.com\/it\/wp-json\/wp\/v2\/tags?post=20044"},{"taxonomy":"features","embeddable":true,"href":"https:\/\/www.accuratereviews.com\/it\/wp-json\/wp\/v2\/features?post=20044"}],"curies":[{"name":"wp","href":"https:\/\/api.w.org\/{rel}","templated":true}]}}