{"id":20065,"date":"2019-11-12T16:22:37","date_gmt":"2019-11-12T16:22:37","guid":{"rendered":"https:\/\/www.accuratereviews.com\/?page_id=20065"},"modified":"2021-11-10T16:42:03","modified_gmt":"2021-11-10T16:42:03","slug":"plerdy-recensione","status":"publish","type":"page","link":"https:\/\/www.accuratereviews.com\/it\/strumenti-seo-lista-software\/plerdy-recensione\/","title":{"rendered":"Plerdy"},"content":{"rendered":"<p><strong>Plerdy<\/strong> \u00e8 uno <strong>strumento SEO<\/strong>\u00a0che si rivolge a professionisti e agenzie online, consentendo loro di migliorare notevolmente le prestazioni del sito web, la crescita della conversione, ottenere un aumento del 20% delle entrate e un ROI del 200%. Il software \u00e8 progettato per automatizzare i processi di lavoro, garantendo che ogni processo sia privo di errori, e le informazioni siano affidabili accurate e aggiornate.\u00a0<strong>Plerdy<\/strong> implementa rigorose tecnologie di crittografia SSL per proteggere i dati e pu\u00f2 essere facilmente integrato con i siti web. Gli utenti possono escogitare efficaci campagne di marketing e promozione su internet e godere di un tasso di conversione pi\u00f9 elevato e maggiori entrate, risparmiando tempo, denaro e fatica.<\/p>\n<h2>PLERDY &#8211; TUTORIAL<\/h2>\n<p>Ecco un tutorial sull&#8217;analisi degli indicatori tecnici SEO delle pagine dei sito utilizzando il servizio <strong>Plerdy SEO Alerts<\/strong>:<\/p>\n<div id=\"fluid-wrapper-counter-1\" class=\"g1-fluid-wrapper \" style=\"width:686px;\">\n<div style=\"padding-bottom:56.268221574344%;\"><iframe loading=\"lazy\" title=\"\u041a\u0430\u043a \u0438\u0441\u043f\u043e\u043b\u044c\u0437\u043e\u0432\u0430\u0442\u044c \u0441\u0435\u0440\u0432\u0438\u0441 SEO-\u0430\u043d\u0430\u043b\u0438\u0437\u0430 \u0441\u0430\u0439\u0442\u0430 Plerdy SEO-Alerts\" width=\"686\" height=\"386\" src=\"https:\/\/www.youtube.com\/embed\/06SimRE4_MA?feature=oembed&amp;wmode=transparent&amp;autohide=1&amp;autoplay=0&amp;disablekb=0&amp;fs=1&amp;loop=0&amp;enablejsapi=1&amp;rel=0&amp;controls=2&amp;showinfo=0&amp;wmode=transparent&amp;autohide=2&amp;autoplay=0&amp;disablekb=0&amp;fs=1&amp;loop=0&amp;enablejsapi=1&amp;rel=0&amp;controls=2&amp;showinfo=1\" frameborder=\"0\" allow=\"accelerometer; autoplay; clipboard-write; encrypted-media; gyroscope; picture-in-picture\" allowfullscreen><\/iframe><\/div>\n<\/div>\n<h3>PLERDY &#8211; CARATTERISTICHE<\/h3>\n<ul>\n<li><strong>Installazione semplice<\/strong>: l&#8217;installazione singola che richiede solo 30 secondi<\/li>\n<li><strong>Efficienza dei costi<\/strong>: molte funzioni gratuite per i principianti del marketing<\/li>\n<li><strong>Sicurezza dei dati:<\/strong> il trasferimento dei dati \u00e8 protetto con la tecnologia SSL<\/li>\n<li><strong> Efficienza<\/strong>: i rapporti sui clic vengono creati istantaneamente per l&#8217;ottimizzazione del tasso di conversione<\/li>\n<li><strong>Velocit\u00e0<\/strong>: lo script installato non sovraccarica il tuo sito web<\/li>\n<li><strong>Miglioramento del sito web<\/strong>: \u00a0sviluppa ipotesi per analizzare e ottimizzare il tuo tasso di conversione<\/li>\n<li><strong>Metriche aggiuntive:<\/strong> valuta l&#8217;usabilit\u00e0 in base ai dati della mappa e analizza l&#8217;efficacia dei moduli pop-up intelligenti utilizzando l&#8217;integrazione CTR<\/li>\n<li><strong>Integra facilmente il programma con altri servizi online<\/strong>: goditi un lavoro senza soluzione di continuit\u00e0 in tutti i browser pi\u00f9 diffusi e con tutte le risoluzioni dello schermo pi\u00f9 diffuse<\/li>\n<\/ul>\n<h4>LE RECENSIONI DEGLI UTENTI<\/h4>\n<h4>Valeria T. &#8220;Strumento perfetto per apprendere le preferenze dei tuoi visitatori&#8221;<\/h4>\n<p><strong>Commenti<\/strong>: Ho scritto un blog per diversi mesi quando ad un certo punto ho capito che in realt\u00e0 non sapevo nulla del comportamento degli utenti sul mio sito web. Mi sono iscritto al piano Econom di Plerdy per monitorare la profondit\u00e0 di scorrimento e migliorare l&#8217;usabilit\u00e0. Dopo alcune settimane, ho capito meglio come gli utenti percepiscono il mio testo, cosa piace a loro e cosa no.<\/p>\n<p><strong>Vantaggi<\/strong>: ha una funzionalit\u00e0 davvero ampia con numerose opzioni. Puoi iniziare con una funzione e quindi espandere ad altro.<\/p>\n<p><strong>Inconvenienti<\/strong>: Sarebbe bello avere pi\u00f9 opzioni di supporto.<\/p>\n<h4>Helga Z. &#8220;Sono pienamente soddisfatto Plerdy&#8221;<\/h4>\n<p><strong>Commenti<\/strong>: ho usato solo Google Analytics prima. GA non \u00e8 la migliore per l&#8217;analisi dell&#8217;usabilit\u00e0. \u00c8 cos\u00ec lungo impostare tutti gli obiettivi sulle pagine. Ho aggiunto lo script Plerdy e ho iniziato a raccogliere clic. Ci sono stati risultati dopo un mese e ho capito cosa c&#8217;\u00e8 che non va nel sito<\/p>\n<p><strong>Vantaggi<\/strong>: il miglior strumento per l&#8217;analisi dell&#8217;usabilit\u00e0 del sito web<\/p>\n<p><strong>Inconvenienti<\/strong>: nemmeno io lo so. \u00c8 uno strumento utile per gli esperti<\/p>\n","protected":false},"excerpt":{"rendered":"<p>Plerdy \u00e8 uno strumento SEO\u00a0 che si rivolge a professionisti e agenzie online, consentendo loro di migliorare notevolmente le prestazioni del sito web, la crescita della conversione, ottenere un aumento del 20% delle entrate e un ROI del 200%. Il software \u00e8 progettato per automatizzare i processi di lavoro, garantendo che ogni processo sia privo di errori, e le informazioni siano affidabili accurate e aggiornate.<\/p>\n","protected":false},"author":19,"featured_media":20066,"parent":8849,"menu_order":0,"comment_status":"open","ping_status":"closed","template":"g1_template_page_review_new.php","meta":{"_acf_changed":false,"cwp_meta_box_check":"Yes","cwp_rev_product_name":"","cwp_rev_product_image":"","wppr_links":[],"cwp_rev_price":"","wppr_options":[],"wppr_pros":[],"wppr_cons":[],"_monsterinsights_skip_tracking":false,"_monsterinsights_sitenote_active":false,"_monsterinsights_sitenote_note":"","_monsterinsights_sitenote_category":0,"footnotes":""},"categories":[175],"tags":[1464,1421,1420,1417,885],"features":[],"class_list":{"0":"post-20065","1":"page","2":"type-page","3":"status-publish","4":"has-post-thumbnail","6":"category-strumenti-seo-categoria","7":"tag-plerdy","8":"tag-programma-seo","9":"tag-software-seo","10":"tag-soluzione-seo","11":"tag-strumenti-seo"},"wppr_data":{"cwp_meta_box_check":"Yes","cwp_rev_product_name":"","cwp_rev_product_image":"","cwp_image_link":"image","cwp_rev_price":"","wppr_rating":"0.00"},"acf":[],"yoast_head":"<!-- This site is optimized with the Yoast SEO plugin v27.4 - https:\/\/yoast.com\/product\/yoast-seo-wordpress\/ -->\n<title>Plerdy: recensione software SEO- Accurate Reviews<\/title>\n<meta name=\"description\" content=\"Plerdy \u00e8 uno strumento SEO\u00a0che si rivolge a professionisti e agenzie online, consentendo loro di migliorare notevolmente le prestazioni del sito web.\" \/>\n<meta name=\"robots\" content=\"index, follow, max-snippet:-1, max-image-preview:large, max-video-preview:-1\" \/>\n<link rel=\"canonical\" href=\"https:\/\/www.accuratereviews.com\/it\/strumenti-seo-lista-software\/plerdy-recensione\/\" \/>\n<meta property=\"og:locale\" content=\"it_IT\" \/>\n<meta property=\"og:type\" content=\"article\" \/>\n<meta property=\"og:title\" content=\"Plerdy: recensione software SEO- Accurate Reviews\" \/>\n<meta property=\"og:description\" content=\"Plerdy \u00e8 uno strumento SEO\u00a0che si rivolge a professionisti e agenzie online, consentendo loro di migliorare notevolmente le prestazioni del sito web.\" \/>\n<meta property=\"og:url\" content=\"https:\/\/www.accuratereviews.com\/it\/strumenti-seo-lista-software\/plerdy-recensione\/\" \/>\n<meta property=\"og:site_name\" content=\"Accurate Reviews\" \/>\n<meta property=\"article:modified_time\" content=\"2021-11-10T16:42:03+00:00\" \/>\n<meta property=\"og:image\" content=\"https:\/\/www.accuratereviews.com\/wp-content\/uploads\/2019\/11\/Plerdy.png\" \/>\n\t<meta property=\"og:image:width\" content=\"640\" \/>\n\t<meta property=\"og:image:height\" content=\"640\" \/>\n\t<meta property=\"og:image:type\" content=\"image\/png\" \/>\n<meta name=\"twitter:card\" content=\"summary_large_image\" \/>\n<meta name=\"twitter:label1\" content=\"Tempo di lettura stimato\" \/>\n\t<meta name=\"twitter:data1\" content=\"2 minuti\" \/>\n<script type=\"application\/ld+json\" class=\"yoast-schema-graph\">{\"@context\":\"https:\\\/\\\/schema.org\",\"@graph\":[{\"@type\":\"WebPage\",\"@id\":\"https:\\\/\\\/www.accuratereviews.com\\\/it\\\/strumenti-seo-lista-software\\\/plerdy-recensione\\\/\",\"url\":\"https:\\\/\\\/www.accuratereviews.com\\\/it\\\/strumenti-seo-lista-software\\\/plerdy-recensione\\\/\",\"name\":\"Plerdy: recensione software SEO- Accurate Reviews\",\"isPartOf\":{\"@id\":\"https:\\\/\\\/www.accuratereviews.com\\\/it\\\/#website\"},\"primaryImageOfPage\":{\"@id\":\"https:\\\/\\\/www.accuratereviews.com\\\/it\\\/strumenti-seo-lista-software\\\/plerdy-recensione\\\/#primaryimage\"},\"image\":{\"@id\":\"https:\\\/\\\/www.accuratereviews.com\\\/it\\\/strumenti-seo-lista-software\\\/plerdy-recensione\\\/#primaryimage\"},\"thumbnailUrl\":\"https:\\\/\\\/www.accuratereviews.com\\\/wp-content\\\/uploads\\\/2019\\\/11\\\/Plerdy.png\",\"datePublished\":\"2019-11-12T16:22:37+00:00\",\"dateModified\":\"2021-11-10T16:42:03+00:00\",\"description\":\"Plerdy \u00e8 uno strumento SEO\u00a0che si rivolge a professionisti e agenzie online, consentendo loro di migliorare notevolmente le prestazioni del sito web.\",\"breadcrumb\":{\"@id\":\"https:\\\/\\\/www.accuratereviews.com\\\/it\\\/strumenti-seo-lista-software\\\/plerdy-recensione\\\/#breadcrumb\"},\"inLanguage\":\"it-IT\",\"potentialAction\":[{\"@type\":\"ReadAction\",\"target\":[\"https:\\\/\\\/www.accuratereviews.com\\\/it\\\/strumenti-seo-lista-software\\\/plerdy-recensione\\\/\"]}]},{\"@type\":\"ImageObject\",\"inLanguage\":\"it-IT\",\"@id\":\"https:\\\/\\\/www.accuratereviews.com\\\/it\\\/strumenti-seo-lista-software\\\/plerdy-recensione\\\/#primaryimage\",\"url\":\"https:\\\/\\\/www.accuratereviews.com\\\/wp-content\\\/uploads\\\/2019\\\/11\\\/Plerdy.png\",\"contentUrl\":\"https:\\\/\\\/www.accuratereviews.com\\\/wp-content\\\/uploads\\\/2019\\\/11\\\/Plerdy.png\",\"width\":640,\"height\":640},{\"@type\":\"BreadcrumbList\",\"@id\":\"https:\\\/\\\/www.accuratereviews.com\\\/it\\\/strumenti-seo-lista-software\\\/plerdy-recensione\\\/#breadcrumb\",\"itemListElement\":[{\"@type\":\"ListItem\",\"position\":1,\"name\":\"Home\",\"item\":\"https:\\\/\\\/www.accuratereviews.com\\\/it\\\/\"},{\"@type\":\"ListItem\",\"position\":2,\"name\":\"Strumenti SEO\",\"item\":\"https:\\\/\\\/www.accuratereviews.com\\\/it\\\/strumenti-seo-lista-software\\\/\"},{\"@type\":\"ListItem\",\"position\":3,\"name\":\"Plerdy\"}]},{\"@type\":\"WebSite\",\"@id\":\"https:\\\/\\\/www.accuratereviews.com\\\/it\\\/#website\",\"url\":\"https:\\\/\\\/www.accuratereviews.com\\\/it\\\/\",\"name\":\"Accurate Reviews\",\"description\":\"\",\"potentialAction\":[{\"@type\":\"SearchAction\",\"target\":{\"@type\":\"EntryPoint\",\"urlTemplate\":\"https:\\\/\\\/www.accuratereviews.com\\\/it\\\/?s={search_term_string}\"},\"query-input\":{\"@type\":\"PropertyValueSpecification\",\"valueRequired\":true,\"valueName\":\"search_term_string\"}}],\"inLanguage\":\"it-IT\"}]}<\/script>\n<!-- \/ Yoast SEO plugin. -->","yoast_head_json":{"title":"Plerdy: recensione software SEO- Accurate Reviews","description":"Plerdy \u00e8 uno strumento SEO\u00a0che si rivolge a professionisti e agenzie online, consentendo loro di migliorare notevolmente le prestazioni del sito web.","robots":{"index":"index","follow":"follow","max-snippet":"max-snippet:-1","max-image-preview":"max-image-preview:large","max-video-preview":"max-video-preview:-1"},"canonical":"https:\/\/www.accuratereviews.com\/it\/strumenti-seo-lista-software\/plerdy-recensione\/","og_locale":"it_IT","og_type":"article","og_title":"Plerdy: recensione software SEO- Accurate Reviews","og_description":"Plerdy \u00e8 uno strumento SEO\u00a0che si rivolge a professionisti e agenzie online, consentendo loro di migliorare notevolmente le prestazioni del sito web.","og_url":"https:\/\/www.accuratereviews.com\/it\/strumenti-seo-lista-software\/plerdy-recensione\/","og_site_name":"Accurate Reviews","article_modified_time":"2021-11-10T16:42:03+00:00","og_image":[{"width":640,"height":640,"url":"https:\/\/www.accuratereviews.com\/wp-content\/uploads\/2019\/11\/Plerdy.png","type":"image\/png"}],"twitter_card":"summary_large_image","twitter_misc":{"Tempo di lettura stimato":"2 minuti"},"schema":{"@context":"https:\/\/schema.org","@graph":[{"@type":"WebPage","@id":"https:\/\/www.accuratereviews.com\/it\/strumenti-seo-lista-software\/plerdy-recensione\/","url":"https:\/\/www.accuratereviews.com\/it\/strumenti-seo-lista-software\/plerdy-recensione\/","name":"Plerdy: recensione software SEO- Accurate Reviews","isPartOf":{"@id":"https:\/\/www.accuratereviews.com\/it\/#website"},"primaryImageOfPage":{"@id":"https:\/\/www.accuratereviews.com\/it\/strumenti-seo-lista-software\/plerdy-recensione\/#primaryimage"},"image":{"@id":"https:\/\/www.accuratereviews.com\/it\/strumenti-seo-lista-software\/plerdy-recensione\/#primaryimage"},"thumbnailUrl":"https:\/\/www.accuratereviews.com\/wp-content\/uploads\/2019\/11\/Plerdy.png","datePublished":"2019-11-12T16:22:37+00:00","dateModified":"2021-11-10T16:42:03+00:00","description":"Plerdy \u00e8 uno strumento SEO\u00a0che si rivolge a professionisti e agenzie online, consentendo loro di migliorare notevolmente le prestazioni del sito web.","breadcrumb":{"@id":"https:\/\/www.accuratereviews.com\/it\/strumenti-seo-lista-software\/plerdy-recensione\/#breadcrumb"},"inLanguage":"it-IT","potentialAction":[{"@type":"ReadAction","target":["https:\/\/www.accuratereviews.com\/it\/strumenti-seo-lista-software\/plerdy-recensione\/"]}]},{"@type":"ImageObject","inLanguage":"it-IT","@id":"https:\/\/www.accuratereviews.com\/it\/strumenti-seo-lista-software\/plerdy-recensione\/#primaryimage","url":"https:\/\/www.accuratereviews.com\/wp-content\/uploads\/2019\/11\/Plerdy.png","contentUrl":"https:\/\/www.accuratereviews.com\/wp-content\/uploads\/2019\/11\/Plerdy.png","width":640,"height":640},{"@type":"BreadcrumbList","@id":"https:\/\/www.accuratereviews.com\/it\/strumenti-seo-lista-software\/plerdy-recensione\/#breadcrumb","itemListElement":[{"@type":"ListItem","position":1,"name":"Home","item":"https:\/\/www.accuratereviews.com\/it\/"},{"@type":"ListItem","position":2,"name":"Strumenti SEO","item":"https:\/\/www.accuratereviews.com\/it\/strumenti-seo-lista-software\/"},{"@type":"ListItem","position":3,"name":"Plerdy"}]},{"@type":"WebSite","@id":"https:\/\/www.accuratereviews.com\/it\/#website","url":"https:\/\/www.accuratereviews.com\/it\/","name":"Accurate Reviews","description":"","potentialAction":[{"@type":"SearchAction","target":{"@type":"EntryPoint","urlTemplate":"https:\/\/www.accuratereviews.com\/it\/?s={search_term_string}"},"query-input":{"@type":"PropertyValueSpecification","valueRequired":true,"valueName":"search_term_string"}}],"inLanguage":"it-IT"}]}},"_links":{"self":[{"href":"https:\/\/www.accuratereviews.com\/it\/wp-json\/wp\/v2\/pages\/20065","targetHints":{"allow":["GET"]}}],"collection":[{"href":"https:\/\/www.accuratereviews.com\/it\/wp-json\/wp\/v2\/pages"}],"about":[{"href":"https:\/\/www.accuratereviews.com\/it\/wp-json\/wp\/v2\/types\/page"}],"author":[{"embeddable":true,"href":"https:\/\/www.accuratereviews.com\/it\/wp-json\/wp\/v2\/users\/19"}],"replies":[{"embeddable":true,"href":"https:\/\/www.accuratereviews.com\/it\/wp-json\/wp\/v2\/comments?post=20065"}],"version-history":[{"count":8,"href":"https:\/\/www.accuratereviews.com\/it\/wp-json\/wp\/v2\/pages\/20065\/revisions"}],"predecessor-version":[{"id":49802,"href":"https:\/\/www.accuratereviews.com\/it\/wp-json\/wp\/v2\/pages\/20065\/revisions\/49802"}],"up":[{"embeddable":true,"href":"https:\/\/www.accuratereviews.com\/it\/wp-json\/wp\/v2\/pages\/8849"}],"wp:featuredmedia":[{"embeddable":true,"href":"https:\/\/www.accuratereviews.com\/it\/wp-json\/wp\/v2\/media\/20066"}],"wp:attachment":[{"href":"https:\/\/www.accuratereviews.com\/it\/wp-json\/wp\/v2\/media?parent=20065"}],"wp:term":[{"taxonomy":"category","embeddable":true,"href":"https:\/\/www.accuratereviews.com\/it\/wp-json\/wp\/v2\/categories?post=20065"},{"taxonomy":"post_tag","embeddable":true,"href":"https:\/\/www.accuratereviews.com\/it\/wp-json\/wp\/v2\/tags?post=20065"},{"taxonomy":"features","embeddable":true,"href":"https:\/\/www.accuratereviews.com\/it\/wp-json\/wp\/v2\/features?post=20065"}],"curies":[{"name":"wp","href":"https:\/\/api.w.org\/{rel}","templated":true}]}}