{"id":20088,"date":"2019-11-12T16:22:00","date_gmt":"2019-11-12T16:22:00","guid":{"rendered":"https:\/\/www.accuratereviews.com\/?page_id=20088"},"modified":"2021-11-12T09:57:06","modified_gmt":"2021-11-12T09:57:06","slug":"seo-powersuite-recensione","status":"publish","type":"page","link":"https:\/\/www.accuratereviews.com\/it\/strumenti-seo-lista-software\/seo-powersuite-recensione\/","title":{"rendered":"SEO PowerSuite"},"content":{"rendered":"<div><strong>SEO PowerSuite<\/strong> \u00e8 una suite di <strong>strumenti SEO<\/strong> che ti permettono di ottimizzare il tuo sito web, migliorando i contenuti, scegliendo le parole chiave giuste, tenendo traccia dei progressi ed eseguendo campagne di backlink. Questo <strong>programma SEO<\/strong>, disponibile sia per <strong>Windows che per Mac<\/strong>, offre 4 strumenti molto importanti:<\/div>\n<div>\n<ol class=\"Apple-dash-list\">\n<li><strong>Rank Tracker<\/strong>: strumento utile per la ricerca delle parole chiave, per il tracciamento delle classifiche per l\u2019analisi dei concorrenti<\/li>\n<li><strong>WebSite Auditor<\/strong>: strumento che ti consente di eseguire la scansione e l\u2019ottimizzazione del sito<\/li>\n<li><strong>SEO SpyGlass<\/strong>: strumento funzionale per l\u2019analisi dei backlink del sito<\/li>\n<li><strong>LinkAssistant<\/strong>: strumento affocare per le campagne di link building<\/li>\n<\/ol>\n<\/div>\n<div><strong>SEO PowerSuite<\/strong> dispone di un&#8217;interfaccia utente intuitiva e di alcune funzionalit\u00e0 di livello professionale, in questo modo diventa accessibile a tutti, sia agli <strong>esperti SEO<\/strong> che ai neofiti.<\/div>\n<h2>COME FUNZIONA SEO POWERSUITE &#8211; TUTORIAL<\/h2>\n<div>Ecco un video che ci mostrer\u00e0 come funziona questo software:<\/div>\n<div>\n<div id=\"fluid-wrapper-counter-1\" class=\"g1-fluid-wrapper \" style=\"width:686px;\"><div style=\"padding-bottom:56.268221574344%;\"><iframe loading=\"lazy\" title=\"SEO Powersuite Review &amp; Tutorial | SEO Powersuite Discount | Best SEO Tools 2017\" width=\"686\" height=\"386\" src=\"https:\/\/www.youtube.com\/embed\/3b0eJ7ZZHys?feature=oembed&amp;wmode=transparent&amp;autohide=1&amp;autoplay=0&amp;disablekb=0&amp;fs=1&amp;loop=0&amp;enablejsapi=1&amp;rel=0&amp;controls=2&amp;showinfo=0&amp;wmode=transparent&amp;autohide=2&amp;autoplay=0&amp;disablekb=0&amp;fs=1&amp;loop=0&amp;enablejsapi=1&amp;rel=0&amp;controls=2&amp;showinfo=1\" frameborder=\"0\" allow=\"accelerometer; autoplay; clipboard-write; encrypted-media; gyroscope; picture-in-picture\" allowfullscreen><\/iframe><\/div><\/div>\n<h3>SEO POWERSUITE &#8211; CARATTERISTICHE<\/h3>\n<div>Diamo un\u2019occhiata alle sue principali caratteristiche:<\/div>\n<div>\n<ul>\n<li><strong>SEO locale e globale<\/strong>: scegli come target posizioni specifiche, ottimizza i siti per parole chiave in qualsiasi lingua e fai SEO a livello globale o locale<\/li>\n<li><strong>Ricerca approfondita di parole chiave<\/strong>: scopri un sacco di parole chiave redditizie che sono facili da ottimizzare con i 17 metodi e metriche di ricerca di parole chiave di SEO PowerSuite<\/li>\n<li><strong>Analisi approfondita della concorrenza<\/strong>: scopri le parole chiave, le classifiche, i backlink e la strategia dei contenuti dei concorrenti e implementa le loro tecniche infallibili sul tuo sito<\/li>\n<li><strong>Monitoraggio avanzato delle classifiche<\/strong>: monitora le classifiche organiche e universali in oltre 300 motori di ricerca, abbina le parole chiave alle pagine di destinazione e monitora facilmente i progressi realizzati nel tempo<\/li>\n<li><strong>Integrazione di AdWords e Analytics<\/strong>: ottieni statistiche su concorrenza, volume di ricerca, CPC, visite alle pagine, frequenza di rimbalzo, traffico attraverso parole chiave e backlink, ecc.<\/li>\n<li><strong>SEO e audit tecnico del sito<\/strong>: rileva facilmente tutti i problemi tecnici e SEO sul tuo sito e ottieni suggerimenti chiari e specifici su come risolverli<\/li>\n<li><strong>Statistiche sui social media<\/strong>: ottieni statistiche sulla popolarit\u00e0 delle pagine e dei backlink su Facebook, Twitter, Google+, Linkedn, Pinterest e altri social network<\/li>\n<li><strong>Ottimizzazione di contenuti e HTML<\/strong>: misura i tassi di ottimizzazione delle landing page per le parole chiave target e ottieni suggerimenti di ottimizzazione specifici basati su concorrenti di alto livello e best practice SEO<\/li>\n<li><strong>Panda &amp; Penguin Recovery<\/strong>: rileva e gestisci contenuti duplicati; identifica backlink rischiosi e contattare facilmente i webmaster direttamente dal software per rimuoverli.<\/li>\n<li><strong>Piattaforma multilingue<\/strong>: installa SEO PowerSuite in inglese, tedesco, olandese, spagnolo, russo, francese ecc.<\/li>\n<\/ul>\n<h3>LE RECENSIONI DEGLI UTENTI<\/h3>\n<ul>\n<li><strong>&#8220;SEO powersuite \u00e8 un pacchetto fantastico ma i loro aggiornamenti sono costosi&#8221;<br \/>\n<\/strong>IN GENERALE: Oltre ai ridicoli aggiornamenti dell&#8217;algoritmo, mi \u00e8 piaciuto seo powersuite, prendendo in considerazione gli aggiornamenti, tuttavia, \u00e8 molto deludente.<br \/>\nPRO: Adoro le funzionalit\u00e0 di powersuite. Il mio preferito \u00e8 l&#8217;audit del sito e le funzioni di monitoraggio delle parole chiave. Gli strumenti hanno molto da offrire e possono coprire la maggior parte delle basi delle attivit\u00e0 SEO.<br \/>\nCONTRO: Gli aggiornamenti dell&#8217;algoritmo sono una sorpresa dopo che hai gi\u00e0 lasciato cadere X quantit\u00e0 sul software. \u00c8 molto scoraggiante. L&#8217;app deve essere installata e non si trova sul cloud, il che non \u00e8 all&#8217;altezza della concorrenza.<\/li>\n<\/ul>\n<div>\n<ul>\n<li><strong>&#8220;Software ben fatto accurato e sviluppato attivamente&#8221;<br \/>\n<\/strong>IN GENERALE: L&#8217;ottimizzazione per i motori di ricerca \u00e8 un lavoro in evoluzione e stimolante, questo software mi semplifica la vita. Sono in cima ai cambiamenti SEO e sono sempre alla ricerca di come migliorare.<br \/>\nPRO: il software \u00e8 ricco di funzionalit\u00e0, ben progettato e facile da usare. Lo uso quotidianamente per i miei clienti e fornisce anche dati precisi.<br \/>\nCONTRO: Non \u00e8 un software cloud ma il prezzo e le funzionalit\u00e0 faranno dimenticare questo problema<\/li>\n<li><strong>&#8220;I migliori strumenti SEO per me :-)&#8221;<br \/>\n<\/strong>PRO: Le funzionalit\u00e0 sono cos\u00ec buone. Puoi vedere una squadra dietro che ci lavora continuamente perch\u00e9 hai un aggiornamento praticamente ogni giorno. Insegno anche SEO all&#8217;universit\u00e0 e lo consiglio a tutti i miei studenti<br \/>\nCONTRO: Niente veramente &#8230; ma se dovessi trovare qualcosa sarebbe il fatto che potrebbero personalizzare ancora di pi\u00f9 i report.<\/li>\n<\/ul>\n<\/div>\n<\/div>\n<\/div>\n","protected":false},"excerpt":{"rendered":"<p>SEO PowerSuite \u00e8 una suite di strumenti SEO che ti permettono di ottimizzare il tuo sito web, migliorando i contenuti, scegliendo le parole chiave giuste, tenendo traccia dei progressi ed eseguendo campagne di backlink. Questo programma SEO, disponibile sia per Windows che per Mac, offre 4 strumenti molto importanti<\/p>\n","protected":false},"author":17,"featured_media":20085,"parent":8849,"menu_order":0,"comment_status":"open","ping_status":"closed","template":"g1_template_page_review_new.php","meta":{"_acf_changed":false,"cwp_meta_box_check":"Yes","cwp_rev_product_name":"","cwp_rev_product_image":"","wppr_links":[],"cwp_rev_price":"","wppr_options":[],"wppr_pros":[],"wppr_cons":[],"_monsterinsights_skip_tracking":false,"_monsterinsights_sitenote_active":false,"_monsterinsights_sitenote_note":"","_monsterinsights_sitenote_category":0,"footnotes":""},"categories":[175],"tags":[1401,1431,1421,901,1420],"features":[],"class_list":{"0":"post-20088","1":"page","2":"type-page","3":"status-publish","4":"has-post-thumbnail","6":"category-strumenti-seo-categoria","7":"tag-analisi-seo","8":"tag-ottimizzazione-seo","9":"tag-programma-seo","10":"tag-seo","11":"tag-software-seo"},"wppr_data":{"cwp_meta_box_check":"Yes","cwp_rev_product_name":"","cwp_rev_product_image":"","cwp_image_link":"image","cwp_rev_price":"","wppr_rating":"0.00"},"acf":[],"yoast_head":"<!-- This site is optimized with the Yoast SEO plugin v27.4 - https:\/\/yoast.com\/product\/yoast-seo-wordpress\/ -->\n<title>SEO PowerSuite: recensione strumento SEO - Accurate Reviews<\/title>\n<meta name=\"description\" content=\"SEO PowerSuite: recensione della suite di strumenti SEO che ti permettono di ottimizzare il tuo sito web, migliorandone i contenuti.\" \/>\n<meta name=\"robots\" content=\"index, follow, max-snippet:-1, max-image-preview:large, max-video-preview:-1\" \/>\n<link rel=\"canonical\" href=\"https:\/\/www.accuratereviews.com\/it\/strumenti-seo-lista-software\/seo-powersuite-recensione\/\" \/>\n<meta property=\"og:locale\" content=\"it_IT\" \/>\n<meta property=\"og:type\" content=\"article\" \/>\n<meta property=\"og:title\" content=\"SEO PowerSuite: recensione strumento SEO - Accurate Reviews\" \/>\n<meta property=\"og:description\" content=\"SEO PowerSuite: recensione della suite di strumenti SEO che ti permettono di ottimizzare il tuo sito web, migliorandone i contenuti.\" \/>\n<meta property=\"og:url\" content=\"https:\/\/www.accuratereviews.com\/it\/strumenti-seo-lista-software\/seo-powersuite-recensione\/\" \/>\n<meta property=\"og:site_name\" content=\"Accurate Reviews\" \/>\n<meta property=\"article:modified_time\" content=\"2021-11-12T09:57:06+00:00\" \/>\n<meta property=\"og:image\" content=\"https:\/\/www.accuratereviews.com\/wp-content\/uploads\/2019\/11\/download.png\" \/>\n\t<meta property=\"og:image:width\" content=\"223\" \/>\n\t<meta property=\"og:image:height\" content=\"226\" \/>\n\t<meta property=\"og:image:type\" content=\"image\/png\" \/>\n<meta name=\"twitter:card\" content=\"summary_large_image\" \/>\n<meta name=\"twitter:label1\" content=\"Tempo di lettura stimato\" \/>\n\t<meta name=\"twitter:data1\" content=\"3 minuti\" \/>\n<script type=\"application\/ld+json\" class=\"yoast-schema-graph\">{\"@context\":\"https:\\\/\\\/schema.org\",\"@graph\":[{\"@type\":\"WebPage\",\"@id\":\"https:\\\/\\\/www.accuratereviews.com\\\/it\\\/strumenti-seo-lista-software\\\/seo-powersuite-recensione\\\/\",\"url\":\"https:\\\/\\\/www.accuratereviews.com\\\/it\\\/strumenti-seo-lista-software\\\/seo-powersuite-recensione\\\/\",\"name\":\"SEO PowerSuite: recensione strumento SEO - Accurate Reviews\",\"isPartOf\":{\"@id\":\"https:\\\/\\\/www.accuratereviews.com\\\/it\\\/#website\"},\"primaryImageOfPage\":{\"@id\":\"https:\\\/\\\/www.accuratereviews.com\\\/it\\\/strumenti-seo-lista-software\\\/seo-powersuite-recensione\\\/#primaryimage\"},\"image\":{\"@id\":\"https:\\\/\\\/www.accuratereviews.com\\\/it\\\/strumenti-seo-lista-software\\\/seo-powersuite-recensione\\\/#primaryimage\"},\"thumbnailUrl\":\"https:\\\/\\\/www.accuratereviews.com\\\/wp-content\\\/uploads\\\/2019\\\/11\\\/download.png\",\"datePublished\":\"2019-11-12T16:22:00+00:00\",\"dateModified\":\"2021-11-12T09:57:06+00:00\",\"description\":\"SEO PowerSuite: recensione della suite di strumenti SEO che ti permettono di ottimizzare il tuo sito web, migliorandone i contenuti.\",\"breadcrumb\":{\"@id\":\"https:\\\/\\\/www.accuratereviews.com\\\/it\\\/strumenti-seo-lista-software\\\/seo-powersuite-recensione\\\/#breadcrumb\"},\"inLanguage\":\"it-IT\",\"potentialAction\":[{\"@type\":\"ReadAction\",\"target\":[\"https:\\\/\\\/www.accuratereviews.com\\\/it\\\/strumenti-seo-lista-software\\\/seo-powersuite-recensione\\\/\"]}]},{\"@type\":\"ImageObject\",\"inLanguage\":\"it-IT\",\"@id\":\"https:\\\/\\\/www.accuratereviews.com\\\/it\\\/strumenti-seo-lista-software\\\/seo-powersuite-recensione\\\/#primaryimage\",\"url\":\"https:\\\/\\\/www.accuratereviews.com\\\/wp-content\\\/uploads\\\/2019\\\/11\\\/download.png\",\"contentUrl\":\"https:\\\/\\\/www.accuratereviews.com\\\/wp-content\\\/uploads\\\/2019\\\/11\\\/download.png\",\"width\":223,\"height\":226},{\"@type\":\"BreadcrumbList\",\"@id\":\"https:\\\/\\\/www.accuratereviews.com\\\/it\\\/strumenti-seo-lista-software\\\/seo-powersuite-recensione\\\/#breadcrumb\",\"itemListElement\":[{\"@type\":\"ListItem\",\"position\":1,\"name\":\"Home\",\"item\":\"https:\\\/\\\/www.accuratereviews.com\\\/it\\\/\"},{\"@type\":\"ListItem\",\"position\":2,\"name\":\"Strumenti SEO\",\"item\":\"https:\\\/\\\/www.accuratereviews.com\\\/it\\\/strumenti-seo-lista-software\\\/\"},{\"@type\":\"ListItem\",\"position\":3,\"name\":\"SEO PowerSuite\"}]},{\"@type\":\"WebSite\",\"@id\":\"https:\\\/\\\/www.accuratereviews.com\\\/it\\\/#website\",\"url\":\"https:\\\/\\\/www.accuratereviews.com\\\/it\\\/\",\"name\":\"Accurate Reviews\",\"description\":\"\",\"potentialAction\":[{\"@type\":\"SearchAction\",\"target\":{\"@type\":\"EntryPoint\",\"urlTemplate\":\"https:\\\/\\\/www.accuratereviews.com\\\/it\\\/?s={search_term_string}\"},\"query-input\":{\"@type\":\"PropertyValueSpecification\",\"valueRequired\":true,\"valueName\":\"search_term_string\"}}],\"inLanguage\":\"it-IT\"}]}<\/script>\n<!-- \/ Yoast SEO plugin. -->","yoast_head_json":{"title":"SEO PowerSuite: recensione strumento SEO - Accurate Reviews","description":"SEO PowerSuite: recensione della suite di strumenti SEO che ti permettono di ottimizzare il tuo sito web, migliorandone i contenuti.","robots":{"index":"index","follow":"follow","max-snippet":"max-snippet:-1","max-image-preview":"max-image-preview:large","max-video-preview":"max-video-preview:-1"},"canonical":"https:\/\/www.accuratereviews.com\/it\/strumenti-seo-lista-software\/seo-powersuite-recensione\/","og_locale":"it_IT","og_type":"article","og_title":"SEO PowerSuite: recensione strumento SEO - Accurate Reviews","og_description":"SEO PowerSuite: recensione della suite di strumenti SEO che ti permettono di ottimizzare il tuo sito web, migliorandone i contenuti.","og_url":"https:\/\/www.accuratereviews.com\/it\/strumenti-seo-lista-software\/seo-powersuite-recensione\/","og_site_name":"Accurate Reviews","article_modified_time":"2021-11-12T09:57:06+00:00","og_image":[{"width":223,"height":226,"url":"https:\/\/www.accuratereviews.com\/wp-content\/uploads\/2019\/11\/download.png","type":"image\/png"}],"twitter_card":"summary_large_image","twitter_misc":{"Tempo di lettura stimato":"3 minuti"},"schema":{"@context":"https:\/\/schema.org","@graph":[{"@type":"WebPage","@id":"https:\/\/www.accuratereviews.com\/it\/strumenti-seo-lista-software\/seo-powersuite-recensione\/","url":"https:\/\/www.accuratereviews.com\/it\/strumenti-seo-lista-software\/seo-powersuite-recensione\/","name":"SEO PowerSuite: recensione strumento SEO - Accurate Reviews","isPartOf":{"@id":"https:\/\/www.accuratereviews.com\/it\/#website"},"primaryImageOfPage":{"@id":"https:\/\/www.accuratereviews.com\/it\/strumenti-seo-lista-software\/seo-powersuite-recensione\/#primaryimage"},"image":{"@id":"https:\/\/www.accuratereviews.com\/it\/strumenti-seo-lista-software\/seo-powersuite-recensione\/#primaryimage"},"thumbnailUrl":"https:\/\/www.accuratereviews.com\/wp-content\/uploads\/2019\/11\/download.png","datePublished":"2019-11-12T16:22:00+00:00","dateModified":"2021-11-12T09:57:06+00:00","description":"SEO PowerSuite: recensione della suite di strumenti SEO che ti permettono di ottimizzare il tuo sito web, migliorandone i contenuti.","breadcrumb":{"@id":"https:\/\/www.accuratereviews.com\/it\/strumenti-seo-lista-software\/seo-powersuite-recensione\/#breadcrumb"},"inLanguage":"it-IT","potentialAction":[{"@type":"ReadAction","target":["https:\/\/www.accuratereviews.com\/it\/strumenti-seo-lista-software\/seo-powersuite-recensione\/"]}]},{"@type":"ImageObject","inLanguage":"it-IT","@id":"https:\/\/www.accuratereviews.com\/it\/strumenti-seo-lista-software\/seo-powersuite-recensione\/#primaryimage","url":"https:\/\/www.accuratereviews.com\/wp-content\/uploads\/2019\/11\/download.png","contentUrl":"https:\/\/www.accuratereviews.com\/wp-content\/uploads\/2019\/11\/download.png","width":223,"height":226},{"@type":"BreadcrumbList","@id":"https:\/\/www.accuratereviews.com\/it\/strumenti-seo-lista-software\/seo-powersuite-recensione\/#breadcrumb","itemListElement":[{"@type":"ListItem","position":1,"name":"Home","item":"https:\/\/www.accuratereviews.com\/it\/"},{"@type":"ListItem","position":2,"name":"Strumenti SEO","item":"https:\/\/www.accuratereviews.com\/it\/strumenti-seo-lista-software\/"},{"@type":"ListItem","position":3,"name":"SEO PowerSuite"}]},{"@type":"WebSite","@id":"https:\/\/www.accuratereviews.com\/it\/#website","url":"https:\/\/www.accuratereviews.com\/it\/","name":"Accurate Reviews","description":"","potentialAction":[{"@type":"SearchAction","target":{"@type":"EntryPoint","urlTemplate":"https:\/\/www.accuratereviews.com\/it\/?s={search_term_string}"},"query-input":{"@type":"PropertyValueSpecification","valueRequired":true,"valueName":"search_term_string"}}],"inLanguage":"it-IT"}]}},"_links":{"self":[{"href":"https:\/\/www.accuratereviews.com\/it\/wp-json\/wp\/v2\/pages\/20088","targetHints":{"allow":["GET"]}}],"collection":[{"href":"https:\/\/www.accuratereviews.com\/it\/wp-json\/wp\/v2\/pages"}],"about":[{"href":"https:\/\/www.accuratereviews.com\/it\/wp-json\/wp\/v2\/types\/page"}],"author":[{"embeddable":true,"href":"https:\/\/www.accuratereviews.com\/it\/wp-json\/wp\/v2\/users\/17"}],"replies":[{"embeddable":true,"href":"https:\/\/www.accuratereviews.com\/it\/wp-json\/wp\/v2\/comments?post=20088"}],"version-history":[{"count":5,"href":"https:\/\/www.accuratereviews.com\/it\/wp-json\/wp\/v2\/pages\/20088\/revisions"}],"predecessor-version":[{"id":49903,"href":"https:\/\/www.accuratereviews.com\/it\/wp-json\/wp\/v2\/pages\/20088\/revisions\/49903"}],"up":[{"embeddable":true,"href":"https:\/\/www.accuratereviews.com\/it\/wp-json\/wp\/v2\/pages\/8849"}],"wp:featuredmedia":[{"embeddable":true,"href":"https:\/\/www.accuratereviews.com\/it\/wp-json\/wp\/v2\/media\/20085"}],"wp:attachment":[{"href":"https:\/\/www.accuratereviews.com\/it\/wp-json\/wp\/v2\/media?parent=20088"}],"wp:term":[{"taxonomy":"category","embeddable":true,"href":"https:\/\/www.accuratereviews.com\/it\/wp-json\/wp\/v2\/categories?post=20088"},{"taxonomy":"post_tag","embeddable":true,"href":"https:\/\/www.accuratereviews.com\/it\/wp-json\/wp\/v2\/tags?post=20088"},{"taxonomy":"features","embeddable":true,"href":"https:\/\/www.accuratereviews.com\/it\/wp-json\/wp\/v2\/features?post=20088"}],"curies":[{"name":"wp","href":"https:\/\/api.w.org\/{rel}","templated":true}]}}