{"id":20095,"date":"2019-11-12T14:53:05","date_gmt":"2019-11-12T14:53:05","guid":{"rendered":"https:\/\/www.accuratereviews.com\/?page_id=20095"},"modified":"2021-11-12T08:38:27","modified_gmt":"2021-11-12T08:38:27","slug":"siteguru-recensione","status":"publish","type":"page","link":"https:\/\/www.accuratereviews.com\/it\/strumenti-seo-lista-software\/siteguru-recensione\/","title":{"rendered":"Siteguru"},"content":{"rendered":"<div>\n<div><strong>Siteguru<\/strong> \u00e8 uno <strong>strumento SEO<\/strong> che ti permette di controllare e analizzare il tuo sito web in modo da poter apportare modifiche e miglioramenti. Monitorando l\u2019andamento del tuo sito, delle tue pagine, dei tuoi contenuti (titoli, meta descrizioni, tag ecc.), si riesce ad ottimizzarlo <strong>a livello SEO<\/strong> in modo tale che appaia in cima nei motori di ricerca. \u00c8 l\u2019ideale per le <strong>agenzie di marketing<\/strong> poich\u00e9 consente loro di rimanere in contatto con i proprio clienti e colleghi grazie all\u2019utilizzo di report semplici e intuitivi.\u00a0<strong>Siteguru<\/strong> ti aiuta a trovare i problemi che stanno danneggiando le tue classifiche e ti aiuta soprattutto a risolverli.<\/div>\n<\/div>\n<h2>COME UTILIZZARE SITEGURU &#8211; TUTORIAL<\/h2>\n<p>Diamo uno sguardo a questo breve video per comprendere qualcosa di pi\u00f9 riguardo a questo programma:<\/p>\n<div id=\"fluid-wrapper-counter-1\" class=\"g1-fluid-wrapper \" style=\"width:686px;\"><div style=\"padding-bottom:56.268221574344%;\"><iframe loading=\"lazy\" title=\"SiteGuru Demo\" width=\"686\" height=\"386\" src=\"https:\/\/www.youtube.com\/embed\/2sYqeYL0N7M?feature=oembed&amp;wmode=transparent&amp;autohide=1&amp;autoplay=0&amp;disablekb=0&amp;fs=1&amp;loop=0&amp;enablejsapi=1&amp;rel=0&amp;controls=2&amp;showinfo=0&amp;wmode=transparent&amp;autohide=2&amp;autoplay=0&amp;disablekb=0&amp;fs=1&amp;loop=0&amp;enablejsapi=1&amp;rel=0&amp;controls=2&amp;showinfo=1\" frameborder=\"0\" allow=\"accelerometer; autoplay; clipboard-write; encrypted-media; gyroscope; picture-in-picture\" allowfullscreen><\/iframe><\/div><\/div>\n<h3>SITEGURU &#8211; CARATTERISTICHE<\/h3>\n<div>\n<div>Ecco le sue principali caratteristiche:<\/div>\n<ul>\n<li><strong>Avvisi via email<\/strong>: dimentica l\u2019ansia di controllare ogni giorno l\u2019andamento del tuo sito perch\u00e9 SIteguru lo far\u00e0 per te e ti mander\u00e0 degli avvisi nel caso in cui qualcosa non stia andando bene<\/li>\n<li><strong>Scansione automatizzata<\/strong>: Siteguru effettua la scansione del tuo sito e indicizza le tue pagine cos\u00ec non dovrai pensare proprio a nulla<\/li>\n<li><strong>Controllo di link non funzionanti<\/strong>: verrai informato ogni qualvolta ci saranno dei collegamenti interrotti cos\u00ec da riattivarli subito<\/li>\n<li><strong>Informazioni sulla qualit\u00e0 della pagina<\/strong>: scopri i problemi sulla tua pagina e scopri come risolverli e migliorare le tue classifiche<\/li>\n<li><strong>Condivisione dei report<\/strong>: invita il tuo team, sviluppatori, marcatori di contenuti e clienti a visualizzare i tuoi report<\/li>\n<li><strong>Supporto clienti<\/strong>: affidati al supporto clienti, sempre disponibile a risolvere ogni tuo problema o dubbio<\/li>\n<\/ul>\n<h3>LE RECENSIONI DEGLI UTENTI:<\/h3>\n<div>\n<ul>\n<li><strong>&#8220;Il mio strumento preferito per la creazione di un nuovo sito Web&#8221;<br \/>\n<\/strong>PRO: Tra tutti gli strumenti relativi alla SEO che ho provato, questo \u00e8 uno dei pi\u00f9 intuitivi. Ha un&#8217;interfaccia utente pulita e semplice ed \u00e8 molto facile da usare. Fornisce report accurati e adoro il modo in cui il feedback che fornisce \u00e8 attuabile e ti da rendimenti immediati in termini di ottimizzazione e prestazioni.<br \/>\nCONTRO: ha ancora alcuni bug, anche se molto minori. Il supporto clienti \u00e8 sempre stato fantastico nella mia esperienza, quindi questo non \u00e8 davvero un problema.<\/li>\n<li><strong>&#8220;Prodotto super facile da usare, ha reso veloce l&#8217;installazione e l&#8217;avvio.&#8221;<br \/>\n<\/strong>PRO: La semplicit\u00e0 di esso. Per iniziare non sono servite un milione di chiamate all&#8217;assistenza clienti. Probabilmente avrei potuto farlo fare da stagista senza problemi.<br \/>\nCONTRO: il costo. \u00c8 un po\u2019 costoso, ma alla fine stai pagando per la facilit\u00e0 d&#8217;uso, immagino. Se ci\u00f2 significa pi\u00f9 tempo impiegato a lavorare e meno tempo dedicato all&#8217;installazione\/impostazione, sono d&#8217;accordo con il costo.<\/li>\n<li><strong>&#8220;\u00c8 stato utile&#8221;<br \/>\n<\/strong>IN GENERALE: abbiamo apprezzato la facilit\u00e0 d&#8217;uso.<br \/>\nPRO: Questo software \u00e8 stato facile da usare ed \u00e8 stata la cosa che mi \u00e8 piaciuta di pi\u00f9 del prodotto. La facilit\u00e0 d&#8217;uso \u00e8 una funzionalit\u00e0 molto importante per un team come il nostro e, essendo estremamente semplice, il nostro team ha ritenuto che fosse il pi\u00f9 positivo. Ci \u00e8 piaciuto molto.<br \/>\nCONTRO: Il costo di questo software \u00e8 stato quello che mi \u00e8 piaciuto di meno. Sentivo che era un po\u2019 caro e l\u00ec non mi piaceva quell\u2019aspetto.<\/li>\n<\/ul>\n<\/div>\n<\/div>\n","protected":false},"excerpt":{"rendered":"<p>Siteguru \u00e8 uno strumento SEO che ti permette di controllare e analizzare il tuo sito web in modo da poter apportare modifiche e miglioramenti. Monitorando l\u2019andamento del tuo sito, delle tue pagine, dei tuoi contenuti (titoli, meta descrizioni, tag ecc.), si riesce ad ottimizzarlo a livello SEO in modo tale che appaia in cima nei motori di ricerca.<\/p>\n","protected":false},"author":17,"featured_media":20096,"parent":8849,"menu_order":0,"comment_status":"open","ping_status":"closed","template":"g1_template_page_review_new.php","meta":{"_acf_changed":false,"cwp_meta_box_check":"Yes","cwp_rev_product_name":"","cwp_rev_product_image":"","wppr_links":[],"cwp_rev_price":"","wppr_options":[],"wppr_pros":[],"wppr_cons":[],"_monsterinsights_skip_tracking":false,"_monsterinsights_sitenote_active":false,"_monsterinsights_sitenote_note":"","_monsterinsights_sitenote_category":0,"footnotes":""},"categories":[175],"tags":[1401,1431,901,1398],"features":[],"class_list":{"0":"post-20095","1":"page","2":"type-page","3":"status-publish","4":"has-post-thumbnail","6":"category-strumenti-seo-categoria","7":"tag-analisi-seo","8":"tag-ottimizzazione-seo","9":"tag-seo","10":"tag-seo-software"},"wppr_data":{"cwp_meta_box_check":"Yes","cwp_rev_product_name":"","cwp_rev_product_image":"","cwp_image_link":"image","cwp_rev_price":"","wppr_rating":"0.00"},"acf":[],"yoast_head":"<!-- This site is optimized with the Yoast SEO plugin v27.4 - https:\/\/yoast.com\/product\/yoast-seo-wordpress\/ -->\n<title>Siteguru: recensione strumento SEO - Accurate Reviews<\/title>\n<meta name=\"description\" content=\"Siteguru: recensione dello strumento SEO che ti permette di controllare e analizzare il tuo sito web in modo da poter apportare modifiche e miglioramenti.\" \/>\n<meta name=\"robots\" content=\"index, follow, max-snippet:-1, max-image-preview:large, max-video-preview:-1\" \/>\n<link rel=\"canonical\" href=\"https:\/\/www.accuratereviews.com\/it\/strumenti-seo-lista-software\/siteguru-recensione\/\" \/>\n<meta property=\"og:locale\" content=\"it_IT\" \/>\n<meta property=\"og:type\" content=\"article\" \/>\n<meta property=\"og:title\" content=\"Siteguru: recensione strumento SEO - Accurate Reviews\" \/>\n<meta property=\"og:description\" content=\"Siteguru: recensione dello strumento SEO che ti permette di controllare e analizzare il tuo sito web in modo da poter apportare modifiche e miglioramenti.\" \/>\n<meta property=\"og:url\" content=\"https:\/\/www.accuratereviews.com\/it\/strumenti-seo-lista-software\/siteguru-recensione\/\" \/>\n<meta property=\"og:site_name\" content=\"Accurate Reviews\" \/>\n<meta property=\"article:modified_time\" content=\"2021-11-12T08:38:27+00:00\" \/>\n<meta property=\"og:image\" content=\"https:\/\/www.accuratereviews.com\/wp-content\/uploads\/2019\/11\/download-1.png\" \/>\n\t<meta property=\"og:image:width\" content=\"300\" \/>\n\t<meta property=\"og:image:height\" content=\"168\" \/>\n\t<meta property=\"og:image:type\" content=\"image\/png\" \/>\n<meta name=\"twitter:card\" content=\"summary_large_image\" \/>\n<meta name=\"twitter:label1\" content=\"Tempo di lettura stimato\" \/>\n\t<meta name=\"twitter:data1\" content=\"3 minuti\" \/>\n<script type=\"application\/ld+json\" class=\"yoast-schema-graph\">{\"@context\":\"https:\\\/\\\/schema.org\",\"@graph\":[{\"@type\":\"WebPage\",\"@id\":\"https:\\\/\\\/www.accuratereviews.com\\\/it\\\/strumenti-seo-lista-software\\\/siteguru-recensione\\\/\",\"url\":\"https:\\\/\\\/www.accuratereviews.com\\\/it\\\/strumenti-seo-lista-software\\\/siteguru-recensione\\\/\",\"name\":\"Siteguru: recensione strumento SEO - Accurate Reviews\",\"isPartOf\":{\"@id\":\"https:\\\/\\\/www.accuratereviews.com\\\/it\\\/#website\"},\"primaryImageOfPage\":{\"@id\":\"https:\\\/\\\/www.accuratereviews.com\\\/it\\\/strumenti-seo-lista-software\\\/siteguru-recensione\\\/#primaryimage\"},\"image\":{\"@id\":\"https:\\\/\\\/www.accuratereviews.com\\\/it\\\/strumenti-seo-lista-software\\\/siteguru-recensione\\\/#primaryimage\"},\"thumbnailUrl\":\"https:\\\/\\\/www.accuratereviews.com\\\/wp-content\\\/uploads\\\/2019\\\/11\\\/download-1.png\",\"datePublished\":\"2019-11-12T14:53:05+00:00\",\"dateModified\":\"2021-11-12T08:38:27+00:00\",\"description\":\"Siteguru: recensione dello strumento SEO che ti permette di controllare e analizzare il tuo sito web in modo da poter apportare modifiche e miglioramenti.\",\"breadcrumb\":{\"@id\":\"https:\\\/\\\/www.accuratereviews.com\\\/it\\\/strumenti-seo-lista-software\\\/siteguru-recensione\\\/#breadcrumb\"},\"inLanguage\":\"it-IT\",\"potentialAction\":[{\"@type\":\"ReadAction\",\"target\":[\"https:\\\/\\\/www.accuratereviews.com\\\/it\\\/strumenti-seo-lista-software\\\/siteguru-recensione\\\/\"]}]},{\"@type\":\"ImageObject\",\"inLanguage\":\"it-IT\",\"@id\":\"https:\\\/\\\/www.accuratereviews.com\\\/it\\\/strumenti-seo-lista-software\\\/siteguru-recensione\\\/#primaryimage\",\"url\":\"https:\\\/\\\/www.accuratereviews.com\\\/wp-content\\\/uploads\\\/2019\\\/11\\\/download-1.png\",\"contentUrl\":\"https:\\\/\\\/www.accuratereviews.com\\\/wp-content\\\/uploads\\\/2019\\\/11\\\/download-1.png\",\"width\":300,\"height\":168},{\"@type\":\"BreadcrumbList\",\"@id\":\"https:\\\/\\\/www.accuratereviews.com\\\/it\\\/strumenti-seo-lista-software\\\/siteguru-recensione\\\/#breadcrumb\",\"itemListElement\":[{\"@type\":\"ListItem\",\"position\":1,\"name\":\"Home\",\"item\":\"https:\\\/\\\/www.accuratereviews.com\\\/it\\\/\"},{\"@type\":\"ListItem\",\"position\":2,\"name\":\"Strumenti SEO\",\"item\":\"https:\\\/\\\/www.accuratereviews.com\\\/it\\\/strumenti-seo-lista-software\\\/\"},{\"@type\":\"ListItem\",\"position\":3,\"name\":\"Siteguru\"}]},{\"@type\":\"WebSite\",\"@id\":\"https:\\\/\\\/www.accuratereviews.com\\\/it\\\/#website\",\"url\":\"https:\\\/\\\/www.accuratereviews.com\\\/it\\\/\",\"name\":\"Accurate Reviews\",\"description\":\"\",\"potentialAction\":[{\"@type\":\"SearchAction\",\"target\":{\"@type\":\"EntryPoint\",\"urlTemplate\":\"https:\\\/\\\/www.accuratereviews.com\\\/it\\\/?s={search_term_string}\"},\"query-input\":{\"@type\":\"PropertyValueSpecification\",\"valueRequired\":true,\"valueName\":\"search_term_string\"}}],\"inLanguage\":\"it-IT\"}]}<\/script>\n<!-- \/ Yoast SEO plugin. -->","yoast_head_json":{"title":"Siteguru: recensione strumento SEO - Accurate Reviews","description":"Siteguru: recensione dello strumento SEO che ti permette di controllare e analizzare il tuo sito web in modo da poter apportare modifiche e miglioramenti.","robots":{"index":"index","follow":"follow","max-snippet":"max-snippet:-1","max-image-preview":"max-image-preview:large","max-video-preview":"max-video-preview:-1"},"canonical":"https:\/\/www.accuratereviews.com\/it\/strumenti-seo-lista-software\/siteguru-recensione\/","og_locale":"it_IT","og_type":"article","og_title":"Siteguru: recensione strumento SEO - Accurate Reviews","og_description":"Siteguru: recensione dello strumento SEO che ti permette di controllare e analizzare il tuo sito web in modo da poter apportare modifiche e miglioramenti.","og_url":"https:\/\/www.accuratereviews.com\/it\/strumenti-seo-lista-software\/siteguru-recensione\/","og_site_name":"Accurate Reviews","article_modified_time":"2021-11-12T08:38:27+00:00","og_image":[{"width":300,"height":168,"url":"https:\/\/www.accuratereviews.com\/wp-content\/uploads\/2019\/11\/download-1.png","type":"image\/png"}],"twitter_card":"summary_large_image","twitter_misc":{"Tempo di lettura stimato":"3 minuti"},"schema":{"@context":"https:\/\/schema.org","@graph":[{"@type":"WebPage","@id":"https:\/\/www.accuratereviews.com\/it\/strumenti-seo-lista-software\/siteguru-recensione\/","url":"https:\/\/www.accuratereviews.com\/it\/strumenti-seo-lista-software\/siteguru-recensione\/","name":"Siteguru: recensione strumento SEO - Accurate Reviews","isPartOf":{"@id":"https:\/\/www.accuratereviews.com\/it\/#website"},"primaryImageOfPage":{"@id":"https:\/\/www.accuratereviews.com\/it\/strumenti-seo-lista-software\/siteguru-recensione\/#primaryimage"},"image":{"@id":"https:\/\/www.accuratereviews.com\/it\/strumenti-seo-lista-software\/siteguru-recensione\/#primaryimage"},"thumbnailUrl":"https:\/\/www.accuratereviews.com\/wp-content\/uploads\/2019\/11\/download-1.png","datePublished":"2019-11-12T14:53:05+00:00","dateModified":"2021-11-12T08:38:27+00:00","description":"Siteguru: recensione dello strumento SEO che ti permette di controllare e analizzare il tuo sito web in modo da poter apportare modifiche e miglioramenti.","breadcrumb":{"@id":"https:\/\/www.accuratereviews.com\/it\/strumenti-seo-lista-software\/siteguru-recensione\/#breadcrumb"},"inLanguage":"it-IT","potentialAction":[{"@type":"ReadAction","target":["https:\/\/www.accuratereviews.com\/it\/strumenti-seo-lista-software\/siteguru-recensione\/"]}]},{"@type":"ImageObject","inLanguage":"it-IT","@id":"https:\/\/www.accuratereviews.com\/it\/strumenti-seo-lista-software\/siteguru-recensione\/#primaryimage","url":"https:\/\/www.accuratereviews.com\/wp-content\/uploads\/2019\/11\/download-1.png","contentUrl":"https:\/\/www.accuratereviews.com\/wp-content\/uploads\/2019\/11\/download-1.png","width":300,"height":168},{"@type":"BreadcrumbList","@id":"https:\/\/www.accuratereviews.com\/it\/strumenti-seo-lista-software\/siteguru-recensione\/#breadcrumb","itemListElement":[{"@type":"ListItem","position":1,"name":"Home","item":"https:\/\/www.accuratereviews.com\/it\/"},{"@type":"ListItem","position":2,"name":"Strumenti SEO","item":"https:\/\/www.accuratereviews.com\/it\/strumenti-seo-lista-software\/"},{"@type":"ListItem","position":3,"name":"Siteguru"}]},{"@type":"WebSite","@id":"https:\/\/www.accuratereviews.com\/it\/#website","url":"https:\/\/www.accuratereviews.com\/it\/","name":"Accurate Reviews","description":"","potentialAction":[{"@type":"SearchAction","target":{"@type":"EntryPoint","urlTemplate":"https:\/\/www.accuratereviews.com\/it\/?s={search_term_string}"},"query-input":{"@type":"PropertyValueSpecification","valueRequired":true,"valueName":"search_term_string"}}],"inLanguage":"it-IT"}]}},"_links":{"self":[{"href":"https:\/\/www.accuratereviews.com\/it\/wp-json\/wp\/v2\/pages\/20095","targetHints":{"allow":["GET"]}}],"collection":[{"href":"https:\/\/www.accuratereviews.com\/it\/wp-json\/wp\/v2\/pages"}],"about":[{"href":"https:\/\/www.accuratereviews.com\/it\/wp-json\/wp\/v2\/types\/page"}],"author":[{"embeddable":true,"href":"https:\/\/www.accuratereviews.com\/it\/wp-json\/wp\/v2\/users\/17"}],"replies":[{"embeddable":true,"href":"https:\/\/www.accuratereviews.com\/it\/wp-json\/wp\/v2\/comments?post=20095"}],"version-history":[{"count":3,"href":"https:\/\/www.accuratereviews.com\/it\/wp-json\/wp\/v2\/pages\/20095\/revisions"}],"predecessor-version":[{"id":49887,"href":"https:\/\/www.accuratereviews.com\/it\/wp-json\/wp\/v2\/pages\/20095\/revisions\/49887"}],"up":[{"embeddable":true,"href":"https:\/\/www.accuratereviews.com\/it\/wp-json\/wp\/v2\/pages\/8849"}],"wp:featuredmedia":[{"embeddable":true,"href":"https:\/\/www.accuratereviews.com\/it\/wp-json\/wp\/v2\/media\/20096"}],"wp:attachment":[{"href":"https:\/\/www.accuratereviews.com\/it\/wp-json\/wp\/v2\/media?parent=20095"}],"wp:term":[{"taxonomy":"category","embeddable":true,"href":"https:\/\/www.accuratereviews.com\/it\/wp-json\/wp\/v2\/categories?post=20095"},{"taxonomy":"post_tag","embeddable":true,"href":"https:\/\/www.accuratereviews.com\/it\/wp-json\/wp\/v2\/tags?post=20095"},{"taxonomy":"features","embeddable":true,"href":"https:\/\/www.accuratereviews.com\/it\/wp-json\/wp\/v2\/features?post=20095"}],"curies":[{"name":"wp","href":"https:\/\/api.w.org\/{rel}","templated":true}]}}