{"id":20107,"date":"2019-11-13T14:48:38","date_gmt":"2019-11-13T14:48:38","guid":{"rendered":"https:\/\/www.accuratereviews.com\/?page_id=20107"},"modified":"2021-11-10T10:54:43","modified_gmt":"2021-11-10T10:54:43","slug":"botify-recensione","status":"publish","type":"page","link":"https:\/\/www.accuratereviews.com\/it\/strumenti-seo-lista-software\/botify-recensione\/","title":{"rendered":"Botify"},"content":{"rendered":"<p><strong>Botify<\/strong> \u00e8 la prima suite unificata di <strong>applicazioni SEO<\/strong> che assiste gli stakeholderin ogni fase del processo di ricerca, tra cui SEO tecnico, contenuto e parole chiave.\u00a0Spesso definita dai clienti come la &#8220;versione avanzata di Google Search Console&#8221;, <strong>Botify<\/strong> fornisce agli stakeholder SEO i dati, gli strumenti e la diagnostica necessari per creare e mantenere risorse digitali di alta qualit\u00e0 per i motori di ricerca.\u00a0Come nuovo standard nell&#8217;analitica di ricerca, Botify \u00e8 ora utilizzato da centinaia di aziende internazionali leader in vari settori tra cui e-travel (Expedia, Luxury Retreats, Odigeo), e-commerce (Jet.com, Macy&#8217;s, Farfetch, Zalando), media (Axel Springer, Cond\u00e9 Nast, Refinery29), marketplace (eBay, RetailMeNot, Monster) e agenzie digitali (Merkle, iProspect, GroupM).<\/p>\n<h2>BOTIFY &#8211; TUTORIAL<\/h2>\n<p>Ecco un tutorial in cui si impara a usare questo <strong>software SEO<\/strong>:<\/p>\n<div id=\"fluid-wrapper-counter-1\" class=\"g1-fluid-wrapper \" style=\"width:686px;\">\n<div style=\"padding-bottom:56.268221574344%;\"><iframe loading=\"lazy\" title=\"Botify Ignite Teaser\" width=\"686\" height=\"386\" src=\"https:\/\/www.youtube.com\/embed\/Durm5IedOJs?feature=oembed&amp;wmode=transparent&amp;autohide=1&amp;autoplay=0&amp;disablekb=0&amp;fs=1&amp;loop=0&amp;enablejsapi=1&amp;rel=0&amp;controls=2&amp;showinfo=0&amp;wmode=transparent&amp;autohide=2&amp;autoplay=0&amp;disablekb=0&amp;fs=1&amp;loop=0&amp;enablejsapi=1&amp;rel=0&amp;controls=2&amp;showinfo=1\" frameborder=\"0\" allow=\"accelerometer; autoplay; clipboard-write; encrypted-media; gyroscope; picture-in-picture\" allowfullscreen><\/iframe><\/div>\n<\/div>\n<h3>BOTIFY &#8211; CARATTERISTICHE<\/h3>\n<ul>\n<li><strong>Automatizza l&#8217;analisi dei file di registro<\/strong>: ottieni i file di registro del tuo server automaticamente inseriti in una dashboard creata pensando ai SEO<\/li>\n<li><strong>Ricevi un avviso di scansione delle anomalie<\/strong>: ricevi le notifiche direttamente nella tua casella di posta non appena si verificano problemi di scansione<\/li>\n<li><strong>Qualit\u00e0 dei contenuti<\/strong>: metriche di contenuto avanzate come lunghezza, unicit\u00e0 e modifiche.<\/li>\n<li><strong>Una contabilit\u00e0 completa di ogni URL<\/strong>: valuta la struttura e il contenuto di ogni pagina su ogni versione del tuo sito web<\/li>\n<li><strong>Approfondimenti sulla ricerca in tempo reale<\/strong>: scopri da dove provengono i tuoi visitatori, quali dispositivi stanno utilizzando e quali argomenti stanno andando per la maggiore<\/li>\n<li><strong>Analisi del sito web<\/strong>: collega questo programma \u00a0all&#8217;analisi del tuo sito Web per vedere in che modo le modifiche SEO influiscono sul coinvolgimento degli utenti<\/li>\n<li><strong>Analizza le pagine &#8220;Attivo vs. Inattivo&#8221;<\/strong>: segmenta facilmente le pagine in base a chi ha avuto o meno visite negli ultimi 30 giorni<\/li>\n<li><strong>Collega i dati utente a qualsiasi indicatore SEO<\/strong>: scopri come la frequenza di scansione e la struttura della pagina sono correlate a visite, frequenza di rimbalzo e altro.<\/li>\n<\/ul>\n<h4>LE RECENSIONI DEGLI UTENTI<\/h4>\n<p><strong>Andrew B. &#8220;Ottima funzionalit\u00e0 del prodotto, servizio clienti scadente&#8221;<\/strong><\/p>\n<p><strong>Commenti<\/strong>: Botify offre un&#8217;ampia variet\u00e0 di funzionalit\u00e0 e reportistica nella sua piattaforma. Tuttavia, ci\u00f2 \u00e8 in qualche modo annullato dal fatto che uno scarso servizio clienti e supporto tecnico rendono difficile per il nostro team utilizzare lo strumento al massimo.<\/p>\n<p><strong>Vantaggi<\/strong>: Botify \u00e8 sorprendente in ci\u00f2 che offre. Praticamente qualsiasi metrica tecnica relativa alla SEO \u00e8 coperta nella piattaforma e fa anche la valutazione dei contenuti. La profondit\u00e0 del reporting \u00e8 ci\u00f2 che lo distingue dalle piattaforme che offrono un &#8220;controllo del sito&#8221; generale. Quello che mi piace davvero personalmente \u00e8 la possibilit\u00e0 di eseguire filtri dinamici su tutti gli URL. Mi piace anche il fatto che la maggior parte dei report si basa su segmenti che \u00e8 possibile creare, in modo che le visualizzazioni siano pi\u00f9 snelle e pi\u00f9 facili da impacchettare per gruppi operativi aziendali separati.<\/p>\n<p><strong>Inconvenienti<\/strong>: Botify non \u00e8 sicuramente il programma pi\u00f9 semplice da imparare e la curva di apprendimento per padroneggiare l&#8217;intera ampiezza della sua funzionalit\u00e0 \u00e8 faticosa. Ci\u00f2 non \u00e8 facilitato dal fatto che il loro servizio clienti \u00e8 scadente. Abbiamo un rappresentante dedicato (siamo una grande azienda) e dovremmo ricevere una sessione di formazione mensile. Tuttavia, il rappresentante non \u00e8 riuscito a mettersi in contatto e la nostra ultima sessione \u00e8 stata a giugno (siamo a settembre). Per quanto riguarda il software stesso, non ho lamentele, tranne che a volte pu\u00f2 essere ESTREMAMENTE lento e quasi inutilizzabile.<\/p>\n<p><strong>Juan ignacio G. &#8220;Incredibile strumento SEO, un po &#8216;caro&#8221;<\/strong><\/p>\n<p><strong>Commenti<\/strong>: Lavoro in un&#8217;importante agenzia che pu\u00f2 pagare mensilmente e la verit\u00e0 \u00e8 che \u00e8 molto comodo e semplice analizzare i siti e ottimizzarli con questo strumento.<\/p>\n<p><strong>Vantaggi<\/strong>: il crawl bot \u00e8 davvero molto buono; Ho usato altri strumenti di questo stile, ma il livello di dettaglio dell&#8217;analisi di questo strumento (oltre ad essere costante) \u00e8 molto professionale e completo.<br \/>\n\u00c8 ideale per il posizionamento di parole chiave longtail.<br \/>\nPer il breve periodo \u00e8 sul mercato penso che abbiano un futuro molto promettente se continuano su questa strada.<\/p>\n<p><strong>Inconvenienti<\/strong>: \u00e8 uno strumento costoso, soprattutto per le startup e le piccole agenzie che desiderano uno strumento che aggiunge valore al loro lavoro quotidiano.<br \/>\nIl canone mensile \u00e8 elevato, anche nel piano pi\u00f9 basso.<\/p>\n<p><strong>Grace H. &#8220;Social Media&#8221;<\/strong><\/p>\n<p><strong>Vantaggi<\/strong>: la cosa che mi piace di pi\u00f9 di questo software \u00e8 la disponibilit\u00e0 a creare bot per telegram<\/p>\n<p><strong>Inconvenienti<\/strong>: costoso<\/p>\n","protected":false},"excerpt":{"rendered":"<p>Botify \u00e8 la prima suite unificata di applicazioni SEO che assiste gli stakeholderin ogni fase del processo di ricerca, tra cui SEO tecnico, contenuto e parole chiave.\u00a0Spesso definita dai clienti come la &#8220;versione avanzata di Google Search Console&#8221;, Botify fornisce agli stakeholder SEO i dati, gli strumenti e la diagnostica necessari per creare e mantenere risorse digitali di alta qualit\u00e0 per i motori di ricerca.<\/p>\n","protected":false},"author":19,"featured_media":20108,"parent":8849,"menu_order":0,"comment_status":"open","ping_status":"closed","template":"g1_template_page_review_new.php","meta":{"_acf_changed":false,"cwp_meta_box_check":"Yes","cwp_rev_product_name":"","cwp_rev_product_image":"","wppr_links":[],"cwp_rev_price":"","wppr_options":[],"wppr_pros":[],"wppr_cons":[],"_monsterinsights_skip_tracking":false,"_monsterinsights_sitenote_active":false,"_monsterinsights_sitenote_note":"","_monsterinsights_sitenote_category":0,"footnotes":""},"categories":[175],"tags":[1465,1421,1408,1420,1417,1419],"features":[],"class_list":{"0":"post-20107","1":"page","2":"type-page","3":"status-publish","4":"has-post-thumbnail","6":"category-strumenti-seo-categoria","7":"tag-botify","8":"tag-programma-seo","9":"tag-rapporti-seo","10":"tag-software-seo","11":"tag-soluzione-seo","12":"tag-strumento-seo"},"wppr_data":{"cwp_meta_box_check":"Yes","cwp_rev_product_name":"","cwp_rev_product_image":"","cwp_image_link":"image","cwp_rev_price":"","wppr_rating":"0.00"},"acf":[],"yoast_head":"<!-- This site is optimized with the Yoast SEO plugin v27.4 - https:\/\/yoast.com\/product\/yoast-seo-wordpress\/ -->\n<title>Botify: recensione software SEO - Accurate Reviews<\/title>\n<meta name=\"description\" content=\"Botify: recensione software SEO che assiste gli stakeholderin ogni fase del processo di ricerca, tra cui SEO tecnico, contenuto e parole chiave.\" \/>\n<meta name=\"robots\" content=\"index, follow, max-snippet:-1, max-image-preview:large, max-video-preview:-1\" \/>\n<link rel=\"canonical\" href=\"https:\/\/www.accuratereviews.com\/it\/strumenti-seo-lista-software\/botify-recensione\/\" \/>\n<meta property=\"og:locale\" content=\"it_IT\" \/>\n<meta property=\"og:type\" content=\"article\" \/>\n<meta property=\"og:title\" content=\"Botify: recensione software SEO - Accurate Reviews\" \/>\n<meta property=\"og:description\" content=\"Botify: recensione software SEO che assiste gli stakeholderin ogni fase del processo di ricerca, tra cui SEO tecnico, contenuto e parole chiave.\" \/>\n<meta property=\"og:url\" content=\"https:\/\/www.accuratereviews.com\/it\/strumenti-seo-lista-software\/botify-recensione\/\" \/>\n<meta property=\"og:site_name\" content=\"Accurate Reviews\" \/>\n<meta property=\"article:modified_time\" content=\"2021-11-10T10:54:43+00:00\" \/>\n<meta property=\"og:image\" content=\"https:\/\/www.accuratereviews.com\/wp-content\/uploads\/2019\/11\/botify.png\" \/>\n\t<meta property=\"og:image:width\" content=\"1231\" \/>\n\t<meta property=\"og:image:height\" content=\"584\" \/>\n\t<meta property=\"og:image:type\" content=\"image\/png\" \/>\n<meta name=\"twitter:card\" content=\"summary_large_image\" \/>\n<meta name=\"twitter:label1\" content=\"Tempo di lettura stimato\" \/>\n\t<meta name=\"twitter:data1\" content=\"4 minuti\" \/>\n<script type=\"application\/ld+json\" class=\"yoast-schema-graph\">{\"@context\":\"https:\\\/\\\/schema.org\",\"@graph\":[{\"@type\":\"WebPage\",\"@id\":\"https:\\\/\\\/www.accuratereviews.com\\\/it\\\/strumenti-seo-lista-software\\\/botify-recensione\\\/\",\"url\":\"https:\\\/\\\/www.accuratereviews.com\\\/it\\\/strumenti-seo-lista-software\\\/botify-recensione\\\/\",\"name\":\"Botify: recensione software SEO - Accurate Reviews\",\"isPartOf\":{\"@id\":\"https:\\\/\\\/www.accuratereviews.com\\\/it\\\/#website\"},\"primaryImageOfPage\":{\"@id\":\"https:\\\/\\\/www.accuratereviews.com\\\/it\\\/strumenti-seo-lista-software\\\/botify-recensione\\\/#primaryimage\"},\"image\":{\"@id\":\"https:\\\/\\\/www.accuratereviews.com\\\/it\\\/strumenti-seo-lista-software\\\/botify-recensione\\\/#primaryimage\"},\"thumbnailUrl\":\"https:\\\/\\\/www.accuratereviews.com\\\/wp-content\\\/uploads\\\/2019\\\/11\\\/botify.png\",\"datePublished\":\"2019-11-13T14:48:38+00:00\",\"dateModified\":\"2021-11-10T10:54:43+00:00\",\"description\":\"Botify: recensione software SEO che assiste gli stakeholderin ogni fase del processo di ricerca, tra cui SEO tecnico, contenuto e parole chiave.\",\"breadcrumb\":{\"@id\":\"https:\\\/\\\/www.accuratereviews.com\\\/it\\\/strumenti-seo-lista-software\\\/botify-recensione\\\/#breadcrumb\"},\"inLanguage\":\"it-IT\",\"potentialAction\":[{\"@type\":\"ReadAction\",\"target\":[\"https:\\\/\\\/www.accuratereviews.com\\\/it\\\/strumenti-seo-lista-software\\\/botify-recensione\\\/\"]}]},{\"@type\":\"ImageObject\",\"inLanguage\":\"it-IT\",\"@id\":\"https:\\\/\\\/www.accuratereviews.com\\\/it\\\/strumenti-seo-lista-software\\\/botify-recensione\\\/#primaryimage\",\"url\":\"https:\\\/\\\/www.accuratereviews.com\\\/wp-content\\\/uploads\\\/2019\\\/11\\\/botify.png\",\"contentUrl\":\"https:\\\/\\\/www.accuratereviews.com\\\/wp-content\\\/uploads\\\/2019\\\/11\\\/botify.png\",\"width\":1231,\"height\":584},{\"@type\":\"BreadcrumbList\",\"@id\":\"https:\\\/\\\/www.accuratereviews.com\\\/it\\\/strumenti-seo-lista-software\\\/botify-recensione\\\/#breadcrumb\",\"itemListElement\":[{\"@type\":\"ListItem\",\"position\":1,\"name\":\"Home\",\"item\":\"https:\\\/\\\/www.accuratereviews.com\\\/it\\\/\"},{\"@type\":\"ListItem\",\"position\":2,\"name\":\"Strumenti SEO\",\"item\":\"https:\\\/\\\/www.accuratereviews.com\\\/it\\\/strumenti-seo-lista-software\\\/\"},{\"@type\":\"ListItem\",\"position\":3,\"name\":\"Botify\"}]},{\"@type\":\"WebSite\",\"@id\":\"https:\\\/\\\/www.accuratereviews.com\\\/it\\\/#website\",\"url\":\"https:\\\/\\\/www.accuratereviews.com\\\/it\\\/\",\"name\":\"Accurate Reviews\",\"description\":\"\",\"potentialAction\":[{\"@type\":\"SearchAction\",\"target\":{\"@type\":\"EntryPoint\",\"urlTemplate\":\"https:\\\/\\\/www.accuratereviews.com\\\/it\\\/?s={search_term_string}\"},\"query-input\":{\"@type\":\"PropertyValueSpecification\",\"valueRequired\":true,\"valueName\":\"search_term_string\"}}],\"inLanguage\":\"it-IT\"}]}<\/script>\n<!-- \/ Yoast SEO plugin. -->","yoast_head_json":{"title":"Botify: recensione software SEO - Accurate Reviews","description":"Botify: recensione software SEO che assiste gli stakeholderin ogni fase del processo di ricerca, tra cui SEO tecnico, contenuto e parole chiave.","robots":{"index":"index","follow":"follow","max-snippet":"max-snippet:-1","max-image-preview":"max-image-preview:large","max-video-preview":"max-video-preview:-1"},"canonical":"https:\/\/www.accuratereviews.com\/it\/strumenti-seo-lista-software\/botify-recensione\/","og_locale":"it_IT","og_type":"article","og_title":"Botify: recensione software SEO - Accurate Reviews","og_description":"Botify: recensione software SEO che assiste gli stakeholderin ogni fase del processo di ricerca, tra cui SEO tecnico, contenuto e parole chiave.","og_url":"https:\/\/www.accuratereviews.com\/it\/strumenti-seo-lista-software\/botify-recensione\/","og_site_name":"Accurate Reviews","article_modified_time":"2021-11-10T10:54:43+00:00","og_image":[{"width":1231,"height":584,"url":"https:\/\/www.accuratereviews.com\/wp-content\/uploads\/2019\/11\/botify.png","type":"image\/png"}],"twitter_card":"summary_large_image","twitter_misc":{"Tempo di lettura stimato":"4 minuti"},"schema":{"@context":"https:\/\/schema.org","@graph":[{"@type":"WebPage","@id":"https:\/\/www.accuratereviews.com\/it\/strumenti-seo-lista-software\/botify-recensione\/","url":"https:\/\/www.accuratereviews.com\/it\/strumenti-seo-lista-software\/botify-recensione\/","name":"Botify: recensione software SEO - Accurate Reviews","isPartOf":{"@id":"https:\/\/www.accuratereviews.com\/it\/#website"},"primaryImageOfPage":{"@id":"https:\/\/www.accuratereviews.com\/it\/strumenti-seo-lista-software\/botify-recensione\/#primaryimage"},"image":{"@id":"https:\/\/www.accuratereviews.com\/it\/strumenti-seo-lista-software\/botify-recensione\/#primaryimage"},"thumbnailUrl":"https:\/\/www.accuratereviews.com\/wp-content\/uploads\/2019\/11\/botify.png","datePublished":"2019-11-13T14:48:38+00:00","dateModified":"2021-11-10T10:54:43+00:00","description":"Botify: recensione software SEO che assiste gli stakeholderin ogni fase del processo di ricerca, tra cui SEO tecnico, contenuto e parole chiave.","breadcrumb":{"@id":"https:\/\/www.accuratereviews.com\/it\/strumenti-seo-lista-software\/botify-recensione\/#breadcrumb"},"inLanguage":"it-IT","potentialAction":[{"@type":"ReadAction","target":["https:\/\/www.accuratereviews.com\/it\/strumenti-seo-lista-software\/botify-recensione\/"]}]},{"@type":"ImageObject","inLanguage":"it-IT","@id":"https:\/\/www.accuratereviews.com\/it\/strumenti-seo-lista-software\/botify-recensione\/#primaryimage","url":"https:\/\/www.accuratereviews.com\/wp-content\/uploads\/2019\/11\/botify.png","contentUrl":"https:\/\/www.accuratereviews.com\/wp-content\/uploads\/2019\/11\/botify.png","width":1231,"height":584},{"@type":"BreadcrumbList","@id":"https:\/\/www.accuratereviews.com\/it\/strumenti-seo-lista-software\/botify-recensione\/#breadcrumb","itemListElement":[{"@type":"ListItem","position":1,"name":"Home","item":"https:\/\/www.accuratereviews.com\/it\/"},{"@type":"ListItem","position":2,"name":"Strumenti SEO","item":"https:\/\/www.accuratereviews.com\/it\/strumenti-seo-lista-software\/"},{"@type":"ListItem","position":3,"name":"Botify"}]},{"@type":"WebSite","@id":"https:\/\/www.accuratereviews.com\/it\/#website","url":"https:\/\/www.accuratereviews.com\/it\/","name":"Accurate Reviews","description":"","potentialAction":[{"@type":"SearchAction","target":{"@type":"EntryPoint","urlTemplate":"https:\/\/www.accuratereviews.com\/it\/?s={search_term_string}"},"query-input":{"@type":"PropertyValueSpecification","valueRequired":true,"valueName":"search_term_string"}}],"inLanguage":"it-IT"}]}},"_links":{"self":[{"href":"https:\/\/www.accuratereviews.com\/it\/wp-json\/wp\/v2\/pages\/20107","targetHints":{"allow":["GET"]}}],"collection":[{"href":"https:\/\/www.accuratereviews.com\/it\/wp-json\/wp\/v2\/pages"}],"about":[{"href":"https:\/\/www.accuratereviews.com\/it\/wp-json\/wp\/v2\/types\/page"}],"author":[{"embeddable":true,"href":"https:\/\/www.accuratereviews.com\/it\/wp-json\/wp\/v2\/users\/19"}],"replies":[{"embeddable":true,"href":"https:\/\/www.accuratereviews.com\/it\/wp-json\/wp\/v2\/comments?post=20107"}],"version-history":[{"count":12,"href":"https:\/\/www.accuratereviews.com\/it\/wp-json\/wp\/v2\/pages\/20107\/revisions"}],"predecessor-version":[{"id":49722,"href":"https:\/\/www.accuratereviews.com\/it\/wp-json\/wp\/v2\/pages\/20107\/revisions\/49722"}],"up":[{"embeddable":true,"href":"https:\/\/www.accuratereviews.com\/it\/wp-json\/wp\/v2\/pages\/8849"}],"wp:featuredmedia":[{"embeddable":true,"href":"https:\/\/www.accuratereviews.com\/it\/wp-json\/wp\/v2\/media\/20108"}],"wp:attachment":[{"href":"https:\/\/www.accuratereviews.com\/it\/wp-json\/wp\/v2\/media?parent=20107"}],"wp:term":[{"taxonomy":"category","embeddable":true,"href":"https:\/\/www.accuratereviews.com\/it\/wp-json\/wp\/v2\/categories?post=20107"},{"taxonomy":"post_tag","embeddable":true,"href":"https:\/\/www.accuratereviews.com\/it\/wp-json\/wp\/v2\/tags?post=20107"},{"taxonomy":"features","embeddable":true,"href":"https:\/\/www.accuratereviews.com\/it\/wp-json\/wp\/v2\/features?post=20107"}],"curies":[{"name":"wp","href":"https:\/\/api.w.org\/{rel}","templated":true}]}}