{"id":20119,"date":"2019-11-13T14:49:53","date_gmt":"2019-11-13T14:49:53","guid":{"rendered":"https:\/\/www.accuratereviews.com\/?page_id=20119"},"modified":"2021-11-10T14:52:50","modified_gmt":"2021-11-10T14:52:50","slug":"authoritas-recensione","status":"publish","type":"page","link":"https:\/\/www.accuratereviews.com\/it\/strumenti-seo-lista-software\/authoritas-recensione\/","title":{"rendered":"Authoritas"},"content":{"rendered":"<p class=\"entry-title\"><strong>Authoritas<\/strong> \u00e8 una suite completa di strumenti di ottimizzazione dei <strong>motori di ricerca (SEO)<\/strong> online che si integra con Google Analytics e Majestic SEO. Rende la gestione di una o pi\u00f9 campagne SEO semplice poich\u00e9 automatizza molte delle attivit\u00e0 \u00a0importanti che \u00e8 necessario eseguire regolarmente se si desidera creare un sito web di successo. Gli strumenti aiutano i proprietari di siti, gli sviluppatori, i consulenti SEO e le agenzie a prendere decisioni migliori su come ottimizzare al meglio i propri siti web e quelli dei propri clienti. Le principali funzioni sono la stesura di report e l&#8217;offerta di strumenti di gestione delle campagne pubblicitarie.<\/p>\n<h2>AUTHORITAS &#8211; TUTORIAL<\/h2>\n<p>Guardiamo insieme questo tutorial per sfruttare al meglio questo software SEO:<\/p>\n<div id=\"fluid-wrapper-counter-1\" class=\"g1-fluid-wrapper \" style=\"width:686px;\">\n<div style=\"padding-bottom:56.268221574344%;\"><iframe loading=\"lazy\" title=\"Introducing Market Share by Authoritas: the data science-driven SEO software platform\" width=\"686\" height=\"386\" src=\"https:\/\/www.youtube.com\/embed\/fHritsTMa6k?feature=oembed&amp;wmode=transparent&amp;autohide=1&amp;autoplay=0&amp;disablekb=0&amp;fs=1&amp;loop=0&amp;enablejsapi=1&amp;rel=0&amp;controls=2&amp;showinfo=0&amp;wmode=transparent&amp;autohide=2&amp;autoplay=0&amp;disablekb=0&amp;fs=1&amp;loop=0&amp;enablejsapi=1&amp;rel=0&amp;controls=2&amp;showinfo=1\" frameborder=\"0\" allow=\"accelerometer; autoplay; clipboard-write; encrypted-media; gyroscope; picture-in-picture\" allowfullscreen><\/iframe><\/div>\n<\/div>\n<p>&nbsp;<\/p>\n<h3>AUTHORITAS &#8211; CARATTERISTICHE<\/h3>\n<ul>\n<li><strong>Market Intelligence<\/strong>: consente di sfruttare la nostra tecnologia unica di big data e grafici per analizzare e segmentare l&#8217;intero mercato. Ottieni informazioni uniche sull&#8217;algoritmo e definisci le opportunit\u00e0 di marketing dei contenuti che genereranno il ROI migliore<\/li>\n<li><strong>Intelligenza competitiva<\/strong>: ottieni i vantaggi &#8220;spiando&#8221; gli sforzi SEO dei tuoi concorrenti, avvisando immediatamente te e il tuo team delle pi\u00f9 recenti opportunit\u00e0 di marketing organico nella ricerca.<\/li>\n<li><strong>Ricerca per parole chiave e classifiche<\/strong>: \u00e8 possibile ottenere classifiche globali, locali, mobili e universali in oltre 100 paesi ogni giorno, su base settimanale o su richiesta.<\/li>\n<li><strong>Approfondimenti &#8220;non forniti&#8221;:<\/strong> stima automaticamente il traffico a livello di parola chiave &#8220;Non fornito&#8221; che stai ricevendo, sostituendo i dati di riferimento di parole chiave organici precedentemente disponibili che avevi in \u200b\u200bprecedenza in Google Analytics.<\/li>\n<li><strong>Controllo dei contenuti<\/strong>: mantieni li tuo team editoriale sulla strada giusta con ricerche per indicizzazione settimanali automatizzate per individuare problemi relativi a contenuti e metadati che incidono sul tuo SEO. Assicurati di non avere tag del titolo e metadati duplicati<\/li>\n<li><strong>Ottimizzazione del contenuto<\/strong>: \u00e8 possibile apportare modifiche ai contenuti e rieseguire il nostro crawler su richiesta per soddisfare le proprie esigenze di flusso di lavoro. Rivedi i tuoi link esterni e interni per aiutarti a selezionare le priorit\u00e0 del focus della pagina<\/li>\n<li><strong>Strategia di contenuto<\/strong>: automatizza la formazione della tua strategia di contenuti scoprendo le pi\u00f9 alte opportunit\u00e0 di parole chiave potenziali dai tuoi 100 siti concorrenti. Concentrati sulle raccomandazioni basate sul ROI per le tue future attivit\u00e0 di pubblicazione dei contenuti<\/li>\n<li><strong>Integrazioni di Analytics<\/strong>: integrazione API giornaliera con Google Analytics, Adobe Analytics o Xiti. La piattaforma Authoritas pu\u00f2 aiutarti a produrre un rapporto integrato comprendente tutti i principali dati SEO e dati analitici su tutti i tuoi siti web<\/li>\n<li><strong>Google Search Console<\/strong>: ricerche per indicizzazione quotidiane ti forniscono dati unici come la relazione tra parole chiave e pagine di classificazione<\/li>\n<li><strong>Rapporti automatizzati<\/strong>: \u00e8 possibile creare e pianificare una serie di report SEO personalizzati in qualsiasi formato.<\/li>\n<\/ul>\n<h4>LE RECENSIONI DEGLI UTENTI<\/h4>\n<p><strong>Hans p. H. &#8220;Un must per il monitoraggio delle parole chiave e l&#8217;analisi SEO&#8221;<\/strong><br \/>\n<strong>Vantaggi<\/strong>: Le due cose migliori di Analytics SEO (ora &#8220;Authoritas&#8221;) sono:<br \/>\n1. Monitoraggio del posizionamento delle parole chiave dei clienti. ASEO ha i dati MIGLIORI. Il SEO della nostra agenzia ha sentito da molte fonti che i dati sul ranking delle parole chiave di ASEO sono i migliori del settore. Puoi monitorare il ranking delle parole chiave di un cliente su molti motori di ricerca, paesi, stati e persino citt\u00e0.<br \/>\n2. Il servizio clienti \u00e8 INCREDIBILE. Anche se sono una societ\u00e0 britannica, il loro supporto clienti \u00e8 di prim&#8217;ordine per noi utenti negli Stati Uniti. Molte volte, Laurence, SEO di ASEO, segue personalmente le domande dei clienti, ecc.<\/p>\n<p><strong>Inconvenienti<\/strong>: l&#8217;interfaccia del software potrebbe essere pi\u00f9 intuitiva per quanto riguarda la ricerca delle impostazioni e la gestione dei siti Web monitorati da ASEO. Posso trascurarlo, tuttavia, perch\u00e9 una risposta alla mia domanda \u00e8 in genere a pochi minuti di distanza.<\/p>\n<p><strong>Nesmar M. &#8220;Strumento SEO&#8221;<\/strong><\/p>\n<p><strong>Commenti<\/strong>: Ora perfeziono il mio sito Web e ci stiamo posizionando nella ricerca di Google<\/p>\n<p><strong>Vantaggi<\/strong>: sono stato in grado di conoscere i punti deboli del mio sito Web e migliorarlo per ottenere un traffico pi\u00f9 organico.<\/p>\n<p><strong>Inconvenienti<\/strong>: \u00e8 uno strumento che richiede tempo per ottenere risultati reali<\/p>\n","protected":false},"excerpt":{"rendered":"<p>Authoritas \u00e8 una suite completa di strumenti di ottimizzazione dei motori di ricerca (SEO) online che si integra con Google Analytics e Majestic SEO.\u00a0Rende la gestione di una o pi\u00f9 campagne SEO semplice poich\u00e9 automatizza molte delle attivit\u00e0 \u00a0importanti che \u00e8 necessario eseguire regolarmente se si desidera creare un sito web di successo.\u00a0<\/p>\n","protected":false},"author":19,"featured_media":20120,"parent":8849,"menu_order":0,"comment_status":"open","ping_status":"closed","template":"g1_template_page_review_new.php","meta":{"_acf_changed":false,"cwp_meta_box_check":"Yes","cwp_rev_product_name":"","cwp_rev_product_image":"","wppr_links":[],"cwp_rev_price":"","wppr_options":[],"wppr_pros":[],"wppr_cons":[],"_monsterinsights_skip_tracking":false,"_monsterinsights_sitenote_active":false,"_monsterinsights_sitenote_note":"","_monsterinsights_sitenote_category":0,"footnotes":""},"categories":[175],"tags":[1466,1421,1420,1417,1419],"features":[],"class_list":{"0":"post-20119","1":"page","2":"type-page","3":"status-publish","4":"has-post-thumbnail","6":"category-strumenti-seo-categoria","7":"tag-authoritas","8":"tag-programma-seo","9":"tag-software-seo","10":"tag-soluzione-seo","11":"tag-strumento-seo"},"wppr_data":{"cwp_meta_box_check":"Yes","cwp_rev_product_name":"","cwp_rev_product_image":"","cwp_image_link":"image","cwp_rev_price":"","wppr_rating":"0.00"},"acf":[],"yoast_head":"<!-- This site is optimized with the Yoast SEO plugin v27.4 - https:\/\/yoast.com\/product\/yoast-seo-wordpress\/ -->\n<title>Authoritas: recensione software SEO - Accurate Reviews<\/title>\n<meta name=\"description\" content=\"Authoritas: recensione strumento di ottimizzazione dei motori di ricerca (SEO) online che si integra con Google Analytics e Majestic SEO.\" \/>\n<meta name=\"robots\" content=\"index, follow, max-snippet:-1, max-image-preview:large, max-video-preview:-1\" \/>\n<link rel=\"canonical\" href=\"https:\/\/www.accuratereviews.com\/it\/strumenti-seo-lista-software\/authoritas-recensione\/\" \/>\n<meta property=\"og:locale\" content=\"it_IT\" \/>\n<meta property=\"og:type\" content=\"article\" \/>\n<meta property=\"og:title\" content=\"Authoritas: recensione software SEO - Accurate Reviews\" \/>\n<meta property=\"og:description\" content=\"Authoritas: recensione strumento di ottimizzazione dei motori di ricerca (SEO) online che si integra con Google Analytics e Majestic SEO.\" \/>\n<meta property=\"og:url\" content=\"https:\/\/www.accuratereviews.com\/it\/strumenti-seo-lista-software\/authoritas-recensione\/\" \/>\n<meta property=\"og:site_name\" content=\"Accurate Reviews\" \/>\n<meta property=\"article:modified_time\" content=\"2021-11-10T14:52:50+00:00\" \/>\n<meta property=\"og:image\" content=\"https:\/\/www.accuratereviews.com\/wp-content\/uploads\/2019\/11\/authoritaslogo_logo.png\" \/>\n\t<meta property=\"og:image:width\" content=\"919\" \/>\n\t<meta property=\"og:image:height\" content=\"227\" \/>\n\t<meta property=\"og:image:type\" content=\"image\/png\" \/>\n<meta name=\"twitter:card\" content=\"summary_large_image\" \/>\n<meta name=\"twitter:label1\" content=\"Tempo di lettura stimato\" \/>\n\t<meta name=\"twitter:data1\" content=\"3 minuti\" \/>\n<script type=\"application\/ld+json\" class=\"yoast-schema-graph\">{\"@context\":\"https:\\\/\\\/schema.org\",\"@graph\":[{\"@type\":\"WebPage\",\"@id\":\"https:\\\/\\\/www.accuratereviews.com\\\/it\\\/strumenti-seo-lista-software\\\/authoritas-recensione\\\/\",\"url\":\"https:\\\/\\\/www.accuratereviews.com\\\/it\\\/strumenti-seo-lista-software\\\/authoritas-recensione\\\/\",\"name\":\"Authoritas: recensione software SEO - Accurate Reviews\",\"isPartOf\":{\"@id\":\"https:\\\/\\\/www.accuratereviews.com\\\/it\\\/#website\"},\"primaryImageOfPage\":{\"@id\":\"https:\\\/\\\/www.accuratereviews.com\\\/it\\\/strumenti-seo-lista-software\\\/authoritas-recensione\\\/#primaryimage\"},\"image\":{\"@id\":\"https:\\\/\\\/www.accuratereviews.com\\\/it\\\/strumenti-seo-lista-software\\\/authoritas-recensione\\\/#primaryimage\"},\"thumbnailUrl\":\"https:\\\/\\\/www.accuratereviews.com\\\/wp-content\\\/uploads\\\/2019\\\/11\\\/authoritaslogo_logo.png\",\"datePublished\":\"2019-11-13T14:49:53+00:00\",\"dateModified\":\"2021-11-10T14:52:50+00:00\",\"description\":\"Authoritas: recensione strumento di ottimizzazione dei motori di ricerca (SEO) online che si integra con Google Analytics e Majestic SEO.\",\"breadcrumb\":{\"@id\":\"https:\\\/\\\/www.accuratereviews.com\\\/it\\\/strumenti-seo-lista-software\\\/authoritas-recensione\\\/#breadcrumb\"},\"inLanguage\":\"it-IT\",\"potentialAction\":[{\"@type\":\"ReadAction\",\"target\":[\"https:\\\/\\\/www.accuratereviews.com\\\/it\\\/strumenti-seo-lista-software\\\/authoritas-recensione\\\/\"]}]},{\"@type\":\"ImageObject\",\"inLanguage\":\"it-IT\",\"@id\":\"https:\\\/\\\/www.accuratereviews.com\\\/it\\\/strumenti-seo-lista-software\\\/authoritas-recensione\\\/#primaryimage\",\"url\":\"https:\\\/\\\/www.accuratereviews.com\\\/wp-content\\\/uploads\\\/2019\\\/11\\\/authoritaslogo_logo.png\",\"contentUrl\":\"https:\\\/\\\/www.accuratereviews.com\\\/wp-content\\\/uploads\\\/2019\\\/11\\\/authoritaslogo_logo.png\",\"width\":919,\"height\":227},{\"@type\":\"BreadcrumbList\",\"@id\":\"https:\\\/\\\/www.accuratereviews.com\\\/it\\\/strumenti-seo-lista-software\\\/authoritas-recensione\\\/#breadcrumb\",\"itemListElement\":[{\"@type\":\"ListItem\",\"position\":1,\"name\":\"Home\",\"item\":\"https:\\\/\\\/www.accuratereviews.com\\\/it\\\/\"},{\"@type\":\"ListItem\",\"position\":2,\"name\":\"Strumenti SEO\",\"item\":\"https:\\\/\\\/www.accuratereviews.com\\\/it\\\/strumenti-seo-lista-software\\\/\"},{\"@type\":\"ListItem\",\"position\":3,\"name\":\"Authoritas\"}]},{\"@type\":\"WebSite\",\"@id\":\"https:\\\/\\\/www.accuratereviews.com\\\/it\\\/#website\",\"url\":\"https:\\\/\\\/www.accuratereviews.com\\\/it\\\/\",\"name\":\"Accurate Reviews\",\"description\":\"\",\"potentialAction\":[{\"@type\":\"SearchAction\",\"target\":{\"@type\":\"EntryPoint\",\"urlTemplate\":\"https:\\\/\\\/www.accuratereviews.com\\\/it\\\/?s={search_term_string}\"},\"query-input\":{\"@type\":\"PropertyValueSpecification\",\"valueRequired\":true,\"valueName\":\"search_term_string\"}}],\"inLanguage\":\"it-IT\"}]}<\/script>\n<!-- \/ Yoast SEO plugin. -->","yoast_head_json":{"title":"Authoritas: recensione software SEO - Accurate Reviews","description":"Authoritas: recensione strumento di ottimizzazione dei motori di ricerca (SEO) online che si integra con Google Analytics e Majestic SEO.","robots":{"index":"index","follow":"follow","max-snippet":"max-snippet:-1","max-image-preview":"max-image-preview:large","max-video-preview":"max-video-preview:-1"},"canonical":"https:\/\/www.accuratereviews.com\/it\/strumenti-seo-lista-software\/authoritas-recensione\/","og_locale":"it_IT","og_type":"article","og_title":"Authoritas: recensione software SEO - Accurate Reviews","og_description":"Authoritas: recensione strumento di ottimizzazione dei motori di ricerca (SEO) online che si integra con Google Analytics e Majestic SEO.","og_url":"https:\/\/www.accuratereviews.com\/it\/strumenti-seo-lista-software\/authoritas-recensione\/","og_site_name":"Accurate Reviews","article_modified_time":"2021-11-10T14:52:50+00:00","og_image":[{"width":919,"height":227,"url":"https:\/\/www.accuratereviews.com\/wp-content\/uploads\/2019\/11\/authoritaslogo_logo.png","type":"image\/png"}],"twitter_card":"summary_large_image","twitter_misc":{"Tempo di lettura stimato":"3 minuti"},"schema":{"@context":"https:\/\/schema.org","@graph":[{"@type":"WebPage","@id":"https:\/\/www.accuratereviews.com\/it\/strumenti-seo-lista-software\/authoritas-recensione\/","url":"https:\/\/www.accuratereviews.com\/it\/strumenti-seo-lista-software\/authoritas-recensione\/","name":"Authoritas: recensione software SEO - Accurate Reviews","isPartOf":{"@id":"https:\/\/www.accuratereviews.com\/it\/#website"},"primaryImageOfPage":{"@id":"https:\/\/www.accuratereviews.com\/it\/strumenti-seo-lista-software\/authoritas-recensione\/#primaryimage"},"image":{"@id":"https:\/\/www.accuratereviews.com\/it\/strumenti-seo-lista-software\/authoritas-recensione\/#primaryimage"},"thumbnailUrl":"https:\/\/www.accuratereviews.com\/wp-content\/uploads\/2019\/11\/authoritaslogo_logo.png","datePublished":"2019-11-13T14:49:53+00:00","dateModified":"2021-11-10T14:52:50+00:00","description":"Authoritas: recensione strumento di ottimizzazione dei motori di ricerca (SEO) online che si integra con Google Analytics e Majestic SEO.","breadcrumb":{"@id":"https:\/\/www.accuratereviews.com\/it\/strumenti-seo-lista-software\/authoritas-recensione\/#breadcrumb"},"inLanguage":"it-IT","potentialAction":[{"@type":"ReadAction","target":["https:\/\/www.accuratereviews.com\/it\/strumenti-seo-lista-software\/authoritas-recensione\/"]}]},{"@type":"ImageObject","inLanguage":"it-IT","@id":"https:\/\/www.accuratereviews.com\/it\/strumenti-seo-lista-software\/authoritas-recensione\/#primaryimage","url":"https:\/\/www.accuratereviews.com\/wp-content\/uploads\/2019\/11\/authoritaslogo_logo.png","contentUrl":"https:\/\/www.accuratereviews.com\/wp-content\/uploads\/2019\/11\/authoritaslogo_logo.png","width":919,"height":227},{"@type":"BreadcrumbList","@id":"https:\/\/www.accuratereviews.com\/it\/strumenti-seo-lista-software\/authoritas-recensione\/#breadcrumb","itemListElement":[{"@type":"ListItem","position":1,"name":"Home","item":"https:\/\/www.accuratereviews.com\/it\/"},{"@type":"ListItem","position":2,"name":"Strumenti SEO","item":"https:\/\/www.accuratereviews.com\/it\/strumenti-seo-lista-software\/"},{"@type":"ListItem","position":3,"name":"Authoritas"}]},{"@type":"WebSite","@id":"https:\/\/www.accuratereviews.com\/it\/#website","url":"https:\/\/www.accuratereviews.com\/it\/","name":"Accurate Reviews","description":"","potentialAction":[{"@type":"SearchAction","target":{"@type":"EntryPoint","urlTemplate":"https:\/\/www.accuratereviews.com\/it\/?s={search_term_string}"},"query-input":{"@type":"PropertyValueSpecification","valueRequired":true,"valueName":"search_term_string"}}],"inLanguage":"it-IT"}]}},"_links":{"self":[{"href":"https:\/\/www.accuratereviews.com\/it\/wp-json\/wp\/v2\/pages\/20119","targetHints":{"allow":["GET"]}}],"collection":[{"href":"https:\/\/www.accuratereviews.com\/it\/wp-json\/wp\/v2\/pages"}],"about":[{"href":"https:\/\/www.accuratereviews.com\/it\/wp-json\/wp\/v2\/types\/page"}],"author":[{"embeddable":true,"href":"https:\/\/www.accuratereviews.com\/it\/wp-json\/wp\/v2\/users\/19"}],"replies":[{"embeddable":true,"href":"https:\/\/www.accuratereviews.com\/it\/wp-json\/wp\/v2\/comments?post=20119"}],"version-history":[{"count":10,"href":"https:\/\/www.accuratereviews.com\/it\/wp-json\/wp\/v2\/pages\/20119\/revisions"}],"predecessor-version":[{"id":49763,"href":"https:\/\/www.accuratereviews.com\/it\/wp-json\/wp\/v2\/pages\/20119\/revisions\/49763"}],"up":[{"embeddable":true,"href":"https:\/\/www.accuratereviews.com\/it\/wp-json\/wp\/v2\/pages\/8849"}],"wp:featuredmedia":[{"embeddable":true,"href":"https:\/\/www.accuratereviews.com\/it\/wp-json\/wp\/v2\/media\/20120"}],"wp:attachment":[{"href":"https:\/\/www.accuratereviews.com\/it\/wp-json\/wp\/v2\/media?parent=20119"}],"wp:term":[{"taxonomy":"category","embeddable":true,"href":"https:\/\/www.accuratereviews.com\/it\/wp-json\/wp\/v2\/categories?post=20119"},{"taxonomy":"post_tag","embeddable":true,"href":"https:\/\/www.accuratereviews.com\/it\/wp-json\/wp\/v2\/tags?post=20119"},{"taxonomy":"features","embeddable":true,"href":"https:\/\/www.accuratereviews.com\/it\/wp-json\/wp\/v2\/features?post=20119"}],"curies":[{"name":"wp","href":"https:\/\/api.w.org\/{rel}","templated":true}]}}