{"id":20140,"date":"2019-11-13T14:50:26","date_gmt":"2019-11-13T14:50:26","guid":{"rendered":"https:\/\/www.accuratereviews.com\/?page_id=20140"},"modified":"2021-11-10T15:44:07","modified_gmt":"2021-11-10T15:44:07","slug":"unamo-seo-recensione","status":"publish","type":"page","link":"https:\/\/www.accuratereviews.com\/it\/strumenti-seo-lista-software\/unamo-seo-recensione\/","title":{"rendered":"Unamo SEO"},"content":{"rendered":"<p><strong>Unamo SEO<\/strong> \u00e8 una piattaforma online progettato principalmente per gli esperti di marketing e social media che possono utilizzare ottimi<strong> strumenti analitici SEO<\/strong> per creare facilmente campagne di marketing. Utilizzando questo <strong>programma SEO all-in-one<\/strong>, potranno monitorare domini, sottodomini e ottimizzare una propria <strong>strategia SEO<\/strong> che permetta loro di portare il sito web in cima alle ricerche cos\u00ec da raggiungere un migliore posizionamento nei motori di ricerca di Google.<\/p>\n<h2>COME FUNZIONA UNAMO SEO &#8211; TUTORIAL<\/h2>\n<p>Ecco un webinar che ci spiega meglio come funziona questo strumento:<\/p>\n<div id=\"fluid-wrapper-counter-1\" class=\"g1-fluid-wrapper \" style=\"width:686px;\">\n<div style=\"padding-bottom:56.268221574344%;\"><iframe loading=\"lazy\" title=\"SEO Basics Made Easy with Positionly | Webinar\" width=\"515\" height=\"386\" src=\"https:\/\/www.youtube.com\/embed\/_qVNJopl-XU?feature=oembed&amp;wmode=transparent&amp;autohide=1&amp;autoplay=0&amp;disablekb=0&amp;fs=1&amp;loop=0&amp;enablejsapi=1&amp;rel=0&amp;controls=2&amp;showinfo=0&amp;wmode=transparent&amp;autohide=2&amp;autoplay=0&amp;disablekb=0&amp;fs=1&amp;loop=0&amp;enablejsapi=1&amp;rel=0&amp;controls=2&amp;showinfo=1\" frameborder=\"0\" allow=\"accelerometer; autoplay; clipboard-write; encrypted-media; gyroscope; picture-in-picture\" allowfullscreen><\/iframe><\/div>\n<\/div>\n<h3>UNAMO SEO &#8211; CARATTERISTICHE<\/h3>\n<p>Diamo uno sguardo alle sue caratteristiche principali:<\/p>\n<ul>\n<li><strong>Monitoraggio dei progressi<\/strong>: monitora i tuoi progressi quotidiani con approfondimenti SEO attuabili e precisi in modo da poter prendere decisioni in tempo reale<\/li>\n<li><strong>Classifiche per dispositivi mobili e desktop<\/strong>: ottieni classifiche giornaliere di parole chiave per dispositivi mobili e desktop per tutti i tuoi siti Web e confrontale con i tuoi concorrenti<\/li>\n<li><strong>Prestazioni SEO locali: <\/strong>tieni traccia delle parole chiave in pi\u00f9 regioni di un Paese tutte da un&#8217;unica campagna<\/li>\n<li><strong>Strumenti analitici SEO<\/strong>: semplifica il tuo processo quotidiano con pi\u00f9 funzionalit\u00e0 analitiche e trasforma i dati in risultati<\/li>\n<li><strong>Pagine di destinazione<\/strong>: scopri quanto sono efficaci le tue landing page con le parole chiave per le quali classificano e indirizza i tuoi sforzi SEO a quelli che desideri abbiano il miglior rendimento.<\/li>\n<li><strong>Gruppi di parole chiave<\/strong>: analizza le tue parole chiave in modo efficace assegnandole ai gruppi in base a qualsiasi criterio tu scelga<\/li>\n<li><strong>Modulo Industry Intelligence<\/strong>: con questo strumento, avrai una visione completa del mercato SEO per un massimo di 250 domini<\/li>\n<li><strong>Report<\/strong>: invia report manuali o automatici alla tua email, ai membri del team e ai clienti in qualsiasi intervallo di tempo impostato.<\/li>\n<\/ul>\n<h3>LE NOSTRE RECENSIONI:<\/h3>\n<ul>\n<li><strong>&#8220;Ottimo strumento, ottimo supporto, grande valore per la mia azienda&#8221;<\/strong><br \/>\nPRO: &#8211; gruppi di SERPS<br \/>\n&#8211; monitoraggio dei collegamenti in entrata<br \/>\n&#8211; monitoraggio della concorrenza<br \/>\n&#8211; Cancella UI<br \/>\n&#8211; ottimo supporto clienti<br \/>\nCONTRO: &#8211; l&#8217;app per dispositivi mobili non \u00e8 stata ancora rilasciata (ma \u00e8 prevista)<\/li>\n<li><strong>&#8220;Ottimo strumento SEO. Ero un cliente Positionly che \u00e8 stato migrato a Unamo. Nessuna lamentela.&#8221;<\/strong><br \/>\nIN GENERALE: il mio uso principale per Unamo era il monitoraggio della posizione delle frasi chiave in Google. L&#8217;ha fatto estremamente bene.<br \/>\nPRO: Unamo \u00e8 uno strumento solido e lucido. L&#8217;organizzazione del sito \u00e8 eccellente e anche la funzionalit\u00e0 di reportistica \u00e8 eccellente. Da allora sono passato a un nuovo strumento di monitoraggio delle parole chiave e la funzione che mi manca di pi\u00f9 di Unamo \u00e8 la facilit\u00e0 con cui \u00e8 stato possibile pianificare e personalizzare i report.<br \/>\nCONTRO: Non \u00e8 lo strumento pi\u00f9 ricco di funzionalit\u00e0. Quello che fa, lo fa bene, ma non ci sono molte funzionalit\u00e0 come potresti trovare con altri strumenti.<\/li>\n<li><strong>&#8220;Bellissimo strumento di creazione di campagne&#8221;<\/strong><br \/>\nPRO: fornisce alcune ottime opzioni di geolocalizzazione delle statistiche sulle parole chiave come le ricerche mensili e aiuta anche geograficamente alcune nuove parole chiave che dovrebbero essere prese in considerazione per prendersi cura di<br \/>\nCONTRO: semplice ma molto utile, potrebbe aiutare molti proprietari di siti Web.<\/li>\n<\/ul>\n","protected":false},"excerpt":{"rendered":"<p>Unamo SEO \u00e8 una piattaforma online progettato principalmente per gli esperti di marketing e social media che possono utilizzare ottimi strumenti analitici SEO per creare facilmente campagne di marketing. Utilizzando questo programma SEO all-in-one, potranno monitorare domini, sottodomini e ottimizzare una propria strategia SEO<\/p>\n","protected":false},"author":17,"featured_media":20141,"parent":8849,"menu_order":0,"comment_status":"open","ping_status":"closed","template":"g1_template_page_review_new.php","meta":{"_acf_changed":false,"cwp_meta_box_check":"Yes","cwp_rev_product_name":"","cwp_rev_product_image":"","wppr_links":[],"cwp_rev_price":"","wppr_options":[],"wppr_pros":[],"wppr_cons":[],"_monsterinsights_skip_tracking":false,"_monsterinsights_sitenote_active":false,"_monsterinsights_sitenote_note":"","_monsterinsights_sitenote_category":0,"footnotes":""},"categories":[175],"tags":[1401,1430,1431,901,1467],"features":[],"class_list":{"0":"post-20140","1":"page","2":"type-page","3":"status-publish","4":"has-post-thumbnail","6":"category-strumenti-seo-categoria","7":"tag-analisi-seo","8":"tag-motore-di-tracciamento-seo","9":"tag-ottimizzazione-seo","10":"tag-seo","11":"tag-seo-strumneti"},"wppr_data":{"cwp_meta_box_check":"Yes","cwp_rev_product_name":"","cwp_rev_product_image":"","cwp_image_link":"image","cwp_rev_price":"","wppr_rating":"0.00"},"acf":[],"yoast_head":"<!-- This site is optimized with the Yoast SEO plugin v27.4 - https:\/\/yoast.com\/product\/yoast-seo-wordpress\/ -->\n<title>Unamo SEO: recensione programma SEO - Accurate Reviews<\/title>\n<meta name=\"description\" content=\"Unamo SEO \u00e8 programma SEO all-in-one progettato principalmente per gli esperti di marketing e social media. Scopri di pi\u00f9 al riguardo.\" \/>\n<meta name=\"robots\" content=\"index, follow, max-snippet:-1, max-image-preview:large, max-video-preview:-1\" \/>\n<link rel=\"canonical\" href=\"https:\/\/www.accuratereviews.com\/it\/strumenti-seo-lista-software\/unamo-seo-recensione\/\" \/>\n<meta property=\"og:locale\" content=\"it_IT\" \/>\n<meta property=\"og:type\" content=\"article\" \/>\n<meta property=\"og:title\" content=\"Unamo SEO: recensione programma SEO - Accurate Reviews\" \/>\n<meta property=\"og:description\" content=\"Unamo SEO \u00e8 programma SEO all-in-one progettato principalmente per gli esperti di marketing e social media. Scopri di pi\u00f9 al riguardo.\" \/>\n<meta property=\"og:url\" content=\"https:\/\/www.accuratereviews.com\/it\/strumenti-seo-lista-software\/unamo-seo-recensione\/\" \/>\n<meta property=\"og:site_name\" content=\"Accurate Reviews\" \/>\n<meta property=\"article:modified_time\" content=\"2021-11-10T15:44:07+00:00\" \/>\n<meta property=\"og:image\" content=\"https:\/\/www.accuratereviews.com\/wp-content\/uploads\/2019\/11\/images.jpg\" \/>\n\t<meta property=\"og:image:width\" content=\"359\" \/>\n\t<meta property=\"og:image:height\" content=\"140\" \/>\n\t<meta property=\"og:image:type\" content=\"image\/jpeg\" \/>\n<meta name=\"twitter:card\" content=\"summary_large_image\" \/>\n<meta name=\"twitter:label1\" content=\"Tempo di lettura stimato\" \/>\n\t<meta name=\"twitter:data1\" content=\"2 minuti\" \/>\n<script type=\"application\/ld+json\" class=\"yoast-schema-graph\">{\"@context\":\"https:\\\/\\\/schema.org\",\"@graph\":[{\"@type\":\"WebPage\",\"@id\":\"https:\\\/\\\/www.accuratereviews.com\\\/it\\\/strumenti-seo-lista-software\\\/unamo-seo-recensione\\\/\",\"url\":\"https:\\\/\\\/www.accuratereviews.com\\\/it\\\/strumenti-seo-lista-software\\\/unamo-seo-recensione\\\/\",\"name\":\"Unamo SEO: recensione programma SEO - Accurate Reviews\",\"isPartOf\":{\"@id\":\"https:\\\/\\\/www.accuratereviews.com\\\/it\\\/#website\"},\"primaryImageOfPage\":{\"@id\":\"https:\\\/\\\/www.accuratereviews.com\\\/it\\\/strumenti-seo-lista-software\\\/unamo-seo-recensione\\\/#primaryimage\"},\"image\":{\"@id\":\"https:\\\/\\\/www.accuratereviews.com\\\/it\\\/strumenti-seo-lista-software\\\/unamo-seo-recensione\\\/#primaryimage\"},\"thumbnailUrl\":\"https:\\\/\\\/www.accuratereviews.com\\\/wp-content\\\/uploads\\\/2019\\\/11\\\/images.jpg\",\"datePublished\":\"2019-11-13T14:50:26+00:00\",\"dateModified\":\"2021-11-10T15:44:07+00:00\",\"description\":\"Unamo SEO \u00e8 programma SEO all-in-one progettato principalmente per gli esperti di marketing e social media. Scopri di pi\u00f9 al riguardo.\",\"breadcrumb\":{\"@id\":\"https:\\\/\\\/www.accuratereviews.com\\\/it\\\/strumenti-seo-lista-software\\\/unamo-seo-recensione\\\/#breadcrumb\"},\"inLanguage\":\"it-IT\",\"potentialAction\":[{\"@type\":\"ReadAction\",\"target\":[\"https:\\\/\\\/www.accuratereviews.com\\\/it\\\/strumenti-seo-lista-software\\\/unamo-seo-recensione\\\/\"]}]},{\"@type\":\"ImageObject\",\"inLanguage\":\"it-IT\",\"@id\":\"https:\\\/\\\/www.accuratereviews.com\\\/it\\\/strumenti-seo-lista-software\\\/unamo-seo-recensione\\\/#primaryimage\",\"url\":\"https:\\\/\\\/www.accuratereviews.com\\\/wp-content\\\/uploads\\\/2019\\\/11\\\/images.jpg\",\"contentUrl\":\"https:\\\/\\\/www.accuratereviews.com\\\/wp-content\\\/uploads\\\/2019\\\/11\\\/images.jpg\",\"width\":359,\"height\":140},{\"@type\":\"BreadcrumbList\",\"@id\":\"https:\\\/\\\/www.accuratereviews.com\\\/it\\\/strumenti-seo-lista-software\\\/unamo-seo-recensione\\\/#breadcrumb\",\"itemListElement\":[{\"@type\":\"ListItem\",\"position\":1,\"name\":\"Home\",\"item\":\"https:\\\/\\\/www.accuratereviews.com\\\/it\\\/\"},{\"@type\":\"ListItem\",\"position\":2,\"name\":\"Strumenti SEO\",\"item\":\"https:\\\/\\\/www.accuratereviews.com\\\/it\\\/strumenti-seo-lista-software\\\/\"},{\"@type\":\"ListItem\",\"position\":3,\"name\":\"Unamo SEO\"}]},{\"@type\":\"WebSite\",\"@id\":\"https:\\\/\\\/www.accuratereviews.com\\\/it\\\/#website\",\"url\":\"https:\\\/\\\/www.accuratereviews.com\\\/it\\\/\",\"name\":\"Accurate Reviews\",\"description\":\"\",\"potentialAction\":[{\"@type\":\"SearchAction\",\"target\":{\"@type\":\"EntryPoint\",\"urlTemplate\":\"https:\\\/\\\/www.accuratereviews.com\\\/it\\\/?s={search_term_string}\"},\"query-input\":{\"@type\":\"PropertyValueSpecification\",\"valueRequired\":true,\"valueName\":\"search_term_string\"}}],\"inLanguage\":\"it-IT\"}]}<\/script>\n<!-- \/ Yoast SEO plugin. -->","yoast_head_json":{"title":"Unamo SEO: recensione programma SEO - Accurate Reviews","description":"Unamo SEO \u00e8 programma SEO all-in-one progettato principalmente per gli esperti di marketing e social media. Scopri di pi\u00f9 al riguardo.","robots":{"index":"index","follow":"follow","max-snippet":"max-snippet:-1","max-image-preview":"max-image-preview:large","max-video-preview":"max-video-preview:-1"},"canonical":"https:\/\/www.accuratereviews.com\/it\/strumenti-seo-lista-software\/unamo-seo-recensione\/","og_locale":"it_IT","og_type":"article","og_title":"Unamo SEO: recensione programma SEO - Accurate Reviews","og_description":"Unamo SEO \u00e8 programma SEO all-in-one progettato principalmente per gli esperti di marketing e social media. Scopri di pi\u00f9 al riguardo.","og_url":"https:\/\/www.accuratereviews.com\/it\/strumenti-seo-lista-software\/unamo-seo-recensione\/","og_site_name":"Accurate Reviews","article_modified_time":"2021-11-10T15:44:07+00:00","og_image":[{"width":359,"height":140,"url":"https:\/\/www.accuratereviews.com\/wp-content\/uploads\/2019\/11\/images.jpg","type":"image\/jpeg"}],"twitter_card":"summary_large_image","twitter_misc":{"Tempo di lettura stimato":"2 minuti"},"schema":{"@context":"https:\/\/schema.org","@graph":[{"@type":"WebPage","@id":"https:\/\/www.accuratereviews.com\/it\/strumenti-seo-lista-software\/unamo-seo-recensione\/","url":"https:\/\/www.accuratereviews.com\/it\/strumenti-seo-lista-software\/unamo-seo-recensione\/","name":"Unamo SEO: recensione programma SEO - Accurate Reviews","isPartOf":{"@id":"https:\/\/www.accuratereviews.com\/it\/#website"},"primaryImageOfPage":{"@id":"https:\/\/www.accuratereviews.com\/it\/strumenti-seo-lista-software\/unamo-seo-recensione\/#primaryimage"},"image":{"@id":"https:\/\/www.accuratereviews.com\/it\/strumenti-seo-lista-software\/unamo-seo-recensione\/#primaryimage"},"thumbnailUrl":"https:\/\/www.accuratereviews.com\/wp-content\/uploads\/2019\/11\/images.jpg","datePublished":"2019-11-13T14:50:26+00:00","dateModified":"2021-11-10T15:44:07+00:00","description":"Unamo SEO \u00e8 programma SEO all-in-one progettato principalmente per gli esperti di marketing e social media. Scopri di pi\u00f9 al riguardo.","breadcrumb":{"@id":"https:\/\/www.accuratereviews.com\/it\/strumenti-seo-lista-software\/unamo-seo-recensione\/#breadcrumb"},"inLanguage":"it-IT","potentialAction":[{"@type":"ReadAction","target":["https:\/\/www.accuratereviews.com\/it\/strumenti-seo-lista-software\/unamo-seo-recensione\/"]}]},{"@type":"ImageObject","inLanguage":"it-IT","@id":"https:\/\/www.accuratereviews.com\/it\/strumenti-seo-lista-software\/unamo-seo-recensione\/#primaryimage","url":"https:\/\/www.accuratereviews.com\/wp-content\/uploads\/2019\/11\/images.jpg","contentUrl":"https:\/\/www.accuratereviews.com\/wp-content\/uploads\/2019\/11\/images.jpg","width":359,"height":140},{"@type":"BreadcrumbList","@id":"https:\/\/www.accuratereviews.com\/it\/strumenti-seo-lista-software\/unamo-seo-recensione\/#breadcrumb","itemListElement":[{"@type":"ListItem","position":1,"name":"Home","item":"https:\/\/www.accuratereviews.com\/it\/"},{"@type":"ListItem","position":2,"name":"Strumenti SEO","item":"https:\/\/www.accuratereviews.com\/it\/strumenti-seo-lista-software\/"},{"@type":"ListItem","position":3,"name":"Unamo SEO"}]},{"@type":"WebSite","@id":"https:\/\/www.accuratereviews.com\/it\/#website","url":"https:\/\/www.accuratereviews.com\/it\/","name":"Accurate Reviews","description":"","potentialAction":[{"@type":"SearchAction","target":{"@type":"EntryPoint","urlTemplate":"https:\/\/www.accuratereviews.com\/it\/?s={search_term_string}"},"query-input":{"@type":"PropertyValueSpecification","valueRequired":true,"valueName":"search_term_string"}}],"inLanguage":"it-IT"}]}},"_links":{"self":[{"href":"https:\/\/www.accuratereviews.com\/it\/wp-json\/wp\/v2\/pages\/20140","targetHints":{"allow":["GET"]}}],"collection":[{"href":"https:\/\/www.accuratereviews.com\/it\/wp-json\/wp\/v2\/pages"}],"about":[{"href":"https:\/\/www.accuratereviews.com\/it\/wp-json\/wp\/v2\/types\/page"}],"author":[{"embeddable":true,"href":"https:\/\/www.accuratereviews.com\/it\/wp-json\/wp\/v2\/users\/17"}],"replies":[{"embeddable":true,"href":"https:\/\/www.accuratereviews.com\/it\/wp-json\/wp\/v2\/comments?post=20140"}],"version-history":[{"count":4,"href":"https:\/\/www.accuratereviews.com\/it\/wp-json\/wp\/v2\/pages\/20140\/revisions"}],"predecessor-version":[{"id":49790,"href":"https:\/\/www.accuratereviews.com\/it\/wp-json\/wp\/v2\/pages\/20140\/revisions\/49790"}],"up":[{"embeddable":true,"href":"https:\/\/www.accuratereviews.com\/it\/wp-json\/wp\/v2\/pages\/8849"}],"wp:featuredmedia":[{"embeddable":true,"href":"https:\/\/www.accuratereviews.com\/it\/wp-json\/wp\/v2\/media\/20141"}],"wp:attachment":[{"href":"https:\/\/www.accuratereviews.com\/it\/wp-json\/wp\/v2\/media?parent=20140"}],"wp:term":[{"taxonomy":"category","embeddable":true,"href":"https:\/\/www.accuratereviews.com\/it\/wp-json\/wp\/v2\/categories?post=20140"},{"taxonomy":"post_tag","embeddable":true,"href":"https:\/\/www.accuratereviews.com\/it\/wp-json\/wp\/v2\/tags?post=20140"},{"taxonomy":"features","embeddable":true,"href":"https:\/\/www.accuratereviews.com\/it\/wp-json\/wp\/v2\/features?post=20140"}],"curies":[{"name":"wp","href":"https:\/\/api.w.org\/{rel}","templated":true}]}}