{"id":20153,"date":"2019-11-14T16:56:35","date_gmt":"2019-11-14T16:56:35","guid":{"rendered":"https:\/\/www.accuratereviews.com\/?page_id=20153"},"modified":"2021-11-12T15:16:34","modified_gmt":"2021-11-12T15:16:34","slug":"yext-recensione","status":"publish","type":"page","link":"https:\/\/www.accuratereviews.com\/it\/strumenti-seo-lista-software\/yext-recensione\/","title":{"rendered":"Yext"},"content":{"rendered":"<p><strong>Yext<\/strong> \u00e8 una piattaforma di gestione della conoscenza digitale e <strong>SEO<\/strong> che consente alle aziende di gestire tutte le informazioni su persone, luoghi e prodotti su siti, app mobili e sistemi interni. Il programma ha una rete globale di integrazioni dirette di dati con oltre 150 mappe , app, strumenti di ricerca vocale, assistenti digitali, motori di ricerca, sistemi GPS e social network, tra cui Google, Amazon Alexa, Apple Maps, Facebook, Bing, TripAdvisor e Waze. Semplifica la gestione della reputazione e delle recensioni online. Aziende come Taco Bell, Jaguar Land Rover e Marriott utilizzano la piattaforma <strong>Yext<\/strong> per catturare le intenzioni dei clienti e favorire la scoperta digitale, le entrate e il coinvolgimento.<\/p>\n<h2>YEXT &#8211; TUTORIAL<\/h2>\n<p>Con questo tutorial impareremo ad aggiornare le schede di attivit\u00e0 commerciali online in pochi minuti con questo <strong>software SEO<\/strong>:<\/p>\n<div id=\"fluid-wrapper-counter-1\" class=\"g1-fluid-wrapper \" style=\"width:686px;\">\n<div style=\"padding-bottom:56.268221574344%;\"><iframe loading=\"lazy\" title=\"Yext PowerListings Demo\" width=\"686\" height=\"386\" src=\"https:\/\/www.youtube.com\/embed\/nkLQNm4-JJo?feature=oembed&amp;wmode=transparent&amp;autohide=1&amp;autoplay=0&amp;disablekb=0&amp;fs=1&amp;loop=0&amp;enablejsapi=1&amp;rel=0&amp;controls=2&amp;showinfo=0&amp;wmode=transparent&amp;autohide=2&amp;autoplay=0&amp;disablekb=0&amp;fs=1&amp;loop=0&amp;enablejsapi=1&amp;rel=0&amp;controls=2&amp;showinfo=1\" frameborder=\"0\" allow=\"accelerometer; autoplay; clipboard-write; encrypted-media; gyroscope; picture-in-picture\" allowfullscreen><\/iframe><\/div>\n<\/div>\n<h3>YEXT &#8211; CARATTERISTICHE<\/h3>\n<ul>\n<li><strong>Architettura unificata<\/strong>: utilizza un&#8217;unica barra di ricerca che effettua ricerche nell&#8217;intero Knowledge Graph del tuo marchio<\/li>\n<li><strong>Risposte, non collegamenti<\/strong>: fornisce risultati adattabili in base alla query (come professionisti, posizioni, domande frequenti e altro)<\/li>\n<li><strong>Comprensione del linguaggio<\/strong>: analizza l&#8217;intenzione del consumatore di restituire risposte dirette, non elenchi di collegamenti non correlati<\/li>\n<li><strong>Suggerimento automatico:<\/strong> suggerisce frasi complete mentre l&#8217;utente digita, accelerando il percorso verso le risposte<\/li>\n<li><strong>Correzione ortografica<\/strong>:\u00a0corregge errori di ortografia e irregolarit\u00e0 per aiutare gli utenti a ottenere risposte ogni volta.<\/li>\n<\/ul>\n<h4>LE RECENSIONI DEGLI UTENTI<\/h4>\n<h4><strong>Madeleine G. &#8220;Grande per le agenzie che creano e gestiscono le citazioni&#8221;<\/strong><\/h4>\n<p><strong>Commenti<\/strong>: Nel complesso la mia esperienza con Yext \u00e8 stata eccellente. Fa tutto ci\u00f2 che afferma di fare e il servizio clienti \u00e8 sempre rapido e utile.<\/p>\n<p><strong>Vantaggi<\/strong>: Quello che mi piace di pi\u00f9 di questo software \u00e8 che semplifica e velocizza l&#8217;aggiornamento delle informazioni sui clienti attraverso gli elenchi. Prima di Yext, la nostra agenzia passava molto tempo ad aggiornare le ore, a caricare foto, ecc. Ora sa che pu\u00f2 essere fatto in una frazione del tempo. Adoro anche il fatto che Yext ci consenta di aggiungere rapidamente uno schema a un sito Web che si aggiorna automaticamente quando le informazioni aziendali cambiano.<\/p>\n<p><strong>Inconvenienti<\/strong>: mi piace meno che le integrazioni con Google My Business e Facebook debbano essere configurate separatamente. Questo a volte viene trascurato dal mio staff o se abbiamo problemi ad accedere da un client, non lo far\u00e0 mai. Sarebbe anche bello se il social posting potesse essere spinto oltre Google My Business &#8230; ad esempio Facebook, Instagram, Twitter. Ci\u00f2 potrebbe permetterci di sostituire altri software con Yext. Una cosa che sarebbe gradita \u00e8 se i venditori di Yext fossero in grado di aiutarci a monificare meglio il software come agenzia. Ho fatto alcune riunioni e telefonate per cercare di trovare modi migliori per utilizzare e vendere il software ai clienti, ma si trasformano sempre in addetti alle vendite Yext, cercando di convincerci a impegnare pi\u00f9 soldi per Yext. Mi piacerebbe avere qualche idea su come altri partner di agenzia stanno usando Yext per i loro clienti e vendono il software \/ servizio con i loro pacchetti di servizi.<\/p>\n<h4><strong>Charles T. &#8220;Utente quotidiano&#8221;<\/strong><\/h4>\n<p><strong>Commenti<\/strong>: l&#8217;esperienza complessiva \u00e8 stata positiva. Non \u00e8 molto facile vedere un effetto complessivo delle citazioni e dei servizi.<\/p>\n<p><strong>Vantaggi<\/strong>: il tracciamento dei servizi per le posizioni e le posizioni stesse sono facilmente tracciabili. L&#8217;eliminazione e la soppressione di citazioni duplicate e suggerimenti errati dei publisher \u00e8 assolutamente pi\u00f9 semplice rispetto al monitoraggio in qualsiasi altro modo.<\/p>\n<p><strong>Inconvenienti<\/strong>: il supporto pu\u00f2 richiedere del tempo per fornire risposte. Per la maggior parte, questo non \u00e8 stato un grosso problema, ma a volte lo \u00e8 stato. Questo non \u00e8 un software intuitivo e richiede un po &#8216;di tempo per acquisire familiarit\u00e0 con un utilizzo di base. Un altro grande aspetto negativo \u00e8 che se dovessimo smettere di usare Yext, le citazioni che abbiamo acquistato tramite Yext saranno &#8220;sbloccate&#8221; e sostanzialmente perse. Sembra un affare scadente in quanto paghi un articolo, quindi ti aspetti di essere in grado di mantenerlo a meno che tu non decida di venderlo.<\/p>\n<h4>Ian R. &#8220;Efficace e facile da usare&#8221;<\/h4>\n<p><strong>Commenti<\/strong>: Nel complesso mi piace il loro servizio. Il prezzo \u00e8 piuttosto alto, ma ne vale la pena il loro servizio. Il loro supporto \u00e8 davvero eccezionale e reattivo<\/p>\n<p><strong>Vantaggi<\/strong>: \u00e8 facile aggiungere posizioni, le citazioni sono costruite MOLTO rapidamente, le capacit\u00e0 di personalizzazione per ogni posizione sono davvero belle<\/p>\n<p><strong>Inconvenienti<\/strong>: un po &#8216;caro &#8211; e le tue citazioni tornano indietro quando interrompi la tua iscrizione (ma ottengo quella parte)<\/p>\n","protected":false},"excerpt":{"rendered":"<p>Yext \u00e8 una piattaforma di gestione della conoscenza digitale e SEO che consente alle aziende di gestire tutte le informazioni su persone, luoghi e prodotti su siti, app mobili e sistemi interni. Il programma ha una rete globale di integrazioni dirette di dati con oltre 150 mappe , app, strumenti di ricerca vocale, assistenti digitali, motori di ricerca, sistemi GPS e social network.<\/p>\n","protected":false},"author":19,"featured_media":20160,"parent":8849,"menu_order":0,"comment_status":"open","ping_status":"closed","template":"g1_template_page_review_new.php","meta":{"_acf_changed":false,"cwp_meta_box_check":"Yes","cwp_rev_product_name":"","cwp_rev_product_image":"","wppr_links":[],"cwp_rev_price":"","wppr_options":[],"wppr_pros":[],"wppr_cons":[],"_monsterinsights_skip_tracking":false,"_monsterinsights_sitenote_active":false,"_monsterinsights_sitenote_note":"","_monsterinsights_sitenote_category":0,"footnotes":""},"categories":[175],"tags":[1421,1420,885,1468],"features":[],"class_list":{"0":"post-20153","1":"page","2":"type-page","3":"status-publish","4":"has-post-thumbnail","6":"category-strumenti-seo-categoria","7":"tag-programma-seo","8":"tag-software-seo","9":"tag-strumenti-seo","10":"tag-yext"},"wppr_data":{"cwp_meta_box_check":"Yes","cwp_rev_product_name":"","cwp_rev_product_image":"","cwp_image_link":"image","cwp_rev_price":"","wppr_rating":"0.00"},"acf":[],"yoast_head":"<!-- This site is optimized with the Yoast SEO plugin v27.4 - https:\/\/yoast.com\/product\/yoast-seo-wordpress\/ -->\n<title>Yext: recensione software SEO - Accurate Reviews<\/title>\n<meta name=\"description\" content=\"Yext: recensione software di gestione della conoscenza digitale e SEO che consente alle aziende di organizzare tutte le informazioni per il maketing.\" \/>\n<meta name=\"robots\" content=\"index, follow, max-snippet:-1, max-image-preview:large, max-video-preview:-1\" \/>\n<link rel=\"canonical\" href=\"https:\/\/www.accuratereviews.com\/it\/strumenti-seo-lista-software\/yext-recensione\/\" \/>\n<meta property=\"og:locale\" content=\"it_IT\" \/>\n<meta property=\"og:type\" content=\"article\" \/>\n<meta property=\"og:title\" content=\"Yext: recensione software SEO - Accurate Reviews\" \/>\n<meta property=\"og:description\" content=\"Yext: recensione software di gestione della conoscenza digitale e SEO che consente alle aziende di organizzare tutte le informazioni per il maketing.\" \/>\n<meta property=\"og:url\" content=\"https:\/\/www.accuratereviews.com\/it\/strumenti-seo-lista-software\/yext-recensione\/\" \/>\n<meta property=\"og:site_name\" content=\"Accurate Reviews\" \/>\n<meta property=\"article:modified_time\" content=\"2021-11-12T15:16:34+00:00\" \/>\n<meta property=\"og:image\" content=\"https:\/\/www.accuratereviews.com\/wp-content\/uploads\/2019\/11\/Yext-1.png\" \/>\n\t<meta property=\"og:image:width\" content=\"225\" \/>\n\t<meta property=\"og:image:height\" content=\"225\" \/>\n\t<meta property=\"og:image:type\" content=\"image\/png\" \/>\n<meta name=\"twitter:card\" content=\"summary_large_image\" \/>\n<meta name=\"twitter:label1\" content=\"Tempo di lettura stimato\" \/>\n\t<meta name=\"twitter:data1\" content=\"4 minuti\" \/>\n<script type=\"application\/ld+json\" class=\"yoast-schema-graph\">{\"@context\":\"https:\\\/\\\/schema.org\",\"@graph\":[{\"@type\":\"WebPage\",\"@id\":\"https:\\\/\\\/www.accuratereviews.com\\\/it\\\/strumenti-seo-lista-software\\\/yext-recensione\\\/\",\"url\":\"https:\\\/\\\/www.accuratereviews.com\\\/it\\\/strumenti-seo-lista-software\\\/yext-recensione\\\/\",\"name\":\"Yext: recensione software SEO - Accurate Reviews\",\"isPartOf\":{\"@id\":\"https:\\\/\\\/www.accuratereviews.com\\\/it\\\/#website\"},\"primaryImageOfPage\":{\"@id\":\"https:\\\/\\\/www.accuratereviews.com\\\/it\\\/strumenti-seo-lista-software\\\/yext-recensione\\\/#primaryimage\"},\"image\":{\"@id\":\"https:\\\/\\\/www.accuratereviews.com\\\/it\\\/strumenti-seo-lista-software\\\/yext-recensione\\\/#primaryimage\"},\"thumbnailUrl\":\"https:\\\/\\\/www.accuratereviews.com\\\/wp-content\\\/uploads\\\/2019\\\/11\\\/Yext-1.png\",\"datePublished\":\"2019-11-14T16:56:35+00:00\",\"dateModified\":\"2021-11-12T15:16:34+00:00\",\"description\":\"Yext: recensione software di gestione della conoscenza digitale e SEO che consente alle aziende di organizzare tutte le informazioni per il maketing.\",\"breadcrumb\":{\"@id\":\"https:\\\/\\\/www.accuratereviews.com\\\/it\\\/strumenti-seo-lista-software\\\/yext-recensione\\\/#breadcrumb\"},\"inLanguage\":\"it-IT\",\"potentialAction\":[{\"@type\":\"ReadAction\",\"target\":[\"https:\\\/\\\/www.accuratereviews.com\\\/it\\\/strumenti-seo-lista-software\\\/yext-recensione\\\/\"]}]},{\"@type\":\"ImageObject\",\"inLanguage\":\"it-IT\",\"@id\":\"https:\\\/\\\/www.accuratereviews.com\\\/it\\\/strumenti-seo-lista-software\\\/yext-recensione\\\/#primaryimage\",\"url\":\"https:\\\/\\\/www.accuratereviews.com\\\/wp-content\\\/uploads\\\/2019\\\/11\\\/Yext-1.png\",\"contentUrl\":\"https:\\\/\\\/www.accuratereviews.com\\\/wp-content\\\/uploads\\\/2019\\\/11\\\/Yext-1.png\",\"width\":225,\"height\":225},{\"@type\":\"BreadcrumbList\",\"@id\":\"https:\\\/\\\/www.accuratereviews.com\\\/it\\\/strumenti-seo-lista-software\\\/yext-recensione\\\/#breadcrumb\",\"itemListElement\":[{\"@type\":\"ListItem\",\"position\":1,\"name\":\"Home\",\"item\":\"https:\\\/\\\/www.accuratereviews.com\\\/it\\\/\"},{\"@type\":\"ListItem\",\"position\":2,\"name\":\"Strumenti SEO\",\"item\":\"https:\\\/\\\/www.accuratereviews.com\\\/it\\\/strumenti-seo-lista-software\\\/\"},{\"@type\":\"ListItem\",\"position\":3,\"name\":\"Yext\"}]},{\"@type\":\"WebSite\",\"@id\":\"https:\\\/\\\/www.accuratereviews.com\\\/it\\\/#website\",\"url\":\"https:\\\/\\\/www.accuratereviews.com\\\/it\\\/\",\"name\":\"Accurate Reviews\",\"description\":\"\",\"potentialAction\":[{\"@type\":\"SearchAction\",\"target\":{\"@type\":\"EntryPoint\",\"urlTemplate\":\"https:\\\/\\\/www.accuratereviews.com\\\/it\\\/?s={search_term_string}\"},\"query-input\":{\"@type\":\"PropertyValueSpecification\",\"valueRequired\":true,\"valueName\":\"search_term_string\"}}],\"inLanguage\":\"it-IT\"}]}<\/script>\n<!-- \/ Yoast SEO plugin. -->","yoast_head_json":{"title":"Yext: recensione software SEO - Accurate Reviews","description":"Yext: recensione software di gestione della conoscenza digitale e SEO che consente alle aziende di organizzare tutte le informazioni per il maketing.","robots":{"index":"index","follow":"follow","max-snippet":"max-snippet:-1","max-image-preview":"max-image-preview:large","max-video-preview":"max-video-preview:-1"},"canonical":"https:\/\/www.accuratereviews.com\/it\/strumenti-seo-lista-software\/yext-recensione\/","og_locale":"it_IT","og_type":"article","og_title":"Yext: recensione software SEO - Accurate Reviews","og_description":"Yext: recensione software di gestione della conoscenza digitale e SEO che consente alle aziende di organizzare tutte le informazioni per il maketing.","og_url":"https:\/\/www.accuratereviews.com\/it\/strumenti-seo-lista-software\/yext-recensione\/","og_site_name":"Accurate Reviews","article_modified_time":"2021-11-12T15:16:34+00:00","og_image":[{"width":225,"height":225,"url":"https:\/\/www.accuratereviews.com\/wp-content\/uploads\/2019\/11\/Yext-1.png","type":"image\/png"}],"twitter_card":"summary_large_image","twitter_misc":{"Tempo di lettura stimato":"4 minuti"},"schema":{"@context":"https:\/\/schema.org","@graph":[{"@type":"WebPage","@id":"https:\/\/www.accuratereviews.com\/it\/strumenti-seo-lista-software\/yext-recensione\/","url":"https:\/\/www.accuratereviews.com\/it\/strumenti-seo-lista-software\/yext-recensione\/","name":"Yext: recensione software SEO - Accurate Reviews","isPartOf":{"@id":"https:\/\/www.accuratereviews.com\/it\/#website"},"primaryImageOfPage":{"@id":"https:\/\/www.accuratereviews.com\/it\/strumenti-seo-lista-software\/yext-recensione\/#primaryimage"},"image":{"@id":"https:\/\/www.accuratereviews.com\/it\/strumenti-seo-lista-software\/yext-recensione\/#primaryimage"},"thumbnailUrl":"https:\/\/www.accuratereviews.com\/wp-content\/uploads\/2019\/11\/Yext-1.png","datePublished":"2019-11-14T16:56:35+00:00","dateModified":"2021-11-12T15:16:34+00:00","description":"Yext: recensione software di gestione della conoscenza digitale e SEO che consente alle aziende di organizzare tutte le informazioni per il maketing.","breadcrumb":{"@id":"https:\/\/www.accuratereviews.com\/it\/strumenti-seo-lista-software\/yext-recensione\/#breadcrumb"},"inLanguage":"it-IT","potentialAction":[{"@type":"ReadAction","target":["https:\/\/www.accuratereviews.com\/it\/strumenti-seo-lista-software\/yext-recensione\/"]}]},{"@type":"ImageObject","inLanguage":"it-IT","@id":"https:\/\/www.accuratereviews.com\/it\/strumenti-seo-lista-software\/yext-recensione\/#primaryimage","url":"https:\/\/www.accuratereviews.com\/wp-content\/uploads\/2019\/11\/Yext-1.png","contentUrl":"https:\/\/www.accuratereviews.com\/wp-content\/uploads\/2019\/11\/Yext-1.png","width":225,"height":225},{"@type":"BreadcrumbList","@id":"https:\/\/www.accuratereviews.com\/it\/strumenti-seo-lista-software\/yext-recensione\/#breadcrumb","itemListElement":[{"@type":"ListItem","position":1,"name":"Home","item":"https:\/\/www.accuratereviews.com\/it\/"},{"@type":"ListItem","position":2,"name":"Strumenti SEO","item":"https:\/\/www.accuratereviews.com\/it\/strumenti-seo-lista-software\/"},{"@type":"ListItem","position":3,"name":"Yext"}]},{"@type":"WebSite","@id":"https:\/\/www.accuratereviews.com\/it\/#website","url":"https:\/\/www.accuratereviews.com\/it\/","name":"Accurate Reviews","description":"","potentialAction":[{"@type":"SearchAction","target":{"@type":"EntryPoint","urlTemplate":"https:\/\/www.accuratereviews.com\/it\/?s={search_term_string}"},"query-input":{"@type":"PropertyValueSpecification","valueRequired":true,"valueName":"search_term_string"}}],"inLanguage":"it-IT"}]}},"_links":{"self":[{"href":"https:\/\/www.accuratereviews.com\/it\/wp-json\/wp\/v2\/pages\/20153","targetHints":{"allow":["GET"]}}],"collection":[{"href":"https:\/\/www.accuratereviews.com\/it\/wp-json\/wp\/v2\/pages"}],"about":[{"href":"https:\/\/www.accuratereviews.com\/it\/wp-json\/wp\/v2\/types\/page"}],"author":[{"embeddable":true,"href":"https:\/\/www.accuratereviews.com\/it\/wp-json\/wp\/v2\/users\/19"}],"replies":[{"embeddable":true,"href":"https:\/\/www.accuratereviews.com\/it\/wp-json\/wp\/v2\/comments?post=20153"}],"version-history":[{"count":5,"href":"https:\/\/www.accuratereviews.com\/it\/wp-json\/wp\/v2\/pages\/20153\/revisions"}],"predecessor-version":[{"id":49931,"href":"https:\/\/www.accuratereviews.com\/it\/wp-json\/wp\/v2\/pages\/20153\/revisions\/49931"}],"up":[{"embeddable":true,"href":"https:\/\/www.accuratereviews.com\/it\/wp-json\/wp\/v2\/pages\/8849"}],"wp:featuredmedia":[{"embeddable":true,"href":"https:\/\/www.accuratereviews.com\/it\/wp-json\/wp\/v2\/media\/20160"}],"wp:attachment":[{"href":"https:\/\/www.accuratereviews.com\/it\/wp-json\/wp\/v2\/media?parent=20153"}],"wp:term":[{"taxonomy":"category","embeddable":true,"href":"https:\/\/www.accuratereviews.com\/it\/wp-json\/wp\/v2\/categories?post=20153"},{"taxonomy":"post_tag","embeddable":true,"href":"https:\/\/www.accuratereviews.com\/it\/wp-json\/wp\/v2\/tags?post=20153"},{"taxonomy":"features","embeddable":true,"href":"https:\/\/www.accuratereviews.com\/it\/wp-json\/wp\/v2\/features?post=20153"}],"curies":[{"name":"wp","href":"https:\/\/api.w.org\/{rel}","templated":true}]}}