{"id":20167,"date":"2019-11-14T16:56:10","date_gmt":"2019-11-14T16:56:10","guid":{"rendered":"https:\/\/www.accuratereviews.com\/?page_id=20167"},"modified":"2021-11-11T16:10:05","modified_gmt":"2021-11-11T16:10:05","slug":"adhawk-recensione","status":"publish","type":"page","link":"https:\/\/www.accuratereviews.com\/it\/strumenti-seo-lista-software\/adhawk-recensione\/","title":{"rendered":"AdHawk"},"content":{"rendered":"<p><strong>AdHawk<\/strong> \u00e8 una potente piattaforma di ottimizzazione della<strong> pubblicit\u00e0 digitale<\/strong> supportata dall&#8217;apprendimento automatico. Si collega ai tuoi annunci di Facebook e al tuo account Google AdWords per consentirti di gestirli da un&#8217;unica interfaccia. Per questo motivo, puoi anche ottenere aggiornamenti in tempo reale su un pannello pratico e pulito.\u00a0L&#8217;applicazione rimuove anche la complessit\u00e0 dall&#8217;ottimizzazione. Studia le tendenze nei tuoi dati per trovare i fattori che influenzano il rendimento delle tue campagne. Nel tempo, AdHawk acquisisce una conoscenza completa delle tue operazioni pubblicitarie per creare una roadmap unica per le tue esigenze. Con questo programma, puoi massimizzare i tuoi investimenti pubblicitari e aumentare il ROI.<\/p>\n<h2>ADHAWK &#8211; TUTORIAL<\/h2>\n<p>Guardando il tutorial scopriamo con questo <strong>software SEO\u00a0<\/strong>come \u00e8 semplice per gestire i tuoi annunci Google e Facebook:<\/p>\n<div id=\"fluid-wrapper-counter-1\" class=\"g1-fluid-wrapper \" style=\"width:686px;\">\n<div style=\"padding-bottom:56.268221574344%;\"><iframe loading=\"lazy\" title=\"Google Ads Tutorial | How to set up Ad Schedules | AdHawk\" width=\"686\" height=\"386\" src=\"https:\/\/www.youtube.com\/embed\/AgYIR3NYg4k?feature=oembed&amp;wmode=transparent&amp;autohide=1&amp;autoplay=0&amp;disablekb=0&amp;fs=1&amp;loop=0&amp;enablejsapi=1&amp;rel=0&amp;controls=2&amp;showinfo=0&amp;wmode=transparent&amp;autohide=2&amp;autoplay=0&amp;disablekb=0&amp;fs=1&amp;loop=0&amp;enablejsapi=1&amp;rel=0&amp;controls=2&amp;showinfo=1\" frameborder=\"0\" allow=\"accelerometer; autoplay; clipboard-write; encrypted-media; gyroscope; picture-in-picture\" allowfullscreen><\/iframe><\/div>\n<\/div>\n<h2>ADHAWK &#8211; CARATTERISTICHE<\/h2>\n<ul>\n<li>Suddivisione in fasce orarie<\/li>\n<li>Ottimizzazione delle parole chiave<\/li>\n<li>Riassegnazione del budget<\/li>\n<li>Localizzatore del miglior pubblico<\/li>\n<li>Dashboard dell&#8217;app mobile<\/li>\n<li>Rapporti e-mail settimanali in PDF<\/li>\n<li>Dashboard web personalizzabile<\/li>\n<li>Assistenza email 24\/5<\/li>\n<li>Supporto chat nell&#8217;app<\/li>\n<li>Tutorial illimitati per te e il tuo team<\/li>\n<\/ul>\n<h4>LE RECENSIONI DEGLI UTENTI<\/h4>\n<h4>Anson G. &#8220;Come CMO, affido tutte le mie campagne digitali ad AdHawks e non hanno mai deluso!&#8221;<\/h4>\n<p><strong>Commenti<\/strong>: AdHawks mi d\u00e0 la sicurezza di sapere che tutte le mie campagne digitali vengono gestite in modo efficace, le mie spese sono ottimizzate e le campagne vengono costantemente verificate.<\/p>\n<p><strong>Vantaggi<\/strong>: AdHawks mi consente di eseguire simultaneamente pi\u00f9 campagne digitali ottimizzando la spesa e massimizzando il ritorno. L&#8217;intero team di AdHawks \u00e8 estremamente reattivo e competente. Il fatto di averli tra il mio arsenale di esperti di marketing si \u00e8 dimostrato prezioso! Ho usato AdHawk per due aziende molto diverse (all&#8217;interno di settori diversi) e hanno costantemente aumentato il guadagno! Far\u00f2 sempre spazio nel mio budget di marketing per AdHawk.<\/p>\n<p><strong>Inconvenienti<\/strong>: alcune campagne digitali possono essere complesse. In un mondo perfetto, ci sarebbe un modo pi\u00f9 ottimizzato per spiegare le diverse sfumature di ogni campagna.<\/p>\n<h4>Jillian C. &#8220;AdHawk ha aiutato le nostre aziende a ridimensionare i nostri account AdWords e aumentare significativamente il nostri ROI&#8221;<\/h4>\n<p><strong>Commenti<\/strong>: Il nostro account AdWords ha registrato un notevole aumento del ROI mese dopo mese e non devo pi\u00f9 trascorrere 5-10 ore alla settimana in AdWords.<\/p>\n<p><strong>Vantaggi<\/strong>: l&#8217;onboarding \u00e8 davvero semplice ed \u00e8 molto chiaro che il team \u00e8 molto ben informato. Onestamente la parte migliore di AdHawk \u00e8 stata quella di potersi rilassare e osservare il nostro ROI aumentare di mese in mese. Ha trasformato il doloroso processo di ottimizzazione di AdWords in un processo delizioso.<\/p>\n<p><strong>Inconvenienti<\/strong>: Vorrei che ci fosse un account manager a cui potevo rivolgermi mentre utilizzavo &#8220;Assistente AdHawk&#8221;. So che esiste un&#8217;opzione di servizio gestito con un account manager e lo prover\u00f2 per un&#8217;altra attivit\u00e0.<\/p>\n<h4>Chris C. &#8220;Facile da usare, facile da integrare nei miei account, solido team di supporto e ROI migliorato.&#8221;<\/h4>\n<p><strong>Commenti<\/strong>: ottimizzazione dell&#8217;account rapida ed efficiente.<\/p>\n<p><strong>Vantaggi<\/strong>: \u00e8 stato davvero facile iniziare a utilizzare AdHawk. Nel giro di pochi minuti abbiamo ricevuto consigli di miglioramento per le nostre campagne. Fornisce soluzioni semplici che posso accettare o rifiutare, quindi apprezzo ancora l&#8217;autonomia delle mie decisioni sulla campagna.<\/p>\n<p><strong>Inconvenienti<\/strong>: a volte desidero ricevere pi\u00f9 consigli per le mie campagne prioritarie. Il team ha affermato che \u00e8 qualcosa su cui stanno lavorando. Nel complesso ricevo ancora molti suggerimenti, quindi non \u00e8 urgente, ma \u00e8 bello sapere che hanno in mente questo.<\/p>\n","protected":false},"excerpt":{"rendered":"<p>AdHawk \u00e8 una potente piattaforma di ottimizzazione della pubblicit\u00e0 digitale supportata dall&#8217;apprendimento automatico. Si collega ai tuoi annunci di Facebook e al tuo account Google AdWords per consentirti di gestirli da un&#8217;unica interfaccia. Per questo motivo, puoi anche ottenere aggiornamenti in tempo reale su un pannello pratico e pulito.\u00a0<\/p>\n","protected":false},"author":19,"featured_media":20170,"parent":8849,"menu_order":0,"comment_status":"open","ping_status":"closed","template":"g1_template_page_review_new.php","meta":{"_acf_changed":false,"cwp_meta_box_check":"Yes","cwp_rev_product_name":"","cwp_rev_product_image":"","wppr_links":[],"cwp_rev_price":"","wppr_options":[],"wppr_pros":[],"wppr_cons":[],"_monsterinsights_skip_tracking":false,"_monsterinsights_sitenote_active":false,"_monsterinsights_sitenote_note":"","_monsterinsights_sitenote_category":0,"footnotes":""},"categories":[175],"tags":[1469,1410,1421,1470,1420,1417],"features":[],"class_list":{"0":"post-20167","1":"page","2":"type-page","3":"status-publish","4":"has-post-thumbnail","6":"category-strumenti-seo-categoria","7":"tag-adhawk","8":"tag-programma-pubblicita-digitale","9":"tag-programma-seo","10":"tag-software-pubblicita-digitale","11":"tag-software-seo","12":"tag-soluzione-seo"},"wppr_data":{"cwp_meta_box_check":"Yes","cwp_rev_product_name":"","cwp_rev_product_image":"","cwp_image_link":"image","cwp_rev_price":"","wppr_rating":"0.00"},"acf":[],"yoast_head":"<!-- This site is optimized with the Yoast SEO plugin v27.4 - https:\/\/yoast.com\/product\/yoast-seo-wordpress\/ -->\n<title>Adhawk: recensione software SEO - Accurate Reviews<\/title>\n<meta name=\"description\" content=\"AdHawk: recensione potente piattaforma di ottimizzazione della pubblicit\u00e0 digitale supportata dall&#039;apprendimento automatico.\" \/>\n<meta name=\"robots\" content=\"index, follow, max-snippet:-1, max-image-preview:large, max-video-preview:-1\" \/>\n<link rel=\"canonical\" href=\"https:\/\/www.accuratereviews.com\/it\/strumenti-seo-lista-software\/adhawk-recensione\/\" \/>\n<meta property=\"og:locale\" content=\"it_IT\" \/>\n<meta property=\"og:type\" content=\"article\" \/>\n<meta property=\"og:title\" content=\"Adhawk: recensione software SEO - Accurate Reviews\" \/>\n<meta property=\"og:description\" content=\"AdHawk: recensione potente piattaforma di ottimizzazione della pubblicit\u00e0 digitale supportata dall&#039;apprendimento automatico.\" \/>\n<meta property=\"og:url\" content=\"https:\/\/www.accuratereviews.com\/it\/strumenti-seo-lista-software\/adhawk-recensione\/\" \/>\n<meta property=\"og:site_name\" content=\"Accurate Reviews\" \/>\n<meta property=\"article:modified_time\" content=\"2021-11-11T16:10:05+00:00\" \/>\n<meta property=\"og:image\" content=\"https:\/\/www.accuratereviews.com\/wp-content\/uploads\/2019\/11\/adhawk-.png\" \/>\n\t<meta property=\"og:image:width\" content=\"855\" \/>\n\t<meta property=\"og:image:height\" content=\"200\" \/>\n\t<meta property=\"og:image:type\" content=\"image\/png\" \/>\n<meta name=\"twitter:card\" content=\"summary_large_image\" \/>\n<meta name=\"twitter:label1\" content=\"Tempo di lettura stimato\" \/>\n\t<meta name=\"twitter:data1\" content=\"3 minuti\" \/>\n<script type=\"application\/ld+json\" class=\"yoast-schema-graph\">{\"@context\":\"https:\\\/\\\/schema.org\",\"@graph\":[{\"@type\":\"WebPage\",\"@id\":\"https:\\\/\\\/www.accuratereviews.com\\\/it\\\/strumenti-seo-lista-software\\\/adhawk-recensione\\\/\",\"url\":\"https:\\\/\\\/www.accuratereviews.com\\\/it\\\/strumenti-seo-lista-software\\\/adhawk-recensione\\\/\",\"name\":\"Adhawk: recensione software SEO - Accurate Reviews\",\"isPartOf\":{\"@id\":\"https:\\\/\\\/www.accuratereviews.com\\\/it\\\/#website\"},\"primaryImageOfPage\":{\"@id\":\"https:\\\/\\\/www.accuratereviews.com\\\/it\\\/strumenti-seo-lista-software\\\/adhawk-recensione\\\/#primaryimage\"},\"image\":{\"@id\":\"https:\\\/\\\/www.accuratereviews.com\\\/it\\\/strumenti-seo-lista-software\\\/adhawk-recensione\\\/#primaryimage\"},\"thumbnailUrl\":\"https:\\\/\\\/www.accuratereviews.com\\\/wp-content\\\/uploads\\\/2019\\\/11\\\/adhawk-.png\",\"datePublished\":\"2019-11-14T16:56:10+00:00\",\"dateModified\":\"2021-11-11T16:10:05+00:00\",\"description\":\"AdHawk: recensione potente piattaforma di ottimizzazione della pubblicit\u00e0 digitale supportata dall'apprendimento automatico.\",\"breadcrumb\":{\"@id\":\"https:\\\/\\\/www.accuratereviews.com\\\/it\\\/strumenti-seo-lista-software\\\/adhawk-recensione\\\/#breadcrumb\"},\"inLanguage\":\"it-IT\",\"potentialAction\":[{\"@type\":\"ReadAction\",\"target\":[\"https:\\\/\\\/www.accuratereviews.com\\\/it\\\/strumenti-seo-lista-software\\\/adhawk-recensione\\\/\"]}]},{\"@type\":\"ImageObject\",\"inLanguage\":\"it-IT\",\"@id\":\"https:\\\/\\\/www.accuratereviews.com\\\/it\\\/strumenti-seo-lista-software\\\/adhawk-recensione\\\/#primaryimage\",\"url\":\"https:\\\/\\\/www.accuratereviews.com\\\/wp-content\\\/uploads\\\/2019\\\/11\\\/adhawk-.png\",\"contentUrl\":\"https:\\\/\\\/www.accuratereviews.com\\\/wp-content\\\/uploads\\\/2019\\\/11\\\/adhawk-.png\",\"width\":855,\"height\":200},{\"@type\":\"BreadcrumbList\",\"@id\":\"https:\\\/\\\/www.accuratereviews.com\\\/it\\\/strumenti-seo-lista-software\\\/adhawk-recensione\\\/#breadcrumb\",\"itemListElement\":[{\"@type\":\"ListItem\",\"position\":1,\"name\":\"Home\",\"item\":\"https:\\\/\\\/www.accuratereviews.com\\\/it\\\/\"},{\"@type\":\"ListItem\",\"position\":2,\"name\":\"Strumenti SEO\",\"item\":\"https:\\\/\\\/www.accuratereviews.com\\\/it\\\/strumenti-seo-lista-software\\\/\"},{\"@type\":\"ListItem\",\"position\":3,\"name\":\"AdHawk\"}]},{\"@type\":\"WebSite\",\"@id\":\"https:\\\/\\\/www.accuratereviews.com\\\/it\\\/#website\",\"url\":\"https:\\\/\\\/www.accuratereviews.com\\\/it\\\/\",\"name\":\"Accurate Reviews\",\"description\":\"\",\"potentialAction\":[{\"@type\":\"SearchAction\",\"target\":{\"@type\":\"EntryPoint\",\"urlTemplate\":\"https:\\\/\\\/www.accuratereviews.com\\\/it\\\/?s={search_term_string}\"},\"query-input\":{\"@type\":\"PropertyValueSpecification\",\"valueRequired\":true,\"valueName\":\"search_term_string\"}}],\"inLanguage\":\"it-IT\"}]}<\/script>\n<!-- \/ Yoast SEO plugin. -->","yoast_head_json":{"title":"Adhawk: recensione software SEO - Accurate Reviews","description":"AdHawk: recensione potente piattaforma di ottimizzazione della pubblicit\u00e0 digitale supportata dall'apprendimento automatico.","robots":{"index":"index","follow":"follow","max-snippet":"max-snippet:-1","max-image-preview":"max-image-preview:large","max-video-preview":"max-video-preview:-1"},"canonical":"https:\/\/www.accuratereviews.com\/it\/strumenti-seo-lista-software\/adhawk-recensione\/","og_locale":"it_IT","og_type":"article","og_title":"Adhawk: recensione software SEO - Accurate Reviews","og_description":"AdHawk: recensione potente piattaforma di ottimizzazione della pubblicit\u00e0 digitale supportata dall'apprendimento automatico.","og_url":"https:\/\/www.accuratereviews.com\/it\/strumenti-seo-lista-software\/adhawk-recensione\/","og_site_name":"Accurate Reviews","article_modified_time":"2021-11-11T16:10:05+00:00","og_image":[{"width":855,"height":200,"url":"https:\/\/www.accuratereviews.com\/wp-content\/uploads\/2019\/11\/adhawk-.png","type":"image\/png"}],"twitter_card":"summary_large_image","twitter_misc":{"Tempo di lettura stimato":"3 minuti"},"schema":{"@context":"https:\/\/schema.org","@graph":[{"@type":"WebPage","@id":"https:\/\/www.accuratereviews.com\/it\/strumenti-seo-lista-software\/adhawk-recensione\/","url":"https:\/\/www.accuratereviews.com\/it\/strumenti-seo-lista-software\/adhawk-recensione\/","name":"Adhawk: recensione software SEO - Accurate Reviews","isPartOf":{"@id":"https:\/\/www.accuratereviews.com\/it\/#website"},"primaryImageOfPage":{"@id":"https:\/\/www.accuratereviews.com\/it\/strumenti-seo-lista-software\/adhawk-recensione\/#primaryimage"},"image":{"@id":"https:\/\/www.accuratereviews.com\/it\/strumenti-seo-lista-software\/adhawk-recensione\/#primaryimage"},"thumbnailUrl":"https:\/\/www.accuratereviews.com\/wp-content\/uploads\/2019\/11\/adhawk-.png","datePublished":"2019-11-14T16:56:10+00:00","dateModified":"2021-11-11T16:10:05+00:00","description":"AdHawk: recensione potente piattaforma di ottimizzazione della pubblicit\u00e0 digitale supportata dall'apprendimento automatico.","breadcrumb":{"@id":"https:\/\/www.accuratereviews.com\/it\/strumenti-seo-lista-software\/adhawk-recensione\/#breadcrumb"},"inLanguage":"it-IT","potentialAction":[{"@type":"ReadAction","target":["https:\/\/www.accuratereviews.com\/it\/strumenti-seo-lista-software\/adhawk-recensione\/"]}]},{"@type":"ImageObject","inLanguage":"it-IT","@id":"https:\/\/www.accuratereviews.com\/it\/strumenti-seo-lista-software\/adhawk-recensione\/#primaryimage","url":"https:\/\/www.accuratereviews.com\/wp-content\/uploads\/2019\/11\/adhawk-.png","contentUrl":"https:\/\/www.accuratereviews.com\/wp-content\/uploads\/2019\/11\/adhawk-.png","width":855,"height":200},{"@type":"BreadcrumbList","@id":"https:\/\/www.accuratereviews.com\/it\/strumenti-seo-lista-software\/adhawk-recensione\/#breadcrumb","itemListElement":[{"@type":"ListItem","position":1,"name":"Home","item":"https:\/\/www.accuratereviews.com\/it\/"},{"@type":"ListItem","position":2,"name":"Strumenti SEO","item":"https:\/\/www.accuratereviews.com\/it\/strumenti-seo-lista-software\/"},{"@type":"ListItem","position":3,"name":"AdHawk"}]},{"@type":"WebSite","@id":"https:\/\/www.accuratereviews.com\/it\/#website","url":"https:\/\/www.accuratereviews.com\/it\/","name":"Accurate Reviews","description":"","potentialAction":[{"@type":"SearchAction","target":{"@type":"EntryPoint","urlTemplate":"https:\/\/www.accuratereviews.com\/it\/?s={search_term_string}"},"query-input":{"@type":"PropertyValueSpecification","valueRequired":true,"valueName":"search_term_string"}}],"inLanguage":"it-IT"}]}},"_links":{"self":[{"href":"https:\/\/www.accuratereviews.com\/it\/wp-json\/wp\/v2\/pages\/20167","targetHints":{"allow":["GET"]}}],"collection":[{"href":"https:\/\/www.accuratereviews.com\/it\/wp-json\/wp\/v2\/pages"}],"about":[{"href":"https:\/\/www.accuratereviews.com\/it\/wp-json\/wp\/v2\/types\/page"}],"author":[{"embeddable":true,"href":"https:\/\/www.accuratereviews.com\/it\/wp-json\/wp\/v2\/users\/19"}],"replies":[{"embeddable":true,"href":"https:\/\/www.accuratereviews.com\/it\/wp-json\/wp\/v2\/comments?post=20167"}],"version-history":[{"count":10,"href":"https:\/\/www.accuratereviews.com\/it\/wp-json\/wp\/v2\/pages\/20167\/revisions"}],"predecessor-version":[{"id":49858,"href":"https:\/\/www.accuratereviews.com\/it\/wp-json\/wp\/v2\/pages\/20167\/revisions\/49858"}],"up":[{"embeddable":true,"href":"https:\/\/www.accuratereviews.com\/it\/wp-json\/wp\/v2\/pages\/8849"}],"wp:featuredmedia":[{"embeddable":true,"href":"https:\/\/www.accuratereviews.com\/it\/wp-json\/wp\/v2\/media\/20170"}],"wp:attachment":[{"href":"https:\/\/www.accuratereviews.com\/it\/wp-json\/wp\/v2\/media?parent=20167"}],"wp:term":[{"taxonomy":"category","embeddable":true,"href":"https:\/\/www.accuratereviews.com\/it\/wp-json\/wp\/v2\/categories?post=20167"},{"taxonomy":"post_tag","embeddable":true,"href":"https:\/\/www.accuratereviews.com\/it\/wp-json\/wp\/v2\/tags?post=20167"},{"taxonomy":"features","embeddable":true,"href":"https:\/\/www.accuratereviews.com\/it\/wp-json\/wp\/v2\/features?post=20167"}],"curies":[{"name":"wp","href":"https:\/\/api.w.org\/{rel}","templated":true}]}}