{"id":20190,"date":"2019-11-15T15:14:02","date_gmt":"2019-11-15T15:14:02","guid":{"rendered":"https:\/\/www.accuratereviews.com\/?page_id=20190"},"modified":"2021-11-10T11:59:32","modified_gmt":"2021-11-10T11:59:32","slug":"textmetrics-recensione","status":"publish","type":"page","link":"https:\/\/www.accuratereviews.com\/it\/strumenti-seo-lista-software\/textmetrics-recensione\/","title":{"rendered":"Textmetrics"},"content":{"rendered":"<p><strong>Textmetrics<\/strong> \u00e8 uno strumento di <strong>ottimizzazione dei motori di ricerca (SEO)<\/strong> che consente alle aziende di migliorare i tassi di conversione dei loro contenuti online e offline. Fornisce agli utenti suggerimenti di testo in tempo reale che corrispondono al loro pubblico di destinazione. Fornisce inoltre un punteggio per far loro sapere agli utenti se sono in grado di raggiungere la qualit\u00e0 desiderata in base agli standard dell&#8217;azienda. Il software \u00e8 flessibile e si integra perfettamente con\u00a0WordPress,\u00a0Joomla,\u00a0Drupal,\u00a0Sitecore,\u00a0Umbraco e\u00a0Episerver CMS.<\/p>\n<h2>TEXTMETRICS &#8211; TUTORIAL<\/h2>\n<p>In questo tutorial scoprirai come scrivere contenuti di qualit\u00e0 superiore in pochissimo tempo! Raggiungi il tuo pubblico di destinazione e aumenta la conversione scrivendo i tuoi contenuti con questo <strong>software SEO<\/strong>:<\/p>\n<div id=\"fluid-wrapper-counter-1\" class=\"g1-fluid-wrapper \" style=\"width:686px;\">\n<div style=\"padding-bottom:56.268221574344%;\"><iframe loading=\"lazy\" title=\"How to optimize a Page (Content)?\" width=\"686\" height=\"386\" src=\"https:\/\/www.youtube.com\/embed\/mD_K0Zl2qNI?feature=oembed&amp;wmode=transparent&amp;autohide=1&amp;autoplay=0&amp;disablekb=0&amp;fs=1&amp;loop=0&amp;enablejsapi=1&amp;rel=0&amp;controls=2&amp;showinfo=0&amp;wmode=transparent&amp;autohide=2&amp;autoplay=0&amp;disablekb=0&amp;fs=1&amp;loop=0&amp;enablejsapi=1&amp;rel=0&amp;controls=2&amp;showinfo=1\" frameborder=\"0\" allow=\"accelerometer; autoplay; clipboard-write; encrypted-media; gyroscope; picture-in-picture\" allowfullscreen><\/iframe><\/div>\n<\/div>\n<h3>TEXTMETRICS &#8211; CARATTERISTICHE<\/h3>\n<ul>\n<li>Analisi delle parole chiave<\/li>\n<li>Dashboard sulla qualit\u00e0 dei contenuti<\/li>\n<li>Analisi di leggibilit\u00e0<\/li>\n<li>Tracciamento del ranking della pagina<\/li>\n<li>Suggerimenti per l&#8217;ottimizzazione in tempo reale<\/li>\n<li>Ottimizzatore di conversione del testo<\/li>\n<li>Integrazione di meta tag social e SEO<\/li>\n<\/ul>\n<h4>LE RECENSIONI DEGLI UTENTI<\/h4>\n<h4>Lindsay S. &#8220;Modo intuitivo e ottimizzato per mantenere il SEO sotto controllo in tempo reale&#8221;<\/h4>\n<p><strong>Commenti<\/strong>: Questo mi ha permesso di risparmiare ore ogni settimana sul SEO per il mio sito, ma anche dalle domande sul campo da parte dei clienti e nella gestione diretta dei siti dei clienti e del SEO.<\/p>\n<p><strong>Vantaggi<\/strong>: SEO \u00e8 uno scoglio enorme per molti dei miei clienti di piccole imprese. Questo \u00e8 stato lo strumento migliore sia per me che per me stesso, e per raccomandare ai clienti. Il fatto che sia intuitivo da usare e ti dica in tempo reale ci\u00f2 che \u00e8 buono o cattivo \u00a0\u00e8 la chiave. Se viene apportata una modifica all&#8217;algoritmo SER, questo viene automaticamente preso in considerazione in modo da non dover assumere quel ruolo se sei un piccolo imprenditore. I social tag e i metatag sono integrati anche nell&#8217;interfaccia, quindi \u00e8 spiegato per te in modo tale che un laico con pochissime conoscenze SEO possa ancora prenderlo con una formazione minima o tempo investito nell&#8217;apprendimento della SEO.<\/p>\n<p><strong>Inconvenienti<\/strong>: so che alcuni dei miei clienti meno tecnicamente esperti hanno avuto confusione con le impostazioni della scheda social. Se ho un feedback costruttivo, \u00e8 utile avere una breve descrizione o una spiegazione di ci\u00f2 che influir\u00e0 sulle modifiche apportate alle varie impostazioni o sulla differenza che far\u00e0 per l&#8217;utente finale se scelgono abilita contro disabilita, per esempio.<\/p>\n<h4>Ale R. &#8220;Salva il mio seo&#8221;<\/h4>\n<p><strong>Commenti<\/strong>: Risparmia MOLTO tempo per rendere i tuoi contenuti seo friendly<\/p>\n<p><strong>Vantaggi<\/strong>: migliora tutti i tuoi contenuti, rendi pi\u00f9 facile il posizionamento su google. Il meglio di questo prodotto \u00e8 il plugin per wordpress &#8211; Perfetto per le persone senza conoscenza seo, come giornalisti o scrittori<br \/>\n&#8211; Facile da usare<br \/>\n&#8211; Buoni consigli<br \/>\n&#8211; Salva un sacco di volte<br \/>\n&#8211; Integrazione con un sacco di CMS<br \/>\n&#8211; Funziona davvero<br \/>\n&#8211; Buon supporto Mi stanco di spiegare al mio giornalista come modificare un articolo su seo friendly. Ora con questo software non devo. Controllano e migliorano. Ora aggiungono un&#8217;altra funzionalit\u00e0, che migliora la ridondabilit\u00e0. Sul nostro sito somosmamas.com.ar passiamo da 500 persone ogni giorno da google a 50-60K al giorno &#8230;. quindi funziona.<\/p>\n<p><strong>Inconvenienti<\/strong>: &#8211; Il ranking delle pagine non \u00e8 buono<br \/>\n&#8211; il grado di competizione non \u00e8 buono.<br \/>\n&#8211; Dati scadenti<br \/>\n&#8211; Usano il credito Non mi piace usare il credito per i gradi di controllo o la concorrenza, ma i dati sono cos\u00ec pessimi che non uso mai i crediti. Il meglio di Webtexttool \u00e8 il plugin (5 stelle), le altre Funzionalit\u00e0 al momento sono mediocri o scadenti (1 stelle). Ma il plugin \u00e8 incredibilmente buono.<\/p>\n<h4>Francisco A. &#8220;Un&#8217;ottima applicazione web per posizionare i contenuti web&#8221;<\/h4>\n<p><strong>Commenti<\/strong>: utilizzo questa utility ogni settimana per ottimizzare i miei articoli sul blog per la SEO. Non sono troppo sicuro dei risultati SEO, ma gli articoli sono ragionevolmente ben posizionati e forse usare questo strumento fa parte del lavoro e dei risultati positivi. In passato ho usato plugin di wordpress che dicevano di aver fatto un lavoro simile, ma usare Textmetrics \u00e8 pi\u00f9 comodo. Posso anche organizzare gli articoli in cartelle e crearli molto prima di pubblicarli<\/p>\n<p><strong>Vantaggi<\/strong>: I vantaggi pi\u00f9 importanti sono:<br \/>\n-Facile da maneggiare e utilizzare<br \/>\n-I risultati sono rapidi e chiari<br \/>\n-Le opzioni disponibili sono complete<br \/>\n-Ho un testo ottimizzato per il SEO<br \/>\n-Ho suggerimenti per l&#8217;ottimizzazione dei miei testi<br \/>\n-Correttore incluso<\/p>\n<p><strong>Inconvenienti<\/strong>: I contro sono pochi per me:<br \/>\n-Non esiste alcuna opzione di ricerca per parole chiave che mostri il numero di ricerche e la concorrenza, al fine di scegliere le migliori parole chiave per ogni articolo.<br \/>\n-Non include l&#8217;esportazione in formato WordPress (html di wordpress) per poter copiare e incollare includendo gi\u00e0 le immagini ecc.<br \/>\n-E il peggio di tutto: non include una buona ottimizzazione completa per altre lingue ampiamente utilizzate, ad esempio lo spagnolo<\/p>\n","protected":false},"excerpt":{"rendered":"<p>Textmetrics \u00e8 uno strumento di ottimizzazione dei motori di ricerca (SEO) che consente alle aziende di migliorare i tassi di conversione dei loro contenuti online e offline. Fornisce agli utenti suggerimenti di testo in tempo reale che corrispondono al loro pubblico di destinazione.<\/p>\n","protected":false},"author":19,"featured_media":20198,"parent":8849,"menu_order":0,"comment_status":"open","ping_status":"closed","template":"g1_template_page_review_new.php","meta":{"_acf_changed":false,"cwp_meta_box_check":"Yes","cwp_rev_product_name":"","cwp_rev_product_image":"","wppr_links":[],"cwp_rev_price":"","wppr_options":[],"wppr_pros":[],"wppr_cons":[],"_monsterinsights_skip_tracking":false,"_monsterinsights_sitenote_active":false,"_monsterinsights_sitenote_note":"","_monsterinsights_sitenote_category":0,"footnotes":""},"categories":[175],"tags":[1421,1420,1417,1419,1473],"features":[],"class_list":{"0":"post-20190","1":"page","2":"type-page","3":"status-publish","4":"has-post-thumbnail","6":"category-strumenti-seo-categoria","7":"tag-programma-seo","8":"tag-software-seo","9":"tag-soluzione-seo","10":"tag-strumento-seo","11":"tag-textmetrics"},"wppr_data":{"cwp_meta_box_check":"Yes","cwp_rev_product_name":"","cwp_rev_product_image":"","cwp_image_link":"image","cwp_rev_price":"","wppr_rating":"0.00"},"acf":[],"yoast_head":"<!-- This site is optimized with the Yoast SEO plugin v27.4 - https:\/\/yoast.com\/product\/yoast-seo-wordpress\/ -->\n<title>Textmetrics: recensione software SEO - Accurate Reviews<\/title>\n<meta name=\"description\" content=\"Textmetrics: recensione strumento di ottimizzazione dei motori di ricerca (SEO) che consente alle aziende di migliorare i tassi di conversione dei contenuti\" \/>\n<meta name=\"robots\" content=\"index, follow, max-snippet:-1, max-image-preview:large, max-video-preview:-1\" \/>\n<link rel=\"canonical\" href=\"https:\/\/www.accuratereviews.com\/it\/strumenti-seo-lista-software\/textmetrics-recensione\/\" \/>\n<meta property=\"og:locale\" content=\"it_IT\" \/>\n<meta property=\"og:type\" content=\"article\" \/>\n<meta property=\"og:title\" content=\"Textmetrics: recensione software SEO - Accurate Reviews\" \/>\n<meta property=\"og:description\" content=\"Textmetrics: recensione strumento di ottimizzazione dei motori di ricerca (SEO) che consente alle aziende di migliorare i tassi di conversione dei contenuti\" \/>\n<meta property=\"og:url\" content=\"https:\/\/www.accuratereviews.com\/it\/strumenti-seo-lista-software\/textmetrics-recensione\/\" \/>\n<meta property=\"og:site_name\" content=\"Accurate Reviews\" \/>\n<meta property=\"article:modified_time\" content=\"2021-11-10T11:59:32+00:00\" \/>\n<meta property=\"og:image\" content=\"https:\/\/www.accuratereviews.com\/wp-content\/uploads\/2019\/11\/TEXT.png\" \/>\n\t<meta property=\"og:image:width\" content=\"2200\" \/>\n\t<meta property=\"og:image:height\" content=\"480\" \/>\n\t<meta property=\"og:image:type\" content=\"image\/png\" \/>\n<meta name=\"twitter:card\" content=\"summary_large_image\" \/>\n<meta name=\"twitter:label1\" content=\"Tempo di lettura stimato\" \/>\n\t<meta name=\"twitter:data1\" content=\"4 minuti\" \/>\n<script type=\"application\/ld+json\" class=\"yoast-schema-graph\">{\"@context\":\"https:\\\/\\\/schema.org\",\"@graph\":[{\"@type\":\"WebPage\",\"@id\":\"https:\\\/\\\/www.accuratereviews.com\\\/it\\\/strumenti-seo-lista-software\\\/textmetrics-recensione\\\/\",\"url\":\"https:\\\/\\\/www.accuratereviews.com\\\/it\\\/strumenti-seo-lista-software\\\/textmetrics-recensione\\\/\",\"name\":\"Textmetrics: recensione software SEO - Accurate Reviews\",\"isPartOf\":{\"@id\":\"https:\\\/\\\/www.accuratereviews.com\\\/it\\\/#website\"},\"primaryImageOfPage\":{\"@id\":\"https:\\\/\\\/www.accuratereviews.com\\\/it\\\/strumenti-seo-lista-software\\\/textmetrics-recensione\\\/#primaryimage\"},\"image\":{\"@id\":\"https:\\\/\\\/www.accuratereviews.com\\\/it\\\/strumenti-seo-lista-software\\\/textmetrics-recensione\\\/#primaryimage\"},\"thumbnailUrl\":\"https:\\\/\\\/www.accuratereviews.com\\\/wp-content\\\/uploads\\\/2019\\\/11\\\/TEXT.png\",\"datePublished\":\"2019-11-15T15:14:02+00:00\",\"dateModified\":\"2021-11-10T11:59:32+00:00\",\"description\":\"Textmetrics: recensione strumento di ottimizzazione dei motori di ricerca (SEO) che consente alle aziende di migliorare i tassi di conversione dei contenuti\",\"breadcrumb\":{\"@id\":\"https:\\\/\\\/www.accuratereviews.com\\\/it\\\/strumenti-seo-lista-software\\\/textmetrics-recensione\\\/#breadcrumb\"},\"inLanguage\":\"it-IT\",\"potentialAction\":[{\"@type\":\"ReadAction\",\"target\":[\"https:\\\/\\\/www.accuratereviews.com\\\/it\\\/strumenti-seo-lista-software\\\/textmetrics-recensione\\\/\"]}]},{\"@type\":\"ImageObject\",\"inLanguage\":\"it-IT\",\"@id\":\"https:\\\/\\\/www.accuratereviews.com\\\/it\\\/strumenti-seo-lista-software\\\/textmetrics-recensione\\\/#primaryimage\",\"url\":\"https:\\\/\\\/www.accuratereviews.com\\\/wp-content\\\/uploads\\\/2019\\\/11\\\/TEXT.png\",\"contentUrl\":\"https:\\\/\\\/www.accuratereviews.com\\\/wp-content\\\/uploads\\\/2019\\\/11\\\/TEXT.png\",\"width\":2200,\"height\":480},{\"@type\":\"BreadcrumbList\",\"@id\":\"https:\\\/\\\/www.accuratereviews.com\\\/it\\\/strumenti-seo-lista-software\\\/textmetrics-recensione\\\/#breadcrumb\",\"itemListElement\":[{\"@type\":\"ListItem\",\"position\":1,\"name\":\"Home\",\"item\":\"https:\\\/\\\/www.accuratereviews.com\\\/it\\\/\"},{\"@type\":\"ListItem\",\"position\":2,\"name\":\"Strumenti SEO\",\"item\":\"https:\\\/\\\/www.accuratereviews.com\\\/it\\\/strumenti-seo-lista-software\\\/\"},{\"@type\":\"ListItem\",\"position\":3,\"name\":\"Textmetrics\"}]},{\"@type\":\"WebSite\",\"@id\":\"https:\\\/\\\/www.accuratereviews.com\\\/it\\\/#website\",\"url\":\"https:\\\/\\\/www.accuratereviews.com\\\/it\\\/\",\"name\":\"Accurate Reviews\",\"description\":\"\",\"potentialAction\":[{\"@type\":\"SearchAction\",\"target\":{\"@type\":\"EntryPoint\",\"urlTemplate\":\"https:\\\/\\\/www.accuratereviews.com\\\/it\\\/?s={search_term_string}\"},\"query-input\":{\"@type\":\"PropertyValueSpecification\",\"valueRequired\":true,\"valueName\":\"search_term_string\"}}],\"inLanguage\":\"it-IT\"}]}<\/script>\n<!-- \/ Yoast SEO plugin. -->","yoast_head_json":{"title":"Textmetrics: recensione software SEO - Accurate Reviews","description":"Textmetrics: recensione strumento di ottimizzazione dei motori di ricerca (SEO) che consente alle aziende di migliorare i tassi di conversione dei contenuti","robots":{"index":"index","follow":"follow","max-snippet":"max-snippet:-1","max-image-preview":"max-image-preview:large","max-video-preview":"max-video-preview:-1"},"canonical":"https:\/\/www.accuratereviews.com\/it\/strumenti-seo-lista-software\/textmetrics-recensione\/","og_locale":"it_IT","og_type":"article","og_title":"Textmetrics: recensione software SEO - Accurate Reviews","og_description":"Textmetrics: recensione strumento di ottimizzazione dei motori di ricerca (SEO) che consente alle aziende di migliorare i tassi di conversione dei contenuti","og_url":"https:\/\/www.accuratereviews.com\/it\/strumenti-seo-lista-software\/textmetrics-recensione\/","og_site_name":"Accurate Reviews","article_modified_time":"2021-11-10T11:59:32+00:00","og_image":[{"width":2200,"height":480,"url":"https:\/\/www.accuratereviews.com\/wp-content\/uploads\/2019\/11\/TEXT.png","type":"image\/png"}],"twitter_card":"summary_large_image","twitter_misc":{"Tempo di lettura stimato":"4 minuti"},"schema":{"@context":"https:\/\/schema.org","@graph":[{"@type":"WebPage","@id":"https:\/\/www.accuratereviews.com\/it\/strumenti-seo-lista-software\/textmetrics-recensione\/","url":"https:\/\/www.accuratereviews.com\/it\/strumenti-seo-lista-software\/textmetrics-recensione\/","name":"Textmetrics: recensione software SEO - Accurate Reviews","isPartOf":{"@id":"https:\/\/www.accuratereviews.com\/it\/#website"},"primaryImageOfPage":{"@id":"https:\/\/www.accuratereviews.com\/it\/strumenti-seo-lista-software\/textmetrics-recensione\/#primaryimage"},"image":{"@id":"https:\/\/www.accuratereviews.com\/it\/strumenti-seo-lista-software\/textmetrics-recensione\/#primaryimage"},"thumbnailUrl":"https:\/\/www.accuratereviews.com\/wp-content\/uploads\/2019\/11\/TEXT.png","datePublished":"2019-11-15T15:14:02+00:00","dateModified":"2021-11-10T11:59:32+00:00","description":"Textmetrics: recensione strumento di ottimizzazione dei motori di ricerca (SEO) che consente alle aziende di migliorare i tassi di conversione dei contenuti","breadcrumb":{"@id":"https:\/\/www.accuratereviews.com\/it\/strumenti-seo-lista-software\/textmetrics-recensione\/#breadcrumb"},"inLanguage":"it-IT","potentialAction":[{"@type":"ReadAction","target":["https:\/\/www.accuratereviews.com\/it\/strumenti-seo-lista-software\/textmetrics-recensione\/"]}]},{"@type":"ImageObject","inLanguage":"it-IT","@id":"https:\/\/www.accuratereviews.com\/it\/strumenti-seo-lista-software\/textmetrics-recensione\/#primaryimage","url":"https:\/\/www.accuratereviews.com\/wp-content\/uploads\/2019\/11\/TEXT.png","contentUrl":"https:\/\/www.accuratereviews.com\/wp-content\/uploads\/2019\/11\/TEXT.png","width":2200,"height":480},{"@type":"BreadcrumbList","@id":"https:\/\/www.accuratereviews.com\/it\/strumenti-seo-lista-software\/textmetrics-recensione\/#breadcrumb","itemListElement":[{"@type":"ListItem","position":1,"name":"Home","item":"https:\/\/www.accuratereviews.com\/it\/"},{"@type":"ListItem","position":2,"name":"Strumenti SEO","item":"https:\/\/www.accuratereviews.com\/it\/strumenti-seo-lista-software\/"},{"@type":"ListItem","position":3,"name":"Textmetrics"}]},{"@type":"WebSite","@id":"https:\/\/www.accuratereviews.com\/it\/#website","url":"https:\/\/www.accuratereviews.com\/it\/","name":"Accurate Reviews","description":"","potentialAction":[{"@type":"SearchAction","target":{"@type":"EntryPoint","urlTemplate":"https:\/\/www.accuratereviews.com\/it\/?s={search_term_string}"},"query-input":{"@type":"PropertyValueSpecification","valueRequired":true,"valueName":"search_term_string"}}],"inLanguage":"it-IT"}]}},"_links":{"self":[{"href":"https:\/\/www.accuratereviews.com\/it\/wp-json\/wp\/v2\/pages\/20190","targetHints":{"allow":["GET"]}}],"collection":[{"href":"https:\/\/www.accuratereviews.com\/it\/wp-json\/wp\/v2\/pages"}],"about":[{"href":"https:\/\/www.accuratereviews.com\/it\/wp-json\/wp\/v2\/types\/page"}],"author":[{"embeddable":true,"href":"https:\/\/www.accuratereviews.com\/it\/wp-json\/wp\/v2\/users\/19"}],"replies":[{"embeddable":true,"href":"https:\/\/www.accuratereviews.com\/it\/wp-json\/wp\/v2\/comments?post=20190"}],"version-history":[{"count":4,"href":"https:\/\/www.accuratereviews.com\/it\/wp-json\/wp\/v2\/pages\/20190\/revisions"}],"predecessor-version":[{"id":49748,"href":"https:\/\/www.accuratereviews.com\/it\/wp-json\/wp\/v2\/pages\/20190\/revisions\/49748"}],"up":[{"embeddable":true,"href":"https:\/\/www.accuratereviews.com\/it\/wp-json\/wp\/v2\/pages\/8849"}],"wp:featuredmedia":[{"embeddable":true,"href":"https:\/\/www.accuratereviews.com\/it\/wp-json\/wp\/v2\/media\/20198"}],"wp:attachment":[{"href":"https:\/\/www.accuratereviews.com\/it\/wp-json\/wp\/v2\/media?parent=20190"}],"wp:term":[{"taxonomy":"category","embeddable":true,"href":"https:\/\/www.accuratereviews.com\/it\/wp-json\/wp\/v2\/categories?post=20190"},{"taxonomy":"post_tag","embeddable":true,"href":"https:\/\/www.accuratereviews.com\/it\/wp-json\/wp\/v2\/tags?post=20190"},{"taxonomy":"features","embeddable":true,"href":"https:\/\/www.accuratereviews.com\/it\/wp-json\/wp\/v2\/features?post=20190"}],"curies":[{"name":"wp","href":"https:\/\/api.w.org\/{rel}","templated":true}]}}