{"id":20262,"date":"2019-11-18T13:31:27","date_gmt":"2019-11-18T13:31:27","guid":{"rendered":"https:\/\/www.accuratereviews.com\/?page_id=20262"},"modified":"2021-11-10T16:39:04","modified_gmt":"2021-11-10T16:39:04","slug":"rank-ranger-recensione","status":"publish","type":"page","link":"https:\/\/www.accuratereviews.com\/it\/strumenti-seo-lista-software\/rank-ranger-recensione\/","title":{"rendered":"Rank Ranger"},"content":{"rendered":"<p><strong>Rank Ranger<\/strong> \u00e8 la <strong>piattaforma SEO<\/strong> e di software di marketing come servizio monitora il posizionamento organico, locale, mobile, di app e video su centinaia di motori di ricerca, convalida e monitora i dati di backlink e include l&#8217;integrazione delle metriche di marketing di un&#8217;ampia gamma di software e servizi di terze parti.\u00a0Le opzioni di personalizzazione completamente personalizzate al 100% \u00a0un dashboard di web marketing con trascinamento della selezione personalizzabile per adattarsi al design di qualsiasi sito, nonch\u00e9 dashboard client single sign-on, utilizzo di URL personalizzati e pianificazione automatizzata di rapporti PDF con marchio dell&#8217;azienda.<\/p>\n<h2>RANK RANGER &#8211; TUTORIAL<\/h2>\n<p>Guardiamo insieme questo tutorial per<\/p>\n<div id=\"fluid-wrapper-counter-1\" class=\"g1-fluid-wrapper \" style=\"width:686px;\">\n<div style=\"padding-bottom:56.268221574344%;\"><iframe loading=\"lazy\" title=\"How to use the Rank Tracker Dashboard Features\" width=\"686\" height=\"386\" src=\"https:\/\/www.youtube.com\/embed\/S2lcPLGbC-s?list=PLYctJE5GQchoyRG-WQfTgpvr60U4zj9eM\" frameborder=\"0\" allow=\"accelerometer; autoplay; clipboard-write; encrypted-media; gyroscope; picture-in-picture\" allowfullscreen><\/iframe><\/div>\n<\/div>\n<h2>RANK RANGER\u00a0&#8211; CARATTERISTICHE<\/h2>\n<ul>\n<li><strong>Come i clienti hanno trovato la tua inserzione<\/strong>: visualizza la ripartizione generale e giornaliera degli utenti che ti hanno trovato alla ricerca del tuo marchio rispetto alle domande su prodotti e categorie<\/li>\n<li><strong>Dove i clienti hanno trovato la tua inserzion<\/strong>e: visiona rapporti dettagliati su dove le persone hanno visualizzato la tua scheda di attivit\u00e0 commerciale sia su Ricerca Google che su Google Maps<\/li>\n<li><strong>Azioni del cliente<\/strong>: scopri quante chiamate e siti web la tua scheda di attivit\u00e0 commerciale sta guidando e scopri quante persone richiedono indicazioni stradali per raggiungere la sede della tua attivit\u00e0<\/li>\n<li><strong>Chiamate al giorno e in quale ora<\/strong>: identifica il giorno della settimana in cui ricevi pi\u00f9 chiamate dalla tua scheda di attivit\u00e0 commerciale e quali sono le ore di punta<\/li>\n<li><strong>Foto<\/strong>: confronta il numero di foto caricate da te rispetto ai tuoi clienti. Scopri come queste foto coinvolgono i tuoi potenziali clienti utilizzando il grafico di analisi giornaliero<\/li>\n<li><strong>Prestazioni di Google Posts<\/strong>: monitora il numero di visualizzazioni ricevute dai tuoi post di Google e i clic che ricevi dal pulsante di invito all&#8217;azione.<\/li>\n<\/ul>\n<h4>LE RECENSIONI DEGLI UTENTI<\/h4>\n<h4>Hailey F. &#8220;Etichetta bianca, dashboard SEO esperti, pacchetti personalizzati, facile da usare &#8211; Taglia il tuo budget a met\u00e0!&#8221;<\/h4>\n<p><strong>Commenti<\/strong>: 1. Analisi del rango a dominio singolo e analisi del rango del dominio della concorrenza utilizzando 3.000 parole chiave e frasi<br \/>\n2. Analisi della pagina di destinazione per parole chiave singole: dove sono presenti e mancanti le mie grandi parole chiave?<br \/>\n3. Backlink e link di riferimento &#8211; gestione della reputazione<br \/>\n4. Aggiornamenti algoritmici e analisi delle modifiche su come queste modifiche hanno influenzato i miei siti Web monitorati<br \/>\n5. Individuazione di opportunit\u00e0 e lacune nella mia strategia di marketing in entrata<br \/>\n6. Splendide dashboard SEO personalizzate per ogni cliente: sottodominio personalizzato, accessi individuali, report PDF programmati.<br \/>\n-&gt; WHITE LABEL: il dashboard SEO White Label di RankRanger \u00e8 il numero 1. Puoi utilizzare i loro modelli Rapporti automatici settimanali o mensili (con il tuo marchio e quelli del tuo cliente!) O puoi personalizzare i tuoi modelli SEO per inviare rapporti specifici.<br \/>\n7. Opzioni SEO locali AVANZATE &#8211; Scegli tra Google USA &#8211; Locale (1-10), Google Maps &#8211; Locale (1-10), Google Mobile &#8211; Locale (1-10), Bing, ecc. Tieni traccia delle tue parole chiave al massimo concorrenti locali o il tuo pubblico internazionale.<br \/>\n8. Dati che orientano veramente i piani della mia agenzia di marketing.<\/p>\n<p><strong>Vantaggi<\/strong>: ho iniziato a utilizzare questo software quando avevo appena avviato la mia agenzia. Il pacchetto base era fuori dal mio budget. Li ho chiamati dopo la mia prova gratuita per vedere se avrebbero funzionato con il mio budget e ho bisogno di 5 campagne \/ 3k parole chiave \/ 5 domini concorrenti \/ social media \/ MailChimp. Chi ha preso la telefonata? L&#8217;OCM dell&#8217;azienda! Ho lavorato con Ahrefs, SEMRush e tutti gli altri leader in questo settore. RankRanger \u00e8 WHITE LABEL, altamente sofisticato &#8230; E &#8230; una frazione del costo! Fai la ricerca.<\/p>\n<p><strong>Inconvenienti<\/strong>: gli strumenti di ricerca e scoperta delle parole chiave dei concorrenti del software non sono cos\u00ec sofisticati. Uso Ubersuggest, SEOChat Free Keyword Tool e Keyword Finder.<\/p>\n<h4>John B. &#8220;Agenzie di strumenti SEO sensazionali \/ individuali&#8221;<\/h4>\n<p><strong>Commenti<\/strong>: La mia esperienza con Rank Ranger \u00e8 stata piacevole.<\/p>\n<p><strong>Vantaggi<\/strong>: Una delle mie cose preferite di Rank Ranger sarebbe l&#8217;assistenza clienti fornita dai membri del loro team. Ogni volta che rimango inceppato o perso nella gestione di un rapporto, posso scrivere e ottenere una risposta dettagliata che risolva sempre il mio problema. Mi sono trasferito a RR da un altro noto software SEO ampiamente utilizzato e la segnalazione di offerte RR fa saltare tutto ci\u00f2 che ho visto l\u00e0 fuori.<\/p>\n<p><strong>Inconvenienti<\/strong>: da quando sono diventato un utente Rank Ranger ci sono stati molti cambiamenti negli strumenti, nei report e persino nel design. Quindi, non sono sicuro che la navigazione confusa che era una volta sul posto sia pi\u00f9 l\u00ec. Sarebbe stato un imbroglione ma sembrano aver risolto anche quello.<\/p>\n<h4>Izak S. &#8220;\u00e8 stato molto utile usarlo per rendere pi\u00f9 facile il monitoraggio dei risultati seo&#8221;<\/h4>\n<p><strong>Commenti<\/strong>: il monitoraggio diventa molto semplice<\/p>\n<p><strong>Vantaggi<\/strong>: offre un&#8217;ottima soluzione per tracciare il tuo posizionamento su Google e altri motori di ricerca, utile anche per tracciare pi\u00f9 siti<\/p>\n<p><strong>Inconvenienti<\/strong>: lo strumento \u00e8 destinato al settore del marketing professionale, con un piccolo sforzo \u00e8 possibile essere pi\u00f9 facile per l&#8217;utente semplice<\/p>\n<p>&nbsp;<\/p>\n","protected":false},"excerpt":{"rendered":"<p>Rank Ranger \u00e8 la piattaforma SEO e di software di marketing come servizio monitora il posizionamento organico, locale, mobile, di app e video su centinaia di motori di ricerca, convalida e monitora i dati di backlink e include l&#8217;integrazione delle metriche di marketing di un&#8217;ampia gamma di software e servizi di terze parti.\u00a0<\/p>\n","protected":false},"author":19,"featured_media":20267,"parent":8849,"menu_order":0,"comment_status":"open","ping_status":"closed","template":"g1_template_page_review_new.php","meta":{"_acf_changed":false,"cwp_meta_box_check":"Yes","cwp_rev_product_name":"","cwp_rev_product_image":"","wppr_links":[],"cwp_rev_price":"","wppr_options":[],"wppr_pros":[],"wppr_cons":[],"_monsterinsights_skip_tracking":false,"_monsterinsights_sitenote_active":false,"_monsterinsights_sitenote_note":"","_monsterinsights_sitenote_category":0,"footnotes":""},"categories":[175],"tags":[1481,1421,1420,1417,1419],"features":[],"class_list":{"0":"post-20262","1":"page","2":"type-page","3":"status-publish","4":"has-post-thumbnail","6":"category-strumenti-seo-categoria","7":"tag-ottimizzazione-motori-di-ricerca","8":"tag-programma-seo","9":"tag-software-seo","10":"tag-soluzione-seo","11":"tag-strumento-seo"},"wppr_data":{"cwp_meta_box_check":"Yes","cwp_rev_product_name":"","cwp_rev_product_image":"","cwp_image_link":"image","cwp_rev_price":"","wppr_rating":"0.00"},"acf":[],"yoast_head":"<!-- This site is optimized with the Yoast SEO plugin v27.4 - https:\/\/yoast.com\/product\/yoast-seo-wordpress\/ -->\n<title>Rank Ranger: recensione software SEO - Accurate Reviews<\/title>\n<meta name=\"description\" content=\"Rank Ranger : recensione piattaforma SEO che monitora il posizionamento organico, locale, mobile, di app e video su centinaia di motori di ricerca.\" \/>\n<meta name=\"robots\" content=\"index, follow, max-snippet:-1, max-image-preview:large, max-video-preview:-1\" \/>\n<link rel=\"canonical\" href=\"https:\/\/www.accuratereviews.com\/it\/strumenti-seo-lista-software\/rank-ranger-recensione\/\" \/>\n<meta property=\"og:locale\" content=\"it_IT\" \/>\n<meta property=\"og:type\" content=\"article\" \/>\n<meta property=\"og:title\" content=\"Rank Ranger: recensione software SEO - Accurate Reviews\" \/>\n<meta property=\"og:description\" content=\"Rank Ranger : recensione piattaforma SEO che monitora il posizionamento organico, locale, mobile, di app e video su centinaia di motori di ricerca.\" \/>\n<meta property=\"og:url\" content=\"https:\/\/www.accuratereviews.com\/it\/strumenti-seo-lista-software\/rank-ranger-recensione\/\" \/>\n<meta property=\"og:site_name\" content=\"Accurate Reviews\" \/>\n<meta property=\"article:modified_time\" content=\"2021-11-10T16:39:04+00:00\" \/>\n<meta property=\"og:image\" content=\"https:\/\/www.accuratereviews.com\/wp-content\/uploads\/2019\/11\/Rank-Ranger.jpg\" \/>\n\t<meta property=\"og:image:width\" content=\"200\" \/>\n\t<meta property=\"og:image:height\" content=\"200\" \/>\n\t<meta property=\"og:image:type\" content=\"image\/jpeg\" \/>\n<meta name=\"twitter:card\" content=\"summary_large_image\" \/>\n<meta name=\"twitter:label1\" content=\"Tempo di lettura stimato\" \/>\n\t<meta name=\"twitter:data1\" content=\"4 minuti\" \/>\n<script type=\"application\/ld+json\" class=\"yoast-schema-graph\">{\"@context\":\"https:\\\/\\\/schema.org\",\"@graph\":[{\"@type\":\"WebPage\",\"@id\":\"https:\\\/\\\/www.accuratereviews.com\\\/it\\\/strumenti-seo-lista-software\\\/rank-ranger-recensione\\\/\",\"url\":\"https:\\\/\\\/www.accuratereviews.com\\\/it\\\/strumenti-seo-lista-software\\\/rank-ranger-recensione\\\/\",\"name\":\"Rank Ranger: recensione software SEO - Accurate Reviews\",\"isPartOf\":{\"@id\":\"https:\\\/\\\/www.accuratereviews.com\\\/it\\\/#website\"},\"primaryImageOfPage\":{\"@id\":\"https:\\\/\\\/www.accuratereviews.com\\\/it\\\/strumenti-seo-lista-software\\\/rank-ranger-recensione\\\/#primaryimage\"},\"image\":{\"@id\":\"https:\\\/\\\/www.accuratereviews.com\\\/it\\\/strumenti-seo-lista-software\\\/rank-ranger-recensione\\\/#primaryimage\"},\"thumbnailUrl\":\"https:\\\/\\\/www.accuratereviews.com\\\/wp-content\\\/uploads\\\/2019\\\/11\\\/Rank-Ranger.jpg\",\"datePublished\":\"2019-11-18T13:31:27+00:00\",\"dateModified\":\"2021-11-10T16:39:04+00:00\",\"description\":\"Rank Ranger : recensione piattaforma SEO che monitora il posizionamento organico, locale, mobile, di app e video su centinaia di motori di ricerca.\",\"breadcrumb\":{\"@id\":\"https:\\\/\\\/www.accuratereviews.com\\\/it\\\/strumenti-seo-lista-software\\\/rank-ranger-recensione\\\/#breadcrumb\"},\"inLanguage\":\"it-IT\",\"potentialAction\":[{\"@type\":\"ReadAction\",\"target\":[\"https:\\\/\\\/www.accuratereviews.com\\\/it\\\/strumenti-seo-lista-software\\\/rank-ranger-recensione\\\/\"]}]},{\"@type\":\"ImageObject\",\"inLanguage\":\"it-IT\",\"@id\":\"https:\\\/\\\/www.accuratereviews.com\\\/it\\\/strumenti-seo-lista-software\\\/rank-ranger-recensione\\\/#primaryimage\",\"url\":\"https:\\\/\\\/www.accuratereviews.com\\\/wp-content\\\/uploads\\\/2019\\\/11\\\/Rank-Ranger.jpg\",\"contentUrl\":\"https:\\\/\\\/www.accuratereviews.com\\\/wp-content\\\/uploads\\\/2019\\\/11\\\/Rank-Ranger.jpg\",\"width\":200,\"height\":200},{\"@type\":\"BreadcrumbList\",\"@id\":\"https:\\\/\\\/www.accuratereviews.com\\\/it\\\/strumenti-seo-lista-software\\\/rank-ranger-recensione\\\/#breadcrumb\",\"itemListElement\":[{\"@type\":\"ListItem\",\"position\":1,\"name\":\"Home\",\"item\":\"https:\\\/\\\/www.accuratereviews.com\\\/it\\\/\"},{\"@type\":\"ListItem\",\"position\":2,\"name\":\"Strumenti SEO\",\"item\":\"https:\\\/\\\/www.accuratereviews.com\\\/it\\\/strumenti-seo-lista-software\\\/\"},{\"@type\":\"ListItem\",\"position\":3,\"name\":\"Rank Ranger\"}]},{\"@type\":\"WebSite\",\"@id\":\"https:\\\/\\\/www.accuratereviews.com\\\/it\\\/#website\",\"url\":\"https:\\\/\\\/www.accuratereviews.com\\\/it\\\/\",\"name\":\"Accurate Reviews\",\"description\":\"\",\"potentialAction\":[{\"@type\":\"SearchAction\",\"target\":{\"@type\":\"EntryPoint\",\"urlTemplate\":\"https:\\\/\\\/www.accuratereviews.com\\\/it\\\/?s={search_term_string}\"},\"query-input\":{\"@type\":\"PropertyValueSpecification\",\"valueRequired\":true,\"valueName\":\"search_term_string\"}}],\"inLanguage\":\"it-IT\"}]}<\/script>\n<!-- \/ Yoast SEO plugin. -->","yoast_head_json":{"title":"Rank Ranger: recensione software SEO - Accurate Reviews","description":"Rank Ranger : recensione piattaforma SEO che monitora il posizionamento organico, locale, mobile, di app e video su centinaia di motori di ricerca.","robots":{"index":"index","follow":"follow","max-snippet":"max-snippet:-1","max-image-preview":"max-image-preview:large","max-video-preview":"max-video-preview:-1"},"canonical":"https:\/\/www.accuratereviews.com\/it\/strumenti-seo-lista-software\/rank-ranger-recensione\/","og_locale":"it_IT","og_type":"article","og_title":"Rank Ranger: recensione software SEO - Accurate Reviews","og_description":"Rank Ranger : recensione piattaforma SEO che monitora il posizionamento organico, locale, mobile, di app e video su centinaia di motori di ricerca.","og_url":"https:\/\/www.accuratereviews.com\/it\/strumenti-seo-lista-software\/rank-ranger-recensione\/","og_site_name":"Accurate Reviews","article_modified_time":"2021-11-10T16:39:04+00:00","og_image":[{"width":200,"height":200,"url":"https:\/\/www.accuratereviews.com\/wp-content\/uploads\/2019\/11\/Rank-Ranger.jpg","type":"image\/jpeg"}],"twitter_card":"summary_large_image","twitter_misc":{"Tempo di lettura stimato":"4 minuti"},"schema":{"@context":"https:\/\/schema.org","@graph":[{"@type":"WebPage","@id":"https:\/\/www.accuratereviews.com\/it\/strumenti-seo-lista-software\/rank-ranger-recensione\/","url":"https:\/\/www.accuratereviews.com\/it\/strumenti-seo-lista-software\/rank-ranger-recensione\/","name":"Rank Ranger: recensione software SEO - Accurate Reviews","isPartOf":{"@id":"https:\/\/www.accuratereviews.com\/it\/#website"},"primaryImageOfPage":{"@id":"https:\/\/www.accuratereviews.com\/it\/strumenti-seo-lista-software\/rank-ranger-recensione\/#primaryimage"},"image":{"@id":"https:\/\/www.accuratereviews.com\/it\/strumenti-seo-lista-software\/rank-ranger-recensione\/#primaryimage"},"thumbnailUrl":"https:\/\/www.accuratereviews.com\/wp-content\/uploads\/2019\/11\/Rank-Ranger.jpg","datePublished":"2019-11-18T13:31:27+00:00","dateModified":"2021-11-10T16:39:04+00:00","description":"Rank Ranger : recensione piattaforma SEO che monitora il posizionamento organico, locale, mobile, di app e video su centinaia di motori di ricerca.","breadcrumb":{"@id":"https:\/\/www.accuratereviews.com\/it\/strumenti-seo-lista-software\/rank-ranger-recensione\/#breadcrumb"},"inLanguage":"it-IT","potentialAction":[{"@type":"ReadAction","target":["https:\/\/www.accuratereviews.com\/it\/strumenti-seo-lista-software\/rank-ranger-recensione\/"]}]},{"@type":"ImageObject","inLanguage":"it-IT","@id":"https:\/\/www.accuratereviews.com\/it\/strumenti-seo-lista-software\/rank-ranger-recensione\/#primaryimage","url":"https:\/\/www.accuratereviews.com\/wp-content\/uploads\/2019\/11\/Rank-Ranger.jpg","contentUrl":"https:\/\/www.accuratereviews.com\/wp-content\/uploads\/2019\/11\/Rank-Ranger.jpg","width":200,"height":200},{"@type":"BreadcrumbList","@id":"https:\/\/www.accuratereviews.com\/it\/strumenti-seo-lista-software\/rank-ranger-recensione\/#breadcrumb","itemListElement":[{"@type":"ListItem","position":1,"name":"Home","item":"https:\/\/www.accuratereviews.com\/it\/"},{"@type":"ListItem","position":2,"name":"Strumenti SEO","item":"https:\/\/www.accuratereviews.com\/it\/strumenti-seo-lista-software\/"},{"@type":"ListItem","position":3,"name":"Rank Ranger"}]},{"@type":"WebSite","@id":"https:\/\/www.accuratereviews.com\/it\/#website","url":"https:\/\/www.accuratereviews.com\/it\/","name":"Accurate Reviews","description":"","potentialAction":[{"@type":"SearchAction","target":{"@type":"EntryPoint","urlTemplate":"https:\/\/www.accuratereviews.com\/it\/?s={search_term_string}"},"query-input":{"@type":"PropertyValueSpecification","valueRequired":true,"valueName":"search_term_string"}}],"inLanguage":"it-IT"}]}},"_links":{"self":[{"href":"https:\/\/www.accuratereviews.com\/it\/wp-json\/wp\/v2\/pages\/20262","targetHints":{"allow":["GET"]}}],"collection":[{"href":"https:\/\/www.accuratereviews.com\/it\/wp-json\/wp\/v2\/pages"}],"about":[{"href":"https:\/\/www.accuratereviews.com\/it\/wp-json\/wp\/v2\/types\/page"}],"author":[{"embeddable":true,"href":"https:\/\/www.accuratereviews.com\/it\/wp-json\/wp\/v2\/users\/19"}],"replies":[{"embeddable":true,"href":"https:\/\/www.accuratereviews.com\/it\/wp-json\/wp\/v2\/comments?post=20262"}],"version-history":[{"count":6,"href":"https:\/\/www.accuratereviews.com\/it\/wp-json\/wp\/v2\/pages\/20262\/revisions"}],"predecessor-version":[{"id":49800,"href":"https:\/\/www.accuratereviews.com\/it\/wp-json\/wp\/v2\/pages\/20262\/revisions\/49800"}],"up":[{"embeddable":true,"href":"https:\/\/www.accuratereviews.com\/it\/wp-json\/wp\/v2\/pages\/8849"}],"wp:featuredmedia":[{"embeddable":true,"href":"https:\/\/www.accuratereviews.com\/it\/wp-json\/wp\/v2\/media\/20267"}],"wp:attachment":[{"href":"https:\/\/www.accuratereviews.com\/it\/wp-json\/wp\/v2\/media?parent=20262"}],"wp:term":[{"taxonomy":"category","embeddable":true,"href":"https:\/\/www.accuratereviews.com\/it\/wp-json\/wp\/v2\/categories?post=20262"},{"taxonomy":"post_tag","embeddable":true,"href":"https:\/\/www.accuratereviews.com\/it\/wp-json\/wp\/v2\/tags?post=20262"},{"taxonomy":"features","embeddable":true,"href":"https:\/\/www.accuratereviews.com\/it\/wp-json\/wp\/v2\/features?post=20262"}],"curies":[{"name":"wp","href":"https:\/\/api.w.org\/{rel}","templated":true}]}}