{"id":20306,"date":"2019-11-19T15:50:01","date_gmt":"2019-11-19T15:50:01","guid":{"rendered":"https:\/\/www.accuratereviews.com\/?page_id=20306"},"modified":"2021-11-10T14:29:34","modified_gmt":"2021-11-10T14:29:34","slug":"rankingcoach-recensione","status":"publish","type":"page","link":"https:\/\/www.accuratereviews.com\/it\/strumenti-seo-lista-software\/rankingcoach-recensione\/","title":{"rendered":"rankingCoach"},"content":{"rendered":"<p><strong>rankingCoach<\/strong> \u00e8 una <strong>piattaforma SEO<\/strong> online, disponibile anche per i dispositivi iOS e Android, che ti consente di ottimizzare il tuo sito web e ottenere pi\u00f9 traffico sui motori di ricerca come Google. \u00c8 accessibile a tutti, sia gli <strong>esperti SEO che i principianti<\/strong> che sono alle prime armi, ed \u00e8 davvero funzionale per chi si occupata di marketing online. Si tratta di un <strong>programma SEO<\/strong> funzionale ed efficiente che ti permette di monitorare quello che fai tu e quello che fanno anche i tuoi concorrenti in modo da rimanere sempre un passo avanti a loro. Dispone di molti strumenti di analisi e monitoraggio che ti aiuteranno a mantenere il tuo sito in cima alle classifiche in modo che appaia tra i<strong> primi risultati sui motori di ricerca<\/strong>.<\/p>\n<h2>COME FUNZIONA RANKINGCOACH &#8211; TUTORIAL<\/h2>\n<p>Ecco un video tutorial che ci permetter\u00e0 di capire qualcosa di pi\u00f9 al riguardo:<\/p>\n<div id=\"fluid-wrapper-counter-1\" class=\"g1-fluid-wrapper \" style=\"width:686px;\">\n<div style=\"padding-bottom:56.268221574344%;\"><iframe loading=\"lazy\" title=\"Tutorial Rankingcoach: Herramienta Marketing Digital y SEO para peque\u00f1as empresas\" width=\"686\" height=\"386\" src=\"https:\/\/www.youtube.com\/embed\/a-90AejFFtA?feature=oembed&amp;wmode=transparent&amp;autohide=1&amp;autoplay=0&amp;disablekb=0&amp;fs=1&amp;loop=0&amp;enablejsapi=1&amp;rel=0&amp;controls=2&amp;showinfo=0&amp;wmode=transparent&amp;autohide=2&amp;autoplay=0&amp;disablekb=0&amp;fs=1&amp;loop=0&amp;enablejsapi=1&amp;rel=0&amp;controls=2&amp;showinfo=1\" frameborder=\"0\" allow=\"accelerometer; autoplay; clipboard-write; encrypted-media; gyroscope; picture-in-picture\" allowfullscreen><\/iframe><\/div>\n<\/div>\n<h3>RANKINGCOACH &#8211; CARATTERISTICHE<\/h3>\n<p>Di seguito le sue principali caratteristiche:<\/p>\n<ul>\n<li><strong>Ricerca delle parole chiave<\/strong>: scegli le migliori parole chiave e scopri i termini che gli utenti usano per cercare la tua attivit\u00e0 online<\/li>\n<li><strong>Analisi SEO<\/strong>: fai analizzare il tuo sito web per vedere se risulti presente sui principali portali di business<\/li>\n<li><strong>Video tutoria<\/strong>l: utilizza i video tutorial per formarti individualmente e gratuitamente<\/li>\n<li><strong>Dashboard<\/strong>: semplice e intuitiva, dove riuscirai sempre a trovare quello che cerchi<\/li>\n<li><strong>Aggiornamento quotidiano<\/strong>: avrai la possibilit\u00e0 di vedere quotidianamente la posizione del tuo sito web<\/li>\n<li><strong>Account Analytics<\/strong>: ricevi informazioni esatte sulle parole chiave pi\u00f9 adatte al tuo sito web.<\/li>\n<\/ul>\n<h3>LE RECENSIONI DEGLI UTENTI<\/h3>\n<p><strong>&#8220;Un ottimo strumento per i principianti&#8221;<\/strong><br \/>\nIN GENERALE: Mi piace, \u00e8 semplice da usare se si inizia solo con il marketing online. Nessun sovraccarico di dati come hai fatto con altri strumenti.<br \/>\nPRO: \u00e8 semplice, diretto e ti consente di fare le cose al tuo ritmo. Abbiamo usato un&#8217;agenzia, poi altri strumenti, ma erano troppo per noi.<br \/>\nCONTRO: A volte pu\u00f2 essere un po &#8216;lento, ma non \u00e8 davvero la fine del mondo.<\/p>\n<p><strong>&#8220;Rendi le cose molto pi\u00f9 semplici&#8221;<\/strong><br \/>\nIN GENERALE: Mi piace, gestiamo un&#8217;azienda a conduzione familiare e ora tutti hanno una comprensione di come usare il ranking coach e come funziona.<br \/>\nPRO: \u00c8 per i principianti, ne ho provati alcuni altri ma erano troppo complicati.<br \/>\nCONTRO: A volte pu\u00f2 essere un po &#8216;lento.<\/p>\n<p>&#8220;Di grande aiuto&#8221;<br \/>\nIN GENERALE: la mia esperienza \u00e8 stata buona per scoprire alcune cose. Ma ho smesso di usarlo perch\u00e9 non funziona per l&#8217;opzione blog.<br \/>\nPRO: Quello che mi piace di pi\u00f9 \u00e8 che passo dopo passo ti dice cosa dovresti fare per migliorare il SEO del tuo sito web.<br \/>\nCONTRO: Quello che mi piace di meno \u00e8 che manca l&#8217;opzione di Blog. Cio\u00e8, puoi lavorare solo con siti Web. Quindi le funzioni sono limitate.<\/p>\n","protected":false},"excerpt":{"rendered":"<p>rankingCoach \u00e8 una piattaforma SEO online, disponibile anche per i dispositivi iOS e Android, che ti consente di ottimizzare il tuo sito web e ottenere pi\u00f9 traffico sui motori di ricerca come Google. \u00c8 accessibile a tutti, sia gli esperti SEO che i principianti che sono alle prime armi, ed \u00e8 davvero funzionale per chi si occupata di marketing online.<\/p>\n","protected":false},"author":17,"featured_media":20307,"parent":8849,"menu_order":0,"comment_status":"open","ping_status":"closed","template":"g1_template_page_review_new.php","meta":{"_acf_changed":false,"cwp_meta_box_check":"Yes","cwp_rev_product_name":"","cwp_rev_product_image":"","wppr_links":[],"cwp_rev_price":"","wppr_options":[],"wppr_pros":[],"wppr_cons":[],"_monsterinsights_skip_tracking":false,"_monsterinsights_sitenote_active":false,"_monsterinsights_sitenote_note":"","_monsterinsights_sitenote_category":0,"footnotes":""},"categories":[175],"tags":[1401,1481,1431,901],"features":[],"class_list":{"0":"post-20306","1":"page","2":"type-page","3":"status-publish","4":"has-post-thumbnail","6":"category-strumenti-seo-categoria","7":"tag-analisi-seo","8":"tag-ottimizzazione-motori-di-ricerca","9":"tag-ottimizzazione-seo","10":"tag-seo"},"wppr_data":{"cwp_meta_box_check":"Yes","cwp_rev_product_name":"","cwp_rev_product_image":"","cwp_image_link":"image","cwp_rev_price":"","wppr_rating":"0.00"},"acf":[],"yoast_head":"<!-- This site is optimized with the Yoast SEO plugin v27.4 - https:\/\/yoast.com\/product\/yoast-seo-wordpress\/ -->\n<title>rankingCoach: recensione programma SEO - Accurate Reviews<\/title>\n<meta name=\"description\" content=\"rankingCoach: recensione della piattaforma SEO online, disponibile anche per i dispositivi iOS e Android, che ti consente di ottimizzare il tuo sito web.\" \/>\n<meta name=\"robots\" content=\"index, follow, max-snippet:-1, max-image-preview:large, max-video-preview:-1\" \/>\n<link rel=\"canonical\" href=\"https:\/\/www.accuratereviews.com\/it\/strumenti-seo-lista-software\/rankingcoach-recensione\/\" \/>\n<meta property=\"og:locale\" content=\"it_IT\" \/>\n<meta property=\"og:type\" content=\"article\" \/>\n<meta property=\"og:title\" content=\"rankingCoach: recensione programma SEO - Accurate Reviews\" \/>\n<meta property=\"og:description\" content=\"rankingCoach: recensione della piattaforma SEO online, disponibile anche per i dispositivi iOS e Android, che ti consente di ottimizzare il tuo sito web.\" \/>\n<meta property=\"og:url\" content=\"https:\/\/www.accuratereviews.com\/it\/strumenti-seo-lista-software\/rankingcoach-recensione\/\" \/>\n<meta property=\"og:site_name\" content=\"Accurate Reviews\" \/>\n<meta property=\"article:modified_time\" content=\"2021-11-10T14:29:34+00:00\" \/>\n<meta property=\"og:image\" content=\"https:\/\/www.accuratereviews.com\/wp-content\/uploads\/2019\/11\/download-2.png\" \/>\n\t<meta property=\"og:image:width\" content=\"355\" \/>\n\t<meta property=\"og:image:height\" content=\"142\" \/>\n\t<meta property=\"og:image:type\" content=\"image\/png\" \/>\n<meta name=\"twitter:card\" content=\"summary_large_image\" \/>\n<meta name=\"twitter:label1\" content=\"Tempo di lettura stimato\" \/>\n\t<meta name=\"twitter:data1\" content=\"2 minuti\" \/>\n<script type=\"application\/ld+json\" class=\"yoast-schema-graph\">{\"@context\":\"https:\\\/\\\/schema.org\",\"@graph\":[{\"@type\":\"WebPage\",\"@id\":\"https:\\\/\\\/www.accuratereviews.com\\\/it\\\/strumenti-seo-lista-software\\\/rankingcoach-recensione\\\/\",\"url\":\"https:\\\/\\\/www.accuratereviews.com\\\/it\\\/strumenti-seo-lista-software\\\/rankingcoach-recensione\\\/\",\"name\":\"rankingCoach: recensione programma SEO - Accurate Reviews\",\"isPartOf\":{\"@id\":\"https:\\\/\\\/www.accuratereviews.com\\\/it\\\/#website\"},\"primaryImageOfPage\":{\"@id\":\"https:\\\/\\\/www.accuratereviews.com\\\/it\\\/strumenti-seo-lista-software\\\/rankingcoach-recensione\\\/#primaryimage\"},\"image\":{\"@id\":\"https:\\\/\\\/www.accuratereviews.com\\\/it\\\/strumenti-seo-lista-software\\\/rankingcoach-recensione\\\/#primaryimage\"},\"thumbnailUrl\":\"https:\\\/\\\/www.accuratereviews.com\\\/wp-content\\\/uploads\\\/2019\\\/11\\\/download-2.png\",\"datePublished\":\"2019-11-19T15:50:01+00:00\",\"dateModified\":\"2021-11-10T14:29:34+00:00\",\"description\":\"rankingCoach: recensione della piattaforma SEO online, disponibile anche per i dispositivi iOS e Android, che ti consente di ottimizzare il tuo sito web.\",\"breadcrumb\":{\"@id\":\"https:\\\/\\\/www.accuratereviews.com\\\/it\\\/strumenti-seo-lista-software\\\/rankingcoach-recensione\\\/#breadcrumb\"},\"inLanguage\":\"it-IT\",\"potentialAction\":[{\"@type\":\"ReadAction\",\"target\":[\"https:\\\/\\\/www.accuratereviews.com\\\/it\\\/strumenti-seo-lista-software\\\/rankingcoach-recensione\\\/\"]}]},{\"@type\":\"ImageObject\",\"inLanguage\":\"it-IT\",\"@id\":\"https:\\\/\\\/www.accuratereviews.com\\\/it\\\/strumenti-seo-lista-software\\\/rankingcoach-recensione\\\/#primaryimage\",\"url\":\"https:\\\/\\\/www.accuratereviews.com\\\/wp-content\\\/uploads\\\/2019\\\/11\\\/download-2.png\",\"contentUrl\":\"https:\\\/\\\/www.accuratereviews.com\\\/wp-content\\\/uploads\\\/2019\\\/11\\\/download-2.png\",\"width\":355,\"height\":142},{\"@type\":\"BreadcrumbList\",\"@id\":\"https:\\\/\\\/www.accuratereviews.com\\\/it\\\/strumenti-seo-lista-software\\\/rankingcoach-recensione\\\/#breadcrumb\",\"itemListElement\":[{\"@type\":\"ListItem\",\"position\":1,\"name\":\"Home\",\"item\":\"https:\\\/\\\/www.accuratereviews.com\\\/it\\\/\"},{\"@type\":\"ListItem\",\"position\":2,\"name\":\"Strumenti SEO\",\"item\":\"https:\\\/\\\/www.accuratereviews.com\\\/it\\\/strumenti-seo-lista-software\\\/\"},{\"@type\":\"ListItem\",\"position\":3,\"name\":\"rankingCoach\"}]},{\"@type\":\"WebSite\",\"@id\":\"https:\\\/\\\/www.accuratereviews.com\\\/it\\\/#website\",\"url\":\"https:\\\/\\\/www.accuratereviews.com\\\/it\\\/\",\"name\":\"Accurate Reviews\",\"description\":\"\",\"potentialAction\":[{\"@type\":\"SearchAction\",\"target\":{\"@type\":\"EntryPoint\",\"urlTemplate\":\"https:\\\/\\\/www.accuratereviews.com\\\/it\\\/?s={search_term_string}\"},\"query-input\":{\"@type\":\"PropertyValueSpecification\",\"valueRequired\":true,\"valueName\":\"search_term_string\"}}],\"inLanguage\":\"it-IT\"}]}<\/script>\n<!-- \/ Yoast SEO plugin. -->","yoast_head_json":{"title":"rankingCoach: recensione programma SEO - Accurate Reviews","description":"rankingCoach: recensione della piattaforma SEO online, disponibile anche per i dispositivi iOS e Android, che ti consente di ottimizzare il tuo sito web.","robots":{"index":"index","follow":"follow","max-snippet":"max-snippet:-1","max-image-preview":"max-image-preview:large","max-video-preview":"max-video-preview:-1"},"canonical":"https:\/\/www.accuratereviews.com\/it\/strumenti-seo-lista-software\/rankingcoach-recensione\/","og_locale":"it_IT","og_type":"article","og_title":"rankingCoach: recensione programma SEO - Accurate Reviews","og_description":"rankingCoach: recensione della piattaforma SEO online, disponibile anche per i dispositivi iOS e Android, che ti consente di ottimizzare il tuo sito web.","og_url":"https:\/\/www.accuratereviews.com\/it\/strumenti-seo-lista-software\/rankingcoach-recensione\/","og_site_name":"Accurate Reviews","article_modified_time":"2021-11-10T14:29:34+00:00","og_image":[{"width":355,"height":142,"url":"https:\/\/www.accuratereviews.com\/wp-content\/uploads\/2019\/11\/download-2.png","type":"image\/png"}],"twitter_card":"summary_large_image","twitter_misc":{"Tempo di lettura stimato":"2 minuti"},"schema":{"@context":"https:\/\/schema.org","@graph":[{"@type":"WebPage","@id":"https:\/\/www.accuratereviews.com\/it\/strumenti-seo-lista-software\/rankingcoach-recensione\/","url":"https:\/\/www.accuratereviews.com\/it\/strumenti-seo-lista-software\/rankingcoach-recensione\/","name":"rankingCoach: recensione programma SEO - Accurate Reviews","isPartOf":{"@id":"https:\/\/www.accuratereviews.com\/it\/#website"},"primaryImageOfPage":{"@id":"https:\/\/www.accuratereviews.com\/it\/strumenti-seo-lista-software\/rankingcoach-recensione\/#primaryimage"},"image":{"@id":"https:\/\/www.accuratereviews.com\/it\/strumenti-seo-lista-software\/rankingcoach-recensione\/#primaryimage"},"thumbnailUrl":"https:\/\/www.accuratereviews.com\/wp-content\/uploads\/2019\/11\/download-2.png","datePublished":"2019-11-19T15:50:01+00:00","dateModified":"2021-11-10T14:29:34+00:00","description":"rankingCoach: recensione della piattaforma SEO online, disponibile anche per i dispositivi iOS e Android, che ti consente di ottimizzare il tuo sito web.","breadcrumb":{"@id":"https:\/\/www.accuratereviews.com\/it\/strumenti-seo-lista-software\/rankingcoach-recensione\/#breadcrumb"},"inLanguage":"it-IT","potentialAction":[{"@type":"ReadAction","target":["https:\/\/www.accuratereviews.com\/it\/strumenti-seo-lista-software\/rankingcoach-recensione\/"]}]},{"@type":"ImageObject","inLanguage":"it-IT","@id":"https:\/\/www.accuratereviews.com\/it\/strumenti-seo-lista-software\/rankingcoach-recensione\/#primaryimage","url":"https:\/\/www.accuratereviews.com\/wp-content\/uploads\/2019\/11\/download-2.png","contentUrl":"https:\/\/www.accuratereviews.com\/wp-content\/uploads\/2019\/11\/download-2.png","width":355,"height":142},{"@type":"BreadcrumbList","@id":"https:\/\/www.accuratereviews.com\/it\/strumenti-seo-lista-software\/rankingcoach-recensione\/#breadcrumb","itemListElement":[{"@type":"ListItem","position":1,"name":"Home","item":"https:\/\/www.accuratereviews.com\/it\/"},{"@type":"ListItem","position":2,"name":"Strumenti SEO","item":"https:\/\/www.accuratereviews.com\/it\/strumenti-seo-lista-software\/"},{"@type":"ListItem","position":3,"name":"rankingCoach"}]},{"@type":"WebSite","@id":"https:\/\/www.accuratereviews.com\/it\/#website","url":"https:\/\/www.accuratereviews.com\/it\/","name":"Accurate Reviews","description":"","potentialAction":[{"@type":"SearchAction","target":{"@type":"EntryPoint","urlTemplate":"https:\/\/www.accuratereviews.com\/it\/?s={search_term_string}"},"query-input":{"@type":"PropertyValueSpecification","valueRequired":true,"valueName":"search_term_string"}}],"inLanguage":"it-IT"}]}},"_links":{"self":[{"href":"https:\/\/www.accuratereviews.com\/it\/wp-json\/wp\/v2\/pages\/20306","targetHints":{"allow":["GET"]}}],"collection":[{"href":"https:\/\/www.accuratereviews.com\/it\/wp-json\/wp\/v2\/pages"}],"about":[{"href":"https:\/\/www.accuratereviews.com\/it\/wp-json\/wp\/v2\/types\/page"}],"author":[{"embeddable":true,"href":"https:\/\/www.accuratereviews.com\/it\/wp-json\/wp\/v2\/users\/17"}],"replies":[{"embeddable":true,"href":"https:\/\/www.accuratereviews.com\/it\/wp-json\/wp\/v2\/comments?post=20306"}],"version-history":[{"count":6,"href":"https:\/\/www.accuratereviews.com\/it\/wp-json\/wp\/v2\/pages\/20306\/revisions"}],"predecessor-version":[{"id":49754,"href":"https:\/\/www.accuratereviews.com\/it\/wp-json\/wp\/v2\/pages\/20306\/revisions\/49754"}],"up":[{"embeddable":true,"href":"https:\/\/www.accuratereviews.com\/it\/wp-json\/wp\/v2\/pages\/8849"}],"wp:featuredmedia":[{"embeddable":true,"href":"https:\/\/www.accuratereviews.com\/it\/wp-json\/wp\/v2\/media\/20307"}],"wp:attachment":[{"href":"https:\/\/www.accuratereviews.com\/it\/wp-json\/wp\/v2\/media?parent=20306"}],"wp:term":[{"taxonomy":"category","embeddable":true,"href":"https:\/\/www.accuratereviews.com\/it\/wp-json\/wp\/v2\/categories?post=20306"},{"taxonomy":"post_tag","embeddable":true,"href":"https:\/\/www.accuratereviews.com\/it\/wp-json\/wp\/v2\/tags?post=20306"},{"taxonomy":"features","embeddable":true,"href":"https:\/\/www.accuratereviews.com\/it\/wp-json\/wp\/v2\/features?post=20306"}],"curies":[{"name":"wp","href":"https:\/\/api.w.org\/{rel}","templated":true}]}}