{"id":20316,"date":"2019-11-19T15:49:52","date_gmt":"2019-11-19T15:49:52","guid":{"rendered":"https:\/\/www.accuratereviews.com\/?page_id=20316"},"modified":"2021-11-10T15:24:37","modified_gmt":"2021-11-10T15:24:37","slug":"rankhacker-recensione","status":"publish","type":"page","link":"https:\/\/www.accuratereviews.com\/it\/strumenti-seo-lista-software\/rankhacker-recensione\/","title":{"rendered":"RankHacker"},"content":{"rendered":"<p><strong>RankHacker<\/strong> \u00e8 la <strong>piattaforma SEO<\/strong> di livello avanzato che consente alle agenzie SEO, ai costruttori di backlink, agli specialisti di ricerca di parole chiave, agli esperti di analisi e di Content Marketing, di ottimizzare i loro siti web. Si tratta di un programma che studia il tuo comportamento e quello dei tuoi concorrenti al fine di individuare una <strong>strategia SEO vincente<\/strong>. Utilizzando il <strong>calcolatore degli obiettivi SEO<\/strong>, sarai in grado di definire il tuo obiettivo mensile e trovare le parole chiave giuste che ti permettano di raggiungere i tuoi visitatori, lead e obiettivi di vendita finali.<\/p>\n<h2>COME UTILIZZARE RANKHACKER &#8211; TUTORIAL<\/h2>\n<p>Diamo uno sguardo a questo breve video per comprendere come funziona:<\/p>\n<div id=\"fluid-wrapper-counter-1\" class=\"g1-fluid-wrapper \" style=\"width:686px;\">\n<div style=\"padding-bottom:56.268221574344%;\"><iframe loading=\"lazy\" title=\"How to use Rank Hacker to view the SEO strategies of competitors\" width=\"515\" height=\"386\" src=\"https:\/\/www.youtube.com\/embed\/QxQdfy1Y9iw?feature=oembed&amp;wmode=transparent&amp;autohide=1&amp;autoplay=0&amp;disablekb=0&amp;fs=1&amp;loop=0&amp;enablejsapi=1&amp;rel=0&amp;controls=2&amp;showinfo=0&amp;wmode=transparent&amp;autohide=2&amp;autoplay=0&amp;disablekb=0&amp;fs=1&amp;loop=0&amp;enablejsapi=1&amp;rel=0&amp;controls=2&amp;showinfo=1\" frameborder=\"0\" allow=\"accelerometer; autoplay; clipboard-write; encrypted-media; gyroscope; picture-in-picture\" allowfullscreen><\/iframe><\/div>\n<\/div>\n<h3>RANKHACKER &#8211; CARATTERISTICHE<\/h3>\n<p>Ecco le sue principali caratteristiche:<\/p>\n<p><strong>Assicurazione SEO<\/strong>: RankHacker ti offre una polizza assicurativa SEO che ti copre nei momenti pi\u00f9 difficili e nel caso in cui la tua scheda organica su Google scivola sotto la pagina uno per pi\u00f9 di una settimana<br \/>\n<strong>Proiezioni PPC<\/strong>: alterna e combina le proiezioni ROI SEO e PPC<br \/>\n<strong>Report sulle etichette bianche<\/strong>: accedi alla dashboard del progetto in cui puoi scaricare report con etichette completamente bianche che mostrano proiezioni del ROI dei tuoi clienti, obiettivi e budget dei contenuti<br \/>\n<strong>Strumento spia contenuto<\/strong>:\u00a0controlla rapidamente la quantit\u00e0 di contenuti che uno specifico concorrente pubblica fuori sede ogni mese<br \/>\n<strong>A.N.T.S.<\/strong>: invia email direttamente ai visitatori, invogliandoli a tornare e visitare di nuovo il tuo sito web.<\/p>\n<h3>LE RECENSIONI DEGLI UTENTI<\/h3>\n<ul>\n<li><strong>&#8220;Attualmente uso RankHacker per analizzare le parole chiave e il loro potenziale ROI per i miei clienti.&#8221;<\/strong><br \/>\nPRO: Mi piace il fatto che mi dica quanti contenuti ho bisogno per parola chiave per raggiungere i miei obiettivi di classifica!<br \/>\nCONTRO: Non ho veri reclami, ma se potessi richiedere una funzionalit\u00e0 aggiuntiva, chiederei di poter creare pi\u00f9 missioni sotto lo stesso client. In questo modo la pagina principale della missione potrebbe essere un po&#8217; pi\u00f9 organizzata. Nel complesso il software \u00e8 fantastico!<\/li>\n<li><strong>&#8220;Ho usato molti strumenti di pianificazione delle parole chiave e questo \u00e8 di gran lunga il pi\u00f9 semplice e ricco di funzionalit\u00e0&#8221;<\/strong><br \/>\nIN GENERALE: il volume di ricerca ha proiettato lead o vendite (a seconda che si tratti di e-comm o meno), dati CTR, numero di backlink, dove sono pubblicit\u00e0 rispetto alla mia competizione di pagina 1 e quanti contenuti stanno producendo per avere successo.<br \/>\nPRO: facilit\u00e0 d&#8217;uso, amore per il fatto che fornisce dati click-through, amore per l&#8217;analisi della concorrenza della pagina 1 e amore per le informazioni fornite che mostrano ci\u00f2 che la concorrenza sta facendo in termini di contenuto per avere successo. Rende facile vedere cosa devo fare per &#8220;superarli&#8221; tutti!<br \/>\nCONTRO: Mi piacerebbe la funzionalit\u00e0 di esportare i dati in un file CSV in un formato tabulare. A parte questo, il software \u00e8 fantastico! Lo adoro!<\/li>\n<li><strong>&#8220;Strumento fantastico per identificare quanto lavoro dobbiamo creare per aumentare la nostra impronta digitale&#8221;<\/strong><br \/>\nPRO: RankHacker ci consente di essere pi\u00f9 proattivi nelle parole chiave che dobbiamo promuovere per i nostri clienti. Ci fa risparmiare tempo perch\u00e9 non stiamo utilizzando pi\u00f9 piattaforme a tale scopo.<br \/>\nCONTRO: L&#8217;unica cosa che posso suggerire \u00e8 aumentare il numero di parole chiave suggerite fornite dal sistema.<\/li>\n<\/ul>\n","protected":false},"excerpt":{"rendered":"<p>RankHacker \u00e8 la piattaforma SEO di livello avanzato che consente alle agenzie SEO, ai costruttori di backlink, agli specialisti di ricerca di parole chiave, agli esperti di analisi e di Content Marketing, di ottimizzare i loro siti web. Si tratta di un programma che studia il tuo comportamento e quello dei tuoi concorrenti al fine di individuare una strategia SEO vincente.<\/p>\n","protected":false},"author":17,"featured_media":20317,"parent":8849,"menu_order":0,"comment_status":"open","ping_status":"closed","template":"g1_template_page_review_new.php","meta":{"_acf_changed":false,"cwp_meta_box_check":"Yes","cwp_rev_product_name":"","cwp_rev_product_image":"","wppr_links":[],"cwp_rev_price":"","wppr_options":[],"wppr_pros":[],"wppr_cons":[],"_monsterinsights_skip_tracking":false,"_monsterinsights_sitenote_active":false,"_monsterinsights_sitenote_note":"","_monsterinsights_sitenote_category":0,"footnotes":""},"categories":[175],"tags":[1401,948,1431,1419],"features":[],"class_list":{"0":"post-20316","1":"page","2":"type-page","3":"status-publish","4":"has-post-thumbnail","6":"category-strumenti-seo-categoria","7":"tag-analisi-seo","8":"tag-gestione-contenuti","9":"tag-ottimizzazione-seo","10":"tag-strumento-seo"},"wppr_data":{"cwp_meta_box_check":"Yes","cwp_rev_product_name":"","cwp_rev_product_image":"","cwp_image_link":"image","cwp_rev_price":"","wppr_rating":"0.00"},"acf":[],"yoast_head":"<!-- This site is optimized with the Yoast SEO plugin v27.4 - https:\/\/yoast.com\/product\/yoast-seo-wordpress\/ -->\n<title>RankHacker: recensione piattaforma SEO - Accurate Reviews<\/title>\n<meta name=\"description\" content=\"RankHacker: recensione della piattaforma SEO di livello avanzato che consente alle agenzie SEO di ottimizzare i siti web.\" \/>\n<meta name=\"robots\" content=\"index, follow, max-snippet:-1, max-image-preview:large, max-video-preview:-1\" \/>\n<link rel=\"canonical\" href=\"https:\/\/www.accuratereviews.com\/it\/strumenti-seo-lista-software\/rankhacker-recensione\/\" \/>\n<meta property=\"og:locale\" content=\"it_IT\" \/>\n<meta property=\"og:type\" content=\"article\" \/>\n<meta property=\"og:title\" content=\"RankHacker: recensione piattaforma SEO - Accurate Reviews\" \/>\n<meta property=\"og:description\" content=\"RankHacker: recensione della piattaforma SEO di livello avanzato che consente alle agenzie SEO di ottimizzare i siti web.\" \/>\n<meta property=\"og:url\" content=\"https:\/\/www.accuratereviews.com\/it\/strumenti-seo-lista-software\/rankhacker-recensione\/\" \/>\n<meta property=\"og:site_name\" content=\"Accurate Reviews\" \/>\n<meta property=\"article:modified_time\" content=\"2021-11-10T15:24:37+00:00\" \/>\n<meta property=\"og:image\" content=\"https:\/\/www.accuratereviews.com\/wp-content\/uploads\/2019\/11\/images-1.jpg\" \/>\n\t<meta property=\"og:image:width\" content=\"225\" \/>\n\t<meta property=\"og:image:height\" content=\"225\" \/>\n\t<meta property=\"og:image:type\" content=\"image\/jpeg\" \/>\n<meta name=\"twitter:card\" content=\"summary_large_image\" \/>\n<meta name=\"twitter:label1\" content=\"Tempo di lettura stimato\" \/>\n\t<meta name=\"twitter:data1\" content=\"3 minuti\" \/>\n<script type=\"application\/ld+json\" class=\"yoast-schema-graph\">{\"@context\":\"https:\\\/\\\/schema.org\",\"@graph\":[{\"@type\":\"WebPage\",\"@id\":\"https:\\\/\\\/www.accuratereviews.com\\\/it\\\/strumenti-seo-lista-software\\\/rankhacker-recensione\\\/\",\"url\":\"https:\\\/\\\/www.accuratereviews.com\\\/it\\\/strumenti-seo-lista-software\\\/rankhacker-recensione\\\/\",\"name\":\"RankHacker: recensione piattaforma SEO - Accurate Reviews\",\"isPartOf\":{\"@id\":\"https:\\\/\\\/www.accuratereviews.com\\\/it\\\/#website\"},\"primaryImageOfPage\":{\"@id\":\"https:\\\/\\\/www.accuratereviews.com\\\/it\\\/strumenti-seo-lista-software\\\/rankhacker-recensione\\\/#primaryimage\"},\"image\":{\"@id\":\"https:\\\/\\\/www.accuratereviews.com\\\/it\\\/strumenti-seo-lista-software\\\/rankhacker-recensione\\\/#primaryimage\"},\"thumbnailUrl\":\"https:\\\/\\\/www.accuratereviews.com\\\/wp-content\\\/uploads\\\/2019\\\/11\\\/images-1.jpg\",\"datePublished\":\"2019-11-19T15:49:52+00:00\",\"dateModified\":\"2021-11-10T15:24:37+00:00\",\"description\":\"RankHacker: recensione della piattaforma SEO di livello avanzato che consente alle agenzie SEO di ottimizzare i siti web.\",\"breadcrumb\":{\"@id\":\"https:\\\/\\\/www.accuratereviews.com\\\/it\\\/strumenti-seo-lista-software\\\/rankhacker-recensione\\\/#breadcrumb\"},\"inLanguage\":\"it-IT\",\"potentialAction\":[{\"@type\":\"ReadAction\",\"target\":[\"https:\\\/\\\/www.accuratereviews.com\\\/it\\\/strumenti-seo-lista-software\\\/rankhacker-recensione\\\/\"]}]},{\"@type\":\"ImageObject\",\"inLanguage\":\"it-IT\",\"@id\":\"https:\\\/\\\/www.accuratereviews.com\\\/it\\\/strumenti-seo-lista-software\\\/rankhacker-recensione\\\/#primaryimage\",\"url\":\"https:\\\/\\\/www.accuratereviews.com\\\/wp-content\\\/uploads\\\/2019\\\/11\\\/images-1.jpg\",\"contentUrl\":\"https:\\\/\\\/www.accuratereviews.com\\\/wp-content\\\/uploads\\\/2019\\\/11\\\/images-1.jpg\",\"width\":225,\"height\":225},{\"@type\":\"BreadcrumbList\",\"@id\":\"https:\\\/\\\/www.accuratereviews.com\\\/it\\\/strumenti-seo-lista-software\\\/rankhacker-recensione\\\/#breadcrumb\",\"itemListElement\":[{\"@type\":\"ListItem\",\"position\":1,\"name\":\"Home\",\"item\":\"https:\\\/\\\/www.accuratereviews.com\\\/it\\\/\"},{\"@type\":\"ListItem\",\"position\":2,\"name\":\"Strumenti SEO\",\"item\":\"https:\\\/\\\/www.accuratereviews.com\\\/it\\\/strumenti-seo-lista-software\\\/\"},{\"@type\":\"ListItem\",\"position\":3,\"name\":\"RankHacker\"}]},{\"@type\":\"WebSite\",\"@id\":\"https:\\\/\\\/www.accuratereviews.com\\\/it\\\/#website\",\"url\":\"https:\\\/\\\/www.accuratereviews.com\\\/it\\\/\",\"name\":\"Accurate Reviews\",\"description\":\"\",\"potentialAction\":[{\"@type\":\"SearchAction\",\"target\":{\"@type\":\"EntryPoint\",\"urlTemplate\":\"https:\\\/\\\/www.accuratereviews.com\\\/it\\\/?s={search_term_string}\"},\"query-input\":{\"@type\":\"PropertyValueSpecification\",\"valueRequired\":true,\"valueName\":\"search_term_string\"}}],\"inLanguage\":\"it-IT\"}]}<\/script>\n<!-- \/ Yoast SEO plugin. -->","yoast_head_json":{"title":"RankHacker: recensione piattaforma SEO - Accurate Reviews","description":"RankHacker: recensione della piattaforma SEO di livello avanzato che consente alle agenzie SEO di ottimizzare i siti web.","robots":{"index":"index","follow":"follow","max-snippet":"max-snippet:-1","max-image-preview":"max-image-preview:large","max-video-preview":"max-video-preview:-1"},"canonical":"https:\/\/www.accuratereviews.com\/it\/strumenti-seo-lista-software\/rankhacker-recensione\/","og_locale":"it_IT","og_type":"article","og_title":"RankHacker: recensione piattaforma SEO - Accurate Reviews","og_description":"RankHacker: recensione della piattaforma SEO di livello avanzato che consente alle agenzie SEO di ottimizzare i siti web.","og_url":"https:\/\/www.accuratereviews.com\/it\/strumenti-seo-lista-software\/rankhacker-recensione\/","og_site_name":"Accurate Reviews","article_modified_time":"2021-11-10T15:24:37+00:00","og_image":[{"width":225,"height":225,"url":"https:\/\/www.accuratereviews.com\/wp-content\/uploads\/2019\/11\/images-1.jpg","type":"image\/jpeg"}],"twitter_card":"summary_large_image","twitter_misc":{"Tempo di lettura stimato":"3 minuti"},"schema":{"@context":"https:\/\/schema.org","@graph":[{"@type":"WebPage","@id":"https:\/\/www.accuratereviews.com\/it\/strumenti-seo-lista-software\/rankhacker-recensione\/","url":"https:\/\/www.accuratereviews.com\/it\/strumenti-seo-lista-software\/rankhacker-recensione\/","name":"RankHacker: recensione piattaforma SEO - Accurate Reviews","isPartOf":{"@id":"https:\/\/www.accuratereviews.com\/it\/#website"},"primaryImageOfPage":{"@id":"https:\/\/www.accuratereviews.com\/it\/strumenti-seo-lista-software\/rankhacker-recensione\/#primaryimage"},"image":{"@id":"https:\/\/www.accuratereviews.com\/it\/strumenti-seo-lista-software\/rankhacker-recensione\/#primaryimage"},"thumbnailUrl":"https:\/\/www.accuratereviews.com\/wp-content\/uploads\/2019\/11\/images-1.jpg","datePublished":"2019-11-19T15:49:52+00:00","dateModified":"2021-11-10T15:24:37+00:00","description":"RankHacker: recensione della piattaforma SEO di livello avanzato che consente alle agenzie SEO di ottimizzare i siti web.","breadcrumb":{"@id":"https:\/\/www.accuratereviews.com\/it\/strumenti-seo-lista-software\/rankhacker-recensione\/#breadcrumb"},"inLanguage":"it-IT","potentialAction":[{"@type":"ReadAction","target":["https:\/\/www.accuratereviews.com\/it\/strumenti-seo-lista-software\/rankhacker-recensione\/"]}]},{"@type":"ImageObject","inLanguage":"it-IT","@id":"https:\/\/www.accuratereviews.com\/it\/strumenti-seo-lista-software\/rankhacker-recensione\/#primaryimage","url":"https:\/\/www.accuratereviews.com\/wp-content\/uploads\/2019\/11\/images-1.jpg","contentUrl":"https:\/\/www.accuratereviews.com\/wp-content\/uploads\/2019\/11\/images-1.jpg","width":225,"height":225},{"@type":"BreadcrumbList","@id":"https:\/\/www.accuratereviews.com\/it\/strumenti-seo-lista-software\/rankhacker-recensione\/#breadcrumb","itemListElement":[{"@type":"ListItem","position":1,"name":"Home","item":"https:\/\/www.accuratereviews.com\/it\/"},{"@type":"ListItem","position":2,"name":"Strumenti SEO","item":"https:\/\/www.accuratereviews.com\/it\/strumenti-seo-lista-software\/"},{"@type":"ListItem","position":3,"name":"RankHacker"}]},{"@type":"WebSite","@id":"https:\/\/www.accuratereviews.com\/it\/#website","url":"https:\/\/www.accuratereviews.com\/it\/","name":"Accurate Reviews","description":"","potentialAction":[{"@type":"SearchAction","target":{"@type":"EntryPoint","urlTemplate":"https:\/\/www.accuratereviews.com\/it\/?s={search_term_string}"},"query-input":{"@type":"PropertyValueSpecification","valueRequired":true,"valueName":"search_term_string"}}],"inLanguage":"it-IT"}]}},"_links":{"self":[{"href":"https:\/\/www.accuratereviews.com\/it\/wp-json\/wp\/v2\/pages\/20316","targetHints":{"allow":["GET"]}}],"collection":[{"href":"https:\/\/www.accuratereviews.com\/it\/wp-json\/wp\/v2\/pages"}],"about":[{"href":"https:\/\/www.accuratereviews.com\/it\/wp-json\/wp\/v2\/types\/page"}],"author":[{"embeddable":true,"href":"https:\/\/www.accuratereviews.com\/it\/wp-json\/wp\/v2\/users\/17"}],"replies":[{"embeddable":true,"href":"https:\/\/www.accuratereviews.com\/it\/wp-json\/wp\/v2\/comments?post=20316"}],"version-history":[{"count":5,"href":"https:\/\/www.accuratereviews.com\/it\/wp-json\/wp\/v2\/pages\/20316\/revisions"}],"predecessor-version":[{"id":49782,"href":"https:\/\/www.accuratereviews.com\/it\/wp-json\/wp\/v2\/pages\/20316\/revisions\/49782"}],"up":[{"embeddable":true,"href":"https:\/\/www.accuratereviews.com\/it\/wp-json\/wp\/v2\/pages\/8849"}],"wp:featuredmedia":[{"embeddable":true,"href":"https:\/\/www.accuratereviews.com\/it\/wp-json\/wp\/v2\/media\/20317"}],"wp:attachment":[{"href":"https:\/\/www.accuratereviews.com\/it\/wp-json\/wp\/v2\/media?parent=20316"}],"wp:term":[{"taxonomy":"category","embeddable":true,"href":"https:\/\/www.accuratereviews.com\/it\/wp-json\/wp\/v2\/categories?post=20316"},{"taxonomy":"post_tag","embeddable":true,"href":"https:\/\/www.accuratereviews.com\/it\/wp-json\/wp\/v2\/tags?post=20316"},{"taxonomy":"features","embeddable":true,"href":"https:\/\/www.accuratereviews.com\/it\/wp-json\/wp\/v2\/features?post=20316"}],"curies":[{"name":"wp","href":"https:\/\/api.w.org\/{rel}","templated":true}]}}