{"id":20323,"date":"2019-11-19T15:49:43","date_gmt":"2019-11-19T15:49:43","guid":{"rendered":"https:\/\/www.accuratereviews.com\/?page_id=20323"},"modified":"2021-11-11T16:05:22","modified_gmt":"2021-11-11T16:05:22","slug":"elite-site-optimizer-recensione","status":"publish","type":"page","link":"https:\/\/www.accuratereviews.com\/it\/strumenti-seo-lista-software\/elite-site-optimizer-recensione\/","title":{"rendered":"Elite Site Optimizer"},"content":{"rendered":"<p><strong>Elite Site Optimizer<\/strong> \u00e8 un robusto strumento di <strong>ottimizzazione di siti web<\/strong>\u00a0<strong>(SEO)<\/strong> che aiuta gli esperti di marketing digitale a identificare le prestazioni del loro sito e app nel loro insieme per ricavare informazioni fruibili. Il programma offre numerosi report approfonditi su problemi SEO, standard di codifica W3C, sicurezza del sito web e qualit\u00e0 dei contenuti. Semplifica queste metriche e assicurati di trovarti in cima al SETP tra miliardi di ricerche che avvengono ogni giorno.\u00a0Questo <strong>sistema SEO<\/strong> online offre analisi della concorrenza, gestione dei collegamenti, metriche delle prestazioni, localizzazione, strumenti di ricerca delle parole chiave in un unico posto.<\/p>\n<h2>ELITE SITE OPTIMIZER &#8211; TUTORIAL<\/h2>\n<p>Guardiamo questo tutorial per sfruttare al meglio le funzioni di \u00a0questo<strong> programma SEO:<\/strong><\/p>\n<div id=\"fluid-wrapper-counter-1\" class=\"g1-fluid-wrapper \" style=\"width:686px;\">\n<div style=\"padding-bottom:56.268221574344%;\"><iframe loading=\"lazy\" title=\"EliteSiteOptimizer\" width=\"686\" height=\"386\" src=\"https:\/\/www.youtube.com\/embed\/N8H-8lkXtJQ?feature=oembed&amp;wmode=transparent&amp;autohide=1&amp;autoplay=0&amp;disablekb=0&amp;fs=1&amp;loop=0&amp;enablejsapi=1&amp;rel=0&amp;controls=2&amp;showinfo=0&amp;wmode=transparent&amp;autohide=2&amp;autoplay=0&amp;disablekb=0&amp;fs=1&amp;loop=0&amp;enablejsapi=1&amp;rel=0&amp;controls=2&amp;showinfo=1\" frameborder=\"0\" allow=\"accelerometer; autoplay; clipboard-write; encrypted-media; gyroscope; picture-in-picture\" allowfullscreen><\/iframe><\/div>\n<\/div>\n<h3>ELITE SITE OPTIMIZER &#8211; CARATTERISTICHE<\/h3>\n<ul>\n<li><strong>Test di accessibilit\u00e0<\/strong> web:\u00a0il programma valuta i problemi di accessibilit\u00e0 usando le raccomandazioni del World Wide Web Consortium (W3C). La soluzione copre l&#8217;accessibilit\u00e0 ai contenuti web (WCAG), le applicazioni internet accessibili (ARIA) e l&#8217;accessibilit\u00e0 mobile.<\/li>\n<li><strong>Standard di codifica<\/strong>: il software\u00a0valuta l&#8217;audit del codice utilizzando gli standard W3C. Convalida il codice HTML della pagina web utilizzando le funzioni di validazione del codice W3C. Il rapporto di verifica del codice identifica errori irreversibili e avvisi nel sito e lo snippet di codice in cui appare questo errore. Raccomanda inoltre il collegamento di correzione e riferimento per lo standard.<\/li>\n<li><strong>Riepilogo dell&#8217;integrit\u00e0 della pagina:<\/strong> ottieni una rapida panoramica del numero totale di problemi che richiedono la tua attenzione per un determinato URL della pagina web. Questo rapporto d\u00e0 anche la priorit\u00e0 ai problemi come ad alto, medio e basso impatto. Sulla base di questo indicatore di priorit\u00e0, SEO fornisce alla pagina web un punteggio di rendimento della pagina.<\/li>\n<li><strong>Controllo efficienza URL<\/strong>: raccogli l&#8217;efficienza dell&#8217;URL digitato durante l&#8217;accesso a questo rapporto. Capirai se l&#8217;URL indicato \u00e8 accessibile ai motori di ricerca. Controlla anche la compatibilit\u00e0 SEO dell&#8217;URL particolare con questo rapporto.<\/li>\n<li><strong>Social media<\/strong>: questa metrica valuter\u00e0 la popolarit\u00e0 dei social media per l&#8217;URL desiderato . Questo fornisce dettagli sulla presenza sui social media e sull&#8217;URL del sito social per la tua pagina web e la presenza sui social.<\/li>\n<li><strong>Controllo della coerenza della sicurezza<\/strong>:\u00a0Il rapporto ti aiuta a determinare se SSL \u00e8 abilitato per l&#8217;URL inserito in questo tracker. Questo controllo dei parametri \u00e8 fondamentale poich\u00e9 https \u00e8 un segnale di classificazione e influisce sulla classifica dei motori di ricerca.<\/li>\n<li><strong>Riepilogo dei collegamenti<\/strong>: ottieni un rapido aggiornamento su link interni, backlink e link esterni per un URL. \u00c8 inoltre possibile scegliere di visualizzare un rapporto dettagliato di ciascuno di questi parametri, quindi e l\u00ec. Avere un&#8217;idea generale dell&#8217;integrit\u00e0 dei collegamenti per ciascun URL pu\u00f2 aiutarti a pianificare in modo efficiente le attivit\u00e0 di creazione dei collegamenti per il tuo sito.<\/li>\n<li><strong>Conformit\u00e0 AMP<\/strong>:\u00a0capirai lo stato della conformit\u00e0 AMP per la tua pagina. Questo \u00e8 altrettanto importante come qualsiasi altra metrica in questo tracker. Le metriche di conformit\u00e0 AMP ti consentono di verificare le prestazioni della pagina HTML sui dispositivi mobili.<\/li>\n<li><strong>Metriche dei contenuti<\/strong>: i\u00a0rapporti sulle metriche dei contenuti dell&#8217;ESO insistono sulla compressione del testo per trasferimenti di rete pi\u00f9 rapidi per gli utenti di file HTML, CSS e JavaScript. Controlliamo anche la cordialit\u00e0 mobile della pagina web. \u00c8 importante sottolineare che raccomandiamo un design reattivo e una migliore esperienza utente mobile in quanto \u00e8 uno degli elementi pi\u00f9 richiesti dagli utenti in questa era digitale.<\/li>\n<\/ul>\n<h4>LE RECENSIONI DEGLI UTENTI<\/h4>\n<h4>Bobbett J. &#8220;TROPPO completo per il nostro piccolo sito web&#8221;<\/h4>\n<p><strong>Vantaggi<\/strong>: l&#8217;ho usato solo durante un periodo di prova gratuito. Ne ho tratto alcuni benefici e sono stato in grado di aumentare un po &#8216;il nostro SEO (sto ancora imparando), ma questo programma, che \u00e8 molto buono, ha avuto troppo per noi. Ci stavo dedicando troppo tempo e non ottenevo risultati produttivi perch\u00e9 aveva una curva di apprendimento ripida poich\u00e9 non sono un esperto di tecnologia del sito Web. Il mio precedente gestore di siti Web ha lasciato il settore, quindi sto cercando di imparare da solo. Elite Site Optimizer mi ha aiutato molto, ma \u00e8 troppo travolgente per me. Vale comunque la pena provare il periodo di prova per scoprire se fa per te. Ma soprattutto, ma la piccola quantit\u00e0 di attivit\u00e0 web che faccio, il costo per continuare a usarlo a tempo pieno non sarebbe conveniente per noi.<\/p>\n<p><strong>Inconvenienti<\/strong>: i costi complessivi a lungo termine avrebbero sforato il nostro budget. \u00c8 pi\u00f9 adatto per le aziende con una maggiore presenza sul web e che disponevano di un grande budget web. Non siamo noi.<\/p>\n<h4><strong>Carlotta C: &#8220;Lo strumento SEO intuitivo&#8221;<\/strong><\/h4>\n<p><strong>Commenti<\/strong>: il rapporto sulle opportunit\u00e0 SEO perse \u00e8 una buona idea. Il controllo link interno mi ha aiutato a migliorare significativamente il mio sito web semplicemente affrontando alcuni frutti a basso appeso.<\/p>\n<p><strong>Vantaggi<\/strong>: non devi spezzarti la testa con innumerevoli dati insignificanti soprattutto quando hai un sito web complesso se hai questo strumento. Questo biforca i problemi SEO per te in base al tipo di problema e alla priorit\u00e0 e lo espone chiaramente per ottenere approfondimenti.<\/p>\n<p><strong>Inconvenienti<\/strong>: dare idee per le parole chiave potrebbe essere un ulteriore vantaggio<\/p>\n","protected":false},"excerpt":{"rendered":"<p>Elite Site Optimizer \u00e8 un robusto strumento di ottimizzazione di siti web\u00a0(SEO) che aiuta gli esperti di marketing digitale a identificare le prestazioni del loro sito e app nel loro insieme per ricavare informazioni fruibili. Il programma offre numerosi report approfonditi su problemi SEO, standard di codifica W3C, sicurezza del sito web e qualit\u00e0 dei contenuti.<\/p>\n","protected":false},"author":19,"featured_media":20324,"parent":8849,"menu_order":0,"comment_status":"open","ping_status":"closed","template":"g1_template_page_review_new.php","meta":{"_acf_changed":false,"cwp_meta_box_check":"No","cwp_rev_product_name":"","cwp_rev_product_image":"","wppr_links":[],"cwp_rev_price":"","wppr_options":[],"wppr_pros":[],"wppr_cons":[],"_monsterinsights_skip_tracking":false,"_monsterinsights_sitenote_active":false,"_monsterinsights_sitenote_note":"","_monsterinsights_sitenote_category":0,"footnotes":""},"categories":[175],"tags":[1484,1421,1408,1420,1417,1419],"features":[],"class_list":{"0":"post-20323","1":"page","2":"type-page","3":"status-publish","4":"has-post-thumbnail","6":"category-strumenti-seo-categoria","7":"tag-elite-site-optimizer","8":"tag-programma-seo","9":"tag-rapporti-seo","10":"tag-software-seo","11":"tag-soluzione-seo","12":"tag-strumento-seo"},"wppr_data":{"cwp_meta_box_check":"No"},"acf":[],"yoast_head":"<!-- This site is optimized with the Yoast SEO plugin v27.4 - https:\/\/yoast.com\/product\/yoast-seo-wordpress\/ -->\n<title>Elite Site Optimizer: recensione software SEO - Accurate Reviews<\/title>\n<meta name=\"description\" content=\"Elite Site Optimizer: recensione strumento di ottimizzazione di siti web\u00a0(SEO) che aiuta gli esperti di marketing digitale a migliorare i contenuti dei siti\" \/>\n<meta name=\"robots\" content=\"index, follow, max-snippet:-1, max-image-preview:large, max-video-preview:-1\" \/>\n<link rel=\"canonical\" href=\"https:\/\/www.accuratereviews.com\/it\/strumenti-seo-lista-software\/elite-site-optimizer-recensione\/\" \/>\n<meta property=\"og:locale\" content=\"it_IT\" \/>\n<meta property=\"og:type\" content=\"article\" \/>\n<meta property=\"og:title\" content=\"Elite Site Optimizer: recensione software SEO - Accurate Reviews\" \/>\n<meta property=\"og:description\" content=\"Elite Site Optimizer: recensione strumento di ottimizzazione di siti web\u00a0(SEO) che aiuta gli esperti di marketing digitale a migliorare i contenuti dei siti\" \/>\n<meta property=\"og:url\" content=\"https:\/\/www.accuratereviews.com\/it\/strumenti-seo-lista-software\/elite-site-optimizer-recensione\/\" \/>\n<meta property=\"og:site_name\" content=\"Accurate Reviews\" \/>\n<meta property=\"article:modified_time\" content=\"2021-11-11T16:05:22+00:00\" \/>\n<meta property=\"og:image\" content=\"https:\/\/www.accuratereviews.com\/wp-content\/uploads\/2019\/11\/Elite-Site-Optimizer-.png\" \/>\n\t<meta property=\"og:image:width\" content=\"200\" \/>\n\t<meta property=\"og:image:height\" content=\"200\" \/>\n\t<meta property=\"og:image:type\" content=\"image\/png\" \/>\n<meta name=\"twitter:card\" content=\"summary_large_image\" \/>\n<meta name=\"twitter:label1\" content=\"Tempo di lettura stimato\" \/>\n\t<meta name=\"twitter:data1\" content=\"4 minuti\" \/>\n<script type=\"application\/ld+json\" class=\"yoast-schema-graph\">{\"@context\":\"https:\\\/\\\/schema.org\",\"@graph\":[{\"@type\":\"WebPage\",\"@id\":\"https:\\\/\\\/www.accuratereviews.com\\\/it\\\/strumenti-seo-lista-software\\\/elite-site-optimizer-recensione\\\/\",\"url\":\"https:\\\/\\\/www.accuratereviews.com\\\/it\\\/strumenti-seo-lista-software\\\/elite-site-optimizer-recensione\\\/\",\"name\":\"Elite Site Optimizer: recensione software SEO - Accurate Reviews\",\"isPartOf\":{\"@id\":\"https:\\\/\\\/www.accuratereviews.com\\\/it\\\/#website\"},\"primaryImageOfPage\":{\"@id\":\"https:\\\/\\\/www.accuratereviews.com\\\/it\\\/strumenti-seo-lista-software\\\/elite-site-optimizer-recensione\\\/#primaryimage\"},\"image\":{\"@id\":\"https:\\\/\\\/www.accuratereviews.com\\\/it\\\/strumenti-seo-lista-software\\\/elite-site-optimizer-recensione\\\/#primaryimage\"},\"thumbnailUrl\":\"https:\\\/\\\/www.accuratereviews.com\\\/wp-content\\\/uploads\\\/2019\\\/11\\\/Elite-Site-Optimizer-.png\",\"datePublished\":\"2019-11-19T15:49:43+00:00\",\"dateModified\":\"2021-11-11T16:05:22+00:00\",\"description\":\"Elite Site Optimizer: recensione strumento di ottimizzazione di siti web\u00a0(SEO) che aiuta gli esperti di marketing digitale a migliorare i contenuti dei siti\",\"breadcrumb\":{\"@id\":\"https:\\\/\\\/www.accuratereviews.com\\\/it\\\/strumenti-seo-lista-software\\\/elite-site-optimizer-recensione\\\/#breadcrumb\"},\"inLanguage\":\"it-IT\",\"potentialAction\":[{\"@type\":\"ReadAction\",\"target\":[\"https:\\\/\\\/www.accuratereviews.com\\\/it\\\/strumenti-seo-lista-software\\\/elite-site-optimizer-recensione\\\/\"]}]},{\"@type\":\"ImageObject\",\"inLanguage\":\"it-IT\",\"@id\":\"https:\\\/\\\/www.accuratereviews.com\\\/it\\\/strumenti-seo-lista-software\\\/elite-site-optimizer-recensione\\\/#primaryimage\",\"url\":\"https:\\\/\\\/www.accuratereviews.com\\\/wp-content\\\/uploads\\\/2019\\\/11\\\/Elite-Site-Optimizer-.png\",\"contentUrl\":\"https:\\\/\\\/www.accuratereviews.com\\\/wp-content\\\/uploads\\\/2019\\\/11\\\/Elite-Site-Optimizer-.png\",\"width\":200,\"height\":200},{\"@type\":\"BreadcrumbList\",\"@id\":\"https:\\\/\\\/www.accuratereviews.com\\\/it\\\/strumenti-seo-lista-software\\\/elite-site-optimizer-recensione\\\/#breadcrumb\",\"itemListElement\":[{\"@type\":\"ListItem\",\"position\":1,\"name\":\"Home\",\"item\":\"https:\\\/\\\/www.accuratereviews.com\\\/it\\\/\"},{\"@type\":\"ListItem\",\"position\":2,\"name\":\"Strumenti SEO\",\"item\":\"https:\\\/\\\/www.accuratereviews.com\\\/it\\\/strumenti-seo-lista-software\\\/\"},{\"@type\":\"ListItem\",\"position\":3,\"name\":\"Elite Site Optimizer\"}]},{\"@type\":\"WebSite\",\"@id\":\"https:\\\/\\\/www.accuratereviews.com\\\/it\\\/#website\",\"url\":\"https:\\\/\\\/www.accuratereviews.com\\\/it\\\/\",\"name\":\"Accurate Reviews\",\"description\":\"\",\"potentialAction\":[{\"@type\":\"SearchAction\",\"target\":{\"@type\":\"EntryPoint\",\"urlTemplate\":\"https:\\\/\\\/www.accuratereviews.com\\\/it\\\/?s={search_term_string}\"},\"query-input\":{\"@type\":\"PropertyValueSpecification\",\"valueRequired\":true,\"valueName\":\"search_term_string\"}}],\"inLanguage\":\"it-IT\"}]}<\/script>\n<!-- \/ Yoast SEO plugin. -->","yoast_head_json":{"title":"Elite Site Optimizer: recensione software SEO - Accurate Reviews","description":"Elite Site Optimizer: recensione strumento di ottimizzazione di siti web\u00a0(SEO) che aiuta gli esperti di marketing digitale a migliorare i contenuti dei siti","robots":{"index":"index","follow":"follow","max-snippet":"max-snippet:-1","max-image-preview":"max-image-preview:large","max-video-preview":"max-video-preview:-1"},"canonical":"https:\/\/www.accuratereviews.com\/it\/strumenti-seo-lista-software\/elite-site-optimizer-recensione\/","og_locale":"it_IT","og_type":"article","og_title":"Elite Site Optimizer: recensione software SEO - Accurate Reviews","og_description":"Elite Site Optimizer: recensione strumento di ottimizzazione di siti web\u00a0(SEO) che aiuta gli esperti di marketing digitale a migliorare i contenuti dei siti","og_url":"https:\/\/www.accuratereviews.com\/it\/strumenti-seo-lista-software\/elite-site-optimizer-recensione\/","og_site_name":"Accurate Reviews","article_modified_time":"2021-11-11T16:05:22+00:00","og_image":[{"width":200,"height":200,"url":"https:\/\/www.accuratereviews.com\/wp-content\/uploads\/2019\/11\/Elite-Site-Optimizer-.png","type":"image\/png"}],"twitter_card":"summary_large_image","twitter_misc":{"Tempo di lettura stimato":"4 minuti"},"schema":{"@context":"https:\/\/schema.org","@graph":[{"@type":"WebPage","@id":"https:\/\/www.accuratereviews.com\/it\/strumenti-seo-lista-software\/elite-site-optimizer-recensione\/","url":"https:\/\/www.accuratereviews.com\/it\/strumenti-seo-lista-software\/elite-site-optimizer-recensione\/","name":"Elite Site Optimizer: recensione software SEO - Accurate Reviews","isPartOf":{"@id":"https:\/\/www.accuratereviews.com\/it\/#website"},"primaryImageOfPage":{"@id":"https:\/\/www.accuratereviews.com\/it\/strumenti-seo-lista-software\/elite-site-optimizer-recensione\/#primaryimage"},"image":{"@id":"https:\/\/www.accuratereviews.com\/it\/strumenti-seo-lista-software\/elite-site-optimizer-recensione\/#primaryimage"},"thumbnailUrl":"https:\/\/www.accuratereviews.com\/wp-content\/uploads\/2019\/11\/Elite-Site-Optimizer-.png","datePublished":"2019-11-19T15:49:43+00:00","dateModified":"2021-11-11T16:05:22+00:00","description":"Elite Site Optimizer: recensione strumento di ottimizzazione di siti web\u00a0(SEO) che aiuta gli esperti di marketing digitale a migliorare i contenuti dei siti","breadcrumb":{"@id":"https:\/\/www.accuratereviews.com\/it\/strumenti-seo-lista-software\/elite-site-optimizer-recensione\/#breadcrumb"},"inLanguage":"it-IT","potentialAction":[{"@type":"ReadAction","target":["https:\/\/www.accuratereviews.com\/it\/strumenti-seo-lista-software\/elite-site-optimizer-recensione\/"]}]},{"@type":"ImageObject","inLanguage":"it-IT","@id":"https:\/\/www.accuratereviews.com\/it\/strumenti-seo-lista-software\/elite-site-optimizer-recensione\/#primaryimage","url":"https:\/\/www.accuratereviews.com\/wp-content\/uploads\/2019\/11\/Elite-Site-Optimizer-.png","contentUrl":"https:\/\/www.accuratereviews.com\/wp-content\/uploads\/2019\/11\/Elite-Site-Optimizer-.png","width":200,"height":200},{"@type":"BreadcrumbList","@id":"https:\/\/www.accuratereviews.com\/it\/strumenti-seo-lista-software\/elite-site-optimizer-recensione\/#breadcrumb","itemListElement":[{"@type":"ListItem","position":1,"name":"Home","item":"https:\/\/www.accuratereviews.com\/it\/"},{"@type":"ListItem","position":2,"name":"Strumenti SEO","item":"https:\/\/www.accuratereviews.com\/it\/strumenti-seo-lista-software\/"},{"@type":"ListItem","position":3,"name":"Elite Site Optimizer"}]},{"@type":"WebSite","@id":"https:\/\/www.accuratereviews.com\/it\/#website","url":"https:\/\/www.accuratereviews.com\/it\/","name":"Accurate Reviews","description":"","potentialAction":[{"@type":"SearchAction","target":{"@type":"EntryPoint","urlTemplate":"https:\/\/www.accuratereviews.com\/it\/?s={search_term_string}"},"query-input":{"@type":"PropertyValueSpecification","valueRequired":true,"valueName":"search_term_string"}}],"inLanguage":"it-IT"}]}},"_links":{"self":[{"href":"https:\/\/www.accuratereviews.com\/it\/wp-json\/wp\/v2\/pages\/20323","targetHints":{"allow":["GET"]}}],"collection":[{"href":"https:\/\/www.accuratereviews.com\/it\/wp-json\/wp\/v2\/pages"}],"about":[{"href":"https:\/\/www.accuratereviews.com\/it\/wp-json\/wp\/v2\/types\/page"}],"author":[{"embeddable":true,"href":"https:\/\/www.accuratereviews.com\/it\/wp-json\/wp\/v2\/users\/19"}],"replies":[{"embeddable":true,"href":"https:\/\/www.accuratereviews.com\/it\/wp-json\/wp\/v2\/comments?post=20323"}],"version-history":[{"count":7,"href":"https:\/\/www.accuratereviews.com\/it\/wp-json\/wp\/v2\/pages\/20323\/revisions"}],"predecessor-version":[{"id":49855,"href":"https:\/\/www.accuratereviews.com\/it\/wp-json\/wp\/v2\/pages\/20323\/revisions\/49855"}],"up":[{"embeddable":true,"href":"https:\/\/www.accuratereviews.com\/it\/wp-json\/wp\/v2\/pages\/8849"}],"wp:featuredmedia":[{"embeddable":true,"href":"https:\/\/www.accuratereviews.com\/it\/wp-json\/wp\/v2\/media\/20324"}],"wp:attachment":[{"href":"https:\/\/www.accuratereviews.com\/it\/wp-json\/wp\/v2\/media?parent=20323"}],"wp:term":[{"taxonomy":"category","embeddable":true,"href":"https:\/\/www.accuratereviews.com\/it\/wp-json\/wp\/v2\/categories?post=20323"},{"taxonomy":"post_tag","embeddable":true,"href":"https:\/\/www.accuratereviews.com\/it\/wp-json\/wp\/v2\/tags?post=20323"},{"taxonomy":"features","embeddable":true,"href":"https:\/\/www.accuratereviews.com\/it\/wp-json\/wp\/v2\/features?post=20323"}],"curies":[{"name":"wp","href":"https:\/\/api.w.org\/{rel}","templated":true}]}}