{"id":20328,"date":"2019-11-19T15:50:14","date_gmt":"2019-11-19T15:50:14","guid":{"rendered":"https:\/\/www.accuratereviews.com\/?page_id=20328"},"modified":"2021-11-10T16:47:32","modified_gmt":"2021-11-10T16:47:32","slug":"seo-panel-recensione","status":"publish","type":"page","link":"https:\/\/www.accuratereviews.com\/it\/strumenti-seo-lista-software\/seo-panel-recensione\/","title":{"rendered":"Seo Panel"},"content":{"rendered":"<p><strong>Seo Panel<\/strong> \u00e8 un<strong> software di ottimizzazione per motori di ricerca (SEO)<\/strong> open source che consente agli utenti di controllare i propri siti web e tenere traccia delle proprie classifiche e progressi. Le principali funzioni di questo pannello di controllo sono:\u00a0invio directory automatico, controllo posizione parole chiave, strumenti per i Webmaster, analisi social media, controllo sito e generatore di Sitemap, verifica backlink, analisi velocit\u00e0 pagina, test sul posizionamento MOZ e supporto multilingue.<\/p>\n<h2>SEO PANEL &#8211; TUTORIAL<\/h2>\n<p>Questo tutorial mostra come\u00a0creare siti Web, come generare report e come installare un plug-in nel <strong>pannello SEO<\/strong> e molto altro ancora:<\/p>\n<div id=\"fluid-wrapper-counter-1\" class=\"g1-fluid-wrapper \" style=\"width:686px;\">\n<div style=\"padding-bottom:56.268221574344%;\"><iframe loading=\"lazy\" title=\"Seo Panel Tutorial part 1\" width=\"515\" height=\"386\" src=\"https:\/\/www.youtube.com\/embed\/Npl3rBiL3e0?feature=oembed&amp;wmode=transparent&amp;autohide=1&amp;autoplay=0&amp;disablekb=0&amp;fs=1&amp;loop=0&amp;enablejsapi=1&amp;rel=0&amp;controls=2&amp;showinfo=0&amp;wmode=transparent&amp;autohide=2&amp;autoplay=0&amp;disablekb=0&amp;fs=1&amp;loop=0&amp;enablejsapi=1&amp;rel=0&amp;controls=2&amp;showinfo=1\" frameborder=\"0\" allow=\"accelerometer; autoplay; clipboard-write; encrypted-media; gyroscope; picture-in-picture\" allowfullscreen><\/iframe><\/div>\n<\/div>\n<h3>SEO PANEL &#8211; CARATTERISTICHE<\/h3>\n<ul>\n<li><strong>Strumento di invio directory automatico<\/strong>: aiuta a inviare i siti web alle principali directory internet gratuite o a pagamento. Puoi tenere traccia dello stato di ogni invio attraverso un controllo periodico utilizzando lo script di controllo dello stato di invio<\/li>\n<li><strong>Revisore del sito<\/strong>: il programma controller\u00e0 tutti i fattori SEO di ciascuna pagina di un sito e fornir\u00e0 un rapporto dettagliato su ciascuna. Questo ti aiuter\u00e0 a creare file di sitemap XML, HTML, TEXT del sito da inviare ai motori di ricerca<\/li>\n<li><strong>Controllo del ranking MOZ:<\/strong> trover\u00e0 il ranking della pagina MOZ, l&#8217;autorit\u00e0 di dominio, l&#8217;autorit\u00e0 della pagina e i backlink dei siti Web e lo memorizzer\u00e0 nel sistema. Nella sezione dei rapporti sui ranghi, possiamo vedere il grado MOZ giornaliero di ciascun sito mediante rapporti dettagliati<\/li>\n<li><strong>Controllo posizione parole chiave<\/strong>: trova la posizione del motore di ricerca delle parole chiave targetizzate del tuo sito e le memorizza nel sistema. Nella sezione Rapporti sulla posizione delle parole chiave, possiamo vedere le posizioni giornaliere delle parole chiave nei diversi motori di ricerca grazie a splendidi grafici e rapporti dettagliati<\/li>\n<li><strong>Saturazione motore di ricerca<\/strong>: il controllo della saturazione dei motori di ricerca trova il numero di pagine indicizzate dei nostri siti web in diversi motori di ricerca come google, yahoo, msn ecc. E lo memorizza nel sistema<\/li>\n<li><strong>Page Speed \u200b\u200bInsights<\/strong>: il correttore di Speed \u200b\u200bPage prover\u00e0 la velocit\u00e0 desktop, la velocit\u00e0 mobile e l&#8217;usabilit\u00e0 mobile dei siti web e li memorizzer\u00e0 nel sistema.<\/li>\n<\/ul>\n<h4>LE RECENSIONI DEGLI UTENTI<\/h4>\n<h4>Florian D. &#8220;un pannello Seo da parte di tutti e un sacco di strumenti perfettamente da Seo sul web&#8221;<\/h4>\n<p><strong>Commenti<\/strong>: Ho risolto molti problemi e problemi con il mio contatto sul pannello Seo<br \/>\nho testato molti plugin, template e strumenti\u00a0lo uso da molto tempo e quando ho qualche pensiero o altri piccoli problemi ha sempre una squadra di aiuto e li risolve<\/p>\n<p><strong>Vantaggi<\/strong>: Mi piace questo prodotto perch\u00e9 \u00e8 davvero pieno di plugin essenziali per SEO su Internet ora riservato ai professionisti ora disponibili per tutti<br \/>\nConsiglio vivamente<\/p>\n<p><strong>Inconvenienti<\/strong>: a volte penso che sia semplicemente perfetto<br \/>\nnuovo template e plugin per personalizzare il pannello seo<br \/>\nuna buona opzione per personalizzare il mio pannello<\/p>\n<p><strong>Izak S. &#8220;bel strumento&#8221;<\/strong><\/p>\n<p><strong>Commenti<\/strong>: mi d\u00e0 un&#8217;opzione per creare backlink di volta in volta<\/p>\n<p><strong>Vantaggi<\/strong>: simpatico strumento che pu\u00f2 essere utilizzato per creare backlink &#8211; alcuni plugin sono davvero fantastici, il pannello aiuta anche a tracciare la classifica<\/p>\n<p><strong>Inconvenienti<\/strong>: questo strumento potrebbe essere molto meglio se fosse pi\u00f9 un codice aperto, ad esempio se ci fosse uno strumento per insegnare al programma un nuovo link per creare nuovi backlink potrebbe essere fantastico<\/p>\n<h4>Abigail N. &#8220;Seo Panel&#8221;<\/h4>\n<p><strong>Vantaggi<\/strong>: SEO Panel fornisce un ottimo feedback sulla mia scrittura.<\/p>\n<p><strong>Inconvenienti<\/strong>: alcune sfumature di grammatica e sintassi portano a punteggi imprecisi.<\/p>\n","protected":false},"excerpt":{"rendered":"<p>Seo Panel \u00e8 un software di ottimizzazione per motori di ricerca (SEO) open source che consente agli utenti di controllare i propri siti web e tenere traccia delle proprie classifiche e progressi. Le principali funzioni di questo pannello di controllo sono:\u00a0invio directory automatico, controllo posizione parole chiave, strumenti per i Webmaster, analisi social media, controllo sito e generatore di Sitemap, verifica backlink, analisi velocit\u00e0 pagina, test sul posizionamento MOZ e supporto multilingue.<\/p>\n","protected":false},"author":19,"featured_media":20329,"parent":8849,"menu_order":0,"comment_status":"open","ping_status":"closed","template":"g1_template_page_review_new.php","meta":{"_acf_changed":false,"cwp_meta_box_check":"Yes","cwp_rev_product_name":"","cwp_rev_product_image":"","wppr_links":[],"cwp_rev_price":"","wppr_options":[],"wppr_pros":[],"wppr_cons":[],"_monsterinsights_skip_tracking":false,"_monsterinsights_sitenote_active":false,"_monsterinsights_sitenote_note":"","_monsterinsights_sitenote_category":0,"footnotes":""},"categories":[175],"tags":[246,1421,1408,1485,1420,1417,885],"features":[],"class_list":{"0":"post-20328","1":"page","2":"type-page","3":"status-publish","4":"has-post-thumbnail","6":"category-strumenti-seo-categoria","7":"tag-open-source","8":"tag-programma-seo","9":"tag-rapporti-seo","10":"tag-seo-panel","11":"tag-software-seo","12":"tag-soluzione-seo","13":"tag-strumenti-seo"},"wppr_data":{"cwp_meta_box_check":"Yes","cwp_rev_product_name":"","cwp_rev_product_image":"","cwp_image_link":"image","cwp_rev_price":"","wppr_rating":"0.00"},"acf":[],"yoast_head":"<!-- This site is optimized with the Yoast SEO plugin v27.4 - https:\/\/yoast.com\/product\/yoast-seo-wordpress\/ -->\n<title>SEO Panel: recensiono software SEO- Accurate Reviews<\/title>\n<meta name=\"description\" content=\"Seo Panel: recensione software di ottimizzazione per motori di ricerca (SEO) open source che consente agli utenti di controllare i propri siti web.\" \/>\n<meta name=\"robots\" content=\"index, follow, max-snippet:-1, max-image-preview:large, max-video-preview:-1\" \/>\n<link rel=\"canonical\" href=\"https:\/\/www.accuratereviews.com\/it\/strumenti-seo-lista-software\/seo-panel-recensione\/\" \/>\n<meta property=\"og:locale\" content=\"it_IT\" \/>\n<meta property=\"og:type\" content=\"article\" \/>\n<meta property=\"og:title\" content=\"SEO Panel: recensiono software SEO- Accurate Reviews\" \/>\n<meta property=\"og:description\" content=\"Seo Panel: recensione software di ottimizzazione per motori di ricerca (SEO) open source che consente agli utenti di controllare i propri siti web.\" \/>\n<meta property=\"og:url\" content=\"https:\/\/www.accuratereviews.com\/it\/strumenti-seo-lista-software\/seo-panel-recensione\/\" \/>\n<meta property=\"og:site_name\" content=\"Accurate Reviews\" \/>\n<meta property=\"article:modified_time\" content=\"2021-11-10T16:47:32+00:00\" \/>\n<meta property=\"og:image\" content=\"https:\/\/www.accuratereviews.com\/wp-content\/uploads\/2019\/11\/seopanel.png\" \/>\n\t<meta property=\"og:image:width\" content=\"220\" \/>\n\t<meta property=\"og:image:height\" content=\"234\" \/>\n\t<meta property=\"og:image:type\" content=\"image\/png\" \/>\n<meta name=\"twitter:card\" content=\"summary_large_image\" \/>\n<meta name=\"twitter:label1\" content=\"Tempo di lettura stimato\" \/>\n\t<meta name=\"twitter:data1\" content=\"3 minuti\" \/>\n<script type=\"application\/ld+json\" class=\"yoast-schema-graph\">{\"@context\":\"https:\\\/\\\/schema.org\",\"@graph\":[{\"@type\":\"WebPage\",\"@id\":\"https:\\\/\\\/www.accuratereviews.com\\\/it\\\/strumenti-seo-lista-software\\\/seo-panel-recensione\\\/\",\"url\":\"https:\\\/\\\/www.accuratereviews.com\\\/it\\\/strumenti-seo-lista-software\\\/seo-panel-recensione\\\/\",\"name\":\"SEO Panel: recensiono software SEO- Accurate Reviews\",\"isPartOf\":{\"@id\":\"https:\\\/\\\/www.accuratereviews.com\\\/it\\\/#website\"},\"primaryImageOfPage\":{\"@id\":\"https:\\\/\\\/www.accuratereviews.com\\\/it\\\/strumenti-seo-lista-software\\\/seo-panel-recensione\\\/#primaryimage\"},\"image\":{\"@id\":\"https:\\\/\\\/www.accuratereviews.com\\\/it\\\/strumenti-seo-lista-software\\\/seo-panel-recensione\\\/#primaryimage\"},\"thumbnailUrl\":\"https:\\\/\\\/www.accuratereviews.com\\\/wp-content\\\/uploads\\\/2019\\\/11\\\/seopanel.png\",\"datePublished\":\"2019-11-19T15:50:14+00:00\",\"dateModified\":\"2021-11-10T16:47:32+00:00\",\"description\":\"Seo Panel: recensione software di ottimizzazione per motori di ricerca (SEO) open source che consente agli utenti di controllare i propri siti web.\",\"breadcrumb\":{\"@id\":\"https:\\\/\\\/www.accuratereviews.com\\\/it\\\/strumenti-seo-lista-software\\\/seo-panel-recensione\\\/#breadcrumb\"},\"inLanguage\":\"it-IT\",\"potentialAction\":[{\"@type\":\"ReadAction\",\"target\":[\"https:\\\/\\\/www.accuratereviews.com\\\/it\\\/strumenti-seo-lista-software\\\/seo-panel-recensione\\\/\"]}]},{\"@type\":\"ImageObject\",\"inLanguage\":\"it-IT\",\"@id\":\"https:\\\/\\\/www.accuratereviews.com\\\/it\\\/strumenti-seo-lista-software\\\/seo-panel-recensione\\\/#primaryimage\",\"url\":\"https:\\\/\\\/www.accuratereviews.com\\\/wp-content\\\/uploads\\\/2019\\\/11\\\/seopanel.png\",\"contentUrl\":\"https:\\\/\\\/www.accuratereviews.com\\\/wp-content\\\/uploads\\\/2019\\\/11\\\/seopanel.png\",\"width\":220,\"height\":234},{\"@type\":\"BreadcrumbList\",\"@id\":\"https:\\\/\\\/www.accuratereviews.com\\\/it\\\/strumenti-seo-lista-software\\\/seo-panel-recensione\\\/#breadcrumb\",\"itemListElement\":[{\"@type\":\"ListItem\",\"position\":1,\"name\":\"Home\",\"item\":\"https:\\\/\\\/www.accuratereviews.com\\\/it\\\/\"},{\"@type\":\"ListItem\",\"position\":2,\"name\":\"Strumenti SEO\",\"item\":\"https:\\\/\\\/www.accuratereviews.com\\\/it\\\/strumenti-seo-lista-software\\\/\"},{\"@type\":\"ListItem\",\"position\":3,\"name\":\"Seo Panel\"}]},{\"@type\":\"WebSite\",\"@id\":\"https:\\\/\\\/www.accuratereviews.com\\\/it\\\/#website\",\"url\":\"https:\\\/\\\/www.accuratereviews.com\\\/it\\\/\",\"name\":\"Accurate Reviews\",\"description\":\"\",\"potentialAction\":[{\"@type\":\"SearchAction\",\"target\":{\"@type\":\"EntryPoint\",\"urlTemplate\":\"https:\\\/\\\/www.accuratereviews.com\\\/it\\\/?s={search_term_string}\"},\"query-input\":{\"@type\":\"PropertyValueSpecification\",\"valueRequired\":true,\"valueName\":\"search_term_string\"}}],\"inLanguage\":\"it-IT\"}]}<\/script>\n<!-- \/ Yoast SEO plugin. -->","yoast_head_json":{"title":"SEO Panel: recensiono software SEO- Accurate Reviews","description":"Seo Panel: recensione software di ottimizzazione per motori di ricerca (SEO) open source che consente agli utenti di controllare i propri siti web.","robots":{"index":"index","follow":"follow","max-snippet":"max-snippet:-1","max-image-preview":"max-image-preview:large","max-video-preview":"max-video-preview:-1"},"canonical":"https:\/\/www.accuratereviews.com\/it\/strumenti-seo-lista-software\/seo-panel-recensione\/","og_locale":"it_IT","og_type":"article","og_title":"SEO Panel: recensiono software SEO- Accurate Reviews","og_description":"Seo Panel: recensione software di ottimizzazione per motori di ricerca (SEO) open source che consente agli utenti di controllare i propri siti web.","og_url":"https:\/\/www.accuratereviews.com\/it\/strumenti-seo-lista-software\/seo-panel-recensione\/","og_site_name":"Accurate Reviews","article_modified_time":"2021-11-10T16:47:32+00:00","og_image":[{"width":220,"height":234,"url":"https:\/\/www.accuratereviews.com\/wp-content\/uploads\/2019\/11\/seopanel.png","type":"image\/png"}],"twitter_card":"summary_large_image","twitter_misc":{"Tempo di lettura stimato":"3 minuti"},"schema":{"@context":"https:\/\/schema.org","@graph":[{"@type":"WebPage","@id":"https:\/\/www.accuratereviews.com\/it\/strumenti-seo-lista-software\/seo-panel-recensione\/","url":"https:\/\/www.accuratereviews.com\/it\/strumenti-seo-lista-software\/seo-panel-recensione\/","name":"SEO Panel: recensiono software SEO- Accurate Reviews","isPartOf":{"@id":"https:\/\/www.accuratereviews.com\/it\/#website"},"primaryImageOfPage":{"@id":"https:\/\/www.accuratereviews.com\/it\/strumenti-seo-lista-software\/seo-panel-recensione\/#primaryimage"},"image":{"@id":"https:\/\/www.accuratereviews.com\/it\/strumenti-seo-lista-software\/seo-panel-recensione\/#primaryimage"},"thumbnailUrl":"https:\/\/www.accuratereviews.com\/wp-content\/uploads\/2019\/11\/seopanel.png","datePublished":"2019-11-19T15:50:14+00:00","dateModified":"2021-11-10T16:47:32+00:00","description":"Seo Panel: recensione software di ottimizzazione per motori di ricerca (SEO) open source che consente agli utenti di controllare i propri siti web.","breadcrumb":{"@id":"https:\/\/www.accuratereviews.com\/it\/strumenti-seo-lista-software\/seo-panel-recensione\/#breadcrumb"},"inLanguage":"it-IT","potentialAction":[{"@type":"ReadAction","target":["https:\/\/www.accuratereviews.com\/it\/strumenti-seo-lista-software\/seo-panel-recensione\/"]}]},{"@type":"ImageObject","inLanguage":"it-IT","@id":"https:\/\/www.accuratereviews.com\/it\/strumenti-seo-lista-software\/seo-panel-recensione\/#primaryimage","url":"https:\/\/www.accuratereviews.com\/wp-content\/uploads\/2019\/11\/seopanel.png","contentUrl":"https:\/\/www.accuratereviews.com\/wp-content\/uploads\/2019\/11\/seopanel.png","width":220,"height":234},{"@type":"BreadcrumbList","@id":"https:\/\/www.accuratereviews.com\/it\/strumenti-seo-lista-software\/seo-panel-recensione\/#breadcrumb","itemListElement":[{"@type":"ListItem","position":1,"name":"Home","item":"https:\/\/www.accuratereviews.com\/it\/"},{"@type":"ListItem","position":2,"name":"Strumenti SEO","item":"https:\/\/www.accuratereviews.com\/it\/strumenti-seo-lista-software\/"},{"@type":"ListItem","position":3,"name":"Seo Panel"}]},{"@type":"WebSite","@id":"https:\/\/www.accuratereviews.com\/it\/#website","url":"https:\/\/www.accuratereviews.com\/it\/","name":"Accurate Reviews","description":"","potentialAction":[{"@type":"SearchAction","target":{"@type":"EntryPoint","urlTemplate":"https:\/\/www.accuratereviews.com\/it\/?s={search_term_string}"},"query-input":{"@type":"PropertyValueSpecification","valueRequired":true,"valueName":"search_term_string"}}],"inLanguage":"it-IT"}]}},"_links":{"self":[{"href":"https:\/\/www.accuratereviews.com\/it\/wp-json\/wp\/v2\/pages\/20328","targetHints":{"allow":["GET"]}}],"collection":[{"href":"https:\/\/www.accuratereviews.com\/it\/wp-json\/wp\/v2\/pages"}],"about":[{"href":"https:\/\/www.accuratereviews.com\/it\/wp-json\/wp\/v2\/types\/page"}],"author":[{"embeddable":true,"href":"https:\/\/www.accuratereviews.com\/it\/wp-json\/wp\/v2\/users\/19"}],"replies":[{"embeddable":true,"href":"https:\/\/www.accuratereviews.com\/it\/wp-json\/wp\/v2\/comments?post=20328"}],"version-history":[{"count":9,"href":"https:\/\/www.accuratereviews.com\/it\/wp-json\/wp\/v2\/pages\/20328\/revisions"}],"predecessor-version":[{"id":49803,"href":"https:\/\/www.accuratereviews.com\/it\/wp-json\/wp\/v2\/pages\/20328\/revisions\/49803"}],"up":[{"embeddable":true,"href":"https:\/\/www.accuratereviews.com\/it\/wp-json\/wp\/v2\/pages\/8849"}],"wp:featuredmedia":[{"embeddable":true,"href":"https:\/\/www.accuratereviews.com\/it\/wp-json\/wp\/v2\/media\/20329"}],"wp:attachment":[{"href":"https:\/\/www.accuratereviews.com\/it\/wp-json\/wp\/v2\/media?parent=20328"}],"wp:term":[{"taxonomy":"category","embeddable":true,"href":"https:\/\/www.accuratereviews.com\/it\/wp-json\/wp\/v2\/categories?post=20328"},{"taxonomy":"post_tag","embeddable":true,"href":"https:\/\/www.accuratereviews.com\/it\/wp-json\/wp\/v2\/tags?post=20328"},{"taxonomy":"features","embeddable":true,"href":"https:\/\/www.accuratereviews.com\/it\/wp-json\/wp\/v2\/features?post=20328"}],"curies":[{"name":"wp","href":"https:\/\/api.w.org\/{rel}","templated":true}]}}