{"id":20368,"date":"2019-11-20T14:53:58","date_gmt":"2019-11-20T14:53:58","guid":{"rendered":"https:\/\/www.accuratereviews.com\/?page_id=20368"},"modified":"2021-11-10T11:13:27","modified_gmt":"2021-11-10T11:13:27","slug":"ranksense-recensione","status":"publish","type":"page","link":"https:\/\/www.accuratereviews.com\/it\/strumenti-seo-lista-software\/ranksense-recensione\/","title":{"rendered":"RankSense"},"content":{"rendered":"<div class=\"tlid-input input\">\n<div class=\"source-wrap\">\n<div class=\"input-full-height-wrapper tlid-input-full-height-wrapper\">\n<div class=\"source-input\">\n<div class=\"source-footer-wrap source-or-target-footer\">\n<div class=\"character-count tlid-character-count\"><\/div>\n<div class=\"source-footer\">\n<div class=\"src-tts left-positioned ttsbutton jfk-button-flat source-or-target-footer-button jfk-button\" tabindex=\"0\" role=\"button\" aria-label=\"Ascolta\" data-tooltip=\"Ascolta\" aria-pressed=\"false\" data-tooltip-align=\"t,c\" aria-hidden=\"false\" aria-disabled=\"false\">\n<div class=\"jfk-button-img\"><strong>RankSense<\/strong> \u00e8 uno strumento che ti permette di<strong> ottimizzare i tuoi siti web, <\/strong><span class=\"tlid-translation translation\" lang=\"it\">rilevare e rimuovere i <strong>problemi di SEO<\/strong> che uccidono il traffico prima che sia troppo tardi. Si tratta di una piattaforma online in cui inserisci i link del tuo sito e te lo<strong> analizza in tempo reale<\/strong>, trovando gli errori che si stanno verificando e stanno provocando una diminuzione del traffico. Con <strong>RankSense<\/strong> puoi monitorare costantemente la <strong>SEO delle tue pagine<\/strong> e ricevere notifiche istantanee sul tuo canale di posta elettronica o sullo smartphone o su Slack. In questo modo potrai sempre attivarti in tempo per risolvere qualsiasi problema stia intaccando la tua produttivit\u00e0.<\/span><\/div>\n<\/div>\n<\/div>\n<\/div>\n<\/div>\n<\/div>\n<\/div>\n<\/div>\n<div class=\"tlid-results-container results-container\">\n<div class=\"tlid-result result-dict-wrapper\">\n<div class=\"result tlid-copy-target\">\n<div class=\"text-wrap tlid-copy-target\">\n<h2 tabindex=\"0\">COME FUNZIONA RANKSENSE &#8211; IMMAGINE<\/h2>\n<p tabindex=\"0\">Ecco un&#8217;immagine che ci mostra come <strong>RankSense<\/strong> agisce quando incontra dei problemi:\u00a0<a href=\"https:\/\/www.accuratereviews.com\/wp-content\/uploads\/2019\/11\/screenshot-cf-hiw-1.png\"><img loading=\"lazy\" decoding=\"async\" class=\"aligncenter wp-image-20369 size-full\" src=\"https:\/\/www.accuratereviews.com\/wp-content\/uploads\/2019\/11\/screenshot-cf-hiw-1.png\" alt=\"\" width=\"1440\" height=\"1024\" srcset=\"https:\/\/www.accuratereviews.com\/wp-content\/uploads\/2019\/11\/screenshot-cf-hiw-1.png 1440w, https:\/\/www.accuratereviews.com\/wp-content\/uploads\/2019\/11\/screenshot-cf-hiw-1-300x213.png 300w, https:\/\/www.accuratereviews.com\/wp-content\/uploads\/2019\/11\/screenshot-cf-hiw-1-768x546.png 768w, https:\/\/www.accuratereviews.com\/wp-content\/uploads\/2019\/11\/screenshot-cf-hiw-1-1024x728.png 1024w, https:\/\/www.accuratereviews.com\/wp-content\/uploads\/2019\/11\/screenshot-cf-hiw-1-176x125.png 176w, https:\/\/www.accuratereviews.com\/wp-content\/uploads\/2019\/11\/screenshot-cf-hiw-1-50x36.png 50w, https:\/\/www.accuratereviews.com\/wp-content\/uploads\/2019\/11\/screenshot-cf-hiw-1-968x688.png 968w, https:\/\/www.accuratereviews.com\/wp-content\/uploads\/2019\/11\/screenshot-cf-hiw-1-636x452.png 636w, https:\/\/www.accuratereviews.com\/wp-content\/uploads\/2019\/11\/screenshot-cf-hiw-1-320x228.png 320w, https:\/\/www.accuratereviews.com\/wp-content\/uploads\/2019\/11\/screenshot-cf-hiw-1-239x170.png 239w\" sizes=\"auto, (max-width: 1440px) 100vw, 1440px\" \/><\/a><\/p>\n<h3>RANKSENSE &#8211; CARATTERISTICHE<\/h3>\n<\/div>\n<p>Di seguito le sue principali caratteristiche:<\/p>\n<p><strong>Ottimizzazione dei motori di ricerca<\/strong>: trova le tue attuali classifiche di ricerca, la copertura dei motori di ricerca e i problemi di diagnosi nelle tue pagine<br \/>\n<strong>Ricerche di mercato<\/strong>: ricerca parole chiave e analisi della concorrenza cos\u00ec da avere sempre tutto sotto controllo<br \/>\n<strong>Ottimizzazione on-page<\/strong>: analizza i fattori SEO interni<br \/>\n<strong>Ottimizzazione off-page<\/strong>: analizza il portfolio di collegamenti e i testi di ancoraggio<br \/>\n<strong>Monitoraggio SEO<\/strong>: goditi il \u200b\u200bpieno controllo di tutte le modifiche al tuo sito e visualizza in anteprima le modifiche prima che diventino attive nella produzione<\/p>\n<h3>LE RECENSIONI DEGLI UTENTI<\/h3>\n<p><strong>&#8220;RankSense \u00e8 il modo migliore per monitorare l&#8217;efficacia SEO!&#8221;<\/strong><br \/>\nPRO: Adoro la prova gratuita e molto probabilmente aggiorner\u00f2 perch\u00e9 i report generati hanno gi\u00e0 contribuito a migliorare le mie classifiche.<br \/>\nCONTRO: la GUI ha impiegato un po&#8217; di tempo per abituarsi. Ma la funzionalit\u00e0 \u00e8 valsa la pena.<\/p>\n<p><strong>&#8220;Abbiamo imparato molto sul nostro sito Web dalla scansione.&#8221;<\/strong><br \/>\nIN GENERALE: ulteriori informazioni sul nostro sito Web e su ci\u00f2 che dovevamo risolvere.<br \/>\nPRO: ti mostra dove sono le nostre aree problematiche con il nostro sito web. Ci \u00e8 piaciuto vedere le soluzioni per tutti i problemi che si presentano.<br \/>\nCONTRO: Sarebbe utile avere pi\u00f9 di una spiegazione sul report di ci\u00f2 che ciascuna scheda \u00e8 e come risolvere il problema. \u00c8 un po&#8217; vago su come risolvere alcuni dei nostri problemi. \u00c8 necessario acquistare un servizio per risolverne alcuni.<\/p>\n<p><strong>&#8220;Sto usando RankSense per azzerare problemi con il nostro sito Web che influiscono negativamente sulla SEO.&#8221;<\/strong><br \/>\nIN GENERALE: facile da usare, ben strutturato e abbastanza approfondito &#8211; ottimo per identificare e lavorare attraverso problemi SEO di base.<br \/>\nPRO: i dati sono disposti in modo chiaro, ben organizzati e elencati in modo utile. I grafici e i codici colore offrono una panoramica piacevole e immediata, mentre informazioni pi\u00f9 dettagliate sono facili da trovare.<br \/>\nCONTRO: potrebbe essere pi\u00f9 solido, fare distinzioni tra problemi che hanno un effetto trascurabile sulla SEO rispetto a quelli che sono i veri colpevoli della riduzione delle prestazioni SEO. Forse potrebbe tenere conto di fattori come il traffico del sito, il volume delle transazioni, il numero di prodotti, ecc.<\/p>\n<\/div>\n<\/div>\n<\/div>\n","protected":false},"excerpt":{"rendered":"<p>RankSense \u00e8 uno strumento che ti permette di ottimizzare i tuoi siti web, rilevare e rimuovere i problemi di SEO che uccidono il traffico prima che sia troppo tardi. Si tratta di una piattaforma online in cui inserisci i link del tuo sito e te lo analizza in tempo reale, trovando gli errori che si stanno verificando e stanno provocando una diminuzione del traffico.<\/p>\n","protected":false},"author":17,"featured_media":20372,"parent":8849,"menu_order":0,"comment_status":"open","ping_status":"closed","template":"g1_template_page_review_new.php","meta":{"_acf_changed":false,"cwp_meta_box_check":"Yes","cwp_rev_product_name":"","cwp_rev_product_image":"","wppr_links":[],"cwp_rev_price":"","wppr_options":[],"wppr_pros":[],"wppr_cons":[],"_monsterinsights_skip_tracking":false,"_monsterinsights_sitenote_active":false,"_monsterinsights_sitenote_note":"","_monsterinsights_sitenote_category":0,"footnotes":""},"categories":[175],"tags":[1401,1431,901,885],"features":[],"class_list":{"0":"post-20368","1":"page","2":"type-page","3":"status-publish","4":"has-post-thumbnail","6":"category-strumenti-seo-categoria","7":"tag-analisi-seo","8":"tag-ottimizzazione-seo","9":"tag-seo","10":"tag-strumenti-seo"},"wppr_data":{"cwp_meta_box_check":"Yes","cwp_rev_product_name":"","cwp_rev_product_image":"","cwp_image_link":"image","cwp_rev_price":"","wppr_rating":"0.00"},"acf":[],"yoast_head":"<!-- This site is optimized with the Yoast SEO plugin v27.4 - https:\/\/yoast.com\/product\/yoast-seo-wordpress\/ -->\n<title>RankSense: recensione strumento SEO - Accurate Reviews<\/title>\n<meta name=\"description\" content=\"RankSense: recensione dello strumento che ti permette di ottimizzare i tuoi siti web, rilevare e rimuovere i problemi di SEO che uccidono il traffico.\" \/>\n<meta name=\"robots\" content=\"index, follow, max-snippet:-1, max-image-preview:large, max-video-preview:-1\" \/>\n<link rel=\"canonical\" href=\"https:\/\/www.accuratereviews.com\/it\/strumenti-seo-lista-software\/ranksense-recensione\/\" \/>\n<meta property=\"og:locale\" content=\"it_IT\" \/>\n<meta property=\"og:type\" content=\"article\" \/>\n<meta property=\"og:title\" content=\"RankSense: recensione strumento SEO - Accurate Reviews\" \/>\n<meta property=\"og:description\" content=\"RankSense: recensione dello strumento che ti permette di ottimizzare i tuoi siti web, rilevare e rimuovere i problemi di SEO che uccidono il traffico.\" \/>\n<meta property=\"og:url\" content=\"https:\/\/www.accuratereviews.com\/it\/strumenti-seo-lista-software\/ranksense-recensione\/\" \/>\n<meta property=\"og:site_name\" content=\"Accurate Reviews\" \/>\n<meta property=\"article:modified_time\" content=\"2021-11-10T11:13:27+00:00\" \/>\n<meta property=\"og:image\" content=\"https:\/\/www.accuratereviews.com\/wp-content\/uploads\/2019\/11\/0-2.png\" \/>\n\t<meta property=\"og:image:width\" content=\"200\" \/>\n\t<meta property=\"og:image:height\" content=\"200\" \/>\n\t<meta property=\"og:image:type\" content=\"image\/png\" \/>\n<meta name=\"twitter:card\" content=\"summary_large_image\" \/>\n<meta name=\"twitter:label1\" content=\"Tempo di lettura stimato\" \/>\n\t<meta name=\"twitter:data1\" content=\"3 minuti\" \/>\n<script type=\"application\/ld+json\" class=\"yoast-schema-graph\">{\"@context\":\"https:\\\/\\\/schema.org\",\"@graph\":[{\"@type\":\"WebPage\",\"@id\":\"https:\\\/\\\/www.accuratereviews.com\\\/it\\\/strumenti-seo-lista-software\\\/ranksense-recensione\\\/\",\"url\":\"https:\\\/\\\/www.accuratereviews.com\\\/it\\\/strumenti-seo-lista-software\\\/ranksense-recensione\\\/\",\"name\":\"RankSense: recensione strumento SEO - Accurate Reviews\",\"isPartOf\":{\"@id\":\"https:\\\/\\\/www.accuratereviews.com\\\/it\\\/#website\"},\"primaryImageOfPage\":{\"@id\":\"https:\\\/\\\/www.accuratereviews.com\\\/it\\\/strumenti-seo-lista-software\\\/ranksense-recensione\\\/#primaryimage\"},\"image\":{\"@id\":\"https:\\\/\\\/www.accuratereviews.com\\\/it\\\/strumenti-seo-lista-software\\\/ranksense-recensione\\\/#primaryimage\"},\"thumbnailUrl\":\"https:\\\/\\\/www.accuratereviews.com\\\/wp-content\\\/uploads\\\/2019\\\/11\\\/0-2.png\",\"datePublished\":\"2019-11-20T14:53:58+00:00\",\"dateModified\":\"2021-11-10T11:13:27+00:00\",\"description\":\"RankSense: recensione dello strumento che ti permette di ottimizzare i tuoi siti web, rilevare e rimuovere i problemi di SEO che uccidono il traffico.\",\"breadcrumb\":{\"@id\":\"https:\\\/\\\/www.accuratereviews.com\\\/it\\\/strumenti-seo-lista-software\\\/ranksense-recensione\\\/#breadcrumb\"},\"inLanguage\":\"it-IT\",\"potentialAction\":[{\"@type\":\"ReadAction\",\"target\":[\"https:\\\/\\\/www.accuratereviews.com\\\/it\\\/strumenti-seo-lista-software\\\/ranksense-recensione\\\/\"]}]},{\"@type\":\"ImageObject\",\"inLanguage\":\"it-IT\",\"@id\":\"https:\\\/\\\/www.accuratereviews.com\\\/it\\\/strumenti-seo-lista-software\\\/ranksense-recensione\\\/#primaryimage\",\"url\":\"https:\\\/\\\/www.accuratereviews.com\\\/wp-content\\\/uploads\\\/2019\\\/11\\\/0-2.png\",\"contentUrl\":\"https:\\\/\\\/www.accuratereviews.com\\\/wp-content\\\/uploads\\\/2019\\\/11\\\/0-2.png\",\"width\":200,\"height\":200},{\"@type\":\"BreadcrumbList\",\"@id\":\"https:\\\/\\\/www.accuratereviews.com\\\/it\\\/strumenti-seo-lista-software\\\/ranksense-recensione\\\/#breadcrumb\",\"itemListElement\":[{\"@type\":\"ListItem\",\"position\":1,\"name\":\"Home\",\"item\":\"https:\\\/\\\/www.accuratereviews.com\\\/it\\\/\"},{\"@type\":\"ListItem\",\"position\":2,\"name\":\"Strumenti SEO\",\"item\":\"https:\\\/\\\/www.accuratereviews.com\\\/it\\\/strumenti-seo-lista-software\\\/\"},{\"@type\":\"ListItem\",\"position\":3,\"name\":\"RankSense\"}]},{\"@type\":\"WebSite\",\"@id\":\"https:\\\/\\\/www.accuratereviews.com\\\/it\\\/#website\",\"url\":\"https:\\\/\\\/www.accuratereviews.com\\\/it\\\/\",\"name\":\"Accurate Reviews\",\"description\":\"\",\"potentialAction\":[{\"@type\":\"SearchAction\",\"target\":{\"@type\":\"EntryPoint\",\"urlTemplate\":\"https:\\\/\\\/www.accuratereviews.com\\\/it\\\/?s={search_term_string}\"},\"query-input\":{\"@type\":\"PropertyValueSpecification\",\"valueRequired\":true,\"valueName\":\"search_term_string\"}}],\"inLanguage\":\"it-IT\"}]}<\/script>\n<!-- \/ Yoast SEO plugin. -->","yoast_head_json":{"title":"RankSense: recensione strumento SEO - Accurate Reviews","description":"RankSense: recensione dello strumento che ti permette di ottimizzare i tuoi siti web, rilevare e rimuovere i problemi di SEO che uccidono il traffico.","robots":{"index":"index","follow":"follow","max-snippet":"max-snippet:-1","max-image-preview":"max-image-preview:large","max-video-preview":"max-video-preview:-1"},"canonical":"https:\/\/www.accuratereviews.com\/it\/strumenti-seo-lista-software\/ranksense-recensione\/","og_locale":"it_IT","og_type":"article","og_title":"RankSense: recensione strumento SEO - Accurate Reviews","og_description":"RankSense: recensione dello strumento che ti permette di ottimizzare i tuoi siti web, rilevare e rimuovere i problemi di SEO che uccidono il traffico.","og_url":"https:\/\/www.accuratereviews.com\/it\/strumenti-seo-lista-software\/ranksense-recensione\/","og_site_name":"Accurate Reviews","article_modified_time":"2021-11-10T11:13:27+00:00","og_image":[{"width":200,"height":200,"url":"https:\/\/www.accuratereviews.com\/wp-content\/uploads\/2019\/11\/0-2.png","type":"image\/png"}],"twitter_card":"summary_large_image","twitter_misc":{"Tempo di lettura stimato":"3 minuti"},"schema":{"@context":"https:\/\/schema.org","@graph":[{"@type":"WebPage","@id":"https:\/\/www.accuratereviews.com\/it\/strumenti-seo-lista-software\/ranksense-recensione\/","url":"https:\/\/www.accuratereviews.com\/it\/strumenti-seo-lista-software\/ranksense-recensione\/","name":"RankSense: recensione strumento SEO - Accurate Reviews","isPartOf":{"@id":"https:\/\/www.accuratereviews.com\/it\/#website"},"primaryImageOfPage":{"@id":"https:\/\/www.accuratereviews.com\/it\/strumenti-seo-lista-software\/ranksense-recensione\/#primaryimage"},"image":{"@id":"https:\/\/www.accuratereviews.com\/it\/strumenti-seo-lista-software\/ranksense-recensione\/#primaryimage"},"thumbnailUrl":"https:\/\/www.accuratereviews.com\/wp-content\/uploads\/2019\/11\/0-2.png","datePublished":"2019-11-20T14:53:58+00:00","dateModified":"2021-11-10T11:13:27+00:00","description":"RankSense: recensione dello strumento che ti permette di ottimizzare i tuoi siti web, rilevare e rimuovere i problemi di SEO che uccidono il traffico.","breadcrumb":{"@id":"https:\/\/www.accuratereviews.com\/it\/strumenti-seo-lista-software\/ranksense-recensione\/#breadcrumb"},"inLanguage":"it-IT","potentialAction":[{"@type":"ReadAction","target":["https:\/\/www.accuratereviews.com\/it\/strumenti-seo-lista-software\/ranksense-recensione\/"]}]},{"@type":"ImageObject","inLanguage":"it-IT","@id":"https:\/\/www.accuratereviews.com\/it\/strumenti-seo-lista-software\/ranksense-recensione\/#primaryimage","url":"https:\/\/www.accuratereviews.com\/wp-content\/uploads\/2019\/11\/0-2.png","contentUrl":"https:\/\/www.accuratereviews.com\/wp-content\/uploads\/2019\/11\/0-2.png","width":200,"height":200},{"@type":"BreadcrumbList","@id":"https:\/\/www.accuratereviews.com\/it\/strumenti-seo-lista-software\/ranksense-recensione\/#breadcrumb","itemListElement":[{"@type":"ListItem","position":1,"name":"Home","item":"https:\/\/www.accuratereviews.com\/it\/"},{"@type":"ListItem","position":2,"name":"Strumenti SEO","item":"https:\/\/www.accuratereviews.com\/it\/strumenti-seo-lista-software\/"},{"@type":"ListItem","position":3,"name":"RankSense"}]},{"@type":"WebSite","@id":"https:\/\/www.accuratereviews.com\/it\/#website","url":"https:\/\/www.accuratereviews.com\/it\/","name":"Accurate Reviews","description":"","potentialAction":[{"@type":"SearchAction","target":{"@type":"EntryPoint","urlTemplate":"https:\/\/www.accuratereviews.com\/it\/?s={search_term_string}"},"query-input":{"@type":"PropertyValueSpecification","valueRequired":true,"valueName":"search_term_string"}}],"inLanguage":"it-IT"}]}},"_links":{"self":[{"href":"https:\/\/www.accuratereviews.com\/it\/wp-json\/wp\/v2\/pages\/20368","targetHints":{"allow":["GET"]}}],"collection":[{"href":"https:\/\/www.accuratereviews.com\/it\/wp-json\/wp\/v2\/pages"}],"about":[{"href":"https:\/\/www.accuratereviews.com\/it\/wp-json\/wp\/v2\/types\/page"}],"author":[{"embeddable":true,"href":"https:\/\/www.accuratereviews.com\/it\/wp-json\/wp\/v2\/users\/17"}],"replies":[{"embeddable":true,"href":"https:\/\/www.accuratereviews.com\/it\/wp-json\/wp\/v2\/comments?post=20368"}],"version-history":[{"count":8,"href":"https:\/\/www.accuratereviews.com\/it\/wp-json\/wp\/v2\/pages\/20368\/revisions"}],"predecessor-version":[{"id":49735,"href":"https:\/\/www.accuratereviews.com\/it\/wp-json\/wp\/v2\/pages\/20368\/revisions\/49735"}],"up":[{"embeddable":true,"href":"https:\/\/www.accuratereviews.com\/it\/wp-json\/wp\/v2\/pages\/8849"}],"wp:featuredmedia":[{"embeddable":true,"href":"https:\/\/www.accuratereviews.com\/it\/wp-json\/wp\/v2\/media\/20372"}],"wp:attachment":[{"href":"https:\/\/www.accuratereviews.com\/it\/wp-json\/wp\/v2\/media?parent=20368"}],"wp:term":[{"taxonomy":"category","embeddable":true,"href":"https:\/\/www.accuratereviews.com\/it\/wp-json\/wp\/v2\/categories?post=20368"},{"taxonomy":"post_tag","embeddable":true,"href":"https:\/\/www.accuratereviews.com\/it\/wp-json\/wp\/v2\/tags?post=20368"},{"taxonomy":"features","embeddable":true,"href":"https:\/\/www.accuratereviews.com\/it\/wp-json\/wp\/v2\/features?post=20368"}],"curies":[{"name":"wp","href":"https:\/\/api.w.org\/{rel}","templated":true}]}}