{"id":20405,"date":"2019-11-21T14:16:52","date_gmt":"2019-11-21T14:16:52","guid":{"rendered":"https:\/\/www.accuratereviews.com\/?page_id=20405"},"modified":"2021-05-07T14:30:51","modified_gmt":"2021-05-07T14:30:51","slug":"tableau-recensione","status":"publish","type":"page","link":"https:\/\/www.accuratereviews.com\/it\/analisi-marketing\/tableau-recensione\/","title":{"rendered":"Tableau"},"content":{"rendered":"<p><strong>Tableau<\/strong> \u00e8 un <strong>sistema di business intelligence<\/strong> che aiuta le aziende a visualizzare e comprendere i propri dati.\u00a0Fornendo un nuovo approccio rivoluzionario quando si tratta di business intelligence, la soluzione consente alle aziende di connettersi, visualizzare e condividere rapidamente i dati con in maniera efficiente sia dal PC che dall&#8217;iPad. \u00c8 possibile creare e pubblicare dashboard, quindi condividerli con partner, colleghi o clienti, ma senza la necessit\u00e0 di competenze di programmazione.\u00a0<strong>Tableau Desktop<\/strong> \u00e8 una soluzione di analisi self-service che consente di consultare i dati e rispondere rapidamente alle domande. Il programma Server invece consente di pubblicare dashboard dal Tableau Desktop su qualsiasi browser web o dispositivo mobile.<\/p>\n<h2>TABLEAU &#8211; TUTORIAL<\/h2>\n<p>Guardando questo tutorial in italiano scopriamo come utilizzare questo software di<strong> analisi marketing<\/strong> intelligente:<\/p>\n<div id=\"fluid-wrapper-counter-1\" class=\"g1-fluid-wrapper \" style=\"width:686px;\">\n<div style=\"padding-bottom:56.268221574344%;\"><iframe loading=\"lazy\" title=\"Tableau getting started - I primi passi\" width=\"686\" height=\"386\" src=\"https:\/\/www.youtube.com\/embed\/videoseries?list=PL6vu-fIMMX62keTbEVbh2nHvJ1KAgPCq_\" frameborder=\"0\" allow=\"accelerometer; autoplay; encrypted-media; gyroscope; picture-in-picture\" allowfullscreen><\/iframe><\/div>\n<\/div>\n<h3>TABLEAU &#8211; CARATTERISTICHE<\/h3>\n<ul>\n<li><strong>Funzionalit\u00e0 di visualizzazione potenti<\/strong>: la qualit\u00e0 di visualizzazione dei dati di questo software \u00a0\u00e8 molto conosciuta. Converte i dati non strutturati in risultati logici completi, quindi li visualizza in dashboard completamente funzionali, interattivi e accattivanti<\/li>\n<li><strong>Facilit\u00e0 d&#8217;uso<\/strong>: la cosa migliore del programma \u00e8 la sua interfaccia intuitiva per la creazione di grafica. L&#8217;interfaccia utente intuitiva consente agli utenti non esperti e non tecnici di utilizzare al massimo le funzionalit\u00e0 di base dello strumento<\/li>\n<li><strong>Alte prestazioni<\/strong>: a parte l&#8217;elevata funzionalit\u00e0 di visualizzazione di Tableau, le sue prestazioni generali sono considerate dagli utenti robuste e affidabili<\/li>\n<li><strong>Connessioni multiple a origini dati e integrazione impressionante:<\/strong> il software supporta la creazione di connessioni con molte origini dati, come HADOOP, SAP, che migliora la qualit\u00e0 dell&#8217;analisi dei dati<\/li>\n<li><strong>Mobile-friendly<\/strong>: offre un&#8217;applicazione mobile disponibile sia per IOS che per Android. Ci\u00f2 aggiunge immensa libert\u00e0 e mobilit\u00e0 agli utenti. L&#8217;app mobile supporta tutte le funzionalit\u00e0 di una versione desktop e online<\/li>\n<li><strong>Supporto:<\/strong> il supporto clienti e l&#8217;assistenza tecnica dei prodotti \u00e8 solido. Oltre a una fiorente comunit\u00e0 di approfondimenti e forum, la soluzione offre istruzioni dettagliate per l&#8217;invio dei ticket e l&#8217;accesso alla formazione.<\/li>\n<\/ul>\n<h4>LE RECENSIONI DEGLI UTENTI<\/h4>\n<h4>Shishir C. &#8220;Ottimo strumento per la visualizzazione dei dati con semplicit\u00e0&#8221;<\/h4>\n<p><strong>Commenti<\/strong>: Ho lavorato su domini come Telecom e Network in cui ho utilizzato Tableau. \u00c8 molto apprezzato dagli alti dirigenti in quanto mostra ogni cosa molto chiaramente ai soggetti interessati. Ad esempio, al responsabile marketing piacciono le dashboard di vendita delle entrate delle regioni che offrono vendite per regione \/ responsabile vendite \/ prodotti.<\/p>\n<p><strong>Vantaggi<\/strong>: Ci sono molte funzionalit\u00e0 che molti utenti avrebbero gradito: &#8211;<br \/>\n1. Connessione a quasi tutto il database<br \/>\n2. Molti tipi di grafici possono essere creati tra cui Sankey, Ciambella, Mappe ecc.<br \/>\n3. Ha la caratteristica della fusione e dell&#8217;estrazione dei dati<br \/>\n4. I dashboard possono essere visualizzati su pi\u00f9 dispositivi come tablet, dispositivi mobili e laptop.<br \/>\n5. \u00c8 veramente veloce durante il drill down o il filtraggio da qualsiasi dashboard.<\/p>\n<p><strong>Inconvenienti<\/strong>: \u00e8 uno strumento un po &#8216;costoso rispetto ad altri strumenti di visualizzazione dei dati, tuttavia \u00e8 un rapporto qualit\u00e0-prezzo.<\/p>\n<p><strong>Raghavendar N. &#8220;Strumento di BI al volo con visualizzazioni avanzate e funzionalit\u00e0 Dashboard&#8221;<\/strong><\/p>\n<p><strong>Commenti<\/strong>: abbiamo utilizzato Tableau per la BI di visualizzazione oltre ad avere Business Objects per i report. Abbiamo creato una storia per un determinato argomento con tutte le informazioni correlate da presentare all&#8217;utente. D\u00e0 una rapida occhiata a ci\u00f2 che sta accadendo nella vendita di farmaci per un&#8217;azienda farmaceutica con cui ho lavorato. La migrazione da non-prod a prod \u00e8 molto semplice (a differenza di altri strumenti di BI). Il costo del progetto si riduce molto con Tableau per i progetti BI<\/p>\n<p><strong>Vantaggi<\/strong>: Tableau ha cambiato molto il mondo BI. Ha introdotto un software che, utilizzando un utente aziendale, pu\u00f2 creare dashboard e report al volo e controllare cosa c&#8217;\u00e8 dentro. Permette all&#8217;utente di leggere i dati e ricavare gli approfondimenti senza molta analisi tecnica. Innanzitutto pu\u00f2 connettersi a qualsiasi database (so di 44 database che collega) e puoi impostare i dati, suddividere i dati necessari per l&#8217;analisi corrente e quindi puoi eseguire rapporti rapidi. Fornisce funzionalit\u00e0 multiple, come diversi grafici, grafici e tabelle e funzioni matematiche e statistiche per l&#8217;analisi. Dopo aver creato pi\u00f9 elementi visivi, puoi inserirli in una dashboard o pi\u00f9 dashboard in una storia e presentare lo stesso al business<\/p>\n<p><strong>Inconvenienti<\/strong>: anche se ha funzionalit\u00e0 avanzate ma pu\u00f2 supportare le esigenze di Enterprise BI come business object o Cognos. Non fornisce tutte le funzionalit\u00e0 per E L T (estrazione, caricamento e trasformazione) che richiedono transazioni complesse. Man mano che i dati diventano enormi i grafici diventano illeggibili. inoltre, questo software \u00e8 pi\u00f9 utile per l&#8217;utente aziendale per scopi personali rispetto ai report aziendali, ecc. La sua parte amministrativa ha molto bisogno.<\/p>\n<p><strong>Griffin B. &#8220;Tableau Rocks!&#8221;<\/strong><\/p>\n<p><strong>Commenti<\/strong>: Nel complesso, Tableau \u00e8 un fantastico programma per creare report automatici pubblicati, pubblicati e pronti all&#8217;uso! La grafica \u00e8 incredibile e le iscrizioni e il sistema di allerta sono i miei preferiti in assoluto. Il software ha le sue stranezze, ma devo ancora avere un problema che non potrei programmare logicamente per aggirare con un po &#8216;di tempo trascorso sui forum web. Software straordinario, molto utile, eccitante da usare!<\/p>\n<p><strong>Vantaggi<\/strong>: Adoro Tableau perch\u00e9, per me, non c&#8217;\u00e8 quasi nient&#8217;altro l\u00e0 fuori che consente la visualizzazione dei dati in modo cos\u00ec rapido ed efficace. Adoro che sia possibile importare quasi ogni tipo di origine dati (utilizzo solo SQL o Excel come fonti, ma ci sono centinaia di altre opzioni). Adoro che tu possa quindi aggiungere i tuoi campi calcolati, raggruppare i dati in bucket personalizzati e creare parametri che l&#8217;utente pu\u00f2 inserire nella cartella di lavoro pubblicata. Amo che tu possa visualizzare i dati cos\u00ec rapidamente e in cos\u00ec tanti modi (con colore e forma \/ dimensione come ulteriori attributi). \u00c8 come un grafico pivot in Excel ma molto pi\u00f9 agile da usare! Infine, adoro il fatto che tu possa creare dashboard con questi singoli report \/ fogli di lavoro che crei, pubblicarli sul Web e essenzialmente &#8220;impostarli e dimenticarli&#8221;, fornendo cos\u00ec agli utenti finali report futuri automatici che non richiedono ulteriori lavori da parte tua! La vera bellezza \u00e8 la creazione di avvisi e abbonamenti, che possono inviare e-mail agli utenti in base a un programma o in base a determinate condizioni. Questo \u00e8 quando la vita diventa davvero eccitante &#8211; \u00e8 come avere un robot a tempo pieno che gestisce i tuoi processi!<\/p>\n<p><strong>Inconvenienti<\/strong>: Vorrei assolutamente che Tableau potesse riscrivere in un database. Sarebbe fantastico. Ho sentito che \u00e8 in lavorazione, ma per ora, \u00e8 ancora solo nella mia lista dei desideri. Non mi piacciono i vari aspetti di Tableau che possono renderlo piuttosto complicato da usare. Quando si pubblica un&#8217;origine dati, \u00e8 necessario pubblicarla prima di creare campi, gruppi o parametri calcolati. Altrimenti, diventa molto pi\u00f9 difficile modificare questi campi in un secondo momento in quanto \u00e8 necessario scaricare nuovamente l&#8217;origine dati pubblicata per apportare le modifiche a tali campi, quindi ripubblicare l&#8217;origine dati, il che comporta la necessit\u00e0 di chiedere all&#8217;IT di reinserire la password di aggiornamento del server per ottenere nuovamente l&#8217;aggiornamento dei dati in base a una pianificazione. Questo \u00e8 un tremendo mal di testa. Quindi \u00e8 meglio creare e salvare nuovi campi a livello di cartella di lavoro, non a livello di origine dati. Di tanto in tanto ci sono anche molti bug che incontro ancora con Tableau. Comportamenti strani che mi mostrano che \u00e8 stato creato , come lo \u00e8 tutto il software. Di solito c&#8217;\u00e8 un modo per capire una soluzione alternativa, ma devi essere creativo. Tableau \u00e8 eccentrico, di sicuro. Alcune azioni nel programma locale funzionano alla grande ma non necessariamente si traducono nel modulo web. Ad esempio, se si crea un campo calcolato che dipende da dati provenienti da due origini diverse, funziona perfettamente a livello locale, ma non funziona bene dopo aver pubblicato tali origini dati sul server Tableau, perch\u00e9, per qualche motivo, non funziona consentire al calcolo di attingere ai dati pubblicati separatamente.<\/p>\n<p>&nbsp;<\/p>\n<p>&nbsp;<\/p>\n","protected":false},"excerpt":{"rendered":"<p>Tableau \u00e8 un sistema di business intelligence che aiuta le aziende a visualizzare e comprendere i propri dati.\u00a0Fornendo un nuovo approccio rivoluzionario quando si tratta di business intelligence, la soluzione consente alle aziende di connettersi, visualizzare e condividere rapidamente i dati con in maniera efficiente sia dal PC che dall&#8217;iPad.<\/p>\n","protected":false},"author":19,"featured_media":20427,"parent":20408,"menu_order":0,"comment_status":"open","ping_status":"closed","template":"g1_template_page_review_new.php","meta":{"_acf_changed":false,"cwp_meta_box_check":"Yes","cwp_rev_product_name":"","cwp_rev_product_image":"","wppr_links":[],"cwp_rev_price":"","wppr_options":[],"wppr_pros":[],"wppr_cons":[],"_monsterinsights_skip_tracking":false,"_monsterinsights_sitenote_active":false,"_monsterinsights_sitenote_note":"","_monsterinsights_sitenote_category":0,"footnotes":""},"categories":[1490],"tags":[396,1495,1496,1497,1498,1499,1500],"features":[],"class_list":{"0":"post-20405","1":"page","2":"type-page","3":"status-publish","4":"has-post-thumbnail","6":"category-analisi-marketing","7":"tag-cloud","8":"tag-marketing-analytics-software","9":"tag-programma-analisi-marketing","10":"tag-software-analisi-di-mercato","11":"tag-software-analisi-marketing","12":"tag-soluzione-analisi-marketing","13":"tag-tableau"},"wppr_data":{"cwp_meta_box_check":"Yes","cwp_rev_product_name":"","cwp_rev_product_image":"","cwp_image_link":"image","cwp_rev_price":"","wppr_rating":"0.00"},"acf":[],"yoast_head":"<!-- This site is optimized with the Yoast SEO plugin v27.4 - https:\/\/yoast.com\/product\/yoast-seo-wordpress\/ -->\n<title>Tableau: recensione software analisi marketing - Accurate Reviews<\/title>\n<meta name=\"description\" content=\"Tableau: recensione sistema di business intelligence che aiuta le aziende a visualizzare e comprendere i propri dati e prendere decisioni sull&#039;attivit\u00e0.\" \/>\n<meta name=\"robots\" content=\"index, follow, max-snippet:-1, max-image-preview:large, max-video-preview:-1\" \/>\n<link rel=\"canonical\" href=\"https:\/\/www.accuratereviews.com\/it\/analisi-marketing\/tableau-recensione\/\" \/>\n<meta property=\"og:locale\" content=\"it_IT\" \/>\n<meta property=\"og:type\" content=\"article\" \/>\n<meta property=\"og:title\" content=\"Tableau: recensione software analisi marketing - Accurate Reviews\" \/>\n<meta property=\"og:description\" content=\"Tableau: recensione sistema di business intelligence che aiuta le aziende a visualizzare e comprendere i propri dati e prendere decisioni sull&#039;attivit\u00e0.\" \/>\n<meta property=\"og:url\" content=\"https:\/\/www.accuratereviews.com\/it\/analisi-marketing\/tableau-recensione\/\" \/>\n<meta property=\"og:site_name\" content=\"Accurate Reviews\" \/>\n<meta property=\"article:modified_time\" content=\"2021-05-07T14:30:51+00:00\" \/>\n<meta property=\"og:image\" content=\"https:\/\/www.accuratereviews.com\/wp-content\/uploads\/2019\/11\/tableau-logo.jpg\" \/>\n\t<meta property=\"og:image:width\" content=\"760\" \/>\n\t<meta property=\"og:image:height\" content=\"405\" \/>\n\t<meta property=\"og:image:type\" content=\"image\/jpeg\" \/>\n<meta name=\"twitter:card\" content=\"summary_large_image\" \/>\n<meta name=\"twitter:label1\" content=\"Tempo di lettura stimato\" \/>\n\t<meta name=\"twitter:data1\" content=\"6 minuti\" \/>\n<script type=\"application\/ld+json\" class=\"yoast-schema-graph\">{\"@context\":\"https:\\\/\\\/schema.org\",\"@graph\":[{\"@type\":\"WebPage\",\"@id\":\"https:\\\/\\\/www.accuratereviews.com\\\/it\\\/analisi-marketing\\\/tableau-recensione\\\/\",\"url\":\"https:\\\/\\\/www.accuratereviews.com\\\/it\\\/analisi-marketing\\\/tableau-recensione\\\/\",\"name\":\"Tableau: recensione software analisi marketing - Accurate Reviews\",\"isPartOf\":{\"@id\":\"https:\\\/\\\/www.accuratereviews.com\\\/it\\\/#website\"},\"primaryImageOfPage\":{\"@id\":\"https:\\\/\\\/www.accuratereviews.com\\\/it\\\/analisi-marketing\\\/tableau-recensione\\\/#primaryimage\"},\"image\":{\"@id\":\"https:\\\/\\\/www.accuratereviews.com\\\/it\\\/analisi-marketing\\\/tableau-recensione\\\/#primaryimage\"},\"thumbnailUrl\":\"https:\\\/\\\/www.accuratereviews.com\\\/wp-content\\\/uploads\\\/2019\\\/11\\\/tableau-logo.jpg\",\"datePublished\":\"2019-11-21T14:16:52+00:00\",\"dateModified\":\"2021-05-07T14:30:51+00:00\",\"description\":\"Tableau: recensione sistema di business intelligence che aiuta le aziende a visualizzare e comprendere i propri dati e prendere decisioni sull'attivit\u00e0.\",\"breadcrumb\":{\"@id\":\"https:\\\/\\\/www.accuratereviews.com\\\/it\\\/analisi-marketing\\\/tableau-recensione\\\/#breadcrumb\"},\"inLanguage\":\"it-IT\",\"potentialAction\":[{\"@type\":\"ReadAction\",\"target\":[\"https:\\\/\\\/www.accuratereviews.com\\\/it\\\/analisi-marketing\\\/tableau-recensione\\\/\"]}]},{\"@type\":\"ImageObject\",\"inLanguage\":\"it-IT\",\"@id\":\"https:\\\/\\\/www.accuratereviews.com\\\/it\\\/analisi-marketing\\\/tableau-recensione\\\/#primaryimage\",\"url\":\"https:\\\/\\\/www.accuratereviews.com\\\/wp-content\\\/uploads\\\/2019\\\/11\\\/tableau-logo.jpg\",\"contentUrl\":\"https:\\\/\\\/www.accuratereviews.com\\\/wp-content\\\/uploads\\\/2019\\\/11\\\/tableau-logo.jpg\",\"width\":760,\"height\":405},{\"@type\":\"BreadcrumbList\",\"@id\":\"https:\\\/\\\/www.accuratereviews.com\\\/it\\\/analisi-marketing\\\/tableau-recensione\\\/#breadcrumb\",\"itemListElement\":[{\"@type\":\"ListItem\",\"position\":1,\"name\":\"Home\",\"item\":\"https:\\\/\\\/www.accuratereviews.com\\\/it\\\/\"},{\"@type\":\"ListItem\",\"position\":2,\"name\":\"Analisi Marketing\",\"item\":\"https:\\\/\\\/www.accuratereviews.com\\\/it\\\/analisi-marketing\\\/\"},{\"@type\":\"ListItem\",\"position\":3,\"name\":\"Tableau\"}]},{\"@type\":\"WebSite\",\"@id\":\"https:\\\/\\\/www.accuratereviews.com\\\/it\\\/#website\",\"url\":\"https:\\\/\\\/www.accuratereviews.com\\\/it\\\/\",\"name\":\"Accurate Reviews\",\"description\":\"\",\"potentialAction\":[{\"@type\":\"SearchAction\",\"target\":{\"@type\":\"EntryPoint\",\"urlTemplate\":\"https:\\\/\\\/www.accuratereviews.com\\\/it\\\/?s={search_term_string}\"},\"query-input\":{\"@type\":\"PropertyValueSpecification\",\"valueRequired\":true,\"valueName\":\"search_term_string\"}}],\"inLanguage\":\"it-IT\"}]}<\/script>\n<!-- \/ Yoast SEO plugin. -->","yoast_head_json":{"title":"Tableau: recensione software analisi marketing - Accurate Reviews","description":"Tableau: recensione sistema di business intelligence che aiuta le aziende a visualizzare e comprendere i propri dati e prendere decisioni sull'attivit\u00e0.","robots":{"index":"index","follow":"follow","max-snippet":"max-snippet:-1","max-image-preview":"max-image-preview:large","max-video-preview":"max-video-preview:-1"},"canonical":"https:\/\/www.accuratereviews.com\/it\/analisi-marketing\/tableau-recensione\/","og_locale":"it_IT","og_type":"article","og_title":"Tableau: recensione software analisi marketing - Accurate Reviews","og_description":"Tableau: recensione sistema di business intelligence che aiuta le aziende a visualizzare e comprendere i propri dati e prendere decisioni sull'attivit\u00e0.","og_url":"https:\/\/www.accuratereviews.com\/it\/analisi-marketing\/tableau-recensione\/","og_site_name":"Accurate Reviews","article_modified_time":"2021-05-07T14:30:51+00:00","og_image":[{"width":760,"height":405,"url":"https:\/\/www.accuratereviews.com\/wp-content\/uploads\/2019\/11\/tableau-logo.jpg","type":"image\/jpeg"}],"twitter_card":"summary_large_image","twitter_misc":{"Tempo di lettura stimato":"6 minuti"},"schema":{"@context":"https:\/\/schema.org","@graph":[{"@type":"WebPage","@id":"https:\/\/www.accuratereviews.com\/it\/analisi-marketing\/tableau-recensione\/","url":"https:\/\/www.accuratereviews.com\/it\/analisi-marketing\/tableau-recensione\/","name":"Tableau: recensione software analisi marketing - Accurate Reviews","isPartOf":{"@id":"https:\/\/www.accuratereviews.com\/it\/#website"},"primaryImageOfPage":{"@id":"https:\/\/www.accuratereviews.com\/it\/analisi-marketing\/tableau-recensione\/#primaryimage"},"image":{"@id":"https:\/\/www.accuratereviews.com\/it\/analisi-marketing\/tableau-recensione\/#primaryimage"},"thumbnailUrl":"https:\/\/www.accuratereviews.com\/wp-content\/uploads\/2019\/11\/tableau-logo.jpg","datePublished":"2019-11-21T14:16:52+00:00","dateModified":"2021-05-07T14:30:51+00:00","description":"Tableau: recensione sistema di business intelligence che aiuta le aziende a visualizzare e comprendere i propri dati e prendere decisioni sull'attivit\u00e0.","breadcrumb":{"@id":"https:\/\/www.accuratereviews.com\/it\/analisi-marketing\/tableau-recensione\/#breadcrumb"},"inLanguage":"it-IT","potentialAction":[{"@type":"ReadAction","target":["https:\/\/www.accuratereviews.com\/it\/analisi-marketing\/tableau-recensione\/"]}]},{"@type":"ImageObject","inLanguage":"it-IT","@id":"https:\/\/www.accuratereviews.com\/it\/analisi-marketing\/tableau-recensione\/#primaryimage","url":"https:\/\/www.accuratereviews.com\/wp-content\/uploads\/2019\/11\/tableau-logo.jpg","contentUrl":"https:\/\/www.accuratereviews.com\/wp-content\/uploads\/2019\/11\/tableau-logo.jpg","width":760,"height":405},{"@type":"BreadcrumbList","@id":"https:\/\/www.accuratereviews.com\/it\/analisi-marketing\/tableau-recensione\/#breadcrumb","itemListElement":[{"@type":"ListItem","position":1,"name":"Home","item":"https:\/\/www.accuratereviews.com\/it\/"},{"@type":"ListItem","position":2,"name":"Analisi Marketing","item":"https:\/\/www.accuratereviews.com\/it\/analisi-marketing\/"},{"@type":"ListItem","position":3,"name":"Tableau"}]},{"@type":"WebSite","@id":"https:\/\/www.accuratereviews.com\/it\/#website","url":"https:\/\/www.accuratereviews.com\/it\/","name":"Accurate Reviews","description":"","potentialAction":[{"@type":"SearchAction","target":{"@type":"EntryPoint","urlTemplate":"https:\/\/www.accuratereviews.com\/it\/?s={search_term_string}"},"query-input":{"@type":"PropertyValueSpecification","valueRequired":true,"valueName":"search_term_string"}}],"inLanguage":"it-IT"}]}},"_links":{"self":[{"href":"https:\/\/www.accuratereviews.com\/it\/wp-json\/wp\/v2\/pages\/20405","targetHints":{"allow":["GET"]}}],"collection":[{"href":"https:\/\/www.accuratereviews.com\/it\/wp-json\/wp\/v2\/pages"}],"about":[{"href":"https:\/\/www.accuratereviews.com\/it\/wp-json\/wp\/v2\/types\/page"}],"author":[{"embeddable":true,"href":"https:\/\/www.accuratereviews.com\/it\/wp-json\/wp\/v2\/users\/19"}],"replies":[{"embeddable":true,"href":"https:\/\/www.accuratereviews.com\/it\/wp-json\/wp\/v2\/comments?post=20405"}],"version-history":[{"count":7,"href":"https:\/\/www.accuratereviews.com\/it\/wp-json\/wp\/v2\/pages\/20405\/revisions"}],"predecessor-version":[{"id":42242,"href":"https:\/\/www.accuratereviews.com\/it\/wp-json\/wp\/v2\/pages\/20405\/revisions\/42242"}],"up":[{"embeddable":true,"href":"https:\/\/www.accuratereviews.com\/it\/wp-json\/wp\/v2\/pages\/20408"}],"wp:featuredmedia":[{"embeddable":true,"href":"https:\/\/www.accuratereviews.com\/it\/wp-json\/wp\/v2\/media\/20427"}],"wp:attachment":[{"href":"https:\/\/www.accuratereviews.com\/it\/wp-json\/wp\/v2\/media?parent=20405"}],"wp:term":[{"taxonomy":"category","embeddable":true,"href":"https:\/\/www.accuratereviews.com\/it\/wp-json\/wp\/v2\/categories?post=20405"},{"taxonomy":"post_tag","embeddable":true,"href":"https:\/\/www.accuratereviews.com\/it\/wp-json\/wp\/v2\/tags?post=20405"},{"taxonomy":"features","embeddable":true,"href":"https:\/\/www.accuratereviews.com\/it\/wp-json\/wp\/v2\/features?post=20405"}],"curies":[{"name":"wp","href":"https:\/\/api.w.org\/{rel}","templated":true}]}}