{"id":20410,"date":"2019-11-21T14:16:27","date_gmt":"2019-11-21T14:16:27","guid":{"rendered":"https:\/\/www.accuratereviews.com\/?page_id=20410"},"modified":"2021-12-11T10:33:37","modified_gmt":"2021-12-11T10:33:37","slug":"hotjar-recensione","status":"publish","type":"page","link":"https:\/\/www.accuratereviews.com\/it\/strumenti-seo-lista-software\/hotjar-recensione\/","title":{"rendered":"Hotjar"},"content":{"rendered":"<p>Hotjar \u00e8 un<strong> software di analisi<\/strong> che unisce le funzionalit\u00e0 di un&#8217;analisi di tipo quantitativo (l&#8217;operato di Google Analytics per intenderci) ad una di tipo qualitativo, in un unico strumento. Ti offre il modo pi\u00f9 rapido e visivo per comprendere<strong> come i tuoi utenti utilizzano il tuo sito web<\/strong> e, nel caso sia opportuno, potrai apportare eventuali modifiche. L&#8217;installazione \u00e8 semplice e veloce utilizzando uno script con supporto per tag manager e centinaia di piattaforme. Tutte le funzionalit\u00e0 tengono traccia e funzionano sulle versioni desktop, mobile e tablet del tuo sito web. Inoltre<strong> non ci sono limiti di utenti<\/strong> per nessun piano, questo significa che potrai invitare tutti i tuoi colleghi e clienti senza costi aggiuntivi!<\/p>\n<h2>COME FUNZIONA HOTJAR &#8211; TUTORIAL<\/h2>\n<p>Ecco un breve video che ci mostra come utilizzare questo programma:<\/p>\n<div id=\"fluid-wrapper-counter-1\" class=\"g1-fluid-wrapper \" style=\"width:686px;\">\n<div style=\"padding-bottom:56.268221574344%;\"><iframe loading=\"lazy\" title=\"Come funziona Hotjar: heatmap e registrazione spostamenti su schermo\" width=\"686\" height=\"386\" src=\"https:\/\/www.youtube.com\/embed\/YfVWiPlIQeQ?feature=oembed&amp;wmode=transparent&amp;autohide=1&amp;autoplay=0&amp;disablekb=0&amp;fs=1&amp;loop=0&amp;enablejsapi=1&amp;rel=0&amp;controls=2&amp;showinfo=0&amp;wmode=transparent&amp;autohide=2&amp;autoplay=0&amp;disablekb=0&amp;fs=1&amp;loop=0&amp;enablejsapi=1&amp;rel=0&amp;controls=2&amp;showinfo=1\" frameborder=\"0\" allow=\"accelerometer; autoplay; clipboard-write; encrypted-media; gyroscope; picture-in-picture\" allowfullscreen><\/iframe><\/div>\n<\/div>\n<h3>HOTJAR &#8211; CARATTERISTICHE<\/h3>\n<p>Diamo un&#8217;occhiata alle sue caratteristiche principali:<\/p>\n<ul>\n<li><strong>Heatmaps<\/strong>: comprendi ci\u00f2 che gli utenti desiderano, si preoccupano e fanno sul tuo sito rappresentando visivamente i loro clic, tocchi e comportamento di scorrimento (gli indicatori pi\u00f9 forti della motivazione e del desiderio dei visitatori)<\/li>\n<li><strong>Registrazioni dei visitatori<\/strong>: guarda cosa vedono i tuoi utenti visualizzando i clic, i tocchi e i loro movimenti del mouse e identifica i problemi di usabilit\u00e0 al volo<\/li>\n<li><strong>Imbuti di conversione<\/strong>: trova le maggiori opportunit\u00e0 di miglioramento e test identificando su quale pagina e in quale fase la maggior parte dei visitatori lascia il tuo sito<\/li>\n<li><strong>Analisi del modulo<\/strong>: migliora le percentuali di completamento dei moduli online scoprendo quali campi impiegano troppo tempo a riempirsi, quali sono lasciati vuoti e perch\u00e9 i tuoi visitatori abbandonano il tuo modulo e la tua pagina<\/li>\n<li><strong>Sondaggi di feedback<\/strong>: migliorare le prestazioni e l&#8217;esperienza del tuo sito web inizia comprendendo ci\u00f2 che i tuoi visitatori desiderano e ci\u00f2 che impedisce loro di raggiungerlo. Indirizza le domande a visitatori specifici e ricevi da loro dei feedback<\/li>\n<\/ul>\n<h3>LE RECENSIONI DEGLI UTENTI<\/h3>\n<ul>\n<li><strong>&#8220;HotJar \u00e8 uno strumento eccezionale per studiare siti web e ottimizzare!&#8221;<\/strong><br \/>\nIN GENERALE: Nel complesso HotJar \u00e8 un&#8217;ottima piattaforma e io sono uno dei loro pi\u00f9 grandi sostenitori. Consiglierei HotJar a tutti coloro che desiderano migliorare la propria comprensione del traffico e della conversione in loco.<br \/>\nPRO: In ogni azienda per cui ho lavorato, ho sempre proposto HotJar come soluzione da implementare il prima possibile. \u00c8 cos\u00ec facile da usare e consente una visione cos\u00ec completa dell&#8217;esperienza del cliente che NON \u00e8 una perdita NON utilizzarla! Adoro che sia in grado di acquisire dati sui clic, profondit\u00e0 di scorrimento e persino interazioni dell&#8217;utente sul sito web. Ci sono cos\u00ec tante informazioni preziose da estrarre dai dati!<br \/>\nCONTRO: Ci sono due cose di cui sono un po&#8217; scontento di HotJar. Un problema \u00e8 che di recente hanno rimosso il monitoraggio interdominio. Questo \u00e8 stato un grande vantaggio e l&#8217;abbiamo usato spesso, quindi non averlo \u00e8 difficile. Hanno anche un limite per l&#8217;altezza delle pagine che possono essere catturate, 1500px. Le nostre pagine sono leggermente pi\u00f9 grandi, quindi perdiamo alcuni dettagli sul rapporto che altrimenti avremmo avuto.<\/li>\n<li><strong>&#8220;Hotjar-Una garanzia di qualit\u00e0&#8221;<\/strong><br \/>\nPRO: Hotjar \u00e8 incredibilmente facile da configurare. La curva di apprendimento \u00e8 sostanzialmente piatta. Il prodotto \u00e8 economico e ha un&#8217;ottima versione gratuita.<br \/>\nCONTRO: Pu\u00f2 rallentare il tuo sito web senza che te ne accorga. Guarda gli strumenti per gli sviluppatori di Google, il momento del valore interattivo.<\/li>\n<li><strong>&#8220;Mi ha aiutato a capire meglio gli utenti&#8221;<\/strong><br \/>\nIN GENERALE: \u00e8 un prodotto straordinario per tracciare il percorso dell&#8217;utente e lo utilizzerei di nuovo su prodotti futuri.<br \/>\nPRO: Abbiamo usato Hotjar nella mia azienda quando lavoravamo su una versione beta del nostro prodotto. Ha aiutato a monitorare ci\u00f2 su cui gli utenti stavano facendo clic e le aree in cui trascorrevano pi\u00f9 tempo.<br \/>\nCONTRO: \u00c8 stato difficile differenziare il widget di feedback hotjar dal nostro modulo di commento esistente, quindi alcuni dei nostri utenti hanno lasciato commenti con il widget di feedback hotjar.<\/li>\n<\/ul>\n","protected":false},"excerpt":{"rendered":"<p>Hotjar \u00e8 un software di analisi che unisce le funzionalit\u00e0 di un&#8217;analisi di tipo quantitativo (l&#8217;operato di Google Analytics per intenderci) ad una di tipo qualitativo, in un unico strumento. Ti offre il modo pi\u00f9 rapido e visivo per comprendere come i tuoi utenti utilizzano il tuo sito web e, nel caso sia opportuno, potrai apportare eventuali modifiche.<\/p>\n","protected":false},"author":17,"featured_media":20411,"parent":8849,"menu_order":0,"comment_status":"open","ping_status":"closed","template":"g1_template_page_review_new.php","meta":{"_acf_changed":false,"cwp_meta_box_check":"Yes","cwp_rev_product_name":"","cwp_rev_product_image":"","wppr_links":[],"cwp_rev_price":"","wppr_options":[],"wppr_pros":[],"wppr_cons":[],"_monsterinsights_skip_tracking":false,"_monsterinsights_sitenote_active":false,"_monsterinsights_sitenote_note":"","_monsterinsights_sitenote_category":0,"footnotes":""},"categories":[1490],"tags":[1492,1488,1493,1491],"features":[],"class_list":{"0":"post-20410","1":"page","2":"type-page","3":"status-publish","4":"has-post-thumbnail","6":"category-analisi-marketing","7":"tag-google-analytics","8":"tag-marketing","9":"tag-software-di-analisi","10":"tag-strumento-di-analisi"},"wppr_data":{"cwp_meta_box_check":"Yes","cwp_rev_product_name":"","cwp_rev_product_image":"","cwp_image_link":"image","cwp_rev_price":"","wppr_rating":"0.00"},"acf":[],"yoast_head":"<!-- This site is optimized with the Yoast SEO plugin v27.4 - https:\/\/yoast.com\/product\/yoast-seo-wordpress\/ -->\n<title>Hotjar: recensione software di analisi - Accurate Reviews<\/title>\n<meta name=\"description\" content=\"Hotjar: recensione del software di analisi che unisce le funzionalit\u00e0 di un&#039;analisi di tipo quantitativo ad una di tipo qualitativo, in un unico strumento.\" \/>\n<meta name=\"robots\" content=\"index, follow, max-snippet:-1, max-image-preview:large, max-video-preview:-1\" \/>\n<link rel=\"canonical\" href=\"https:\/\/www.accuratereviews.com\/it\/strumenti-seo-lista-software\/hotjar-recensione\/\" \/>\n<meta property=\"og:locale\" content=\"it_IT\" \/>\n<meta property=\"og:type\" content=\"article\" \/>\n<meta property=\"og:title\" content=\"Hotjar: recensione software di analisi - Accurate Reviews\" \/>\n<meta property=\"og:description\" content=\"Hotjar: recensione del software di analisi che unisce le funzionalit\u00e0 di un&#039;analisi di tipo quantitativo ad una di tipo qualitativo, in un unico strumento.\" \/>\n<meta property=\"og:url\" content=\"https:\/\/www.accuratereviews.com\/it\/strumenti-seo-lista-software\/hotjar-recensione\/\" \/>\n<meta property=\"og:site_name\" content=\"Accurate Reviews\" \/>\n<meta property=\"article:modified_time\" content=\"2021-12-11T10:33:37+00:00\" \/>\n<meta property=\"og:image\" content=\"https:\/\/www.accuratereviews.com\/wp-content\/uploads\/2019\/11\/download-3.png\" \/>\n\t<meta property=\"og:image:width\" content=\"324\" \/>\n\t<meta property=\"og:image:height\" content=\"155\" \/>\n\t<meta property=\"og:image:type\" content=\"image\/png\" \/>\n<meta name=\"twitter:card\" content=\"summary_large_image\" \/>\n<meta name=\"twitter:label1\" content=\"Tempo di lettura stimato\" \/>\n\t<meta name=\"twitter:data1\" content=\"3 minuti\" \/>\n<script type=\"application\/ld+json\" class=\"yoast-schema-graph\">{\"@context\":\"https:\\\/\\\/schema.org\",\"@graph\":[{\"@type\":\"WebPage\",\"@id\":\"https:\\\/\\\/www.accuratereviews.com\\\/it\\\/strumenti-seo-lista-software\\\/hotjar-recensione\\\/\",\"url\":\"https:\\\/\\\/www.accuratereviews.com\\\/it\\\/strumenti-seo-lista-software\\\/hotjar-recensione\\\/\",\"name\":\"Hotjar: recensione software di analisi - Accurate Reviews\",\"isPartOf\":{\"@id\":\"https:\\\/\\\/www.accuratereviews.com\\\/it\\\/#website\"},\"primaryImageOfPage\":{\"@id\":\"https:\\\/\\\/www.accuratereviews.com\\\/it\\\/strumenti-seo-lista-software\\\/hotjar-recensione\\\/#primaryimage\"},\"image\":{\"@id\":\"https:\\\/\\\/www.accuratereviews.com\\\/it\\\/strumenti-seo-lista-software\\\/hotjar-recensione\\\/#primaryimage\"},\"thumbnailUrl\":\"https:\\\/\\\/www.accuratereviews.com\\\/wp-content\\\/uploads\\\/2019\\\/11\\\/download-3.png\",\"datePublished\":\"2019-11-21T14:16:27+00:00\",\"dateModified\":\"2021-12-11T10:33:37+00:00\",\"description\":\"Hotjar: recensione del software di analisi che unisce le funzionalit\u00e0 di un'analisi di tipo quantitativo ad una di tipo qualitativo, in un unico strumento.\",\"breadcrumb\":{\"@id\":\"https:\\\/\\\/www.accuratereviews.com\\\/it\\\/strumenti-seo-lista-software\\\/hotjar-recensione\\\/#breadcrumb\"},\"inLanguage\":\"it-IT\",\"potentialAction\":[{\"@type\":\"ReadAction\",\"target\":[\"https:\\\/\\\/www.accuratereviews.com\\\/it\\\/strumenti-seo-lista-software\\\/hotjar-recensione\\\/\"]}]},{\"@type\":\"ImageObject\",\"inLanguage\":\"it-IT\",\"@id\":\"https:\\\/\\\/www.accuratereviews.com\\\/it\\\/strumenti-seo-lista-software\\\/hotjar-recensione\\\/#primaryimage\",\"url\":\"https:\\\/\\\/www.accuratereviews.com\\\/wp-content\\\/uploads\\\/2019\\\/11\\\/download-3.png\",\"contentUrl\":\"https:\\\/\\\/www.accuratereviews.com\\\/wp-content\\\/uploads\\\/2019\\\/11\\\/download-3.png\",\"width\":324,\"height\":155},{\"@type\":\"BreadcrumbList\",\"@id\":\"https:\\\/\\\/www.accuratereviews.com\\\/it\\\/strumenti-seo-lista-software\\\/hotjar-recensione\\\/#breadcrumb\",\"itemListElement\":[{\"@type\":\"ListItem\",\"position\":1,\"name\":\"Home\",\"item\":\"https:\\\/\\\/www.accuratereviews.com\\\/it\\\/\"},{\"@type\":\"ListItem\",\"position\":2,\"name\":\"Strumenti SEO\",\"item\":\"https:\\\/\\\/www.accuratereviews.com\\\/it\\\/strumenti-seo-lista-software\\\/\"},{\"@type\":\"ListItem\",\"position\":3,\"name\":\"Hotjar\"}]},{\"@type\":\"WebSite\",\"@id\":\"https:\\\/\\\/www.accuratereviews.com\\\/it\\\/#website\",\"url\":\"https:\\\/\\\/www.accuratereviews.com\\\/it\\\/\",\"name\":\"Accurate Reviews\",\"description\":\"\",\"potentialAction\":[{\"@type\":\"SearchAction\",\"target\":{\"@type\":\"EntryPoint\",\"urlTemplate\":\"https:\\\/\\\/www.accuratereviews.com\\\/it\\\/?s={search_term_string}\"},\"query-input\":{\"@type\":\"PropertyValueSpecification\",\"valueRequired\":true,\"valueName\":\"search_term_string\"}}],\"inLanguage\":\"it-IT\"}]}<\/script>\n<!-- \/ Yoast SEO plugin. -->","yoast_head_json":{"title":"Hotjar: recensione software di analisi - Accurate Reviews","description":"Hotjar: recensione del software di analisi che unisce le funzionalit\u00e0 di un'analisi di tipo quantitativo ad una di tipo qualitativo, in un unico strumento.","robots":{"index":"index","follow":"follow","max-snippet":"max-snippet:-1","max-image-preview":"max-image-preview:large","max-video-preview":"max-video-preview:-1"},"canonical":"https:\/\/www.accuratereviews.com\/it\/strumenti-seo-lista-software\/hotjar-recensione\/","og_locale":"it_IT","og_type":"article","og_title":"Hotjar: recensione software di analisi - Accurate Reviews","og_description":"Hotjar: recensione del software di analisi che unisce le funzionalit\u00e0 di un'analisi di tipo quantitativo ad una di tipo qualitativo, in un unico strumento.","og_url":"https:\/\/www.accuratereviews.com\/it\/strumenti-seo-lista-software\/hotjar-recensione\/","og_site_name":"Accurate Reviews","article_modified_time":"2021-12-11T10:33:37+00:00","og_image":[{"width":324,"height":155,"url":"https:\/\/www.accuratereviews.com\/wp-content\/uploads\/2019\/11\/download-3.png","type":"image\/png"}],"twitter_card":"summary_large_image","twitter_misc":{"Tempo di lettura stimato":"3 minuti"},"schema":{"@context":"https:\/\/schema.org","@graph":[{"@type":"WebPage","@id":"https:\/\/www.accuratereviews.com\/it\/strumenti-seo-lista-software\/hotjar-recensione\/","url":"https:\/\/www.accuratereviews.com\/it\/strumenti-seo-lista-software\/hotjar-recensione\/","name":"Hotjar: recensione software di analisi - Accurate Reviews","isPartOf":{"@id":"https:\/\/www.accuratereviews.com\/it\/#website"},"primaryImageOfPage":{"@id":"https:\/\/www.accuratereviews.com\/it\/strumenti-seo-lista-software\/hotjar-recensione\/#primaryimage"},"image":{"@id":"https:\/\/www.accuratereviews.com\/it\/strumenti-seo-lista-software\/hotjar-recensione\/#primaryimage"},"thumbnailUrl":"https:\/\/www.accuratereviews.com\/wp-content\/uploads\/2019\/11\/download-3.png","datePublished":"2019-11-21T14:16:27+00:00","dateModified":"2021-12-11T10:33:37+00:00","description":"Hotjar: recensione del software di analisi che unisce le funzionalit\u00e0 di un'analisi di tipo quantitativo ad una di tipo qualitativo, in un unico strumento.","breadcrumb":{"@id":"https:\/\/www.accuratereviews.com\/it\/strumenti-seo-lista-software\/hotjar-recensione\/#breadcrumb"},"inLanguage":"it-IT","potentialAction":[{"@type":"ReadAction","target":["https:\/\/www.accuratereviews.com\/it\/strumenti-seo-lista-software\/hotjar-recensione\/"]}]},{"@type":"ImageObject","inLanguage":"it-IT","@id":"https:\/\/www.accuratereviews.com\/it\/strumenti-seo-lista-software\/hotjar-recensione\/#primaryimage","url":"https:\/\/www.accuratereviews.com\/wp-content\/uploads\/2019\/11\/download-3.png","contentUrl":"https:\/\/www.accuratereviews.com\/wp-content\/uploads\/2019\/11\/download-3.png","width":324,"height":155},{"@type":"BreadcrumbList","@id":"https:\/\/www.accuratereviews.com\/it\/strumenti-seo-lista-software\/hotjar-recensione\/#breadcrumb","itemListElement":[{"@type":"ListItem","position":1,"name":"Home","item":"https:\/\/www.accuratereviews.com\/it\/"},{"@type":"ListItem","position":2,"name":"Strumenti SEO","item":"https:\/\/www.accuratereviews.com\/it\/strumenti-seo-lista-software\/"},{"@type":"ListItem","position":3,"name":"Hotjar"}]},{"@type":"WebSite","@id":"https:\/\/www.accuratereviews.com\/it\/#website","url":"https:\/\/www.accuratereviews.com\/it\/","name":"Accurate Reviews","description":"","potentialAction":[{"@type":"SearchAction","target":{"@type":"EntryPoint","urlTemplate":"https:\/\/www.accuratereviews.com\/it\/?s={search_term_string}"},"query-input":{"@type":"PropertyValueSpecification","valueRequired":true,"valueName":"search_term_string"}}],"inLanguage":"it-IT"}]}},"_links":{"self":[{"href":"https:\/\/www.accuratereviews.com\/it\/wp-json\/wp\/v2\/pages\/20410","targetHints":{"allow":["GET"]}}],"collection":[{"href":"https:\/\/www.accuratereviews.com\/it\/wp-json\/wp\/v2\/pages"}],"about":[{"href":"https:\/\/www.accuratereviews.com\/it\/wp-json\/wp\/v2\/types\/page"}],"author":[{"embeddable":true,"href":"https:\/\/www.accuratereviews.com\/it\/wp-json\/wp\/v2\/users\/17"}],"replies":[{"embeddable":true,"href":"https:\/\/www.accuratereviews.com\/it\/wp-json\/wp\/v2\/comments?post=20410"}],"version-history":[{"count":5,"href":"https:\/\/www.accuratereviews.com\/it\/wp-json\/wp\/v2\/pages\/20410\/revisions"}],"predecessor-version":[{"id":51160,"href":"https:\/\/www.accuratereviews.com\/it\/wp-json\/wp\/v2\/pages\/20410\/revisions\/51160"}],"up":[{"embeddable":true,"href":"https:\/\/www.accuratereviews.com\/it\/wp-json\/wp\/v2\/pages\/8849"}],"wp:featuredmedia":[{"embeddable":true,"href":"https:\/\/www.accuratereviews.com\/it\/wp-json\/wp\/v2\/media\/20411"}],"wp:attachment":[{"href":"https:\/\/www.accuratereviews.com\/it\/wp-json\/wp\/v2\/media?parent=20410"}],"wp:term":[{"taxonomy":"category","embeddable":true,"href":"https:\/\/www.accuratereviews.com\/it\/wp-json\/wp\/v2\/categories?post=20410"},{"taxonomy":"post_tag","embeddable":true,"href":"https:\/\/www.accuratereviews.com\/it\/wp-json\/wp\/v2\/tags?post=20410"},{"taxonomy":"features","embeddable":true,"href":"https:\/\/www.accuratereviews.com\/it\/wp-json\/wp\/v2\/features?post=20410"}],"curies":[{"name":"wp","href":"https:\/\/api.w.org\/{rel}","templated":true}]}}