{"id":20417,"date":"2019-11-21T14:17:14","date_gmt":"2019-11-21T14:17:14","guid":{"rendered":"https:\/\/www.accuratereviews.com\/?page_id=20417"},"modified":"2021-12-11T10:10:05","modified_gmt":"2021-12-11T10:10:05","slug":"sprout-recensione","status":"publish","type":"page","link":"https:\/\/www.accuratereviews.com\/it\/strumenti-seo-lista-software\/sprout-recensione\/","title":{"rendered":"Sprout Social"},"content":{"rendered":"<p><strong>Sprout Social<\/strong> \u00e8 un <strong>programma di analisi<\/strong> progettato principalmente per agenzie e aziende di piccole e grandi dimensioni che necessitano una migliore gestione sociale (creazione di report, pubblicazione, servizio clienti ecc.). Dispone di efficaci strumenti di coinvolgimento, pubblicazione, ascolto e analisi che ti permettono di <strong>estrarre il vero valore aziendale<\/strong> dai social media. Grazie a queste funzionalit\u00e0, potrai costruire e sviluppare relazioni pi\u00f9 forti con il tuo pubblico, coinvolgendo un&#8217;intera comunit\u00e0. Si tratta di una vera e propria piattaforma di <strong>gestione dei social media all-in-one<\/strong> creata per la connessione.<\/p>\n<h2>COME UTILIZZARE SPROUT SOCIAL &#8211; TUTORIAL<\/h2>\n<p>Diamo uno sguardo a questo video per comprendere qualcosa di pi\u00f9 riguardo a questo strumento:<\/p>\n<div id=\"fluid-wrapper-counter-1\" class=\"g1-fluid-wrapper \" style=\"width:686px;\">\n<div style=\"padding-bottom:56.268221574344%;\"><iframe loading=\"lazy\" title=\"Review and reputation management for agencies\" width=\"686\" height=\"386\" src=\"https:\/\/www.youtube.com\/embed\/vFey4co-Usg?feature=oembed&amp;wmode=transparent&amp;autohide=1&amp;autoplay=0&amp;disablekb=0&amp;fs=1&amp;loop=0&amp;enablejsapi=1&amp;rel=0&amp;controls=2&amp;showinfo=0&amp;wmode=transparent&amp;autohide=2&amp;autoplay=0&amp;disablekb=0&amp;fs=1&amp;loop=0&amp;enablejsapi=1&amp;rel=0&amp;controls=2&amp;showinfo=1\" frameborder=\"0\" allow=\"accelerometer; autoplay; clipboard-write; encrypted-media; gyroscope; picture-in-picture\" allowfullscreen><\/iframe><\/div>\n<\/div>\n<h3>SPROUT SOCIAL &#8211; CARATTERISTICHE<\/h3>\n<ul>\n<li>Creazione di una community: semplifica e ridimensiona efficacemente gli sforzi di monitoraggio e coinvolgimento sociale con una casella di posta sociale unificata<\/li>\n<li>Pianificazione e pubblicazione: pianifica, crea, gestisci e distribuisci facilmente contenuti e campagne social in team<\/li>\n<li>Segnalazione e analisi: promuovi il processo decisionale strategico in tutta l&#8217;azienda con approfondimenti significativi da dati sociali e analisi<\/li>\n<li>Creazione di una strategia di marketing: scopri le tendenze ed estrai approfondimenti fruibili dalle conversazioni sui social per informare meglio la strategia di marketing<\/li>\n<li>Condivisione social: amplia la portata del tuo marchio condividendo contenuti curati sui social network.<\/li>\n<\/ul>\n<h3>LE RECENSIONI DEGLI UTENTI<\/h3>\n<ul>\n<li><strong>&#8220;We LOVE Sprout Social!&#8221;<\/strong><br \/>\nIN GENERALE: Fin dall&#8217;inizio, il team Sprout che ha lavorato con noi \u00e8 stato cordiale, alla mano, divertente con cui parlare e ha risposto a tutte le nostre domande. La loro chat, il servizio clienti e il team di gestione account sono fantastici con cui lavorare.<br \/>\nPRO: questo \u00e8 praticamente uno strumento &#8220;fai tutto&#8221;. Finch\u00e9 sono stato nel settore del social media marketing, siamo stati alla ricerca di uno strumento che abbia tutto ci\u00f2 di cui abbiamo bisogno in uno. Sprout Social si avvicina sicuramente alla sua capacit\u00e0 di produrre, pianificare e pubblicare i nostri contenuti, archiviare immagini in una biblioteca, organizzare i nostri clienti in cartelle e team, produrre report e condividere analisi e metriche che sono importanti per noi. Attualmente stiamo esaminando l&#8217;utilizzo delle sue capacit\u00e0 di ascolto e quindi avremo praticamente tutto ci\u00f2 di cui abbiamo bisogno.<br \/>\nCONTRO: Abbiamo notato che diversi membri del team devono utilizzare browser web diversi per accedere alla piena funzionalit\u00e0 di Sprout. Alcuni di noi sono bravi su Chrome, mentre altri funzionano meglio con Safari o Firefox. Non ho riscontrato questo problema con altri strumenti che utilizziamo, ma l&#8217;ho notato in particolare su questo.<\/li>\n<li><strong>&#8220;Pi\u00f9 account gestisci, meglio diventa&#8221;<\/strong><br \/>\nPRO: Ho usato Sprout per gestire dozzine di account e aiuta davvero a organizzare tutto sotto lo stesso tetto, comprese le statistiche. Se hai fretta, puoi generare uno dei loro rapporti visivi per un cliente e includer\u00e0 alcune buone statistiche che forniscono sia a te che ai tuoi clienti approfondimenti. Ma a mio avviso, l&#8217;app mobile \u00e8 l&#8217;aspetto pi\u00f9 forte di Sprout. Essere in grado di pubblicare su qualsiasi profilo Facebook, Twitter, Instagram o LinkedIn del mio cliente dal mio telefono con un unico accesso \u00e8 infinitamente utile.<br \/>\nCONTRO: I costi possono sommarsi abbastanza rapidamente e alcuni elementi UX non sono ancora completamente presenti (\u00e8 migliorato nel corso degli anni). \u00c8 nitido, ma ad esempio non \u00e8 possibile personalizzare i colori delle cartelle per ciascun gruppo di client. Ho anche incontrato una manciata di bug durante il mio periodo di utilizzo di Sprout e, quando finalmente ho ottenuto il servizio clienti, mi hanno semplicemente spiegato come aggirare il problema invece di risolvere il problema.<\/li>\n<li>\n<div class=\"tlid-input input\">\n<div class=\"source-wrap\">\n<div class=\"input-full-height-wrapper tlid-input-full-height-wrapper\">\n<div class=\"source-input\">\n<div class=\"source-footer-wrap source-or-target-footer\">\n<div class=\"character-count tlid-character-count\"><\/div>\n<\/div>\n<\/div>\n<\/div>\n<\/div>\n<\/div>\n<div class=\"tlid-results-container results-container\">\n<div class=\"tlid-result result-dict-wrapper\">\n<div class=\"result tlid-copy-target\">\n<div class=\"text-wrap tlid-copy-target\">\n<div class=\"result-shield-container tlid-copy-target\" tabindex=\"0\"><span class=\"tlid-translation translation\" lang=\"it\"><strong><span title=\"\">&#8220;Il servizio clienti \u00e8 imbattibile&#8221;<\/span><\/strong><br \/>\n<span title=\"\">IN GENERALE Usiamo Sprout per programmare post ed eseguire report ed \u00e8 stato grandioso per questo.<\/span><br \/>\n<span title=\"\">PRO: apprezzo la facilit\u00e0 con cui puoi contattare qualcuno per ricevere assistenza, dal tecnico alla fatturazione.<\/span> <span title=\"\">Solo questo pu\u00f2 creare o distruggere un prodotto.<\/span> <span title=\"\">La qualit\u00e0 generale di questa app \u00e8 buona, ma ci sono alcuni bug e limitazioni.<\/span> <span title=\"\">Ho usato altre app di pianificazione, ma finora questa \u00e8 stata la mia preferita.<\/span><br \/>\n<span title=\"\">CONTRO: Sprout non \u00e8 sempre all&#8217;avanguardia tecnologica delle funzionalit\u00e0 che offrono.<\/span> <span title=\"\">Di solito alla fine &#8220;ci arrivano&#8221; ma probabilmente vedrai prima qualcosa che vorresti fosse su un&#8217;altra app.<\/span> <span class=\"\" title=\"\">Vorrei davvero che Sprout entrasse nell&#8217;archiviazione &#8211; sarebbe incredibile avere una piattaforma di social media che fa di tutto, dalla pubblicazione, segnalazione all&#8217;archiviazione.<\/span><\/span><\/div>\n<\/div>\n<\/div>\n<\/div>\n<\/div>\n<\/li>\n<\/ul>\n","protected":false},"excerpt":{"rendered":"<p>Sprout Social \u00e8 un programma di analisi progettato principalmente per agenzie e aziende di piccole e grandi dimensioni che necessitano una migliore gestione sociale (creazione di report, pubblicazione, servizio clienti ecc.). Dispone di efficaci strumenti di coinvolgimento, pubblicazione, ascolto e analisi che ti permettono di estrarre il vero valore aziendale dai social media.<\/p>\n","protected":false},"author":17,"featured_media":20418,"parent":8849,"menu_order":0,"comment_status":"open","ping_status":"closed","template":"g1_template_page_review_new.php","meta":{"_acf_changed":false,"cwp_meta_box_check":"Yes","cwp_rev_product_name":"","cwp_rev_product_image":"","wppr_links":[],"cwp_rev_price":"","wppr_options":[],"wppr_pros":[],"wppr_cons":[],"_monsterinsights_skip_tracking":false,"_monsterinsights_sitenote_active":false,"_monsterinsights_sitenote_note":"","_monsterinsights_sitenote_category":0,"footnotes":""},"categories":[1490],"tags":[1494,1492,1493,1491],"features":[],"class_list":{"0":"post-20417","1":"page","2":"type-page","3":"status-publish","4":"has-post-thumbnail","6":"category-analisi-marketing","7":"tag-analisi-di-marketing","8":"tag-google-analytics","9":"tag-software-di-analisi","10":"tag-strumento-di-analisi"},"wppr_data":{"cwp_meta_box_check":"Yes","cwp_rev_product_name":"","cwp_rev_product_image":"","cwp_image_link":"image","cwp_rev_price":"","wppr_rating":"0.00"},"acf":[],"yoast_head":"<!-- This site is optimized with the Yoast SEO plugin v27.4 - https:\/\/yoast.com\/product\/yoast-seo-wordpress\/ -->\n<title>Sprout Social: recensione programma di analisi - Accurate Reviews<\/title>\n<meta name=\"description\" content=\"Sprout Social: recensione del programma di analisi progettato principalmente per agenzie e aziende che necessitano una migliore gestione sociale.\" \/>\n<meta name=\"robots\" content=\"index, follow, max-snippet:-1, max-image-preview:large, max-video-preview:-1\" \/>\n<link rel=\"canonical\" href=\"https:\/\/www.accuratereviews.com\/it\/strumenti-seo-lista-software\/sprout-recensione\/\" \/>\n<meta property=\"og:locale\" content=\"it_IT\" \/>\n<meta property=\"og:type\" content=\"article\" \/>\n<meta property=\"og:title\" content=\"Sprout Social: recensione programma di analisi - Accurate Reviews\" \/>\n<meta property=\"og:description\" content=\"Sprout Social: recensione del programma di analisi progettato principalmente per agenzie e aziende che necessitano una migliore gestione sociale.\" \/>\n<meta property=\"og:url\" content=\"https:\/\/www.accuratereviews.com\/it\/strumenti-seo-lista-software\/sprout-recensione\/\" \/>\n<meta property=\"og:site_name\" content=\"Accurate Reviews\" \/>\n<meta property=\"article:modified_time\" content=\"2021-12-11T10:10:05+00:00\" \/>\n<meta property=\"og:image\" content=\"https:\/\/www.accuratereviews.com\/wp-content\/uploads\/2019\/11\/571180-sprout-social-logo.jpg\" \/>\n\t<meta property=\"og:image:width\" content=\"333\" \/>\n\t<meta property=\"og:image:height\" content=\"187\" \/>\n\t<meta property=\"og:image:type\" content=\"image\/jpeg\" \/>\n<meta name=\"twitter:card\" content=\"summary_large_image\" \/>\n<meta name=\"twitter:label1\" content=\"Tempo di lettura stimato\" \/>\n\t<meta name=\"twitter:data1\" content=\"3 minuti\" \/>\n<script type=\"application\/ld+json\" class=\"yoast-schema-graph\">{\"@context\":\"https:\\\/\\\/schema.org\",\"@graph\":[{\"@type\":\"WebPage\",\"@id\":\"https:\\\/\\\/www.accuratereviews.com\\\/it\\\/strumenti-seo-lista-software\\\/sprout-recensione\\\/\",\"url\":\"https:\\\/\\\/www.accuratereviews.com\\\/it\\\/strumenti-seo-lista-software\\\/sprout-recensione\\\/\",\"name\":\"Sprout Social: recensione programma di analisi - Accurate Reviews\",\"isPartOf\":{\"@id\":\"https:\\\/\\\/www.accuratereviews.com\\\/it\\\/#website\"},\"primaryImageOfPage\":{\"@id\":\"https:\\\/\\\/www.accuratereviews.com\\\/it\\\/strumenti-seo-lista-software\\\/sprout-recensione\\\/#primaryimage\"},\"image\":{\"@id\":\"https:\\\/\\\/www.accuratereviews.com\\\/it\\\/strumenti-seo-lista-software\\\/sprout-recensione\\\/#primaryimage\"},\"thumbnailUrl\":\"https:\\\/\\\/www.accuratereviews.com\\\/wp-content\\\/uploads\\\/2019\\\/11\\\/571180-sprout-social-logo.jpg\",\"datePublished\":\"2019-11-21T14:17:14+00:00\",\"dateModified\":\"2021-12-11T10:10:05+00:00\",\"description\":\"Sprout Social: recensione del programma di analisi progettato principalmente per agenzie e aziende che necessitano una migliore gestione sociale.\",\"breadcrumb\":{\"@id\":\"https:\\\/\\\/www.accuratereviews.com\\\/it\\\/strumenti-seo-lista-software\\\/sprout-recensione\\\/#breadcrumb\"},\"inLanguage\":\"it-IT\",\"potentialAction\":[{\"@type\":\"ReadAction\",\"target\":[\"https:\\\/\\\/www.accuratereviews.com\\\/it\\\/strumenti-seo-lista-software\\\/sprout-recensione\\\/\"]}]},{\"@type\":\"ImageObject\",\"inLanguage\":\"it-IT\",\"@id\":\"https:\\\/\\\/www.accuratereviews.com\\\/it\\\/strumenti-seo-lista-software\\\/sprout-recensione\\\/#primaryimage\",\"url\":\"https:\\\/\\\/www.accuratereviews.com\\\/wp-content\\\/uploads\\\/2019\\\/11\\\/571180-sprout-social-logo.jpg\",\"contentUrl\":\"https:\\\/\\\/www.accuratereviews.com\\\/wp-content\\\/uploads\\\/2019\\\/11\\\/571180-sprout-social-logo.jpg\",\"width\":333,\"height\":187},{\"@type\":\"BreadcrumbList\",\"@id\":\"https:\\\/\\\/www.accuratereviews.com\\\/it\\\/strumenti-seo-lista-software\\\/sprout-recensione\\\/#breadcrumb\",\"itemListElement\":[{\"@type\":\"ListItem\",\"position\":1,\"name\":\"Home\",\"item\":\"https:\\\/\\\/www.accuratereviews.com\\\/it\\\/\"},{\"@type\":\"ListItem\",\"position\":2,\"name\":\"Strumenti SEO\",\"item\":\"https:\\\/\\\/www.accuratereviews.com\\\/it\\\/strumenti-seo-lista-software\\\/\"},{\"@type\":\"ListItem\",\"position\":3,\"name\":\"Sprout Social\"}]},{\"@type\":\"WebSite\",\"@id\":\"https:\\\/\\\/www.accuratereviews.com\\\/it\\\/#website\",\"url\":\"https:\\\/\\\/www.accuratereviews.com\\\/it\\\/\",\"name\":\"Accurate Reviews\",\"description\":\"\",\"potentialAction\":[{\"@type\":\"SearchAction\",\"target\":{\"@type\":\"EntryPoint\",\"urlTemplate\":\"https:\\\/\\\/www.accuratereviews.com\\\/it\\\/?s={search_term_string}\"},\"query-input\":{\"@type\":\"PropertyValueSpecification\",\"valueRequired\":true,\"valueName\":\"search_term_string\"}}],\"inLanguage\":\"it-IT\"}]}<\/script>\n<!-- \/ Yoast SEO plugin. -->","yoast_head_json":{"title":"Sprout Social: recensione programma di analisi - Accurate Reviews","description":"Sprout Social: recensione del programma di analisi progettato principalmente per agenzie e aziende che necessitano una migliore gestione sociale.","robots":{"index":"index","follow":"follow","max-snippet":"max-snippet:-1","max-image-preview":"max-image-preview:large","max-video-preview":"max-video-preview:-1"},"canonical":"https:\/\/www.accuratereviews.com\/it\/strumenti-seo-lista-software\/sprout-recensione\/","og_locale":"it_IT","og_type":"article","og_title":"Sprout Social: recensione programma di analisi - Accurate Reviews","og_description":"Sprout Social: recensione del programma di analisi progettato principalmente per agenzie e aziende che necessitano una migliore gestione sociale.","og_url":"https:\/\/www.accuratereviews.com\/it\/strumenti-seo-lista-software\/sprout-recensione\/","og_site_name":"Accurate Reviews","article_modified_time":"2021-12-11T10:10:05+00:00","og_image":[{"width":333,"height":187,"url":"https:\/\/www.accuratereviews.com\/wp-content\/uploads\/2019\/11\/571180-sprout-social-logo.jpg","type":"image\/jpeg"}],"twitter_card":"summary_large_image","twitter_misc":{"Tempo di lettura stimato":"3 minuti"},"schema":{"@context":"https:\/\/schema.org","@graph":[{"@type":"WebPage","@id":"https:\/\/www.accuratereviews.com\/it\/strumenti-seo-lista-software\/sprout-recensione\/","url":"https:\/\/www.accuratereviews.com\/it\/strumenti-seo-lista-software\/sprout-recensione\/","name":"Sprout Social: recensione programma di analisi - Accurate Reviews","isPartOf":{"@id":"https:\/\/www.accuratereviews.com\/it\/#website"},"primaryImageOfPage":{"@id":"https:\/\/www.accuratereviews.com\/it\/strumenti-seo-lista-software\/sprout-recensione\/#primaryimage"},"image":{"@id":"https:\/\/www.accuratereviews.com\/it\/strumenti-seo-lista-software\/sprout-recensione\/#primaryimage"},"thumbnailUrl":"https:\/\/www.accuratereviews.com\/wp-content\/uploads\/2019\/11\/571180-sprout-social-logo.jpg","datePublished":"2019-11-21T14:17:14+00:00","dateModified":"2021-12-11T10:10:05+00:00","description":"Sprout Social: recensione del programma di analisi progettato principalmente per agenzie e aziende che necessitano una migliore gestione sociale.","breadcrumb":{"@id":"https:\/\/www.accuratereviews.com\/it\/strumenti-seo-lista-software\/sprout-recensione\/#breadcrumb"},"inLanguage":"it-IT","potentialAction":[{"@type":"ReadAction","target":["https:\/\/www.accuratereviews.com\/it\/strumenti-seo-lista-software\/sprout-recensione\/"]}]},{"@type":"ImageObject","inLanguage":"it-IT","@id":"https:\/\/www.accuratereviews.com\/it\/strumenti-seo-lista-software\/sprout-recensione\/#primaryimage","url":"https:\/\/www.accuratereviews.com\/wp-content\/uploads\/2019\/11\/571180-sprout-social-logo.jpg","contentUrl":"https:\/\/www.accuratereviews.com\/wp-content\/uploads\/2019\/11\/571180-sprout-social-logo.jpg","width":333,"height":187},{"@type":"BreadcrumbList","@id":"https:\/\/www.accuratereviews.com\/it\/strumenti-seo-lista-software\/sprout-recensione\/#breadcrumb","itemListElement":[{"@type":"ListItem","position":1,"name":"Home","item":"https:\/\/www.accuratereviews.com\/it\/"},{"@type":"ListItem","position":2,"name":"Strumenti SEO","item":"https:\/\/www.accuratereviews.com\/it\/strumenti-seo-lista-software\/"},{"@type":"ListItem","position":3,"name":"Sprout Social"}]},{"@type":"WebSite","@id":"https:\/\/www.accuratereviews.com\/it\/#website","url":"https:\/\/www.accuratereviews.com\/it\/","name":"Accurate Reviews","description":"","potentialAction":[{"@type":"SearchAction","target":{"@type":"EntryPoint","urlTemplate":"https:\/\/www.accuratereviews.com\/it\/?s={search_term_string}"},"query-input":{"@type":"PropertyValueSpecification","valueRequired":true,"valueName":"search_term_string"}}],"inLanguage":"it-IT"}]}},"_links":{"self":[{"href":"https:\/\/www.accuratereviews.com\/it\/wp-json\/wp\/v2\/pages\/20417","targetHints":{"allow":["GET"]}}],"collection":[{"href":"https:\/\/www.accuratereviews.com\/it\/wp-json\/wp\/v2\/pages"}],"about":[{"href":"https:\/\/www.accuratereviews.com\/it\/wp-json\/wp\/v2\/types\/page"}],"author":[{"embeddable":true,"href":"https:\/\/www.accuratereviews.com\/it\/wp-json\/wp\/v2\/users\/17"}],"replies":[{"embeddable":true,"href":"https:\/\/www.accuratereviews.com\/it\/wp-json\/wp\/v2\/comments?post=20417"}],"version-history":[{"count":3,"href":"https:\/\/www.accuratereviews.com\/it\/wp-json\/wp\/v2\/pages\/20417\/revisions"}],"predecessor-version":[{"id":51159,"href":"https:\/\/www.accuratereviews.com\/it\/wp-json\/wp\/v2\/pages\/20417\/revisions\/51159"}],"up":[{"embeddable":true,"href":"https:\/\/www.accuratereviews.com\/it\/wp-json\/wp\/v2\/pages\/8849"}],"wp:featuredmedia":[{"embeddable":true,"href":"https:\/\/www.accuratereviews.com\/it\/wp-json\/wp\/v2\/media\/20418"}],"wp:attachment":[{"href":"https:\/\/www.accuratereviews.com\/it\/wp-json\/wp\/v2\/media?parent=20417"}],"wp:term":[{"taxonomy":"category","embeddable":true,"href":"https:\/\/www.accuratereviews.com\/it\/wp-json\/wp\/v2\/categories?post=20417"},{"taxonomy":"post_tag","embeddable":true,"href":"https:\/\/www.accuratereviews.com\/it\/wp-json\/wp\/v2\/tags?post=20417"},{"taxonomy":"features","embeddable":true,"href":"https:\/\/www.accuratereviews.com\/it\/wp-json\/wp\/v2\/features?post=20417"}],"curies":[{"name":"wp","href":"https:\/\/api.w.org\/{rel}","templated":true}]}}