{"id":20434,"date":"2019-11-21T14:17:44","date_gmt":"2019-11-21T14:17:44","guid":{"rendered":"https:\/\/www.accuratereviews.com\/?page_id=20434"},"modified":"2021-05-07T14:22:12","modified_gmt":"2021-05-07T14:22:12","slug":"marketo-recensione","status":"publish","type":"page","link":"https:\/\/www.accuratereviews.com\/it\/analisi-marketing\/marketo-recensione\/","title":{"rendered":"Marketo"},"content":{"rendered":"<p><strong>Marketo<\/strong> \u00e8 stata fondato nel 2006 ed \u00e8 emerso come una delle principali <strong>piattaforme di automazione del marketing<\/strong> con oltre 2.300 clienti e oltre 100.000 utenti da tutto il mondo. Ci\u00f2 che lo rende un&#8217;opzione molto popolare per i B2B \u00e8 la sua capacit\u00e0 di semplificare il processo di marketing per migliorare l&#8217;efficienza e ottenere maggiori entrate per i suoi utenti.\u00a0Oltre alla sua semplicit\u00e0 e facilit\u00e0 d&#8217;uso, <strong>Marketo<\/strong> \u00e8 anche progettato per essere flessibile e sofisticato, consentendo agli utenti di fare praticamente tutto e ottenere risultati enormi. \u00c8 una piattaforma completa che pu\u00f2 facilmente crescere con la tua azienda. Offre inoltre personalizzazione in tempo reale, consentendo agli utenti di aggiungere il proprio tocco al sistema e renderlo pi\u00f9 adatto alle proprie esigenze e preferenze.<\/p>\n<h2>MARKETO &#8211; TUTORIAL<\/h2>\n<p>Ecco un tutorial che ci illustrer\u00e0 come creare campagne pubblicitarie in maniera automatica:<\/p>\n<div id=\"fluid-wrapper-counter-1\" class=\"g1-fluid-wrapper \" style=\"width:686px;\">\n<div style=\"padding-bottom:56.268221574344%;\"><iframe loading=\"lazy\" title=\"Engagement Platform: Marketing Automation\" width=\"686\" height=\"386\" src=\"https:\/\/www.youtube.com\/embed\/_4sc6_rpI0g?feature=oembed&amp;wmode=transparent&amp;autohide=1&amp;autoplay=0&amp;disablekb=0&amp;fs=1&amp;loop=0&amp;enablejsapi=1&amp;rel=0&amp;controls=2&amp;showinfo=0&amp;wmode=transparent&amp;autohide=2&amp;autoplay=0&amp;disablekb=0&amp;fs=1&amp;loop=0&amp;enablejsapi=1&amp;rel=0&amp;controls=2&amp;showinfo=1\" frameborder=\"0\" allow=\"accelerometer; autoplay; encrypted-media; gyroscope; picture-in-picture\" allowfullscreen><\/iframe><\/div>\n<\/div>\n<h3>MARKETO &#8211; CARATTERISTICHE<\/h3>\n<ul>\n<li><strong>Automazione del marketing<\/strong>: crea, automatizza e misura le campagne attraverso i canali<\/li>\n<li><strong>Analisi e profilazione dell&#8217;account:<\/strong> identifica i giusti account target utilizzando dati e AI<\/li>\n<li><strong>Email<\/strong>: coinvolgi i clienti con le tue promozioni in pochi minuti<\/li>\n<li><strong>Mobile<\/strong>: comunicare con i clienti ovunque si trovino<\/li>\n<li><strong>Social<\/strong>: integra i canali social per trovare potenziali clienti\u00a0e coinvolgili con le tue campagne marketing<\/li>\n<li><strong>Annunci digitali<\/strong>: indirizza i clienti giusti con annunci personalizzati<\/li>\n<li><strong>Web<\/strong>: interagisci in modo dinamico\u00a0con i clienti sul tuo sito web<\/li>\n<li><strong>Contenuti<\/strong>: offri ai clienti i contenuti che desiderano automaticamente<\/li>\n<\/ul>\n<h4>LE RECENSIONI DEGLI UTENTI<\/h4>\n<h4>Md masoom R. &#8220;Davvero un software di automazione del marketing best-in-class&#8221;<\/h4>\n<p><strong>Commenti<\/strong>: La mia esperienza complessiva con Marketo Marketing Automation \u00e8 soddisfacente. Lo sto usando quotidianamente per l&#8217;automazione del marketing per diverse campagne di marketing per diversi membri del team e ho trovato questa piattaforma molto utile e sorprendente. La mia esperienza con le loro dashboard e le funzionalit\u00e0 dei report \u00e8 strabiliante e questa \u00e8 la cosa migliore di questo strumento.<\/p>\n<p><strong>Vantaggi<\/strong>: mi piace quasi tutto di questo straordinario strumento di automazione del marketing. Alcune delle cose che mi piacciono di pi\u00f9 sono le seguenti: 1. Il team di assistenza clienti Marketo \u00e8 molto reattivo e sempre disponibile ad aiutare, questo \u00e8 qualcosa che mi piace di pi\u00f9. 2. L&#8217;interfaccia utente semplice e facile di Marketo \u00e8 sorprendente e molto facile da usare. Questa \u00e8 la seconda cosa che mi piace al riguardo. 3. Le straordinarie dashboard e funzionalit\u00e0 di report di Marketo sono le terze cose che mi piacciono di pi\u00f9. \u00c8 molto informatico.<\/p>\n<p><strong>Inconvenienti<\/strong>: voglio condividere una cosa che non mi piace al riguardo e che Marketo \u00e8 un po &#8216;costoso rispetto ad altri strumenti, ma devo dire che ne vale la pena.<\/p>\n<p><strong>Emanuela C. &#8220;La mia esperienza con Marketo&#8221;<\/strong><\/p>\n<p><strong>Vantaggi<\/strong>: Marketo \u00e8 un ottimo strumento di marketing che consente di automatizzare attivit\u00e0 di marketing ripetitive. Sto usando Marketo da 4 anni.\u00a0Lo usiamo per migliorare il nostro processo di generazione di lead e abbiamo integrato Marketo con Salesforce. Stiamo utilizzando Marketo Forms integrati nel nostro sito web per ottenere informazioni personali, tenere traccia delle attivit\u00e0 svolte dai lead e informare i rappresentanti di vendita. Siamo in grado di tenere traccia delle campagne (i membri sono sincronizzati con le campagne Salesforce) e condurre fonti per misurare l&#8217;efficacia delle attivit\u00e0 di marketing. Abbiamo creato una serie di modelli di programma che possono essere replicati per gestire eventi, webinar, newsletter o email esplosive. Clonando i template tutti i nostri esperti di marketing possono avviare un nuovo programma personalizzando facilmente solo i dettagli, senza errori e risparmiando tempo. Voglio menzionare una potente funzionalit\u00e0 che uso quotidianamente &#8211; elenchi intelligenti &#8211; che consentono di indirizzare un pubblico specifico e sono stati continuamente alimentati con nuovi membri che soddisfano i criteri.<\/p>\n<p><strong>Inconvenienti<\/strong>: &#8211; Integrazione con MS Dynamics: abbiamo iniziato con MS dynamics CRM e l&#8217;integrazione non \u00e8 perfetta come l&#8217;integrazione con Salesforce. Abbiamo riscontrato problemi irrisolti per 3 anni fino a quando non abbiamo deciso di trasferire il nostro CRM a Salesforce.<br \/>\n&#8211; Servizi di consulenza: abbiamo iniziato il nostro progetto con servizi di consulenza Marketo diretti, ma il nostro project manager non era reattivo e abbiamo avuto l&#8217;impressione che ogni PM avesse troppi clienti da gestire e non avesse il tempo di dedicare il giusto sforzo a ciascun progetto. Per questo motivo, abbiamo spostato il nostro progetto in una societ\u00e0 di consulenza esterna e i risultati sono molto migliori.<br \/>\n&#8211; Supporto: il tempo di risposta del supporto standard non \u00e8 rapido e di solito ci vogliono alcuni giorni per risolverlo.<br \/>\n&#8211; Pagine di destinazione: manca un flusso di lavoro di convalida nelle pagine di ringraziamento (per essere sicuri che coloro che accederanno alla pagina di ringraziamento abbiano compilato con successo il modulo incluso nella pagina di destinazione)<br \/>\n&#8211; Rapporti: i rapporti sono molto basilari<\/p>\n<p><strong>Jasmine K. &#8220;Impressionante ed efficiente&#8221;<\/strong><\/p>\n<p><strong>Commenti<\/strong>: Marketo mi d\u00e0 l&#8217;opportunit\u00e0 di fornire informazioni senza soluzione di continuit\u00e0 agli utenti delle vendite nella mia organizzazione tramite lo strumento Marketo Sales Insights in Salesforce, nonch\u00e9 avvisi \/ e-mail attivati. Mi piace molto la velocit\u00e0 della sincronizzazione di Salesforce in quanto siamo in grado di creare \/ monitorare campagne e attribuire entrate quasi all&#8217;istante.<\/p>\n<p><strong>Vantaggi<\/strong>: Marketo \u00e8 costantemente classificato dagli analisti come la migliore soluzione di automazione e finalmente riesco a capire perch\u00e9! Come marketer, \u00e8 semplice da usare ma anche robusto per la gestione dei programmi dalla creazione al reporting. Quotidianamente, utilizzo Marketo in un ambiente B2B e non saremmo in grado di funzionare senza di esso. \u00c8 uno strumento chiave per la mia strategia di marketing, una delle funzionalit\u00e0 pi\u00f9 utilizzate \u00e8 la clonazione di programmi, tattiche e campagne. Questo ci consente di fare meno errori e mantenere la continuit\u00e0 da utente a utente, un&#8217;efficienza per il mio team agile e in crescita. Quello che mi piacerebbe vedere \u00e8 il continuo miglioramento del prodotto guidato dalle voci dei clienti. Sono entusiasta del debutto della nuova interfaccia utente Mercury nel 2018!<\/p>\n<p><strong>Inconvenienti<\/strong>: come amministratore all&#8217;interno di una piccola squadra, l&#8217;uptime alla piena funzionalit\u00e0 pu\u00f2 essere come scalare una ripida collina in una giornata fredda. In poche parole, l&#8217;apprendimento di questo strumento pu\u00f2 sembrare ingombrante se non \u00e8 la tua unica responsabilit\u00e0. Fortunatamente, la Marketing Nation Community unita ai documenti sui prodotti e alla Marketo University si dimostrano utili risorse per accrescere le tue conoscenze. Nel giro di un anno sono stato in grado di apprendere con sicurezza lo strumento, contribuire con nuove idee e diventare un Marketo Certified Expert (MCE). Servizio \/ supporto &#8211; Rispetto ad altre piattaforme di automazione, sembra esserci un supporto limitato e il desiderio che gli account abbiano una comunicazione 1: 1 su base regolare con un rappresentante dell&#8217;account. Di recente ci \u00e8 stato assegnato un nuovo rappresentante e stiamo facendo progressi.<\/p>\n<p>&nbsp;<\/p>\n","protected":false},"excerpt":{"rendered":"<p>Marketo \u00e8 stata fondato nel 2006 ed \u00e8 emerso come una delle principali piattaforme di automazione del marketing con oltre 2.300 clienti e oltre 100.000 utenti da tutto il mondo. Ci\u00f2 che lo rende un&#8217;opzione molto popolare per i B2B \u00e8 la sua capacit\u00e0 di semplificare il processo di marketing per migliorare l&#8217;efficienza e ottenere maggiori entrate per i suoi utenti.\u00a0<\/p>\n","protected":false},"author":19,"featured_media":20437,"parent":20408,"menu_order":0,"comment_status":"open","ping_status":"closed","template":"g1_template_page_review_new.php","meta":{"_acf_changed":false,"cwp_meta_box_check":"Yes","cwp_rev_product_name":"","cwp_rev_product_image":"","wppr_links":[],"cwp_rev_price":"","wppr_options":[],"wppr_pros":[],"wppr_cons":[],"_monsterinsights_skip_tracking":false,"_monsterinsights_sitenote_active":false,"_monsterinsights_sitenote_note":"","_monsterinsights_sitenote_category":0,"footnotes":""},"categories":[1490],"tags":[1494,1495,1501,1496,1497,1499],"features":[],"class_list":{"0":"post-20434","1":"page","2":"type-page","3":"status-publish","4":"has-post-thumbnail","6":"category-analisi-marketing","7":"tag-analisi-di-marketing","8":"tag-marketing-analytics-software","9":"tag-marketo","10":"tag-programma-analisi-marketing","11":"tag-software-analisi-di-mercato","12":"tag-soluzione-analisi-marketing"},"wppr_data":{"cwp_meta_box_check":"Yes","cwp_rev_product_name":"","cwp_rev_product_image":"","cwp_image_link":"image","cwp_rev_price":"","wppr_rating":"0.00"},"acf":[],"yoast_head":"<!-- This site is optimized with the Yoast SEO plugin v27.4 - https:\/\/yoast.com\/product\/yoast-seo-wordpress\/ -->\n<title>Marketo: recensione software analisi marketing - Accurate Reviews<\/title>\n<meta name=\"description\" content=\"Marketo: recensione piattaforma di automazione del marketing con oltre 2.300 clienti e oltre 100.000 utenti da tutto il mondo fondata nel 2006.\" \/>\n<meta name=\"robots\" content=\"index, follow, max-snippet:-1, max-image-preview:large, max-video-preview:-1\" \/>\n<link rel=\"canonical\" href=\"https:\/\/www.accuratereviews.com\/it\/analisi-marketing\/marketo-recensione\/\" \/>\n<meta property=\"og:locale\" content=\"it_IT\" \/>\n<meta property=\"og:type\" content=\"article\" \/>\n<meta property=\"og:title\" content=\"Marketo: recensione software analisi marketing - Accurate Reviews\" \/>\n<meta property=\"og:description\" content=\"Marketo: recensione piattaforma di automazione del marketing con oltre 2.300 clienti e oltre 100.000 utenti da tutto il mondo fondata nel 2006.\" \/>\n<meta property=\"og:url\" content=\"https:\/\/www.accuratereviews.com\/it\/analisi-marketing\/marketo-recensione\/\" \/>\n<meta property=\"og:site_name\" content=\"Accurate Reviews\" \/>\n<meta property=\"article:modified_time\" content=\"2021-05-07T14:22:12+00:00\" \/>\n<meta property=\"og:image\" content=\"https:\/\/www.accuratereviews.com\/wp-content\/uploads\/2019\/11\/marketo-logo-updated.png\" \/>\n\t<meta property=\"og:image:width\" content=\"600\" \/>\n\t<meta property=\"og:image:height\" content=\"400\" \/>\n\t<meta property=\"og:image:type\" content=\"image\/png\" \/>\n<meta name=\"twitter:card\" content=\"summary_large_image\" \/>\n<meta name=\"twitter:label1\" content=\"Tempo di lettura stimato\" \/>\n\t<meta name=\"twitter:data1\" content=\"5 minuti\" \/>\n<script type=\"application\/ld+json\" class=\"yoast-schema-graph\">{\"@context\":\"https:\\\/\\\/schema.org\",\"@graph\":[{\"@type\":\"WebPage\",\"@id\":\"https:\\\/\\\/www.accuratereviews.com\\\/it\\\/analisi-marketing\\\/marketo-recensione\\\/\",\"url\":\"https:\\\/\\\/www.accuratereviews.com\\\/it\\\/analisi-marketing\\\/marketo-recensione\\\/\",\"name\":\"Marketo: recensione software analisi marketing - Accurate Reviews\",\"isPartOf\":{\"@id\":\"https:\\\/\\\/www.accuratereviews.com\\\/it\\\/#website\"},\"primaryImageOfPage\":{\"@id\":\"https:\\\/\\\/www.accuratereviews.com\\\/it\\\/analisi-marketing\\\/marketo-recensione\\\/#primaryimage\"},\"image\":{\"@id\":\"https:\\\/\\\/www.accuratereviews.com\\\/it\\\/analisi-marketing\\\/marketo-recensione\\\/#primaryimage\"},\"thumbnailUrl\":\"https:\\\/\\\/www.accuratereviews.com\\\/wp-content\\\/uploads\\\/2019\\\/11\\\/marketo-logo-updated.png\",\"datePublished\":\"2019-11-21T14:17:44+00:00\",\"dateModified\":\"2021-05-07T14:22:12+00:00\",\"description\":\"Marketo: recensione piattaforma di automazione del marketing con oltre 2.300 clienti e oltre 100.000 utenti da tutto il mondo fondata nel 2006.\",\"breadcrumb\":{\"@id\":\"https:\\\/\\\/www.accuratereviews.com\\\/it\\\/analisi-marketing\\\/marketo-recensione\\\/#breadcrumb\"},\"inLanguage\":\"it-IT\",\"potentialAction\":[{\"@type\":\"ReadAction\",\"target\":[\"https:\\\/\\\/www.accuratereviews.com\\\/it\\\/analisi-marketing\\\/marketo-recensione\\\/\"]}]},{\"@type\":\"ImageObject\",\"inLanguage\":\"it-IT\",\"@id\":\"https:\\\/\\\/www.accuratereviews.com\\\/it\\\/analisi-marketing\\\/marketo-recensione\\\/#primaryimage\",\"url\":\"https:\\\/\\\/www.accuratereviews.com\\\/wp-content\\\/uploads\\\/2019\\\/11\\\/marketo-logo-updated.png\",\"contentUrl\":\"https:\\\/\\\/www.accuratereviews.com\\\/wp-content\\\/uploads\\\/2019\\\/11\\\/marketo-logo-updated.png\",\"width\":600,\"height\":400},{\"@type\":\"BreadcrumbList\",\"@id\":\"https:\\\/\\\/www.accuratereviews.com\\\/it\\\/analisi-marketing\\\/marketo-recensione\\\/#breadcrumb\",\"itemListElement\":[{\"@type\":\"ListItem\",\"position\":1,\"name\":\"Home\",\"item\":\"https:\\\/\\\/www.accuratereviews.com\\\/it\\\/\"},{\"@type\":\"ListItem\",\"position\":2,\"name\":\"Analisi Marketing\",\"item\":\"https:\\\/\\\/www.accuratereviews.com\\\/it\\\/analisi-marketing\\\/\"},{\"@type\":\"ListItem\",\"position\":3,\"name\":\"Marketo\"}]},{\"@type\":\"WebSite\",\"@id\":\"https:\\\/\\\/www.accuratereviews.com\\\/it\\\/#website\",\"url\":\"https:\\\/\\\/www.accuratereviews.com\\\/it\\\/\",\"name\":\"Accurate Reviews\",\"description\":\"\",\"potentialAction\":[{\"@type\":\"SearchAction\",\"target\":{\"@type\":\"EntryPoint\",\"urlTemplate\":\"https:\\\/\\\/www.accuratereviews.com\\\/it\\\/?s={search_term_string}\"},\"query-input\":{\"@type\":\"PropertyValueSpecification\",\"valueRequired\":true,\"valueName\":\"search_term_string\"}}],\"inLanguage\":\"it-IT\"}]}<\/script>\n<!-- \/ Yoast SEO plugin. -->","yoast_head_json":{"title":"Marketo: recensione software analisi marketing - Accurate Reviews","description":"Marketo: recensione piattaforma di automazione del marketing con oltre 2.300 clienti e oltre 100.000 utenti da tutto il mondo fondata nel 2006.","robots":{"index":"index","follow":"follow","max-snippet":"max-snippet:-1","max-image-preview":"max-image-preview:large","max-video-preview":"max-video-preview:-1"},"canonical":"https:\/\/www.accuratereviews.com\/it\/analisi-marketing\/marketo-recensione\/","og_locale":"it_IT","og_type":"article","og_title":"Marketo: recensione software analisi marketing - Accurate Reviews","og_description":"Marketo: recensione piattaforma di automazione del marketing con oltre 2.300 clienti e oltre 100.000 utenti da tutto il mondo fondata nel 2006.","og_url":"https:\/\/www.accuratereviews.com\/it\/analisi-marketing\/marketo-recensione\/","og_site_name":"Accurate Reviews","article_modified_time":"2021-05-07T14:22:12+00:00","og_image":[{"width":600,"height":400,"url":"https:\/\/www.accuratereviews.com\/wp-content\/uploads\/2019\/11\/marketo-logo-updated.png","type":"image\/png"}],"twitter_card":"summary_large_image","twitter_misc":{"Tempo di lettura stimato":"5 minuti"},"schema":{"@context":"https:\/\/schema.org","@graph":[{"@type":"WebPage","@id":"https:\/\/www.accuratereviews.com\/it\/analisi-marketing\/marketo-recensione\/","url":"https:\/\/www.accuratereviews.com\/it\/analisi-marketing\/marketo-recensione\/","name":"Marketo: recensione software analisi marketing - Accurate Reviews","isPartOf":{"@id":"https:\/\/www.accuratereviews.com\/it\/#website"},"primaryImageOfPage":{"@id":"https:\/\/www.accuratereviews.com\/it\/analisi-marketing\/marketo-recensione\/#primaryimage"},"image":{"@id":"https:\/\/www.accuratereviews.com\/it\/analisi-marketing\/marketo-recensione\/#primaryimage"},"thumbnailUrl":"https:\/\/www.accuratereviews.com\/wp-content\/uploads\/2019\/11\/marketo-logo-updated.png","datePublished":"2019-11-21T14:17:44+00:00","dateModified":"2021-05-07T14:22:12+00:00","description":"Marketo: recensione piattaforma di automazione del marketing con oltre 2.300 clienti e oltre 100.000 utenti da tutto il mondo fondata nel 2006.","breadcrumb":{"@id":"https:\/\/www.accuratereviews.com\/it\/analisi-marketing\/marketo-recensione\/#breadcrumb"},"inLanguage":"it-IT","potentialAction":[{"@type":"ReadAction","target":["https:\/\/www.accuratereviews.com\/it\/analisi-marketing\/marketo-recensione\/"]}]},{"@type":"ImageObject","inLanguage":"it-IT","@id":"https:\/\/www.accuratereviews.com\/it\/analisi-marketing\/marketo-recensione\/#primaryimage","url":"https:\/\/www.accuratereviews.com\/wp-content\/uploads\/2019\/11\/marketo-logo-updated.png","contentUrl":"https:\/\/www.accuratereviews.com\/wp-content\/uploads\/2019\/11\/marketo-logo-updated.png","width":600,"height":400},{"@type":"BreadcrumbList","@id":"https:\/\/www.accuratereviews.com\/it\/analisi-marketing\/marketo-recensione\/#breadcrumb","itemListElement":[{"@type":"ListItem","position":1,"name":"Home","item":"https:\/\/www.accuratereviews.com\/it\/"},{"@type":"ListItem","position":2,"name":"Analisi Marketing","item":"https:\/\/www.accuratereviews.com\/it\/analisi-marketing\/"},{"@type":"ListItem","position":3,"name":"Marketo"}]},{"@type":"WebSite","@id":"https:\/\/www.accuratereviews.com\/it\/#website","url":"https:\/\/www.accuratereviews.com\/it\/","name":"Accurate Reviews","description":"","potentialAction":[{"@type":"SearchAction","target":{"@type":"EntryPoint","urlTemplate":"https:\/\/www.accuratereviews.com\/it\/?s={search_term_string}"},"query-input":{"@type":"PropertyValueSpecification","valueRequired":true,"valueName":"search_term_string"}}],"inLanguage":"it-IT"}]}},"_links":{"self":[{"href":"https:\/\/www.accuratereviews.com\/it\/wp-json\/wp\/v2\/pages\/20434","targetHints":{"allow":["GET"]}}],"collection":[{"href":"https:\/\/www.accuratereviews.com\/it\/wp-json\/wp\/v2\/pages"}],"about":[{"href":"https:\/\/www.accuratereviews.com\/it\/wp-json\/wp\/v2\/types\/page"}],"author":[{"embeddable":true,"href":"https:\/\/www.accuratereviews.com\/it\/wp-json\/wp\/v2\/users\/19"}],"replies":[{"embeddable":true,"href":"https:\/\/www.accuratereviews.com\/it\/wp-json\/wp\/v2\/comments?post=20434"}],"version-history":[{"count":5,"href":"https:\/\/www.accuratereviews.com\/it\/wp-json\/wp\/v2\/pages\/20434\/revisions"}],"predecessor-version":[{"id":42222,"href":"https:\/\/www.accuratereviews.com\/it\/wp-json\/wp\/v2\/pages\/20434\/revisions\/42222"}],"up":[{"embeddable":true,"href":"https:\/\/www.accuratereviews.com\/it\/wp-json\/wp\/v2\/pages\/20408"}],"wp:featuredmedia":[{"embeddable":true,"href":"https:\/\/www.accuratereviews.com\/it\/wp-json\/wp\/v2\/media\/20437"}],"wp:attachment":[{"href":"https:\/\/www.accuratereviews.com\/it\/wp-json\/wp\/v2\/media?parent=20434"}],"wp:term":[{"taxonomy":"category","embeddable":true,"href":"https:\/\/www.accuratereviews.com\/it\/wp-json\/wp\/v2\/categories?post=20434"},{"taxonomy":"post_tag","embeddable":true,"href":"https:\/\/www.accuratereviews.com\/it\/wp-json\/wp\/v2\/tags?post=20434"},{"taxonomy":"features","embeddable":true,"href":"https:\/\/www.accuratereviews.com\/it\/wp-json\/wp\/v2\/features?post=20434"}],"curies":[{"name":"wp","href":"https:\/\/api.w.org\/{rel}","templated":true}]}}