{"id":20458,"date":"2019-11-22T13:30:53","date_gmt":"2019-11-22T13:30:53","guid":{"rendered":"https:\/\/www.accuratereviews.com\/?page_id=20458"},"modified":"2021-05-07T14:29:53","modified_gmt":"2021-05-07T14:29:53","slug":"smartlook-recensione","status":"publish","type":"page","link":"https:\/\/www.accuratereviews.com\/it\/analisi-marketing\/smartlook-recensione\/","title":{"rendered":"Smartlook"},"content":{"rendered":"<p><strong>Smartlook<\/strong> \u00e8 un<strong> software di ottimizzazione del tasso di conversione<\/strong> specializzato nella fornitura di analisi qualitative. Funzionalit\u00e0 come il monitoraggio degli eventi e la registrazione delle sessioni mostrano l&#8217;attivit\u00e0 dei comportamenti del tuo sito. Queste informazioni ti aiutano a comprendere il comportamento online dei tuoi clienti sul tuo sito web e sulla tua app mobile.\u00a0Smartlook ha quattro caratteristiche principali: registrazioni dei visitatori, mappe di calore dei clic, tracciamento degli eventi e canalizzazioni. Puoi visualizzare registrazioni video reali delle sessioni dei tuoi utenti per vedere come interagiscono con il tuo sito web e guardare i replay per aiutare a rivelare errori e mostrare aree di miglioramento.\u00a0Il software offre una integrazione con dozzine di app e servizi aziendali esterni, offrendo una piattaforma completamente estensibile.<\/p>\n<h2>SMARTLOOK &#8211; TUTORIAL<\/h2>\n<p>Ecco un tutorial per capire meglio le principali funzioni di questo software:<\/p>\n<div id=\"fluid-wrapper-counter-1\" class=\"g1-fluid-wrapper \" style=\"width:686px;\">\n<div style=\"padding-bottom:56.268221574344%;\"><iframe loading=\"lazy\" title=\"What&#039;s New at Smartlook: Events Updates\" width=\"686\" height=\"386\" src=\"https:\/\/www.youtube.com\/embed\/5PCE3V9Vwx4?feature=oembed&amp;wmode=transparent&amp;autohide=1&amp;autoplay=0&amp;disablekb=0&amp;fs=1&amp;loop=0&amp;enablejsapi=1&amp;rel=0&amp;controls=2&amp;showinfo=0&amp;wmode=transparent&amp;autohide=2&amp;autoplay=0&amp;disablekb=0&amp;fs=1&amp;loop=0&amp;enablejsapi=1&amp;rel=0&amp;controls=2&amp;showinfo=1\" frameborder=\"0\" allow=\"accelerometer; autoplay; encrypted-media; gyroscope; picture-in-picture\" allowfullscreen><\/iframe><\/div>\n<\/div>\n<h3>SMARTLOOK &#8211; CARATTERISTICHE<\/h3>\n<ul>\n<li><strong>Dashboard personalizzabile<\/strong>: visualizza le informazioni pi\u00f9 importanti tutte in un unico posto. Scegli quali eventi, canalizzazioni e statistiche desideri visualizzare e riproduci le registrazioni correlate direttamente dalla tua dashboard<\/li>\n<li><strong>Rapporti via email per eventi e canalizzazioni<\/strong>: scopri come le prestazioni di una canalizzazione (o di un evento) cambiano su base settimanale<\/li>\n<li><strong>Errori JavaScript<\/strong>: guarda i replay con errori JavaScript che compaiono nella console. Puoi vedere cosa ha fatto un utente prima che si verificasse l&#8217;errore in modo da poterlo eliminare in pochissimo tempo<\/li>\n<li><strong>Avviso di anomalie<\/strong>: ricevi notifiche su cadute improvvise e aumenti degli errori JavaScript. Questo ti aiuta a individuare i problemi tecnici prima che danneggino la tua attivit\u00e0<\/li>\n<li><strong>Blocca la registrazione di qualsiasi indirizzo IP:<\/strong> filtra i tuoi messaggi in modo che il tuo team non distorca i dati<\/li>\n<li><strong>Conformit\u00e0 al GDPR in base alla progettazione<\/strong>:\u00a0L&#8217;impostazione predefinita di questo programma si occupa del GDPR in modo da non doverlo fare tu personalmente.<\/li>\n<\/ul>\n<h4>LE RECENSIONI DEGLI UTENTI<\/h4>\n<h4>Cynthia R &#8220;Smartlook per un po &#8216;di tempo&#8221;<\/h4>\n<p><strong>Commenti<\/strong>: Smartlook ha dato una nuova definizione alla gestione del tempo. Ci consente di risparmiare moltissimo tempo e lavorare in modo pi\u00f9 efficiente.<\/p>\n<p><strong>Vantaggi<\/strong>: Quindi stiamo usando Smartlook da un po &#8216;di tempo e ho sempre pensato che fosse un programma decente. Dopo aver attraversato un&#8217;intera stagione fiscale con quasi tutte le chiamate che utilizzano questo strumento, merita una seconda visione per cos\u00ec dire. Smartlook consente al supporto tecnico o agli agenti (nella mia azienda) di condividere schermate con i loro clienti. Possiamo vedere i loro movimenti del mouse, aiutarli a navigare tra le varie opzioni e caratteristiche e risolvere gli errori. Funziona facendo in modo che il cliente fornisca un codice indicato sul sito web e questo codice consente l&#8217;accesso al proprio schermo tramite Smartlook. Sia gli agenti che i clienti hanno fatto affidamento su Smartlook per ottenere il supporto di cui hanno bisogno e ottenerlo in modo tempestivo. Fa un mondo di differenza quando puoi vedere lo schermo, identificare il problema e risolverlo tutto in una volta piuttosto che impiegare minuti e ore preziosi cercando di descrivere cosa sta succedendo e un&#8217;altra ora cercando di descrivere come risolverlo.<\/p>\n<p><strong>Inconvenienti<\/strong>: L&#8217;unica cosa che posso dire che mi piace meno di questo software \u00e8 che puoi solo condividere lo schermo all&#8217;interno del sito web. A differenza di un&#8217;altra concorrenza, non \u00e8 possibile schermare lo schermo del computer completo dei clienti. Se un cliente desidera ridurre a icona una schermata in modo da poter vedere un documento sul proprio computer, ad esempio, non \u00e8 possibile. Nella mia linea di lavoro non \u00e8 affatto un affare perch\u00e9 la maggior parte del flusso di lavoro \u00e8 all&#8217;interno del sito web.<\/p>\n<h4><strong>M\u00e1rton P. &#8220;L&#8217;idea di come i nostri clienti utilizzano i nostri siti web \u00e8 geniale. Sono sempre molto entusiasta di rivedere.&#8221;<\/strong><\/h4>\n<p><strong>Vantaggi<\/strong>: ho individuato diversi errori di battitura e guasti sul mio sito solo guardando quello che i miei visitatori avevano visto. Fornisce la migliore comprensione anche del comportamento dei clienti, non \u00e8 paragonabile a qualsiasi altra cosa che stavo usando (analisi di google, registrazione del percorso). Ho scoperto un nuovo mondo con Smartview e non posso fare a meno di passare ore a riprodurre le registrazioni e controllare cosa stavano facendo i visitatori.<\/p>\n<p><strong>Inconvenienti<\/strong>: su uno smartphone il pannello di destra (che offre altre registrazioni se lo stesso visitatore) occupa una notevole quantit\u00e0 di spazio e richiede troppi clic e uno zoom preciso per nasconderlo. Sarebbe meglio essere in grado di spegnerlo dalle impostazioni del profilo (o semplicemente disattivarlo per il pacchetto gratuito)<br \/>\nPeccato che non esiste alcuna opzione per filtrare la registrazione da diretta (non Facebook, Google ecc.), Poich\u00e9 queste informazioni non sono visibili anche nell&#8217;elenco degli smartphone<\/p>\n<p><strong>Laura V. &#8220;Miscela perfetta di analisi qualitative e quantitative per misurare il nostro prodotto&#8221;<\/strong><\/p>\n<p><strong>Vantaggi<\/strong>: Smartlook \u00e8 la miscela perfetta di analisi qualitative e quantitative per il nostro team di prodotti. Ci ha fornito una nuova prospettiva sul modo in cui gli utenti stanno sperimentando il nostro prodotto, dalla velocit\u00e0 con cui gli utenti possono raggiungere gli obiettivi chiave, a come appare il nostro prodotto su tutti i tipi di risoluzioni strane e meravigliose. Il vero potere di Smartlook deriva dal modo in cui acquisisce tutti gli eventi che si verificano e quindi consente di cercare senza soluzione di continuit\u00e0 in tutti gli eventi passati. Puoi anche utilizzare questi eventi nelle canalizzazioni e analizzare dove i tuoi utenti escono dai flussi di lavoro chiave. Dato che tutti gli eventi vengono tracciati automaticamente, possiamo chiederci &#8220;Mi chiedo quanti utenti abbiano utilizzato questa funzione da quando \u00e8 stata lanciata?&#8221; e ottieni risposte immediate cercando gli eventi preregistrati. \u00c8 davvero strabiliante! E, ultimo ma non meno importante, il team di supporto di Smartlook era INCREDIBILE! Il nostro prodotto utilizza alcuni attributi di layout che il registratore Smartlook non ha inizialmente acquisito correttamente. Il team Smartlook ha lavorato con noi per 2 giorni per risolvere rapidamente il problema a supporto del nostro caso d&#8217;uso e ora funziona perfettamente.<\/p>\n<p><strong>Inconvenienti<\/strong>: Non c&#8217;\u00e8 nulla che non mi piaccia su Smartlook, anche se non vedo l&#8217;ora di una maggiore flessibilit\u00e0 nell&#8217;inserimento di grafici di eventi in pila (in cui sto confrontando pi\u00f9 eventi) come una singola dashboard. Ci\u00f2 renderebbe il monitoraggio delle nostre metriche chiave estremamente fluido. Principalmente sono solo entusiasta di vedere dove prendono il prodotto!<\/p>\n<p>&nbsp;<\/p>\n","protected":false},"excerpt":{"rendered":"<p>Smartlook \u00e8 un software di ottimizzazione del tasso di conversione specializzato nella fornitura di analisi qualitative. Funzionalit\u00e0 come il monitoraggio degli eventi e la registrazione delle sessioni mostrano l&#8217;attivit\u00e0 dei comportamenti del tuo sito. Queste informazioni ti aiutano a comprendere il comportamento online dei tuoi clienti sul tuo sito web e sulla tua app mobile.<\/p>\n","protected":false},"author":19,"featured_media":20460,"parent":20408,"menu_order":0,"comment_status":"open","ping_status":"closed","template":"g1_template_page_review_new.php","meta":{"_acf_changed":false,"cwp_meta_box_check":"Yes","cwp_rev_product_name":"","cwp_rev_product_image":"","wppr_links":[],"cwp_rev_price":"","wppr_options":[],"wppr_pros":[],"wppr_cons":[],"_monsterinsights_skip_tracking":false,"_monsterinsights_sitenote_active":false,"_monsterinsights_sitenote_note":"","_monsterinsights_sitenote_category":0,"footnotes":""},"categories":[1490],"tags":[1495,1503,1496,1505,1498,1504,1502],"features":[],"class_list":{"0":"post-20458","1":"page","2":"type-page","3":"status-publish","4":"has-post-thumbnail","6":"category-analisi-marketing","7":"tag-marketing-analytics-software","8":"tag-ottimizzazione-conversione","9":"tag-programma-analisi-marketing","10":"tag-smartlook","11":"tag-software-analisi-marketing","12":"tag-software-analisi-mercato","13":"tag-soluzioni-analisi-marketing"},"wppr_data":{"cwp_meta_box_check":"Yes","cwp_rev_product_name":"","cwp_rev_product_image":"","cwp_image_link":"image","cwp_rev_price":"","wppr_rating":"0.00"},"acf":[],"yoast_head":"<!-- This site is optimized with the Yoast SEO plugin v27.4 - https:\/\/yoast.com\/product\/yoast-seo-wordpress\/ -->\n<title>Smartlook: recensione software analisi marketing - Accurate Reviews<\/title>\n<meta name=\"description\" content=\"Smartlook: software di ottimizzazione del tasso di conversione specializzato nella fornitura di analisi qualitative che aiuta oltre 200.000 aziende.\" \/>\n<meta name=\"robots\" content=\"index, follow, max-snippet:-1, max-image-preview:large, max-video-preview:-1\" \/>\n<link rel=\"canonical\" href=\"https:\/\/www.accuratereviews.com\/it\/analisi-marketing\/smartlook-recensione\/\" \/>\n<meta property=\"og:locale\" content=\"it_IT\" \/>\n<meta property=\"og:type\" content=\"article\" \/>\n<meta property=\"og:title\" content=\"Smartlook: recensione software analisi marketing - Accurate Reviews\" \/>\n<meta property=\"og:description\" content=\"Smartlook: software di ottimizzazione del tasso di conversione specializzato nella fornitura di analisi qualitative che aiuta oltre 200.000 aziende.\" \/>\n<meta property=\"og:url\" content=\"https:\/\/www.accuratereviews.com\/it\/analisi-marketing\/smartlook-recensione\/\" \/>\n<meta property=\"og:site_name\" content=\"Accurate Reviews\" \/>\n<meta property=\"article:modified_time\" content=\"2021-05-07T14:29:53+00:00\" \/>\n<meta property=\"og:image\" content=\"https:\/\/www.accuratereviews.com\/wp-content\/uploads\/2019\/11\/smartlook.jpg\" \/>\n\t<meta property=\"og:image:width\" content=\"1280\" \/>\n\t<meta property=\"og:image:height\" content=\"720\" \/>\n\t<meta property=\"og:image:type\" content=\"image\/jpeg\" \/>\n<meta name=\"twitter:card\" content=\"summary_large_image\" \/>\n<meta name=\"twitter:label1\" content=\"Tempo di lettura stimato\" \/>\n\t<meta name=\"twitter:data1\" content=\"5 minuti\" \/>\n<script type=\"application\/ld+json\" class=\"yoast-schema-graph\">{\"@context\":\"https:\\\/\\\/schema.org\",\"@graph\":[{\"@type\":\"WebPage\",\"@id\":\"https:\\\/\\\/www.accuratereviews.com\\\/it\\\/analisi-marketing\\\/smartlook-recensione\\\/\",\"url\":\"https:\\\/\\\/www.accuratereviews.com\\\/it\\\/analisi-marketing\\\/smartlook-recensione\\\/\",\"name\":\"Smartlook: recensione software analisi marketing - Accurate Reviews\",\"isPartOf\":{\"@id\":\"https:\\\/\\\/www.accuratereviews.com\\\/it\\\/#website\"},\"primaryImageOfPage\":{\"@id\":\"https:\\\/\\\/www.accuratereviews.com\\\/it\\\/analisi-marketing\\\/smartlook-recensione\\\/#primaryimage\"},\"image\":{\"@id\":\"https:\\\/\\\/www.accuratereviews.com\\\/it\\\/analisi-marketing\\\/smartlook-recensione\\\/#primaryimage\"},\"thumbnailUrl\":\"https:\\\/\\\/www.accuratereviews.com\\\/wp-content\\\/uploads\\\/2019\\\/11\\\/smartlook.jpg\",\"datePublished\":\"2019-11-22T13:30:53+00:00\",\"dateModified\":\"2021-05-07T14:29:53+00:00\",\"description\":\"Smartlook: software di ottimizzazione del tasso di conversione specializzato nella fornitura di analisi qualitative che aiuta oltre 200.000 aziende.\",\"breadcrumb\":{\"@id\":\"https:\\\/\\\/www.accuratereviews.com\\\/it\\\/analisi-marketing\\\/smartlook-recensione\\\/#breadcrumb\"},\"inLanguage\":\"it-IT\",\"potentialAction\":[{\"@type\":\"ReadAction\",\"target\":[\"https:\\\/\\\/www.accuratereviews.com\\\/it\\\/analisi-marketing\\\/smartlook-recensione\\\/\"]}]},{\"@type\":\"ImageObject\",\"inLanguage\":\"it-IT\",\"@id\":\"https:\\\/\\\/www.accuratereviews.com\\\/it\\\/analisi-marketing\\\/smartlook-recensione\\\/#primaryimage\",\"url\":\"https:\\\/\\\/www.accuratereviews.com\\\/wp-content\\\/uploads\\\/2019\\\/11\\\/smartlook.jpg\",\"contentUrl\":\"https:\\\/\\\/www.accuratereviews.com\\\/wp-content\\\/uploads\\\/2019\\\/11\\\/smartlook.jpg\",\"width\":1280,\"height\":720},{\"@type\":\"BreadcrumbList\",\"@id\":\"https:\\\/\\\/www.accuratereviews.com\\\/it\\\/analisi-marketing\\\/smartlook-recensione\\\/#breadcrumb\",\"itemListElement\":[{\"@type\":\"ListItem\",\"position\":1,\"name\":\"Home\",\"item\":\"https:\\\/\\\/www.accuratereviews.com\\\/it\\\/\"},{\"@type\":\"ListItem\",\"position\":2,\"name\":\"Analisi Marketing\",\"item\":\"https:\\\/\\\/www.accuratereviews.com\\\/it\\\/analisi-marketing\\\/\"},{\"@type\":\"ListItem\",\"position\":3,\"name\":\"Smartlook\"}]},{\"@type\":\"WebSite\",\"@id\":\"https:\\\/\\\/www.accuratereviews.com\\\/it\\\/#website\",\"url\":\"https:\\\/\\\/www.accuratereviews.com\\\/it\\\/\",\"name\":\"Accurate Reviews\",\"description\":\"\",\"potentialAction\":[{\"@type\":\"SearchAction\",\"target\":{\"@type\":\"EntryPoint\",\"urlTemplate\":\"https:\\\/\\\/www.accuratereviews.com\\\/it\\\/?s={search_term_string}\"},\"query-input\":{\"@type\":\"PropertyValueSpecification\",\"valueRequired\":true,\"valueName\":\"search_term_string\"}}],\"inLanguage\":\"it-IT\"}]}<\/script>\n<!-- \/ Yoast SEO plugin. -->","yoast_head_json":{"title":"Smartlook: recensione software analisi marketing - Accurate Reviews","description":"Smartlook: software di ottimizzazione del tasso di conversione specializzato nella fornitura di analisi qualitative che aiuta oltre 200.000 aziende.","robots":{"index":"index","follow":"follow","max-snippet":"max-snippet:-1","max-image-preview":"max-image-preview:large","max-video-preview":"max-video-preview:-1"},"canonical":"https:\/\/www.accuratereviews.com\/it\/analisi-marketing\/smartlook-recensione\/","og_locale":"it_IT","og_type":"article","og_title":"Smartlook: recensione software analisi marketing - Accurate Reviews","og_description":"Smartlook: software di ottimizzazione del tasso di conversione specializzato nella fornitura di analisi qualitative che aiuta oltre 200.000 aziende.","og_url":"https:\/\/www.accuratereviews.com\/it\/analisi-marketing\/smartlook-recensione\/","og_site_name":"Accurate Reviews","article_modified_time":"2021-05-07T14:29:53+00:00","og_image":[{"width":1280,"height":720,"url":"https:\/\/www.accuratereviews.com\/wp-content\/uploads\/2019\/11\/smartlook.jpg","type":"image\/jpeg"}],"twitter_card":"summary_large_image","twitter_misc":{"Tempo di lettura stimato":"5 minuti"},"schema":{"@context":"https:\/\/schema.org","@graph":[{"@type":"WebPage","@id":"https:\/\/www.accuratereviews.com\/it\/analisi-marketing\/smartlook-recensione\/","url":"https:\/\/www.accuratereviews.com\/it\/analisi-marketing\/smartlook-recensione\/","name":"Smartlook: recensione software analisi marketing - Accurate Reviews","isPartOf":{"@id":"https:\/\/www.accuratereviews.com\/it\/#website"},"primaryImageOfPage":{"@id":"https:\/\/www.accuratereviews.com\/it\/analisi-marketing\/smartlook-recensione\/#primaryimage"},"image":{"@id":"https:\/\/www.accuratereviews.com\/it\/analisi-marketing\/smartlook-recensione\/#primaryimage"},"thumbnailUrl":"https:\/\/www.accuratereviews.com\/wp-content\/uploads\/2019\/11\/smartlook.jpg","datePublished":"2019-11-22T13:30:53+00:00","dateModified":"2021-05-07T14:29:53+00:00","description":"Smartlook: software di ottimizzazione del tasso di conversione specializzato nella fornitura di analisi qualitative che aiuta oltre 200.000 aziende.","breadcrumb":{"@id":"https:\/\/www.accuratereviews.com\/it\/analisi-marketing\/smartlook-recensione\/#breadcrumb"},"inLanguage":"it-IT","potentialAction":[{"@type":"ReadAction","target":["https:\/\/www.accuratereviews.com\/it\/analisi-marketing\/smartlook-recensione\/"]}]},{"@type":"ImageObject","inLanguage":"it-IT","@id":"https:\/\/www.accuratereviews.com\/it\/analisi-marketing\/smartlook-recensione\/#primaryimage","url":"https:\/\/www.accuratereviews.com\/wp-content\/uploads\/2019\/11\/smartlook.jpg","contentUrl":"https:\/\/www.accuratereviews.com\/wp-content\/uploads\/2019\/11\/smartlook.jpg","width":1280,"height":720},{"@type":"BreadcrumbList","@id":"https:\/\/www.accuratereviews.com\/it\/analisi-marketing\/smartlook-recensione\/#breadcrumb","itemListElement":[{"@type":"ListItem","position":1,"name":"Home","item":"https:\/\/www.accuratereviews.com\/it\/"},{"@type":"ListItem","position":2,"name":"Analisi Marketing","item":"https:\/\/www.accuratereviews.com\/it\/analisi-marketing\/"},{"@type":"ListItem","position":3,"name":"Smartlook"}]},{"@type":"WebSite","@id":"https:\/\/www.accuratereviews.com\/it\/#website","url":"https:\/\/www.accuratereviews.com\/it\/","name":"Accurate Reviews","description":"","potentialAction":[{"@type":"SearchAction","target":{"@type":"EntryPoint","urlTemplate":"https:\/\/www.accuratereviews.com\/it\/?s={search_term_string}"},"query-input":{"@type":"PropertyValueSpecification","valueRequired":true,"valueName":"search_term_string"}}],"inLanguage":"it-IT"}]}},"_links":{"self":[{"href":"https:\/\/www.accuratereviews.com\/it\/wp-json\/wp\/v2\/pages\/20458","targetHints":{"allow":["GET"]}}],"collection":[{"href":"https:\/\/www.accuratereviews.com\/it\/wp-json\/wp\/v2\/pages"}],"about":[{"href":"https:\/\/www.accuratereviews.com\/it\/wp-json\/wp\/v2\/types\/page"}],"author":[{"embeddable":true,"href":"https:\/\/www.accuratereviews.com\/it\/wp-json\/wp\/v2\/users\/19"}],"replies":[{"embeddable":true,"href":"https:\/\/www.accuratereviews.com\/it\/wp-json\/wp\/v2\/comments?post=20458"}],"version-history":[{"count":10,"href":"https:\/\/www.accuratereviews.com\/it\/wp-json\/wp\/v2\/pages\/20458\/revisions"}],"predecessor-version":[{"id":42240,"href":"https:\/\/www.accuratereviews.com\/it\/wp-json\/wp\/v2\/pages\/20458\/revisions\/42240"}],"up":[{"embeddable":true,"href":"https:\/\/www.accuratereviews.com\/it\/wp-json\/wp\/v2\/pages\/20408"}],"wp:featuredmedia":[{"embeddable":true,"href":"https:\/\/www.accuratereviews.com\/it\/wp-json\/wp\/v2\/media\/20460"}],"wp:attachment":[{"href":"https:\/\/www.accuratereviews.com\/it\/wp-json\/wp\/v2\/media?parent=20458"}],"wp:term":[{"taxonomy":"category","embeddable":true,"href":"https:\/\/www.accuratereviews.com\/it\/wp-json\/wp\/v2\/categories?post=20458"},{"taxonomy":"post_tag","embeddable":true,"href":"https:\/\/www.accuratereviews.com\/it\/wp-json\/wp\/v2\/tags?post=20458"},{"taxonomy":"features","embeddable":true,"href":"https:\/\/www.accuratereviews.com\/it\/wp-json\/wp\/v2\/features?post=20458"}],"curies":[{"name":"wp","href":"https:\/\/api.w.org\/{rel}","templated":true}]}}