{"id":20470,"date":"2019-11-22T13:30:16","date_gmt":"2019-11-22T13:30:16","guid":{"rendered":"https:\/\/www.accuratereviews.com\/?page_id=20470"},"modified":"2021-05-07T14:18:45","modified_gmt":"2021-05-07T14:18:45","slug":"leadfeeder-recensione","status":"publish","type":"page","link":"https:\/\/www.accuratereviews.com\/it\/analisi-marketing\/leadfeeder-recensione\/","title":{"rendered":"Leadfeeder"},"content":{"rendered":"<p><strong>Leadfeeder<\/strong> \u00e8 un intuitivo <strong>software di monitoraggio dei visitatori<\/strong> del sito web che mira ad aiutare le aziende a generare vendite e ad aumentare il<strong> ROI di marketing<\/strong>. Scelto da rinomate aziende come <strong>Cision, Eventbrite e Capacent<\/strong>, questo strumento offre un solido set di funzionalit\u00e0 per la generazione di lead, report automatici, punteggio e filtro dei lead.\u00a0Utilizzando questo sistema, le aziende possono automaticamente classificare e filtrare i lead in base ai loro criteri preferiti.\u00a0Il programma sfrutta i dati di Google Analytics, il CRM e gli strumenti di email marketing per aiutarti a ottenere le informazioni pi\u00f9 accurate per le attivit\u00e0 di monitoraggio dei visitatori del tuo sito web. Gli utenti possono anche scegliere di estendere le sue capacit\u00e0 per ottimizzare il flusso di lavoro combinandolo con soluzioni come<strong> Zoho CRM, WebCRM, Pipedrive e Salesforce.<\/strong><\/p>\n<h2>LEADFEEDER &#8211; TUTORIAL<\/h2>\n<p>Questa guida ti mostrer\u00e0 le funzionalit\u00e0 di base e l&#8217;interfaccia utente dello strumento e mostrer\u00e0 come creare feed personalizzati:<\/p>\n<div id=\"fluid-wrapper-counter-1\" class=\"g1-fluid-wrapper \" style=\"width:686px;\">\n<div style=\"padding-bottom:56.268221574344%;\"><iframe loading=\"lazy\" title=\"Leadfeeder Starter Guide Tutorial\" width=\"686\" height=\"386\" src=\"https:\/\/www.youtube.com\/embed\/p5PpDgiqVbA?feature=oembed&amp;wmode=transparent&amp;autohide=1&amp;autoplay=0&amp;disablekb=0&amp;fs=1&amp;loop=0&amp;enablejsapi=1&amp;rel=0&amp;controls=2&amp;showinfo=0&amp;wmode=transparent&amp;autohide=2&amp;autoplay=0&amp;disablekb=0&amp;fs=1&amp;loop=0&amp;enablejsapi=1&amp;rel=0&amp;controls=2&amp;showinfo=1\" frameborder=\"0\" allow=\"accelerometer; autoplay; encrypted-media; gyroscope; picture-in-picture\" allowfullscreen><\/iframe><\/div>\n<\/div>\n<h3>LEADFEEDER &#8211; CARATTERISTICHE<\/h3>\n<ul>\n<li><strong>Invia lead al tuo CRM<\/strong>: il programma aggiorna automaticamente il tuo CRM quando un lead viene rivisitato<\/li>\n<li><strong>Ricevi avvisi email:<\/strong> la soluzione ti avviser\u00e0 via email quando la tua azienda viene visitata tramite il sito<\/li>\n<li><strong>Guarda cosa guardano<\/strong>: sapere quali pagine stanno visitando ti consente di seguire in modo efficace<\/li>\n<li><strong>Identificare i visitatori<\/strong>: scopri quali aziende e persone visitano il tuo sito web<\/li>\n<li><strong>Connettiti con Google Analytics:<\/strong> utilizza Google Analytics per generare lead di vendita gratuiti.<\/li>\n<\/ul>\n<h4>LE RECENSIONI DEGLI UTENTI<\/h4>\n<p><strong>Jay G &#8220;Leader nel fornire informazioni importanti !!!&#8221;<\/strong><\/p>\n<p><strong>Commenti<\/strong>: Uso Leadfeeder da diversi mesi. L&#8217;unico aspetto negativo che vorrei \u00e8 che sappiamo quale compagnia e quale sia l&#8217;indirizzo IP utilizzato dal visitatore, non abbiamo informazioni pertinenti per contattare una persona reale. Tuttavia, detto questo. Se sto discutendo di affari con un&#8217;azienda e loro sono ora sul nostro sito web per un lungo periodo di tempo, e posso vedere quali pagine hanno visitato, mi d\u00e0 una grande quantit\u00e0 di informazioni su quanto sia serio il mio potenziale cliente nel fare affari . Fornisce anche ottime informazioni sui miei concorrenti che visitano e posso avere una buona idea per i potenziali affari in un particolare verticale visualizzando diverse aziende che ci visitano nello stesso settore. Penso che il prodotto sia uno strumento prezioso.<\/p>\n<p><strong>Vantaggi<\/strong>: facilit\u00e0 d&#8217;uso<\/p>\n<p><strong>Inconvenienti<\/strong>: impossibile ottenere informazioni sui visitatori effettive<\/p>\n<p><strong>Henrik D. &#8220;Leadfeeder \u00e8 un ottimo strumento per la generazione di lead&#8221;<\/strong><\/p>\n<p><strong>Commenti<\/strong>: Stiamo usando Leadfeeder per vedere quali potenziali clienti stanno visitando il nostro sito web. Siamo una societ\u00e0 di mercato di nicchia B2B e vendiamo i nostri prodotti in tutto il mondo. \u00c8 davvero utile vedere quali potenziali clienti stanno visitando il nostro sito Web in modo da poter indirizzare le nostre vendite verso potenziali clienti. \u00c8 anche bello vedere chi sta visitando il nostro sito Web come follow-up su mostre, campagne ecc. Ci piace anche la panoramica per cliente che Leadfeeder consegna, quindi siamo in grado di vedere la cronologia completa delle loro visite al nostro sito Web. Mi piacerebbe ovviamente vedere quale persona ha visitato il nostro sito Web, ma forse un giorno &#8230;..<\/p>\n<p><strong>Vantaggi<\/strong>: semplicit\u00e0, facilit\u00e0 di installazione, panoramica completa della storia per cliente<\/p>\n<p><strong>Inconvenienti<\/strong>: ci sono stati periodi con molto SPAM, ma \u00e8 migliorato molto<\/p>\n<p><strong>Clive R. &#8220;Esperienza senza scopo di lucro&#8221;<\/strong><\/p>\n<p><strong>Commenti<\/strong>: L&#8217;IT \u00e8 un prodotto piuttosto buono, ma non ne facciamo soldi e poich\u00e9 molte aziende interagiscono con noi, siamo gi\u00e0 tagliati circa il 10 del mese. Non ha assolutamente senso pagare di pi\u00f9 il servizio perch\u00e9 non ne ricaviamo soldi, ma vorrei poter vedere tutto, non solo 1\/3 delle aziende che ci visitano. Perch\u00e9 le informazioni sono principalmente aziende, ad esempio Microsoft. Non c&#8217;\u00e8 assolutamente modo di arrivare a un individuo. Per questo motivo \u00e8 inutile come strumento di vendita. Quindi, in quanto strumento di monitoraggio \/ esperienza utente, \u00e8 troppo costoso. La maggior parte delle persone che visitano il nostro sito Web sono alla ricerca di informazioni, non proprio per acquistare qualcosa. MA apprezzo Leadfeeder come strumento di uso limitato.<\/p>\n<p><strong>Vantaggi<\/strong>: puoi vedere chi (le aziende) stanno arrivando sul tuo sito.<\/p>\n<p><strong>Inconvenienti<\/strong>: non puoi collegarti alla persona che \u00e8 venuta. Vendiamo alle persone, non alle aziende. Pertanto NON \u00e8 un LEADFEEDER. L&#8217;IT \u00e8 uno strumento di tracciamento del percorso del cliente.<\/p>\n","protected":false},"excerpt":{"rendered":"<p>Leadfeeder \u00e8 un intuitivo software di monitoraggio dei visitatori del sito Web che mira ad aiutare le aziende a generare vendite e ad aumentare il ROI di marketing. Scelto da rinomate aziende come Cision, Eventbrite e Capacent, questo strumento offre un solido set di funzionalit\u00e0 per la generazione di lead, report automatici, punteggio e filtro dei lead.<\/p>\n","protected":false},"author":19,"featured_media":20475,"parent":20408,"menu_order":0,"comment_status":"open","ping_status":"closed","template":"g1_template_page_review_new.php","meta":{"_acf_changed":false,"cwp_meta_box_check":"No","cwp_rev_product_name":"","cwp_rev_product_image":"","wppr_links":[],"cwp_rev_price":"","wppr_options":[],"wppr_pros":[],"wppr_cons":[],"_monsterinsights_skip_tracking":false,"_monsterinsights_sitenote_active":false,"_monsterinsights_sitenote_note":"","_monsterinsights_sitenote_category":0,"footnotes":""},"categories":[1490],"tags":[1506,1495,1496,1497,1499,1507],"features":[],"class_list":{"0":"post-20470","1":"page","2":"type-page","3":"status-publish","4":"has-post-thumbnail","6":"category-analisi-marketing","7":"tag-leadfeeder","8":"tag-marketing-analytics-software","9":"tag-programma-analisi-marketing","10":"tag-software-analisi-di-mercato","11":"tag-soluzione-analisi-marketing","12":"tag-strumento-analisi-marketing"},"wppr_data":{"cwp_meta_box_check":"No"},"acf":[],"yoast_head":"<!-- This site is optimized with the Yoast SEO plugin v27.4 - https:\/\/yoast.com\/product\/yoast-seo-wordpress\/ -->\n<title>Leadfeeder - Accurate Reviews<\/title>\n<meta name=\"description\" content=\"Leadfeeder: recensione software di monitoraggio dei visitatori del sito che mira ad aiutare le aziende a generare vendite e aumentare il ROI di marketing.\" \/>\n<meta name=\"robots\" content=\"index, follow, max-snippet:-1, max-image-preview:large, max-video-preview:-1\" \/>\n<link rel=\"canonical\" href=\"https:\/\/www.accuratereviews.com\/it\/analisi-marketing\/leadfeeder-recensione\/\" \/>\n<meta property=\"og:locale\" content=\"it_IT\" \/>\n<meta property=\"og:type\" content=\"article\" \/>\n<meta property=\"og:title\" content=\"Leadfeeder - Accurate Reviews\" \/>\n<meta property=\"og:description\" content=\"Leadfeeder: recensione software di monitoraggio dei visitatori del sito che mira ad aiutare le aziende a generare vendite e aumentare il ROI di marketing.\" \/>\n<meta property=\"og:url\" content=\"https:\/\/www.accuratereviews.com\/it\/analisi-marketing\/leadfeeder-recensione\/\" \/>\n<meta property=\"og:site_name\" content=\"Accurate Reviews\" \/>\n<meta property=\"article:modified_time\" content=\"2021-05-07T14:18:45+00:00\" \/>\n<meta property=\"og:image\" content=\"https:\/\/www.accuratereviews.com\/wp-content\/uploads\/2019\/11\/Stt2t1K-.jpg\" \/>\n\t<meta property=\"og:image:width\" content=\"512\" \/>\n\t<meta property=\"og:image:height\" content=\"512\" \/>\n\t<meta property=\"og:image:type\" content=\"image\/jpeg\" \/>\n<meta name=\"twitter:card\" content=\"summary_large_image\" \/>\n<meta name=\"twitter:label1\" content=\"Tempo di lettura stimato\" \/>\n\t<meta name=\"twitter:data1\" content=\"3 minuti\" \/>\n<script type=\"application\/ld+json\" class=\"yoast-schema-graph\">{\"@context\":\"https:\\\/\\\/schema.org\",\"@graph\":[{\"@type\":\"WebPage\",\"@id\":\"https:\\\/\\\/www.accuratereviews.com\\\/it\\\/analisi-marketing\\\/leadfeeder-recensione\\\/\",\"url\":\"https:\\\/\\\/www.accuratereviews.com\\\/it\\\/analisi-marketing\\\/leadfeeder-recensione\\\/\",\"name\":\"Leadfeeder - Accurate Reviews\",\"isPartOf\":{\"@id\":\"https:\\\/\\\/www.accuratereviews.com\\\/it\\\/#website\"},\"primaryImageOfPage\":{\"@id\":\"https:\\\/\\\/www.accuratereviews.com\\\/it\\\/analisi-marketing\\\/leadfeeder-recensione\\\/#primaryimage\"},\"image\":{\"@id\":\"https:\\\/\\\/www.accuratereviews.com\\\/it\\\/analisi-marketing\\\/leadfeeder-recensione\\\/#primaryimage\"},\"thumbnailUrl\":\"https:\\\/\\\/www.accuratereviews.com\\\/wp-content\\\/uploads\\\/2019\\\/11\\\/Stt2t1K-.jpg\",\"datePublished\":\"2019-11-22T13:30:16+00:00\",\"dateModified\":\"2021-05-07T14:18:45+00:00\",\"description\":\"Leadfeeder: recensione software di monitoraggio dei visitatori del sito che mira ad aiutare le aziende a generare vendite e aumentare il ROI di marketing.\",\"breadcrumb\":{\"@id\":\"https:\\\/\\\/www.accuratereviews.com\\\/it\\\/analisi-marketing\\\/leadfeeder-recensione\\\/#breadcrumb\"},\"inLanguage\":\"it-IT\",\"potentialAction\":[{\"@type\":\"ReadAction\",\"target\":[\"https:\\\/\\\/www.accuratereviews.com\\\/it\\\/analisi-marketing\\\/leadfeeder-recensione\\\/\"]}]},{\"@type\":\"ImageObject\",\"inLanguage\":\"it-IT\",\"@id\":\"https:\\\/\\\/www.accuratereviews.com\\\/it\\\/analisi-marketing\\\/leadfeeder-recensione\\\/#primaryimage\",\"url\":\"https:\\\/\\\/www.accuratereviews.com\\\/wp-content\\\/uploads\\\/2019\\\/11\\\/Stt2t1K-.jpg\",\"contentUrl\":\"https:\\\/\\\/www.accuratereviews.com\\\/wp-content\\\/uploads\\\/2019\\\/11\\\/Stt2t1K-.jpg\",\"width\":512,\"height\":512},{\"@type\":\"BreadcrumbList\",\"@id\":\"https:\\\/\\\/www.accuratereviews.com\\\/it\\\/analisi-marketing\\\/leadfeeder-recensione\\\/#breadcrumb\",\"itemListElement\":[{\"@type\":\"ListItem\",\"position\":1,\"name\":\"Home\",\"item\":\"https:\\\/\\\/www.accuratereviews.com\\\/it\\\/\"},{\"@type\":\"ListItem\",\"position\":2,\"name\":\"Analisi Marketing\",\"item\":\"https:\\\/\\\/www.accuratereviews.com\\\/it\\\/analisi-marketing\\\/\"},{\"@type\":\"ListItem\",\"position\":3,\"name\":\"Leadfeeder\"}]},{\"@type\":\"WebSite\",\"@id\":\"https:\\\/\\\/www.accuratereviews.com\\\/it\\\/#website\",\"url\":\"https:\\\/\\\/www.accuratereviews.com\\\/it\\\/\",\"name\":\"Accurate Reviews\",\"description\":\"\",\"potentialAction\":[{\"@type\":\"SearchAction\",\"target\":{\"@type\":\"EntryPoint\",\"urlTemplate\":\"https:\\\/\\\/www.accuratereviews.com\\\/it\\\/?s={search_term_string}\"},\"query-input\":{\"@type\":\"PropertyValueSpecification\",\"valueRequired\":true,\"valueName\":\"search_term_string\"}}],\"inLanguage\":\"it-IT\"}]}<\/script>\n<!-- \/ Yoast SEO plugin. -->","yoast_head_json":{"title":"Leadfeeder - Accurate Reviews","description":"Leadfeeder: recensione software di monitoraggio dei visitatori del sito che mira ad aiutare le aziende a generare vendite e aumentare il ROI di marketing.","robots":{"index":"index","follow":"follow","max-snippet":"max-snippet:-1","max-image-preview":"max-image-preview:large","max-video-preview":"max-video-preview:-1"},"canonical":"https:\/\/www.accuratereviews.com\/it\/analisi-marketing\/leadfeeder-recensione\/","og_locale":"it_IT","og_type":"article","og_title":"Leadfeeder - Accurate Reviews","og_description":"Leadfeeder: recensione software di monitoraggio dei visitatori del sito che mira ad aiutare le aziende a generare vendite e aumentare il ROI di marketing.","og_url":"https:\/\/www.accuratereviews.com\/it\/analisi-marketing\/leadfeeder-recensione\/","og_site_name":"Accurate Reviews","article_modified_time":"2021-05-07T14:18:45+00:00","og_image":[{"width":512,"height":512,"url":"https:\/\/www.accuratereviews.com\/wp-content\/uploads\/2019\/11\/Stt2t1K-.jpg","type":"image\/jpeg"}],"twitter_card":"summary_large_image","twitter_misc":{"Tempo di lettura stimato":"3 minuti"},"schema":{"@context":"https:\/\/schema.org","@graph":[{"@type":"WebPage","@id":"https:\/\/www.accuratereviews.com\/it\/analisi-marketing\/leadfeeder-recensione\/","url":"https:\/\/www.accuratereviews.com\/it\/analisi-marketing\/leadfeeder-recensione\/","name":"Leadfeeder - Accurate Reviews","isPartOf":{"@id":"https:\/\/www.accuratereviews.com\/it\/#website"},"primaryImageOfPage":{"@id":"https:\/\/www.accuratereviews.com\/it\/analisi-marketing\/leadfeeder-recensione\/#primaryimage"},"image":{"@id":"https:\/\/www.accuratereviews.com\/it\/analisi-marketing\/leadfeeder-recensione\/#primaryimage"},"thumbnailUrl":"https:\/\/www.accuratereviews.com\/wp-content\/uploads\/2019\/11\/Stt2t1K-.jpg","datePublished":"2019-11-22T13:30:16+00:00","dateModified":"2021-05-07T14:18:45+00:00","description":"Leadfeeder: recensione software di monitoraggio dei visitatori del sito che mira ad aiutare le aziende a generare vendite e aumentare il ROI di marketing.","breadcrumb":{"@id":"https:\/\/www.accuratereviews.com\/it\/analisi-marketing\/leadfeeder-recensione\/#breadcrumb"},"inLanguage":"it-IT","potentialAction":[{"@type":"ReadAction","target":["https:\/\/www.accuratereviews.com\/it\/analisi-marketing\/leadfeeder-recensione\/"]}]},{"@type":"ImageObject","inLanguage":"it-IT","@id":"https:\/\/www.accuratereviews.com\/it\/analisi-marketing\/leadfeeder-recensione\/#primaryimage","url":"https:\/\/www.accuratereviews.com\/wp-content\/uploads\/2019\/11\/Stt2t1K-.jpg","contentUrl":"https:\/\/www.accuratereviews.com\/wp-content\/uploads\/2019\/11\/Stt2t1K-.jpg","width":512,"height":512},{"@type":"BreadcrumbList","@id":"https:\/\/www.accuratereviews.com\/it\/analisi-marketing\/leadfeeder-recensione\/#breadcrumb","itemListElement":[{"@type":"ListItem","position":1,"name":"Home","item":"https:\/\/www.accuratereviews.com\/it\/"},{"@type":"ListItem","position":2,"name":"Analisi Marketing","item":"https:\/\/www.accuratereviews.com\/it\/analisi-marketing\/"},{"@type":"ListItem","position":3,"name":"Leadfeeder"}]},{"@type":"WebSite","@id":"https:\/\/www.accuratereviews.com\/it\/#website","url":"https:\/\/www.accuratereviews.com\/it\/","name":"Accurate Reviews","description":"","potentialAction":[{"@type":"SearchAction","target":{"@type":"EntryPoint","urlTemplate":"https:\/\/www.accuratereviews.com\/it\/?s={search_term_string}"},"query-input":{"@type":"PropertyValueSpecification","valueRequired":true,"valueName":"search_term_string"}}],"inLanguage":"it-IT"}]}},"_links":{"self":[{"href":"https:\/\/www.accuratereviews.com\/it\/wp-json\/wp\/v2\/pages\/20470","targetHints":{"allow":["GET"]}}],"collection":[{"href":"https:\/\/www.accuratereviews.com\/it\/wp-json\/wp\/v2\/pages"}],"about":[{"href":"https:\/\/www.accuratereviews.com\/it\/wp-json\/wp\/v2\/types\/page"}],"author":[{"embeddable":true,"href":"https:\/\/www.accuratereviews.com\/it\/wp-json\/wp\/v2\/users\/19"}],"replies":[{"embeddable":true,"href":"https:\/\/www.accuratereviews.com\/it\/wp-json\/wp\/v2\/comments?post=20470"}],"version-history":[{"count":10,"href":"https:\/\/www.accuratereviews.com\/it\/wp-json\/wp\/v2\/pages\/20470\/revisions"}],"predecessor-version":[{"id":42218,"href":"https:\/\/www.accuratereviews.com\/it\/wp-json\/wp\/v2\/pages\/20470\/revisions\/42218"}],"up":[{"embeddable":true,"href":"https:\/\/www.accuratereviews.com\/it\/wp-json\/wp\/v2\/pages\/20408"}],"wp:featuredmedia":[{"embeddable":true,"href":"https:\/\/www.accuratereviews.com\/it\/wp-json\/wp\/v2\/media\/20475"}],"wp:attachment":[{"href":"https:\/\/www.accuratereviews.com\/it\/wp-json\/wp\/v2\/media?parent=20470"}],"wp:term":[{"taxonomy":"category","embeddable":true,"href":"https:\/\/www.accuratereviews.com\/it\/wp-json\/wp\/v2\/categories?post=20470"},{"taxonomy":"post_tag","embeddable":true,"href":"https:\/\/www.accuratereviews.com\/it\/wp-json\/wp\/v2\/tags?post=20470"},{"taxonomy":"features","embeddable":true,"href":"https:\/\/www.accuratereviews.com\/it\/wp-json\/wp\/v2\/features?post=20470"}],"curies":[{"name":"wp","href":"https:\/\/api.w.org\/{rel}","templated":true}]}}