{"id":20489,"date":"2019-11-25T16:57:31","date_gmt":"2019-11-25T16:57:31","guid":{"rendered":"https:\/\/www.accuratereviews.com\/?page_id=20489"},"modified":"2021-05-07T14:01:41","modified_gmt":"2021-05-07T14:01:41","slug":"insightsquared-recensione","status":"publish","type":"page","link":"https:\/\/www.accuratereviews.com\/it\/analisi-marketing\/insightsquared-recensione\/","title":{"rendered":"InsightSquared"},"content":{"rendered":"<p><strong>InsightSquared<\/strong> \u00e8 una suite che offre una serie di funzionalit\u00e0 di <strong>analisi e reportistica aziendale<\/strong> per misurare tutti gli aspetti della tua attivit\u00e0, inclusi marketing, vendite, assistenza clienti, aspetti finanziari e personale. Le funzionalit\u00e0 di analisi delle vendite dell&#8217;app forniscono un&#8217;analisi approfondita della pipeline di vendita, coprendo le previsioni di vendita e l&#8217;identificazione retrospettiva dell&#8217;andamento. I report di analisi delle vendite possono anche essere utilizzati per misurare i risultati e i successi dei dipendenti. Possono essere combinati con informazioni di <strong>analisi di marketing<\/strong> per identificare le fonti dei lead, tenere traccia della loro generazione e misurare i risultati della campagna. <strong>InsightSquared<\/strong> offre anche una serie di report finanziari, assistenza clienti e analisi del personale.<\/p>\n<h2>INSIGHTSQUARED &#8211; TUTORIAL<\/h2>\n<p>Guarda questo video, il quale ti aiuter\u00e0 a familiarizzare con i rapporti e la navigazione su questo <strong>marketing analytics software:<\/strong><\/p>\n<div id=\"fluid-wrapper-counter-1\" class=\"g1-fluid-wrapper \" style=\"width:686px;\">\n<div style=\"padding-bottom:56.268221574344%;\"><iframe loading=\"lazy\" title=\"Getting Started with InsightSquared - Staffing &amp; Recruiting\" width=\"686\" height=\"386\" src=\"https:\/\/www.youtube.com\/embed\/1Y31WNVjl6w?feature=oembed&amp;wmode=transparent&amp;autohide=1&amp;autoplay=0&amp;disablekb=0&amp;fs=1&amp;loop=0&amp;enablejsapi=1&amp;rel=0&amp;controls=2&amp;showinfo=0&amp;wmode=transparent&amp;autohide=2&amp;autoplay=0&amp;disablekb=0&amp;fs=1&amp;loop=0&amp;enablejsapi=1&amp;rel=0&amp;controls=2&amp;showinfo=1\" frameborder=\"0\" allow=\"accelerometer; autoplay; encrypted-media; gyroscope; picture-in-picture\" allowfullscreen><\/iframe><\/div>\n<\/div>\n<h3>INSIGHTSQUARED &#8211; CARATTERISTICHE<\/h3>\n<ul>\n<li><strong>Previsione delle vendite<\/strong>: previsioni basate sui dati che si adattano alle variazioni delle percentuali di vincita e ai cicli di vendita dei rappresentanti; prenotazioni periodiche e analisi dei tassi di push a livello di rappresentante<\/li>\n<li><strong>Pipeline Analytics<\/strong>: pipeline storica nel tempo, strumenti di revisione della pipeline, analisi di afflusso \/ deflusso della pipeline, altro ancora<\/li>\n<li><strong>Activity Analytics<\/strong>: attivit\u00e0 per rappresentante e per account nel tempo, confronto vs obiettivi, rapporti da attivit\u00e0 a attivit\u00e0<\/li>\n<li><strong>Analisi dei risultati<\/strong>: analisi vinte \/ perse, canalizzazioni di vendita per azienda e per rappresentante, prenotazioni contro obiettivi e altro ancora<\/li>\n<li><strong>Analisi della precisione delle previsioni<\/strong>: chiamate e tracciamento manuale delle previsioni, analisi della precisione delle previsioni tra rappresentanti e team<\/li>\n<li><strong>Gestione della domanda<\/strong>: quantit\u00e0 di generazione della domanda, qualit\u00e0, canalizzazione di conversione da lead, a opp, per chiudere, tassi di conversione nel tempo, tempo di conversione medio in ogni fase di lead e aderenza al follow-up degli SLA di vendita<\/li>\n<li><strong>Attribuzione del marketing<\/strong>: impatto del marketing sulla pipeline e sulle entrate, confronta i modelli di attribuzione di primo tocco, ultimo tocco e multi-tocco o personalizza per adattarsi al tuo processo unico<\/li>\n<li><strong>Pianificazione e analisi<\/strong>: rendimento del traffico del sito Web, rendimento della posta elettronica, dati di conversione storici, dati sulla fonte principale, compresa la creazione di opportunit\u00e0 e offerte concluse, e previsioni di conversione<\/li>\n<\/ul>\n<h4><strong>LE RECENSIONI DEGLI UTENTI<\/strong><\/h4>\n<h4>Christian P. &#8220;Insight Squared: prezioso per la gestione della crescita rapida&#8221;<\/h4>\n<p><strong>Vantaggi<\/strong>: Insight Squared \u00e8 una squadra reattiva e agile che mi ha impressionato in ogni aspetto. Il loro team di vendita, il loro team di successo del cliente e il team di ingegneri hanno creato per me momenti &#8220;strabilianti&#8221;. Il mio flusso di lavoro recente preferito &#8230; osservando le tendenze di crescita per dipendente o territorio in tempi diversi (trimestre, YTD, ecc.) E quindi con un clic di un pulsante \u00e8 possibile confrontare questa crescita con lo stesso periodo dell&#8217;anno scorso. Rende le mie riunioni di vendita, riunioni Exec e riunioni del Consiglio altamente informative. Grazie Insight Squared Team. Continuate cos\u00ec. Sono un fan &#8230; un grande.<br \/>\n<strong>Inconvenienti<\/strong>: ho notato che quando chiudiamo un accordo in SF ci vogliono circa 15 minuti per registrare le transazioni. Sono sicuro che ha qualcosa a che fare con la limitazione delle API, quindi non sacrificare le prestazioni, ma sarebbe bello avere un pulsante &#8220;aggiorna&#8221; che potremmo premere in modo da non impiegare cos\u00ec tanto tempo. Piccola richiesta &#8230; non DEVE.<br \/>\nConsigli ad altri acquirenti: chiediti quali rapporti chiave e set di dati utilizzi in un normale giorno \/ settimana o mese per comprendere la tua attivit\u00e0 e informare \/ ispirare il tuo team. Quindi osserva Insight Squared e confronta ci\u00f2 che hai a portata di mano. Suppongo che ti renderai presto conto che i rapporti che ti hanno richiesto ore o un membro del team per prepararsi sono ora a portata di clic in qualsiasi momento. In conclusione: se stai navigando in un&#8217;azienda di software in rapida crescita &#8230; licenza Insight Squared. Il ROI sar\u00e0 nello stesso trimestre.<\/p>\n<h4>Jacco D. &#8220;InsightSquared informa il nostro migliore processo decisionale&#8221;<\/h4>\n<p><strong>Commenti<\/strong>: InsightSquared \u00e8 stata una soluzione molto utile per il nostro team di vendita e gestione per capire cosa stiamo facendo e come possiamo fare meglio.<\/p>\n<p><strong>Vantaggi<\/strong>: InsightSquared sa cosa si preoccupa un&#8217;organizzazione commerciale e fornisce tali dati in modo utile per accedere ai report e ottenere approfondimenti. Per ogni caso di utilizzo del nostro team di vendita \u00e8 disponibile un report e, a questo punto, \u00e8 la soluzione ideale per i manager e persino i dirigenti in caso di domande su attivit\u00e0 di vendita, prestazioni e risultati.<\/p>\n<p><strong>Inconvenienti<\/strong>: nessun aspetto negativo su InsightSquared, \u00e8 diventato parte della nostra conversazione e organizzazione delle vendite.<\/p>\n<h4>Kat L. &#8220;Robusto!&#8221;<\/h4>\n<p><strong>Commenti<\/strong>: buon servizio clienti &#8211; molto rapido!<\/p>\n<p><strong>Vantaggi<\/strong>: InsightSquared \u00e8 un punto di svolta per le agenzie di personale. \u00c8 incredibilmente robusto! Lo usiamo per tenere traccia delle nostre statistiche, KPI e persino le statistiche per rinforzare i nostri materiali di marketing.<\/p>\n<p><strong>Inconvenienti<\/strong>: pu\u00f2 essere un po &#8216;difficile da usare se non hai una formazione approfondita, e anche allora il sistema \u00e8 cos\u00ec robusto che \u00e8 difficile diventare un esperto.<\/p>\n","protected":false},"excerpt":{"rendered":"<p>InsightSquared \u00e8 una suite che offre una serie di funzionalit\u00e0 di analisi e reportistica aziendale per misurare tutti gli aspetti della tua attivit\u00e0, inclusi marketing, vendite, assistenza clienti, aspetti finanziari e personale. Le funzionalit\u00e0 di analisi delle vendite dell&#8217;app forniscono un&#8217;analisi approfondita della pipeline di vendita, coprendo le previsioni di vendita e l&#8217;identificazione retrospettiva dell&#8217;andamento.<\/p>\n","protected":false},"author":19,"featured_media":20496,"parent":20408,"menu_order":0,"comment_status":"open","ping_status":"closed","template":"g1_template_page_review_new.php","meta":{"_acf_changed":false,"cwp_meta_box_check":"Yes","cwp_rev_product_name":"","cwp_rev_product_image":"","wppr_links":[],"cwp_rev_price":"","wppr_options":[],"wppr_pros":[],"wppr_cons":[],"_monsterinsights_skip_tracking":false,"_monsterinsights_sitenote_active":false,"_monsterinsights_sitenote_note":"","_monsterinsights_sitenote_category":0,"footnotes":""},"categories":[1490],"tags":[1508,1510,1495,1509,1496,1497,1499],"features":[],"class_list":{"0":"post-20489","1":"page","2":"type-page","3":"status-publish","4":"has-post-thumbnail","6":"category-analisi-marketing","7":"tag-analisi-di-mercato","8":"tag-insightsquared","9":"tag-marketing-analytics-software","10":"tag-programma-analisi-di-mercato","11":"tag-programma-analisi-marketing","12":"tag-software-analisi-di-mercato","13":"tag-soluzione-analisi-marketing"},"wppr_data":{"cwp_meta_box_check":"Yes","cwp_rev_product_name":"","cwp_rev_product_image":"","cwp_image_link":"image","cwp_rev_price":"","wppr_rating":"0.00"},"acf":[],"yoast_head":"<!-- This site is optimized with the Yoast SEO plugin v27.4 - https:\/\/yoast.com\/product\/yoast-seo-wordpress\/ -->\n<title>InsightSquared: recensione software analisi marketing - Accurate Reviews<\/title>\n<meta name=\"description\" content=\"InsightSquared: recensione suite che offre una serie di funzionalit\u00e0 di analisi e reportistica aziendale per misurare tutti gli aspetti della tua attivit\u00e0.\" \/>\n<meta name=\"robots\" content=\"index, follow, max-snippet:-1, max-image-preview:large, max-video-preview:-1\" \/>\n<link rel=\"canonical\" href=\"https:\/\/www.accuratereviews.com\/it\/analisi-marketing\/insightsquared-recensione\/\" \/>\n<meta property=\"og:locale\" content=\"it_IT\" \/>\n<meta property=\"og:type\" content=\"article\" \/>\n<meta property=\"og:title\" content=\"InsightSquared: recensione software analisi marketing - Accurate Reviews\" \/>\n<meta property=\"og:description\" content=\"InsightSquared: recensione suite che offre una serie di funzionalit\u00e0 di analisi e reportistica aziendale per misurare tutti gli aspetti della tua attivit\u00e0.\" \/>\n<meta property=\"og:url\" content=\"https:\/\/www.accuratereviews.com\/it\/analisi-marketing\/insightsquared-recensione\/\" \/>\n<meta property=\"og:site_name\" content=\"Accurate Reviews\" \/>\n<meta property=\"article:modified_time\" content=\"2021-05-07T14:01:41+00:00\" \/>\n<meta property=\"og:image\" content=\"https:\/\/www.accuratereviews.com\/wp-content\/uploads\/2019\/11\/InsightSquared-logo.png\" \/>\n\t<meta property=\"og:image:width\" content=\"900\" \/>\n\t<meta property=\"og:image:height\" content=\"600\" \/>\n\t<meta property=\"og:image:type\" content=\"image\/png\" \/>\n<meta name=\"twitter:card\" content=\"summary_large_image\" \/>\n<meta name=\"twitter:label1\" content=\"Tempo di lettura stimato\" \/>\n\t<meta name=\"twitter:data1\" content=\"4 minuti\" \/>\n<script type=\"application\/ld+json\" class=\"yoast-schema-graph\">{\"@context\":\"https:\\\/\\\/schema.org\",\"@graph\":[{\"@type\":\"WebPage\",\"@id\":\"https:\\\/\\\/www.accuratereviews.com\\\/it\\\/analisi-marketing\\\/insightsquared-recensione\\\/\",\"url\":\"https:\\\/\\\/www.accuratereviews.com\\\/it\\\/analisi-marketing\\\/insightsquared-recensione\\\/\",\"name\":\"InsightSquared: recensione software analisi marketing - Accurate Reviews\",\"isPartOf\":{\"@id\":\"https:\\\/\\\/www.accuratereviews.com\\\/it\\\/#website\"},\"primaryImageOfPage\":{\"@id\":\"https:\\\/\\\/www.accuratereviews.com\\\/it\\\/analisi-marketing\\\/insightsquared-recensione\\\/#primaryimage\"},\"image\":{\"@id\":\"https:\\\/\\\/www.accuratereviews.com\\\/it\\\/analisi-marketing\\\/insightsquared-recensione\\\/#primaryimage\"},\"thumbnailUrl\":\"https:\\\/\\\/www.accuratereviews.com\\\/wp-content\\\/uploads\\\/2019\\\/11\\\/InsightSquared-logo.png\",\"datePublished\":\"2019-11-25T16:57:31+00:00\",\"dateModified\":\"2021-05-07T14:01:41+00:00\",\"description\":\"InsightSquared: recensione suite che offre una serie di funzionalit\u00e0 di analisi e reportistica aziendale per misurare tutti gli aspetti della tua attivit\u00e0.\",\"breadcrumb\":{\"@id\":\"https:\\\/\\\/www.accuratereviews.com\\\/it\\\/analisi-marketing\\\/insightsquared-recensione\\\/#breadcrumb\"},\"inLanguage\":\"it-IT\",\"potentialAction\":[{\"@type\":\"ReadAction\",\"target\":[\"https:\\\/\\\/www.accuratereviews.com\\\/it\\\/analisi-marketing\\\/insightsquared-recensione\\\/\"]}]},{\"@type\":\"ImageObject\",\"inLanguage\":\"it-IT\",\"@id\":\"https:\\\/\\\/www.accuratereviews.com\\\/it\\\/analisi-marketing\\\/insightsquared-recensione\\\/#primaryimage\",\"url\":\"https:\\\/\\\/www.accuratereviews.com\\\/wp-content\\\/uploads\\\/2019\\\/11\\\/InsightSquared-logo.png\",\"contentUrl\":\"https:\\\/\\\/www.accuratereviews.com\\\/wp-content\\\/uploads\\\/2019\\\/11\\\/InsightSquared-logo.png\",\"width\":900,\"height\":600},{\"@type\":\"BreadcrumbList\",\"@id\":\"https:\\\/\\\/www.accuratereviews.com\\\/it\\\/analisi-marketing\\\/insightsquared-recensione\\\/#breadcrumb\",\"itemListElement\":[{\"@type\":\"ListItem\",\"position\":1,\"name\":\"Home\",\"item\":\"https:\\\/\\\/www.accuratereviews.com\\\/it\\\/\"},{\"@type\":\"ListItem\",\"position\":2,\"name\":\"Analisi Marketing\",\"item\":\"https:\\\/\\\/www.accuratereviews.com\\\/it\\\/analisi-marketing\\\/\"},{\"@type\":\"ListItem\",\"position\":3,\"name\":\"InsightSquared\"}]},{\"@type\":\"WebSite\",\"@id\":\"https:\\\/\\\/www.accuratereviews.com\\\/it\\\/#website\",\"url\":\"https:\\\/\\\/www.accuratereviews.com\\\/it\\\/\",\"name\":\"Accurate Reviews\",\"description\":\"\",\"potentialAction\":[{\"@type\":\"SearchAction\",\"target\":{\"@type\":\"EntryPoint\",\"urlTemplate\":\"https:\\\/\\\/www.accuratereviews.com\\\/it\\\/?s={search_term_string}\"},\"query-input\":{\"@type\":\"PropertyValueSpecification\",\"valueRequired\":true,\"valueName\":\"search_term_string\"}}],\"inLanguage\":\"it-IT\"}]}<\/script>\n<!-- \/ Yoast SEO plugin. -->","yoast_head_json":{"title":"InsightSquared: recensione software analisi marketing - Accurate Reviews","description":"InsightSquared: recensione suite che offre una serie di funzionalit\u00e0 di analisi e reportistica aziendale per misurare tutti gli aspetti della tua attivit\u00e0.","robots":{"index":"index","follow":"follow","max-snippet":"max-snippet:-1","max-image-preview":"max-image-preview:large","max-video-preview":"max-video-preview:-1"},"canonical":"https:\/\/www.accuratereviews.com\/it\/analisi-marketing\/insightsquared-recensione\/","og_locale":"it_IT","og_type":"article","og_title":"InsightSquared: recensione software analisi marketing - Accurate Reviews","og_description":"InsightSquared: recensione suite che offre una serie di funzionalit\u00e0 di analisi e reportistica aziendale per misurare tutti gli aspetti della tua attivit\u00e0.","og_url":"https:\/\/www.accuratereviews.com\/it\/analisi-marketing\/insightsquared-recensione\/","og_site_name":"Accurate Reviews","article_modified_time":"2021-05-07T14:01:41+00:00","og_image":[{"width":900,"height":600,"url":"https:\/\/www.accuratereviews.com\/wp-content\/uploads\/2019\/11\/InsightSquared-logo.png","type":"image\/png"}],"twitter_card":"summary_large_image","twitter_misc":{"Tempo di lettura stimato":"4 minuti"},"schema":{"@context":"https:\/\/schema.org","@graph":[{"@type":"WebPage","@id":"https:\/\/www.accuratereviews.com\/it\/analisi-marketing\/insightsquared-recensione\/","url":"https:\/\/www.accuratereviews.com\/it\/analisi-marketing\/insightsquared-recensione\/","name":"InsightSquared: recensione software analisi marketing - Accurate Reviews","isPartOf":{"@id":"https:\/\/www.accuratereviews.com\/it\/#website"},"primaryImageOfPage":{"@id":"https:\/\/www.accuratereviews.com\/it\/analisi-marketing\/insightsquared-recensione\/#primaryimage"},"image":{"@id":"https:\/\/www.accuratereviews.com\/it\/analisi-marketing\/insightsquared-recensione\/#primaryimage"},"thumbnailUrl":"https:\/\/www.accuratereviews.com\/wp-content\/uploads\/2019\/11\/InsightSquared-logo.png","datePublished":"2019-11-25T16:57:31+00:00","dateModified":"2021-05-07T14:01:41+00:00","description":"InsightSquared: recensione suite che offre una serie di funzionalit\u00e0 di analisi e reportistica aziendale per misurare tutti gli aspetti della tua attivit\u00e0.","breadcrumb":{"@id":"https:\/\/www.accuratereviews.com\/it\/analisi-marketing\/insightsquared-recensione\/#breadcrumb"},"inLanguage":"it-IT","potentialAction":[{"@type":"ReadAction","target":["https:\/\/www.accuratereviews.com\/it\/analisi-marketing\/insightsquared-recensione\/"]}]},{"@type":"ImageObject","inLanguage":"it-IT","@id":"https:\/\/www.accuratereviews.com\/it\/analisi-marketing\/insightsquared-recensione\/#primaryimage","url":"https:\/\/www.accuratereviews.com\/wp-content\/uploads\/2019\/11\/InsightSquared-logo.png","contentUrl":"https:\/\/www.accuratereviews.com\/wp-content\/uploads\/2019\/11\/InsightSquared-logo.png","width":900,"height":600},{"@type":"BreadcrumbList","@id":"https:\/\/www.accuratereviews.com\/it\/analisi-marketing\/insightsquared-recensione\/#breadcrumb","itemListElement":[{"@type":"ListItem","position":1,"name":"Home","item":"https:\/\/www.accuratereviews.com\/it\/"},{"@type":"ListItem","position":2,"name":"Analisi Marketing","item":"https:\/\/www.accuratereviews.com\/it\/analisi-marketing\/"},{"@type":"ListItem","position":3,"name":"InsightSquared"}]},{"@type":"WebSite","@id":"https:\/\/www.accuratereviews.com\/it\/#website","url":"https:\/\/www.accuratereviews.com\/it\/","name":"Accurate Reviews","description":"","potentialAction":[{"@type":"SearchAction","target":{"@type":"EntryPoint","urlTemplate":"https:\/\/www.accuratereviews.com\/it\/?s={search_term_string}"},"query-input":{"@type":"PropertyValueSpecification","valueRequired":true,"valueName":"search_term_string"}}],"inLanguage":"it-IT"}]}},"_links":{"self":[{"href":"https:\/\/www.accuratereviews.com\/it\/wp-json\/wp\/v2\/pages\/20489","targetHints":{"allow":["GET"]}}],"collection":[{"href":"https:\/\/www.accuratereviews.com\/it\/wp-json\/wp\/v2\/pages"}],"about":[{"href":"https:\/\/www.accuratereviews.com\/it\/wp-json\/wp\/v2\/types\/page"}],"author":[{"embeddable":true,"href":"https:\/\/www.accuratereviews.com\/it\/wp-json\/wp\/v2\/users\/19"}],"replies":[{"embeddable":true,"href":"https:\/\/www.accuratereviews.com\/it\/wp-json\/wp\/v2\/comments?post=20489"}],"version-history":[{"count":8,"href":"https:\/\/www.accuratereviews.com\/it\/wp-json\/wp\/v2\/pages\/20489\/revisions"}],"predecessor-version":[{"id":42211,"href":"https:\/\/www.accuratereviews.com\/it\/wp-json\/wp\/v2\/pages\/20489\/revisions\/42211"}],"up":[{"embeddable":true,"href":"https:\/\/www.accuratereviews.com\/it\/wp-json\/wp\/v2\/pages\/20408"}],"wp:featuredmedia":[{"embeddable":true,"href":"https:\/\/www.accuratereviews.com\/it\/wp-json\/wp\/v2\/media\/20496"}],"wp:attachment":[{"href":"https:\/\/www.accuratereviews.com\/it\/wp-json\/wp\/v2\/media?parent=20489"}],"wp:term":[{"taxonomy":"category","embeddable":true,"href":"https:\/\/www.accuratereviews.com\/it\/wp-json\/wp\/v2\/categories?post=20489"},{"taxonomy":"post_tag","embeddable":true,"href":"https:\/\/www.accuratereviews.com\/it\/wp-json\/wp\/v2\/tags?post=20489"},{"taxonomy":"features","embeddable":true,"href":"https:\/\/www.accuratereviews.com\/it\/wp-json\/wp\/v2\/features?post=20489"}],"curies":[{"name":"wp","href":"https:\/\/api.w.org\/{rel}","templated":true}]}}