{"id":20504,"date":"2019-11-25T16:57:42","date_gmt":"2019-11-25T16:57:42","guid":{"rendered":"https:\/\/www.accuratereviews.com\/?page_id=20504"},"modified":"2021-05-07T13:53:34","modified_gmt":"2021-05-07T13:53:34","slug":"birst-recensione","status":"publish","type":"page","link":"https:\/\/www.accuratereviews.com\/it\/analisi-marketing\/birst-recensione\/","title":{"rendered":"Birst"},"content":{"rendered":"<p><strong>Birst<\/strong> \u00e8 una<strong> soluzione di business intelligence<\/strong> ospitata su<strong> cloud<\/strong> che gestisce i requisiti sia della BI orientata alla produzione sia della visualizzazione e dell&#8217;interrogazione dei dati dell&#8217;utente finale. Questo \u00e8 chiamato approccio a 2 livelli e con questo programma \u00e8 possibile in quanto offre un&#8217;architettura di gestione dei dati della piattaforma. Il software \u00e8 destinato a tutti gli utenti aziendali dall&#8217;IT al marketing fino alla gestione esecutiva, in quanto offre funzionalit\u00e0 come dashboard HTML5 reattivi e integrati e interfacce di scoperta visiva, affinamento automatico dei dati, framework di connettivit\u00e0 infinita e molti altri. Inoltre, <strong>Birst<\/strong> \u00e8 ben integrato con una variet\u00e0 di app e sistemi aziendali e offre prestazioni impeccabili su dispositivi mobili.<\/p>\n<h2>BIRST &#8211; TUTORIAL<\/h2>\n<p>Scopri con questo tutorial come utilizzare questo software:<\/p>\n<div id=\"fluid-wrapper-counter-1\" class=\"g1-fluid-wrapper \" style=\"width:686px;\">\n<div style=\"padding-bottom:56.268221574344%;\"><iframe loading=\"lazy\" title=\"Birst Modeling Essentials\" width=\"686\" height=\"386\" src=\"https:\/\/www.youtube.com\/embed\/BEEM5dlTiSQ?feature=oembed&amp;wmode=transparent&amp;autohide=1&amp;autoplay=0&amp;disablekb=0&amp;fs=1&amp;loop=0&amp;enablejsapi=1&amp;rel=0&amp;controls=2&amp;showinfo=0&amp;wmode=transparent&amp;autohide=2&amp;autoplay=0&amp;disablekb=0&amp;fs=1&amp;loop=0&amp;enablejsapi=1&amp;rel=0&amp;controls=2&amp;showinfo=1\" frameborder=\"0\" allow=\"accelerometer; autoplay; clipboard-write; encrypted-media; gyroscope; picture-in-picture\" allowfullscreen><\/iframe><\/div>\n<\/div>\n<h3>BIRST &#8211; CARATTERISTICHE<\/h3>\n<ul>\n<li><strong>Tecnologia di apprendimento automatico<\/strong>:\u00a0il software utilizza algoritmi avanzati per aiutare le aziende a scoprire approfondimenti molto pi\u00f9 rapidamente e con meno sforzo<\/li>\n<li><strong>Analisi in rete<\/strong>: collegamento di team centralizzati e decentralizzati con analisi self-service in un ambiente gestito.<\/li>\n<li><strong>Architettura cloud moderna:<\/strong> soluzione True SaaS, adatta a ogni tipo di implementazione: cloud pubblico, cloud privato, locale o ibrido.<\/li>\n<li><strong>Supporta tutti gli stili di analisi<\/strong>: scoperta di dati visivi, dashboard interattivi, reportistica pixel-perfect, mobile e altro.<\/li>\n<\/ul>\n<h4>LE RECENSIONI DEGLI UTENTI<\/h4>\n<h4>Sarah B. &#8220;Birst recensione da un punto di vista pi\u00f9 tecnico&#8221;<\/h4>\n<p><strong>Commenti<\/strong>: Birst \u00e8 uno strumento adatto per rivedere i dati senza implementarli in un data warehouse. \u00e8 possibile stabilire connessioni in tempo reale con diversi database o eseguire la modifica direttamente in Birst. In alcune situazioni, puoi vedere che lo strumento \u00e8 ancora agli inizi ma il supporto trova sempre una soluzione, tuttavia sembra che piaccia (purch\u00e9 la fonte di interruzione sia fondamentale per la tua attivit\u00e0). A mio avviso, l&#8217;area di amministrazione (modifica) \u00e8 l&#8217;area meno sviluppata rispetto al frontend di visualizzazione e continua a funzionare (fino a Birst 6) su base flash con a volte causa errori di sincronizzazione tra il database e il front-end.<br \/>\nPuoi fare la modellazione a tuo piacimento con alcune limitazioni negli schemi. Birst \u00e8 in grado di elaborare stelle e fiocchi di neve ma presenta alcuni problemi con tabelle multi-fact e diversi livelli di aggregazione in una tabella (progettazione data mart. In Cognos chiamano questa funzione &#8220;Determinanti&#8221;).<br \/>\nTuttavia, \u00e8 facile per chiunque abbia un po &#8216;di modellazione che sappia costruire un modello semplice e riportare i propri dati. Una persona che non fa nulla su SQL o sui dati avrebbe molti problemi con la modellazione che non \u00e8 uno svantaggio a mio avviso, ma dovrebbe essere notato.<br \/>\nBirst \u00e8 piuttosto limitato quando si tratta di &#8220;sicurezza&#8221; in diversi modi:<br \/>\n\u00c8 possibile impostare una sicurezza dei dati a livello di riga e assegnare gruppi di utenti o variabili, ma \u00e8 piuttosto complicato per gli sviluppatori o gli architetti non di database. i nostri analisti (che fanno alcuni modelli) hanno avuto difficolt\u00e0 a comprendere la sicurezza fino a quando questo compito non \u00e8 stato assegnato a noi architetti. Questo dovrebbe essere reso pi\u00f9 semplice da comprendere per ogni tecnico di terza classe.<br \/>\nPuoi concedere a un utente l&#8217;accesso all&#8217;area di amministrazione o negarlo. non puoi concedere l&#8217;accesso solo ad alcune funzionalit\u00e0 come caricare immagini e aggiungere utenti. Secondo me, questo \u00e8 un limite e richiede sempre che un amministratore dello spazio faccia cose che un normale visualizzatore non pu\u00f2 fare.<br \/>\nSe si desidera che un utente importi immagini o qualcosa del genere, deve disporre delle autorizzazioni di amministrazione dello spazio e pertanto pu\u00f2 apportare modifiche al modello che contraddice una sicurezza a livello di riga, se impostata.<br \/>\nLa gestione degli utenti \u00e8 davvero limitata. ti mancano molte funzioni di creazione \/ cancellazione e devi sempre accedere a una finestra di comando dello spazio per farlo. pertanto hai problemi a creare \/ eliminare in massa utenti senza usare l&#8217;API. Devi fare molto lavoro extra per gestire i tuoi utenti in modo efficiente. Il frontend \u00e8 abbastanza buono e puoi fare molte visualizzazioni. Puoi scegliere tra grafici semplici da &#8220;visualizzatore&#8221; o creare report pixel perfetti da &#8220;designer&#8221;. \u00c8 possibile aggiungere entrambi i tipi di report a una selezione di dashboard.<br \/>\nI dashboard possono essere protetti tramite gruppi di utenti, ma solo per gli amministratori dello spazio che coinvolgono sempre un amministratore dello spazio leggermente in contraddizione con una soluzione self-service. Tutto sommato, Birst \u00e8 uno strumento ETL e di visualizzazione che ti consente semplicemente di aggiungere file al tuo data warehouse e di creare rapporti. Pi\u00f9 complesso, il tuo modello diventa pi\u00f9 limitazioni che affronti durante la modellazione. Se si utilizzano connessioni di accesso live, gli SQL creati vengono eseguiti sul database corrispondente. pertanto si affrontano meno limitazioni rispetto alla modellazione all&#8217;interno di Birst.<br \/>\npreferiamo personalmente modellare con accesso live. Anche se lo strumento \u00e8 in alcune parti della sua infanzia, la comunit\u00e0 di Birst e il supporto sono piuttosto fantastici e senza questo lo strumento non sarebbe soddisfacente ma esiste e quindi concedo 4 su 5 avviamenti per questo strumento.<\/p>\n<h4><strong>Adam W. &#8220;Software di costruzione client Birst OEM per dispositivi assicurativi&#8221;<\/strong><\/h4>\n<p><strong>Vantaggi<\/strong>: Birst \u00e8 uno strumento molto flessibile e con un&#8217;interfaccia utente indipendente dalla piattaforma. Hanno anche progettato il loro prodotto per seguire la metodologia Kimball per la modellazione dimensionale che aiuta a rendere lo strumento pi\u00f9 facile da capire se sei un modellatore dimensionale stagionato. Stanno investendo visibilmente in innovazioni che soddisfano o superano le esigenze della BI Community (applicazioni angolari, iOS \/ Android, fusione dei dati degli utenti finali). Hanno un team di sviluppo molto veloce e rilasciano nuove funzionalit\u00e0 a volte pi\u00f9 veloci di quanto ci aspettiamo. Lo staff e la leadership di Birst ci conoscono con i nostri nomi. Provano a costruire una relazione con i loro clienti e non ti trattano come un flusso di entrate contabili. La loro comunit\u00e0 \u00e8 chiusa ma molto stretta.<\/p>\n<p><strong>Inconvenienti<\/strong>: essendo all&#8217;avanguardia, a volte le funzionalit\u00e0 non funzionano come pubblicizzato all&#8217;inizio. Di solito \u00e8 una buona cosa attendere alcune versioni di manutenzione dopo l&#8217;uscita di una nuova versione principale se si dispone di un dispositivo. Sul fronte dell&#8217;assistenza, non \u00e8 necessario che siano cos\u00ec veloci a raccomandare di passare alla versione successiva per risolvere un difetto, soprattutto se non \u00e8 previsto per alcune settimane. A volte sembra che faccia troppo affidamento sulla loro comunit\u00e0 per aiutare a far andare avanti la nave. Essendo un&#8217;applicazione nata nel cloud, ci sono alcuni processi non lucidati che i clienti dell&#8217;appliance devono imparare a far funzionare di tanto in tanto. Birst sta crescendo e stanno aumentando continuamente il personale. Se non ritieni di avere la risposta migliore alla tua domanda, a volte devi spingerli per ottenerla.<\/p>\n<p><strong>Bob A. &#8220;Birst &#8211; Cloud BI &amp; Analytics&#8221;<\/strong><\/p>\n<p><strong>Vantaggi<\/strong>: La particolarit\u00e0 di Birst \u00e8 il modo in cui consente ai clienti di raggiungere il &#8220;Santo Graal&#8221; della BI, ovvero fornire governance e agilit\u00e0 nello stesso prodotto. Lo fa in un ambiente cloud multi-tenant facile da configurare e sfruttare, sfruttando l&#8217;uso di &#8220;spazi&#8221; virtuali che consentono di fornire agli utenti il \u200b\u200bgiusto livello di accesso ai dati giusti, siano essi utenti pi\u00f9 avanzati o pi\u00f9 utenti occasionali, che si trovino nel quartier generale dell&#8217;azienda o in una posizione remota, ecc. Birst chiama questa &#8220;BI in rete&#8221; e vale la pena esaminarla se non l&#8217;hai ancora fatto. Birst \u00e8 anche unico nel modo in cui ti consente di combinare molti diversi tipi di origini dati, alcune nel cloud e alcune on-premise (se lo desideri) in un modello di dati unificato e quindi utilizzarlo per creare e popolare ci\u00f2 che chiamano un Data warehouse pronto per l&#8217;utente. Usano qualcosa chiamato &#8220;perfezionamento automatizzato dei dati&#8221; (la propria tecnologia in attesa di brevetto) per creare questo modello di dati e il data warehouse per te con il minimo sforzo da parte tua, risparmiando un sacco di tempo e denaro e rendendolo molto pi\u00f9 \u00e8 possibile mantenere il modello di dati e il data warehouse aggiornati nel tempo. In termini di visualizzazioni, Birst ha un simpatico strumento chiamato Visualizer che \u00e8 molto facile da usare e uno strumento per utenti pi\u00f9 avanzati chiamato Designer, che consente di creare report perfetti per i pixel e molto personalizzati. Birst supporta anche pienamente l&#8217;uso di altri front-end come Tableau ed Excel, che possono accedere a molte fonti di dati utilizzando il data warehouse pronto per l&#8217;utente creato utilizzando il perfezionamento automatico dei dati. La societ\u00e0 stessa \u00e8 facile da lavorare ed \u00e8 composta da persone molto competenti, desiderose di aiutarvi ad avere successo.<\/p>\n<p><strong>Inconvenienti<\/strong>: la guida in linea di solito \u00e8 piuttosto utile, ma c&#8217;\u00e8 ancora spazio per migliorare la capacit\u00e0 di ricerca e parte del contenuto.<\/p>\n","protected":false},"excerpt":{"rendered":"<p>Birst \u00e8 una soluzione di business intelligence ospitata su cloud che gestisce i requisiti sia della BI orientata alla produzione sia della visualizzazione e dell&#8217;interrogazione dei dati dell&#8217;utente finale. Questo \u00e8 chiamato approccio a 2 livelli e con questo programma \u00e8 possibile in quanto offre un&#8217;architettura di gestione dei dati della piattaforma.<\/p>\n","protected":false},"author":19,"featured_media":20505,"parent":20408,"menu_order":0,"comment_status":"open","ping_status":"closed","template":"g1_template_page_review_new.php","meta":{"_acf_changed":false,"cwp_meta_box_check":"Yes","cwp_rev_product_name":"","cwp_rev_product_image":"","wppr_links":[],"cwp_rev_price":"","wppr_options":[],"wppr_pros":[],"wppr_cons":[],"_monsterinsights_skip_tracking":false,"_monsterinsights_sitenote_active":false,"_monsterinsights_sitenote_note":"","_monsterinsights_sitenote_category":0,"footnotes":""},"categories":[1490],"tags":[1494,1508,1511,396,1495,1496,1499],"features":[],"class_list":{"0":"post-20504","1":"page","2":"type-page","3":"status-publish","4":"has-post-thumbnail","6":"category-analisi-marketing","7":"tag-analisi-di-marketing","8":"tag-analisi-di-mercato","9":"tag-birst","10":"tag-cloud","11":"tag-marketing-analytics-software","12":"tag-programma-analisi-marketing","13":"tag-soluzione-analisi-marketing"},"wppr_data":{"cwp_meta_box_check":"Yes","cwp_rev_product_name":"","cwp_rev_product_image":"","cwp_image_link":"image","cwp_rev_price":"","wppr_rating":"0.00"},"acf":[],"yoast_head":"<!-- This site is optimized with the Yoast SEO plugin v27.4 - https:\/\/yoast.com\/product\/yoast-seo-wordpress\/ -->\n<title>Birst: recensione software analisi marketing - Accurate Reviews<\/title>\n<meta name=\"description\" content=\"Birst: recensione soluzione di business intelligence ospitata su cloud che consente l&#039;accesso ai dati tramite strumenti di analisi visiva e reportistica.\" \/>\n<meta name=\"robots\" content=\"index, follow, max-snippet:-1, max-image-preview:large, max-video-preview:-1\" \/>\n<link rel=\"canonical\" href=\"https:\/\/www.accuratereviews.com\/it\/analisi-marketing\/birst-recensione\/\" \/>\n<meta property=\"og:locale\" content=\"it_IT\" \/>\n<meta property=\"og:type\" content=\"article\" \/>\n<meta property=\"og:title\" content=\"Birst: recensione software analisi marketing - Accurate Reviews\" \/>\n<meta property=\"og:description\" content=\"Birst: recensione soluzione di business intelligence ospitata su cloud che consente l&#039;accesso ai dati tramite strumenti di analisi visiva e reportistica.\" \/>\n<meta property=\"og:url\" content=\"https:\/\/www.accuratereviews.com\/it\/analisi-marketing\/birst-recensione\/\" \/>\n<meta property=\"og:site_name\" content=\"Accurate Reviews\" \/>\n<meta property=\"article:modified_time\" content=\"2021-05-07T13:53:34+00:00\" \/>\n<meta property=\"og:image\" content=\"https:\/\/www.accuratereviews.com\/wp-content\/uploads\/2019\/11\/birst.png\" \/>\n\t<meta property=\"og:image:width\" content=\"200\" \/>\n\t<meta property=\"og:image:height\" content=\"200\" \/>\n\t<meta property=\"og:image:type\" content=\"image\/png\" \/>\n<meta name=\"twitter:card\" content=\"summary_large_image\" \/>\n<meta name=\"twitter:label1\" content=\"Tempo di lettura stimato\" \/>\n\t<meta name=\"twitter:data1\" content=\"7 minuti\" \/>\n<script type=\"application\/ld+json\" class=\"yoast-schema-graph\">{\"@context\":\"https:\\\/\\\/schema.org\",\"@graph\":[{\"@type\":\"WebPage\",\"@id\":\"https:\\\/\\\/www.accuratereviews.com\\\/it\\\/analisi-marketing\\\/birst-recensione\\\/\",\"url\":\"https:\\\/\\\/www.accuratereviews.com\\\/it\\\/analisi-marketing\\\/birst-recensione\\\/\",\"name\":\"Birst: recensione software analisi marketing - Accurate Reviews\",\"isPartOf\":{\"@id\":\"https:\\\/\\\/www.accuratereviews.com\\\/it\\\/#website\"},\"primaryImageOfPage\":{\"@id\":\"https:\\\/\\\/www.accuratereviews.com\\\/it\\\/analisi-marketing\\\/birst-recensione\\\/#primaryimage\"},\"image\":{\"@id\":\"https:\\\/\\\/www.accuratereviews.com\\\/it\\\/analisi-marketing\\\/birst-recensione\\\/#primaryimage\"},\"thumbnailUrl\":\"https:\\\/\\\/www.accuratereviews.com\\\/wp-content\\\/uploads\\\/2019\\\/11\\\/birst.png\",\"datePublished\":\"2019-11-25T16:57:42+00:00\",\"dateModified\":\"2021-05-07T13:53:34+00:00\",\"description\":\"Birst: recensione soluzione di business intelligence ospitata su cloud che consente l'accesso ai dati tramite strumenti di analisi visiva e reportistica.\",\"breadcrumb\":{\"@id\":\"https:\\\/\\\/www.accuratereviews.com\\\/it\\\/analisi-marketing\\\/birst-recensione\\\/#breadcrumb\"},\"inLanguage\":\"it-IT\",\"potentialAction\":[{\"@type\":\"ReadAction\",\"target\":[\"https:\\\/\\\/www.accuratereviews.com\\\/it\\\/analisi-marketing\\\/birst-recensione\\\/\"]}]},{\"@type\":\"ImageObject\",\"inLanguage\":\"it-IT\",\"@id\":\"https:\\\/\\\/www.accuratereviews.com\\\/it\\\/analisi-marketing\\\/birst-recensione\\\/#primaryimage\",\"url\":\"https:\\\/\\\/www.accuratereviews.com\\\/wp-content\\\/uploads\\\/2019\\\/11\\\/birst.png\",\"contentUrl\":\"https:\\\/\\\/www.accuratereviews.com\\\/wp-content\\\/uploads\\\/2019\\\/11\\\/birst.png\",\"width\":200,\"height\":200},{\"@type\":\"BreadcrumbList\",\"@id\":\"https:\\\/\\\/www.accuratereviews.com\\\/it\\\/analisi-marketing\\\/birst-recensione\\\/#breadcrumb\",\"itemListElement\":[{\"@type\":\"ListItem\",\"position\":1,\"name\":\"Home\",\"item\":\"https:\\\/\\\/www.accuratereviews.com\\\/it\\\/\"},{\"@type\":\"ListItem\",\"position\":2,\"name\":\"Analisi Marketing\",\"item\":\"https:\\\/\\\/www.accuratereviews.com\\\/it\\\/analisi-marketing\\\/\"},{\"@type\":\"ListItem\",\"position\":3,\"name\":\"Birst\"}]},{\"@type\":\"WebSite\",\"@id\":\"https:\\\/\\\/www.accuratereviews.com\\\/it\\\/#website\",\"url\":\"https:\\\/\\\/www.accuratereviews.com\\\/it\\\/\",\"name\":\"Accurate Reviews\",\"description\":\"\",\"potentialAction\":[{\"@type\":\"SearchAction\",\"target\":{\"@type\":\"EntryPoint\",\"urlTemplate\":\"https:\\\/\\\/www.accuratereviews.com\\\/it\\\/?s={search_term_string}\"},\"query-input\":{\"@type\":\"PropertyValueSpecification\",\"valueRequired\":true,\"valueName\":\"search_term_string\"}}],\"inLanguage\":\"it-IT\"}]}<\/script>\n<!-- \/ Yoast SEO plugin. -->","yoast_head_json":{"title":"Birst: recensione software analisi marketing - Accurate Reviews","description":"Birst: recensione soluzione di business intelligence ospitata su cloud che consente l'accesso ai dati tramite strumenti di analisi visiva e reportistica.","robots":{"index":"index","follow":"follow","max-snippet":"max-snippet:-1","max-image-preview":"max-image-preview:large","max-video-preview":"max-video-preview:-1"},"canonical":"https:\/\/www.accuratereviews.com\/it\/analisi-marketing\/birst-recensione\/","og_locale":"it_IT","og_type":"article","og_title":"Birst: recensione software analisi marketing - Accurate Reviews","og_description":"Birst: recensione soluzione di business intelligence ospitata su cloud che consente l'accesso ai dati tramite strumenti di analisi visiva e reportistica.","og_url":"https:\/\/www.accuratereviews.com\/it\/analisi-marketing\/birst-recensione\/","og_site_name":"Accurate Reviews","article_modified_time":"2021-05-07T13:53:34+00:00","og_image":[{"width":200,"height":200,"url":"https:\/\/www.accuratereviews.com\/wp-content\/uploads\/2019\/11\/birst.png","type":"image\/png"}],"twitter_card":"summary_large_image","twitter_misc":{"Tempo di lettura stimato":"7 minuti"},"schema":{"@context":"https:\/\/schema.org","@graph":[{"@type":"WebPage","@id":"https:\/\/www.accuratereviews.com\/it\/analisi-marketing\/birst-recensione\/","url":"https:\/\/www.accuratereviews.com\/it\/analisi-marketing\/birst-recensione\/","name":"Birst: recensione software analisi marketing - Accurate Reviews","isPartOf":{"@id":"https:\/\/www.accuratereviews.com\/it\/#website"},"primaryImageOfPage":{"@id":"https:\/\/www.accuratereviews.com\/it\/analisi-marketing\/birst-recensione\/#primaryimage"},"image":{"@id":"https:\/\/www.accuratereviews.com\/it\/analisi-marketing\/birst-recensione\/#primaryimage"},"thumbnailUrl":"https:\/\/www.accuratereviews.com\/wp-content\/uploads\/2019\/11\/birst.png","datePublished":"2019-11-25T16:57:42+00:00","dateModified":"2021-05-07T13:53:34+00:00","description":"Birst: recensione soluzione di business intelligence ospitata su cloud che consente l'accesso ai dati tramite strumenti di analisi visiva e reportistica.","breadcrumb":{"@id":"https:\/\/www.accuratereviews.com\/it\/analisi-marketing\/birst-recensione\/#breadcrumb"},"inLanguage":"it-IT","potentialAction":[{"@type":"ReadAction","target":["https:\/\/www.accuratereviews.com\/it\/analisi-marketing\/birst-recensione\/"]}]},{"@type":"ImageObject","inLanguage":"it-IT","@id":"https:\/\/www.accuratereviews.com\/it\/analisi-marketing\/birst-recensione\/#primaryimage","url":"https:\/\/www.accuratereviews.com\/wp-content\/uploads\/2019\/11\/birst.png","contentUrl":"https:\/\/www.accuratereviews.com\/wp-content\/uploads\/2019\/11\/birst.png","width":200,"height":200},{"@type":"BreadcrumbList","@id":"https:\/\/www.accuratereviews.com\/it\/analisi-marketing\/birst-recensione\/#breadcrumb","itemListElement":[{"@type":"ListItem","position":1,"name":"Home","item":"https:\/\/www.accuratereviews.com\/it\/"},{"@type":"ListItem","position":2,"name":"Analisi Marketing","item":"https:\/\/www.accuratereviews.com\/it\/analisi-marketing\/"},{"@type":"ListItem","position":3,"name":"Birst"}]},{"@type":"WebSite","@id":"https:\/\/www.accuratereviews.com\/it\/#website","url":"https:\/\/www.accuratereviews.com\/it\/","name":"Accurate Reviews","description":"","potentialAction":[{"@type":"SearchAction","target":{"@type":"EntryPoint","urlTemplate":"https:\/\/www.accuratereviews.com\/it\/?s={search_term_string}"},"query-input":{"@type":"PropertyValueSpecification","valueRequired":true,"valueName":"search_term_string"}}],"inLanguage":"it-IT"}]}},"_links":{"self":[{"href":"https:\/\/www.accuratereviews.com\/it\/wp-json\/wp\/v2\/pages\/20504","targetHints":{"allow":["GET"]}}],"collection":[{"href":"https:\/\/www.accuratereviews.com\/it\/wp-json\/wp\/v2\/pages"}],"about":[{"href":"https:\/\/www.accuratereviews.com\/it\/wp-json\/wp\/v2\/types\/page"}],"author":[{"embeddable":true,"href":"https:\/\/www.accuratereviews.com\/it\/wp-json\/wp\/v2\/users\/19"}],"replies":[{"embeddable":true,"href":"https:\/\/www.accuratereviews.com\/it\/wp-json\/wp\/v2\/comments?post=20504"}],"version-history":[{"count":12,"href":"https:\/\/www.accuratereviews.com\/it\/wp-json\/wp\/v2\/pages\/20504\/revisions"}],"predecessor-version":[{"id":42191,"href":"https:\/\/www.accuratereviews.com\/it\/wp-json\/wp\/v2\/pages\/20504\/revisions\/42191"}],"up":[{"embeddable":true,"href":"https:\/\/www.accuratereviews.com\/it\/wp-json\/wp\/v2\/pages\/20408"}],"wp:featuredmedia":[{"embeddable":true,"href":"https:\/\/www.accuratereviews.com\/it\/wp-json\/wp\/v2\/media\/20505"}],"wp:attachment":[{"href":"https:\/\/www.accuratereviews.com\/it\/wp-json\/wp\/v2\/media?parent=20504"}],"wp:term":[{"taxonomy":"category","embeddable":true,"href":"https:\/\/www.accuratereviews.com\/it\/wp-json\/wp\/v2\/categories?post=20504"},{"taxonomy":"post_tag","embeddable":true,"href":"https:\/\/www.accuratereviews.com\/it\/wp-json\/wp\/v2\/tags?post=20504"},{"taxonomy":"features","embeddable":true,"href":"https:\/\/www.accuratereviews.com\/it\/wp-json\/wp\/v2\/features?post=20504"}],"curies":[{"name":"wp","href":"https:\/\/api.w.org\/{rel}","templated":true}]}}