{"id":20521,"date":"2019-11-25T16:56:56","date_gmt":"2019-11-25T16:56:56","guid":{"rendered":"https:\/\/www.accuratereviews.com\/?page_id=20521"},"modified":"2021-05-07T13:58:05","modified_gmt":"2021-05-07T13:58:05","slug":"cyfe-recensione","status":"publish","type":"page","link":"https:\/\/www.accuratereviews.com\/it\/analisi-marketing\/cyfe-recensione\/","title":{"rendered":"Cyfe"},"content":{"rendered":"<p><strong>Cyfe<\/strong> \u00e8 uno <strong>strumento di analisi di marketing<\/strong> che ti permette di creare un numero illimitato di dashboard e di personalizzarle a tuo piacimento e in base alle tue necessit\u00e0. Si tratta di una <strong>piattaforma di business intelligence<\/strong> che ti offre una visuale completa dei dati della tua azienda, cos\u00ec da poter avere sempre tutto sotto controllo. Puoi infatti monitorare tutti i tuoi <strong>canali di marketing<\/strong> come email, SEO, SEM, social media e analisi da un&#8217;unica posizione. Inoltre puoi tenere traccia di pi\u00f9 siti web, dei principali domini di riferimento, dei motori di ricerca, del <strong>posizionamento delle parole chiave SEO<\/strong> e molto altro ancora. Visualizza gli obiettivi di vendita, i migliori rappresentanti di vendita, i nuovi clienti e non perderti nessuna opportunit\u00e0.<\/p>\n<h2>COME FUNZIONA CYFE &#8211; TUTORIAL<\/h2>\n<p>Ecco un video che ci mostra come avvicinarci a questo strumento:<\/p>\n<div id=\"fluid-wrapper-counter-1\" class=\"g1-fluid-wrapper \" style=\"width:686px;\">\n<div style=\"padding-bottom:56.268221574344%;\"><iframe loading=\"lazy\" title=\"How to Set Up Cyfe: All in One Business Dashboard\" width=\"686\" height=\"386\" src=\"https:\/\/www.youtube.com\/embed\/GS0JlKZLgTA?feature=oembed&amp;wmode=transparent&amp;autohide=1&amp;autoplay=0&amp;disablekb=0&amp;fs=1&amp;loop=0&amp;enablejsapi=1&amp;rel=0&amp;controls=2&amp;showinfo=0&amp;wmode=transparent&amp;autohide=2&amp;autoplay=0&amp;disablekb=0&amp;fs=1&amp;loop=0&amp;enablejsapi=1&amp;rel=0&amp;controls=2&amp;showinfo=1\" frameborder=\"0\" allow=\"accelerometer; autoplay; encrypted-media; gyroscope; picture-in-picture\" allowfullscreen><\/iframe><\/div>\n<\/div>\n<h3>CYFE &#8211; CARATTERISTICHE<\/h3>\n<p>Di seguito le sue principali caratteristiche:<\/p>\n<ul>\n<li>Gestione aziendale (KPI aziendali)<\/li>\n<li>Utenti e dashboard illimitati<\/li>\n<li>Sistema di reportsistica<\/li>\n<li>Gestione dati storici<\/li>\n<li>Domini e loghi personalizzati<\/li>\n<li>Visualizzazioni personalizzate<\/li>\n<li>Integrazioni precostruite<\/li>\n<li>Analisi dei social media<\/li>\n<li>Tracciamento di pi\u00f9 siti web<\/li>\n<li>Molteplici opzioni di condivisione<\/li>\n<li>Esportazioni PDF\/CSV<\/li>\n<li>Etichettatura bianca disponibile<\/li>\n<\/ul>\n<h3>LE RECENSIONI DEGLI UTENTI<\/h3>\n<ul>\n<li><strong>&#8220;Il servizio dashboard personalizzabile pi\u00f9 conveniente disponibile!&#8221;<\/strong><br \/>\nIN GENERALE: la nostra attivit\u00e0 immobiliare che utilizza widget di Fogli Google, Calendar e .CSV per aiutare tutto il nostro personale a essere consapevole di ci\u00f2 che sta accadendo nel business e del feed RSS che mostra ci\u00f2 che sta accadendo al di fuori del nostro posto di lavoro per iniziare a preparare il nostro flusso di lavoro.<br \/>\nPRO: si integra con quasi tutti i siti\/servizi<br \/>\nCONTRO: Nessuna opzione per scegliere la dimensione dei pixel di visualizzazione da visualizzare in modo appropriato su TV, Errore in modalit\u00e0 TV, richiede un bel po&#8217; di back e quarto test. Nessun widget meteo per l&#8217;Australia, sembra specifico solo per gli Stati Uniti.<\/li>\n<li><strong>&#8220;Potente software per dashboard a un prezzo accessibile.&#8221;<\/strong><br \/>\nIN GENERALE: Mi ha permesso di creare un prototipo funzionale di un SaaS su cui sto lavorando, senza la necessit\u00e0 di creare uno strumento di reporting personalizzato solo per poter testare la mia idea sul mercato.<br \/>\nPRO: Cyfe \u00e8 fantastico. Si collega a quasi tutti gli strumenti di cui un marketer avrebbe bisogno e ti consente di lavorare con integrazioni personalizzate per le cose che non si connettono ancora automaticamente. Posso creare un numero illimitato di dashboard e condividerle con un numero illimitato di persone tramite un semplice collegamento. \u00c8 incredibile per il servizio clienti e la gestione degli account e una delle mie linee di servizio mi ha permesso di rinunciare del tutto a offrire report manuali, il che \u00e8 sorprendente.<br \/>\nCONTRO: L&#8217;interfaccia utente \u00e8 un po&#8217; goffa e potrebbe essere pi\u00f9 elegante. Strumenti come il datadeck sembrano molto pi\u00f9 belli visivamente, ma non si avvicinano al livello di funzionalit\u00e0 offerto da Cyfe.<\/li>\n<li><strong>&#8220;Ottimo strumento Dashboard per la visualizzazione All-in-One&#8221;<\/strong><br \/>\nPRO: Utilizziamo questo strumento quasi esclusivamente per i report dei clienti. \u00c8 un ottimo cruscotto che riunisce diversi dati in un&#8217;unica interfaccia visivamente coerente e pulita. Ne creiamo uno per ogni cliente e monitoriamo le informazioni sul traffico di Analytics, le statistiche di Facebook, la spesa pubblicitaria e altro. Per quanto costa, \u00e8 un&#8217;app super utile.<br \/>\nCONTRO: Principalmente che se una particolare app di terze parti non \u00e8 supportata non c&#8217;\u00e8 molto che puoi fare per inserirla nel mix. Sei piuttosto limitato alle viste e ai widget predefiniti che forniscono. C&#8217;\u00e8 qualche opportunit\u00e0 per le API, ma per quel poco che abbiamo giocato, non c&#8217;\u00e8 molta personalizzazione da avere l\u00ec. Inoltre non puoi controllare molto la visualizzazione visiva dei grafici, \u00e8 predefinita dai widget. Non supporta neanche i nostri strumenti di tracciamento SEO.<\/li>\n<\/ul>\n","protected":false},"excerpt":{"rendered":"<p>Cyfe \u00e8 uno strumento di analisi di marketing che ti permette di creare un numero illimitato di dashboard e di personalizzarle a tuo piacimento e in base alle tue necessit\u00e0. Si tratta di una piattaforma di business intelligence che ti offre una visuale completa dei dati della tua azienda, cos\u00ec da poter avere sempre tutto sotto controllo.<\/p>\n","protected":false},"author":17,"featured_media":20522,"parent":20408,"menu_order":0,"comment_status":"open","ping_status":"closed","template":"g1_template_page_review_new.php","meta":{"_acf_changed":false,"cwp_meta_box_check":"Yes","cwp_rev_product_name":"","cwp_rev_product_image":"","wppr_links":[],"cwp_rev_price":"","wppr_options":[],"wppr_pros":[],"wppr_cons":[],"_monsterinsights_skip_tracking":false,"_monsterinsights_sitenote_active":false,"_monsterinsights_sitenote_note":"","_monsterinsights_sitenote_category":0,"footnotes":""},"categories":[1490],"tags":[1494,1495,1496,1507],"features":[],"class_list":{"0":"post-20521","1":"page","2":"type-page","3":"status-publish","4":"has-post-thumbnail","6":"category-analisi-marketing","7":"tag-analisi-di-marketing","8":"tag-marketing-analytics-software","9":"tag-programma-analisi-marketing","10":"tag-strumento-analisi-marketing"},"wppr_data":{"cwp_meta_box_check":"Yes","cwp_rev_product_name":"","cwp_rev_product_image":"","cwp_image_link":"image","cwp_rev_price":"","wppr_rating":"0.00"},"acf":[],"yoast_head":"<!-- This site is optimized with the Yoast SEO plugin v27.4 - https:\/\/yoast.com\/product\/yoast-seo-wordpress\/ -->\n<title>Cyfe: recensione strumento analisi di marketing - Accurate Reviews<\/title>\n<meta name=\"description\" content=\"Cyfe: recensione dello strumento di analisi di marketing che ti permette di creare un numero illimitato di dashboard e di personalizzarle a tuo piacimento.\" \/>\n<meta name=\"robots\" content=\"index, follow, max-snippet:-1, max-image-preview:large, max-video-preview:-1\" \/>\n<link rel=\"canonical\" href=\"https:\/\/www.accuratereviews.com\/it\/analisi-marketing\/cyfe-recensione\/\" \/>\n<meta property=\"og:locale\" content=\"it_IT\" \/>\n<meta property=\"og:type\" content=\"article\" \/>\n<meta property=\"og:title\" content=\"Cyfe: recensione strumento analisi di marketing - Accurate Reviews\" \/>\n<meta property=\"og:description\" content=\"Cyfe: recensione dello strumento di analisi di marketing che ti permette di creare un numero illimitato di dashboard e di personalizzarle a tuo piacimento.\" \/>\n<meta property=\"og:url\" content=\"https:\/\/www.accuratereviews.com\/it\/analisi-marketing\/cyfe-recensione\/\" \/>\n<meta property=\"og:site_name\" content=\"Accurate Reviews\" \/>\n<meta property=\"article:modified_time\" content=\"2021-05-07T13:58:05+00:00\" \/>\n<meta property=\"og:image\" content=\"https:\/\/www.accuratereviews.com\/wp-content\/uploads\/2019\/11\/download.jpg\" \/>\n\t<meta property=\"og:image:width\" content=\"358\" \/>\n\t<meta property=\"og:image:height\" content=\"141\" \/>\n\t<meta property=\"og:image:type\" content=\"image\/jpeg\" \/>\n<meta name=\"twitter:card\" content=\"summary_large_image\" \/>\n<meta name=\"twitter:label1\" content=\"Tempo di lettura stimato\" \/>\n\t<meta name=\"twitter:data1\" content=\"3 minuti\" \/>\n<script type=\"application\/ld+json\" class=\"yoast-schema-graph\">{\"@context\":\"https:\\\/\\\/schema.org\",\"@graph\":[{\"@type\":\"WebPage\",\"@id\":\"https:\\\/\\\/www.accuratereviews.com\\\/it\\\/analisi-marketing\\\/cyfe-recensione\\\/\",\"url\":\"https:\\\/\\\/www.accuratereviews.com\\\/it\\\/analisi-marketing\\\/cyfe-recensione\\\/\",\"name\":\"Cyfe: recensione strumento analisi di marketing - Accurate Reviews\",\"isPartOf\":{\"@id\":\"https:\\\/\\\/www.accuratereviews.com\\\/it\\\/#website\"},\"primaryImageOfPage\":{\"@id\":\"https:\\\/\\\/www.accuratereviews.com\\\/it\\\/analisi-marketing\\\/cyfe-recensione\\\/#primaryimage\"},\"image\":{\"@id\":\"https:\\\/\\\/www.accuratereviews.com\\\/it\\\/analisi-marketing\\\/cyfe-recensione\\\/#primaryimage\"},\"thumbnailUrl\":\"https:\\\/\\\/www.accuratereviews.com\\\/wp-content\\\/uploads\\\/2019\\\/11\\\/download.jpg\",\"datePublished\":\"2019-11-25T16:56:56+00:00\",\"dateModified\":\"2021-05-07T13:58:05+00:00\",\"description\":\"Cyfe: recensione dello strumento di analisi di marketing che ti permette di creare un numero illimitato di dashboard e di personalizzarle a tuo piacimento.\",\"breadcrumb\":{\"@id\":\"https:\\\/\\\/www.accuratereviews.com\\\/it\\\/analisi-marketing\\\/cyfe-recensione\\\/#breadcrumb\"},\"inLanguage\":\"it-IT\",\"potentialAction\":[{\"@type\":\"ReadAction\",\"target\":[\"https:\\\/\\\/www.accuratereviews.com\\\/it\\\/analisi-marketing\\\/cyfe-recensione\\\/\"]}]},{\"@type\":\"ImageObject\",\"inLanguage\":\"it-IT\",\"@id\":\"https:\\\/\\\/www.accuratereviews.com\\\/it\\\/analisi-marketing\\\/cyfe-recensione\\\/#primaryimage\",\"url\":\"https:\\\/\\\/www.accuratereviews.com\\\/wp-content\\\/uploads\\\/2019\\\/11\\\/download.jpg\",\"contentUrl\":\"https:\\\/\\\/www.accuratereviews.com\\\/wp-content\\\/uploads\\\/2019\\\/11\\\/download.jpg\",\"width\":358,\"height\":141},{\"@type\":\"BreadcrumbList\",\"@id\":\"https:\\\/\\\/www.accuratereviews.com\\\/it\\\/analisi-marketing\\\/cyfe-recensione\\\/#breadcrumb\",\"itemListElement\":[{\"@type\":\"ListItem\",\"position\":1,\"name\":\"Home\",\"item\":\"https:\\\/\\\/www.accuratereviews.com\\\/it\\\/\"},{\"@type\":\"ListItem\",\"position\":2,\"name\":\"Analisi Marketing\",\"item\":\"https:\\\/\\\/www.accuratereviews.com\\\/it\\\/analisi-marketing\\\/\"},{\"@type\":\"ListItem\",\"position\":3,\"name\":\"Cyfe\"}]},{\"@type\":\"WebSite\",\"@id\":\"https:\\\/\\\/www.accuratereviews.com\\\/it\\\/#website\",\"url\":\"https:\\\/\\\/www.accuratereviews.com\\\/it\\\/\",\"name\":\"Accurate Reviews\",\"description\":\"\",\"potentialAction\":[{\"@type\":\"SearchAction\",\"target\":{\"@type\":\"EntryPoint\",\"urlTemplate\":\"https:\\\/\\\/www.accuratereviews.com\\\/it\\\/?s={search_term_string}\"},\"query-input\":{\"@type\":\"PropertyValueSpecification\",\"valueRequired\":true,\"valueName\":\"search_term_string\"}}],\"inLanguage\":\"it-IT\"}]}<\/script>\n<!-- \/ Yoast SEO plugin. -->","yoast_head_json":{"title":"Cyfe: recensione strumento analisi di marketing - Accurate Reviews","description":"Cyfe: recensione dello strumento di analisi di marketing che ti permette di creare un numero illimitato di dashboard e di personalizzarle a tuo piacimento.","robots":{"index":"index","follow":"follow","max-snippet":"max-snippet:-1","max-image-preview":"max-image-preview:large","max-video-preview":"max-video-preview:-1"},"canonical":"https:\/\/www.accuratereviews.com\/it\/analisi-marketing\/cyfe-recensione\/","og_locale":"it_IT","og_type":"article","og_title":"Cyfe: recensione strumento analisi di marketing - Accurate Reviews","og_description":"Cyfe: recensione dello strumento di analisi di marketing che ti permette di creare un numero illimitato di dashboard e di personalizzarle a tuo piacimento.","og_url":"https:\/\/www.accuratereviews.com\/it\/analisi-marketing\/cyfe-recensione\/","og_site_name":"Accurate Reviews","article_modified_time":"2021-05-07T13:58:05+00:00","og_image":[{"width":358,"height":141,"url":"https:\/\/www.accuratereviews.com\/wp-content\/uploads\/2019\/11\/download.jpg","type":"image\/jpeg"}],"twitter_card":"summary_large_image","twitter_misc":{"Tempo di lettura stimato":"3 minuti"},"schema":{"@context":"https:\/\/schema.org","@graph":[{"@type":"WebPage","@id":"https:\/\/www.accuratereviews.com\/it\/analisi-marketing\/cyfe-recensione\/","url":"https:\/\/www.accuratereviews.com\/it\/analisi-marketing\/cyfe-recensione\/","name":"Cyfe: recensione strumento analisi di marketing - Accurate Reviews","isPartOf":{"@id":"https:\/\/www.accuratereviews.com\/it\/#website"},"primaryImageOfPage":{"@id":"https:\/\/www.accuratereviews.com\/it\/analisi-marketing\/cyfe-recensione\/#primaryimage"},"image":{"@id":"https:\/\/www.accuratereviews.com\/it\/analisi-marketing\/cyfe-recensione\/#primaryimage"},"thumbnailUrl":"https:\/\/www.accuratereviews.com\/wp-content\/uploads\/2019\/11\/download.jpg","datePublished":"2019-11-25T16:56:56+00:00","dateModified":"2021-05-07T13:58:05+00:00","description":"Cyfe: recensione dello strumento di analisi di marketing che ti permette di creare un numero illimitato di dashboard e di personalizzarle a tuo piacimento.","breadcrumb":{"@id":"https:\/\/www.accuratereviews.com\/it\/analisi-marketing\/cyfe-recensione\/#breadcrumb"},"inLanguage":"it-IT","potentialAction":[{"@type":"ReadAction","target":["https:\/\/www.accuratereviews.com\/it\/analisi-marketing\/cyfe-recensione\/"]}]},{"@type":"ImageObject","inLanguage":"it-IT","@id":"https:\/\/www.accuratereviews.com\/it\/analisi-marketing\/cyfe-recensione\/#primaryimage","url":"https:\/\/www.accuratereviews.com\/wp-content\/uploads\/2019\/11\/download.jpg","contentUrl":"https:\/\/www.accuratereviews.com\/wp-content\/uploads\/2019\/11\/download.jpg","width":358,"height":141},{"@type":"BreadcrumbList","@id":"https:\/\/www.accuratereviews.com\/it\/analisi-marketing\/cyfe-recensione\/#breadcrumb","itemListElement":[{"@type":"ListItem","position":1,"name":"Home","item":"https:\/\/www.accuratereviews.com\/it\/"},{"@type":"ListItem","position":2,"name":"Analisi Marketing","item":"https:\/\/www.accuratereviews.com\/it\/analisi-marketing\/"},{"@type":"ListItem","position":3,"name":"Cyfe"}]},{"@type":"WebSite","@id":"https:\/\/www.accuratereviews.com\/it\/#website","url":"https:\/\/www.accuratereviews.com\/it\/","name":"Accurate Reviews","description":"","potentialAction":[{"@type":"SearchAction","target":{"@type":"EntryPoint","urlTemplate":"https:\/\/www.accuratereviews.com\/it\/?s={search_term_string}"},"query-input":{"@type":"PropertyValueSpecification","valueRequired":true,"valueName":"search_term_string"}}],"inLanguage":"it-IT"}]}},"_links":{"self":[{"href":"https:\/\/www.accuratereviews.com\/it\/wp-json\/wp\/v2\/pages\/20521","targetHints":{"allow":["GET"]}}],"collection":[{"href":"https:\/\/www.accuratereviews.com\/it\/wp-json\/wp\/v2\/pages"}],"about":[{"href":"https:\/\/www.accuratereviews.com\/it\/wp-json\/wp\/v2\/types\/page"}],"author":[{"embeddable":true,"href":"https:\/\/www.accuratereviews.com\/it\/wp-json\/wp\/v2\/users\/17"}],"replies":[{"embeddable":true,"href":"https:\/\/www.accuratereviews.com\/it\/wp-json\/wp\/v2\/comments?post=20521"}],"version-history":[{"count":5,"href":"https:\/\/www.accuratereviews.com\/it\/wp-json\/wp\/v2\/pages\/20521\/revisions"}],"predecessor-version":[{"id":42201,"href":"https:\/\/www.accuratereviews.com\/it\/wp-json\/wp\/v2\/pages\/20521\/revisions\/42201"}],"up":[{"embeddable":true,"href":"https:\/\/www.accuratereviews.com\/it\/wp-json\/wp\/v2\/pages\/20408"}],"wp:featuredmedia":[{"embeddable":true,"href":"https:\/\/www.accuratereviews.com\/it\/wp-json\/wp\/v2\/media\/20522"}],"wp:attachment":[{"href":"https:\/\/www.accuratereviews.com\/it\/wp-json\/wp\/v2\/media?parent=20521"}],"wp:term":[{"taxonomy":"category","embeddable":true,"href":"https:\/\/www.accuratereviews.com\/it\/wp-json\/wp\/v2\/categories?post=20521"},{"taxonomy":"post_tag","embeddable":true,"href":"https:\/\/www.accuratereviews.com\/it\/wp-json\/wp\/v2\/tags?post=20521"},{"taxonomy":"features","embeddable":true,"href":"https:\/\/www.accuratereviews.com\/it\/wp-json\/wp\/v2\/features?post=20521"}],"curies":[{"name":"wp","href":"https:\/\/api.w.org\/{rel}","templated":true}]}}