{"id":20535,"date":"2019-11-26T14:23:36","date_gmt":"2019-11-26T14:23:36","guid":{"rendered":"https:\/\/www.accuratereviews.com\/?page_id=20535"},"modified":"2021-05-07T14:33:22","modified_gmt":"2021-05-07T14:33:22","slug":"trackmaven-recensione","status":"publish","type":"page","link":"https:\/\/www.accuratereviews.com\/it\/analisi-marketing\/trackmaven-recensione\/","title":{"rendered":"TrackMaven"},"content":{"rendered":"<p><strong>TrackMaven<\/strong> \u00e8 una potente applicazione di <strong>marketing digitale<\/strong> che consente ai pubblicitari professionisti di creare e attuare solide strategie di mercato e svolgere attivit\u00e0 attraverso l&#8217;intelligenza competitiva. Questo programma\u00a0aiuta le aziende a elaborare strategie di contenuto ottimizzate, analisi delle campagne efficaci, produrre report completi e condividerli con le parti interessate. Puoi implementare campagne di marketing digitale intelligenti su tutti i fronti digitali, inclusi social media, blog, email, notizie, pubblicit\u00e0 digitale e SEO. L&#8217;applicazione estrae informazioni fruibili e di alta qualit\u00e0 dalla concorrenza e utilizza tali dati per migliorare la propria campagna di marketing aziendale.<\/p>\n<h2>TRACKMAVEN &#8211; IMMAGINE<\/h2>\n<p>Ecco un&#8217;immagine che ci mostra come funziona questo <strong>software di analisi marketing<\/strong>:<\/p>\n<p><a href=\"https:\/\/www.accuratereviews.com\/wp-content\/uploads\/2020\/06\/9-Connect-social-to-revenue-Google-Analytics-ECommerce@2x-1-1024x728-1.png\"><img loading=\"lazy\" decoding=\"async\" class=\"aligncenter wp-image-27339 size-full\" src=\"https:\/\/www.accuratereviews.com\/wp-content\/uploads\/2020\/06\/9-Connect-social-to-revenue-Google-Analytics-ECommerce@2x-1-1024x728-1.png\" alt=\"\" width=\"1024\" height=\"728\" srcset=\"https:\/\/www.accuratereviews.com\/wp-content\/uploads\/2020\/06\/9-Connect-social-to-revenue-Google-Analytics-ECommerce@2x-1-1024x728-1.png 1024w, https:\/\/www.accuratereviews.com\/wp-content\/uploads\/2020\/06\/9-Connect-social-to-revenue-Google-Analytics-ECommerce@2x-1-1024x728-1-300x213.png 300w, https:\/\/www.accuratereviews.com\/wp-content\/uploads\/2020\/06\/9-Connect-social-to-revenue-Google-Analytics-ECommerce@2x-1-1024x728-1-768x546.png 768w, https:\/\/www.accuratereviews.com\/wp-content\/uploads\/2020\/06\/9-Connect-social-to-revenue-Google-Analytics-ECommerce@2x-1-1024x728-1-176x125.png 176w, https:\/\/www.accuratereviews.com\/wp-content\/uploads\/2020\/06\/9-Connect-social-to-revenue-Google-Analytics-ECommerce@2x-1-1024x728-1-50x36.png 50w, https:\/\/www.accuratereviews.com\/wp-content\/uploads\/2020\/06\/9-Connect-social-to-revenue-Google-Analytics-ECommerce@2x-1-1024x728-1-968x688.png 968w, https:\/\/www.accuratereviews.com\/wp-content\/uploads\/2020\/06\/9-Connect-social-to-revenue-Google-Analytics-ECommerce@2x-1-1024x728-1-636x452.png 636w, https:\/\/www.accuratereviews.com\/wp-content\/uploads\/2020\/06\/9-Connect-social-to-revenue-Google-Analytics-ECommerce@2x-1-1024x728-1-320x228.png 320w, https:\/\/www.accuratereviews.com\/wp-content\/uploads\/2020\/06\/9-Connect-social-to-revenue-Google-Analytics-ECommerce@2x-1-1024x728-1-239x170.png 239w\" sizes=\"auto, (max-width: 1024px) 100vw, 1024px\" \/><\/a><\/p>\n<p>&nbsp;<\/p>\n<h3>TRACKMAVEN &#8211; CARATTERISTICHE<\/h3>\n<ul>\n<li>Offri una prospettiva basata sui dati sulle prestazioni di marketing con dashboard e report di facile comprensione. Il software allinea il team di marketing attorno a una visione uniforme della tua attivit\u00e0, dai social<\/li>\n<li>Il programma attribuisce un valore in denaro a ogni post di social media e asset di contenuti che crei. Ottimizza le tue campagne in base ai risultati di business: aumento del traffico, conversioni, donazioni e altro ancora<\/li>\n<li>Tieni traccia delle prestazioni del tuo marketing rispetto a concorrenti, colleghi e influenzatori del settore. Migliora la tua leadership di pensiero con la condivisione di rapporti vocali, tendenze degli argomenti e tracciamento degli hashtag<\/li>\n<li>Guarda il quadro generale con rapporti unificati su social media, contenuti e prestazioni del sito Web. Effettua trade-off intelligenti con benchmark prestazionali completi per ciascun canale.<\/li>\n<li>Usa il volume e l&#8217;impatto delle conversazioni online per creare una strategia social pi\u00f9 intelligente per il tuo marchio. Sarai il primo a lanciarsi su argomenti di tendenza e conversazioni con i consumatori<\/li>\n<li>Tieni traccia della spesa pubblicitaria e dell&#8217;andamento del rendimento su Facebook, Twitter, Instagram e LinkedIn in un&#8217;unica dashboard<\/li>\n<li>Osserva i contenuti organici e a pagamento in un unico posto per capire cosa funziona meglio con e senza budget<\/li>\n<li>Gestisci tutto il calendario, la pianificazione e le campagne dei social media in un unico posto. Attiva la tua base di dipendenti con flussi di lavoro e classifiche sostenitori del marchio. Collega l&#8217;attivit\u00e0 social alla tua canalizzazione di vendita con integrazioni di automazione del marketing e CRM<\/li>\n<\/ul>\n<h4>LE RECENSIONI DEGLI UTENTI<\/h4>\n<h4>Geoffrey B. &#8220;Un&#8217;esperienza eccezionale. Ci aiuta nella nostra attivit\u00e0 ogni singolo giorno!&#8221;<\/h4>\n<p><strong>Vantaggi<\/strong>: la mia funzione preferita \u00e8 il modo chiaro per taggare i post. Lo usiamo per taggare tipi di contenuti, eventi che circondano e se includono uno dei nostri partner. Questo ha dimostrato di essere valubale come riassunto di fine anno. Inoltre, fornisce modi semplici e veloci per ordinare i messaggi in base alla qualit\u00e0, nonch\u00e9 i risultati dei grafici non solo per noi, ma per tutti i nostri concorrenti.<\/p>\n<p><strong>Inconvenienti<\/strong>: a volte, la funzionalit\u00e0 grafica pu\u00f2 essere un po&#8217; goffa. Pu\u00f2 essere difficile ottenere i risultati esattamente come li desideri. Inoltre, non ha modo di escludere determinati risultati dalle ricerche (come i post che abbiamo taggato ELIMINATO) o effettuare ricerche &#8220;AND&#8221; quando si cercano post taggati invece di &#8220;OR&#8221; (es. &#8220;Questo tag&#8221; AND &#8220;quel tag &#8220;, non&#8221; questo tag &#8220;OPPURE&#8221; quel tag &#8220;)<\/p>\n<h4>Aly S. &#8220;Uso TM da oltre un anno. Mi piace usarlo per integrare i nostri altri strumenti di analisi.&#8221;<\/h4>\n<p><strong>Commenti<\/strong>: analisi della concorrenza, dashboard, grafici facili da costruire.<\/p>\n<p><strong>Vantaggi<\/strong>: &#8211; Analisi della concorrenza<br \/>\n-Dashboard<br \/>\n&#8211; Guida del servizio clienti (Monica \u00e8 molto utile)<br \/>\n&#8211; Crea i tuoi grafici<\/p>\n<p><strong>Inconvenienti<\/strong>: &#8211; Se si dispone di una legenda di grandi dimensioni, non tutte le legende vengono visualizzate quando si esporta il grafico.<br \/>\n&#8211; Inizialmente abbiamo riscontrato molti problemi con i tag \/ le regole dei tag ma sono stati risolti.<br \/>\n&#8211; Non mi piace che i tempi non coincidano quando crei un grafico rispetto al feed di contenuti.<br \/>\n&#8211; Ero abituato a utilizzare il grafico che mostrava i momenti in cui pubblicare post in base ai concorrenti e mi manca davvero non avere pi\u00f9 quel grafico.<\/p>\n<h4>Ben R. &#8220;Eccellente consiglio sui social media&#8221;<\/h4>\n<p><strong>Commenti<\/strong>: Lo usiamo per utilizzare i dati dei concorrenti nel nostro set di dati per saltare sulle tendenze e pubblicare post sui social media in modo pi\u00f9 efficace.<\/p>\n<p><strong>Vantaggi<\/strong>: ci hanno fornito modi molto concreti per migliorare le nostre prestazioni sui social media e sono bravi a raccogliere altri esempi di migliori pratiche e dati comparativi.<\/p>\n<p><strong>Inconvenienti<\/strong>: non ho lamentele. Fa sempre esattamente quello di cui ho bisogno.<\/p>\n","protected":false},"excerpt":{"rendered":"<p>TrackMaven \u00e8 una potente applicazione di marketing digitale che consente ai pubblicitari professionisti di creare e attuare solide strategie di mercato e svolgere attivit\u00e0 attraverso l&#8217;intelligenza competitiva. Questo programma\u00a0aiuta le aziende a elaborare strategie di contenuto ottimizzate, analisi delle campagne efficaci, produrre report completi e condividerli con le parti interessate.<\/p>\n","protected":false},"author":19,"featured_media":20539,"parent":20408,"menu_order":0,"comment_status":"open","ping_status":"closed","template":"g1_template_page_review_new.php","meta":{"_acf_changed":false,"cwp_meta_box_check":"Yes","cwp_rev_product_name":"","cwp_rev_product_image":"","wppr_links":[],"cwp_rev_price":"","wppr_options":[],"wppr_pros":[],"wppr_cons":[],"_monsterinsights_skip_tracking":false,"_monsterinsights_sitenote_active":false,"_monsterinsights_sitenote_note":"","_monsterinsights_sitenote_category":0,"footnotes":""},"categories":[1490],"tags":[1495,1509,1496,1498,1499,1513],"features":[],"class_list":{"0":"post-20535","1":"page","2":"type-page","3":"status-publish","4":"has-post-thumbnail","6":"category-analisi-marketing","7":"tag-marketing-analytics-software","8":"tag-programma-analisi-di-mercato","9":"tag-programma-analisi-marketing","10":"tag-software-analisi-marketing","11":"tag-soluzione-analisi-marketing","12":"tag-trackmaven"},"wppr_data":{"cwp_meta_box_check":"Yes","cwp_rev_product_name":"","cwp_rev_product_image":"","cwp_image_link":"image","cwp_rev_price":"","wppr_rating":"0.00"},"acf":[],"yoast_head":"<!-- This site is optimized with the Yoast SEO plugin v27.4 - https:\/\/yoast.com\/product\/yoast-seo-wordpress\/ -->\n<title>TrackMaven: recensione software analisi marketing - Accurate Reviews<\/title>\n<meta name=\"description\" content=\"TrackMaven: recensione applicazione di marketing digitale che consente ai pubblicitari professionisti di creare e attuare solide strategie di mercato.\" \/>\n<meta name=\"robots\" content=\"index, follow, max-snippet:-1, max-image-preview:large, max-video-preview:-1\" \/>\n<link rel=\"canonical\" href=\"https:\/\/www.accuratereviews.com\/it\/analisi-marketing\/trackmaven-recensione\/\" \/>\n<meta property=\"og:locale\" content=\"it_IT\" \/>\n<meta property=\"og:type\" content=\"article\" \/>\n<meta property=\"og:title\" content=\"TrackMaven: recensione software analisi marketing - Accurate Reviews\" \/>\n<meta property=\"og:description\" content=\"TrackMaven: recensione applicazione di marketing digitale che consente ai pubblicitari professionisti di creare e attuare solide strategie di mercato.\" \/>\n<meta property=\"og:url\" content=\"https:\/\/www.accuratereviews.com\/it\/analisi-marketing\/trackmaven-recensione\/\" \/>\n<meta property=\"og:site_name\" content=\"Accurate Reviews\" \/>\n<meta property=\"article:modified_time\" content=\"2021-05-07T14:33:22+00:00\" \/>\n<meta property=\"og:image\" content=\"https:\/\/www.accuratereviews.com\/wp-content\/uploads\/2019\/11\/TrackMaven1.png\" \/>\n\t<meta property=\"og:image:width\" content=\"1200\" \/>\n\t<meta property=\"og:image:height\" content=\"704\" \/>\n\t<meta property=\"og:image:type\" content=\"image\/png\" \/>\n<meta name=\"twitter:card\" content=\"summary_large_image\" \/>\n<meta name=\"twitter:label1\" content=\"Tempo di lettura stimato\" \/>\n\t<meta name=\"twitter:data1\" content=\"4 minuti\" \/>\n<script type=\"application\/ld+json\" class=\"yoast-schema-graph\">{\"@context\":\"https:\\\/\\\/schema.org\",\"@graph\":[{\"@type\":\"WebPage\",\"@id\":\"https:\\\/\\\/www.accuratereviews.com\\\/it\\\/analisi-marketing\\\/trackmaven-recensione\\\/\",\"url\":\"https:\\\/\\\/www.accuratereviews.com\\\/it\\\/analisi-marketing\\\/trackmaven-recensione\\\/\",\"name\":\"TrackMaven: recensione software analisi marketing - Accurate Reviews\",\"isPartOf\":{\"@id\":\"https:\\\/\\\/www.accuratereviews.com\\\/it\\\/#website\"},\"primaryImageOfPage\":{\"@id\":\"https:\\\/\\\/www.accuratereviews.com\\\/it\\\/analisi-marketing\\\/trackmaven-recensione\\\/#primaryimage\"},\"image\":{\"@id\":\"https:\\\/\\\/www.accuratereviews.com\\\/it\\\/analisi-marketing\\\/trackmaven-recensione\\\/#primaryimage\"},\"thumbnailUrl\":\"https:\\\/\\\/www.accuratereviews.com\\\/wp-content\\\/uploads\\\/2019\\\/11\\\/TrackMaven1.png\",\"datePublished\":\"2019-11-26T14:23:36+00:00\",\"dateModified\":\"2021-05-07T14:33:22+00:00\",\"description\":\"TrackMaven: recensione applicazione di marketing digitale che consente ai pubblicitari professionisti di creare e attuare solide strategie di mercato.\",\"breadcrumb\":{\"@id\":\"https:\\\/\\\/www.accuratereviews.com\\\/it\\\/analisi-marketing\\\/trackmaven-recensione\\\/#breadcrumb\"},\"inLanguage\":\"it-IT\",\"potentialAction\":[{\"@type\":\"ReadAction\",\"target\":[\"https:\\\/\\\/www.accuratereviews.com\\\/it\\\/analisi-marketing\\\/trackmaven-recensione\\\/\"]}]},{\"@type\":\"ImageObject\",\"inLanguage\":\"it-IT\",\"@id\":\"https:\\\/\\\/www.accuratereviews.com\\\/it\\\/analisi-marketing\\\/trackmaven-recensione\\\/#primaryimage\",\"url\":\"https:\\\/\\\/www.accuratereviews.com\\\/wp-content\\\/uploads\\\/2019\\\/11\\\/TrackMaven1.png\",\"contentUrl\":\"https:\\\/\\\/www.accuratereviews.com\\\/wp-content\\\/uploads\\\/2019\\\/11\\\/TrackMaven1.png\",\"width\":1200,\"height\":704},{\"@type\":\"BreadcrumbList\",\"@id\":\"https:\\\/\\\/www.accuratereviews.com\\\/it\\\/analisi-marketing\\\/trackmaven-recensione\\\/#breadcrumb\",\"itemListElement\":[{\"@type\":\"ListItem\",\"position\":1,\"name\":\"Home\",\"item\":\"https:\\\/\\\/www.accuratereviews.com\\\/it\\\/\"},{\"@type\":\"ListItem\",\"position\":2,\"name\":\"Analisi Marketing\",\"item\":\"https:\\\/\\\/www.accuratereviews.com\\\/it\\\/analisi-marketing\\\/\"},{\"@type\":\"ListItem\",\"position\":3,\"name\":\"TrackMaven\"}]},{\"@type\":\"WebSite\",\"@id\":\"https:\\\/\\\/www.accuratereviews.com\\\/it\\\/#website\",\"url\":\"https:\\\/\\\/www.accuratereviews.com\\\/it\\\/\",\"name\":\"Accurate Reviews\",\"description\":\"\",\"potentialAction\":[{\"@type\":\"SearchAction\",\"target\":{\"@type\":\"EntryPoint\",\"urlTemplate\":\"https:\\\/\\\/www.accuratereviews.com\\\/it\\\/?s={search_term_string}\"},\"query-input\":{\"@type\":\"PropertyValueSpecification\",\"valueRequired\":true,\"valueName\":\"search_term_string\"}}],\"inLanguage\":\"it-IT\"}]}<\/script>\n<!-- \/ Yoast SEO plugin. -->","yoast_head_json":{"title":"TrackMaven: recensione software analisi marketing - Accurate Reviews","description":"TrackMaven: recensione applicazione di marketing digitale che consente ai pubblicitari professionisti di creare e attuare solide strategie di mercato.","robots":{"index":"index","follow":"follow","max-snippet":"max-snippet:-1","max-image-preview":"max-image-preview:large","max-video-preview":"max-video-preview:-1"},"canonical":"https:\/\/www.accuratereviews.com\/it\/analisi-marketing\/trackmaven-recensione\/","og_locale":"it_IT","og_type":"article","og_title":"TrackMaven: recensione software analisi marketing - Accurate Reviews","og_description":"TrackMaven: recensione applicazione di marketing digitale che consente ai pubblicitari professionisti di creare e attuare solide strategie di mercato.","og_url":"https:\/\/www.accuratereviews.com\/it\/analisi-marketing\/trackmaven-recensione\/","og_site_name":"Accurate Reviews","article_modified_time":"2021-05-07T14:33:22+00:00","og_image":[{"width":1200,"height":704,"url":"https:\/\/www.accuratereviews.com\/wp-content\/uploads\/2019\/11\/TrackMaven1.png","type":"image\/png"}],"twitter_card":"summary_large_image","twitter_misc":{"Tempo di lettura stimato":"4 minuti"},"schema":{"@context":"https:\/\/schema.org","@graph":[{"@type":"WebPage","@id":"https:\/\/www.accuratereviews.com\/it\/analisi-marketing\/trackmaven-recensione\/","url":"https:\/\/www.accuratereviews.com\/it\/analisi-marketing\/trackmaven-recensione\/","name":"TrackMaven: recensione software analisi marketing - Accurate Reviews","isPartOf":{"@id":"https:\/\/www.accuratereviews.com\/it\/#website"},"primaryImageOfPage":{"@id":"https:\/\/www.accuratereviews.com\/it\/analisi-marketing\/trackmaven-recensione\/#primaryimage"},"image":{"@id":"https:\/\/www.accuratereviews.com\/it\/analisi-marketing\/trackmaven-recensione\/#primaryimage"},"thumbnailUrl":"https:\/\/www.accuratereviews.com\/wp-content\/uploads\/2019\/11\/TrackMaven1.png","datePublished":"2019-11-26T14:23:36+00:00","dateModified":"2021-05-07T14:33:22+00:00","description":"TrackMaven: recensione applicazione di marketing digitale che consente ai pubblicitari professionisti di creare e attuare solide strategie di mercato.","breadcrumb":{"@id":"https:\/\/www.accuratereviews.com\/it\/analisi-marketing\/trackmaven-recensione\/#breadcrumb"},"inLanguage":"it-IT","potentialAction":[{"@type":"ReadAction","target":["https:\/\/www.accuratereviews.com\/it\/analisi-marketing\/trackmaven-recensione\/"]}]},{"@type":"ImageObject","inLanguage":"it-IT","@id":"https:\/\/www.accuratereviews.com\/it\/analisi-marketing\/trackmaven-recensione\/#primaryimage","url":"https:\/\/www.accuratereviews.com\/wp-content\/uploads\/2019\/11\/TrackMaven1.png","contentUrl":"https:\/\/www.accuratereviews.com\/wp-content\/uploads\/2019\/11\/TrackMaven1.png","width":1200,"height":704},{"@type":"BreadcrumbList","@id":"https:\/\/www.accuratereviews.com\/it\/analisi-marketing\/trackmaven-recensione\/#breadcrumb","itemListElement":[{"@type":"ListItem","position":1,"name":"Home","item":"https:\/\/www.accuratereviews.com\/it\/"},{"@type":"ListItem","position":2,"name":"Analisi Marketing","item":"https:\/\/www.accuratereviews.com\/it\/analisi-marketing\/"},{"@type":"ListItem","position":3,"name":"TrackMaven"}]},{"@type":"WebSite","@id":"https:\/\/www.accuratereviews.com\/it\/#website","url":"https:\/\/www.accuratereviews.com\/it\/","name":"Accurate Reviews","description":"","potentialAction":[{"@type":"SearchAction","target":{"@type":"EntryPoint","urlTemplate":"https:\/\/www.accuratereviews.com\/it\/?s={search_term_string}"},"query-input":{"@type":"PropertyValueSpecification","valueRequired":true,"valueName":"search_term_string"}}],"inLanguage":"it-IT"}]}},"_links":{"self":[{"href":"https:\/\/www.accuratereviews.com\/it\/wp-json\/wp\/v2\/pages\/20535","targetHints":{"allow":["GET"]}}],"collection":[{"href":"https:\/\/www.accuratereviews.com\/it\/wp-json\/wp\/v2\/pages"}],"about":[{"href":"https:\/\/www.accuratereviews.com\/it\/wp-json\/wp\/v2\/types\/page"}],"author":[{"embeddable":true,"href":"https:\/\/www.accuratereviews.com\/it\/wp-json\/wp\/v2\/users\/19"}],"replies":[{"embeddable":true,"href":"https:\/\/www.accuratereviews.com\/it\/wp-json\/wp\/v2\/comments?post=20535"}],"version-history":[{"count":11,"href":"https:\/\/www.accuratereviews.com\/it\/wp-json\/wp\/v2\/pages\/20535\/revisions"}],"predecessor-version":[{"id":42248,"href":"https:\/\/www.accuratereviews.com\/it\/wp-json\/wp\/v2\/pages\/20535\/revisions\/42248"}],"up":[{"embeddable":true,"href":"https:\/\/www.accuratereviews.com\/it\/wp-json\/wp\/v2\/pages\/20408"}],"wp:featuredmedia":[{"embeddable":true,"href":"https:\/\/www.accuratereviews.com\/it\/wp-json\/wp\/v2\/media\/20539"}],"wp:attachment":[{"href":"https:\/\/www.accuratereviews.com\/it\/wp-json\/wp\/v2\/media?parent=20535"}],"wp:term":[{"taxonomy":"category","embeddable":true,"href":"https:\/\/www.accuratereviews.com\/it\/wp-json\/wp\/v2\/categories?post=20535"},{"taxonomy":"post_tag","embeddable":true,"href":"https:\/\/www.accuratereviews.com\/it\/wp-json\/wp\/v2\/tags?post=20535"},{"taxonomy":"features","embeddable":true,"href":"https:\/\/www.accuratereviews.com\/it\/wp-json\/wp\/v2\/features?post=20535"}],"curies":[{"name":"wp","href":"https:\/\/api.w.org\/{rel}","templated":true}]}}