{"id":20551,"date":"2019-11-26T15:45:26","date_gmt":"2019-11-26T15:45:26","guid":{"rendered":"https:\/\/www.accuratereviews.com\/?page_id=20551"},"modified":"2021-05-07T14:27:49","modified_gmt":"2021-05-07T14:27:49","slug":"percolate-recensione","status":"publish","type":"page","link":"https:\/\/www.accuratereviews.com\/it\/analisi-marketing\/percolate-recensione\/","title":{"rendered":"Percolate"},"content":{"rendered":"<p><strong>Percolate<\/strong> \u00e8 un <strong>software di marketing all-in-one<\/strong> utilizzato dai migliori fornitori di servizi di marketing in tutto il mondo che consente la gestione del pubblicit\u00e0 digitale su tutti i canali e una soluzione completa per pianificare, creare ed eseguire. Le funzionalit\u00e0 di pianificazione e gestione delle campagne del software consentono un coordinamento efficace ed efficiente del marketing in tutti i mercati, canali e team. Le funzionalit\u00e0 di content marketing e gestione patrimoniale offrono una solida piattaforma per l&#8217;ispirazione, la distribuzione, la gestione, l&#8217;analisi dei contenuti e altro ancora. Il sistema integrato di gestione delle attivit\u00e0 semplifica il monitoraggio del lavoro dall&#8217;inizio alla fine. <strong>Percolate<\/strong> consente inoltre di pubblicare contenuti su canali di marketing diversi da un unico hub, inclusi canali di marketing social, digitali e tradizionali. <strong>Marketing Analytics<\/strong> \u00e8 anche un ottimo strumento per misurare il marketing dalla generazione delle idee all&#8217;esecuzione, consentendo di monitorare senza sforzo la produttivit\u00e0 del team, la visibilit\u00e0 cross-channel, approfondimenti pi\u00f9 approfonditi sulle prestazioni dei contenuti e evidenziando le aree che richiedono miglioramenti.<\/p>\n<h2>PERCOLATE &#8211; TUTORIAL<\/h2>\n<p>Guarda come questo software pu\u00f2 aiutare il tuo team di marketing a fare di pi\u00f9 con meno tempo, dalla collaborazione alla creativit\u00e0 alla personalizzazione del marketing:<\/p>\n<div id=\"fluid-wrapper-counter-1\" class=\"g1-fluid-wrapper \" style=\"width:686px;\">\n<div style=\"padding-bottom:56.268221574344%;\"><iframe loading=\"lazy\" title=\"Percolate 101\" width=\"686\" height=\"386\" src=\"https:\/\/www.youtube.com\/embed\/zV9HAM4O-b8?feature=oembed&amp;wmode=transparent&amp;autohide=1&amp;autoplay=0&amp;disablekb=0&amp;fs=1&amp;loop=0&amp;enablejsapi=1&amp;rel=0&amp;controls=2&amp;showinfo=0&amp;wmode=transparent&amp;autohide=2&amp;autoplay=0&amp;disablekb=0&amp;fs=1&amp;loop=0&amp;enablejsapi=1&amp;rel=0&amp;controls=2&amp;showinfo=1\" frameborder=\"0\" allow=\"accelerometer; autoplay; encrypted-media; gyroscope; picture-in-picture\" allowfullscreen><\/iframe><\/div>\n<\/div>\n<h3>PERCOLATE &#8211; CARATTERISTICHE<\/h3>\n<ul>\n<li>Elimina le attivit\u00e0 ripetitive di basso valore, creando pi\u00f9 tempo per sviluppare contenuti che contribuiscono ai tuoi obiettivi pi\u00f9 importanti<\/li>\n<li>Codifica la tua strategia in un sistema centrale, tenendo a mente le direttive critiche e assicurando che le esecuzioni si allineino agli obiettivi aziendali<\/li>\n<li>Assicurati che tutti i tuoi materiali di marketing soddisfino le linee guida e gli standard del marchio prima che vengano consegnati sul mercato<\/li>\n<li>Centralizza feedback e comunicazione sulla strategia e sulla produzione di contenuti in un unico ambiente<\/li>\n<li>Ottieni informazioni dettagliate su come vengono pianificati e prodotti i tuoi contenuti.<\/li>\n<\/ul>\n<h4>LE RECENSIONI DEGLI UTENTI<\/h4>\n<h4>Gulshan K. &#8220;Percolate ha reso il mio lavoro pi\u00f9 semplice e questa \u00e8 la cosa pi\u00f9 importante&#8221;<\/h4>\n<p><strong>Vantaggi<\/strong>: Innanzi tutto vorrei notare che lavorare con il calendario e le risorse mensili in Percolate \u00e8 pi\u00f9 comodo che in Excel, come era prima. Inoltre \u00e8 molto pi\u00f9 semplice scaricare risorse da Percolate che tramite trasferimento, poich\u00e9 posso scaricarle quando voglio, posso vedere immediatamente aggiornamenti e modifiche. \u00c8 davvero fantastico.<br \/>\nAnche l&#8217;anno scorso ho suggerito di mettere un&#8217;icona per ogni social network da qualche parte sul pannello laterale e puoi vedere le modifiche, i commenti degli utenti e cos\u00ec via facendo clic sull&#8217;icona di Facebook, Instagram o Twitter. Voglio dire che ogni rete sar\u00e0 separata dalle altre. Ed \u00e8 stato accettato dalla tua parte, l&#8217;ho davvero apprezzato. Ti auguro buona fortuna in futuro. =)<\/p>\n<p><strong>Inconvenienti<\/strong>: In realt\u00e0 ne ho uno.<br \/>\nVorrei suggerire di aggiungere, pannello di ricerca in percolate.<br \/>\nMi spiego perch\u00e9: ogni giorno vengono pubblicate molte foto. Ma quando voglio trovare e controllare le foto pubblicate dai nostri centri commerciali, blogger o utenti (intendo l&#8217;Azerbaigian), dovrei scorrere tutto il giorno per scoprire cosa voglio. A volte mi mancano i commenti o le nuove pubblicazioni.<br \/>\n\u00c8 davvero scomodo. Ed \u00e8 per questo che ti suggerisco di aggiungere il pannello di ricerca sulla pagina Instagram in Percolate. Per esempio:<br \/>\nSe voglio monitorare la pagina di Port Baku Mall, scrivo il nome della pagina nel pannello di ricerca e vedo immediatamente tutti i post, controllo i commenti e cos\u00ec via.<br \/>\nSar\u00e0 meglio che monitorare post generali (di altri paesi, utenti, pagine) per tutto il giorno. Se vuoi, posso inviarti una presentazione. Grazie in anticipo.<\/p>\n<h4>Brendan S. &#8220;Supporto clienti forte. Miglioramento continuo. UX moderna.&#8221;<\/h4>\n<p><strong>Vantaggi<\/strong>: funzionalit\u00e0 di collaborazione e in che modo ti consente di lavorare come desideri, tramite risposta via email, thread di commenti mobili o in piattaforma, pianificazione centralizzata e UX moderna.<\/p>\n<p><strong>Inconvenienti<\/strong>: nessun software si adatta perfettamente alle esigenze di ogni organizzazione &#8211; ci sono sempre piccoli elementi per i quali dobbiamo avere soluzioni manuali &#8211; come una collaborazione al di fuori dello strumento per le PMI delle imprese. Le API della piattaforma social dettano \/ limitano alcune delle funzionalit\u00e0 che Percolate pu\u00f2 fornire. Non penso che l&#8217;opzione mobile sia totalmente presente o intuitiva per una serie di funzioni.<\/p>\n<h4>Kim E. &#8220;Utilizzo di Percolate per la gestione dei social media&#8221;<\/h4>\n<p><strong>Commenti<\/strong>: Attualmente utilizzo Percolate per un cliente di grandi marchi in cui forniamo moderazione e coinvolgimento attraverso questo strumento. Lo strumento \u00e8 in qualche modo facile da usare, ma direi che a prima vista non \u00e8 facile da navigare. Con un breve tutorial, tuttavia, tutto dovrebbe avere senso. Penso che l&#8217;etichettatura delle varie sezioni potrebbe semplificare l&#8217;interfaccia utente.<\/p>\n<p><strong>Vantaggi<\/strong>: la possibilit\u00e0 di vedere pi\u00f9 flussi in una finestra \u00e8 un grande vantaggio.<\/p>\n<p><strong>Inconvenienti<\/strong>: l&#8217;interfaccia utente complessiva sembra un po &#8216;pi\u00f9 complicata di quanto dovrebbe essere.<\/p>\n","protected":false},"excerpt":{"rendered":"<p>Percolate \u00e8 un software di marketing all-in-one utilizzato dai migliori fornitori di servizi di marketing in tutto il mondo che consente la gestione del pubblicit\u00e0 digitale su tutti i canali e una soluzione completa per pianificare, creare ed eseguirlo. Le funzionalit\u00e0 di pianificazione e gestione delle campagne del software consentono un coordinamento efficace ed efficiente del marketing in tutti i mercati, canali e team.<\/p>\n","protected":false},"author":19,"featured_media":20555,"parent":20408,"menu_order":0,"comment_status":"open","ping_status":"closed","template":"g1_template_page_review_new.php","meta":{"_acf_changed":false,"cwp_meta_box_check":"Yes","cwp_rev_product_name":"","cwp_rev_product_image":"","wppr_links":[],"cwp_rev_price":"","wppr_options":[],"wppr_pros":[],"wppr_cons":[],"_monsterinsights_skip_tracking":false,"_monsterinsights_sitenote_active":false,"_monsterinsights_sitenote_note":"","_monsterinsights_sitenote_category":0,"footnotes":""},"categories":[1490],"tags":[1495,1514,1509,1496,1497,1498,1499],"features":[],"class_list":{"0":"post-20551","1":"page","2":"type-page","3":"status-publish","4":"has-post-thumbnail","6":"category-analisi-marketing","7":"tag-marketing-analytics-software","8":"tag-percolate","9":"tag-programma-analisi-di-mercato","10":"tag-programma-analisi-marketing","11":"tag-software-analisi-di-mercato","12":"tag-software-analisi-marketing","13":"tag-soluzione-analisi-marketing"},"wppr_data":{"cwp_meta_box_check":"Yes","cwp_rev_product_name":"","cwp_rev_product_image":"","cwp_image_link":"image","cwp_rev_price":"","wppr_rating":"0.00"},"acf":[],"yoast_head":"<!-- This site is optimized with the Yoast SEO plugin v27.4 - https:\/\/yoast.com\/product\/yoast-seo-wordpress\/ -->\n<title>Percolate: recensione software analisi marketing - Accurate Reviews<\/title>\n<meta name=\"description\" content=\"Percolate: software di marketing all-in-one utilizzato dai migliori fornitori di servizi di marketing in tutto il mondo per la gestione pubblicitaria.\" \/>\n<meta name=\"robots\" content=\"index, follow, max-snippet:-1, max-image-preview:large, max-video-preview:-1\" \/>\n<link rel=\"canonical\" href=\"https:\/\/www.accuratereviews.com\/it\/analisi-marketing\/percolate-recensione\/\" \/>\n<meta property=\"og:locale\" content=\"it_IT\" \/>\n<meta property=\"og:type\" content=\"article\" \/>\n<meta property=\"og:title\" content=\"Percolate: recensione software analisi marketing - Accurate Reviews\" \/>\n<meta property=\"og:description\" content=\"Percolate: software di marketing all-in-one utilizzato dai migliori fornitori di servizi di marketing in tutto il mondo per la gestione pubblicitaria.\" \/>\n<meta property=\"og:url\" content=\"https:\/\/www.accuratereviews.com\/it\/analisi-marketing\/percolate-recensione\/\" \/>\n<meta property=\"og:site_name\" content=\"Accurate Reviews\" \/>\n<meta property=\"article:modified_time\" content=\"2021-05-07T14:27:49+00:00\" \/>\n<meta property=\"og:image\" content=\"https:\/\/www.accuratereviews.com\/wp-content\/uploads\/2019\/11\/Percolate.png\" \/>\n\t<meta property=\"og:image:width\" content=\"530\" \/>\n\t<meta property=\"og:image:height\" content=\"270\" \/>\n\t<meta property=\"og:image:type\" content=\"image\/png\" \/>\n<meta name=\"twitter:card\" content=\"summary_large_image\" \/>\n<meta name=\"twitter:label1\" content=\"Tempo di lettura stimato\" \/>\n\t<meta name=\"twitter:data1\" content=\"4 minuti\" \/>\n<script type=\"application\/ld+json\" class=\"yoast-schema-graph\">{\"@context\":\"https:\\\/\\\/schema.org\",\"@graph\":[{\"@type\":\"WebPage\",\"@id\":\"https:\\\/\\\/www.accuratereviews.com\\\/it\\\/analisi-marketing\\\/percolate-recensione\\\/\",\"url\":\"https:\\\/\\\/www.accuratereviews.com\\\/it\\\/analisi-marketing\\\/percolate-recensione\\\/\",\"name\":\"Percolate: recensione software analisi marketing - Accurate Reviews\",\"isPartOf\":{\"@id\":\"https:\\\/\\\/www.accuratereviews.com\\\/it\\\/#website\"},\"primaryImageOfPage\":{\"@id\":\"https:\\\/\\\/www.accuratereviews.com\\\/it\\\/analisi-marketing\\\/percolate-recensione\\\/#primaryimage\"},\"image\":{\"@id\":\"https:\\\/\\\/www.accuratereviews.com\\\/it\\\/analisi-marketing\\\/percolate-recensione\\\/#primaryimage\"},\"thumbnailUrl\":\"https:\\\/\\\/www.accuratereviews.com\\\/wp-content\\\/uploads\\\/2019\\\/11\\\/Percolate.png\",\"datePublished\":\"2019-11-26T15:45:26+00:00\",\"dateModified\":\"2021-05-07T14:27:49+00:00\",\"description\":\"Percolate: software di marketing all-in-one utilizzato dai migliori fornitori di servizi di marketing in tutto il mondo per la gestione pubblicitaria.\",\"breadcrumb\":{\"@id\":\"https:\\\/\\\/www.accuratereviews.com\\\/it\\\/analisi-marketing\\\/percolate-recensione\\\/#breadcrumb\"},\"inLanguage\":\"it-IT\",\"potentialAction\":[{\"@type\":\"ReadAction\",\"target\":[\"https:\\\/\\\/www.accuratereviews.com\\\/it\\\/analisi-marketing\\\/percolate-recensione\\\/\"]}]},{\"@type\":\"ImageObject\",\"inLanguage\":\"it-IT\",\"@id\":\"https:\\\/\\\/www.accuratereviews.com\\\/it\\\/analisi-marketing\\\/percolate-recensione\\\/#primaryimage\",\"url\":\"https:\\\/\\\/www.accuratereviews.com\\\/wp-content\\\/uploads\\\/2019\\\/11\\\/Percolate.png\",\"contentUrl\":\"https:\\\/\\\/www.accuratereviews.com\\\/wp-content\\\/uploads\\\/2019\\\/11\\\/Percolate.png\",\"width\":530,\"height\":270},{\"@type\":\"BreadcrumbList\",\"@id\":\"https:\\\/\\\/www.accuratereviews.com\\\/it\\\/analisi-marketing\\\/percolate-recensione\\\/#breadcrumb\",\"itemListElement\":[{\"@type\":\"ListItem\",\"position\":1,\"name\":\"Home\",\"item\":\"https:\\\/\\\/www.accuratereviews.com\\\/it\\\/\"},{\"@type\":\"ListItem\",\"position\":2,\"name\":\"Analisi Marketing\",\"item\":\"https:\\\/\\\/www.accuratereviews.com\\\/it\\\/analisi-marketing\\\/\"},{\"@type\":\"ListItem\",\"position\":3,\"name\":\"Percolate\"}]},{\"@type\":\"WebSite\",\"@id\":\"https:\\\/\\\/www.accuratereviews.com\\\/it\\\/#website\",\"url\":\"https:\\\/\\\/www.accuratereviews.com\\\/it\\\/\",\"name\":\"Accurate Reviews\",\"description\":\"\",\"potentialAction\":[{\"@type\":\"SearchAction\",\"target\":{\"@type\":\"EntryPoint\",\"urlTemplate\":\"https:\\\/\\\/www.accuratereviews.com\\\/it\\\/?s={search_term_string}\"},\"query-input\":{\"@type\":\"PropertyValueSpecification\",\"valueRequired\":true,\"valueName\":\"search_term_string\"}}],\"inLanguage\":\"it-IT\"}]}<\/script>\n<!-- \/ Yoast SEO plugin. -->","yoast_head_json":{"title":"Percolate: recensione software analisi marketing - Accurate Reviews","description":"Percolate: software di marketing all-in-one utilizzato dai migliori fornitori di servizi di marketing in tutto il mondo per la gestione pubblicitaria.","robots":{"index":"index","follow":"follow","max-snippet":"max-snippet:-1","max-image-preview":"max-image-preview:large","max-video-preview":"max-video-preview:-1"},"canonical":"https:\/\/www.accuratereviews.com\/it\/analisi-marketing\/percolate-recensione\/","og_locale":"it_IT","og_type":"article","og_title":"Percolate: recensione software analisi marketing - Accurate Reviews","og_description":"Percolate: software di marketing all-in-one utilizzato dai migliori fornitori di servizi di marketing in tutto il mondo per la gestione pubblicitaria.","og_url":"https:\/\/www.accuratereviews.com\/it\/analisi-marketing\/percolate-recensione\/","og_site_name":"Accurate Reviews","article_modified_time":"2021-05-07T14:27:49+00:00","og_image":[{"width":530,"height":270,"url":"https:\/\/www.accuratereviews.com\/wp-content\/uploads\/2019\/11\/Percolate.png","type":"image\/png"}],"twitter_card":"summary_large_image","twitter_misc":{"Tempo di lettura stimato":"4 minuti"},"schema":{"@context":"https:\/\/schema.org","@graph":[{"@type":"WebPage","@id":"https:\/\/www.accuratereviews.com\/it\/analisi-marketing\/percolate-recensione\/","url":"https:\/\/www.accuratereviews.com\/it\/analisi-marketing\/percolate-recensione\/","name":"Percolate: recensione software analisi marketing - Accurate Reviews","isPartOf":{"@id":"https:\/\/www.accuratereviews.com\/it\/#website"},"primaryImageOfPage":{"@id":"https:\/\/www.accuratereviews.com\/it\/analisi-marketing\/percolate-recensione\/#primaryimage"},"image":{"@id":"https:\/\/www.accuratereviews.com\/it\/analisi-marketing\/percolate-recensione\/#primaryimage"},"thumbnailUrl":"https:\/\/www.accuratereviews.com\/wp-content\/uploads\/2019\/11\/Percolate.png","datePublished":"2019-11-26T15:45:26+00:00","dateModified":"2021-05-07T14:27:49+00:00","description":"Percolate: software di marketing all-in-one utilizzato dai migliori fornitori di servizi di marketing in tutto il mondo per la gestione pubblicitaria.","breadcrumb":{"@id":"https:\/\/www.accuratereviews.com\/it\/analisi-marketing\/percolate-recensione\/#breadcrumb"},"inLanguage":"it-IT","potentialAction":[{"@type":"ReadAction","target":["https:\/\/www.accuratereviews.com\/it\/analisi-marketing\/percolate-recensione\/"]}]},{"@type":"ImageObject","inLanguage":"it-IT","@id":"https:\/\/www.accuratereviews.com\/it\/analisi-marketing\/percolate-recensione\/#primaryimage","url":"https:\/\/www.accuratereviews.com\/wp-content\/uploads\/2019\/11\/Percolate.png","contentUrl":"https:\/\/www.accuratereviews.com\/wp-content\/uploads\/2019\/11\/Percolate.png","width":530,"height":270},{"@type":"BreadcrumbList","@id":"https:\/\/www.accuratereviews.com\/it\/analisi-marketing\/percolate-recensione\/#breadcrumb","itemListElement":[{"@type":"ListItem","position":1,"name":"Home","item":"https:\/\/www.accuratereviews.com\/it\/"},{"@type":"ListItem","position":2,"name":"Analisi Marketing","item":"https:\/\/www.accuratereviews.com\/it\/analisi-marketing\/"},{"@type":"ListItem","position":3,"name":"Percolate"}]},{"@type":"WebSite","@id":"https:\/\/www.accuratereviews.com\/it\/#website","url":"https:\/\/www.accuratereviews.com\/it\/","name":"Accurate Reviews","description":"","potentialAction":[{"@type":"SearchAction","target":{"@type":"EntryPoint","urlTemplate":"https:\/\/www.accuratereviews.com\/it\/?s={search_term_string}"},"query-input":{"@type":"PropertyValueSpecification","valueRequired":true,"valueName":"search_term_string"}}],"inLanguage":"it-IT"}]}},"_links":{"self":[{"href":"https:\/\/www.accuratereviews.com\/it\/wp-json\/wp\/v2\/pages\/20551","targetHints":{"allow":["GET"]}}],"collection":[{"href":"https:\/\/www.accuratereviews.com\/it\/wp-json\/wp\/v2\/pages"}],"about":[{"href":"https:\/\/www.accuratereviews.com\/it\/wp-json\/wp\/v2\/types\/page"}],"author":[{"embeddable":true,"href":"https:\/\/www.accuratereviews.com\/it\/wp-json\/wp\/v2\/users\/19"}],"replies":[{"embeddable":true,"href":"https:\/\/www.accuratereviews.com\/it\/wp-json\/wp\/v2\/comments?post=20551"}],"version-history":[{"count":12,"href":"https:\/\/www.accuratereviews.com\/it\/wp-json\/wp\/v2\/pages\/20551\/revisions"}],"predecessor-version":[{"id":42236,"href":"https:\/\/www.accuratereviews.com\/it\/wp-json\/wp\/v2\/pages\/20551\/revisions\/42236"}],"up":[{"embeddable":true,"href":"https:\/\/www.accuratereviews.com\/it\/wp-json\/wp\/v2\/pages\/20408"}],"wp:featuredmedia":[{"embeddable":true,"href":"https:\/\/www.accuratereviews.com\/it\/wp-json\/wp\/v2\/media\/20555"}],"wp:attachment":[{"href":"https:\/\/www.accuratereviews.com\/it\/wp-json\/wp\/v2\/media?parent=20551"}],"wp:term":[{"taxonomy":"category","embeddable":true,"href":"https:\/\/www.accuratereviews.com\/it\/wp-json\/wp\/v2\/categories?post=20551"},{"taxonomy":"post_tag","embeddable":true,"href":"https:\/\/www.accuratereviews.com\/it\/wp-json\/wp\/v2\/tags?post=20551"},{"taxonomy":"features","embeddable":true,"href":"https:\/\/www.accuratereviews.com\/it\/wp-json\/wp\/v2\/features?post=20551"}],"curies":[{"name":"wp","href":"https:\/\/api.w.org\/{rel}","templated":true}]}}