{"id":20568,"date":"2019-11-27T12:56:56","date_gmt":"2019-11-27T12:56:56","guid":{"rendered":"https:\/\/www.accuratereviews.com\/?page_id=20568"},"modified":"2021-05-07T13:54:24","modified_gmt":"2021-05-07T13:54:24","slug":"clevertap-recensione","status":"publish","type":"page","link":"https:\/\/www.accuratereviews.com\/it\/analisi-marketing\/clevertap-recensione\/","title":{"rendered":"CleverTap"},"content":{"rendered":"<p><strong>CleverTap<\/strong> \u00e8 una piattaforma potente, unificata, integrata e completa, che fornisce <strong>analisi di mercato<\/strong>\u00a0in tempo reale e coinvolgimento degli utenti. Utilizzato dai principali marchi globali tra cui Samsung, GO-JEK, Star Network, Sony e molti altri, questo software offre approfondimenti altamente fruibili sui comportamenti e sulle azioni degli utenti in base ai KPI ottimali, agli obiettivi aziendali e alle preferenze individuali dell&#8217;utente.\u00a0Le campagne intelligenti pre-costruite migliorano la fidelizzazione degli utenti, il coinvolgimento delle app e migliorano la monetizzazione immediatamente. Con <strong>CleverTap<\/strong>, puoi pianificare le tue campagne quando vengono attivati \u200b\u200btrigger specifici, assicurando che i tuoi clienti ricevano il giusto valore.<\/p>\n<h2>CLEVERTAP &#8211; TUTORIAL<\/h2>\n<p>Con questo tutorial capirai \u00a0perch\u00e9 migliaia di esperti di marketing e sviluppatori in tutto il mondo utilizzano questo <strong>software di analisi<\/strong> per ottenere informazioni approfondite sui clienti per aumentare la fidelizzazione e il coinvolgimento degli utenti:<\/p>\n<div id=\"fluid-wrapper-counter-1\" class=\"g1-fluid-wrapper \" style=\"width:686px;\">\n<div style=\"padding-bottom:56.268221574344%;\"><iframe loading=\"lazy\" title=\"How to Get Started: CleverTap Mobile Analytics &amp; Engagement Platform\" width=\"515\" height=\"386\" src=\"https:\/\/www.youtube.com\/embed\/videoseries?list=PLTXk2GzdxACioUU-6vGG6Ti8HpyI5Kf5J\" frameborder=\"0\" allow=\"accelerometer; autoplay; encrypted-media; gyroscope; picture-in-picture\" allowfullscreen><\/iframe><\/div>\n<\/div>\n<h3>CLEVERTAP &#8211; CARATTERISTICHE<\/h3>\n<ul>\n<li><strong>Profili utente<\/strong>: ottieni una visione centralizzata e in tempo reale degli utenti unificando i dati dai canali online e offline<\/li>\n<li><strong>API di esportazione \/ importazione dati<\/strong>: accedi ai dati degli utenti e degli eventi da e verso sistemi esterni per analizzare e attivare campagne utente<\/li>\n<li><strong>Download .CSV<\/strong>: ricevi i rapporti CSV giornalieri della campagna direttamente nella tua casella di posta<\/li>\n<li><strong>Esporta in AWS S3<\/strong>: esporta i dati degli eventi nel bucket AWS S3, nel data warehouse o in uno strumento BI<\/li>\n<li><strong>Segmentazione utente dal vivo<\/strong>: monitorare le azioni degli utenti quando si verificano per attivare comunicazioni tempestive che aiutano gli utenti nei momenti chiave<\/li>\n<li><strong>Campagne intelligenti:<\/strong> esegui campagne predefinite create da esperti per fidelizzare gli utenti, favorire il coinvolgimento e ridurre l&#8217;abbandono<\/li>\n<li><strong>Segmentazione psicografica<\/strong>: resta pertinente raggiungendo gli utenti in base ai loro interessi per ottimizzare le campagne con il giusto contesto<\/li>\n<li><strong>Test A \/ B:<\/strong> confronta copie, risorse creative o inviti all&#8217;azione per una messaggistica pi\u00f9 efficace.<\/li>\n<li><strong>Segmentazione RFM:<\/strong> reinventare la segmentazione degli utenti per identificare automaticamente campioni, utenti fedeli, utenti a rischio e altro ancora<\/li>\n<li><strong>Analisi del comportamento dei clienti<\/strong>: utilizza approfondimenti in tempo reale per convalidare le ipotesi e creare strategie di marketing basate sui dati<\/li>\n<li><strong>Dashboard personalizzate<\/strong>: riunire le metriche aziendali critiche in un unico posto per collaborare senza problemi tra i team<\/li>\n<li><strong>Le notifiche push<\/strong>: invia messaggi personalizzati e tempestivi da consegnare direttamente al dispositivo mobile di un utente<\/li>\n<li><strong>Messaggi in app:<\/strong> invia notifiche in app pertinenti in base all&#8217;identit\u00e0 e al comportamento di un utente<\/li>\n<li><strong>SMS \/ Testo<\/strong>: fornire informazioni sensibili al tempo agli utenti con messaggi di testo personalizzati<\/li>\n<li><strong>Posta in arrivo dell&#8217;app mobile:<\/strong> invia messaggi ricchi e persistenti direttamente all&#8217;interno dell&#8217;app senza essere invadenti<\/li>\n<li><strong>Email:<\/strong> coinvolgi gli utenti all&#8217;esterno dell&#8217;applicazione con messaggi di posta elettronica mirati.<\/li>\n<li><strong>Browser Web Push<\/strong>: raggiungi gli utenti direttamente dal loro browser web anche quando non si trovano sul tuo sito web<\/li>\n<li><strong>Pop-up Web desktop e mobili<\/strong>: invia avvisi rapidi e offerte contestuali con popup Web multimediali su siti Web desktop e mobili.<\/li>\n<\/ul>\n<h4>LE RECENSIONI DEGLI UTENTI<\/h4>\n<h4>Keyur S. &#8220;Perfetto per Analytics e coinvolgimento&#8221;<\/h4>\n<p><strong>Vantaggi<\/strong>: Usiamo CleverTap da oltre 4 anni per Pricebaba.com e ora anche nel nostro nuovo prodotto, SahiGST. I risultati sono stati sorprendenti. L&#8217;analisi e il coinvolgimento in un singolo pacchetto sono meravigliosi. \u00c8 abbastanza facile segmentare gli utenti in base a ci\u00f2 che hanno fatto sul sito Web e in tempo troppo reale. I loro imbuti sono i migliori che abbia mai visto: \u00e8 possibile configurarli in pochi secondi. Inoltre, la loro nuova funzione Flows ci ha aiutato a capire esattamente dove l&#8217;utente ha abbandonato e quali azioni sono state eseguite proprio prima. Abbiamo ampiamente utilizzato web pop-up ed e-mail.<br \/>\nHanno un fantastico team di successo dei clienti che \u00e8 stato molto sensibile a tutte le nostre chiamate ed e-mail.<\/p>\n<p><strong>Inconvenienti<\/strong>: il focus \u00e8 pi\u00f9 sulle applicazioni mobili che sul sito Web mentre lo utilizziamo principalmente per i nostri prodotti web. Tuttavia, la parte buona \u00e8 il loro prodotto e il team di supporto riceve feedback positivi e cerca di soddisfare le nostre richieste di funzionalit\u00e0.<\/p>\n<h4><strong>Shakti S. &#8220;Power Infra e coinvolgimento in tempo reale&#8221;<\/strong><\/h4>\n<p><strong>Vantaggi<\/strong>: Uso CleverTap da oltre tre anni. Avevamo provato diversi provider a inviare notifiche push tramite la nostra app, ma nessuno di loro era in grado di gestire il traffico e il carico della nostra base di utenti, soprattutto durante importanti partite sportive o uscite di programmi TV. CleverTap, con una potente infrastruttura, potrebbe facilmente gestire il nostro carico e inviare notifiche in tempo reale a tutti i nostri utenti. Potremmo cos\u00ec programmare e inviare campagne di massa in pochi secondi senza preoccuparci della consegna. CleverTap \u00e8 supportato da un eccellente team di successo dei clienti, che ha facilitato il processo di migrazione e ci ha anche aiutato ad automatizzare una pletora di casi d&#8217;uso di marketing.<\/p>\n<p><strong>Inconvenienti<\/strong>: Beh, con la scala che sono riusciti a creare, hanno bisogno di pi\u00f9 forza lavoro! L&#8217;ironia \u00e8 che sono riusciti a creare un impatto con pochissime risorse di talento.<\/p>\n<p><strong>Sudhama B. &#8220;\u00c8 un ottimo prodotto, abbastanza facile da integrare e iniziare a monitorare il comportamento degli utenti.&#8221;<\/strong><\/p>\n<p><strong>Vantaggi<\/strong>: \u00e8 abbastanza facile da utilizzare e puoi iniziare a tracciare gli eventi degli utenti in anticipo. \u00c8 stato facile impostare anche le disinstallazioni di tracciamento. Ci piace anche come \u00e8 possibile creare queste campagne da mostrare nei popup personalizzati delle app senza inviare alcun codice. Inoltre, troviamo la possibilit\u00e0 di analizzare in dettaglio la sequenza temporale degli eventi delle app dell&#8217;utente per identificare i problemi con il flusso di lavoro e come migliorare la UX. Anche se si tratta del software, dobbiamo aggiungere che hanno un team molto utile. C&#8217;\u00e8 una persona meravigliosa di nome Sumitra, che ci ha dato il supporto di cui avevamo bisogno. Tutto sommato, molto utile!<\/p>\n<p><strong>Inconvenienti<\/strong>: alcune sezioni della dashboard avrebbero potuto essere definite meglio. Ad esempio, vorremmo vedere facilmente le disinstallazioni e quindi identificare rapidamente chi ha disinstallato. Allo stesso modo, vorrei che tu potessi avere la possibilit\u00e0 di creare una vista delle metriche pi\u00f9 importanti e il pannello di controllo avrebbe le impostazioni predefinite al momento dell&#8217;accesso.<\/p>\n","protected":false},"excerpt":{"rendered":"<p>CleverTap \u00e8 una piattaforma potente, unificata, integrata e completa, che fornisce analisi di mercato\u00a0in tempo reale e coinvolgimento degli utenti. Utilizzato dai principali marchi globali tra cui Samsung, GO-JEK, Star Network, Sony e molti altri.<\/p>\n","protected":false},"author":19,"featured_media":20569,"parent":20408,"menu_order":0,"comment_status":"open","ping_status":"closed","template":"g1_template_page_review_new.php","meta":{"_acf_changed":false,"cwp_meta_box_check":"Yes","cwp_rev_product_name":"","cwp_rev_product_image":"","wppr_links":[],"cwp_rev_price":"","wppr_options":[],"wppr_pros":[],"wppr_cons":[],"_monsterinsights_skip_tracking":false,"_monsterinsights_sitenote_active":false,"_monsterinsights_sitenote_note":"","_monsterinsights_sitenote_category":0,"footnotes":""},"categories":[1490],"tags":[1515,1495,1496,1516,1498,1504,1499],"features":[],"class_list":{"0":"post-20568","1":"page","2":"type-page","3":"status-publish","4":"has-post-thumbnail","6":"category-analisi-marketing","7":"tag-clevertap","8":"tag-marketing-analytics-software","9":"tag-programma-analisi-marketing","10":"tag-programma-di-analisi-mercato","11":"tag-software-analisi-marketing","12":"tag-software-analisi-mercato","13":"tag-soluzione-analisi-marketing"},"wppr_data":{"cwp_meta_box_check":"Yes","cwp_rev_product_name":"","cwp_rev_product_image":"","cwp_image_link":"image","cwp_rev_price":"","wppr_rating":"0.00"},"acf":[],"yoast_head":"<!-- This site is optimized with the Yoast SEO plugin v27.4 - https:\/\/yoast.com\/product\/yoast-seo-wordpress\/ -->\n<title>CleverTap: recensione software analisi marketing - Accurate Reviews<\/title>\n<meta name=\"description\" content=\"CleverTap: recensione piattaforma potente, unificata, integrata e completa, che fornisce analisi di mercato\u00a0in tempo reale e coinvolgimento degli utenti.\" \/>\n<meta name=\"robots\" content=\"index, follow, max-snippet:-1, max-image-preview:large, max-video-preview:-1\" \/>\n<link rel=\"canonical\" href=\"https:\/\/www.accuratereviews.com\/it\/analisi-marketing\/clevertap-recensione\/\" \/>\n<meta property=\"og:locale\" content=\"it_IT\" \/>\n<meta property=\"og:type\" content=\"article\" \/>\n<meta property=\"og:title\" content=\"CleverTap: recensione software analisi marketing - Accurate Reviews\" \/>\n<meta property=\"og:description\" content=\"CleverTap: recensione piattaforma potente, unificata, integrata e completa, che fornisce analisi di mercato\u00a0in tempo reale e coinvolgimento degli utenti.\" \/>\n<meta property=\"og:url\" content=\"https:\/\/www.accuratereviews.com\/it\/analisi-marketing\/clevertap-recensione\/\" \/>\n<meta property=\"og:site_name\" content=\"Accurate Reviews\" \/>\n<meta property=\"article:modified_time\" content=\"2021-05-07T13:54:24+00:00\" \/>\n<meta property=\"og:image\" content=\"https:\/\/www.accuratereviews.com\/wp-content\/uploads\/2019\/11\/CleverTap-logo.png\" \/>\n\t<meta property=\"og:image:width\" content=\"1578\" \/>\n\t<meta property=\"og:image:height\" content=\"626\" \/>\n\t<meta property=\"og:image:type\" content=\"image\/png\" \/>\n<meta name=\"twitter:card\" content=\"summary_large_image\" \/>\n<meta name=\"twitter:label1\" content=\"Tempo di lettura stimato\" \/>\n\t<meta name=\"twitter:data1\" content=\"5 minuti\" \/>\n<script type=\"application\/ld+json\" class=\"yoast-schema-graph\">{\"@context\":\"https:\\\/\\\/schema.org\",\"@graph\":[{\"@type\":\"WebPage\",\"@id\":\"https:\\\/\\\/www.accuratereviews.com\\\/it\\\/analisi-marketing\\\/clevertap-recensione\\\/\",\"url\":\"https:\\\/\\\/www.accuratereviews.com\\\/it\\\/analisi-marketing\\\/clevertap-recensione\\\/\",\"name\":\"CleverTap: recensione software analisi marketing - Accurate Reviews\",\"isPartOf\":{\"@id\":\"https:\\\/\\\/www.accuratereviews.com\\\/it\\\/#website\"},\"primaryImageOfPage\":{\"@id\":\"https:\\\/\\\/www.accuratereviews.com\\\/it\\\/analisi-marketing\\\/clevertap-recensione\\\/#primaryimage\"},\"image\":{\"@id\":\"https:\\\/\\\/www.accuratereviews.com\\\/it\\\/analisi-marketing\\\/clevertap-recensione\\\/#primaryimage\"},\"thumbnailUrl\":\"https:\\\/\\\/www.accuratereviews.com\\\/wp-content\\\/uploads\\\/2019\\\/11\\\/CleverTap-logo.png\",\"datePublished\":\"2019-11-27T12:56:56+00:00\",\"dateModified\":\"2021-05-07T13:54:24+00:00\",\"description\":\"CleverTap: recensione piattaforma potente, unificata, integrata e completa, che fornisce analisi di mercato\u00a0in tempo reale e coinvolgimento degli utenti.\",\"breadcrumb\":{\"@id\":\"https:\\\/\\\/www.accuratereviews.com\\\/it\\\/analisi-marketing\\\/clevertap-recensione\\\/#breadcrumb\"},\"inLanguage\":\"it-IT\",\"potentialAction\":[{\"@type\":\"ReadAction\",\"target\":[\"https:\\\/\\\/www.accuratereviews.com\\\/it\\\/analisi-marketing\\\/clevertap-recensione\\\/\"]}]},{\"@type\":\"ImageObject\",\"inLanguage\":\"it-IT\",\"@id\":\"https:\\\/\\\/www.accuratereviews.com\\\/it\\\/analisi-marketing\\\/clevertap-recensione\\\/#primaryimage\",\"url\":\"https:\\\/\\\/www.accuratereviews.com\\\/wp-content\\\/uploads\\\/2019\\\/11\\\/CleverTap-logo.png\",\"contentUrl\":\"https:\\\/\\\/www.accuratereviews.com\\\/wp-content\\\/uploads\\\/2019\\\/11\\\/CleverTap-logo.png\",\"width\":1578,\"height\":626},{\"@type\":\"BreadcrumbList\",\"@id\":\"https:\\\/\\\/www.accuratereviews.com\\\/it\\\/analisi-marketing\\\/clevertap-recensione\\\/#breadcrumb\",\"itemListElement\":[{\"@type\":\"ListItem\",\"position\":1,\"name\":\"Home\",\"item\":\"https:\\\/\\\/www.accuratereviews.com\\\/it\\\/\"},{\"@type\":\"ListItem\",\"position\":2,\"name\":\"Analisi Marketing\",\"item\":\"https:\\\/\\\/www.accuratereviews.com\\\/it\\\/analisi-marketing\\\/\"},{\"@type\":\"ListItem\",\"position\":3,\"name\":\"CleverTap\"}]},{\"@type\":\"WebSite\",\"@id\":\"https:\\\/\\\/www.accuratereviews.com\\\/it\\\/#website\",\"url\":\"https:\\\/\\\/www.accuratereviews.com\\\/it\\\/\",\"name\":\"Accurate Reviews\",\"description\":\"\",\"potentialAction\":[{\"@type\":\"SearchAction\",\"target\":{\"@type\":\"EntryPoint\",\"urlTemplate\":\"https:\\\/\\\/www.accuratereviews.com\\\/it\\\/?s={search_term_string}\"},\"query-input\":{\"@type\":\"PropertyValueSpecification\",\"valueRequired\":true,\"valueName\":\"search_term_string\"}}],\"inLanguage\":\"it-IT\"}]}<\/script>\n<!-- \/ Yoast SEO plugin. -->","yoast_head_json":{"title":"CleverTap: recensione software analisi marketing - Accurate Reviews","description":"CleverTap: recensione piattaforma potente, unificata, integrata e completa, che fornisce analisi di mercato\u00a0in tempo reale e coinvolgimento degli utenti.","robots":{"index":"index","follow":"follow","max-snippet":"max-snippet:-1","max-image-preview":"max-image-preview:large","max-video-preview":"max-video-preview:-1"},"canonical":"https:\/\/www.accuratereviews.com\/it\/analisi-marketing\/clevertap-recensione\/","og_locale":"it_IT","og_type":"article","og_title":"CleverTap: recensione software analisi marketing - Accurate Reviews","og_description":"CleverTap: recensione piattaforma potente, unificata, integrata e completa, che fornisce analisi di mercato\u00a0in tempo reale e coinvolgimento degli utenti.","og_url":"https:\/\/www.accuratereviews.com\/it\/analisi-marketing\/clevertap-recensione\/","og_site_name":"Accurate Reviews","article_modified_time":"2021-05-07T13:54:24+00:00","og_image":[{"width":1578,"height":626,"url":"https:\/\/www.accuratereviews.com\/wp-content\/uploads\/2019\/11\/CleverTap-logo.png","type":"image\/png"}],"twitter_card":"summary_large_image","twitter_misc":{"Tempo di lettura stimato":"5 minuti"},"schema":{"@context":"https:\/\/schema.org","@graph":[{"@type":"WebPage","@id":"https:\/\/www.accuratereviews.com\/it\/analisi-marketing\/clevertap-recensione\/","url":"https:\/\/www.accuratereviews.com\/it\/analisi-marketing\/clevertap-recensione\/","name":"CleverTap: recensione software analisi marketing - Accurate Reviews","isPartOf":{"@id":"https:\/\/www.accuratereviews.com\/it\/#website"},"primaryImageOfPage":{"@id":"https:\/\/www.accuratereviews.com\/it\/analisi-marketing\/clevertap-recensione\/#primaryimage"},"image":{"@id":"https:\/\/www.accuratereviews.com\/it\/analisi-marketing\/clevertap-recensione\/#primaryimage"},"thumbnailUrl":"https:\/\/www.accuratereviews.com\/wp-content\/uploads\/2019\/11\/CleverTap-logo.png","datePublished":"2019-11-27T12:56:56+00:00","dateModified":"2021-05-07T13:54:24+00:00","description":"CleverTap: recensione piattaforma potente, unificata, integrata e completa, che fornisce analisi di mercato\u00a0in tempo reale e coinvolgimento degli utenti.","breadcrumb":{"@id":"https:\/\/www.accuratereviews.com\/it\/analisi-marketing\/clevertap-recensione\/#breadcrumb"},"inLanguage":"it-IT","potentialAction":[{"@type":"ReadAction","target":["https:\/\/www.accuratereviews.com\/it\/analisi-marketing\/clevertap-recensione\/"]}]},{"@type":"ImageObject","inLanguage":"it-IT","@id":"https:\/\/www.accuratereviews.com\/it\/analisi-marketing\/clevertap-recensione\/#primaryimage","url":"https:\/\/www.accuratereviews.com\/wp-content\/uploads\/2019\/11\/CleverTap-logo.png","contentUrl":"https:\/\/www.accuratereviews.com\/wp-content\/uploads\/2019\/11\/CleverTap-logo.png","width":1578,"height":626},{"@type":"BreadcrumbList","@id":"https:\/\/www.accuratereviews.com\/it\/analisi-marketing\/clevertap-recensione\/#breadcrumb","itemListElement":[{"@type":"ListItem","position":1,"name":"Home","item":"https:\/\/www.accuratereviews.com\/it\/"},{"@type":"ListItem","position":2,"name":"Analisi Marketing","item":"https:\/\/www.accuratereviews.com\/it\/analisi-marketing\/"},{"@type":"ListItem","position":3,"name":"CleverTap"}]},{"@type":"WebSite","@id":"https:\/\/www.accuratereviews.com\/it\/#website","url":"https:\/\/www.accuratereviews.com\/it\/","name":"Accurate Reviews","description":"","potentialAction":[{"@type":"SearchAction","target":{"@type":"EntryPoint","urlTemplate":"https:\/\/www.accuratereviews.com\/it\/?s={search_term_string}"},"query-input":{"@type":"PropertyValueSpecification","valueRequired":true,"valueName":"search_term_string"}}],"inLanguage":"it-IT"}]}},"_links":{"self":[{"href":"https:\/\/www.accuratereviews.com\/it\/wp-json\/wp\/v2\/pages\/20568","targetHints":{"allow":["GET"]}}],"collection":[{"href":"https:\/\/www.accuratereviews.com\/it\/wp-json\/wp\/v2\/pages"}],"about":[{"href":"https:\/\/www.accuratereviews.com\/it\/wp-json\/wp\/v2\/types\/page"}],"author":[{"embeddable":true,"href":"https:\/\/www.accuratereviews.com\/it\/wp-json\/wp\/v2\/users\/19"}],"replies":[{"embeddable":true,"href":"https:\/\/www.accuratereviews.com\/it\/wp-json\/wp\/v2\/comments?post=20568"}],"version-history":[{"count":11,"href":"https:\/\/www.accuratereviews.com\/it\/wp-json\/wp\/v2\/pages\/20568\/revisions"}],"predecessor-version":[{"id":42193,"href":"https:\/\/www.accuratereviews.com\/it\/wp-json\/wp\/v2\/pages\/20568\/revisions\/42193"}],"up":[{"embeddable":true,"href":"https:\/\/www.accuratereviews.com\/it\/wp-json\/wp\/v2\/pages\/20408"}],"wp:featuredmedia":[{"embeddable":true,"href":"https:\/\/www.accuratereviews.com\/it\/wp-json\/wp\/v2\/media\/20569"}],"wp:attachment":[{"href":"https:\/\/www.accuratereviews.com\/it\/wp-json\/wp\/v2\/media?parent=20568"}],"wp:term":[{"taxonomy":"category","embeddable":true,"href":"https:\/\/www.accuratereviews.com\/it\/wp-json\/wp\/v2\/categories?post=20568"},{"taxonomy":"post_tag","embeddable":true,"href":"https:\/\/www.accuratereviews.com\/it\/wp-json\/wp\/v2\/tags?post=20568"},{"taxonomy":"features","embeddable":true,"href":"https:\/\/www.accuratereviews.com\/it\/wp-json\/wp\/v2\/features?post=20568"}],"curies":[{"name":"wp","href":"https:\/\/api.w.org\/{rel}","templated":true}]}}