{"id":20588,"date":"2019-11-27T12:58:30","date_gmt":"2019-11-27T12:58:30","guid":{"rendered":"https:\/\/www.accuratereviews.com\/?page_id=20588"},"modified":"2021-05-07T13:59:56","modified_gmt":"2021-05-07T13:59:56","slug":"improvado-recensione","status":"publish","type":"page","link":"https:\/\/www.accuratereviews.com\/it\/analisi-marketing\/improvado-recensione\/","title":{"rendered":"Improvado"},"content":{"rendered":"<p><strong>Improvado<\/strong> offre <strong>soluzioni middleware<\/strong> che collegano i dati di marketing a una variet\u00e0 di piattaforme e aiutano le aziende a consolidare i loro dati in quasi tutti i sistemi di visualizzazione. Le integrazioni con oltre 150 piattaforme garantiscono alle aziende di ottenere il massimo dai propri dati di marketing. La piattaforma consente agli utenti non tecnici di iniziare e configurare la piattaforma senza richiedere sviluppatori. Ci\u00f2 riduce al minimo la seccatura legata all&#8217;automazione e alla mappatura dei dati di marketing e alla creazione e visualizzazione di report personalizzati.\u00a0<strong>Improvado<\/strong> offre lo strumento di reporting <strong>Automated Marketing Dashboard<\/strong> per connettere e visualizzare dati di marketing, marketing ETL (estrarre, trasformare e caricare) per inviare dati ad altri strumenti di Business Intelligence e United API \/ ETL per i processi aziendali. Queste soluzioni aiutano le aziende a automatizzare la gestione dei dati e a evitare che debbano affrontare le parti difficili e tecniche del processo.<\/p>\n<h2>IMPROVADO &#8211; TUTORIAL<\/h2>\n<p>Guardiamo come questo<strong> programma di marketing<\/strong> \u00e8 integrato con le principali piattaforme Facebook, Google Analytics, annunci Bing, MailChimp, Shopify ecc.:<\/p>\n<div id=\"fluid-wrapper-counter-1\" class=\"g1-fluid-wrapper \" style=\"width:686px;\">\n<div style=\"padding-bottom:56.268221574344%;\"><iframe loading=\"lazy\" title=\"5 Minute Demo\" width=\"686\" height=\"386\" src=\"https:\/\/www.youtube.com\/embed\/Ie-p1Bx8Kw4?feature=oembed&amp;wmode=transparent&amp;autohide=1&amp;autoplay=0&amp;disablekb=0&amp;fs=1&amp;loop=0&amp;enablejsapi=1&amp;rel=0&amp;controls=2&amp;showinfo=0&amp;wmode=transparent&amp;autohide=2&amp;autoplay=0&amp;disablekb=0&amp;fs=1&amp;loop=0&amp;enablejsapi=1&amp;rel=0&amp;controls=2&amp;showinfo=1\" frameborder=\"0\" allow=\"accelerometer; autoplay; encrypted-media; gyroscope; picture-in-picture\" allowfullscreen><\/iframe><\/div>\n<\/div>\n<h3>IMPROVADO &#8211; CARATTERISTICHE<\/h3>\n<ul>\n<li>Rapporto sui canali di annunci. Ottieni una gestione dei tuoi canali e campagne pubblicitarie<\/li>\n<li>Misura e confronta tutte le metriche necessarie in un&#8217;unica interfaccia<\/li>\n<li>Visualizza i tuoi dati tramite la piattaforma di reporting<\/li>\n<li>Ottimizza le tue campagne e prendi una decisione in base ai numeri<\/li>\n<li>Calcola automaticamente le metriche delle prestazioni<\/li>\n<li>Tieni traccia dei percorsi di conversione dei tuoi utenti e conducili a te<\/li>\n<li>Migliora il tuo marketing comprendendo l&#8217;attribuzione cross cannello<\/li>\n<li>Scopri in che modo ciascuna campagna contribuisce al budget e all&#8217;indicatore KPI.<\/li>\n<\/ul>\n<h4>LE RECENSIONI DEGLI UTENTI<\/h4>\n<h4>Terry W. &#8220;Improvado alimenta perfettamente tutti i nostri rapporti sulla piattaforma di ecommerce e pubblicit\u00e0 a pagamento. Lo adoriamo.&#8221;<\/h4>\n<p><strong>Vantaggi<\/strong>: potente. Quantit\u00e0 immensa di API da agganciare alle piattaforme e aggiungerne sempre di pi\u00f9. Ottima integrazione di Fogli Google. Supporto clienti solido &#8211; super reattivo. Molto dettagliato e completo sulla raccolta dei dati. Letteralmente centinaia di campi vengono importati da varie piattaforme ed \u00e8 facile per l&#8217;utente personalizzare il modo in cui misurano e visualizzano i dati. La maggior parte delle piattaforme di segnalazione avr\u00e0 un bell&#8217;aspetto fino a quando non troverai l&#8217;unico difetto fatale che significa che non puoi utilizzarlo per il tuo caso. Non ci siamo mai imbattuti in questo con Improvado, e stanno sempre migliorando.<\/p>\n<p><strong>Inconvenienti<\/strong>: Mi piacerebbe avere alcune funzionalit\u00e0 di preparazione e trasformazione dei dati per portare le cose al livello successivo.<\/p>\n<h4>Scott H. &#8220;Partner ottimo per il cliente che risparmia tempo&#8221;<\/h4>\n<p><strong>Commenti<\/strong>: L&#8217;intero team dall&#8217;inizio alla fine \u00e8 stato fantastico lavorare con loro e affrontano i problemi in modo rapido ed efficace.<\/p>\n<p><strong>Vantaggi<\/strong>: la flessibilit\u00e0 \u00e8 abbastanza buona. Conosco le sfide che questo settore deve affrontare quando si costruisce un prodotto che ha pi\u00f9 clienti con una miriade di requisiti. Improvado fa un ottimo lavoro nel consentire la flessibilit\u00e0 delle richieste di output variabili.<\/p>\n<p><strong>Inconvenienti<\/strong>: non \u00e8 necessariamente quello che non mi piace del software, ma piuttosto della mancanza di statistiche universali su tutte le piattaforme che consentono pi\u00f9 dati comparativi. Se apri due sessioni sullo stesso rapporto, puoi fare un confronto fianco a fianco, ma nel momento in cui scavi pi\u00f9 a fondo entrambi tornano all&#8217;ultimo intervallo di date precedenti.<\/p>\n<h4>Brian C. &#8220;Con Improvado risparmiamo enormi quantit\u00e0 di tempo e abbiamo standardizzato i nostri rapporti&#8221;<\/h4>\n<p><strong>Commenti<\/strong>: Il nostro processo di onboarding di nuovi clienti e di generazione di report mese dopo mese \u00e8 diventato molto pi\u00f9 efficiente e molto pi\u00f9 veloce da quando \u00e8 stato implementato Improvado. Sfruttiamo anche con successo alcune delle loro opzioni di visualizzazione di terze parti, in particolare Fogli Google.<\/p>\n<p><strong>Vantaggi<\/strong>: Improvado ci ha permesso di adattare rapidamente i nostri rapporti e di fornire decine di rapporti multi-pagina e multi-canale in pochi giorni al mese. Il team di supporto di Improvado \u00e8 paziente e focalizzato sulle nostre priorit\u00e0. Sono diventati sempre pi\u00f9 bravi a scavare e rimanere su un problema fino a quando non viene risolto.<\/p>\n<p><strong>Inconvenienti<\/strong>: in quanto relativamente piccoli nel loro campo, abbiamo trovato altre piattaforme con pi\u00f9 origini dati integrate e pi\u00f9 widget pronti all&#8217;uso. D&#8217;altra parte, il team di Improvado ha creato numerose soluzioni personalizzate per noi come parte del pacchetto in corso. Non dicono mai di no a nessuna richiesta ragionevole.<\/p>\n","protected":false},"excerpt":{"rendered":"<p>Improvado offre soluzioni middleware che collegano i dati di marketing a una variet\u00e0 di piattaforme e aiutano le aziende a consolidare i loro dati in quasi tutti i sistemi di visualizzazione. Le integrazioni con oltre 150 piattaforme garantiscono alle aziende di ottenere il massimo dai propri dati di marketing.<\/p>\n","protected":false},"author":19,"featured_media":20589,"parent":20408,"menu_order":0,"comment_status":"open","ping_status":"closed","template":"g1_template_page_review_new.php","meta":{"_acf_changed":false,"cwp_meta_box_check":"Yes","cwp_rev_product_name":"","cwp_rev_product_image":"","wppr_links":[],"cwp_rev_price":"","wppr_options":[],"wppr_pros":[],"wppr_cons":[],"_monsterinsights_skip_tracking":false,"_monsterinsights_sitenote_active":false,"_monsterinsights_sitenote_note":"","_monsterinsights_sitenote_category":0,"footnotes":""},"categories":[1490],"tags":[1517,1496,1518,1498,1499,643],"features":[],"class_list":{"0":"post-20588","1":"page","2":"type-page","3":"status-publish","4":"has-post-thumbnail","6":"category-analisi-marketing","7":"tag-improvado","8":"tag-programma-analisi-marketing","9":"tag-programma-marketing","10":"tag-software-analisi-marketing","11":"tag-soluzione-analisi-marketing","12":"tag-soluzione-marketing"},"wppr_data":{"cwp_meta_box_check":"Yes","cwp_rev_product_name":"","cwp_rev_product_image":"","cwp_image_link":"image","cwp_rev_price":"","wppr_rating":"0.00"},"acf":[],"yoast_head":"<!-- This site is optimized with the Yoast SEO plugin v27.4 - https:\/\/yoast.com\/product\/yoast-seo-wordpress\/ -->\n<title>Improvado: recensione software analisi marketing - Accurate Reviews<\/title>\n<meta name=\"description\" content=\"Improvado: recensione soluzione middleware che collegano i dati di marketing a una variet\u00e0 di piattaforme e aiutano le aziende a consolidare i loro dati.\" \/>\n<meta name=\"robots\" content=\"index, follow, max-snippet:-1, max-image-preview:large, max-video-preview:-1\" \/>\n<link rel=\"canonical\" href=\"https:\/\/www.accuratereviews.com\/it\/analisi-marketing\/improvado-recensione\/\" \/>\n<meta property=\"og:locale\" content=\"it_IT\" \/>\n<meta property=\"og:type\" content=\"article\" \/>\n<meta property=\"og:title\" content=\"Improvado: recensione software analisi marketing - Accurate Reviews\" \/>\n<meta property=\"og:description\" content=\"Improvado: recensione soluzione middleware che collegano i dati di marketing a una variet\u00e0 di piattaforme e aiutano le aziende a consolidare i loro dati.\" \/>\n<meta property=\"og:url\" content=\"https:\/\/www.accuratereviews.com\/it\/analisi-marketing\/improvado-recensione\/\" \/>\n<meta property=\"og:site_name\" content=\"Accurate Reviews\" \/>\n<meta property=\"article:modified_time\" content=\"2021-05-07T13:59:56+00:00\" \/>\n<meta property=\"og:image\" content=\"https:\/\/www.accuratereviews.com\/wp-content\/uploads\/2019\/11\/improvado.png\" \/>\n\t<meta property=\"og:image:width\" content=\"771\" \/>\n\t<meta property=\"og:image:height\" content=\"245\" \/>\n\t<meta property=\"og:image:type\" content=\"image\/png\" \/>\n<meta name=\"twitter:card\" content=\"summary_large_image\" \/>\n<meta name=\"twitter:label1\" content=\"Tempo di lettura stimato\" \/>\n\t<meta name=\"twitter:data1\" content=\"4 minuti\" \/>\n<script type=\"application\/ld+json\" class=\"yoast-schema-graph\">{\"@context\":\"https:\\\/\\\/schema.org\",\"@graph\":[{\"@type\":\"WebPage\",\"@id\":\"https:\\\/\\\/www.accuratereviews.com\\\/it\\\/analisi-marketing\\\/improvado-recensione\\\/\",\"url\":\"https:\\\/\\\/www.accuratereviews.com\\\/it\\\/analisi-marketing\\\/improvado-recensione\\\/\",\"name\":\"Improvado: recensione software analisi marketing - Accurate Reviews\",\"isPartOf\":{\"@id\":\"https:\\\/\\\/www.accuratereviews.com\\\/it\\\/#website\"},\"primaryImageOfPage\":{\"@id\":\"https:\\\/\\\/www.accuratereviews.com\\\/it\\\/analisi-marketing\\\/improvado-recensione\\\/#primaryimage\"},\"image\":{\"@id\":\"https:\\\/\\\/www.accuratereviews.com\\\/it\\\/analisi-marketing\\\/improvado-recensione\\\/#primaryimage\"},\"thumbnailUrl\":\"https:\\\/\\\/www.accuratereviews.com\\\/wp-content\\\/uploads\\\/2019\\\/11\\\/improvado.png\",\"datePublished\":\"2019-11-27T12:58:30+00:00\",\"dateModified\":\"2021-05-07T13:59:56+00:00\",\"description\":\"Improvado: recensione soluzione middleware che collegano i dati di marketing a una variet\u00e0 di piattaforme e aiutano le aziende a consolidare i loro dati.\",\"breadcrumb\":{\"@id\":\"https:\\\/\\\/www.accuratereviews.com\\\/it\\\/analisi-marketing\\\/improvado-recensione\\\/#breadcrumb\"},\"inLanguage\":\"it-IT\",\"potentialAction\":[{\"@type\":\"ReadAction\",\"target\":[\"https:\\\/\\\/www.accuratereviews.com\\\/it\\\/analisi-marketing\\\/improvado-recensione\\\/\"]}]},{\"@type\":\"ImageObject\",\"inLanguage\":\"it-IT\",\"@id\":\"https:\\\/\\\/www.accuratereviews.com\\\/it\\\/analisi-marketing\\\/improvado-recensione\\\/#primaryimage\",\"url\":\"https:\\\/\\\/www.accuratereviews.com\\\/wp-content\\\/uploads\\\/2019\\\/11\\\/improvado.png\",\"contentUrl\":\"https:\\\/\\\/www.accuratereviews.com\\\/wp-content\\\/uploads\\\/2019\\\/11\\\/improvado.png\",\"width\":771,\"height\":245},{\"@type\":\"BreadcrumbList\",\"@id\":\"https:\\\/\\\/www.accuratereviews.com\\\/it\\\/analisi-marketing\\\/improvado-recensione\\\/#breadcrumb\",\"itemListElement\":[{\"@type\":\"ListItem\",\"position\":1,\"name\":\"Home\",\"item\":\"https:\\\/\\\/www.accuratereviews.com\\\/it\\\/\"},{\"@type\":\"ListItem\",\"position\":2,\"name\":\"Analisi Marketing\",\"item\":\"https:\\\/\\\/www.accuratereviews.com\\\/it\\\/analisi-marketing\\\/\"},{\"@type\":\"ListItem\",\"position\":3,\"name\":\"Improvado\"}]},{\"@type\":\"WebSite\",\"@id\":\"https:\\\/\\\/www.accuratereviews.com\\\/it\\\/#website\",\"url\":\"https:\\\/\\\/www.accuratereviews.com\\\/it\\\/\",\"name\":\"Accurate Reviews\",\"description\":\"\",\"potentialAction\":[{\"@type\":\"SearchAction\",\"target\":{\"@type\":\"EntryPoint\",\"urlTemplate\":\"https:\\\/\\\/www.accuratereviews.com\\\/it\\\/?s={search_term_string}\"},\"query-input\":{\"@type\":\"PropertyValueSpecification\",\"valueRequired\":true,\"valueName\":\"search_term_string\"}}],\"inLanguage\":\"it-IT\"}]}<\/script>\n<!-- \/ Yoast SEO plugin. -->","yoast_head_json":{"title":"Improvado: recensione software analisi marketing - Accurate Reviews","description":"Improvado: recensione soluzione middleware che collegano i dati di marketing a una variet\u00e0 di piattaforme e aiutano le aziende a consolidare i loro dati.","robots":{"index":"index","follow":"follow","max-snippet":"max-snippet:-1","max-image-preview":"max-image-preview:large","max-video-preview":"max-video-preview:-1"},"canonical":"https:\/\/www.accuratereviews.com\/it\/analisi-marketing\/improvado-recensione\/","og_locale":"it_IT","og_type":"article","og_title":"Improvado: recensione software analisi marketing - Accurate Reviews","og_description":"Improvado: recensione soluzione middleware che collegano i dati di marketing a una variet\u00e0 di piattaforme e aiutano le aziende a consolidare i loro dati.","og_url":"https:\/\/www.accuratereviews.com\/it\/analisi-marketing\/improvado-recensione\/","og_site_name":"Accurate Reviews","article_modified_time":"2021-05-07T13:59:56+00:00","og_image":[{"width":771,"height":245,"url":"https:\/\/www.accuratereviews.com\/wp-content\/uploads\/2019\/11\/improvado.png","type":"image\/png"}],"twitter_card":"summary_large_image","twitter_misc":{"Tempo di lettura stimato":"4 minuti"},"schema":{"@context":"https:\/\/schema.org","@graph":[{"@type":"WebPage","@id":"https:\/\/www.accuratereviews.com\/it\/analisi-marketing\/improvado-recensione\/","url":"https:\/\/www.accuratereviews.com\/it\/analisi-marketing\/improvado-recensione\/","name":"Improvado: recensione software analisi marketing - Accurate Reviews","isPartOf":{"@id":"https:\/\/www.accuratereviews.com\/it\/#website"},"primaryImageOfPage":{"@id":"https:\/\/www.accuratereviews.com\/it\/analisi-marketing\/improvado-recensione\/#primaryimage"},"image":{"@id":"https:\/\/www.accuratereviews.com\/it\/analisi-marketing\/improvado-recensione\/#primaryimage"},"thumbnailUrl":"https:\/\/www.accuratereviews.com\/wp-content\/uploads\/2019\/11\/improvado.png","datePublished":"2019-11-27T12:58:30+00:00","dateModified":"2021-05-07T13:59:56+00:00","description":"Improvado: recensione soluzione middleware che collegano i dati di marketing a una variet\u00e0 di piattaforme e aiutano le aziende a consolidare i loro dati.","breadcrumb":{"@id":"https:\/\/www.accuratereviews.com\/it\/analisi-marketing\/improvado-recensione\/#breadcrumb"},"inLanguage":"it-IT","potentialAction":[{"@type":"ReadAction","target":["https:\/\/www.accuratereviews.com\/it\/analisi-marketing\/improvado-recensione\/"]}]},{"@type":"ImageObject","inLanguage":"it-IT","@id":"https:\/\/www.accuratereviews.com\/it\/analisi-marketing\/improvado-recensione\/#primaryimage","url":"https:\/\/www.accuratereviews.com\/wp-content\/uploads\/2019\/11\/improvado.png","contentUrl":"https:\/\/www.accuratereviews.com\/wp-content\/uploads\/2019\/11\/improvado.png","width":771,"height":245},{"@type":"BreadcrumbList","@id":"https:\/\/www.accuratereviews.com\/it\/analisi-marketing\/improvado-recensione\/#breadcrumb","itemListElement":[{"@type":"ListItem","position":1,"name":"Home","item":"https:\/\/www.accuratereviews.com\/it\/"},{"@type":"ListItem","position":2,"name":"Analisi Marketing","item":"https:\/\/www.accuratereviews.com\/it\/analisi-marketing\/"},{"@type":"ListItem","position":3,"name":"Improvado"}]},{"@type":"WebSite","@id":"https:\/\/www.accuratereviews.com\/it\/#website","url":"https:\/\/www.accuratereviews.com\/it\/","name":"Accurate Reviews","description":"","potentialAction":[{"@type":"SearchAction","target":{"@type":"EntryPoint","urlTemplate":"https:\/\/www.accuratereviews.com\/it\/?s={search_term_string}"},"query-input":{"@type":"PropertyValueSpecification","valueRequired":true,"valueName":"search_term_string"}}],"inLanguage":"it-IT"}]}},"_links":{"self":[{"href":"https:\/\/www.accuratereviews.com\/it\/wp-json\/wp\/v2\/pages\/20588","targetHints":{"allow":["GET"]}}],"collection":[{"href":"https:\/\/www.accuratereviews.com\/it\/wp-json\/wp\/v2\/pages"}],"about":[{"href":"https:\/\/www.accuratereviews.com\/it\/wp-json\/wp\/v2\/types\/page"}],"author":[{"embeddable":true,"href":"https:\/\/www.accuratereviews.com\/it\/wp-json\/wp\/v2\/users\/19"}],"replies":[{"embeddable":true,"href":"https:\/\/www.accuratereviews.com\/it\/wp-json\/wp\/v2\/comments?post=20588"}],"version-history":[{"count":9,"href":"https:\/\/www.accuratereviews.com\/it\/wp-json\/wp\/v2\/pages\/20588\/revisions"}],"predecessor-version":[{"id":42205,"href":"https:\/\/www.accuratereviews.com\/it\/wp-json\/wp\/v2\/pages\/20588\/revisions\/42205"}],"up":[{"embeddable":true,"href":"https:\/\/www.accuratereviews.com\/it\/wp-json\/wp\/v2\/pages\/20408"}],"wp:featuredmedia":[{"embeddable":true,"href":"https:\/\/www.accuratereviews.com\/it\/wp-json\/wp\/v2\/media\/20589"}],"wp:attachment":[{"href":"https:\/\/www.accuratereviews.com\/it\/wp-json\/wp\/v2\/media?parent=20588"}],"wp:term":[{"taxonomy":"category","embeddable":true,"href":"https:\/\/www.accuratereviews.com\/it\/wp-json\/wp\/v2\/categories?post=20588"},{"taxonomy":"post_tag","embeddable":true,"href":"https:\/\/www.accuratereviews.com\/it\/wp-json\/wp\/v2\/tags?post=20588"},{"taxonomy":"features","embeddable":true,"href":"https:\/\/www.accuratereviews.com\/it\/wp-json\/wp\/v2\/features?post=20588"}],"curies":[{"name":"wp","href":"https:\/\/api.w.org\/{rel}","templated":true}]}}