{"id":20595,"date":"2019-11-27T12:57:44","date_gmt":"2019-11-27T12:57:44","guid":{"rendered":"https:\/\/www.accuratereviews.com\/?page_id=20595"},"modified":"2021-05-07T14:00:51","modified_gmt":"2021-05-07T14:00:51","slug":"influence-recensione","status":"publish","type":"page","link":"https:\/\/www.accuratereviews.com\/it\/analisi-marketing\/influence-recensione\/","title":{"rendered":"Influence"},"content":{"rendered":"<p><strong>Influence<\/strong> \u00e8 un <strong>software di analisi di marketing<\/strong> che ti permette di aumentare le conversioni di vendite e lead del 17% in brevissimo tempo. Si tratta di una piattaforma online personalizzabile che mostra l\u2019attivit\u00e0 dell\u2019utente in tempo reale, registrando ogni sua attivit\u00e0 o acquisto recente. In questo modo potrai sempre avere una <strong>panoramica delle vendite e degli acquisti della tua azienda<\/strong>. Inoltre gli utenti potranno sapere quante altre persone stanno visitando il tuo sito web e sono interessate a quel determinato prodotto cos\u00ec da prendere decisioni di acquisto migliori. Inizia subito ad utilizzare questo <strong>strumento per tenere traccia della posizione effettiva di ogni tuo cliente<\/strong> e per molto altro ancora.<\/p>\n<h2>COME FUNZIONA INFLUENCE &#8211; TUTORIAL<\/h2>\n<p>Diamo un\u2019occhiata a questo breve video tutorial per comprendere meglio il funzionamento di questo programma:<\/p>\n<div id=\"fluid-wrapper-counter-1\" class=\"g1-fluid-wrapper \" style=\"width:686px;\">\n<div style=\"padding-bottom:56.268221574344%;\"><iframe loading=\"lazy\" title=\"Influence Social Proof real life use REVIEW\" width=\"686\" height=\"386\" src=\"https:\/\/www.youtube.com\/embed\/BUZk0IA77t8?feature=oembed&amp;wmode=transparent&amp;autohide=1&amp;autoplay=0&amp;disablekb=0&amp;fs=1&amp;loop=0&amp;enablejsapi=1&amp;rel=0&amp;controls=2&amp;showinfo=0&amp;wmode=transparent&amp;autohide=2&amp;autoplay=0&amp;disablekb=0&amp;fs=1&amp;loop=0&amp;enablejsapi=1&amp;rel=0&amp;controls=2&amp;showinfo=1\" frameborder=\"0\" allow=\"accelerometer; autoplay; encrypted-media; gyroscope; picture-in-picture\" allowfullscreen><\/iframe><\/div>\n<\/div>\n<h3>INFLUENCE &#8211; CARATTERISTICHE<\/h3>\n<div>Ecco le sue principali caratteristiche:<\/div>\n<div>\n<ul class=\"Apple-dash-list\">\n<li><strong>Supporto clienti<\/strong>: per qualsiasi dubbio, contatta il supporto clienti che \u00e8 sempre disponibile ad aiutarti<\/li>\n<li>\n<div><strong>Integrazioni native<\/strong>: collega pi\u00f9 prodotti con Influence in meno di pochi minuti<\/div>\n<\/li>\n<li>\n<div><strong>Personalizzazioni popup<\/strong>: imposta il colore, lo stile, i comportamenti dei popup e molto altro ancora<\/div>\n<\/li>\n<li>\n<div><strong>Tracciamento della posizione<\/strong>: tieni traccia della posizione effettiva di ogni tuo cliente<\/div>\n<\/li>\n<li>\n<div><strong>Controllo del flusso dei dati<\/strong>: monitora in modo semplice il flusso in entrata e in uscita dei dati dal tuo account<\/div>\n<\/li>\n<li><strong>Funzionalit\u00e0 avanzate<\/strong>: popup di prova altamente personalizzabili, personalizzazioni avanzate e Analytics Powerhouse (per ottenere analisi in tempo reale di ci\u00f2 che sta accadendo con le tue campagne).<\/li>\n<\/ul>\n<h3>LE RECENSIONI DEGLI UTENTI<\/h3>\n<p><strong>&#8220;Plugin eccellente&#8221;<\/strong><br \/>\nIN GENERALE: Nel complesso, la mia esperienza \u00e8 stata meravigliosa. L&#8217;influenza era attiva e funzionante in pochi minuti dall&#8217;acquisto e le analisi sono state molto approfondite. \u00c8 stato anche facile entrare e adattare le mie campagne aggiungendo ulteriori informazioni e impostazioni di conversione mentre continuo a crescere.<br \/>\nPRO: Mi piace il livello di personalizzazione disponibile per questo servizio. \u00c8 anche molto leggero e non appesantisce il mio sito con un sacco di codice extra.<br \/>\nCONTRO: Non ho avuto problemi o problemi reali. Vorrei poter spostare il pulsante CTA lontano dal pulsante Chiudi, ma non \u00e8 molto importante.<\/p>\n<p><strong>&#8220;Facile da configurare social proof per le propriet\u00e0 web&#8221;<\/strong><br \/>\nIN GENERALE: abbastanza buono, il supporto \u00e8 sempre reattivo<br \/>\nPRO: facilit\u00e0 d&#8217;uso, generosa indennit\u00e0 di piano e costi davvero buoni rispetto alle alternative<br \/>\nCONTRO: alcune delle formattazioni standard non hanno tutti i casi angolari individuati. Ad esempio, il formato &#8220;citt\u00e0, paese&#8221; non funziona per Stati Uniti\/Canada, dove vogliamo che &#8220;citt\u00e0, stato\/provincia&#8221; e il Nord America siano il mercato pi\u00f9 grande.<\/p>\n<p><strong>&#8220;La migliore app social proof per le mie esigenze&#8221;<\/strong><br \/>\nIN GENERALE: lo utilizzo per mostrare le vendite pi\u00f9 recenti sul mio sito Web per incoraggiare altri clienti a effettuare un ordine basato su tale prova di vendita social.<br \/>\nPRO: Ti permette di mostrare prove sociali con cos\u00ec tante personalizzazioni che altre app semplicemente non consentono. Include la modifica del nome della persona in &#8220;Qualcuno&#8221; o anche la modifica del formato in cui viene visualizzata la scheda di prova sociale.<br \/>\nCONTRO: abbiamo bisogno di pi\u00f9 tipi di campagna. Mentre Influence mi d\u00e0 cos\u00ec tante personalizzazioni per quanto riguarda la semplice prova sociale (acquisto prova sociale), i concorrenti forniscono molti altri tipi di prove sociali che Influence non supporta al momento come il passaggio a schermo intero, la notifica attivata, la barra di notifica ecc.<\/p>\n<\/div>\n","protected":false},"excerpt":{"rendered":"<p>Influence \u00e8 un software di analisi di marketing che ti permette di aumentare le conversioni di vendite e lead del 17% in brevissimo tempo. Si tratta di una piattaforma online personalizzabile che mostra l\u2019attivit\u00e0 dell\u2019utente in tempo reale, registrando ogni sua attivit\u00e0 o acquisto recente.<\/p>\n","protected":false},"author":17,"featured_media":20597,"parent":20408,"menu_order":0,"comment_status":"open","ping_status":"closed","template":"g1_template_page_review_new.php","meta":{"_acf_changed":false,"cwp_meta_box_check":"Yes","cwp_rev_product_name":"","cwp_rev_product_image":"","wppr_links":[],"cwp_rev_price":"","wppr_options":[],"wppr_pros":[],"wppr_cons":[],"_monsterinsights_skip_tracking":false,"_monsterinsights_sitenote_active":false,"_monsterinsights_sitenote_note":"","_monsterinsights_sitenote_category":0,"footnotes":""},"categories":[1490],"tags":[1512,1496,1498],"features":[],"class_list":{"0":"post-20595","1":"page","2":"type-page","3":"status-publish","4":"has-post-thumbnail","6":"category-analisi-marketing","7":"tag-analisi-marketing","8":"tag-programma-analisi-marketing","9":"tag-software-analisi-marketing"},"wppr_data":{"cwp_meta_box_check":"Yes","cwp_rev_product_name":"","cwp_rev_product_image":"","cwp_image_link":"image","cwp_rev_price":"","wppr_rating":"0.00"},"acf":[],"yoast_head":"<!-- This site is optimized with the Yoast SEO plugin v27.4 - https:\/\/yoast.com\/product\/yoast-seo-wordpress\/ -->\n<title>Influence: recensione software di analisi di marketing - Accurate Reviews<\/title>\n<meta name=\"description\" content=\"Influence: recensione del software di analisi di marketing che ti permette di aumentare le conversioni di vendite e lead del 17% in brevissimo tempo.\" \/>\n<meta name=\"robots\" content=\"index, follow, max-snippet:-1, max-image-preview:large, max-video-preview:-1\" \/>\n<link rel=\"canonical\" href=\"https:\/\/www.accuratereviews.com\/it\/analisi-marketing\/influence-recensione\/\" \/>\n<meta property=\"og:locale\" content=\"it_IT\" \/>\n<meta property=\"og:type\" content=\"article\" \/>\n<meta property=\"og:title\" content=\"Influence: recensione software di analisi di marketing - Accurate Reviews\" \/>\n<meta property=\"og:description\" content=\"Influence: recensione del software di analisi di marketing che ti permette di aumentare le conversioni di vendite e lead del 17% in brevissimo tempo.\" \/>\n<meta property=\"og:url\" content=\"https:\/\/www.accuratereviews.com\/it\/analisi-marketing\/influence-recensione\/\" \/>\n<meta property=\"og:site_name\" content=\"Accurate Reviews\" \/>\n<meta property=\"article:modified_time\" content=\"2021-05-07T14:00:51+00:00\" \/>\n<meta property=\"og:image\" content=\"https:\/\/www.accuratereviews.com\/wp-content\/uploads\/2019\/11\/Schermata-2019-11-27-alle-11.48.47.png\" \/>\n\t<meta property=\"og:image:width\" content=\"436\" \/>\n\t<meta property=\"og:image:height\" content=\"132\" \/>\n\t<meta property=\"og:image:type\" content=\"image\/png\" \/>\n<meta name=\"twitter:card\" content=\"summary_large_image\" \/>\n<meta name=\"twitter:label1\" content=\"Tempo di lettura stimato\" \/>\n\t<meta name=\"twitter:data1\" content=\"3 minuti\" \/>\n<script type=\"application\/ld+json\" class=\"yoast-schema-graph\">{\"@context\":\"https:\\\/\\\/schema.org\",\"@graph\":[{\"@type\":\"WebPage\",\"@id\":\"https:\\\/\\\/www.accuratereviews.com\\\/it\\\/analisi-marketing\\\/influence-recensione\\\/\",\"url\":\"https:\\\/\\\/www.accuratereviews.com\\\/it\\\/analisi-marketing\\\/influence-recensione\\\/\",\"name\":\"Influence: recensione software di analisi di marketing - Accurate Reviews\",\"isPartOf\":{\"@id\":\"https:\\\/\\\/www.accuratereviews.com\\\/it\\\/#website\"},\"primaryImageOfPage\":{\"@id\":\"https:\\\/\\\/www.accuratereviews.com\\\/it\\\/analisi-marketing\\\/influence-recensione\\\/#primaryimage\"},\"image\":{\"@id\":\"https:\\\/\\\/www.accuratereviews.com\\\/it\\\/analisi-marketing\\\/influence-recensione\\\/#primaryimage\"},\"thumbnailUrl\":\"https:\\\/\\\/www.accuratereviews.com\\\/wp-content\\\/uploads\\\/2019\\\/11\\\/Schermata-2019-11-27-alle-11.48.47.png\",\"datePublished\":\"2019-11-27T12:57:44+00:00\",\"dateModified\":\"2021-05-07T14:00:51+00:00\",\"description\":\"Influence: recensione del software di analisi di marketing che ti permette di aumentare le conversioni di vendite e lead del 17% in brevissimo tempo.\",\"breadcrumb\":{\"@id\":\"https:\\\/\\\/www.accuratereviews.com\\\/it\\\/analisi-marketing\\\/influence-recensione\\\/#breadcrumb\"},\"inLanguage\":\"it-IT\",\"potentialAction\":[{\"@type\":\"ReadAction\",\"target\":[\"https:\\\/\\\/www.accuratereviews.com\\\/it\\\/analisi-marketing\\\/influence-recensione\\\/\"]}]},{\"@type\":\"ImageObject\",\"inLanguage\":\"it-IT\",\"@id\":\"https:\\\/\\\/www.accuratereviews.com\\\/it\\\/analisi-marketing\\\/influence-recensione\\\/#primaryimage\",\"url\":\"https:\\\/\\\/www.accuratereviews.com\\\/wp-content\\\/uploads\\\/2019\\\/11\\\/Schermata-2019-11-27-alle-11.48.47.png\",\"contentUrl\":\"https:\\\/\\\/www.accuratereviews.com\\\/wp-content\\\/uploads\\\/2019\\\/11\\\/Schermata-2019-11-27-alle-11.48.47.png\",\"width\":436,\"height\":132},{\"@type\":\"BreadcrumbList\",\"@id\":\"https:\\\/\\\/www.accuratereviews.com\\\/it\\\/analisi-marketing\\\/influence-recensione\\\/#breadcrumb\",\"itemListElement\":[{\"@type\":\"ListItem\",\"position\":1,\"name\":\"Home\",\"item\":\"https:\\\/\\\/www.accuratereviews.com\\\/it\\\/\"},{\"@type\":\"ListItem\",\"position\":2,\"name\":\"Analisi Marketing\",\"item\":\"https:\\\/\\\/www.accuratereviews.com\\\/it\\\/analisi-marketing\\\/\"},{\"@type\":\"ListItem\",\"position\":3,\"name\":\"Influence\"}]},{\"@type\":\"WebSite\",\"@id\":\"https:\\\/\\\/www.accuratereviews.com\\\/it\\\/#website\",\"url\":\"https:\\\/\\\/www.accuratereviews.com\\\/it\\\/\",\"name\":\"Accurate Reviews\",\"description\":\"\",\"potentialAction\":[{\"@type\":\"SearchAction\",\"target\":{\"@type\":\"EntryPoint\",\"urlTemplate\":\"https:\\\/\\\/www.accuratereviews.com\\\/it\\\/?s={search_term_string}\"},\"query-input\":{\"@type\":\"PropertyValueSpecification\",\"valueRequired\":true,\"valueName\":\"search_term_string\"}}],\"inLanguage\":\"it-IT\"}]}<\/script>\n<!-- \/ Yoast SEO plugin. -->","yoast_head_json":{"title":"Influence: recensione software di analisi di marketing - Accurate Reviews","description":"Influence: recensione del software di analisi di marketing che ti permette di aumentare le conversioni di vendite e lead del 17% in brevissimo tempo.","robots":{"index":"index","follow":"follow","max-snippet":"max-snippet:-1","max-image-preview":"max-image-preview:large","max-video-preview":"max-video-preview:-1"},"canonical":"https:\/\/www.accuratereviews.com\/it\/analisi-marketing\/influence-recensione\/","og_locale":"it_IT","og_type":"article","og_title":"Influence: recensione software di analisi di marketing - Accurate Reviews","og_description":"Influence: recensione del software di analisi di marketing che ti permette di aumentare le conversioni di vendite e lead del 17% in brevissimo tempo.","og_url":"https:\/\/www.accuratereviews.com\/it\/analisi-marketing\/influence-recensione\/","og_site_name":"Accurate Reviews","article_modified_time":"2021-05-07T14:00:51+00:00","og_image":[{"width":436,"height":132,"url":"https:\/\/www.accuratereviews.com\/wp-content\/uploads\/2019\/11\/Schermata-2019-11-27-alle-11.48.47.png","type":"image\/png"}],"twitter_card":"summary_large_image","twitter_misc":{"Tempo di lettura stimato":"3 minuti"},"schema":{"@context":"https:\/\/schema.org","@graph":[{"@type":"WebPage","@id":"https:\/\/www.accuratereviews.com\/it\/analisi-marketing\/influence-recensione\/","url":"https:\/\/www.accuratereviews.com\/it\/analisi-marketing\/influence-recensione\/","name":"Influence: recensione software di analisi di marketing - Accurate Reviews","isPartOf":{"@id":"https:\/\/www.accuratereviews.com\/it\/#website"},"primaryImageOfPage":{"@id":"https:\/\/www.accuratereviews.com\/it\/analisi-marketing\/influence-recensione\/#primaryimage"},"image":{"@id":"https:\/\/www.accuratereviews.com\/it\/analisi-marketing\/influence-recensione\/#primaryimage"},"thumbnailUrl":"https:\/\/www.accuratereviews.com\/wp-content\/uploads\/2019\/11\/Schermata-2019-11-27-alle-11.48.47.png","datePublished":"2019-11-27T12:57:44+00:00","dateModified":"2021-05-07T14:00:51+00:00","description":"Influence: recensione del software di analisi di marketing che ti permette di aumentare le conversioni di vendite e lead del 17% in brevissimo tempo.","breadcrumb":{"@id":"https:\/\/www.accuratereviews.com\/it\/analisi-marketing\/influence-recensione\/#breadcrumb"},"inLanguage":"it-IT","potentialAction":[{"@type":"ReadAction","target":["https:\/\/www.accuratereviews.com\/it\/analisi-marketing\/influence-recensione\/"]}]},{"@type":"ImageObject","inLanguage":"it-IT","@id":"https:\/\/www.accuratereviews.com\/it\/analisi-marketing\/influence-recensione\/#primaryimage","url":"https:\/\/www.accuratereviews.com\/wp-content\/uploads\/2019\/11\/Schermata-2019-11-27-alle-11.48.47.png","contentUrl":"https:\/\/www.accuratereviews.com\/wp-content\/uploads\/2019\/11\/Schermata-2019-11-27-alle-11.48.47.png","width":436,"height":132},{"@type":"BreadcrumbList","@id":"https:\/\/www.accuratereviews.com\/it\/analisi-marketing\/influence-recensione\/#breadcrumb","itemListElement":[{"@type":"ListItem","position":1,"name":"Home","item":"https:\/\/www.accuratereviews.com\/it\/"},{"@type":"ListItem","position":2,"name":"Analisi Marketing","item":"https:\/\/www.accuratereviews.com\/it\/analisi-marketing\/"},{"@type":"ListItem","position":3,"name":"Influence"}]},{"@type":"WebSite","@id":"https:\/\/www.accuratereviews.com\/it\/#website","url":"https:\/\/www.accuratereviews.com\/it\/","name":"Accurate Reviews","description":"","potentialAction":[{"@type":"SearchAction","target":{"@type":"EntryPoint","urlTemplate":"https:\/\/www.accuratereviews.com\/it\/?s={search_term_string}"},"query-input":{"@type":"PropertyValueSpecification","valueRequired":true,"valueName":"search_term_string"}}],"inLanguage":"it-IT"}]}},"_links":{"self":[{"href":"https:\/\/www.accuratereviews.com\/it\/wp-json\/wp\/v2\/pages\/20595","targetHints":{"allow":["GET"]}}],"collection":[{"href":"https:\/\/www.accuratereviews.com\/it\/wp-json\/wp\/v2\/pages"}],"about":[{"href":"https:\/\/www.accuratereviews.com\/it\/wp-json\/wp\/v2\/types\/page"}],"author":[{"embeddable":true,"href":"https:\/\/www.accuratereviews.com\/it\/wp-json\/wp\/v2\/users\/17"}],"replies":[{"embeddable":true,"href":"https:\/\/www.accuratereviews.com\/it\/wp-json\/wp\/v2\/comments?post=20595"}],"version-history":[{"count":3,"href":"https:\/\/www.accuratereviews.com\/it\/wp-json\/wp\/v2\/pages\/20595\/revisions"}],"predecessor-version":[{"id":42207,"href":"https:\/\/www.accuratereviews.com\/it\/wp-json\/wp\/v2\/pages\/20595\/revisions\/42207"}],"up":[{"embeddable":true,"href":"https:\/\/www.accuratereviews.com\/it\/wp-json\/wp\/v2\/pages\/20408"}],"wp:featuredmedia":[{"embeddable":true,"href":"https:\/\/www.accuratereviews.com\/it\/wp-json\/wp\/v2\/media\/20597"}],"wp:attachment":[{"href":"https:\/\/www.accuratereviews.com\/it\/wp-json\/wp\/v2\/media?parent=20595"}],"wp:term":[{"taxonomy":"category","embeddable":true,"href":"https:\/\/www.accuratereviews.com\/it\/wp-json\/wp\/v2\/categories?post=20595"},{"taxonomy":"post_tag","embeddable":true,"href":"https:\/\/www.accuratereviews.com\/it\/wp-json\/wp\/v2\/tags?post=20595"},{"taxonomy":"features","embeddable":true,"href":"https:\/\/www.accuratereviews.com\/it\/wp-json\/wp\/v2\/features?post=20595"}],"curies":[{"name":"wp","href":"https:\/\/api.w.org\/{rel}","templated":true}]}}