{"id":20617,"date":"2019-11-28T11:00:51","date_gmt":"2019-11-28T11:00:51","guid":{"rendered":"https:\/\/www.accuratereviews.com\/?page_id=20617"},"modified":"2021-05-07T14:17:54","modified_gmt":"2021-05-07T14:17:54","slug":"kissmetrics-recensione","status":"publish","type":"page","link":"https:\/\/www.accuratereviews.com\/it\/analisi-marketing\/kissmetrics-recensione\/","title":{"rendered":"Kissmetrics"},"content":{"rendered":"<p><strong>Kissmetrics<\/strong> \u00e8 una potente <strong>piattaforma di business intelligence<\/strong> che consente agli utenti di determinare, monitorare e migliorare le metriche e altri elementi significativi per il successo delle loro attivit\u00e0. Con tali informazioni trasformate in approfondimenti attuabili, questo programma ha tutto ci\u00f2 che serve per aiutarti a creare strategie di marketing e migliorare le pratiche di marketing esistenti, ma grazie al suo avanzato monitoraggio e capacit\u00e0 di analisi dei clienti, potrai anche utilizzarlo come ottimizzatore avanzato del tasso di conversione. In breve,<strong> Kissmetrics<\/strong> vanta dati personalizzati altamente flessibili oltre a un API semplice da connettere.<\/p>\n<h2>KISSMETRICS &#8211; TUTORIAL<\/h2>\n<p>Questo video mostra come iniziare a monitorare i dati con questo <strong>software di analisi marketing<\/strong> per prendere decisioni intelligenti:<\/p>\n<div id=\"fluid-wrapper-counter-1\" class=\"g1-fluid-wrapper \" style=\"width:686px;\">\n<div style=\"padding-bottom:56.268221574344%;\"><iframe loading=\"lazy\" title=\"Tracking Data with KISSmetrics\" width=\"686\" height=\"386\" src=\"https:\/\/www.youtube.com\/embed\/fdg4uUF0xQs?feature=oembed&amp;wmode=transparent&amp;autohide=1&amp;autoplay=0&amp;disablekb=0&amp;fs=1&amp;loop=0&amp;enablejsapi=1&amp;rel=0&amp;controls=2&amp;showinfo=0&amp;wmode=transparent&amp;autohide=2&amp;autoplay=0&amp;disablekb=0&amp;fs=1&amp;loop=0&amp;enablejsapi=1&amp;rel=0&amp;controls=2&amp;showinfo=1\" frameborder=\"0\" allow=\"accelerometer; autoplay; encrypted-media; gyroscope; picture-in-picture\" allowfullscreen><\/iframe><\/div>\n<\/div>\n<h3>KISSMETRICS &#8211; CARATTERISTICHE<\/h3>\n<ul>\n<li><strong>Implementare campagne intelligenti<\/strong>: aumenta le vendite e il coinvolgimento con campagne email automatizzate e orientate al comportamento<\/li>\n<li><strong>Migliora il coinvolgimento dei clienti:<\/strong> invia email automatizzate e basate sul comportamento che coinvolgono i clienti in ogni fase del processo<\/li>\n<li><strong>Automatizza campagne email precise:<\/strong> indirizza i segmenti di clienti giusti con e-mail belle e precise per campagne singole e in corso<\/li>\n<li><strong>Comprendi cosa guida le vendite<\/strong>: misura l&#8217;impatto della campagna oltre l&#8217;apertura e i clic per capire veramente quali iniziative promuovono le vendite<\/li>\n<li><strong>Monitora facilmente i segmenti chiave<\/strong>: definire e tracciare i segmenti chiave dei clienti in base al comportamento e comprenderne la crescita nel tempo<\/li>\n<li><strong>Modifiche istantaneamente<\/strong>: ottieni dati e rapporti dettagliati sui tuoi segmenti chiave, in modo da non dover perdere tempo a cercare approfondimenti<\/li>\n<li><strong>Raggiungi i tuoi obiettivi in \u200b\u200btempo<\/strong>: comprendi quali utenti necessitano di attenzione e avvia nuove iniziative in modo da raggiungere sempre i tuoi obiettivi<\/li>\n<li><strong>Comprendere il comportamento del cliente<\/strong>: guarda l&#8217;intero viaggio attraverso i dispositivi, in modo da sapere cosa stanno facendo i clienti, cosa funziona e cosa no<\/li>\n<li><strong>Approfondimenti chiave di Surface<\/strong>:\u00a0sfrutta i report pronti all&#8217;uso con le analisi e gli approfondimenti necessari per prendere decisioni di marketing migliori.<\/li>\n<\/ul>\n<h4>LE RECENSIONI DEGLI UTENTI<\/h4>\n<h4>Shawn H. &#8220;Kissmetrics si assicura che io possa fare sempre centro&#8221;<\/h4>\n<p><strong>Commenti<\/strong>: Sono un utente quotidiano di Kissmetrics, inizio la mia giornata controllando la mia email mattutina per cercare qualcosa di strano che potrebbe apparire nelle prime 5 metriche che indicano problemi di prestazioni del prodotto.<br \/>\nQuindi utilizzo la funzione popolazione per verificare le preferenze pi\u00f9 importanti dei miei utenti.<br \/>\nIn genere ricevo una dozzina di domande al giorno che chiedono l&#8217;uso delle funzionalit\u00e0 di Kissmetrics per ottenere quelle risposte.<\/p>\n<p><strong>Vantaggi<\/strong>: accesso rapido ai report di cui ho pi\u00f9 bisogno<br \/>\nPopolazioni utente personalizzabili<br \/>\nSuper veloce nel tempo<\/p>\n<p><strong>Inconvenienti<\/strong>: vorrei che ci fossero pi\u00f9 opzioni di dashboard, un modo per impostare report automatici che si sarebbero compilati e aggiornati nell&#8217;app con un modo per applicare sempre determinati filtri.<br \/>\nC&#8217;\u00e8 una dashboard ed \u00e8 molto utile, ma tutti gli utenti di Kissmetrics condividono la stessa dashboard e la dashboard non consente filtri globali (come l&#8217;esclusione di determinate popolazioni da tutti i dati della dashboard)<\/p>\n<p><strong>Sabrina M. &#8220;Software eccezionale !!&#8221;<\/strong><\/p>\n<p><strong>Commenti<\/strong>: L&#8217;esperienza complessiva con Kissmetrics \u00e8 stata eccezionale. L&#8217;assistenza clienti \u00e8 come nessun altro. Sono cos\u00ec gentili e comprensivi, felici di fornire dimostrazioni e guidarti attraverso le tue impostazioni e funzionalit\u00e0. I rapporti sono molto facili da creare e leggere. Il software \u00e8 molto intuitivo.<\/p>\n<p><strong>Vantaggi<\/strong>: questo programma \u00e8 molto intuitivo, facilissimo da comprendere e comprendere le analisi. Le relazioni risultano semplici e utili. \u00c8 possibile strutturare il software in modo da tracciare praticamente tutto ci\u00f2 di cui hai bisogno.<\/p>\n<p><strong>Inconvenienti<\/strong>: non avevo antipatie, forse prezzi, avere un&#8217;opzione di prezzo inferiore potrebbe essere vantaggioso per alcuni.<\/p>\n<p><strong>Abhishek A. &#8220;Ottimo strumento di analisi&#8221;<\/strong><\/p>\n<p><strong>Vantaggi<\/strong>: &#8211; Opzioni di visulaization molto potenti, il prodotto \u00e8 molto semplice da usare e un&#8217;ampia gamma di metriche che possono essere analizzate<\/p>\n<p><strong>Inconvenienti<\/strong>: &#8211; L&#8217;integrazione con altri strumenti non \u00e8 molto utile, l&#8217;interfaccia utente non \u00e8 molto intuitiva<\/p>\n","protected":false},"excerpt":{"rendered":"<p>Kissmetrics \u00e8 una potente piattaforma di business intelligence che consente agli utenti di determinare, monitorare e migliorare le metriche e altri elementi significativi per il successo delle loro attivit\u00e0. Con tali informazioni trasformate in approfondimenti attuabili, questo programma ha tutto ci\u00f2 che serve per aiutarti a creare strategie di marketing e migliorare le pratiche di marketing esistenti.<\/p>\n","protected":false},"author":19,"featured_media":20623,"parent":20408,"menu_order":0,"comment_status":"open","ping_status":"closed","template":"g1_template_page_review_new.php","meta":{"_acf_changed":false,"cwp_meta_box_check":"Yes","cwp_rev_product_name":"","cwp_rev_product_image":"","wppr_links":[],"cwp_rev_price":"","wppr_options":[],"wppr_pros":[],"wppr_cons":[],"_monsterinsights_skip_tracking":false,"_monsterinsights_sitenote_active":false,"_monsterinsights_sitenote_note":"","_monsterinsights_sitenote_category":0,"footnotes":""},"categories":[1490],"tags":[1512,1522,1521,1496,1498,1499],"features":[],"class_list":{"0":"post-20617","1":"page","2":"type-page","3":"status-publish","4":"has-post-thumbnail","6":"category-analisi-marketing","7":"tag-analisi-marketing","8":"tag-kissmetrics","9":"tag-piattaforma-di-business-intelligence","10":"tag-programma-analisi-marketing","11":"tag-software-analisi-marketing","12":"tag-soluzione-analisi-marketing"},"wppr_data":{"cwp_meta_box_check":"Yes","cwp_rev_product_name":"","cwp_rev_product_image":"","cwp_image_link":"image","cwp_rev_price":"","wppr_rating":"0.00"},"acf":[],"yoast_head":"<!-- This site is optimized with the Yoast SEO plugin v27.4 - https:\/\/yoast.com\/product\/yoast-seo-wordpress\/ -->\n<title>Kissmetrics: recensione software analisi marketing - Accurate Reviews<\/title>\n<meta name=\"description\" content=\"Kissmetrics: recensione piattaforma di business intelligence che consente agli utenti di determinare e migliorare le metriche per il successo dell&#039; attivit\u00e0\" \/>\n<meta name=\"robots\" content=\"index, follow, max-snippet:-1, max-image-preview:large, max-video-preview:-1\" \/>\n<link rel=\"canonical\" href=\"https:\/\/www.accuratereviews.com\/it\/analisi-marketing\/kissmetrics-recensione\/\" \/>\n<meta property=\"og:locale\" content=\"it_IT\" \/>\n<meta property=\"og:type\" content=\"article\" \/>\n<meta property=\"og:title\" content=\"Kissmetrics: recensione software analisi marketing - Accurate Reviews\" \/>\n<meta property=\"og:description\" content=\"Kissmetrics: recensione piattaforma di business intelligence che consente agli utenti di determinare e migliorare le metriche per il successo dell&#039; attivit\u00e0\" \/>\n<meta property=\"og:url\" content=\"https:\/\/www.accuratereviews.com\/it\/analisi-marketing\/kissmetrics-recensione\/\" \/>\n<meta property=\"og:site_name\" content=\"Accurate Reviews\" \/>\n<meta property=\"article:modified_time\" content=\"2021-05-07T14:17:54+00:00\" \/>\n<meta property=\"og:image\" content=\"https:\/\/www.accuratereviews.com\/wp-content\/uploads\/2019\/11\/Kissmetrics-logo.png\" \/>\n\t<meta property=\"og:image:width\" content=\"900\" \/>\n\t<meta property=\"og:image:height\" content=\"600\" \/>\n\t<meta property=\"og:image:type\" content=\"image\/png\" \/>\n<meta name=\"twitter:card\" content=\"summary_large_image\" \/>\n<meta name=\"twitter:label1\" content=\"Tempo di lettura stimato\" \/>\n\t<meta name=\"twitter:data1\" content=\"3 minuti\" \/>\n<script type=\"application\/ld+json\" class=\"yoast-schema-graph\">{\"@context\":\"https:\\\/\\\/schema.org\",\"@graph\":[{\"@type\":\"WebPage\",\"@id\":\"https:\\\/\\\/www.accuratereviews.com\\\/it\\\/analisi-marketing\\\/kissmetrics-recensione\\\/\",\"url\":\"https:\\\/\\\/www.accuratereviews.com\\\/it\\\/analisi-marketing\\\/kissmetrics-recensione\\\/\",\"name\":\"Kissmetrics: recensione software analisi marketing - Accurate Reviews\",\"isPartOf\":{\"@id\":\"https:\\\/\\\/www.accuratereviews.com\\\/it\\\/#website\"},\"primaryImageOfPage\":{\"@id\":\"https:\\\/\\\/www.accuratereviews.com\\\/it\\\/analisi-marketing\\\/kissmetrics-recensione\\\/#primaryimage\"},\"image\":{\"@id\":\"https:\\\/\\\/www.accuratereviews.com\\\/it\\\/analisi-marketing\\\/kissmetrics-recensione\\\/#primaryimage\"},\"thumbnailUrl\":\"https:\\\/\\\/www.accuratereviews.com\\\/wp-content\\\/uploads\\\/2019\\\/11\\\/Kissmetrics-logo.png\",\"datePublished\":\"2019-11-28T11:00:51+00:00\",\"dateModified\":\"2021-05-07T14:17:54+00:00\",\"description\":\"Kissmetrics: recensione piattaforma di business intelligence che consente agli utenti di determinare e migliorare le metriche per il successo dell' attivit\u00e0\",\"breadcrumb\":{\"@id\":\"https:\\\/\\\/www.accuratereviews.com\\\/it\\\/analisi-marketing\\\/kissmetrics-recensione\\\/#breadcrumb\"},\"inLanguage\":\"it-IT\",\"potentialAction\":[{\"@type\":\"ReadAction\",\"target\":[\"https:\\\/\\\/www.accuratereviews.com\\\/it\\\/analisi-marketing\\\/kissmetrics-recensione\\\/\"]}]},{\"@type\":\"ImageObject\",\"inLanguage\":\"it-IT\",\"@id\":\"https:\\\/\\\/www.accuratereviews.com\\\/it\\\/analisi-marketing\\\/kissmetrics-recensione\\\/#primaryimage\",\"url\":\"https:\\\/\\\/www.accuratereviews.com\\\/wp-content\\\/uploads\\\/2019\\\/11\\\/Kissmetrics-logo.png\",\"contentUrl\":\"https:\\\/\\\/www.accuratereviews.com\\\/wp-content\\\/uploads\\\/2019\\\/11\\\/Kissmetrics-logo.png\",\"width\":900,\"height\":600},{\"@type\":\"BreadcrumbList\",\"@id\":\"https:\\\/\\\/www.accuratereviews.com\\\/it\\\/analisi-marketing\\\/kissmetrics-recensione\\\/#breadcrumb\",\"itemListElement\":[{\"@type\":\"ListItem\",\"position\":1,\"name\":\"Home\",\"item\":\"https:\\\/\\\/www.accuratereviews.com\\\/it\\\/\"},{\"@type\":\"ListItem\",\"position\":2,\"name\":\"Analisi Marketing\",\"item\":\"https:\\\/\\\/www.accuratereviews.com\\\/it\\\/analisi-marketing\\\/\"},{\"@type\":\"ListItem\",\"position\":3,\"name\":\"Kissmetrics\"}]},{\"@type\":\"WebSite\",\"@id\":\"https:\\\/\\\/www.accuratereviews.com\\\/it\\\/#website\",\"url\":\"https:\\\/\\\/www.accuratereviews.com\\\/it\\\/\",\"name\":\"Accurate Reviews\",\"description\":\"\",\"potentialAction\":[{\"@type\":\"SearchAction\",\"target\":{\"@type\":\"EntryPoint\",\"urlTemplate\":\"https:\\\/\\\/www.accuratereviews.com\\\/it\\\/?s={search_term_string}\"},\"query-input\":{\"@type\":\"PropertyValueSpecification\",\"valueRequired\":true,\"valueName\":\"search_term_string\"}}],\"inLanguage\":\"it-IT\"}]}<\/script>\n<!-- \/ Yoast SEO plugin. -->","yoast_head_json":{"title":"Kissmetrics: recensione software analisi marketing - Accurate Reviews","description":"Kissmetrics: recensione piattaforma di business intelligence che consente agli utenti di determinare e migliorare le metriche per il successo dell' attivit\u00e0","robots":{"index":"index","follow":"follow","max-snippet":"max-snippet:-1","max-image-preview":"max-image-preview:large","max-video-preview":"max-video-preview:-1"},"canonical":"https:\/\/www.accuratereviews.com\/it\/analisi-marketing\/kissmetrics-recensione\/","og_locale":"it_IT","og_type":"article","og_title":"Kissmetrics: recensione software analisi marketing - Accurate Reviews","og_description":"Kissmetrics: recensione piattaforma di business intelligence che consente agli utenti di determinare e migliorare le metriche per il successo dell' attivit\u00e0","og_url":"https:\/\/www.accuratereviews.com\/it\/analisi-marketing\/kissmetrics-recensione\/","og_site_name":"Accurate Reviews","article_modified_time":"2021-05-07T14:17:54+00:00","og_image":[{"width":900,"height":600,"url":"https:\/\/www.accuratereviews.com\/wp-content\/uploads\/2019\/11\/Kissmetrics-logo.png","type":"image\/png"}],"twitter_card":"summary_large_image","twitter_misc":{"Tempo di lettura stimato":"3 minuti"},"schema":{"@context":"https:\/\/schema.org","@graph":[{"@type":"WebPage","@id":"https:\/\/www.accuratereviews.com\/it\/analisi-marketing\/kissmetrics-recensione\/","url":"https:\/\/www.accuratereviews.com\/it\/analisi-marketing\/kissmetrics-recensione\/","name":"Kissmetrics: recensione software analisi marketing - Accurate Reviews","isPartOf":{"@id":"https:\/\/www.accuratereviews.com\/it\/#website"},"primaryImageOfPage":{"@id":"https:\/\/www.accuratereviews.com\/it\/analisi-marketing\/kissmetrics-recensione\/#primaryimage"},"image":{"@id":"https:\/\/www.accuratereviews.com\/it\/analisi-marketing\/kissmetrics-recensione\/#primaryimage"},"thumbnailUrl":"https:\/\/www.accuratereviews.com\/wp-content\/uploads\/2019\/11\/Kissmetrics-logo.png","datePublished":"2019-11-28T11:00:51+00:00","dateModified":"2021-05-07T14:17:54+00:00","description":"Kissmetrics: recensione piattaforma di business intelligence che consente agli utenti di determinare e migliorare le metriche per il successo dell' attivit\u00e0","breadcrumb":{"@id":"https:\/\/www.accuratereviews.com\/it\/analisi-marketing\/kissmetrics-recensione\/#breadcrumb"},"inLanguage":"it-IT","potentialAction":[{"@type":"ReadAction","target":["https:\/\/www.accuratereviews.com\/it\/analisi-marketing\/kissmetrics-recensione\/"]}]},{"@type":"ImageObject","inLanguage":"it-IT","@id":"https:\/\/www.accuratereviews.com\/it\/analisi-marketing\/kissmetrics-recensione\/#primaryimage","url":"https:\/\/www.accuratereviews.com\/wp-content\/uploads\/2019\/11\/Kissmetrics-logo.png","contentUrl":"https:\/\/www.accuratereviews.com\/wp-content\/uploads\/2019\/11\/Kissmetrics-logo.png","width":900,"height":600},{"@type":"BreadcrumbList","@id":"https:\/\/www.accuratereviews.com\/it\/analisi-marketing\/kissmetrics-recensione\/#breadcrumb","itemListElement":[{"@type":"ListItem","position":1,"name":"Home","item":"https:\/\/www.accuratereviews.com\/it\/"},{"@type":"ListItem","position":2,"name":"Analisi Marketing","item":"https:\/\/www.accuratereviews.com\/it\/analisi-marketing\/"},{"@type":"ListItem","position":3,"name":"Kissmetrics"}]},{"@type":"WebSite","@id":"https:\/\/www.accuratereviews.com\/it\/#website","url":"https:\/\/www.accuratereviews.com\/it\/","name":"Accurate Reviews","description":"","potentialAction":[{"@type":"SearchAction","target":{"@type":"EntryPoint","urlTemplate":"https:\/\/www.accuratereviews.com\/it\/?s={search_term_string}"},"query-input":{"@type":"PropertyValueSpecification","valueRequired":true,"valueName":"search_term_string"}}],"inLanguage":"it-IT"}]}},"_links":{"self":[{"href":"https:\/\/www.accuratereviews.com\/it\/wp-json\/wp\/v2\/pages\/20617","targetHints":{"allow":["GET"]}}],"collection":[{"href":"https:\/\/www.accuratereviews.com\/it\/wp-json\/wp\/v2\/pages"}],"about":[{"href":"https:\/\/www.accuratereviews.com\/it\/wp-json\/wp\/v2\/types\/page"}],"author":[{"embeddable":true,"href":"https:\/\/www.accuratereviews.com\/it\/wp-json\/wp\/v2\/users\/19"}],"replies":[{"embeddable":true,"href":"https:\/\/www.accuratereviews.com\/it\/wp-json\/wp\/v2\/comments?post=20617"}],"version-history":[{"count":13,"href":"https:\/\/www.accuratereviews.com\/it\/wp-json\/wp\/v2\/pages\/20617\/revisions"}],"predecessor-version":[{"id":42215,"href":"https:\/\/www.accuratereviews.com\/it\/wp-json\/wp\/v2\/pages\/20617\/revisions\/42215"}],"up":[{"embeddable":true,"href":"https:\/\/www.accuratereviews.com\/it\/wp-json\/wp\/v2\/pages\/20408"}],"wp:featuredmedia":[{"embeddable":true,"href":"https:\/\/www.accuratereviews.com\/it\/wp-json\/wp\/v2\/media\/20623"}],"wp:attachment":[{"href":"https:\/\/www.accuratereviews.com\/it\/wp-json\/wp\/v2\/media?parent=20617"}],"wp:term":[{"taxonomy":"category","embeddable":true,"href":"https:\/\/www.accuratereviews.com\/it\/wp-json\/wp\/v2\/categories?post=20617"},{"taxonomy":"post_tag","embeddable":true,"href":"https:\/\/www.accuratereviews.com\/it\/wp-json\/wp\/v2\/tags?post=20617"},{"taxonomy":"features","embeddable":true,"href":"https:\/\/www.accuratereviews.com\/it\/wp-json\/wp\/v2\/features?post=20617"}],"curies":[{"name":"wp","href":"https:\/\/api.w.org\/{rel}","templated":true}]}}