{"id":20637,"date":"2019-11-28T11:00:08","date_gmt":"2019-11-28T11:00:08","guid":{"rendered":"https:\/\/www.accuratereviews.com\/?page_id=20637"},"modified":"2021-05-07T14:26:32","modified_gmt":"2021-05-07T14:26:32","slug":"owox-bi-recensione","status":"publish","type":"page","link":"https:\/\/www.accuratereviews.com\/it\/analisi-marketing\/owox-bi-recensione\/","title":{"rendered":"Owox BI"},"content":{"rendered":"<p><strong>Owox BI<\/strong> \u00e8 una potente<strong> suite di business intelligence<\/strong> composta da tre prodotti: BI Smart Data, BI Attribution e BI Pipeline. Sviluppato per soddisfare i requisiti di business intelligence e analisi dei dati delle aziende e degli ecommerce, questo programma offre una solida piattaforma che migliora, semplifica e ottimizza tutti i processi e flussi di lavoro tra cui estrazione dei dati, deposito, analisi e altro ancora.\u00a0<strong>BI Smart Data<\/strong> ti offre una sede in cui puoi ottenere tutte le risposte dai tuoi dati. Basta inserire la query e OWX BI ti fornir\u00e0 la risposta pi\u00f9 intelligente, consentendoti di prendere decisioni aziendali senza perdere troppo tempo. <strong>BI Attribution<\/strong> ti consente di vedere e scoprire l&#8217;impatto delle tue campagne pubblicitarie e scoprire il loro vero valore. Con <strong>BI Pipeline<\/strong>, hai la soluzione per integrare una miriade di dati provenienti da numerose fonti.<\/p>\n<h2>OWOX BI &#8211; TUTORIAL<\/h2>\n<p>Ecco un tutorial che ci insegner\u00e0 a utilizzare questo software di <strong> business intelligence:\u00a0<\/strong><\/p>\n<div id=\"fluid-wrapper-counter-1\" class=\"g1-fluid-wrapper \" style=\"width:686px;\">\n<div style=\"padding-bottom:56.268221574344%;\"><iframe loading=\"lazy\" title=\"OWOX BI Review on AppSumo\" width=\"686\" height=\"386\" src=\"https:\/\/www.youtube.com\/embed\/TnLYPdkBBTs?feature=oembed&amp;wmode=transparent&amp;autohide=1&amp;autoplay=0&amp;disablekb=0&amp;fs=1&amp;loop=0&amp;enablejsapi=1&amp;rel=0&amp;controls=2&amp;showinfo=0&amp;wmode=transparent&amp;autohide=2&amp;autoplay=0&amp;disablekb=0&amp;fs=1&amp;loop=0&amp;enablejsapi=1&amp;rel=0&amp;controls=2&amp;showinfo=1\" frameborder=\"0\" allow=\"accelerometer; autoplay; encrypted-media; gyroscope; picture-in-picture\" allowfullscreen><\/iframe><\/div>\n<\/div>\n<h3>OWOX BI &#8211; CARATTERISTICHE<\/h3>\n<ul>\n<li>Con questo software non \u00e8 necessario elaborare i dati. Otterrai set di dati gi\u00e0 pronti in una struttura chiara e semplice da utilizzare<\/li>\n<li>Ottieni tutti i dati necessari per l&#8217;analisi di marketing. Il programma combina informazioni di Google Analytics, servizi pubblicitari e sistemi CRM per te<\/li>\n<li>Valuta i tuoi annunci in base alle informazioni complete sui punti di contatto dei clienti online e offline<\/li>\n<li>Scopri come i tuoi sforzi di marketing online contribuiscono alle vendite nei negozi, considerando i ricavi e le percentuali di completamento degli ordini<\/li>\n<li>Individua quali delle tue campagne pubblicitarie sono state sottovalutate o sopravvalutate, al fine di ottimizzare la spesa pubblicitaria<\/li>\n<li>Gestisci le offerte con dati accurati sul rendimento pubblicitario<\/li>\n<\/ul>\n<h4>LE RECENSIONI DEGLI UTENTI<\/h4>\n<h4><strong>Alex K<\/strong>. &#8220;Una soluzione per ridurre i tempi sulla routine di analisi di marketing quotidiana&#8221;<\/h4>\n<p><strong>Commenti<\/strong>: Prima di tutto cercavamo una soluzione al nostro problema quotidiano di routine. I nostri analisti di marketing stavano dedicando molto tempo a lavori noiosi come la raccolta dei dati necessari. A volte hanno dovuto rifare il lavoro che hanno svolto per diverse ore in caso di problemi tecnici, ecc. Naturalmente la loro produttivit\u00e0 \u00e8 diminuita e abbiamo dovuto cambiare l&#8217;intero processo. OWOX BI \u00e8 diventata un&#8217;ottima scelta! Ci hanno aiutato a ridurre la routine quotidiana in modo che i nostri analisti avessero pi\u00f9 tempo su lavori pi\u00f9 interessanti che possano portare pi\u00f9 vantaggi.<\/p>\n<p><strong>Vantaggi<\/strong>: \u00e8 cos\u00ec bello che ora non abbiamo bisogno di dedicare cos\u00ec tanto tempo alla raccolta e al trattamento dei dati! OWOX BI fa tutto questo senza il nostro costante controllo. Tutto quello che dovevamo fare era creare le condutture necessarie.<\/p>\n<p><strong>Inconvenienti<\/strong>: niente! Ottimo strumento, grande squadra, grandi risultati! &#8221;<\/p>\n<h4>Tetyana G. &#8220;Un servizio utile per l&#8217;analisi di marketing&#8221;<\/h4>\n<p><strong>Commenti<\/strong>: \u00c8 un servizio super utile per il nostro team di marketing. Fa risparmiare ore di lavoro ed elimina il lavoro manuale con i dati. Ora raccolgo tutte le metriche necessarie da circa una dozzina di fonti di traffico, app mobili e costruisco tutto- rapporti in-one per visualizzare i risultati. Ora vedo un&#8217;immagine reale della nostra spesa di bilancio.<\/p>\n<p><strong>Vantaggi<\/strong>: uno strumento molto utile per un operatore di marketing che vuole risparmiare tempo sull&#8217;analisi dei dati e sui report. OWOX BI gestisce enormi quantit\u00e0 di dati da varie fonti e li elabora in un&#8217;unica interfaccia. Inoltre, si integra con gli strumenti CRM e altre piattaforme API. Ci\u00f2 significa non avere pi\u00f9 mal di testa con caricamenti manuali e raccolta dati.<\/p>\n<p><strong>Inconvenienti<\/strong>: ero confuso con alcune opzioni di filtro quando ho creato il mio primo rapporto e ho dovuto contattare l&#8217;assistenza. Mi hanno aiutato nel minor tempo possibile.<\/p>\n<h4>Kate K. &#8220;Davvero un ottimo strumento per ogni operatore di marketing&#8221;<\/h4>\n<p><strong>Commenti<\/strong>: Ora prendiamo tutte le decisioni cruciali sulla base di dati, non di previsioni. Ci\u00f2 ha completamente cambiato i nostri sforzi di marketing.<\/p>\n<p><strong>Vantaggi<\/strong>: OWOX BI ha aiutato la nostra azienda a implementare il sistema di analisi end-to-end poich\u00e9 volevamo valutare correttamente tutte le nostre campagne pubblicitarie. E anche le vendite offline sono state molto importanti per noi, quindi volevamo tenerne conto anche. Il team OWOX BI ha risolto tutti i nostri problemi e ha contribuito a raccogliere, elaborare e combinare tutti i dati necessari.<\/p>\n<p><strong>Inconvenienti<\/strong>: siamo completamente soddisfatti della nostra collaborazione con OWOX BI e di solito supportiamo le risposte dei team a tutte le nostre domande molto rapidamente e risolviamo tutti i problemi in breve tempo.<\/p>\n","protected":false},"excerpt":{"rendered":"<p>Owox BI \u00e8 una potente suite di business intelligence composta da tre prodotti: BI Smart Data, BI Attribution e BI Pipeline. Sviluppato per soddisfare i requisiti di business intelligence e analisi dei dati delle aziende e degli ecommerce, questo programma offre una solida piattaforma che migliora, semplifica e ottimizza tutti i processi e flussi di lavoro tra cui estrazione dei dati, deposito, analisi e altro ancora.<\/p>\n","protected":false},"author":19,"featured_media":20639,"parent":20408,"menu_order":0,"comment_status":"open","ping_status":"closed","template":"g1_template_page_review_new.php","meta":{"_acf_changed":false,"cwp_meta_box_check":"Yes","cwp_rev_product_name":"","cwp_rev_product_image":"","wppr_links":[],"cwp_rev_price":"","wppr_options":[],"wppr_pros":[],"wppr_cons":[],"_monsterinsights_skip_tracking":false,"_monsterinsights_sitenote_active":false,"_monsterinsights_sitenote_note":"","_monsterinsights_sitenote_category":0,"footnotes":""},"categories":[1490],"tags":[1512,1495,1523,1496,1524,1497,1499],"features":[],"class_list":{"0":"post-20637","1":"page","2":"type-page","3":"status-publish","4":"has-post-thumbnail","6":"category-analisi-marketing","7":"tag-analisi-marketing","8":"tag-marketing-analytics-software","9":"tag-owox-bi","10":"tag-programma-analisi-marketing","11":"tag-programma-analisi-mercato","12":"tag-software-analisi-di-mercato","13":"tag-soluzione-analisi-marketing"},"wppr_data":{"cwp_meta_box_check":"Yes","cwp_rev_product_name":"","cwp_rev_product_image":"","cwp_image_link":"image","cwp_rev_price":"","wppr_rating":"0.00"},"acf":[],"yoast_head":"<!-- This site is optimized with the Yoast SEO plugin v27.4 - https:\/\/yoast.com\/product\/yoast-seo-wordpress\/ -->\n<title>Owox BI: recensione software analisi marketing - Accurate Reviews<\/title>\n<meta name=\"description\" content=\"Owox BI: recensione suite di business intelligence sviluppata per l&#039;analisi dei dati di aziende e di ecommerce per migliorare i processi e flussi di lavoro.\" \/>\n<meta name=\"robots\" content=\"index, follow, max-snippet:-1, max-image-preview:large, max-video-preview:-1\" \/>\n<link rel=\"canonical\" href=\"https:\/\/www.accuratereviews.com\/it\/analisi-marketing\/owox-bi-recensione\/\" \/>\n<meta property=\"og:locale\" content=\"it_IT\" \/>\n<meta property=\"og:type\" content=\"article\" \/>\n<meta property=\"og:title\" content=\"Owox BI: recensione software analisi marketing - Accurate Reviews\" \/>\n<meta property=\"og:description\" content=\"Owox BI: recensione suite di business intelligence sviluppata per l&#039;analisi dei dati di aziende e di ecommerce per migliorare i processi e flussi di lavoro.\" \/>\n<meta property=\"og:url\" content=\"https:\/\/www.accuratereviews.com\/it\/analisi-marketing\/owox-bi-recensione\/\" \/>\n<meta property=\"og:site_name\" content=\"Accurate Reviews\" \/>\n<meta property=\"article:modified_time\" content=\"2021-05-07T14:26:32+00:00\" \/>\n<meta property=\"og:image\" content=\"https:\/\/www.accuratereviews.com\/wp-content\/uploads\/2019\/11\/owox_bi_logo.png\" \/>\n\t<meta property=\"og:image:width\" content=\"310\" \/>\n\t<meta property=\"og:image:height\" content=\"255\" \/>\n\t<meta property=\"og:image:type\" content=\"image\/png\" \/>\n<meta name=\"twitter:card\" content=\"summary_large_image\" \/>\n<meta name=\"twitter:label1\" content=\"Tempo di lettura stimato\" \/>\n\t<meta name=\"twitter:data1\" content=\"4 minuti\" \/>\n<script type=\"application\/ld+json\" class=\"yoast-schema-graph\">{\"@context\":\"https:\\\/\\\/schema.org\",\"@graph\":[{\"@type\":\"WebPage\",\"@id\":\"https:\\\/\\\/www.accuratereviews.com\\\/it\\\/analisi-marketing\\\/owox-bi-recensione\\\/\",\"url\":\"https:\\\/\\\/www.accuratereviews.com\\\/it\\\/analisi-marketing\\\/owox-bi-recensione\\\/\",\"name\":\"Owox BI: recensione software analisi marketing - Accurate Reviews\",\"isPartOf\":{\"@id\":\"https:\\\/\\\/www.accuratereviews.com\\\/it\\\/#website\"},\"primaryImageOfPage\":{\"@id\":\"https:\\\/\\\/www.accuratereviews.com\\\/it\\\/analisi-marketing\\\/owox-bi-recensione\\\/#primaryimage\"},\"image\":{\"@id\":\"https:\\\/\\\/www.accuratereviews.com\\\/it\\\/analisi-marketing\\\/owox-bi-recensione\\\/#primaryimage\"},\"thumbnailUrl\":\"https:\\\/\\\/www.accuratereviews.com\\\/wp-content\\\/uploads\\\/2019\\\/11\\\/owox_bi_logo.png\",\"datePublished\":\"2019-11-28T11:00:08+00:00\",\"dateModified\":\"2021-05-07T14:26:32+00:00\",\"description\":\"Owox BI: recensione suite di business intelligence sviluppata per l'analisi dei dati di aziende e di ecommerce per migliorare i processi e flussi di lavoro.\",\"breadcrumb\":{\"@id\":\"https:\\\/\\\/www.accuratereviews.com\\\/it\\\/analisi-marketing\\\/owox-bi-recensione\\\/#breadcrumb\"},\"inLanguage\":\"it-IT\",\"potentialAction\":[{\"@type\":\"ReadAction\",\"target\":[\"https:\\\/\\\/www.accuratereviews.com\\\/it\\\/analisi-marketing\\\/owox-bi-recensione\\\/\"]}]},{\"@type\":\"ImageObject\",\"inLanguage\":\"it-IT\",\"@id\":\"https:\\\/\\\/www.accuratereviews.com\\\/it\\\/analisi-marketing\\\/owox-bi-recensione\\\/#primaryimage\",\"url\":\"https:\\\/\\\/www.accuratereviews.com\\\/wp-content\\\/uploads\\\/2019\\\/11\\\/owox_bi_logo.png\",\"contentUrl\":\"https:\\\/\\\/www.accuratereviews.com\\\/wp-content\\\/uploads\\\/2019\\\/11\\\/owox_bi_logo.png\",\"width\":310,\"height\":255},{\"@type\":\"BreadcrumbList\",\"@id\":\"https:\\\/\\\/www.accuratereviews.com\\\/it\\\/analisi-marketing\\\/owox-bi-recensione\\\/#breadcrumb\",\"itemListElement\":[{\"@type\":\"ListItem\",\"position\":1,\"name\":\"Home\",\"item\":\"https:\\\/\\\/www.accuratereviews.com\\\/it\\\/\"},{\"@type\":\"ListItem\",\"position\":2,\"name\":\"Analisi Marketing\",\"item\":\"https:\\\/\\\/www.accuratereviews.com\\\/it\\\/analisi-marketing\\\/\"},{\"@type\":\"ListItem\",\"position\":3,\"name\":\"Owox BI\"}]},{\"@type\":\"WebSite\",\"@id\":\"https:\\\/\\\/www.accuratereviews.com\\\/it\\\/#website\",\"url\":\"https:\\\/\\\/www.accuratereviews.com\\\/it\\\/\",\"name\":\"Accurate Reviews\",\"description\":\"\",\"potentialAction\":[{\"@type\":\"SearchAction\",\"target\":{\"@type\":\"EntryPoint\",\"urlTemplate\":\"https:\\\/\\\/www.accuratereviews.com\\\/it\\\/?s={search_term_string}\"},\"query-input\":{\"@type\":\"PropertyValueSpecification\",\"valueRequired\":true,\"valueName\":\"search_term_string\"}}],\"inLanguage\":\"it-IT\"}]}<\/script>\n<!-- \/ Yoast SEO plugin. -->","yoast_head_json":{"title":"Owox BI: recensione software analisi marketing - Accurate Reviews","description":"Owox BI: recensione suite di business intelligence sviluppata per l'analisi dei dati di aziende e di ecommerce per migliorare i processi e flussi di lavoro.","robots":{"index":"index","follow":"follow","max-snippet":"max-snippet:-1","max-image-preview":"max-image-preview:large","max-video-preview":"max-video-preview:-1"},"canonical":"https:\/\/www.accuratereviews.com\/it\/analisi-marketing\/owox-bi-recensione\/","og_locale":"it_IT","og_type":"article","og_title":"Owox BI: recensione software analisi marketing - Accurate Reviews","og_description":"Owox BI: recensione suite di business intelligence sviluppata per l'analisi dei dati di aziende e di ecommerce per migliorare i processi e flussi di lavoro.","og_url":"https:\/\/www.accuratereviews.com\/it\/analisi-marketing\/owox-bi-recensione\/","og_site_name":"Accurate Reviews","article_modified_time":"2021-05-07T14:26:32+00:00","og_image":[{"width":310,"height":255,"url":"https:\/\/www.accuratereviews.com\/wp-content\/uploads\/2019\/11\/owox_bi_logo.png","type":"image\/png"}],"twitter_card":"summary_large_image","twitter_misc":{"Tempo di lettura stimato":"4 minuti"},"schema":{"@context":"https:\/\/schema.org","@graph":[{"@type":"WebPage","@id":"https:\/\/www.accuratereviews.com\/it\/analisi-marketing\/owox-bi-recensione\/","url":"https:\/\/www.accuratereviews.com\/it\/analisi-marketing\/owox-bi-recensione\/","name":"Owox BI: recensione software analisi marketing - Accurate Reviews","isPartOf":{"@id":"https:\/\/www.accuratereviews.com\/it\/#website"},"primaryImageOfPage":{"@id":"https:\/\/www.accuratereviews.com\/it\/analisi-marketing\/owox-bi-recensione\/#primaryimage"},"image":{"@id":"https:\/\/www.accuratereviews.com\/it\/analisi-marketing\/owox-bi-recensione\/#primaryimage"},"thumbnailUrl":"https:\/\/www.accuratereviews.com\/wp-content\/uploads\/2019\/11\/owox_bi_logo.png","datePublished":"2019-11-28T11:00:08+00:00","dateModified":"2021-05-07T14:26:32+00:00","description":"Owox BI: recensione suite di business intelligence sviluppata per l'analisi dei dati di aziende e di ecommerce per migliorare i processi e flussi di lavoro.","breadcrumb":{"@id":"https:\/\/www.accuratereviews.com\/it\/analisi-marketing\/owox-bi-recensione\/#breadcrumb"},"inLanguage":"it-IT","potentialAction":[{"@type":"ReadAction","target":["https:\/\/www.accuratereviews.com\/it\/analisi-marketing\/owox-bi-recensione\/"]}]},{"@type":"ImageObject","inLanguage":"it-IT","@id":"https:\/\/www.accuratereviews.com\/it\/analisi-marketing\/owox-bi-recensione\/#primaryimage","url":"https:\/\/www.accuratereviews.com\/wp-content\/uploads\/2019\/11\/owox_bi_logo.png","contentUrl":"https:\/\/www.accuratereviews.com\/wp-content\/uploads\/2019\/11\/owox_bi_logo.png","width":310,"height":255},{"@type":"BreadcrumbList","@id":"https:\/\/www.accuratereviews.com\/it\/analisi-marketing\/owox-bi-recensione\/#breadcrumb","itemListElement":[{"@type":"ListItem","position":1,"name":"Home","item":"https:\/\/www.accuratereviews.com\/it\/"},{"@type":"ListItem","position":2,"name":"Analisi Marketing","item":"https:\/\/www.accuratereviews.com\/it\/analisi-marketing\/"},{"@type":"ListItem","position":3,"name":"Owox BI"}]},{"@type":"WebSite","@id":"https:\/\/www.accuratereviews.com\/it\/#website","url":"https:\/\/www.accuratereviews.com\/it\/","name":"Accurate Reviews","description":"","potentialAction":[{"@type":"SearchAction","target":{"@type":"EntryPoint","urlTemplate":"https:\/\/www.accuratereviews.com\/it\/?s={search_term_string}"},"query-input":{"@type":"PropertyValueSpecification","valueRequired":true,"valueName":"search_term_string"}}],"inLanguage":"it-IT"}]}},"_links":{"self":[{"href":"https:\/\/www.accuratereviews.com\/it\/wp-json\/wp\/v2\/pages\/20637","targetHints":{"allow":["GET"]}}],"collection":[{"href":"https:\/\/www.accuratereviews.com\/it\/wp-json\/wp\/v2\/pages"}],"about":[{"href":"https:\/\/www.accuratereviews.com\/it\/wp-json\/wp\/v2\/types\/page"}],"author":[{"embeddable":true,"href":"https:\/\/www.accuratereviews.com\/it\/wp-json\/wp\/v2\/users\/19"}],"replies":[{"embeddable":true,"href":"https:\/\/www.accuratereviews.com\/it\/wp-json\/wp\/v2\/comments?post=20637"}],"version-history":[{"count":7,"href":"https:\/\/www.accuratereviews.com\/it\/wp-json\/wp\/v2\/pages\/20637\/revisions"}],"predecessor-version":[{"id":42234,"href":"https:\/\/www.accuratereviews.com\/it\/wp-json\/wp\/v2\/pages\/20637\/revisions\/42234"}],"up":[{"embeddable":true,"href":"https:\/\/www.accuratereviews.com\/it\/wp-json\/wp\/v2\/pages\/20408"}],"wp:featuredmedia":[{"embeddable":true,"href":"https:\/\/www.accuratereviews.com\/it\/wp-json\/wp\/v2\/media\/20639"}],"wp:attachment":[{"href":"https:\/\/www.accuratereviews.com\/it\/wp-json\/wp\/v2\/media?parent=20637"}],"wp:term":[{"taxonomy":"category","embeddable":true,"href":"https:\/\/www.accuratereviews.com\/it\/wp-json\/wp\/v2\/categories?post=20637"},{"taxonomy":"post_tag","embeddable":true,"href":"https:\/\/www.accuratereviews.com\/it\/wp-json\/wp\/v2\/tags?post=20637"},{"taxonomy":"features","embeddable":true,"href":"https:\/\/www.accuratereviews.com\/it\/wp-json\/wp\/v2\/features?post=20637"}],"curies":[{"name":"wp","href":"https:\/\/api.w.org\/{rel}","templated":true}]}}