{"id":20666,"date":"2019-11-29T16:21:13","date_gmt":"2019-11-29T16:21:13","guid":{"rendered":"https:\/\/www.accuratereviews.com\/?page_id=20666"},"modified":"2021-05-07T13:56:17","modified_gmt":"2021-05-07T13:56:17","slug":"comscore-recensione","status":"publish","type":"page","link":"https:\/\/www.accuratereviews.com\/it\/analisi-marketing\/comscore-recensione\/","title":{"rendered":"Comscore"},"content":{"rendered":"<p><strong>Comscore<\/strong> \u00e8 un<strong> programma di analisi di marketing<\/strong> che rappresenta la valuta di fiducia per la pianificazione, la transazione e la valutazione dei media su pi\u00f9 piattaforme. Grazie ai suoi strumenti e alla sua ampia conoscenza del pubblico su TV digitale, lineare, over-the-top (OTT) e spettatori teatrali, riesce a misurare ci\u00f2 che conta per rendere il <strong>pubblico multipiattaforma<\/strong> e la pubblicit\u00e0 pi\u00f9 preziosi. Si tratta di una piattaforma online progettata principalmente per i <strong>marketer e le aziende dei media<\/strong> che vogliono crescere instaurando una connessione pi\u00f9 forte con il loro pubblico. Comscore ti permette di comprendere l&#8217;impatto degli sforzi dei media e del marketing in modo da poter migliorare il ROI e prendere decisioni future con maggiore sicurezza.<\/p>\n<h2>COMSCORE &#8211; CARATTERISTICHE<\/h2>\n<p>Ecco le sue caratteristiche principali:<\/p>\n<ul>\n<li>Misurazione dei media multipiattaforma<\/li>\n<li>Promozione della responsabilit\u00e0 del marketing<\/li>\n<li>Mappatura del percorso del cliente<\/li>\n<li>Metriche delle prestazioni<\/li>\n<li>Analisi predittiva<\/li>\n<li>Analisi del sito web<\/li>\n<\/ul>\n<h3>LE RECENSIONI DEGLI UTENTI<\/h3>\n<p><strong>&#8220;Era molto utile fino a quando i nuovi giocatori non sono saltati dentro&#8221;<\/strong><br \/>\nIN GENERALE: lavoro per un&#8217;azienda leader nel settore dei media e dell&#8217;intrattenimento in cui comscore \u00e8 ampiamente utilizzato. Questo ci aiuta a contrassegnare il numero di visualizzazioni video tra i nostri diversi canali TV \/ marchi. Sento che devi avere Adobe o Conviva insieme a Comscore. Usiamo comscore perch\u00e9 \u00e8 qualcosa di ampiamente accettato sul mercato per analizzare o confrontare i tuoi numeri con altre organizzazioni. Nel caso in cui tu stia cercando sempre pi\u00f9 dati interni da raccogliere, non potrai ottenerli usando comscore.<br \/>\nPRO: 1. Facilit\u00e0 di implementazione di comscore Analytics 2. Il monitoraggio di Video Analytics di comscore \u00e8 buono 3. Utilizzato come strumento di monitoraggio di riferimento per la concorrenza tra varie societ\u00e0 4. Ampiamente usato 5. Per sviluppatori e team di controllo qualit\u00e0, \u00e8 relativamente facile testare e correggere eventuali difetti nell&#8217;attuazione<br \/>\nCONTRO: 1. Non fornisce molte variabili per raccogliere dati rispetto ad Adobe e Conviva 2. La raccolta di dati con comscore \u00e8 molto limitata 3. Non pu\u00f2 essere utilizzata come strumento di tracciamento Analytics autonomo, ma pu\u00f2 essere utilizzata come strumento di supporto per le tue esigenze generali di Analytics.<\/p>\n<p><strong>&#8220;Ottimo supporto account e facile da usare&#8221;<\/strong><br \/>\nIN GENERALE: faccio parte di un team che valuta se continuare a sfruttare comScore per il piano media per i clienti o per le presentazioni per i potenziali clienti. Durante questo processo, raggiungiamo il nostro rappresentante per aiutarci a rispondere alle domande e a negoziare il nostro prossimo contratto. Il nostro rappresentante \u00e8 stato cos\u00ec paziente, attento e disponibile a rispondere a tutte le domande che sorgono. Ci\u00f2 include saltare una chiamata con noi con un preavviso limitato e persino darci una formazione individuale sugli strumenti a cui abbiamo accesso per aiutarci a prendere la nostra decisione. Ha davvero dimostrato una cura per i suoi clienti e ha reso facile la nostra decisione di continuare la partnership per un altro anno.<br \/>\nPRO: molto facile, formazione molto limitata necessaria per utilizzare o comprendere lo strumento. Gli strumenti che utilizziamo sono utili per essere inclusi nei nostri rapporti e un ottimo punto di partenza per trovare i siti e le propriet\u00e0 giuste in cui le nostre campagne dovrebbero trovarsi per raggiungere il nostro pubblico di destinazione.<br \/>\nCONTRO: Nel complesso, \u00e8 uno strumento piuttosto costoso rispetto ad alcuni degli altri strumenti di ricerca che il nostro team di media sfrutta. Il nostro team di solito utilizza solo 2 dei numerosi strumenti a cui abbiamo accesso. Un altro svantaggio \u00e8 che a volte il caricamento dei report richiede parecchio tempo, il che pu\u00f2 essere tempestivo.<\/p>\n<p><strong>\u201cIl modo migliore per misurare le classificazioni televisive\u201d<\/strong><br \/>\nIN GENERALE: ottimo servizio clienti, amo il loro desiderio di continuare a migliorare il loro prodotto.<br \/>\nPRO: la facilit\u00e0 d&#8217;uso \u00e8 significativamente migliore di Nielsen. Sono in grado di spiegare la loro metodologia in modo sensato e misurano in modo pi\u00f9 accurato le valutazioni. Valutazioni continue, nessuna &#8220;settimana non misurata&#8221; come i concorrenti.<br \/>\nCONTRO: utilizza ancora solo i cavi Satelitte e Cox nei nostri mercati. Sarebbe bello incorporare gli abbonati OTA e Shentel o Comcast.<\/p>\n","protected":false},"excerpt":{"rendered":"<p>Comscore \u00e8 un programma di analisi di marketing che rappresenta la valuta di fiducia per la pianificazione, la transazione e la valutazione dei media su pi\u00f9 piattaforme. Grazie ai suoi strumenti e alla sua ampia conoscenza del pubblico su TV digitale, lineare, over-the-top (OTT) e spettatori teatrali, riesce a misurare ci\u00f2 che conta per rendere il pubblico multipiattaforma e la pubblicit\u00e0 pi\u00f9 preziosi.<\/p>\n","protected":false},"author":17,"featured_media":20667,"parent":20408,"menu_order":0,"comment_status":"open","ping_status":"closed","template":"g1_template_page_review_new.php","meta":{"_acf_changed":false,"cwp_meta_box_check":"Yes","cwp_rev_product_name":"","cwp_rev_product_image":"","wppr_links":[],"cwp_rev_price":"","wppr_options":[],"wppr_pros":[],"wppr_cons":[],"_monsterinsights_skip_tracking":false,"_monsterinsights_sitenote_active":false,"_monsterinsights_sitenote_note":"","_monsterinsights_sitenote_category":0,"footnotes":""},"categories":[1490],"tags":[1494,1520,1488,1495],"features":[],"class_list":{"0":"post-20666","1":"page","2":"type-page","3":"status-publish","4":"has-post-thumbnail","6":"category-analisi-marketing","7":"tag-analisi-di-marketing","8":"tag-analisi-marketing-software","9":"tag-marketing","10":"tag-marketing-analytics-software"},"wppr_data":{"cwp_meta_box_check":"Yes","cwp_rev_product_name":"","cwp_rev_product_image":"","cwp_image_link":"image","cwp_rev_price":"","wppr_rating":"0.00"},"acf":[],"yoast_head":"<!-- This site is optimized with the Yoast SEO plugin v27.4 - https:\/\/yoast.com\/product\/yoast-seo-wordpress\/ -->\n<title>Comscore: recensione programma analisi di marketing - Accurate Reviews<\/title>\n<meta name=\"description\" content=\"Comscore: recensione del programma di analisi di marketing che rappresenta la valuta di fiducia per la pianificazione, la transazione dei media.\" \/>\n<meta name=\"robots\" content=\"index, follow, max-snippet:-1, max-image-preview:large, max-video-preview:-1\" \/>\n<link rel=\"canonical\" href=\"https:\/\/www.accuratereviews.com\/it\/analisi-marketing\/comscore-recensione\/\" \/>\n<meta property=\"og:locale\" content=\"it_IT\" \/>\n<meta property=\"og:type\" content=\"article\" \/>\n<meta property=\"og:title\" content=\"Comscore: recensione programma analisi di marketing - Accurate Reviews\" \/>\n<meta property=\"og:description\" content=\"Comscore: recensione del programma di analisi di marketing che rappresenta la valuta di fiducia per la pianificazione, la transazione dei media.\" \/>\n<meta property=\"og:url\" content=\"https:\/\/www.accuratereviews.com\/it\/analisi-marketing\/comscore-recensione\/\" \/>\n<meta property=\"og:site_name\" content=\"Accurate Reviews\" \/>\n<meta property=\"article:modified_time\" content=\"2021-05-07T13:56:17+00:00\" \/>\n<meta property=\"og:image\" content=\"https:\/\/www.accuratereviews.com\/wp-content\/uploads\/2019\/11\/Comscore_Logo_Color_1028px.png\" \/>\n\t<meta property=\"og:image:width\" content=\"1028\" \/>\n\t<meta property=\"og:image:height\" content=\"237\" \/>\n\t<meta property=\"og:image:type\" content=\"image\/png\" \/>\n<meta name=\"twitter:card\" content=\"summary_large_image\" \/>\n<meta name=\"twitter:label1\" content=\"Tempo di lettura stimato\" \/>\n\t<meta name=\"twitter:data1\" content=\"3 minuti\" \/>\n<script type=\"application\/ld+json\" class=\"yoast-schema-graph\">{\"@context\":\"https:\\\/\\\/schema.org\",\"@graph\":[{\"@type\":\"WebPage\",\"@id\":\"https:\\\/\\\/www.accuratereviews.com\\\/it\\\/analisi-marketing\\\/comscore-recensione\\\/\",\"url\":\"https:\\\/\\\/www.accuratereviews.com\\\/it\\\/analisi-marketing\\\/comscore-recensione\\\/\",\"name\":\"Comscore: recensione programma analisi di marketing - Accurate Reviews\",\"isPartOf\":{\"@id\":\"https:\\\/\\\/www.accuratereviews.com\\\/it\\\/#website\"},\"primaryImageOfPage\":{\"@id\":\"https:\\\/\\\/www.accuratereviews.com\\\/it\\\/analisi-marketing\\\/comscore-recensione\\\/#primaryimage\"},\"image\":{\"@id\":\"https:\\\/\\\/www.accuratereviews.com\\\/it\\\/analisi-marketing\\\/comscore-recensione\\\/#primaryimage\"},\"thumbnailUrl\":\"https:\\\/\\\/www.accuratereviews.com\\\/wp-content\\\/uploads\\\/2019\\\/11\\\/Comscore_Logo_Color_1028px.png\",\"datePublished\":\"2019-11-29T16:21:13+00:00\",\"dateModified\":\"2021-05-07T13:56:17+00:00\",\"description\":\"Comscore: recensione del programma di analisi di marketing che rappresenta la valuta di fiducia per la pianificazione, la transazione dei media.\",\"breadcrumb\":{\"@id\":\"https:\\\/\\\/www.accuratereviews.com\\\/it\\\/analisi-marketing\\\/comscore-recensione\\\/#breadcrumb\"},\"inLanguage\":\"it-IT\",\"potentialAction\":[{\"@type\":\"ReadAction\",\"target\":[\"https:\\\/\\\/www.accuratereviews.com\\\/it\\\/analisi-marketing\\\/comscore-recensione\\\/\"]}]},{\"@type\":\"ImageObject\",\"inLanguage\":\"it-IT\",\"@id\":\"https:\\\/\\\/www.accuratereviews.com\\\/it\\\/analisi-marketing\\\/comscore-recensione\\\/#primaryimage\",\"url\":\"https:\\\/\\\/www.accuratereviews.com\\\/wp-content\\\/uploads\\\/2019\\\/11\\\/Comscore_Logo_Color_1028px.png\",\"contentUrl\":\"https:\\\/\\\/www.accuratereviews.com\\\/wp-content\\\/uploads\\\/2019\\\/11\\\/Comscore_Logo_Color_1028px.png\",\"width\":1028,\"height\":237},{\"@type\":\"BreadcrumbList\",\"@id\":\"https:\\\/\\\/www.accuratereviews.com\\\/it\\\/analisi-marketing\\\/comscore-recensione\\\/#breadcrumb\",\"itemListElement\":[{\"@type\":\"ListItem\",\"position\":1,\"name\":\"Home\",\"item\":\"https:\\\/\\\/www.accuratereviews.com\\\/it\\\/\"},{\"@type\":\"ListItem\",\"position\":2,\"name\":\"Analisi Marketing\",\"item\":\"https:\\\/\\\/www.accuratereviews.com\\\/it\\\/analisi-marketing\\\/\"},{\"@type\":\"ListItem\",\"position\":3,\"name\":\"Comscore\"}]},{\"@type\":\"WebSite\",\"@id\":\"https:\\\/\\\/www.accuratereviews.com\\\/it\\\/#website\",\"url\":\"https:\\\/\\\/www.accuratereviews.com\\\/it\\\/\",\"name\":\"Accurate Reviews\",\"description\":\"\",\"potentialAction\":[{\"@type\":\"SearchAction\",\"target\":{\"@type\":\"EntryPoint\",\"urlTemplate\":\"https:\\\/\\\/www.accuratereviews.com\\\/it\\\/?s={search_term_string}\"},\"query-input\":{\"@type\":\"PropertyValueSpecification\",\"valueRequired\":true,\"valueName\":\"search_term_string\"}}],\"inLanguage\":\"it-IT\"}]}<\/script>\n<!-- \/ Yoast SEO plugin. -->","yoast_head_json":{"title":"Comscore: recensione programma analisi di marketing - Accurate Reviews","description":"Comscore: recensione del programma di analisi di marketing che rappresenta la valuta di fiducia per la pianificazione, la transazione dei media.","robots":{"index":"index","follow":"follow","max-snippet":"max-snippet:-1","max-image-preview":"max-image-preview:large","max-video-preview":"max-video-preview:-1"},"canonical":"https:\/\/www.accuratereviews.com\/it\/analisi-marketing\/comscore-recensione\/","og_locale":"it_IT","og_type":"article","og_title":"Comscore: recensione programma analisi di marketing - Accurate Reviews","og_description":"Comscore: recensione del programma di analisi di marketing che rappresenta la valuta di fiducia per la pianificazione, la transazione dei media.","og_url":"https:\/\/www.accuratereviews.com\/it\/analisi-marketing\/comscore-recensione\/","og_site_name":"Accurate Reviews","article_modified_time":"2021-05-07T13:56:17+00:00","og_image":[{"width":1028,"height":237,"url":"https:\/\/www.accuratereviews.com\/wp-content\/uploads\/2019\/11\/Comscore_Logo_Color_1028px.png","type":"image\/png"}],"twitter_card":"summary_large_image","twitter_misc":{"Tempo di lettura stimato":"3 minuti"},"schema":{"@context":"https:\/\/schema.org","@graph":[{"@type":"WebPage","@id":"https:\/\/www.accuratereviews.com\/it\/analisi-marketing\/comscore-recensione\/","url":"https:\/\/www.accuratereviews.com\/it\/analisi-marketing\/comscore-recensione\/","name":"Comscore: recensione programma analisi di marketing - Accurate Reviews","isPartOf":{"@id":"https:\/\/www.accuratereviews.com\/it\/#website"},"primaryImageOfPage":{"@id":"https:\/\/www.accuratereviews.com\/it\/analisi-marketing\/comscore-recensione\/#primaryimage"},"image":{"@id":"https:\/\/www.accuratereviews.com\/it\/analisi-marketing\/comscore-recensione\/#primaryimage"},"thumbnailUrl":"https:\/\/www.accuratereviews.com\/wp-content\/uploads\/2019\/11\/Comscore_Logo_Color_1028px.png","datePublished":"2019-11-29T16:21:13+00:00","dateModified":"2021-05-07T13:56:17+00:00","description":"Comscore: recensione del programma di analisi di marketing che rappresenta la valuta di fiducia per la pianificazione, la transazione dei media.","breadcrumb":{"@id":"https:\/\/www.accuratereviews.com\/it\/analisi-marketing\/comscore-recensione\/#breadcrumb"},"inLanguage":"it-IT","potentialAction":[{"@type":"ReadAction","target":["https:\/\/www.accuratereviews.com\/it\/analisi-marketing\/comscore-recensione\/"]}]},{"@type":"ImageObject","inLanguage":"it-IT","@id":"https:\/\/www.accuratereviews.com\/it\/analisi-marketing\/comscore-recensione\/#primaryimage","url":"https:\/\/www.accuratereviews.com\/wp-content\/uploads\/2019\/11\/Comscore_Logo_Color_1028px.png","contentUrl":"https:\/\/www.accuratereviews.com\/wp-content\/uploads\/2019\/11\/Comscore_Logo_Color_1028px.png","width":1028,"height":237},{"@type":"BreadcrumbList","@id":"https:\/\/www.accuratereviews.com\/it\/analisi-marketing\/comscore-recensione\/#breadcrumb","itemListElement":[{"@type":"ListItem","position":1,"name":"Home","item":"https:\/\/www.accuratereviews.com\/it\/"},{"@type":"ListItem","position":2,"name":"Analisi Marketing","item":"https:\/\/www.accuratereviews.com\/it\/analisi-marketing\/"},{"@type":"ListItem","position":3,"name":"Comscore"}]},{"@type":"WebSite","@id":"https:\/\/www.accuratereviews.com\/it\/#website","url":"https:\/\/www.accuratereviews.com\/it\/","name":"Accurate Reviews","description":"","potentialAction":[{"@type":"SearchAction","target":{"@type":"EntryPoint","urlTemplate":"https:\/\/www.accuratereviews.com\/it\/?s={search_term_string}"},"query-input":{"@type":"PropertyValueSpecification","valueRequired":true,"valueName":"search_term_string"}}],"inLanguage":"it-IT"}]}},"_links":{"self":[{"href":"https:\/\/www.accuratereviews.com\/it\/wp-json\/wp\/v2\/pages\/20666","targetHints":{"allow":["GET"]}}],"collection":[{"href":"https:\/\/www.accuratereviews.com\/it\/wp-json\/wp\/v2\/pages"}],"about":[{"href":"https:\/\/www.accuratereviews.com\/it\/wp-json\/wp\/v2\/types\/page"}],"author":[{"embeddable":true,"href":"https:\/\/www.accuratereviews.com\/it\/wp-json\/wp\/v2\/users\/17"}],"replies":[{"embeddable":true,"href":"https:\/\/www.accuratereviews.com\/it\/wp-json\/wp\/v2\/comments?post=20666"}],"version-history":[{"count":7,"href":"https:\/\/www.accuratereviews.com\/it\/wp-json\/wp\/v2\/pages\/20666\/revisions"}],"predecessor-version":[{"id":42197,"href":"https:\/\/www.accuratereviews.com\/it\/wp-json\/wp\/v2\/pages\/20666\/revisions\/42197"}],"up":[{"embeddable":true,"href":"https:\/\/www.accuratereviews.com\/it\/wp-json\/wp\/v2\/pages\/20408"}],"wp:featuredmedia":[{"embeddable":true,"href":"https:\/\/www.accuratereviews.com\/it\/wp-json\/wp\/v2\/media\/20667"}],"wp:attachment":[{"href":"https:\/\/www.accuratereviews.com\/it\/wp-json\/wp\/v2\/media?parent=20666"}],"wp:term":[{"taxonomy":"category","embeddable":true,"href":"https:\/\/www.accuratereviews.com\/it\/wp-json\/wp\/v2\/categories?post=20666"},{"taxonomy":"post_tag","embeddable":true,"href":"https:\/\/www.accuratereviews.com\/it\/wp-json\/wp\/v2\/tags?post=20666"},{"taxonomy":"features","embeddable":true,"href":"https:\/\/www.accuratereviews.com\/it\/wp-json\/wp\/v2\/features?post=20666"}],"curies":[{"name":"wp","href":"https:\/\/api.w.org\/{rel}","templated":true}]}}