{"id":20672,"date":"2019-11-29T16:20:39","date_gmt":"2019-11-29T16:20:39","guid":{"rendered":"https:\/\/www.accuratereviews.com\/?page_id=20672"},"modified":"2021-05-07T13:57:12","modified_gmt":"2021-05-07T13:57:12","slug":"crazy-egg-recensione","status":"publish","type":"page","link":"https:\/\/www.accuratereviews.com\/it\/analisi-marketing\/crazy-egg-recensione\/","title":{"rendered":"Crazy Egg"},"content":{"rendered":"<p><strong>Crazy Egg<\/strong> \u00e8 uno straordinario <strong>strumento di ottimizzazione dei siti<\/strong>\u00a0che ti consente di avere un&#8217;idea del comportamento dei clienti sul tuo sito web. \u00c8 un potenziatore delle vendite che ti offre un maggiore controllo sulle tue strategie aziendali attraverso strumenti efficaci. Grazie al suo strumento <strong>Heatmap<\/strong>, ora puoi vedere esattamente dove fanno clic la maggior parte dei tuoi clienti. Che si tratti della tua pagina Facebook, Twitter o di altre fonti, scopri quali dei tuoi canali social fa ottenere pi\u00f9 traffico sul tuo sito web. Poich\u00e9 la soluzione \u00e8 completamente visiva, puoi prendere decisioni per ottimizzare e progettare le tue pagine web, pertanto, il ROI aumenter\u00e0 sicuramente.<\/p>\n<h2>CRAZY EGG &#8211; TUTORIAL<\/h2>\n<p>Impariamo, con questo tutorial, a eseguire analisi del comportamento dei visitatori utilizzando report e replay di sessioni utente, con l&#8217;obiettivo finale di applicare direttamente tali approfondimenti ai test A \/ B con questo software:<\/p>\n<div id=\"fluid-wrapper-counter-1\" class=\"g1-fluid-wrapper \" style=\"width:686px;\">\n<div style=\"padding-bottom:56.268221574344%;\"><iframe loading=\"lazy\" title=\"Website Teardown: University of British Columbia\" width=\"686\" height=\"386\" src=\"https:\/\/www.youtube.com\/embed\/G3Hiv1qHi3E?feature=oembed&amp;wmode=transparent&amp;autohide=1&amp;autoplay=0&amp;disablekb=0&amp;fs=1&amp;loop=0&amp;enablejsapi=1&amp;rel=0&amp;controls=2&amp;showinfo=0&amp;wmode=transparent&amp;autohide=2&amp;autoplay=0&amp;disablekb=0&amp;fs=1&amp;loop=0&amp;enablejsapi=1&amp;rel=0&amp;controls=2&amp;showinfo=1\" frameborder=\"0\" allow=\"accelerometer; autoplay; encrypted-media; gyroscope; picture-in-picture\" allowfullscreen><\/iframe><\/div>\n<\/div>\n<h3>CRAZY EGG &#8211; CARATTERISTICHE<\/h3>\n<ul>\n<li>Aggiungi un ulteriore livello di approfondimenti ai tuoi dati di Google Analytics<\/li>\n<li>Esplorazione dettagliata del comportamento dei visitatori delle email e delle campagne pubblicitarie in loco<\/li>\n<li>Assicurati di vedere i tuoi CTA<\/li>\n<li>Metti i contenuti in ordine di importanza per i tuoi clienti<\/li>\n<li>Tieni traccia di ci\u00f2 che accade dietro i moduli pop-up o le schermate di accesso<\/li>\n<li>Impostare un sito Web o una pagina con i giusti parametri per avere successo<\/li>\n<li>Identifica le aree che i clienti non apprezzano del tuo sito, come problemi di forma o problemi di navigazione<\/li>\n<li>Guarda in tempo reale come le persone interagiscono con il tuo prodotto o le pagine<\/li>\n<\/ul>\n<h4>LE RECENSIONI DEGLI UTENTI<\/h4>\n<h4>Joshua T. &#8220;Esperienza utente di Crazy Egg nail&#8221;<\/h4>\n<p><strong>Commenti<\/strong>: Ogni volta che acquisiamo un nuovo cliente, consigliamo Crazy Egg come opzione e ogni volta che un cliente lo utilizza finiamo quasi sempre per utilizzare i dati dell&#8217;utente per suggerire modifiche che aiutano a migliorare i tassi di conversione sul sito.<\/p>\n<p><strong>Vantaggi<\/strong>: il livello di informazioni che ottieni da questo software \u00e8 buono. Essere in grado di dire se gli utenti stanno facendo clic su qualcosa che si aspettano un collegamento ha fatto una grande differenza nel modo in cui progettiamo e recensiamo i siti web. Solo questo ci ha aiutato a creare un processo migliore per convincere gli utenti a convertirsi.<\/p>\n<p><strong>Inconvenienti<\/strong>: Non c&#8217;era davvero molto che non mi piacesse per il software, a volte il servizio clienti era un po &#8216;lento. A parte questo, questo \u00e8 un software davvero eccezionale per aiutarti a migliorare l&#8217;esperienza complessiva sul tuo sito.<\/p>\n<h4>John R. &#8220;Il semplice monitoraggio del calore ha reso facile analizzare l&#8217;utilizzo del sito&#8221;<\/h4>\n<p><strong>Commenti<\/strong>: \u00c8 stato facile lavorare con colleghi non tecnici per comprendere l&#8217;impegno del sito e lavorare su riprogettazioni pratiche. Con servizi come Google Analytics, stai osservando dati molto secchi (anche se utili). Per discutere di siti web a livello di marketing e coinvolgimento e per valutare &#8220;il tuo messaggio&#8221;, \u00e8 fantastico raccogliere dati reali straordinari e condividerli immediatamente con i tuoi colleghi.<\/p>\n<p><strong>Vantaggi<\/strong>: Esistono diverse mappe di calore che \u00e8 possibile dimostrare facilmente il coinvolgimento del sito web e fornire una rapida panoramica delle informazioni.<\/p>\n<p><strong>Inconvenienti<\/strong>: \u00e8 difficile individuare alcuni contenuti dinamici sulle pagine. I dispositivi di scorrimento e gli oggetti nascosti vengono visualizzati nelle mappe di calore dettagliate e nelle tabelle dei collegamenti, ma ci vuole un po &#8216;di lavoro per capire su cosa si fa clic a seconda della complessit\u00e0 del sito web.<\/p>\n<h4>Talmage E. &#8220;Gi\u00f9 le mani lo strumento pi\u00f9 semplice per l&#8217;ottimizzazione del tasso di conversione&#8221;<\/h4>\n<p><strong>Commenti<\/strong>: Mi ha aiutato a migliorare i miei tassi di conversione.<\/p>\n<p><strong>Vantaggi<\/strong>: Crazy Egg \u00e8 facile da installare e molto intuitivo per navigare ed esplorare. Mi piace la sua semplicit\u00e0. Non \u00e8 uno di questi strumenti CRO o SEO, ma si concentra sull&#8217;esperienza dell&#8217;utente a livello base. Detto questo, \u00e8 molto prezioso. Adoro la vista dei coriandoli dove posso vedere dove i miei visitatori stanno facendo clic e dove potrei perderli. Anche il loro servizio clienti \u00e8 di prim&#8217;ordine.<\/p>\n<p><strong>Inconvenienti<\/strong>: la mappa del calore e la mappa dei coriandoli mi sembrano molto simili. Non sono sicuro se sono solo modi diversi di visualizzare gli stessi dati o se offrono qualcosa di diverso.<\/p>\n<p>&nbsp;<\/p>\n","protected":false},"excerpt":{"rendered":"<p>Crazy Egg \u00e8 uno straordinario strumento di ottimizzazione dei siti\u00a0che ti consente di avere un&#8217;idea del comportamento dei clienti sul tuo sito Web. \u00c8 un potenziatore delle vendite che ti offre un maggiore controllo sulle tue strategie aziendali attraverso strumenti efficaci.<\/p>\n","protected":false},"author":19,"featured_media":20490,"parent":20408,"menu_order":0,"comment_status":"open","ping_status":"closed","template":"g1_template_page_review_new.php","meta":{"_acf_changed":false,"cwp_meta_box_check":"Yes","cwp_rev_product_name":"","cwp_rev_product_image":"","wppr_links":[],"cwp_rev_price":"","wppr_options":[],"wppr_pros":[],"wppr_cons":[],"_monsterinsights_skip_tracking":false,"_monsterinsights_sitenote_active":false,"_monsterinsights_sitenote_note":"","_monsterinsights_sitenote_category":0,"footnotes":""},"categories":[1490],"tags":[1525,1495,1528,1527,1526],"features":[],"class_list":{"0":"post-20672","1":"page","2":"type-page","3":"status-publish","4":"has-post-thumbnail","6":"category-analisi-marketing","7":"tag-crazy-egg","8":"tag-marketing-analytics-software","9":"tag-programma-analisi","10":"tag-software-analisi","11":"tag-soluzione-analisi"},"wppr_data":{"cwp_meta_box_check":"Yes","cwp_rev_product_name":"","cwp_rev_product_image":"","cwp_image_link":"image","cwp_rev_price":"","wppr_rating":"0.00"},"acf":[],"yoast_head":"<!-- This site is optimized with the Yoast SEO plugin v27.4 - https:\/\/yoast.com\/product\/yoast-seo-wordpress\/ -->\n<title>Crazy Egg: recensione sofware analisi - Accurate Reviews<\/title>\n<meta name=\"description\" content=\"Crazy Egg: recensione strumento di ottimizzazione dei siti\u00a0che ti consente di avere un&#039;idea del comportamento dei clienti sul tuo sito web.\" \/>\n<meta name=\"robots\" content=\"index, follow, max-snippet:-1, max-image-preview:large, max-video-preview:-1\" \/>\n<link rel=\"canonical\" href=\"https:\/\/www.accuratereviews.com\/it\/analisi-marketing\/crazy-egg-recensione\/\" \/>\n<meta property=\"og:locale\" content=\"it_IT\" \/>\n<meta property=\"og:type\" content=\"article\" \/>\n<meta property=\"og:title\" content=\"Crazy Egg: recensione sofware analisi - Accurate Reviews\" \/>\n<meta property=\"og:description\" content=\"Crazy Egg: recensione strumento di ottimizzazione dei siti\u00a0che ti consente di avere un&#039;idea del comportamento dei clienti sul tuo sito web.\" \/>\n<meta property=\"og:url\" content=\"https:\/\/www.accuratereviews.com\/it\/analisi-marketing\/crazy-egg-recensione\/\" \/>\n<meta property=\"og:site_name\" content=\"Accurate Reviews\" \/>\n<meta property=\"article:modified_time\" content=\"2021-05-07T13:57:12+00:00\" \/>\n<meta property=\"og:image\" content=\"https:\/\/www.accuratereviews.com\/wp-content\/uploads\/2019\/11\/crazyegg_logo1-1.jpg\" \/>\n\t<meta property=\"og:image:width\" content=\"200\" \/>\n\t<meta property=\"og:image:height\" content=\"200\" \/>\n\t<meta property=\"og:image:type\" content=\"image\/jpeg\" \/>\n<meta name=\"twitter:card\" content=\"summary_large_image\" \/>\n<meta name=\"twitter:label1\" content=\"Tempo di lettura stimato\" \/>\n\t<meta name=\"twitter:data1\" content=\"3 minuti\" \/>\n<script type=\"application\/ld+json\" class=\"yoast-schema-graph\">{\"@context\":\"https:\\\/\\\/schema.org\",\"@graph\":[{\"@type\":\"WebPage\",\"@id\":\"https:\\\/\\\/www.accuratereviews.com\\\/it\\\/analisi-marketing\\\/crazy-egg-recensione\\\/\",\"url\":\"https:\\\/\\\/www.accuratereviews.com\\\/it\\\/analisi-marketing\\\/crazy-egg-recensione\\\/\",\"name\":\"Crazy Egg: recensione sofware analisi - Accurate Reviews\",\"isPartOf\":{\"@id\":\"https:\\\/\\\/www.accuratereviews.com\\\/it\\\/#website\"},\"primaryImageOfPage\":{\"@id\":\"https:\\\/\\\/www.accuratereviews.com\\\/it\\\/analisi-marketing\\\/crazy-egg-recensione\\\/#primaryimage\"},\"image\":{\"@id\":\"https:\\\/\\\/www.accuratereviews.com\\\/it\\\/analisi-marketing\\\/crazy-egg-recensione\\\/#primaryimage\"},\"thumbnailUrl\":\"https:\\\/\\\/www.accuratereviews.com\\\/wp-content\\\/uploads\\\/2019\\\/11\\\/crazyegg_logo1-1.jpg\",\"datePublished\":\"2019-11-29T16:20:39+00:00\",\"dateModified\":\"2021-05-07T13:57:12+00:00\",\"description\":\"Crazy Egg: recensione strumento di ottimizzazione dei siti\u00a0che ti consente di avere un'idea del comportamento dei clienti sul tuo sito web.\",\"breadcrumb\":{\"@id\":\"https:\\\/\\\/www.accuratereviews.com\\\/it\\\/analisi-marketing\\\/crazy-egg-recensione\\\/#breadcrumb\"},\"inLanguage\":\"it-IT\",\"potentialAction\":[{\"@type\":\"ReadAction\",\"target\":[\"https:\\\/\\\/www.accuratereviews.com\\\/it\\\/analisi-marketing\\\/crazy-egg-recensione\\\/\"]}]},{\"@type\":\"ImageObject\",\"inLanguage\":\"it-IT\",\"@id\":\"https:\\\/\\\/www.accuratereviews.com\\\/it\\\/analisi-marketing\\\/crazy-egg-recensione\\\/#primaryimage\",\"url\":\"https:\\\/\\\/www.accuratereviews.com\\\/wp-content\\\/uploads\\\/2019\\\/11\\\/crazyegg_logo1-1.jpg\",\"contentUrl\":\"https:\\\/\\\/www.accuratereviews.com\\\/wp-content\\\/uploads\\\/2019\\\/11\\\/crazyegg_logo1-1.jpg\",\"width\":200,\"height\":200},{\"@type\":\"BreadcrumbList\",\"@id\":\"https:\\\/\\\/www.accuratereviews.com\\\/it\\\/analisi-marketing\\\/crazy-egg-recensione\\\/#breadcrumb\",\"itemListElement\":[{\"@type\":\"ListItem\",\"position\":1,\"name\":\"Home\",\"item\":\"https:\\\/\\\/www.accuratereviews.com\\\/it\\\/\"},{\"@type\":\"ListItem\",\"position\":2,\"name\":\"Analisi Marketing\",\"item\":\"https:\\\/\\\/www.accuratereviews.com\\\/it\\\/analisi-marketing\\\/\"},{\"@type\":\"ListItem\",\"position\":3,\"name\":\"Crazy Egg\"}]},{\"@type\":\"WebSite\",\"@id\":\"https:\\\/\\\/www.accuratereviews.com\\\/it\\\/#website\",\"url\":\"https:\\\/\\\/www.accuratereviews.com\\\/it\\\/\",\"name\":\"Accurate Reviews\",\"description\":\"\",\"potentialAction\":[{\"@type\":\"SearchAction\",\"target\":{\"@type\":\"EntryPoint\",\"urlTemplate\":\"https:\\\/\\\/www.accuratereviews.com\\\/it\\\/?s={search_term_string}\"},\"query-input\":{\"@type\":\"PropertyValueSpecification\",\"valueRequired\":true,\"valueName\":\"search_term_string\"}}],\"inLanguage\":\"it-IT\"}]}<\/script>\n<!-- \/ Yoast SEO plugin. -->","yoast_head_json":{"title":"Crazy Egg: recensione sofware analisi - Accurate Reviews","description":"Crazy Egg: recensione strumento di ottimizzazione dei siti\u00a0che ti consente di avere un'idea del comportamento dei clienti sul tuo sito web.","robots":{"index":"index","follow":"follow","max-snippet":"max-snippet:-1","max-image-preview":"max-image-preview:large","max-video-preview":"max-video-preview:-1"},"canonical":"https:\/\/www.accuratereviews.com\/it\/analisi-marketing\/crazy-egg-recensione\/","og_locale":"it_IT","og_type":"article","og_title":"Crazy Egg: recensione sofware analisi - Accurate Reviews","og_description":"Crazy Egg: recensione strumento di ottimizzazione dei siti\u00a0che ti consente di avere un'idea del comportamento dei clienti sul tuo sito web.","og_url":"https:\/\/www.accuratereviews.com\/it\/analisi-marketing\/crazy-egg-recensione\/","og_site_name":"Accurate Reviews","article_modified_time":"2021-05-07T13:57:12+00:00","og_image":[{"width":200,"height":200,"url":"https:\/\/www.accuratereviews.com\/wp-content\/uploads\/2019\/11\/crazyegg_logo1-1.jpg","type":"image\/jpeg"}],"twitter_card":"summary_large_image","twitter_misc":{"Tempo di lettura stimato":"3 minuti"},"schema":{"@context":"https:\/\/schema.org","@graph":[{"@type":"WebPage","@id":"https:\/\/www.accuratereviews.com\/it\/analisi-marketing\/crazy-egg-recensione\/","url":"https:\/\/www.accuratereviews.com\/it\/analisi-marketing\/crazy-egg-recensione\/","name":"Crazy Egg: recensione sofware analisi - Accurate Reviews","isPartOf":{"@id":"https:\/\/www.accuratereviews.com\/it\/#website"},"primaryImageOfPage":{"@id":"https:\/\/www.accuratereviews.com\/it\/analisi-marketing\/crazy-egg-recensione\/#primaryimage"},"image":{"@id":"https:\/\/www.accuratereviews.com\/it\/analisi-marketing\/crazy-egg-recensione\/#primaryimage"},"thumbnailUrl":"https:\/\/www.accuratereviews.com\/wp-content\/uploads\/2019\/11\/crazyegg_logo1-1.jpg","datePublished":"2019-11-29T16:20:39+00:00","dateModified":"2021-05-07T13:57:12+00:00","description":"Crazy Egg: recensione strumento di ottimizzazione dei siti\u00a0che ti consente di avere un'idea del comportamento dei clienti sul tuo sito web.","breadcrumb":{"@id":"https:\/\/www.accuratereviews.com\/it\/analisi-marketing\/crazy-egg-recensione\/#breadcrumb"},"inLanguage":"it-IT","potentialAction":[{"@type":"ReadAction","target":["https:\/\/www.accuratereviews.com\/it\/analisi-marketing\/crazy-egg-recensione\/"]}]},{"@type":"ImageObject","inLanguage":"it-IT","@id":"https:\/\/www.accuratereviews.com\/it\/analisi-marketing\/crazy-egg-recensione\/#primaryimage","url":"https:\/\/www.accuratereviews.com\/wp-content\/uploads\/2019\/11\/crazyegg_logo1-1.jpg","contentUrl":"https:\/\/www.accuratereviews.com\/wp-content\/uploads\/2019\/11\/crazyegg_logo1-1.jpg","width":200,"height":200},{"@type":"BreadcrumbList","@id":"https:\/\/www.accuratereviews.com\/it\/analisi-marketing\/crazy-egg-recensione\/#breadcrumb","itemListElement":[{"@type":"ListItem","position":1,"name":"Home","item":"https:\/\/www.accuratereviews.com\/it\/"},{"@type":"ListItem","position":2,"name":"Analisi Marketing","item":"https:\/\/www.accuratereviews.com\/it\/analisi-marketing\/"},{"@type":"ListItem","position":3,"name":"Crazy Egg"}]},{"@type":"WebSite","@id":"https:\/\/www.accuratereviews.com\/it\/#website","url":"https:\/\/www.accuratereviews.com\/it\/","name":"Accurate Reviews","description":"","potentialAction":[{"@type":"SearchAction","target":{"@type":"EntryPoint","urlTemplate":"https:\/\/www.accuratereviews.com\/it\/?s={search_term_string}"},"query-input":{"@type":"PropertyValueSpecification","valueRequired":true,"valueName":"search_term_string"}}],"inLanguage":"it-IT"}]}},"_links":{"self":[{"href":"https:\/\/www.accuratereviews.com\/it\/wp-json\/wp\/v2\/pages\/20672","targetHints":{"allow":["GET"]}}],"collection":[{"href":"https:\/\/www.accuratereviews.com\/it\/wp-json\/wp\/v2\/pages"}],"about":[{"href":"https:\/\/www.accuratereviews.com\/it\/wp-json\/wp\/v2\/types\/page"}],"author":[{"embeddable":true,"href":"https:\/\/www.accuratereviews.com\/it\/wp-json\/wp\/v2\/users\/19"}],"replies":[{"embeddable":true,"href":"https:\/\/www.accuratereviews.com\/it\/wp-json\/wp\/v2\/comments?post=20672"}],"version-history":[{"count":8,"href":"https:\/\/www.accuratereviews.com\/it\/wp-json\/wp\/v2\/pages\/20672\/revisions"}],"predecessor-version":[{"id":42199,"href":"https:\/\/www.accuratereviews.com\/it\/wp-json\/wp\/v2\/pages\/20672\/revisions\/42199"}],"up":[{"embeddable":true,"href":"https:\/\/www.accuratereviews.com\/it\/wp-json\/wp\/v2\/pages\/20408"}],"wp:featuredmedia":[{"embeddable":true,"href":"https:\/\/www.accuratereviews.com\/it\/wp-json\/wp\/v2\/media\/20490"}],"wp:attachment":[{"href":"https:\/\/www.accuratereviews.com\/it\/wp-json\/wp\/v2\/media?parent=20672"}],"wp:term":[{"taxonomy":"category","embeddable":true,"href":"https:\/\/www.accuratereviews.com\/it\/wp-json\/wp\/v2\/categories?post=20672"},{"taxonomy":"post_tag","embeddable":true,"href":"https:\/\/www.accuratereviews.com\/it\/wp-json\/wp\/v2\/tags?post=20672"},{"taxonomy":"features","embeddable":true,"href":"https:\/\/www.accuratereviews.com\/it\/wp-json\/wp\/v2\/features?post=20672"}],"curies":[{"name":"wp","href":"https:\/\/api.w.org\/{rel}","templated":true}]}}