{"id":20680,"date":"2019-11-29T16:20:17","date_gmt":"2019-11-29T16:20:17","guid":{"rendered":"https:\/\/www.accuratereviews.com\/?page_id=20680"},"modified":"2021-05-07T14:28:44","modified_gmt":"2021-05-07T14:28:44","slug":"pushad-recensione","status":"publish","type":"page","link":"https:\/\/www.accuratereviews.com\/it\/analisi-marketing\/pushad-recensione\/","title":{"rendered":"PushAd"},"content":{"rendered":"<p><strong>PushAd<\/strong> \u00e8 una potente <strong>soluzione di ottimizzazione e supporto alle vendite<\/strong> che facilita il recupero dei prodotti acquistati virtualmente e i trigger automatici con notifiche push. Il sistema \u00e8 altamente efficace nella creazione di un database di potenziali clienti o abbonati che registrano interesse per campagne promozionali, prodotti e aggiornamenti sul sito.\u00a0L&#8217;applicazione consente di inviare popup cliccabili (notifiche push) in tempo reale.<strong> PushAd<\/strong> ti consente di individuare il momento pi\u00f9 efficace di consegna dei messaggi per ottenere un elevato rapporto di click-through (CTR). La soluzione offre una facile visualizzazione di nuovi clienti, numero di abbonati e indicatori di efficienza chiave per le notifiche consegnate. L&#8217;analisi comparativa di tutti i risultati della campagna \u00e8 chiaramente rappresentata nei grafici. Utilizzando l&#8217;analisi gli utenti possono facilmente indicare gli intervalli di tempo pi\u00f9 appropriati per l&#8217;invio di messaggi in base al gruppo di abbonati di destinazione.<\/p>\n<h2>PUSHAD &#8211; TUTORIAL<\/h2>\n<p>Guardiamo insieme questo tutorial per capire meglio come funziona questo software:<\/p>\n<div id=\"fluid-wrapper-counter-1\" class=\"g1-fluid-wrapper \" style=\"width:686px;\">\n<div style=\"padding-bottom:56.268221574344%;\"><iframe loading=\"lazy\" title=\"PushAd - podstawy konfiguracji\" width=\"686\" height=\"386\" src=\"https:\/\/www.youtube.com\/embed\/atu7cWpQv5E?feature=oembed&amp;wmode=transparent&amp;autohide=1&amp;autoplay=0&amp;disablekb=0&amp;fs=1&amp;loop=0&amp;enablejsapi=1&amp;rel=0&amp;controls=2&amp;showinfo=0&amp;wmode=transparent&amp;autohide=2&amp;autoplay=0&amp;disablekb=0&amp;fs=1&amp;loop=0&amp;enablejsapi=1&amp;rel=0&amp;controls=2&amp;showinfo=1\" frameborder=\"0\" allow=\"accelerometer; autoplay; encrypted-media; gyroscope; picture-in-picture\" allowfullscreen><\/iframe><\/div>\n<\/div>\n<p>&nbsp;<\/p>\n<h3>PUSHAD &#8211; CARATTERISTICHE<\/h3>\n<ul>\n<li>Crea banner per incoraggiare gli utenti a iscriversi.<\/li>\n<li>Invia messaggi, rivedi le loro statistiche e confronta la loro efficacia.<\/li>\n<li>Crea messaggi inviati agli abbonati.<\/li>\n<li>Modifica della grafica per notifiche particolari.<\/li>\n<li>Indirizzo di destinazione con l&#8217;opzione di nascondere il codice di monitoraggio.<\/li>\n<li>Implementazione di codici UTM.<\/li>\n<li>Modifica titolo e contenuto del messaggio.<\/li>\n<li>Presentazione dei dati sui grafici.<\/li>\n<li>Analisi comparativa dei risultati di tutti i progetti.<\/li>\n<li>Possibilit\u00e0 di esportare dati in un file Excel (CSV).<\/li>\n<li>Crea notifiche da solo con il tuo logo, tema e contenuti collegati a qualsiasi indirizzo URL.<\/li>\n<li>Metti alla prova le tue idee. Confronta l&#8217;efficienza delle notifiche e dei banner di abbonamento.<\/li>\n<li>Vedi quando la &#8220;cliccabilit\u00e0&#8221; \u00e8 al suo punto pi\u00f9 alto.<\/li>\n<li>Confronta l&#8217;efficacia di diverse campagne.<\/li>\n<li>Seleziona il momento migliore per la consegna dei messaggi.<\/li>\n<li>Copia tutti i messaggi e reinviali.<\/li>\n<li>Lavora sulla base delle risorse precedentemente create.<\/li>\n<\/ul>\n<h4>LE RECENSIONI DEGLI UTENTI<\/h4>\n<h4><strong>Michal P. &#8220;Ottima soluzione per il mondo dell&#8217;ecommerce!&#8221;<\/strong><\/h4>\n<p><strong>Commenti<\/strong>: tassi di conversione pi\u00f9 elevati, migliore esperienza utente<\/p>\n<p><strong>Vantaggi<\/strong>: \u00e8 uno strumento che crea nuove opportunit\u00e0 per gli esperti di marketing. Potresti facilmente creare un nuovo canale di comunicazione basato su una notifica WebPush e utilizzarlo come alternativa alla newsletter, ad esempio. Ha molte soluzioni di automazione del marketing che potrebbero essere facilmente integrate con qualsiasi piattaforma. I tassi di conversione da questo canale sono semplicemente fantastici.<\/p>\n<p><strong>Inconvenienti<\/strong>: Non esiste una cosa del genere. Alcuni browser non offrono pieno supporto in termini di immagini o contenuti video che potrebbero essere distribuiti, ma \u00e8 una limitazione dalla loro parte, non PushAd.<\/p>\n<h4><strong>Christopher S. &#8220;\u00c8 fantastico. Ho incollato il codice e dopo poche ore ho ottenuto la prima conversione. Mi piace.&#8221;<\/strong><\/h4>\n<p><strong>Commenti<\/strong>: lo strumento aumenta effettivamente le vendite. All&#8217;inizio, \u00e8 sorprendente quanto velocemente gli abbonati si abbonino. Molto pi\u00f9 veloce della newsletter. Ma questa non \u00e8 la cosa pi\u00f9 importante. Usavo un altro strumento per inviare semplicemente il push web. Pushad ti d\u00e0 effetti completamente diversi. Alcuni trigger sono preconfigurati. Non ho dovuto dedicare molto tempo alla configurazione. Ho appena bloccato e ho iniziato a lavorare.<br \/>\nLa prossima cosa \u00e8 un alto livello di conversione, che si traduce direttamente in aumenti delle vendite. Lo strumento si \u00e8 guadagnato dopo pochi giorni. Nei prossimi mesi ancora pi\u00f9 veloce perch\u00e9 ho una base pi\u00f9 grande. In una parola, vale la pena dare un&#8217;occhiata.<\/p>\n<p><strong>Vantaggi<\/strong>: questo strumento aumenta semplicemente le vendite e le conversioni. Aumenta davvero. Una segmentazione multidimensionale, che si basa sul tagging automatico: mi piace. Un&#8217;altra cosa \u00e8 la mappa del sito virtuale e i percorsi utente (un po &#8216;lunghi, ma comprensibili). Ma mi piace il moste CR + 7,6x in pi\u00f9 rispetto alla media.<\/p>\n<p><strong>Inconvenienti<\/strong>: la mappa virtuale carica un po &#8216;, ma ci sono alcuni dati. Pi\u00f9 di 50 mila. gli abbonati devono seguire un piano individuale.<\/p>\n<h4>Kaushal A. &#8220;Il miglior strumento per le notifiche push.&#8221;<\/h4>\n<p><strong>Commenti<\/strong>: Aiuta a inviare notifiche ai miei clienti sugli ultimi trend e servizi.<\/p>\n<p><strong>Vantaggi<\/strong>: credo che questo sia il modo moderno di marketing. Puoi facilmente impostare questa soluzione.<br \/>\nDevi solo copiare il codice sul tuo sito Web da loro fornito. Puoi gestire le notifiche push dalla tua dashboard<\/p>\n","protected":false},"excerpt":{"rendered":"<p>PushAd \u00e8 una potente soluzione di ottimizzazione e supporto alle vendite che facilita il recupero dei prodotti acquistati virtualmente e i trigger automatici con notifiche push. Il sistema \u00e8 altamente efficace nella creazione di un database di potenziali clienti o abbonati che registrano interesse per campagne promozionali, prodotti e aggiornamenti sul sito.\u00a0<\/p>\n","protected":false},"author":19,"featured_media":20686,"parent":20408,"menu_order":0,"comment_status":"open","ping_status":"closed","template":"g1_template_page_review_new.php","meta":{"_acf_changed":false,"cwp_meta_box_check":"Yes","cwp_rev_product_name":"","cwp_rev_product_image":"","wppr_links":[],"cwp_rev_price":"","wppr_options":[],"wppr_pros":[],"wppr_cons":[],"_monsterinsights_skip_tracking":false,"_monsterinsights_sitenote_active":false,"_monsterinsights_sitenote_note":"","_monsterinsights_sitenote_category":0,"footnotes":""},"categories":[1490],"tags":[1495,1496,1529,1498,1499],"features":[],"class_list":{"0":"post-20680","1":"page","2":"type-page","3":"status-publish","4":"has-post-thumbnail","6":"category-analisi-marketing","7":"tag-marketing-analytics-software","8":"tag-programma-analisi-marketing","9":"tag-pushad","10":"tag-software-analisi-marketing","11":"tag-soluzione-analisi-marketing"},"wppr_data":{"cwp_meta_box_check":"Yes","cwp_rev_product_name":"","cwp_rev_product_image":"","cwp_image_link":"image","cwp_rev_price":"","wppr_rating":"0.00"},"acf":[],"yoast_head":"<!-- This site is optimized with the Yoast SEO plugin v27.4 - https:\/\/yoast.com\/product\/yoast-seo-wordpress\/ -->\n<title>PushAd: recensione software analisi marketing - Accurate Reviews<\/title>\n<meta name=\"description\" content=\"PushAd: recensione soluzione di ottimizzazione e supporto alle vendite che facilita il recupero dei prodotti acquistati virtualmente e i trigger automatici.\" \/>\n<meta name=\"robots\" content=\"index, follow, max-snippet:-1, max-image-preview:large, max-video-preview:-1\" \/>\n<link rel=\"canonical\" href=\"https:\/\/www.accuratereviews.com\/it\/analisi-marketing\/pushad-recensione\/\" \/>\n<meta property=\"og:locale\" content=\"it_IT\" \/>\n<meta property=\"og:type\" content=\"article\" \/>\n<meta property=\"og:title\" content=\"PushAd: recensione software analisi marketing - Accurate Reviews\" \/>\n<meta property=\"og:description\" content=\"PushAd: recensione soluzione di ottimizzazione e supporto alle vendite che facilita il recupero dei prodotti acquistati virtualmente e i trigger automatici.\" \/>\n<meta property=\"og:url\" content=\"https:\/\/www.accuratereviews.com\/it\/analisi-marketing\/pushad-recensione\/\" \/>\n<meta property=\"og:site_name\" content=\"Accurate Reviews\" \/>\n<meta property=\"article:modified_time\" content=\"2021-05-07T14:28:44+00:00\" \/>\n<meta property=\"og:image\" content=\"https:\/\/www.accuratereviews.com\/wp-content\/uploads\/2019\/11\/Logo-PushAd-655.png\" \/>\n\t<meta property=\"og:image:width\" content=\"655\" \/>\n\t<meta property=\"og:image:height\" content=\"260\" \/>\n\t<meta property=\"og:image:type\" content=\"image\/png\" \/>\n<meta name=\"twitter:card\" content=\"summary_large_image\" \/>\n<meta name=\"twitter:label1\" content=\"Tempo di lettura stimato\" \/>\n\t<meta name=\"twitter:data1\" content=\"3 minuti\" \/>\n<script type=\"application\/ld+json\" class=\"yoast-schema-graph\">{\"@context\":\"https:\\\/\\\/schema.org\",\"@graph\":[{\"@type\":\"WebPage\",\"@id\":\"https:\\\/\\\/www.accuratereviews.com\\\/it\\\/analisi-marketing\\\/pushad-recensione\\\/\",\"url\":\"https:\\\/\\\/www.accuratereviews.com\\\/it\\\/analisi-marketing\\\/pushad-recensione\\\/\",\"name\":\"PushAd: recensione software analisi marketing - Accurate Reviews\",\"isPartOf\":{\"@id\":\"https:\\\/\\\/www.accuratereviews.com\\\/it\\\/#website\"},\"primaryImageOfPage\":{\"@id\":\"https:\\\/\\\/www.accuratereviews.com\\\/it\\\/analisi-marketing\\\/pushad-recensione\\\/#primaryimage\"},\"image\":{\"@id\":\"https:\\\/\\\/www.accuratereviews.com\\\/it\\\/analisi-marketing\\\/pushad-recensione\\\/#primaryimage\"},\"thumbnailUrl\":\"https:\\\/\\\/www.accuratereviews.com\\\/wp-content\\\/uploads\\\/2019\\\/11\\\/Logo-PushAd-655.png\",\"datePublished\":\"2019-11-29T16:20:17+00:00\",\"dateModified\":\"2021-05-07T14:28:44+00:00\",\"description\":\"PushAd: recensione soluzione di ottimizzazione e supporto alle vendite che facilita il recupero dei prodotti acquistati virtualmente e i trigger automatici.\",\"breadcrumb\":{\"@id\":\"https:\\\/\\\/www.accuratereviews.com\\\/it\\\/analisi-marketing\\\/pushad-recensione\\\/#breadcrumb\"},\"inLanguage\":\"it-IT\",\"potentialAction\":[{\"@type\":\"ReadAction\",\"target\":[\"https:\\\/\\\/www.accuratereviews.com\\\/it\\\/analisi-marketing\\\/pushad-recensione\\\/\"]}]},{\"@type\":\"ImageObject\",\"inLanguage\":\"it-IT\",\"@id\":\"https:\\\/\\\/www.accuratereviews.com\\\/it\\\/analisi-marketing\\\/pushad-recensione\\\/#primaryimage\",\"url\":\"https:\\\/\\\/www.accuratereviews.com\\\/wp-content\\\/uploads\\\/2019\\\/11\\\/Logo-PushAd-655.png\",\"contentUrl\":\"https:\\\/\\\/www.accuratereviews.com\\\/wp-content\\\/uploads\\\/2019\\\/11\\\/Logo-PushAd-655.png\",\"width\":655,\"height\":260},{\"@type\":\"BreadcrumbList\",\"@id\":\"https:\\\/\\\/www.accuratereviews.com\\\/it\\\/analisi-marketing\\\/pushad-recensione\\\/#breadcrumb\",\"itemListElement\":[{\"@type\":\"ListItem\",\"position\":1,\"name\":\"Home\",\"item\":\"https:\\\/\\\/www.accuratereviews.com\\\/it\\\/\"},{\"@type\":\"ListItem\",\"position\":2,\"name\":\"Analisi Marketing\",\"item\":\"https:\\\/\\\/www.accuratereviews.com\\\/it\\\/analisi-marketing\\\/\"},{\"@type\":\"ListItem\",\"position\":3,\"name\":\"PushAd\"}]},{\"@type\":\"WebSite\",\"@id\":\"https:\\\/\\\/www.accuratereviews.com\\\/it\\\/#website\",\"url\":\"https:\\\/\\\/www.accuratereviews.com\\\/it\\\/\",\"name\":\"Accurate Reviews\",\"description\":\"\",\"potentialAction\":[{\"@type\":\"SearchAction\",\"target\":{\"@type\":\"EntryPoint\",\"urlTemplate\":\"https:\\\/\\\/www.accuratereviews.com\\\/it\\\/?s={search_term_string}\"},\"query-input\":{\"@type\":\"PropertyValueSpecification\",\"valueRequired\":true,\"valueName\":\"search_term_string\"}}],\"inLanguage\":\"it-IT\"}]}<\/script>\n<!-- \/ Yoast SEO plugin. -->","yoast_head_json":{"title":"PushAd: recensione software analisi marketing - Accurate Reviews","description":"PushAd: recensione soluzione di ottimizzazione e supporto alle vendite che facilita il recupero dei prodotti acquistati virtualmente e i trigger automatici.","robots":{"index":"index","follow":"follow","max-snippet":"max-snippet:-1","max-image-preview":"max-image-preview:large","max-video-preview":"max-video-preview:-1"},"canonical":"https:\/\/www.accuratereviews.com\/it\/analisi-marketing\/pushad-recensione\/","og_locale":"it_IT","og_type":"article","og_title":"PushAd: recensione software analisi marketing - Accurate Reviews","og_description":"PushAd: recensione soluzione di ottimizzazione e supporto alle vendite che facilita il recupero dei prodotti acquistati virtualmente e i trigger automatici.","og_url":"https:\/\/www.accuratereviews.com\/it\/analisi-marketing\/pushad-recensione\/","og_site_name":"Accurate Reviews","article_modified_time":"2021-05-07T14:28:44+00:00","og_image":[{"width":655,"height":260,"url":"https:\/\/www.accuratereviews.com\/wp-content\/uploads\/2019\/11\/Logo-PushAd-655.png","type":"image\/png"}],"twitter_card":"summary_large_image","twitter_misc":{"Tempo di lettura stimato":"3 minuti"},"schema":{"@context":"https:\/\/schema.org","@graph":[{"@type":"WebPage","@id":"https:\/\/www.accuratereviews.com\/it\/analisi-marketing\/pushad-recensione\/","url":"https:\/\/www.accuratereviews.com\/it\/analisi-marketing\/pushad-recensione\/","name":"PushAd: recensione software analisi marketing - Accurate Reviews","isPartOf":{"@id":"https:\/\/www.accuratereviews.com\/it\/#website"},"primaryImageOfPage":{"@id":"https:\/\/www.accuratereviews.com\/it\/analisi-marketing\/pushad-recensione\/#primaryimage"},"image":{"@id":"https:\/\/www.accuratereviews.com\/it\/analisi-marketing\/pushad-recensione\/#primaryimage"},"thumbnailUrl":"https:\/\/www.accuratereviews.com\/wp-content\/uploads\/2019\/11\/Logo-PushAd-655.png","datePublished":"2019-11-29T16:20:17+00:00","dateModified":"2021-05-07T14:28:44+00:00","description":"PushAd: recensione soluzione di ottimizzazione e supporto alle vendite che facilita il recupero dei prodotti acquistati virtualmente e i trigger automatici.","breadcrumb":{"@id":"https:\/\/www.accuratereviews.com\/it\/analisi-marketing\/pushad-recensione\/#breadcrumb"},"inLanguage":"it-IT","potentialAction":[{"@type":"ReadAction","target":["https:\/\/www.accuratereviews.com\/it\/analisi-marketing\/pushad-recensione\/"]}]},{"@type":"ImageObject","inLanguage":"it-IT","@id":"https:\/\/www.accuratereviews.com\/it\/analisi-marketing\/pushad-recensione\/#primaryimage","url":"https:\/\/www.accuratereviews.com\/wp-content\/uploads\/2019\/11\/Logo-PushAd-655.png","contentUrl":"https:\/\/www.accuratereviews.com\/wp-content\/uploads\/2019\/11\/Logo-PushAd-655.png","width":655,"height":260},{"@type":"BreadcrumbList","@id":"https:\/\/www.accuratereviews.com\/it\/analisi-marketing\/pushad-recensione\/#breadcrumb","itemListElement":[{"@type":"ListItem","position":1,"name":"Home","item":"https:\/\/www.accuratereviews.com\/it\/"},{"@type":"ListItem","position":2,"name":"Analisi Marketing","item":"https:\/\/www.accuratereviews.com\/it\/analisi-marketing\/"},{"@type":"ListItem","position":3,"name":"PushAd"}]},{"@type":"WebSite","@id":"https:\/\/www.accuratereviews.com\/it\/#website","url":"https:\/\/www.accuratereviews.com\/it\/","name":"Accurate Reviews","description":"","potentialAction":[{"@type":"SearchAction","target":{"@type":"EntryPoint","urlTemplate":"https:\/\/www.accuratereviews.com\/it\/?s={search_term_string}"},"query-input":{"@type":"PropertyValueSpecification","valueRequired":true,"valueName":"search_term_string"}}],"inLanguage":"it-IT"}]}},"_links":{"self":[{"href":"https:\/\/www.accuratereviews.com\/it\/wp-json\/wp\/v2\/pages\/20680","targetHints":{"allow":["GET"]}}],"collection":[{"href":"https:\/\/www.accuratereviews.com\/it\/wp-json\/wp\/v2\/pages"}],"about":[{"href":"https:\/\/www.accuratereviews.com\/it\/wp-json\/wp\/v2\/types\/page"}],"author":[{"embeddable":true,"href":"https:\/\/www.accuratereviews.com\/it\/wp-json\/wp\/v2\/users\/19"}],"replies":[{"embeddable":true,"href":"https:\/\/www.accuratereviews.com\/it\/wp-json\/wp\/v2\/comments?post=20680"}],"version-history":[{"count":9,"href":"https:\/\/www.accuratereviews.com\/it\/wp-json\/wp\/v2\/pages\/20680\/revisions"}],"predecessor-version":[{"id":42238,"href":"https:\/\/www.accuratereviews.com\/it\/wp-json\/wp\/v2\/pages\/20680\/revisions\/42238"}],"up":[{"embeddable":true,"href":"https:\/\/www.accuratereviews.com\/it\/wp-json\/wp\/v2\/pages\/20408"}],"wp:featuredmedia":[{"embeddable":true,"href":"https:\/\/www.accuratereviews.com\/it\/wp-json\/wp\/v2\/media\/20686"}],"wp:attachment":[{"href":"https:\/\/www.accuratereviews.com\/it\/wp-json\/wp\/v2\/media?parent=20680"}],"wp:term":[{"taxonomy":"category","embeddable":true,"href":"https:\/\/www.accuratereviews.com\/it\/wp-json\/wp\/v2\/categories?post=20680"},{"taxonomy":"post_tag","embeddable":true,"href":"https:\/\/www.accuratereviews.com\/it\/wp-json\/wp\/v2\/tags?post=20680"},{"taxonomy":"features","embeddable":true,"href":"https:\/\/www.accuratereviews.com\/it\/wp-json\/wp\/v2\/features?post=20680"}],"curies":[{"name":"wp","href":"https:\/\/api.w.org\/{rel}","templated":true}]}}