{"id":20698,"date":"2019-11-29T16:19:50","date_gmt":"2019-11-29T16:19:50","guid":{"rendered":"https:\/\/www.accuratereviews.com\/?page_id=20698"},"modified":"2021-05-07T13:46:14","modified_gmt":"2021-05-07T13:46:14","slug":"appsee-recensione","status":"publish","type":"page","link":"https:\/\/www.accuratereviews.com\/it\/analisi-marketing\/appsee-recensione\/","title":{"rendered":"Appsee"},"content":{"rendered":"<p><strong>Appsee<\/strong> \u00e8 una <strong>piattaforma di analisi delle app<\/strong> che offre strumenti come le registrazioni dell&#8217;utente e le mappe di calore tattili, che ti permettono di osservare da vicino il comportamento degli utenti che utilizzano la tua applicazione. In questo modo potrai notare dove \u00e8 possibile<strong> ottimizzare l&#8217;esperienza utente<\/strong> e risolvere eventuali problemi che si verificano durante l&#8217;utilizzo di questo programma. Oltre a questi strumenti che segnalano ai team mobili tutti i dati quantitativi, troviamo anche quelli che forniscono informazioni dettagliate sulla <strong>conservazione, i percorsi degli utenti, l&#8217;utilizzo e le canalizzazioni di conversione<\/strong>.<\/p>\n<h2>COME UTILIZZARE APPSEE &#8211; TUTORIAL<\/h2>\n<p>Diamo uno sguardo a questo video tutorial per capire qualcosa di pi\u00f9:<\/p>\n<div id=\"fluid-wrapper-counter-1\" class=\"g1-fluid-wrapper \" style=\"width:686px;\">\n<div style=\"padding-bottom:56.268221574344%;\"><iframe loading=\"lazy\" title=\"Appsee - Visual Analytics presented by Zahi Boussiba at Budapest.Mobile Meetup\" width=\"686\" height=\"386\" src=\"https:\/\/www.youtube.com\/embed\/aRN_XrxNCNE?feature=oembed&amp;wmode=transparent&amp;autohide=1&amp;autoplay=0&amp;disablekb=0&amp;fs=1&amp;loop=0&amp;enablejsapi=1&amp;rel=0&amp;controls=2&amp;showinfo=0&amp;wmode=transparent&amp;autohide=2&amp;autoplay=0&amp;disablekb=0&amp;fs=1&amp;loop=0&amp;enablejsapi=1&amp;rel=0&amp;controls=2&amp;showinfo=1\" frameborder=\"0\" allow=\"accelerometer; autoplay; encrypted-media; gyroscope; picture-in-picture\" allowfullscreen><\/iframe><\/div>\n<\/div>\n<h3>APPSEE &#8211; CARATTERISTICHE<\/h3>\n<p>Di seguito le sue principali caratteristiche:<\/p>\n<ul>\n<li><strong>Registrazioni utente<\/strong>: osserva e analizza il comportamento dei tuoi utenti, registra i loro passaggi e le loro azioni. Guarda le registrazioni delle sessioni utente in tempo reale, avrai una rappresentazione chiara e visiva di ci\u00f2 che funziona e che non funziona per la tua app mobile<\/li>\n<li><strong>Touch Heatmaps<\/strong>: monitora automaticamente tutti i gesti tattili (tocchi, scorri, pizzichi, ecc.) e riuniscili in una mappa di calore tattile cos\u00ec da poter valutare l&#8217;efficacia dell&#8217;interfaccia utente della tua app<\/li>\n<li><strong>Strumento Analytics<\/strong>: ottieni approfondimenti per utente singolo e aggregati in tempo reale non appena si verificano. Puoi anche monitorare ogni modifica delle metriche nella tua app mobile con gli avvisi di Appsee<\/li>\n<li><strong>Tassi di conversione<\/strong>: ti consente di monitorare facilmente i tassi di conversione della canalizzazione e scoprire i motivi per cui gli utenti abbandonano<\/li>\n<li><strong>Flusso utenti<\/strong>: ti offre un quadro generale di come gli utenti navigano all&#8217;interno della tua app per riuscire a capire rapidamente dove la maggior parte dei tuoi utenti si sta facendo strada tra i diversi schermi.<\/li>\n<\/ul>\n<h3>LE RECENSIONI DEGLI UTENTI<\/h3>\n<p><strong>\u201cLa migliore decisione aziendale che prenderai\u201d<\/strong><br \/>\nPRO: l&#8217;integrazione di Appsee nella nostra app \u00e8 stata una delle migliori decisioni aziendali che abbiamo preso, \u00e8 cos\u00ec buona. Facevamo affidamento solo su soluzioni analitiche tradizionali come Mixpanel, che \u00e8 ancora molto importante, non fraintendetemi, ma mancava sempre qualcosa. Sai che qualcosa non va in una particolare metrica nella tua app, ma non sai perch\u00e9.<br \/>\nAppsee ha completamente eliminato questa preoccupazione dandoci la possibilit\u00e0 di vedere esattamente come i nostri utenti interagiscono con schermi specifici all&#8217;interno dell&#8217;app e anche di individuare aree specifiche su cui dobbiamo concentrarci, come le prime sessioni o le sessioni bloccate e i gesti che non rispondono.<br \/>\nCONTRO: I prezzi sono un po&#8217; alti MA dopo averlo usato per un po&#8217; di tempo, vorrei dire che alcune delle intuizioni che stai ricevendo sono impagabili.<\/p>\n<p><strong>&#8220;Portare la tua analisi mobile al livello successivo.&#8221;<\/strong><br \/>\nIN GENERALE: grandi mappe di calore dell&#8217;interfaccia utente e UX e comportamento dell&#8217;utente.<br \/>\nPRO: C&#8217;\u00e8 molto da apprezzare nel software, le mappe di calore dello schermo sono tra le pi\u00f9 utilizzate dal mio team per perfezionare l&#8217;interfaccia utente e la UX. Possiamo vedere dove gli utenti stanno toccando, scorrendo, gesticolando ecc. Anche la possibilit\u00e0 di creare facilmente imbuti e coorti \u00e8 un grande vantaggio. Il viaggio e il comportamento dell&#8217;interfaccia utente offrono nuove informazioni visive sui tuoi prodotti mobili.<br \/>\nCONTRO: Non \u00e8 economico, quindi a meno che tu non prenda sul serio le analisi UI e UX e controlli costantemente e cambi cose, allora direi che questo software non fa per te.<\/p>\n<div><strong>&#8220;Un must per i progettisti di UX mobili&#8221;<\/strong><br \/>\nPRO: Sai di aver preso la giusta decisione di acquisto quando sia tu (prodotto), il tuo designer (ux) che il tuo sviluppatore siete estremamente soddisfatti di un prodotto. E questa \u00e8 esattamente la bellezza di Appsee. Ha cos\u00ec tante fantastiche funzionalit\u00e0 per tutti che \u00e8 un peccato non usarlo. Come Product Manager, adoro avere il dashboard di analisi dell&#8217;interfaccia utente in modo da poter FINALMENTE capire di cosa sta parlando il mio designer UX quando dice che abbiamo un problema con il design della schermata di checkout.<br \/>\nCONTRO: supporta solo le app mobili, quindi questo significa che non \u00e8 una soluzione autonoma e dovrai ottenere uno strumento desktop diverso se possiedi prodotti sia mobili che desktop. Ma per quanto riguarda i dispositivi mobili, questa \u00e8 senza dubbio l&#8217;opzione migliore.<\/div>\n","protected":false},"excerpt":{"rendered":"<p>Appsee \u00e8 una piattaforma di analisi delle app che offre strumenti come le registrazioni dell&#8217;utente e le mappe di calore tattili, che ti permettono di osservare da vicino il comportamento degli utenti che utilizzano la tua applicazione. In questo modo potrai notare dove \u00e8 possibile ottimizzare l&#8217;esperienza utente e risolvere eventuali problemi che si verificano durante l&#8217;utilizzo di questo programma.<\/p>\n","protected":false},"author":17,"featured_media":20699,"parent":20408,"menu_order":0,"comment_status":"open","ping_status":"closed","template":"g1_template_page_review_new.php","meta":{"_acf_changed":false,"cwp_meta_box_check":"Yes","cwp_rev_product_name":"","cwp_rev_product_image":"","wppr_links":[],"cwp_rev_price":"","wppr_options":[],"wppr_pros":[],"wppr_cons":[],"_monsterinsights_skip_tracking":false,"_monsterinsights_sitenote_active":false,"_monsterinsights_sitenote_note":"","_monsterinsights_sitenote_category":0,"footnotes":""},"categories":[1490],"tags":[1512,439,1488,1495],"features":[],"class_list":{"0":"post-20698","1":"page","2":"type-page","3":"status-publish","4":"has-post-thumbnail","6":"category-analisi-marketing","7":"tag-analisi-marketing","8":"tag-app-mobile","9":"tag-marketing","10":"tag-marketing-analytics-software"},"wppr_data":{"cwp_meta_box_check":"Yes","cwp_rev_product_name":"","cwp_rev_product_image":"","cwp_image_link":"image","cwp_rev_price":"","wppr_rating":"0.00"},"acf":[],"yoast_head":"<!-- This site is optimized with the Yoast SEO plugin v27.4 - https:\/\/yoast.com\/product\/yoast-seo-wordpress\/ -->\n<title>Appsee: recensione piattaforma di analisi delle app - Accurate Reviews<\/title>\n<meta name=\"description\" content=\"Appsee: recensioni della piattaforma di analisi delle app che offre strumenti come le registrazioni dell&#039;utente e le mappe di calore tattili.\" \/>\n<meta name=\"robots\" content=\"index, follow, max-snippet:-1, max-image-preview:large, max-video-preview:-1\" \/>\n<link rel=\"canonical\" href=\"https:\/\/www.accuratereviews.com\/it\/analisi-marketing\/appsee-recensione\/\" \/>\n<meta property=\"og:locale\" content=\"it_IT\" \/>\n<meta property=\"og:type\" content=\"article\" \/>\n<meta property=\"og:title\" content=\"Appsee: recensione piattaforma di analisi delle app - Accurate Reviews\" \/>\n<meta property=\"og:description\" content=\"Appsee: recensioni della piattaforma di analisi delle app che offre strumenti come le registrazioni dell&#039;utente e le mappe di calore tattili.\" \/>\n<meta property=\"og:url\" content=\"https:\/\/www.accuratereviews.com\/it\/analisi-marketing\/appsee-recensione\/\" \/>\n<meta property=\"og:site_name\" content=\"Accurate Reviews\" \/>\n<meta property=\"article:modified_time\" content=\"2021-05-07T13:46:14+00:00\" \/>\n<meta property=\"og:image\" content=\"https:\/\/www.accuratereviews.com\/wp-content\/uploads\/2019\/11\/logo_height_100.png\" \/>\n\t<meta property=\"og:image:width\" content=\"384\" \/>\n\t<meta property=\"og:image:height\" content=\"100\" \/>\n\t<meta property=\"og:image:type\" content=\"image\/png\" \/>\n<meta name=\"twitter:card\" content=\"summary_large_image\" \/>\n<meta name=\"twitter:label1\" content=\"Tempo di lettura stimato\" \/>\n\t<meta name=\"twitter:data1\" content=\"3 minuti\" \/>\n<script type=\"application\/ld+json\" class=\"yoast-schema-graph\">{\"@context\":\"https:\\\/\\\/schema.org\",\"@graph\":[{\"@type\":\"WebPage\",\"@id\":\"https:\\\/\\\/www.accuratereviews.com\\\/it\\\/analisi-marketing\\\/appsee-recensione\\\/\",\"url\":\"https:\\\/\\\/www.accuratereviews.com\\\/it\\\/analisi-marketing\\\/appsee-recensione\\\/\",\"name\":\"Appsee: recensione piattaforma di analisi delle app - Accurate Reviews\",\"isPartOf\":{\"@id\":\"https:\\\/\\\/www.accuratereviews.com\\\/it\\\/#website\"},\"primaryImageOfPage\":{\"@id\":\"https:\\\/\\\/www.accuratereviews.com\\\/it\\\/analisi-marketing\\\/appsee-recensione\\\/#primaryimage\"},\"image\":{\"@id\":\"https:\\\/\\\/www.accuratereviews.com\\\/it\\\/analisi-marketing\\\/appsee-recensione\\\/#primaryimage\"},\"thumbnailUrl\":\"https:\\\/\\\/www.accuratereviews.com\\\/wp-content\\\/uploads\\\/2019\\\/11\\\/logo_height_100.png\",\"datePublished\":\"2019-11-29T16:19:50+00:00\",\"dateModified\":\"2021-05-07T13:46:14+00:00\",\"description\":\"Appsee: recensioni della piattaforma di analisi delle app che offre strumenti come le registrazioni dell'utente e le mappe di calore tattili.\",\"breadcrumb\":{\"@id\":\"https:\\\/\\\/www.accuratereviews.com\\\/it\\\/analisi-marketing\\\/appsee-recensione\\\/#breadcrumb\"},\"inLanguage\":\"it-IT\",\"potentialAction\":[{\"@type\":\"ReadAction\",\"target\":[\"https:\\\/\\\/www.accuratereviews.com\\\/it\\\/analisi-marketing\\\/appsee-recensione\\\/\"]}]},{\"@type\":\"ImageObject\",\"inLanguage\":\"it-IT\",\"@id\":\"https:\\\/\\\/www.accuratereviews.com\\\/it\\\/analisi-marketing\\\/appsee-recensione\\\/#primaryimage\",\"url\":\"https:\\\/\\\/www.accuratereviews.com\\\/wp-content\\\/uploads\\\/2019\\\/11\\\/logo_height_100.png\",\"contentUrl\":\"https:\\\/\\\/www.accuratereviews.com\\\/wp-content\\\/uploads\\\/2019\\\/11\\\/logo_height_100.png\",\"width\":384,\"height\":100},{\"@type\":\"BreadcrumbList\",\"@id\":\"https:\\\/\\\/www.accuratereviews.com\\\/it\\\/analisi-marketing\\\/appsee-recensione\\\/#breadcrumb\",\"itemListElement\":[{\"@type\":\"ListItem\",\"position\":1,\"name\":\"Home\",\"item\":\"https:\\\/\\\/www.accuratereviews.com\\\/it\\\/\"},{\"@type\":\"ListItem\",\"position\":2,\"name\":\"Analisi Marketing\",\"item\":\"https:\\\/\\\/www.accuratereviews.com\\\/it\\\/analisi-marketing\\\/\"},{\"@type\":\"ListItem\",\"position\":3,\"name\":\"Appsee\"}]},{\"@type\":\"WebSite\",\"@id\":\"https:\\\/\\\/www.accuratereviews.com\\\/it\\\/#website\",\"url\":\"https:\\\/\\\/www.accuratereviews.com\\\/it\\\/\",\"name\":\"Accurate Reviews\",\"description\":\"\",\"potentialAction\":[{\"@type\":\"SearchAction\",\"target\":{\"@type\":\"EntryPoint\",\"urlTemplate\":\"https:\\\/\\\/www.accuratereviews.com\\\/it\\\/?s={search_term_string}\"},\"query-input\":{\"@type\":\"PropertyValueSpecification\",\"valueRequired\":true,\"valueName\":\"search_term_string\"}}],\"inLanguage\":\"it-IT\"}]}<\/script>\n<!-- \/ Yoast SEO plugin. -->","yoast_head_json":{"title":"Appsee: recensione piattaforma di analisi delle app - Accurate Reviews","description":"Appsee: recensioni della piattaforma di analisi delle app che offre strumenti come le registrazioni dell'utente e le mappe di calore tattili.","robots":{"index":"index","follow":"follow","max-snippet":"max-snippet:-1","max-image-preview":"max-image-preview:large","max-video-preview":"max-video-preview:-1"},"canonical":"https:\/\/www.accuratereviews.com\/it\/analisi-marketing\/appsee-recensione\/","og_locale":"it_IT","og_type":"article","og_title":"Appsee: recensione piattaforma di analisi delle app - Accurate Reviews","og_description":"Appsee: recensioni della piattaforma di analisi delle app che offre strumenti come le registrazioni dell'utente e le mappe di calore tattili.","og_url":"https:\/\/www.accuratereviews.com\/it\/analisi-marketing\/appsee-recensione\/","og_site_name":"Accurate Reviews","article_modified_time":"2021-05-07T13:46:14+00:00","og_image":[{"width":384,"height":100,"url":"https:\/\/www.accuratereviews.com\/wp-content\/uploads\/2019\/11\/logo_height_100.png","type":"image\/png"}],"twitter_card":"summary_large_image","twitter_misc":{"Tempo di lettura stimato":"3 minuti"},"schema":{"@context":"https:\/\/schema.org","@graph":[{"@type":"WebPage","@id":"https:\/\/www.accuratereviews.com\/it\/analisi-marketing\/appsee-recensione\/","url":"https:\/\/www.accuratereviews.com\/it\/analisi-marketing\/appsee-recensione\/","name":"Appsee: recensione piattaforma di analisi delle app - Accurate Reviews","isPartOf":{"@id":"https:\/\/www.accuratereviews.com\/it\/#website"},"primaryImageOfPage":{"@id":"https:\/\/www.accuratereviews.com\/it\/analisi-marketing\/appsee-recensione\/#primaryimage"},"image":{"@id":"https:\/\/www.accuratereviews.com\/it\/analisi-marketing\/appsee-recensione\/#primaryimage"},"thumbnailUrl":"https:\/\/www.accuratereviews.com\/wp-content\/uploads\/2019\/11\/logo_height_100.png","datePublished":"2019-11-29T16:19:50+00:00","dateModified":"2021-05-07T13:46:14+00:00","description":"Appsee: recensioni della piattaforma di analisi delle app che offre strumenti come le registrazioni dell'utente e le mappe di calore tattili.","breadcrumb":{"@id":"https:\/\/www.accuratereviews.com\/it\/analisi-marketing\/appsee-recensione\/#breadcrumb"},"inLanguage":"it-IT","potentialAction":[{"@type":"ReadAction","target":["https:\/\/www.accuratereviews.com\/it\/analisi-marketing\/appsee-recensione\/"]}]},{"@type":"ImageObject","inLanguage":"it-IT","@id":"https:\/\/www.accuratereviews.com\/it\/analisi-marketing\/appsee-recensione\/#primaryimage","url":"https:\/\/www.accuratereviews.com\/wp-content\/uploads\/2019\/11\/logo_height_100.png","contentUrl":"https:\/\/www.accuratereviews.com\/wp-content\/uploads\/2019\/11\/logo_height_100.png","width":384,"height":100},{"@type":"BreadcrumbList","@id":"https:\/\/www.accuratereviews.com\/it\/analisi-marketing\/appsee-recensione\/#breadcrumb","itemListElement":[{"@type":"ListItem","position":1,"name":"Home","item":"https:\/\/www.accuratereviews.com\/it\/"},{"@type":"ListItem","position":2,"name":"Analisi Marketing","item":"https:\/\/www.accuratereviews.com\/it\/analisi-marketing\/"},{"@type":"ListItem","position":3,"name":"Appsee"}]},{"@type":"WebSite","@id":"https:\/\/www.accuratereviews.com\/it\/#website","url":"https:\/\/www.accuratereviews.com\/it\/","name":"Accurate Reviews","description":"","potentialAction":[{"@type":"SearchAction","target":{"@type":"EntryPoint","urlTemplate":"https:\/\/www.accuratereviews.com\/it\/?s={search_term_string}"},"query-input":{"@type":"PropertyValueSpecification","valueRequired":true,"valueName":"search_term_string"}}],"inLanguage":"it-IT"}]}},"_links":{"self":[{"href":"https:\/\/www.accuratereviews.com\/it\/wp-json\/wp\/v2\/pages\/20698","targetHints":{"allow":["GET"]}}],"collection":[{"href":"https:\/\/www.accuratereviews.com\/it\/wp-json\/wp\/v2\/pages"}],"about":[{"href":"https:\/\/www.accuratereviews.com\/it\/wp-json\/wp\/v2\/types\/page"}],"author":[{"embeddable":true,"href":"https:\/\/www.accuratereviews.com\/it\/wp-json\/wp\/v2\/users\/17"}],"replies":[{"embeddable":true,"href":"https:\/\/www.accuratereviews.com\/it\/wp-json\/wp\/v2\/comments?post=20698"}],"version-history":[{"count":9,"href":"https:\/\/www.accuratereviews.com\/it\/wp-json\/wp\/v2\/pages\/20698\/revisions"}],"predecessor-version":[{"id":42181,"href":"https:\/\/www.accuratereviews.com\/it\/wp-json\/wp\/v2\/pages\/20698\/revisions\/42181"}],"up":[{"embeddable":true,"href":"https:\/\/www.accuratereviews.com\/it\/wp-json\/wp\/v2\/pages\/20408"}],"wp:featuredmedia":[{"embeddable":true,"href":"https:\/\/www.accuratereviews.com\/it\/wp-json\/wp\/v2\/media\/20699"}],"wp:attachment":[{"href":"https:\/\/www.accuratereviews.com\/it\/wp-json\/wp\/v2\/media?parent=20698"}],"wp:term":[{"taxonomy":"category","embeddable":true,"href":"https:\/\/www.accuratereviews.com\/it\/wp-json\/wp\/v2\/categories?post=20698"},{"taxonomy":"post_tag","embeddable":true,"href":"https:\/\/www.accuratereviews.com\/it\/wp-json\/wp\/v2\/tags?post=20698"},{"taxonomy":"features","embeddable":true,"href":"https:\/\/www.accuratereviews.com\/it\/wp-json\/wp\/v2\/features?post=20698"}],"curies":[{"name":"wp","href":"https:\/\/api.w.org\/{rel}","templated":true}]}}