{"id":20703,"date":"2019-12-02T14:06:32","date_gmt":"2019-12-02T14:06:32","guid":{"rendered":"https:\/\/www.accuratereviews.com\/?page_id=20703"},"modified":"2021-05-07T13:45:15","modified_gmt":"2021-05-07T13:45:15","slug":"app-annie-recensione","status":"publish","type":"page","link":"https:\/\/www.accuratereviews.com\/it\/analisi-marketing\/app-annie-recensione\/","title":{"rendered":"App Annie"},"content":{"rendered":"<p><strong>App Annie<\/strong> \u00e8 un&#8217;applicazione mobile di<strong> analisi di marketing<\/strong> che fornisce alle aziende tutti i dati di cui hanno bisogno per prendere decisioni importanti. Si tratta di una <strong>piattaforma di dati e analisi del mercato<\/strong> che offre una panoramica completa di informazioni utili per l&#8217;acquisizione e la fidelizzazione dei clienti, per l&#8217;ottimizzazione del ROI e per tutto ci\u00f2 che concerne il marketing. L&#8217;obiettivo \u00e8 quello di crea una <strong>strategia aziendale<\/strong> forte che ti consenta di tenere traccia dei dati pi\u00f9 importanti delle tue app, inclusi download, entrate, utilizzo e pubblicit\u00e0, tutto in un unico posto.<\/p>\n<h2>COME FUNZIONA APP ANNIE &#8211; TUTORIAL<\/h2>\n<p>Ecco un breve tutorial per comprendere di cosa si tratta:<\/p>\n<div id=\"fluid-wrapper-counter-1\" class=\"g1-fluid-wrapper \" style=\"width:686px;\">\n<div style=\"padding-bottom:56.268221574344%;\"><iframe loading=\"lazy\" title=\"App Annie Free Intelligence for Marketing: Hone Your App Marketing Strategy\" width=\"686\" height=\"386\" src=\"https:\/\/www.youtube.com\/embed\/MuYRwEPkkXk?feature=oembed&amp;wmode=transparent&amp;autohide=1&amp;autoplay=0&amp;disablekb=0&amp;fs=1&amp;loop=0&amp;enablejsapi=1&amp;rel=0&amp;controls=2&amp;showinfo=0&amp;wmode=transparent&amp;autohide=2&amp;autoplay=0&amp;disablekb=0&amp;fs=1&amp;loop=0&amp;enablejsapi=1&amp;rel=0&amp;controls=2&amp;showinfo=1\" frameborder=\"0\" allow=\"accelerometer; autoplay; encrypted-media; gyroscope; picture-in-picture\" allowfullscreen><\/iframe><\/div>\n<\/div>\n<h3>APP ANNIE &#8211; CARATTERISTICHE<\/h3>\n<p>Diamo uno sguardo alle sue principali caratteristiche:<\/p>\n<p><strong>Dashboard<\/strong>: visualizza tutti i dati delle app in un unico posto grazie alla presenza di una dashboard semplice e intuitiva<\/p>\n<p><strong>Monitoraggio<\/strong>: tieni traccia dei migliori grafici e della cronologia dei ranghi<\/p>\n<p><strong>Download ed entrate<\/strong>: ottieni stime di download e entrate cos\u00ec da avere tutto sempre sotto controllo e migliorando costantemente l&#8217;efficacia delle campagne<\/p>\n<p><strong>Strategia pubblicitaria<\/strong>:\u00a0ottimizza l&#8217;app, acquisisci e monetizza gli utenti in tutta sicurezza per riuscire ad ottenere risultati superiori. App Annie fornisce dati completi sul mercato delle app per aiutarti a massimizzare il ROI di tutte le tue campagne.<\/p>\n<h3>LE RECENSIONI DELGI UTENTI<\/h3>\n<ul>\n<li><strong>&#8220;Ottimo strumento per l&#8217;analisi mobile e l&#8217;ottimizzazione dell&#8217;app store&#8221;<\/strong><br \/>\nIN GENERALE: in primo luogo, mi aiuta a creare un piano di marketing pi\u00f9 efficace con pi\u00f9 statistiche che possono essere analizzate. In secondo luogo, i problemi di sviluppo sono stati risolti in precedenza.<br \/>\nPRO: App Annie \u00e8 un&#8217;ottima scelta quando devi fare alcune analisi e prevedere le tue prestazioni dopo ulteriori sviluppi. Puoi iniziare con un account gratuito che sembra affidabile e facile da usare. Mi piace il fatto che l&#8217;App Annie abbia istruzioni semplici e procedure guidate che hanno risparmiato molte ore nel tentativo di capire come funziona.<br \/>\nCONTRO: dopo il periodo gratuito, sarebbe bello se ci fosse una pi\u00f9 ampia scelta di opzioni di prezzo, non solo un&#8217;opzione Premium.<\/li>\n<li><strong>\u201cSuperlativo &#8211; ma costoso\u201d<\/strong><br \/>\nIN GENERALE: l&#8217;app Annie \u00e8 fantastica. \u00c8 uno strumento eccezionale per approfondire le tue metriche delle prestazioni; ugualmente eccezionale per l&#8217;analisi competitiva; ma viene fornito con un prezzo in quanto ogni paese e piattaforma aumenta il livello di investimento. L&#8217;unico altro aspetto negativo, che \u00e8 lo stesso con tutti gli strumenti, \u00e8 che a volte i dati differiscono dalle fonti di analisi degli annunci<br \/>\nPRO: Deep Data su tutte le app. Buon servizio clienti<br \/>\nCONTRO: pu\u00f2 essere costoso se si desiderano dati molto approfonditi. Dati non sempre allineati con altre fonti. La versione gratuita pu\u00f2 limitare abbastanza l&#8217;intervallo di date e paesi. Gli strumenti di ottimizzazione dell&#8217;App Store sono utili; ma sarebbe ottimo un confronto pi\u00f9 profondo con i concorrenti. Sarebbe bello avere un aspetto pi\u00f9 profondo di un concorrente pubblicitario creativo e posizionamento.<\/li>\n<li><strong>&#8220;Aggrega facilmente i dati della tua app&#8221;<\/strong><br \/>\nPRO: \u00e8 facile da implementare. Strumento utile per aggregare i dati della tua app\/piattaforma. Anche le funzionalit\u00e0 della versione FREE sono molto interessanti e sufficienti.<br \/>\nCONTRO: \u00e8 troppo costoso se desideri acquistarne una versione a pagamento. La versione free \u00e8 priva di dati di mercato pi\u00f9 approfonditi. Inoltre, non \u00e8 facile esportare dati da questo strumento. Non ha connessioni native.<\/li>\n<\/ul>\n","protected":false},"excerpt":{"rendered":"<p>App Annie \u00e8 un&#8217;applicazione mobile di analisi di marketing che fornisce alle aziende tutti i dati di cui hanno bisogno per prendere decisioni importanti. Si tratta di una piattaforma di dati e analisi del mercato che offre una panoramica completa di informazioni utili per l&#8217;acquisizione e la fidelizzazione dei clienti, per l&#8217;ottimizzazione del ROI e per tutto ci\u00f2 che concerne il marketing.<\/p>\n","protected":false},"author":17,"featured_media":20704,"parent":20408,"menu_order":0,"comment_status":"open","ping_status":"closed","template":"g1_template_page_review_new.php","meta":{"_acf_changed":false,"cwp_meta_box_check":"Yes","cwp_rev_product_name":"","cwp_rev_product_image":"","wppr_links":[],"cwp_rev_price":"","wppr_options":[],"wppr_pros":[],"wppr_cons":[],"_monsterinsights_skip_tracking":false,"_monsterinsights_sitenote_active":false,"_monsterinsights_sitenote_note":"","_monsterinsights_sitenote_category":0,"footnotes":""},"categories":[1490],"tags":[1530,1512,439,1495],"features":[],"class_list":{"0":"post-20703","1":"page","2":"type-page","3":"status-publish","4":"has-post-thumbnail","6":"category-analisi-marketing","7":"tag-analisi-di-marketing-app","8":"tag-analisi-marketing","9":"tag-app-mobile","10":"tag-marketing-analytics-software"},"wppr_data":{"cwp_meta_box_check":"Yes","cwp_rev_product_name":"","cwp_rev_product_image":"","cwp_image_link":"image","cwp_rev_price":"","wppr_rating":"0.00"},"acf":[],"yoast_head":"<!-- This site is optimized with the Yoast SEO plugin v27.4 - https:\/\/yoast.com\/product\/yoast-seo-wordpress\/ -->\n<title>App Annie: recensione app di analisi di marketing - Accurate Reviews<\/title>\n<meta name=\"description\" content=\"App Annie: recensione dell&#039;app mobile di analisi di marketing che fornisce alle aziende tutti i dati di cui hanno bisogno per prendere decisioni importanti.\" \/>\n<meta name=\"robots\" content=\"index, follow, max-snippet:-1, max-image-preview:large, max-video-preview:-1\" \/>\n<link rel=\"canonical\" href=\"https:\/\/www.accuratereviews.com\/it\/analisi-marketing\/app-annie-recensione\/\" \/>\n<meta property=\"og:locale\" content=\"it_IT\" \/>\n<meta property=\"og:type\" content=\"article\" \/>\n<meta property=\"og:title\" content=\"App Annie: recensione app di analisi di marketing - Accurate Reviews\" \/>\n<meta property=\"og:description\" content=\"App Annie: recensione dell&#039;app mobile di analisi di marketing che fornisce alle aziende tutti i dati di cui hanno bisogno per prendere decisioni importanti.\" \/>\n<meta property=\"og:url\" content=\"https:\/\/www.accuratereviews.com\/it\/analisi-marketing\/app-annie-recensione\/\" \/>\n<meta property=\"og:site_name\" content=\"Accurate Reviews\" \/>\n<meta property=\"article:modified_time\" content=\"2021-05-07T13:45:15+00:00\" \/>\n<meta property=\"og:image\" content=\"https:\/\/www.accuratereviews.com\/wp-content\/uploads\/2019\/11\/download-4.png\" \/>\n\t<meta property=\"og:image:width\" content=\"449\" \/>\n\t<meta property=\"og:image:height\" content=\"112\" \/>\n\t<meta property=\"og:image:type\" content=\"image\/png\" \/>\n<meta name=\"twitter:card\" content=\"summary_large_image\" \/>\n<meta name=\"twitter:label1\" content=\"Tempo di lettura stimato\" \/>\n\t<meta name=\"twitter:data1\" content=\"3 minuti\" \/>\n<script type=\"application\/ld+json\" class=\"yoast-schema-graph\">{\"@context\":\"https:\\\/\\\/schema.org\",\"@graph\":[{\"@type\":\"WebPage\",\"@id\":\"https:\\\/\\\/www.accuratereviews.com\\\/it\\\/analisi-marketing\\\/app-annie-recensione\\\/\",\"url\":\"https:\\\/\\\/www.accuratereviews.com\\\/it\\\/analisi-marketing\\\/app-annie-recensione\\\/\",\"name\":\"App Annie: recensione app di analisi di marketing - Accurate Reviews\",\"isPartOf\":{\"@id\":\"https:\\\/\\\/www.accuratereviews.com\\\/it\\\/#website\"},\"primaryImageOfPage\":{\"@id\":\"https:\\\/\\\/www.accuratereviews.com\\\/it\\\/analisi-marketing\\\/app-annie-recensione\\\/#primaryimage\"},\"image\":{\"@id\":\"https:\\\/\\\/www.accuratereviews.com\\\/it\\\/analisi-marketing\\\/app-annie-recensione\\\/#primaryimage\"},\"thumbnailUrl\":\"https:\\\/\\\/www.accuratereviews.com\\\/wp-content\\\/uploads\\\/2019\\\/11\\\/download-4.png\",\"datePublished\":\"2019-12-02T14:06:32+00:00\",\"dateModified\":\"2021-05-07T13:45:15+00:00\",\"description\":\"App Annie: recensione dell'app mobile di analisi di marketing che fornisce alle aziende tutti i dati di cui hanno bisogno per prendere decisioni importanti.\",\"breadcrumb\":{\"@id\":\"https:\\\/\\\/www.accuratereviews.com\\\/it\\\/analisi-marketing\\\/app-annie-recensione\\\/#breadcrumb\"},\"inLanguage\":\"it-IT\",\"potentialAction\":[{\"@type\":\"ReadAction\",\"target\":[\"https:\\\/\\\/www.accuratereviews.com\\\/it\\\/analisi-marketing\\\/app-annie-recensione\\\/\"]}]},{\"@type\":\"ImageObject\",\"inLanguage\":\"it-IT\",\"@id\":\"https:\\\/\\\/www.accuratereviews.com\\\/it\\\/analisi-marketing\\\/app-annie-recensione\\\/#primaryimage\",\"url\":\"https:\\\/\\\/www.accuratereviews.com\\\/wp-content\\\/uploads\\\/2019\\\/11\\\/download-4.png\",\"contentUrl\":\"https:\\\/\\\/www.accuratereviews.com\\\/wp-content\\\/uploads\\\/2019\\\/11\\\/download-4.png\",\"width\":449,\"height\":112},{\"@type\":\"BreadcrumbList\",\"@id\":\"https:\\\/\\\/www.accuratereviews.com\\\/it\\\/analisi-marketing\\\/app-annie-recensione\\\/#breadcrumb\",\"itemListElement\":[{\"@type\":\"ListItem\",\"position\":1,\"name\":\"Home\",\"item\":\"https:\\\/\\\/www.accuratereviews.com\\\/it\\\/\"},{\"@type\":\"ListItem\",\"position\":2,\"name\":\"Analisi Marketing\",\"item\":\"https:\\\/\\\/www.accuratereviews.com\\\/it\\\/analisi-marketing\\\/\"},{\"@type\":\"ListItem\",\"position\":3,\"name\":\"App Annie\"}]},{\"@type\":\"WebSite\",\"@id\":\"https:\\\/\\\/www.accuratereviews.com\\\/it\\\/#website\",\"url\":\"https:\\\/\\\/www.accuratereviews.com\\\/it\\\/\",\"name\":\"Accurate Reviews\",\"description\":\"\",\"potentialAction\":[{\"@type\":\"SearchAction\",\"target\":{\"@type\":\"EntryPoint\",\"urlTemplate\":\"https:\\\/\\\/www.accuratereviews.com\\\/it\\\/?s={search_term_string}\"},\"query-input\":{\"@type\":\"PropertyValueSpecification\",\"valueRequired\":true,\"valueName\":\"search_term_string\"}}],\"inLanguage\":\"it-IT\"}]}<\/script>\n<!-- \/ Yoast SEO plugin. -->","yoast_head_json":{"title":"App Annie: recensione app di analisi di marketing - Accurate Reviews","description":"App Annie: recensione dell'app mobile di analisi di marketing che fornisce alle aziende tutti i dati di cui hanno bisogno per prendere decisioni importanti.","robots":{"index":"index","follow":"follow","max-snippet":"max-snippet:-1","max-image-preview":"max-image-preview:large","max-video-preview":"max-video-preview:-1"},"canonical":"https:\/\/www.accuratereviews.com\/it\/analisi-marketing\/app-annie-recensione\/","og_locale":"it_IT","og_type":"article","og_title":"App Annie: recensione app di analisi di marketing - Accurate Reviews","og_description":"App Annie: recensione dell'app mobile di analisi di marketing che fornisce alle aziende tutti i dati di cui hanno bisogno per prendere decisioni importanti.","og_url":"https:\/\/www.accuratereviews.com\/it\/analisi-marketing\/app-annie-recensione\/","og_site_name":"Accurate Reviews","article_modified_time":"2021-05-07T13:45:15+00:00","og_image":[{"width":449,"height":112,"url":"https:\/\/www.accuratereviews.com\/wp-content\/uploads\/2019\/11\/download-4.png","type":"image\/png"}],"twitter_card":"summary_large_image","twitter_misc":{"Tempo di lettura stimato":"3 minuti"},"schema":{"@context":"https:\/\/schema.org","@graph":[{"@type":"WebPage","@id":"https:\/\/www.accuratereviews.com\/it\/analisi-marketing\/app-annie-recensione\/","url":"https:\/\/www.accuratereviews.com\/it\/analisi-marketing\/app-annie-recensione\/","name":"App Annie: recensione app di analisi di marketing - Accurate Reviews","isPartOf":{"@id":"https:\/\/www.accuratereviews.com\/it\/#website"},"primaryImageOfPage":{"@id":"https:\/\/www.accuratereviews.com\/it\/analisi-marketing\/app-annie-recensione\/#primaryimage"},"image":{"@id":"https:\/\/www.accuratereviews.com\/it\/analisi-marketing\/app-annie-recensione\/#primaryimage"},"thumbnailUrl":"https:\/\/www.accuratereviews.com\/wp-content\/uploads\/2019\/11\/download-4.png","datePublished":"2019-12-02T14:06:32+00:00","dateModified":"2021-05-07T13:45:15+00:00","description":"App Annie: recensione dell'app mobile di analisi di marketing che fornisce alle aziende tutti i dati di cui hanno bisogno per prendere decisioni importanti.","breadcrumb":{"@id":"https:\/\/www.accuratereviews.com\/it\/analisi-marketing\/app-annie-recensione\/#breadcrumb"},"inLanguage":"it-IT","potentialAction":[{"@type":"ReadAction","target":["https:\/\/www.accuratereviews.com\/it\/analisi-marketing\/app-annie-recensione\/"]}]},{"@type":"ImageObject","inLanguage":"it-IT","@id":"https:\/\/www.accuratereviews.com\/it\/analisi-marketing\/app-annie-recensione\/#primaryimage","url":"https:\/\/www.accuratereviews.com\/wp-content\/uploads\/2019\/11\/download-4.png","contentUrl":"https:\/\/www.accuratereviews.com\/wp-content\/uploads\/2019\/11\/download-4.png","width":449,"height":112},{"@type":"BreadcrumbList","@id":"https:\/\/www.accuratereviews.com\/it\/analisi-marketing\/app-annie-recensione\/#breadcrumb","itemListElement":[{"@type":"ListItem","position":1,"name":"Home","item":"https:\/\/www.accuratereviews.com\/it\/"},{"@type":"ListItem","position":2,"name":"Analisi Marketing","item":"https:\/\/www.accuratereviews.com\/it\/analisi-marketing\/"},{"@type":"ListItem","position":3,"name":"App Annie"}]},{"@type":"WebSite","@id":"https:\/\/www.accuratereviews.com\/it\/#website","url":"https:\/\/www.accuratereviews.com\/it\/","name":"Accurate Reviews","description":"","potentialAction":[{"@type":"SearchAction","target":{"@type":"EntryPoint","urlTemplate":"https:\/\/www.accuratereviews.com\/it\/?s={search_term_string}"},"query-input":{"@type":"PropertyValueSpecification","valueRequired":true,"valueName":"search_term_string"}}],"inLanguage":"it-IT"}]}},"_links":{"self":[{"href":"https:\/\/www.accuratereviews.com\/it\/wp-json\/wp\/v2\/pages\/20703","targetHints":{"allow":["GET"]}}],"collection":[{"href":"https:\/\/www.accuratereviews.com\/it\/wp-json\/wp\/v2\/pages"}],"about":[{"href":"https:\/\/www.accuratereviews.com\/it\/wp-json\/wp\/v2\/types\/page"}],"author":[{"embeddable":true,"href":"https:\/\/www.accuratereviews.com\/it\/wp-json\/wp\/v2\/users\/17"}],"replies":[{"embeddable":true,"href":"https:\/\/www.accuratereviews.com\/it\/wp-json\/wp\/v2\/comments?post=20703"}],"version-history":[{"count":5,"href":"https:\/\/www.accuratereviews.com\/it\/wp-json\/wp\/v2\/pages\/20703\/revisions"}],"predecessor-version":[{"id":42175,"href":"https:\/\/www.accuratereviews.com\/it\/wp-json\/wp\/v2\/pages\/20703\/revisions\/42175"}],"up":[{"embeddable":true,"href":"https:\/\/www.accuratereviews.com\/it\/wp-json\/wp\/v2\/pages\/20408"}],"wp:featuredmedia":[{"embeddable":true,"href":"https:\/\/www.accuratereviews.com\/it\/wp-json\/wp\/v2\/media\/20704"}],"wp:attachment":[{"href":"https:\/\/www.accuratereviews.com\/it\/wp-json\/wp\/v2\/media?parent=20703"}],"wp:term":[{"taxonomy":"category","embeddable":true,"href":"https:\/\/www.accuratereviews.com\/it\/wp-json\/wp\/v2\/categories?post=20703"},{"taxonomy":"post_tag","embeddable":true,"href":"https:\/\/www.accuratereviews.com\/it\/wp-json\/wp\/v2\/tags?post=20703"},{"taxonomy":"features","embeddable":true,"href":"https:\/\/www.accuratereviews.com\/it\/wp-json\/wp\/v2\/features?post=20703"}],"curies":[{"name":"wp","href":"https:\/\/api.w.org\/{rel}","templated":true}]}}