{"id":20720,"date":"2019-12-02T10:33:07","date_gmt":"2019-12-02T10:33:07","guid":{"rendered":"https:\/\/www.accuratereviews.com\/?page_id=20720"},"modified":"2021-05-07T13:42:09","modified_gmt":"2021-05-07T13:42:09","slug":"adjust-recensione","status":"publish","type":"page","link":"https:\/\/www.accuratereviews.com\/it\/analisi-marketing\/adjust-recensione\/","title":{"rendered":"Adjust"},"content":{"rendered":"<p><strong>Adjust<\/strong> \u00e8 una <strong>soluzione di marketing mobile<\/strong> utilizzata da agenzie pubblicitarie e operatori di app mobili. Consente agli utenti di accedere a strumenti che li aiutano a comprendere e analizzare ci\u00f2 che i utenti stanno facendo nell&#8217;app del loro cliente.\u00a0Per essere in grado di ottimizzare le proprie campagne di marketing e indirizzare i clienti giusti, il programma consente agli utenti di raggruppare o segmentare i clienti in base ai criteri e agli obiettivi da loro stabiliti. La piattaforma offre anche una suite di prevenzione delle frodi che aiuta a evitare l&#8217;attribuzione di traffico falso ai canali di marketing a pagamento, oltre a pagare per installazioni false.<\/p>\n<h2>ADJUST &#8211; TUTORIAL<\/h2>\n<p>Ecco un tutorial che spiega le funzioni principali di questo software:<\/p>\n<div id=\"fluid-wrapper-counter-1\" class=\"g1-fluid-wrapper \" style=\"width:686px;\">\n<div style=\"padding-bottom:56.268221574344%;\"><iframe loading=\"lazy\" title=\"What is Adjust?\" width=\"686\" height=\"386\" src=\"https:\/\/www.youtube.com\/embed\/dyWEOyYugtU?feature=oembed&amp;wmode=transparent&amp;autohide=1&amp;autoplay=0&amp;disablekb=0&amp;fs=1&amp;loop=0&amp;enablejsapi=1&amp;rel=0&amp;controls=2&amp;showinfo=0&amp;wmode=transparent&amp;autohide=2&amp;autoplay=0&amp;disablekb=0&amp;fs=1&amp;loop=0&amp;enablejsapi=1&amp;rel=0&amp;controls=2&amp;showinfo=1\" frameborder=\"0\" allow=\"accelerometer; autoplay; encrypted-media; gyroscope; picture-in-picture\" allowfullscreen><\/iframe><\/div>\n<\/div>\n<h3>ADJUST &#8211; CARATTERISTICHE<\/h3>\n<ul>\n<li>Attribuzione delle app mobili<\/li>\n<li>Misura campagne<\/li>\n<li>Traccia ogni canale di marketing<\/li>\n<li>Unisci gli sforzi del web e del marketing mobile<\/li>\n<li>Attribuzione TV in tempo reale<\/li>\n<li>Generatore di pubblico<\/li>\n<li>Crea segmenti di pubblico<\/li>\n<li>Prevenzione delle frodi nella pubblicit\u00e0 mobile<\/li>\n<li>Filtro IP anonimo<\/li>\n<li>Rifiuta installazioni e traffico falsi<\/li>\n<li>Blocca clic spam<\/li>\n<li>Filtro Hyper Engagement<\/li>\n<li>Analisi in-app complete<\/li>\n<li>Tracciamento eventi personalizzabile<\/li>\n<li>Regolazione Dashboard<\/li>\n<\/ul>\n<h4>LE RECENSIONI DEGLI UTENTI<\/h4>\n<h4>Ozan O. &#8220;Informazioni di monitoraggio preziose per la tua app mobile&#8221;<\/h4>\n<p><strong>Commenti<\/strong>: Adjust fornisce grandi dati sul pubblico con la pubblicit\u00e0 intelligente. Ma non \u00e8 molto facile da implementare e utilizzare. E dovrebbe essere davvero costoso quando hai attivato il monitoraggio di tutti i canali di annunci che hai utilizzato.<\/p>\n<p><strong>Vantaggi<\/strong>: Adjust \u00e8 un prezioso strumento di tracciamento per le tue applicazioni mobili. Quando si tratta di dati di vendita, attribuzione e conversione, Adjust fornisce informazioni davvero utili e dettagliate. Puoi anche tenere traccia dei collegamenti personalizzati per la conversione, che \u00e8 davvero essenziale quando lavori con influencer dei social media. \u00c8 possibile creare un collegamento e tracciare quale genera pi\u00f9 vendite, download ecc.<br \/>\nForse la parte migliore di Adjust \u00e8 generare segmenti di pubblico simili per la conversione degli utenti in modo da poterlo utilizzare su qualsiasi piattaforma pubblicitaria che supporti l&#8217;importazione di segmenti di pubblico simili.<\/p>\n<p><strong>Inconvenienti<\/strong>: l&#8217;interfaccia utente del pannello di amministrazione \u00e8 tutt&#8217;altro che facile da usare. L&#8217;installazione dell&#8217;SDK dovrebbe essere un altro mal di testa. Va bene che Adjust fornisce ottimi spunti, ma il prezzo dovrebbe essere molto alto quando hai attivato il monitoraggio del canale pubblicitario.<\/p>\n<h4><strong>Alex G. &#8220;Ottima app di localizzazione mobile&#8221;<\/strong><\/h4>\n<p><strong>Commenti<\/strong>: Adjust \u00e8 un ottimo software di localizzazione mobile. Manca la capacit\u00e0 di eseguire l&#8217;attribuzione web, quindi i soli contatti del percorso del cliente che vedrai sono quelli mobili.<\/p>\n<p><strong>Vantaggi<\/strong>: facilit\u00e0 d&#8217;uso,\u00a0Flessibilit\u00e0 tra le app,\u00a0Integrazione API per facilitare il lavoro,\u00a0Servizio Clienti, Ha migliorato significativamente l&#8217;interfaccia utente<\/p>\n<p><strong>Inconvenienti<\/strong>: sistema di misurazione complicato.<br \/>\nNon \u00e8 facile trovare un segmento particolare.<br \/>\nQuando cerchi una campagna specifica \u00e8 complicato trovarla perch\u00e9 la barra di ricerca non ha le migliori capacit\u00e0.<br \/>\nNon ha alcun strumento \/ rapporto per trovare campagne non monitorate.<\/p>\n<h4><strong>Allen M. &#8220;Difficile da installare correttamente ma funziona bene una volta fatto&#8221;<\/strong><\/h4>\n<p><strong>Commenti<\/strong>: Ottimo per il monitoraggio degli eventi mobili, ma inizialmente difficile da configurare<\/p>\n<p><strong>Vantaggi<\/strong>: Adjust semplifica il tracciamento di clic \/ installazioni \/ acquisti di link o qualsiasi altra metrica \u00a0una volta impostata correttamente.<\/p>\n<p><strong>Inconvenienti<\/strong>: l&#8217;interfaccia utente \u00e8 un po &#8216;difficile da navigare, pi\u00f9 clic per arrivare a un&#8217;azione. Inoltre, l&#8217;installazione pu\u00f2 essere difficile per persone inesperte.<\/p>\n","protected":false},"excerpt":{"rendered":"<p>Adjust \u00e8 una soluzione di marketing mobile utilizzata da agenzie pubblicitarie e operatori di app mobili. Consente agli utenti di accedere a strumenti che li aiutano a comprendere e analizzare ci\u00f2 che i utenti stanno facendo nell&#8217;app del loro cliente.<\/p>\n","protected":false},"author":19,"featured_media":20721,"parent":20408,"menu_order":0,"comment_status":"open","ping_status":"closed","template":"g1_template_page_review_new.php","meta":{"_acf_changed":false,"cwp_meta_box_check":"Yes","cwp_rev_product_name":"","cwp_rev_product_image":"","wppr_links":[],"cwp_rev_price":"","wppr_options":[],"wppr_pros":[],"wppr_cons":[],"_monsterinsights_skip_tracking":false,"_monsterinsights_sitenote_active":false,"_monsterinsights_sitenote_note":"","_monsterinsights_sitenote_category":0,"footnotes":""},"categories":[1490],"tags":[1531,1495,1533,1534,1532],"features":[],"class_list":{"0":"post-20720","1":"page","2":"type-page","3":"status-publish","4":"has-post-thumbnail","6":"category-analisi-marketing","7":"tag-adjust","8":"tag-marketing-analytics-software","9":"tag-programma-marketing-mobile","10":"tag-software-marketing-mobile","11":"tag-soluzione-marketing-mobile"},"wppr_data":{"cwp_meta_box_check":"Yes","cwp_rev_product_name":"","cwp_rev_product_image":"","cwp_image_link":"image","cwp_rev_price":"","wppr_rating":"0.00"},"acf":[],"yoast_head":"<!-- This site is optimized with the Yoast SEO plugin v27.4 - https:\/\/yoast.com\/product\/yoast-seo-wordpress\/ -->\n<title>Adjust: recensione software analisi marketing - Accurate Reviews<\/title>\n<meta name=\"description\" content=\"Adjust: recensione soluzione di marketing mobile utilizzata da agenzie pubblicitarie e operatori di app mobili per incrementare il propio business.\" \/>\n<meta name=\"robots\" content=\"index, follow, max-snippet:-1, max-image-preview:large, max-video-preview:-1\" \/>\n<link rel=\"canonical\" href=\"https:\/\/www.accuratereviews.com\/it\/analisi-marketing\/adjust-recensione\/\" \/>\n<meta property=\"og:locale\" content=\"it_IT\" \/>\n<meta property=\"og:type\" content=\"article\" \/>\n<meta property=\"og:title\" content=\"Adjust: recensione software analisi marketing - Accurate Reviews\" \/>\n<meta property=\"og:description\" content=\"Adjust: recensione soluzione di marketing mobile utilizzata da agenzie pubblicitarie e operatori di app mobili per incrementare il propio business.\" \/>\n<meta property=\"og:url\" content=\"https:\/\/www.accuratereviews.com\/it\/analisi-marketing\/adjust-recensione\/\" \/>\n<meta property=\"og:site_name\" content=\"Accurate Reviews\" \/>\n<meta property=\"article:modified_time\" content=\"2021-05-07T13:42:09+00:00\" \/>\n<meta property=\"og:image\" content=\"https:\/\/www.accuratereviews.com\/wp-content\/uploads\/2019\/11\/adjust-logo.png\" \/>\n\t<meta property=\"og:image:width\" content=\"888\" \/>\n\t<meta property=\"og:image:height\" content=\"251\" \/>\n\t<meta property=\"og:image:type\" content=\"image\/png\" \/>\n<meta name=\"twitter:card\" content=\"summary_large_image\" \/>\n<meta name=\"twitter:label1\" content=\"Tempo di lettura stimato\" \/>\n\t<meta name=\"twitter:data1\" content=\"3 minuti\" \/>\n<script type=\"application\/ld+json\" class=\"yoast-schema-graph\">{\"@context\":\"https:\\\/\\\/schema.org\",\"@graph\":[{\"@type\":\"WebPage\",\"@id\":\"https:\\\/\\\/www.accuratereviews.com\\\/it\\\/analisi-marketing\\\/adjust-recensione\\\/\",\"url\":\"https:\\\/\\\/www.accuratereviews.com\\\/it\\\/analisi-marketing\\\/adjust-recensione\\\/\",\"name\":\"Adjust: recensione software analisi marketing - Accurate Reviews\",\"isPartOf\":{\"@id\":\"https:\\\/\\\/www.accuratereviews.com\\\/it\\\/#website\"},\"primaryImageOfPage\":{\"@id\":\"https:\\\/\\\/www.accuratereviews.com\\\/it\\\/analisi-marketing\\\/adjust-recensione\\\/#primaryimage\"},\"image\":{\"@id\":\"https:\\\/\\\/www.accuratereviews.com\\\/it\\\/analisi-marketing\\\/adjust-recensione\\\/#primaryimage\"},\"thumbnailUrl\":\"https:\\\/\\\/www.accuratereviews.com\\\/wp-content\\\/uploads\\\/2019\\\/11\\\/adjust-logo.png\",\"datePublished\":\"2019-12-02T10:33:07+00:00\",\"dateModified\":\"2021-05-07T13:42:09+00:00\",\"description\":\"Adjust: recensione soluzione di marketing mobile utilizzata da agenzie pubblicitarie e operatori di app mobili per incrementare il propio business.\",\"breadcrumb\":{\"@id\":\"https:\\\/\\\/www.accuratereviews.com\\\/it\\\/analisi-marketing\\\/adjust-recensione\\\/#breadcrumb\"},\"inLanguage\":\"it-IT\",\"potentialAction\":[{\"@type\":\"ReadAction\",\"target\":[\"https:\\\/\\\/www.accuratereviews.com\\\/it\\\/analisi-marketing\\\/adjust-recensione\\\/\"]}]},{\"@type\":\"ImageObject\",\"inLanguage\":\"it-IT\",\"@id\":\"https:\\\/\\\/www.accuratereviews.com\\\/it\\\/analisi-marketing\\\/adjust-recensione\\\/#primaryimage\",\"url\":\"https:\\\/\\\/www.accuratereviews.com\\\/wp-content\\\/uploads\\\/2019\\\/11\\\/adjust-logo.png\",\"contentUrl\":\"https:\\\/\\\/www.accuratereviews.com\\\/wp-content\\\/uploads\\\/2019\\\/11\\\/adjust-logo.png\",\"width\":888,\"height\":251},{\"@type\":\"BreadcrumbList\",\"@id\":\"https:\\\/\\\/www.accuratereviews.com\\\/it\\\/analisi-marketing\\\/adjust-recensione\\\/#breadcrumb\",\"itemListElement\":[{\"@type\":\"ListItem\",\"position\":1,\"name\":\"Home\",\"item\":\"https:\\\/\\\/www.accuratereviews.com\\\/it\\\/\"},{\"@type\":\"ListItem\",\"position\":2,\"name\":\"Analisi Marketing\",\"item\":\"https:\\\/\\\/www.accuratereviews.com\\\/it\\\/analisi-marketing\\\/\"},{\"@type\":\"ListItem\",\"position\":3,\"name\":\"Adjust\"}]},{\"@type\":\"WebSite\",\"@id\":\"https:\\\/\\\/www.accuratereviews.com\\\/it\\\/#website\",\"url\":\"https:\\\/\\\/www.accuratereviews.com\\\/it\\\/\",\"name\":\"Accurate Reviews\",\"description\":\"\",\"potentialAction\":[{\"@type\":\"SearchAction\",\"target\":{\"@type\":\"EntryPoint\",\"urlTemplate\":\"https:\\\/\\\/www.accuratereviews.com\\\/it\\\/?s={search_term_string}\"},\"query-input\":{\"@type\":\"PropertyValueSpecification\",\"valueRequired\":true,\"valueName\":\"search_term_string\"}}],\"inLanguage\":\"it-IT\"}]}<\/script>\n<!-- \/ Yoast SEO plugin. -->","yoast_head_json":{"title":"Adjust: recensione software analisi marketing - Accurate Reviews","description":"Adjust: recensione soluzione di marketing mobile utilizzata da agenzie pubblicitarie e operatori di app mobili per incrementare il propio business.","robots":{"index":"index","follow":"follow","max-snippet":"max-snippet:-1","max-image-preview":"max-image-preview:large","max-video-preview":"max-video-preview:-1"},"canonical":"https:\/\/www.accuratereviews.com\/it\/analisi-marketing\/adjust-recensione\/","og_locale":"it_IT","og_type":"article","og_title":"Adjust: recensione software analisi marketing - Accurate Reviews","og_description":"Adjust: recensione soluzione di marketing mobile utilizzata da agenzie pubblicitarie e operatori di app mobili per incrementare il propio business.","og_url":"https:\/\/www.accuratereviews.com\/it\/analisi-marketing\/adjust-recensione\/","og_site_name":"Accurate Reviews","article_modified_time":"2021-05-07T13:42:09+00:00","og_image":[{"width":888,"height":251,"url":"https:\/\/www.accuratereviews.com\/wp-content\/uploads\/2019\/11\/adjust-logo.png","type":"image\/png"}],"twitter_card":"summary_large_image","twitter_misc":{"Tempo di lettura stimato":"3 minuti"},"schema":{"@context":"https:\/\/schema.org","@graph":[{"@type":"WebPage","@id":"https:\/\/www.accuratereviews.com\/it\/analisi-marketing\/adjust-recensione\/","url":"https:\/\/www.accuratereviews.com\/it\/analisi-marketing\/adjust-recensione\/","name":"Adjust: recensione software analisi marketing - Accurate Reviews","isPartOf":{"@id":"https:\/\/www.accuratereviews.com\/it\/#website"},"primaryImageOfPage":{"@id":"https:\/\/www.accuratereviews.com\/it\/analisi-marketing\/adjust-recensione\/#primaryimage"},"image":{"@id":"https:\/\/www.accuratereviews.com\/it\/analisi-marketing\/adjust-recensione\/#primaryimage"},"thumbnailUrl":"https:\/\/www.accuratereviews.com\/wp-content\/uploads\/2019\/11\/adjust-logo.png","datePublished":"2019-12-02T10:33:07+00:00","dateModified":"2021-05-07T13:42:09+00:00","description":"Adjust: recensione soluzione di marketing mobile utilizzata da agenzie pubblicitarie e operatori di app mobili per incrementare il propio business.","breadcrumb":{"@id":"https:\/\/www.accuratereviews.com\/it\/analisi-marketing\/adjust-recensione\/#breadcrumb"},"inLanguage":"it-IT","potentialAction":[{"@type":"ReadAction","target":["https:\/\/www.accuratereviews.com\/it\/analisi-marketing\/adjust-recensione\/"]}]},{"@type":"ImageObject","inLanguage":"it-IT","@id":"https:\/\/www.accuratereviews.com\/it\/analisi-marketing\/adjust-recensione\/#primaryimage","url":"https:\/\/www.accuratereviews.com\/wp-content\/uploads\/2019\/11\/adjust-logo.png","contentUrl":"https:\/\/www.accuratereviews.com\/wp-content\/uploads\/2019\/11\/adjust-logo.png","width":888,"height":251},{"@type":"BreadcrumbList","@id":"https:\/\/www.accuratereviews.com\/it\/analisi-marketing\/adjust-recensione\/#breadcrumb","itemListElement":[{"@type":"ListItem","position":1,"name":"Home","item":"https:\/\/www.accuratereviews.com\/it\/"},{"@type":"ListItem","position":2,"name":"Analisi Marketing","item":"https:\/\/www.accuratereviews.com\/it\/analisi-marketing\/"},{"@type":"ListItem","position":3,"name":"Adjust"}]},{"@type":"WebSite","@id":"https:\/\/www.accuratereviews.com\/it\/#website","url":"https:\/\/www.accuratereviews.com\/it\/","name":"Accurate Reviews","description":"","potentialAction":[{"@type":"SearchAction","target":{"@type":"EntryPoint","urlTemplate":"https:\/\/www.accuratereviews.com\/it\/?s={search_term_string}"},"query-input":{"@type":"PropertyValueSpecification","valueRequired":true,"valueName":"search_term_string"}}],"inLanguage":"it-IT"}]}},"_links":{"self":[{"href":"https:\/\/www.accuratereviews.com\/it\/wp-json\/wp\/v2\/pages\/20720","targetHints":{"allow":["GET"]}}],"collection":[{"href":"https:\/\/www.accuratereviews.com\/it\/wp-json\/wp\/v2\/pages"}],"about":[{"href":"https:\/\/www.accuratereviews.com\/it\/wp-json\/wp\/v2\/types\/page"}],"author":[{"embeddable":true,"href":"https:\/\/www.accuratereviews.com\/it\/wp-json\/wp\/v2\/users\/19"}],"replies":[{"embeddable":true,"href":"https:\/\/www.accuratereviews.com\/it\/wp-json\/wp\/v2\/comments?post=20720"}],"version-history":[{"count":8,"href":"https:\/\/www.accuratereviews.com\/it\/wp-json\/wp\/v2\/pages\/20720\/revisions"}],"predecessor-version":[{"id":42170,"href":"https:\/\/www.accuratereviews.com\/it\/wp-json\/wp\/v2\/pages\/20720\/revisions\/42170"}],"up":[{"embeddable":true,"href":"https:\/\/www.accuratereviews.com\/it\/wp-json\/wp\/v2\/pages\/20408"}],"wp:featuredmedia":[{"embeddable":true,"href":"https:\/\/www.accuratereviews.com\/it\/wp-json\/wp\/v2\/media\/20721"}],"wp:attachment":[{"href":"https:\/\/www.accuratereviews.com\/it\/wp-json\/wp\/v2\/media?parent=20720"}],"wp:term":[{"taxonomy":"category","embeddable":true,"href":"https:\/\/www.accuratereviews.com\/it\/wp-json\/wp\/v2\/categories?post=20720"},{"taxonomy":"post_tag","embeddable":true,"href":"https:\/\/www.accuratereviews.com\/it\/wp-json\/wp\/v2\/tags?post=20720"},{"taxonomy":"features","embeddable":true,"href":"https:\/\/www.accuratereviews.com\/it\/wp-json\/wp\/v2\/features?post=20720"}],"curies":[{"name":"wp","href":"https:\/\/api.w.org\/{rel}","templated":true}]}}