{"id":20731,"date":"2019-12-02T10:31:43","date_gmt":"2019-12-02T10:31:43","guid":{"rendered":"https:\/\/www.accuratereviews.com\/?page_id=20731"},"modified":"2021-05-07T14:24:47","modified_gmt":"2021-05-07T14:24:47","slug":"nielsen-marketing-cloud-recensione","status":"publish","type":"page","link":"https:\/\/www.accuratereviews.com\/it\/analisi-marketing\/nielsen-marketing-cloud-recensione\/","title":{"rendered":"Nielsen Marketing Cloud"},"content":{"rendered":"<p><strong>Nielsen Marketing Cloud<\/strong> \u00e8 una <strong>soluzione di marketing<\/strong> creata per aiutare gli utenti a mettersi in contatto con i propri clienti integrando le funzionalit\u00e0 di analisi, attivazione di marketing, dati, pianificazione dei media e gestione dei dati di classe superiore di Nielsen in un platform singolo, unificato basato su cloud.\u00a0Combinando tutti questi componenti di marketing fondamentali, <strong>Nielsen Marketing Cloud<\/strong> consente agli utenti di creare un quadro pi\u00f9 chiaro dei propri consumatori e indirizzare il pubblico, consentendo alle aziende di capirli meglio, di eseguire analisi superiori del loro ROI, creare messaggi efficaci e pertinenti, ideare e implementare pienamente campagne e promozioni di marketing ottimizzate.<\/p>\n<h2>NIELSEN MARKETING CLOUD &#8211; TUTORIAL<\/h2>\n<p>Guardiamo insieme questo tutorial per scoprire le sue interessate funzioni:<\/p>\n<div id=\"fluid-wrapper-counter-1\" class=\"g1-fluid-wrapper \" style=\"width:686px;\">\n<div style=\"padding-bottom:56.268221574344%;\"><iframe loading=\"lazy\" title=\"Nielsen Marketing Attribution\" width=\"686\" height=\"386\" src=\"https:\/\/www.youtube.com\/embed\/NUQPYtiXsGw?feature=oembed&amp;wmode=transparent&amp;autohide=1&amp;autoplay=0&amp;disablekb=0&amp;fs=1&amp;loop=0&amp;enablejsapi=1&amp;rel=0&amp;controls=2&amp;showinfo=0&amp;wmode=transparent&amp;autohide=2&amp;autoplay=0&amp;disablekb=0&amp;fs=1&amp;loop=0&amp;enablejsapi=1&amp;rel=0&amp;controls=2&amp;showinfo=1\" frameborder=\"0\" allow=\"accelerometer; autoplay; encrypted-media; gyroscope; picture-in-picture\" allowfullscreen><\/iframe><\/div>\n<\/div>\n<p>&nbsp;<\/p>\n<h3>NIELSEN MARKETING CLOUD &#8211; CARATTERISTICHE<\/h3>\n<ul>\n<li>Pianificazione dei media<\/li>\n<li>Intuizioni dei consumatori<\/li>\n<li>Segmentazione del pubblico<\/li>\n<li>Targeting multipiattaforma<\/li>\n<li>Acquisto programmatico<\/li>\n<li>Analisi del ROI di marketing<\/li>\n<li>Messaggi sequenziali<\/li>\n<li>Gestione dati<\/li>\n<li>Analisi di efficacia creativa e del canale<\/li>\n<li>Attribuzione multi-touch<\/li>\n<li>Analisi in volo<\/li>\n<\/ul>\n<h4>LE RECENSIONI DEGLI UTENTI<\/h4>\n<h4>Juan Cesare G. &#8220;Nielsen Marketing Cloud \u00e8 un software eccellente per conoscere i consumatori&#8221;<\/h4>\n<p><strong>Commenti<\/strong>: grazie a Nielsen Marketing Cloud abbiamo metadati e conosciamo tutti i clienti in diverse regioni del mondo, il che ci aiuta a continuare ad avanzare nella nostra strategia di marketing online<\/p>\n<p><strong>Vantaggi<\/strong>: Quello che mi piace di pi\u00f9 di Nielsen Marketing Cloud \u00e8 che ci aiuta a migliorare il nostro marketing rendendo efficace la nostra pubblicit\u00e0, grazie ai suoi rapporti possiamo vedere le abitudini degli utenti e le tendenze del momento.<\/p>\n<p><strong>Inconvenienti<\/strong>: penso che il prezzo sia un po &#8216;alto, ma \u00e8 un software eccellente<\/p>\n<h4>Allen M. &#8220;Vai a campagne per spettacoli TV \/ OLV&#8221;<\/h4>\n<p><strong>Commenti<\/strong>: Tecnologia affidabile sostenuta da persone che lavorano sodo e premuroso.<\/p>\n<p><strong>Vantaggi<\/strong>: i team di supporto ai prodotti sono l&#8217;aspetto pi\u00f9 divertente di questa offerta, sono sempre rapidi nella risposta e nella risoluzione.<\/p>\n<p><strong>Inconvenienti<\/strong>: questo software \u00e8 il pi\u00f9 frequente tra quelli a cui ho accesso. Per essere uno standard del settore, penso che l&#8217;affidabilit\u00e0 potrebbe essere notevolmente migliorata.<\/p>\n<h4>Carlos C. &#8220;Non sapevo quanto utile potesse essere un software!&#8221;<\/h4>\n<p><strong>Vantaggi<\/strong>: da dove comincio? Nielsen \u00e8 uno dei software pi\u00f9 utili in cui mi sono imbattuto, non solo per fornirmi statistiche, ma anche per fornirmi la capacit\u00e0 di estrarre potenziali approfondimenti di mercato. Anche la formazione e il supporto che offrono sono fantastici.<\/p>\n<p><strong>Inconvenienti<\/strong>: ci sono volute un paio di settimane per sfruttare davvero questo software a causa della sua capacit\u00e0 di condivisione. Dato che ci sono cos\u00ec tante opzioni e tanti modi per filtrare i dati, pu\u00f2 volerci un po &#8216;di tempo per abituarsi.<\/p>\n","protected":false},"excerpt":{"rendered":"<p>Nielsen Marketing Cloud \u00e8 una soluzione di marketing creata per aiutare gli utenti a mettersi in contatto con i propri clienti integrando le funzionalit\u00e0 di analisi, attivazione di marketing, dati, pianificazione dei media e gestione dei dati di classe superiore di Nielsen in un platform singolo, unificato basato su cloud.<\/p>\n","protected":false},"author":19,"featured_media":20738,"parent":20408,"menu_order":0,"comment_status":"open","ping_status":"closed","template":"g1_template_page_review_new.php","meta":{"_acf_changed":false,"cwp_meta_box_check":"Yes","cwp_rev_product_name":"","cwp_rev_product_image":"","wppr_links":[],"cwp_rev_price":"","wppr_options":[],"wppr_pros":[],"wppr_cons":[],"_monsterinsights_skip_tracking":false,"_monsterinsights_sitenote_active":false,"_monsterinsights_sitenote_note":"","_monsterinsights_sitenote_category":0,"footnotes":""},"categories":[1490],"tags":[396,1495,1535,1496,1498,643],"features":[],"class_list":{"0":"post-20731","1":"page","2":"type-page","3":"status-publish","4":"has-post-thumbnail","6":"category-analisi-marketing","7":"tag-cloud","8":"tag-marketing-analytics-software","9":"tag-nielsen-marketing-cloud","10":"tag-programma-analisi-marketing","11":"tag-software-analisi-marketing","12":"tag-soluzione-marketing"},"wppr_data":{"cwp_meta_box_check":"Yes","cwp_rev_product_name":"","cwp_rev_product_image":"","cwp_image_link":"image","cwp_rev_price":"","wppr_rating":"0.00"},"acf":[],"yoast_head":"<!-- This site is optimized with the Yoast SEO plugin v27.4 - https:\/\/yoast.com\/product\/yoast-seo-wordpress\/ -->\n<title>Nielsen Marketing Cloud: recensione software analisi - Accurate Reviews<\/title>\n<meta name=\"description\" content=\"Nielsen Marketing Cloud: recensione software di marketing creata per gli utenti a mettersi in contatto con i propri clienti e promuovere la propia attivit\u00e0.\" \/>\n<meta name=\"robots\" content=\"index, follow, max-snippet:-1, max-image-preview:large, max-video-preview:-1\" \/>\n<link rel=\"canonical\" href=\"https:\/\/www.accuratereviews.com\/it\/analisi-marketing\/nielsen-marketing-cloud-recensione\/\" \/>\n<meta property=\"og:locale\" content=\"it_IT\" \/>\n<meta property=\"og:type\" content=\"article\" \/>\n<meta property=\"og:title\" content=\"Nielsen Marketing Cloud: recensione software analisi - Accurate Reviews\" \/>\n<meta property=\"og:description\" content=\"Nielsen Marketing Cloud: recensione software di marketing creata per gli utenti a mettersi in contatto con i propri clienti e promuovere la propia attivit\u00e0.\" \/>\n<meta property=\"og:url\" content=\"https:\/\/www.accuratereviews.com\/it\/analisi-marketing\/nielsen-marketing-cloud-recensione\/\" \/>\n<meta property=\"og:site_name\" content=\"Accurate Reviews\" \/>\n<meta property=\"article:modified_time\" content=\"2021-05-07T14:24:47+00:00\" \/>\n<meta property=\"og:image\" content=\"https:\/\/www.accuratereviews.com\/wp-content\/uploads\/2019\/12\/nielsen.jpg\" \/>\n\t<meta property=\"og:image:width\" content=\"600\" \/>\n\t<meta property=\"og:image:height\" content=\"250\" \/>\n\t<meta property=\"og:image:type\" content=\"image\/jpeg\" \/>\n<meta name=\"twitter:card\" content=\"summary_large_image\" \/>\n<meta name=\"twitter:label1\" content=\"Tempo di lettura stimato\" \/>\n\t<meta name=\"twitter:data1\" content=\"2 minuti\" \/>\n<script type=\"application\/ld+json\" class=\"yoast-schema-graph\">{\"@context\":\"https:\\\/\\\/schema.org\",\"@graph\":[{\"@type\":\"WebPage\",\"@id\":\"https:\\\/\\\/www.accuratereviews.com\\\/it\\\/analisi-marketing\\\/nielsen-marketing-cloud-recensione\\\/\",\"url\":\"https:\\\/\\\/www.accuratereviews.com\\\/it\\\/analisi-marketing\\\/nielsen-marketing-cloud-recensione\\\/\",\"name\":\"Nielsen Marketing Cloud: recensione software analisi - Accurate Reviews\",\"isPartOf\":{\"@id\":\"https:\\\/\\\/www.accuratereviews.com\\\/it\\\/#website\"},\"primaryImageOfPage\":{\"@id\":\"https:\\\/\\\/www.accuratereviews.com\\\/it\\\/analisi-marketing\\\/nielsen-marketing-cloud-recensione\\\/#primaryimage\"},\"image\":{\"@id\":\"https:\\\/\\\/www.accuratereviews.com\\\/it\\\/analisi-marketing\\\/nielsen-marketing-cloud-recensione\\\/#primaryimage\"},\"thumbnailUrl\":\"https:\\\/\\\/www.accuratereviews.com\\\/wp-content\\\/uploads\\\/2019\\\/12\\\/nielsen.jpg\",\"datePublished\":\"2019-12-02T10:31:43+00:00\",\"dateModified\":\"2021-05-07T14:24:47+00:00\",\"description\":\"Nielsen Marketing Cloud: recensione software di marketing creata per gli utenti a mettersi in contatto con i propri clienti e promuovere la propia attivit\u00e0.\",\"breadcrumb\":{\"@id\":\"https:\\\/\\\/www.accuratereviews.com\\\/it\\\/analisi-marketing\\\/nielsen-marketing-cloud-recensione\\\/#breadcrumb\"},\"inLanguage\":\"it-IT\",\"potentialAction\":[{\"@type\":\"ReadAction\",\"target\":[\"https:\\\/\\\/www.accuratereviews.com\\\/it\\\/analisi-marketing\\\/nielsen-marketing-cloud-recensione\\\/\"]}]},{\"@type\":\"ImageObject\",\"inLanguage\":\"it-IT\",\"@id\":\"https:\\\/\\\/www.accuratereviews.com\\\/it\\\/analisi-marketing\\\/nielsen-marketing-cloud-recensione\\\/#primaryimage\",\"url\":\"https:\\\/\\\/www.accuratereviews.com\\\/wp-content\\\/uploads\\\/2019\\\/12\\\/nielsen.jpg\",\"contentUrl\":\"https:\\\/\\\/www.accuratereviews.com\\\/wp-content\\\/uploads\\\/2019\\\/12\\\/nielsen.jpg\",\"width\":600,\"height\":250},{\"@type\":\"BreadcrumbList\",\"@id\":\"https:\\\/\\\/www.accuratereviews.com\\\/it\\\/analisi-marketing\\\/nielsen-marketing-cloud-recensione\\\/#breadcrumb\",\"itemListElement\":[{\"@type\":\"ListItem\",\"position\":1,\"name\":\"Home\",\"item\":\"https:\\\/\\\/www.accuratereviews.com\\\/it\\\/\"},{\"@type\":\"ListItem\",\"position\":2,\"name\":\"Analisi Marketing\",\"item\":\"https:\\\/\\\/www.accuratereviews.com\\\/it\\\/analisi-marketing\\\/\"},{\"@type\":\"ListItem\",\"position\":3,\"name\":\"Nielsen Marketing Cloud\"}]},{\"@type\":\"WebSite\",\"@id\":\"https:\\\/\\\/www.accuratereviews.com\\\/it\\\/#website\",\"url\":\"https:\\\/\\\/www.accuratereviews.com\\\/it\\\/\",\"name\":\"Accurate Reviews\",\"description\":\"\",\"potentialAction\":[{\"@type\":\"SearchAction\",\"target\":{\"@type\":\"EntryPoint\",\"urlTemplate\":\"https:\\\/\\\/www.accuratereviews.com\\\/it\\\/?s={search_term_string}\"},\"query-input\":{\"@type\":\"PropertyValueSpecification\",\"valueRequired\":true,\"valueName\":\"search_term_string\"}}],\"inLanguage\":\"it-IT\"}]}<\/script>\n<!-- \/ Yoast SEO plugin. -->","yoast_head_json":{"title":"Nielsen Marketing Cloud: recensione software analisi - Accurate Reviews","description":"Nielsen Marketing Cloud: recensione software di marketing creata per gli utenti a mettersi in contatto con i propri clienti e promuovere la propia attivit\u00e0.","robots":{"index":"index","follow":"follow","max-snippet":"max-snippet:-1","max-image-preview":"max-image-preview:large","max-video-preview":"max-video-preview:-1"},"canonical":"https:\/\/www.accuratereviews.com\/it\/analisi-marketing\/nielsen-marketing-cloud-recensione\/","og_locale":"it_IT","og_type":"article","og_title":"Nielsen Marketing Cloud: recensione software analisi - Accurate Reviews","og_description":"Nielsen Marketing Cloud: recensione software di marketing creata per gli utenti a mettersi in contatto con i propri clienti e promuovere la propia attivit\u00e0.","og_url":"https:\/\/www.accuratereviews.com\/it\/analisi-marketing\/nielsen-marketing-cloud-recensione\/","og_site_name":"Accurate Reviews","article_modified_time":"2021-05-07T14:24:47+00:00","og_image":[{"width":600,"height":250,"url":"https:\/\/www.accuratereviews.com\/wp-content\/uploads\/2019\/12\/nielsen.jpg","type":"image\/jpeg"}],"twitter_card":"summary_large_image","twitter_misc":{"Tempo di lettura stimato":"2 minuti"},"schema":{"@context":"https:\/\/schema.org","@graph":[{"@type":"WebPage","@id":"https:\/\/www.accuratereviews.com\/it\/analisi-marketing\/nielsen-marketing-cloud-recensione\/","url":"https:\/\/www.accuratereviews.com\/it\/analisi-marketing\/nielsen-marketing-cloud-recensione\/","name":"Nielsen Marketing Cloud: recensione software analisi - Accurate Reviews","isPartOf":{"@id":"https:\/\/www.accuratereviews.com\/it\/#website"},"primaryImageOfPage":{"@id":"https:\/\/www.accuratereviews.com\/it\/analisi-marketing\/nielsen-marketing-cloud-recensione\/#primaryimage"},"image":{"@id":"https:\/\/www.accuratereviews.com\/it\/analisi-marketing\/nielsen-marketing-cloud-recensione\/#primaryimage"},"thumbnailUrl":"https:\/\/www.accuratereviews.com\/wp-content\/uploads\/2019\/12\/nielsen.jpg","datePublished":"2019-12-02T10:31:43+00:00","dateModified":"2021-05-07T14:24:47+00:00","description":"Nielsen Marketing Cloud: recensione software di marketing creata per gli utenti a mettersi in contatto con i propri clienti e promuovere la propia attivit\u00e0.","breadcrumb":{"@id":"https:\/\/www.accuratereviews.com\/it\/analisi-marketing\/nielsen-marketing-cloud-recensione\/#breadcrumb"},"inLanguage":"it-IT","potentialAction":[{"@type":"ReadAction","target":["https:\/\/www.accuratereviews.com\/it\/analisi-marketing\/nielsen-marketing-cloud-recensione\/"]}]},{"@type":"ImageObject","inLanguage":"it-IT","@id":"https:\/\/www.accuratereviews.com\/it\/analisi-marketing\/nielsen-marketing-cloud-recensione\/#primaryimage","url":"https:\/\/www.accuratereviews.com\/wp-content\/uploads\/2019\/12\/nielsen.jpg","contentUrl":"https:\/\/www.accuratereviews.com\/wp-content\/uploads\/2019\/12\/nielsen.jpg","width":600,"height":250},{"@type":"BreadcrumbList","@id":"https:\/\/www.accuratereviews.com\/it\/analisi-marketing\/nielsen-marketing-cloud-recensione\/#breadcrumb","itemListElement":[{"@type":"ListItem","position":1,"name":"Home","item":"https:\/\/www.accuratereviews.com\/it\/"},{"@type":"ListItem","position":2,"name":"Analisi Marketing","item":"https:\/\/www.accuratereviews.com\/it\/analisi-marketing\/"},{"@type":"ListItem","position":3,"name":"Nielsen Marketing Cloud"}]},{"@type":"WebSite","@id":"https:\/\/www.accuratereviews.com\/it\/#website","url":"https:\/\/www.accuratereviews.com\/it\/","name":"Accurate Reviews","description":"","potentialAction":[{"@type":"SearchAction","target":{"@type":"EntryPoint","urlTemplate":"https:\/\/www.accuratereviews.com\/it\/?s={search_term_string}"},"query-input":{"@type":"PropertyValueSpecification","valueRequired":true,"valueName":"search_term_string"}}],"inLanguage":"it-IT"}]}},"_links":{"self":[{"href":"https:\/\/www.accuratereviews.com\/it\/wp-json\/wp\/v2\/pages\/20731","targetHints":{"allow":["GET"]}}],"collection":[{"href":"https:\/\/www.accuratereviews.com\/it\/wp-json\/wp\/v2\/pages"}],"about":[{"href":"https:\/\/www.accuratereviews.com\/it\/wp-json\/wp\/v2\/types\/page"}],"author":[{"embeddable":true,"href":"https:\/\/www.accuratereviews.com\/it\/wp-json\/wp\/v2\/users\/19"}],"replies":[{"embeddable":true,"href":"https:\/\/www.accuratereviews.com\/it\/wp-json\/wp\/v2\/comments?post=20731"}],"version-history":[{"count":10,"href":"https:\/\/www.accuratereviews.com\/it\/wp-json\/wp\/v2\/pages\/20731\/revisions"}],"predecessor-version":[{"id":42228,"href":"https:\/\/www.accuratereviews.com\/it\/wp-json\/wp\/v2\/pages\/20731\/revisions\/42228"}],"up":[{"embeddable":true,"href":"https:\/\/www.accuratereviews.com\/it\/wp-json\/wp\/v2\/pages\/20408"}],"wp:featuredmedia":[{"embeddable":true,"href":"https:\/\/www.accuratereviews.com\/it\/wp-json\/wp\/v2\/media\/20738"}],"wp:attachment":[{"href":"https:\/\/www.accuratereviews.com\/it\/wp-json\/wp\/v2\/media?parent=20731"}],"wp:term":[{"taxonomy":"category","embeddable":true,"href":"https:\/\/www.accuratereviews.com\/it\/wp-json\/wp\/v2\/categories?post=20731"},{"taxonomy":"post_tag","embeddable":true,"href":"https:\/\/www.accuratereviews.com\/it\/wp-json\/wp\/v2\/tags?post=20731"},{"taxonomy":"features","embeddable":true,"href":"https:\/\/www.accuratereviews.com\/it\/wp-json\/wp\/v2\/features?post=20731"}],"curies":[{"name":"wp","href":"https:\/\/api.w.org\/{rel}","templated":true}]}}