{"id":20763,"date":"2019-12-02T14:06:36","date_gmt":"2019-12-02T14:06:36","guid":{"rendered":"https:\/\/www.accuratereviews.com\/?page_id=20763"},"modified":"2021-05-07T14:32:32","modified_gmt":"2021-05-07T14:32:32","slug":"tercept-recensione","status":"publish","type":"page","link":"https:\/\/www.accuratereviews.com\/it\/analisi-marketing\/tercept-recensione\/","title":{"rendered":"Tercept"},"content":{"rendered":"<p><strong>Tercept<\/strong> \u00e8 un <strong>programma di analisi di marketing<\/strong> progettato principalmente per aziende e agenzie di marketing, societ\u00e0 di app mobili, fornitori di servizi, marchi e rivenditori. Si tratta di una <strong>piattaforma di automazione dei dati e analisi predittiva<\/strong> per editori digitali che ti permette di risparmiare tempo e di aumentare notevolmente le tue entrate. Tra le sue numerose funzionalit\u00e0, consente di aggregare e organizzare automaticamente in un&#8217;unica dashboard: i <strong>dati di monetizzazione<\/strong> come gli adservers, le reti pubblicitarie, gli scambi di annunci; <strong>i dati di analisi<\/strong> come Firebase, Ga e Appsflyer e i <strong>dati di marketing<\/strong> come AdWords, Mailchimp, Facebook, Instagram ecc.<br \/>\nInoltre, con questo software, sarai in grado di mappare i dati attraverso le fonti e a impostare report personalizzati e automatizzati, contribuendo al <strong>miglioramento del ROI<\/strong>.<\/p>\n<h2>COME FUNZIONA TERCEPT &#8211; TUTORIAL<\/h2>\n<p>Ecco un breve video che ci mostrer\u00e0 come utilizzare questo programma:<\/p>\n<div id=\"fluid-wrapper-counter-1\" class=\"g1-fluid-wrapper \" style=\"width:686px;\">\n<div style=\"padding-bottom:56.268221574344%;\"><iframe loading=\"lazy\" title=\"Intro to Tercept Analytics\" src=\"https:\/\/player.vimeo.com\/video\/258788861?dnt=1&amp;app_id=122963?title=0&amp;byline=0&amp;portrait=0\" width=\"686\" height=\"386\" frameborder=\"0\" allow=\"autoplay; fullscreen\" allowfullscreen><\/iframe><\/div>\n<\/div>\n<h3>TERCEPT &#8211; CARATTERISTICHE<\/h3>\n<p>Di seguito le sue principali caratteristiche:<\/p>\n<p>&nbsp;<\/p>\n<ul>\n<li><strong>Connessioni dati<\/strong>: disponibili centinaia di connessioni dati con i principali AdServer, AdExchanges, SSP, AdNetworks, Piattaforme di analisi, Social Media, Marketing e piattaforme pubblicitarie<\/li>\n<li><strong>Strumenti di analisi di marketing<\/strong>: utilizza gli strumenti potenti di analisi, i grafici e le visualizzazioni in stile pivot per riuscire ad avere una visione completa delle tue campagne<\/li>\n<li><strong>Condivisione dati<\/strong>: invia automaticamente dati in tempo reale a Google Data Studio, fogli di calcolo Google, tableau o qualsiasi strumento di BI di tua scelta<\/li>\n<li><strong>Gestione dati<\/strong>: organizza e gestisci i dati in modo semplice. Questi saranno sempre a portata di mano e costantemente aggiornati<\/li>\n<li><strong>Analisi avanzata<\/strong>: per un&#8217;analisi pi\u00f9 efficiente, crea automaticamente raggruppamenti personalizzati di paesi, unit\u00e0, ecc.<\/li>\n<\/ul>\n<h3>LE RECENSIONI DEGLI UTENTI<\/h3>\n<ul>\n<li><strong>&#8220;Un&#8217;ottima soluzione per analisi programmatiche unificate&#8221;<\/strong><br \/>\nPRO: Tercept ci consente di consolidare le nostre capacit\u00e0 di reporting programmatico tra pi\u00f9 fornitori, risparmiando tempo di sviluppo in modo che possiamo concentrarci maggiormente sull&#8217;analisi reale. L&#8217;assistenza clienti \u00e8 di solito utile e reattiva quando i problemi vengono intensificati.<br \/>\nCONTRO: a volte ci sono problemi ad es. una delle interruzioni dell&#8217;API del partner programmatico, che dovremo evidenziare dal lato cliente. Sarebbe bello se Tercept potesse mettere a loro disposizione pi\u00f9 capacit\u00e0 di monitoraggio per aggiornarsi in modo proattivo quando ci\u00f2 accade.<\/li>\n<li><strong>\u201cFacile da usare con varie funzionalit\u00e0\u201d<\/strong><br \/>\nPRO: report e analisi sono molto semplici e classificati. La dashboard ha tutte le funzioni richieste. Implementazioni personalizzate per cose nuove e varie funzioni in base alle mie esigenze<br \/>\nCONTRO: poche funzionalit\u00e0 sono ancora in fase di lavorazione, ma l&#8217;esperienza complessiva \u00e8 buona.<\/li>\n<li><strong>&#8220;Prodotto semplice ed efficace per tracciare le entrate attraverso gli SDK&#8221;<\/strong><br \/>\nPRO: &#8211; Capacit\u00e0 di ottenere una visione consolidata delle entrate attraverso vari SDK di domanda &#8211; Capacit\u00e0 di suddividere e tagliare i dati di cui sopra &#8211; Costruire dashboard e viste e ricevere notifiche su eventuali deviazioni &#8211; Ottimo supporto clienti<br \/>\nCONTRO: &#8211; Poich\u00e9 il prodotto \u00e8 nelle fasi nascenti, pu\u00f2 essere reso visivamente pi\u00f9 accattivante. Ma non mi lamento perch\u00e9 raggiunge bene l&#8217;obiettivo.<\/li>\n<\/ul>\n","protected":false},"excerpt":{"rendered":"<p>Tercept \u00e8 un programma di analisi di marketing progettato principalmente per aziende e agenzie di marketing, societ\u00e0 di app mobili, fornitori di servizi, marchi e rivenditori. Si tratta di una piattaforma di automazione dei dati e analisi predittiva per editori digitali che ti permette di risparmiare tempo e di aumentare notevolmente le tue entrate.\u00a0<\/p>\n","protected":false},"author":17,"featured_media":20764,"parent":20408,"menu_order":0,"comment_status":"open","ping_status":"closed","template":"g1_template_page_review_new.php","meta":{"_acf_changed":false,"cwp_meta_box_check":"Yes","cwp_rev_product_name":"","cwp_rev_product_image":"","wppr_links":[],"cwp_rev_price":"","wppr_options":[],"wppr_pros":[],"wppr_cons":[],"_monsterinsights_skip_tracking":false,"_monsterinsights_sitenote_active":false,"_monsterinsights_sitenote_note":"","_monsterinsights_sitenote_category":0,"footnotes":""},"categories":[1490],"tags":[1494,1488,1495,1413],"features":[],"class_list":{"0":"post-20763","1":"page","2":"type-page","3":"status-publish","4":"has-post-thumbnail","6":"category-analisi-marketing","7":"tag-analisi-di-marketing","8":"tag-marketing","9":"tag-marketing-analytics-software","10":"tag-report"},"wppr_data":{"cwp_meta_box_check":"Yes","cwp_rev_product_name":"","cwp_rev_product_image":"","cwp_image_link":"image","cwp_rev_price":"","wppr_rating":"0.00"},"acf":[],"yoast_head":"<!-- This site is optimized with the Yoast SEO plugin v27.4 - https:\/\/yoast.com\/product\/yoast-seo-wordpress\/ -->\n<title>Tercept: recensione programma di analisi di marketing - Accurate Reviews<\/title>\n<meta name=\"description\" content=\"Tercept: recensione del programma di analisi di marketing progettato principalmente per aziende e agenzie di marketing, societ\u00e0 di app mobili ecc.\" \/>\n<meta name=\"robots\" content=\"index, follow, max-snippet:-1, max-image-preview:large, max-video-preview:-1\" \/>\n<link rel=\"canonical\" href=\"https:\/\/www.accuratereviews.com\/it\/analisi-marketing\/tercept-recensione\/\" \/>\n<meta property=\"og:locale\" content=\"it_IT\" \/>\n<meta property=\"og:type\" content=\"article\" \/>\n<meta property=\"og:title\" content=\"Tercept: recensione programma di analisi di marketing - Accurate Reviews\" \/>\n<meta property=\"og:description\" content=\"Tercept: recensione del programma di analisi di marketing progettato principalmente per aziende e agenzie di marketing, societ\u00e0 di app mobili ecc.\" \/>\n<meta property=\"og:url\" content=\"https:\/\/www.accuratereviews.com\/it\/analisi-marketing\/tercept-recensione\/\" \/>\n<meta property=\"og:site_name\" content=\"Accurate Reviews\" \/>\n<meta property=\"article:modified_time\" content=\"2021-05-07T14:32:32+00:00\" \/>\n<meta property=\"og:image\" content=\"https:\/\/www.accuratereviews.com\/wp-content\/uploads\/2019\/12\/1533836815_tercept_logo_full.png\" \/>\n\t<meta property=\"og:image:width\" content=\"918\" \/>\n\t<meta property=\"og:image:height\" content=\"170\" \/>\n\t<meta property=\"og:image:type\" content=\"image\/png\" \/>\n<meta name=\"twitter:card\" content=\"summary_large_image\" \/>\n<meta name=\"twitter:label1\" content=\"Tempo di lettura stimato\" \/>\n\t<meta name=\"twitter:data1\" content=\"2 minuti\" \/>\n<script type=\"application\/ld+json\" class=\"yoast-schema-graph\">{\"@context\":\"https:\\\/\\\/schema.org\",\"@graph\":[{\"@type\":\"WebPage\",\"@id\":\"https:\\\/\\\/www.accuratereviews.com\\\/it\\\/analisi-marketing\\\/tercept-recensione\\\/\",\"url\":\"https:\\\/\\\/www.accuratereviews.com\\\/it\\\/analisi-marketing\\\/tercept-recensione\\\/\",\"name\":\"Tercept: recensione programma di analisi di marketing - Accurate Reviews\",\"isPartOf\":{\"@id\":\"https:\\\/\\\/www.accuratereviews.com\\\/it\\\/#website\"},\"primaryImageOfPage\":{\"@id\":\"https:\\\/\\\/www.accuratereviews.com\\\/it\\\/analisi-marketing\\\/tercept-recensione\\\/#primaryimage\"},\"image\":{\"@id\":\"https:\\\/\\\/www.accuratereviews.com\\\/it\\\/analisi-marketing\\\/tercept-recensione\\\/#primaryimage\"},\"thumbnailUrl\":\"https:\\\/\\\/www.accuratereviews.com\\\/wp-content\\\/uploads\\\/2019\\\/12\\\/1533836815_tercept_logo_full.png\",\"datePublished\":\"2019-12-02T14:06:36+00:00\",\"dateModified\":\"2021-05-07T14:32:32+00:00\",\"description\":\"Tercept: recensione del programma di analisi di marketing progettato principalmente per aziende e agenzie di marketing, societ\u00e0 di app mobili ecc.\",\"breadcrumb\":{\"@id\":\"https:\\\/\\\/www.accuratereviews.com\\\/it\\\/analisi-marketing\\\/tercept-recensione\\\/#breadcrumb\"},\"inLanguage\":\"it-IT\",\"potentialAction\":[{\"@type\":\"ReadAction\",\"target\":[\"https:\\\/\\\/www.accuratereviews.com\\\/it\\\/analisi-marketing\\\/tercept-recensione\\\/\"]}]},{\"@type\":\"ImageObject\",\"inLanguage\":\"it-IT\",\"@id\":\"https:\\\/\\\/www.accuratereviews.com\\\/it\\\/analisi-marketing\\\/tercept-recensione\\\/#primaryimage\",\"url\":\"https:\\\/\\\/www.accuratereviews.com\\\/wp-content\\\/uploads\\\/2019\\\/12\\\/1533836815_tercept_logo_full.png\",\"contentUrl\":\"https:\\\/\\\/www.accuratereviews.com\\\/wp-content\\\/uploads\\\/2019\\\/12\\\/1533836815_tercept_logo_full.png\",\"width\":918,\"height\":170},{\"@type\":\"BreadcrumbList\",\"@id\":\"https:\\\/\\\/www.accuratereviews.com\\\/it\\\/analisi-marketing\\\/tercept-recensione\\\/#breadcrumb\",\"itemListElement\":[{\"@type\":\"ListItem\",\"position\":1,\"name\":\"Home\",\"item\":\"https:\\\/\\\/www.accuratereviews.com\\\/it\\\/\"},{\"@type\":\"ListItem\",\"position\":2,\"name\":\"Analisi Marketing\",\"item\":\"https:\\\/\\\/www.accuratereviews.com\\\/it\\\/analisi-marketing\\\/\"},{\"@type\":\"ListItem\",\"position\":3,\"name\":\"Tercept\"}]},{\"@type\":\"WebSite\",\"@id\":\"https:\\\/\\\/www.accuratereviews.com\\\/it\\\/#website\",\"url\":\"https:\\\/\\\/www.accuratereviews.com\\\/it\\\/\",\"name\":\"Accurate Reviews\",\"description\":\"\",\"potentialAction\":[{\"@type\":\"SearchAction\",\"target\":{\"@type\":\"EntryPoint\",\"urlTemplate\":\"https:\\\/\\\/www.accuratereviews.com\\\/it\\\/?s={search_term_string}\"},\"query-input\":{\"@type\":\"PropertyValueSpecification\",\"valueRequired\":true,\"valueName\":\"search_term_string\"}}],\"inLanguage\":\"it-IT\"}]}<\/script>\n<!-- \/ Yoast SEO plugin. -->","yoast_head_json":{"title":"Tercept: recensione programma di analisi di marketing - Accurate Reviews","description":"Tercept: recensione del programma di analisi di marketing progettato principalmente per aziende e agenzie di marketing, societ\u00e0 di app mobili ecc.","robots":{"index":"index","follow":"follow","max-snippet":"max-snippet:-1","max-image-preview":"max-image-preview:large","max-video-preview":"max-video-preview:-1"},"canonical":"https:\/\/www.accuratereviews.com\/it\/analisi-marketing\/tercept-recensione\/","og_locale":"it_IT","og_type":"article","og_title":"Tercept: recensione programma di analisi di marketing - Accurate Reviews","og_description":"Tercept: recensione del programma di analisi di marketing progettato principalmente per aziende e agenzie di marketing, societ\u00e0 di app mobili ecc.","og_url":"https:\/\/www.accuratereviews.com\/it\/analisi-marketing\/tercept-recensione\/","og_site_name":"Accurate Reviews","article_modified_time":"2021-05-07T14:32:32+00:00","og_image":[{"width":918,"height":170,"url":"https:\/\/www.accuratereviews.com\/wp-content\/uploads\/2019\/12\/1533836815_tercept_logo_full.png","type":"image\/png"}],"twitter_card":"summary_large_image","twitter_misc":{"Tempo di lettura stimato":"2 minuti"},"schema":{"@context":"https:\/\/schema.org","@graph":[{"@type":"WebPage","@id":"https:\/\/www.accuratereviews.com\/it\/analisi-marketing\/tercept-recensione\/","url":"https:\/\/www.accuratereviews.com\/it\/analisi-marketing\/tercept-recensione\/","name":"Tercept: recensione programma di analisi di marketing - Accurate Reviews","isPartOf":{"@id":"https:\/\/www.accuratereviews.com\/it\/#website"},"primaryImageOfPage":{"@id":"https:\/\/www.accuratereviews.com\/it\/analisi-marketing\/tercept-recensione\/#primaryimage"},"image":{"@id":"https:\/\/www.accuratereviews.com\/it\/analisi-marketing\/tercept-recensione\/#primaryimage"},"thumbnailUrl":"https:\/\/www.accuratereviews.com\/wp-content\/uploads\/2019\/12\/1533836815_tercept_logo_full.png","datePublished":"2019-12-02T14:06:36+00:00","dateModified":"2021-05-07T14:32:32+00:00","description":"Tercept: recensione del programma di analisi di marketing progettato principalmente per aziende e agenzie di marketing, societ\u00e0 di app mobili ecc.","breadcrumb":{"@id":"https:\/\/www.accuratereviews.com\/it\/analisi-marketing\/tercept-recensione\/#breadcrumb"},"inLanguage":"it-IT","potentialAction":[{"@type":"ReadAction","target":["https:\/\/www.accuratereviews.com\/it\/analisi-marketing\/tercept-recensione\/"]}]},{"@type":"ImageObject","inLanguage":"it-IT","@id":"https:\/\/www.accuratereviews.com\/it\/analisi-marketing\/tercept-recensione\/#primaryimage","url":"https:\/\/www.accuratereviews.com\/wp-content\/uploads\/2019\/12\/1533836815_tercept_logo_full.png","contentUrl":"https:\/\/www.accuratereviews.com\/wp-content\/uploads\/2019\/12\/1533836815_tercept_logo_full.png","width":918,"height":170},{"@type":"BreadcrumbList","@id":"https:\/\/www.accuratereviews.com\/it\/analisi-marketing\/tercept-recensione\/#breadcrumb","itemListElement":[{"@type":"ListItem","position":1,"name":"Home","item":"https:\/\/www.accuratereviews.com\/it\/"},{"@type":"ListItem","position":2,"name":"Analisi Marketing","item":"https:\/\/www.accuratereviews.com\/it\/analisi-marketing\/"},{"@type":"ListItem","position":3,"name":"Tercept"}]},{"@type":"WebSite","@id":"https:\/\/www.accuratereviews.com\/it\/#website","url":"https:\/\/www.accuratereviews.com\/it\/","name":"Accurate Reviews","description":"","potentialAction":[{"@type":"SearchAction","target":{"@type":"EntryPoint","urlTemplate":"https:\/\/www.accuratereviews.com\/it\/?s={search_term_string}"},"query-input":{"@type":"PropertyValueSpecification","valueRequired":true,"valueName":"search_term_string"}}],"inLanguage":"it-IT"}]}},"_links":{"self":[{"href":"https:\/\/www.accuratereviews.com\/it\/wp-json\/wp\/v2\/pages\/20763","targetHints":{"allow":["GET"]}}],"collection":[{"href":"https:\/\/www.accuratereviews.com\/it\/wp-json\/wp\/v2\/pages"}],"about":[{"href":"https:\/\/www.accuratereviews.com\/it\/wp-json\/wp\/v2\/types\/page"}],"author":[{"embeddable":true,"href":"https:\/\/www.accuratereviews.com\/it\/wp-json\/wp\/v2\/users\/17"}],"replies":[{"embeddable":true,"href":"https:\/\/www.accuratereviews.com\/it\/wp-json\/wp\/v2\/comments?post=20763"}],"version-history":[{"count":3,"href":"https:\/\/www.accuratereviews.com\/it\/wp-json\/wp\/v2\/pages\/20763\/revisions"}],"predecessor-version":[{"id":42246,"href":"https:\/\/www.accuratereviews.com\/it\/wp-json\/wp\/v2\/pages\/20763\/revisions\/42246"}],"up":[{"embeddable":true,"href":"https:\/\/www.accuratereviews.com\/it\/wp-json\/wp\/v2\/pages\/20408"}],"wp:featuredmedia":[{"embeddable":true,"href":"https:\/\/www.accuratereviews.com\/it\/wp-json\/wp\/v2\/media\/20764"}],"wp:attachment":[{"href":"https:\/\/www.accuratereviews.com\/it\/wp-json\/wp\/v2\/media?parent=20763"}],"wp:term":[{"taxonomy":"category","embeddable":true,"href":"https:\/\/www.accuratereviews.com\/it\/wp-json\/wp\/v2\/categories?post=20763"},{"taxonomy":"post_tag","embeddable":true,"href":"https:\/\/www.accuratereviews.com\/it\/wp-json\/wp\/v2\/tags?post=20763"},{"taxonomy":"features","embeddable":true,"href":"https:\/\/www.accuratereviews.com\/it\/wp-json\/wp\/v2\/features?post=20763"}],"curies":[{"name":"wp","href":"https:\/\/api.w.org\/{rel}","templated":true}]}}