{"id":20772,"date":"2019-12-03T15:56:07","date_gmt":"2019-12-03T15:56:07","guid":{"rendered":"https:\/\/www.accuratereviews.com\/?page_id=20772"},"modified":"2021-05-07T14:34:16","modified_gmt":"2021-05-07T14:34:16","slug":"vaizle-recensione","status":"publish","type":"page","link":"https:\/\/www.accuratereviews.com\/it\/analisi-marketing\/vaizle-recensione\/","title":{"rendered":"Vaizle"},"content":{"rendered":"<p><strong>Vaizle<\/strong> \u00e8 uno strumento competitivo di<strong> analisi dei social media<\/strong> per startup e imprese che necessitano di approfondimenti sui social media. Consente agli esperti di marketing di migliorare le prestazioni nei canali social identificando lacune e opportunit\u00e0.\u00a0La soluzione ti fornir\u00e0 approfondimenti giornalieri su pi\u00f9 variabili in forme di grafici, numeri e consigli quotidiani.\u00a0Scegli i tuoi concorrenti ed analizzali in pochi minuti. Scopri quali tipi di post e hashtag ti offrono il miglior coinvolgimento sui social media. Valuta la tua strategia sui social media in base a vari tipi di coinvolgimento: like, conversazione e amplificazione.\u00a0Crea report personalizzabili in pochi minuti e clic. \u00a0Aggiungi note e commenti nei rapporti per interpretare grafici e dati.<\/p>\n<h2>VAIZLE &#8211; TUTORIAL<\/h2>\n<p>Guardiamo insieme questo tutorial per migliorare la tua strategia sui social media con questo <strong>programma per l&#8217;analisi marketing<\/strong>:<\/p>\n<div id=\"fluid-wrapper-counter-1\" class=\"g1-fluid-wrapper \" style=\"width:686px;\">\n<div style=\"padding-bottom:56.268221574344%;\"><iframe loading=\"lazy\" title=\"[Webinar] How to improve your social media strategy (using Vaizle)\" width=\"686\" height=\"386\" src=\"https:\/\/www.youtube.com\/embed\/uysBTEMn4ew?feature=oembed&amp;wmode=transparent&amp;autohide=1&amp;autoplay=0&amp;disablekb=0&amp;fs=1&amp;loop=0&amp;enablejsapi=1&amp;rel=0&amp;controls=2&amp;showinfo=0&amp;wmode=transparent&amp;autohide=2&amp;autoplay=0&amp;disablekb=0&amp;fs=1&amp;loop=0&amp;enablejsapi=1&amp;rel=0&amp;controls=2&amp;showinfo=1\" frameborder=\"0\" allow=\"accelerometer; autoplay; encrypted-media; gyroscope; picture-in-picture\" allowfullscreen><\/iframe><\/div>\n<\/div>\n<h3>VAIZLE &#8211; CARATTERISTICHE<\/h3>\n<ul>\n<li><strong>Analisi dei social media<\/strong>: ottieni analisi e interpretazione dei dati dei social media e del loro significato per la tua azienda. Scopri quanto sei coerente con i tuoi concorrenti<\/li>\n<li><strong>Generatore di report<\/strong>: la soluzione fornisce ai propri utenti uno dei Report-Builder pi\u00f9 completi. L&#8217;utente pu\u00f2 scaricare illimitati report in white label completamente personalizzati con un&#8217;opzione per aggiungere le proprie opinioni e commenti<\/li>\n<li><strong>Analisi competitiva<\/strong>: crea un contesto per l&#8217;analisi di marketing sui social media confrontando le tue prestazioni con te stesso e i tuoi concorrenti. Queste metriche possono essere utilizzate per confrontare l&#8217;attivit\u00e0 futura con i risultati passati, in modo rapido, efficace e semplice per evidenziare le aree di progresso<\/li>\n<li><strong>Funzionalit\u00e0 di gruppo:<\/strong> crea pi\u00f9 gruppi all&#8217;interno del singolo account per evitare problemi mentre ottieni analisi per i tuoi diversi clienti. \u00c8 possibile assegnare un marchio personale dedicato a ciascun gruppo per semplificare l&#8217;analisi e il reporting<\/li>\n<li><strong>Hashtag analytics<\/strong>: puoi vedere quali marchi utilizzano gli hashtag pi\u00f9 diffusi e confrontarli con la tua strategia di hashtag per migliorare le prestazioni future<\/li>\n<li><strong>Analisi del contenuto<\/strong>: scopri quale tipo di contenuto funziona per te e per i tuoi concorrenti e su quale canale social. Scopri se YouTube o Facebook sono adatti alla tua attivit\u00e0 per pubblicare contenuti video.<\/li>\n<\/ul>\n<h4>LE RECENSIONI DEGLI UTENTI<\/h4>\n<h4>Vikas M. &#8220;Facile onboarding, buona analisi&#8221;<\/h4>\n<p><strong>Commenti<\/strong>: Se stai cercando una configurazione semplice, pronta per l&#8217;uso e uno strumento di analisi dei social media veloce, Vaizle \u00e8 la tua risposta. Vaizle rende tutto molto semplice. Hanno anche un&#8217;entusiasmante roadmap pubblica ricca di funzionalit\u00e0 e miglioramenti. Quindi puoi aspettarti presto integrazioni su Linkedin o Pinterest. Lo sto usando appositamente per la creazione di report. Dopo averlo acquistato ad ottobre, la prima cosa che ho fatto \u00e8 stato usarlo per presentare una delle prospettive e sono rimasti totalmente colpiti dopo aver visto il rapporto. Potrei effettivamente dire loro quali e dove sono le lacune. Inutile dire che non sarebbe stato possibile senza di essa.<\/p>\n<p><strong>Vantaggi<\/strong>: super utile se stai cercando analisi e rapporti approfonditi! Anche lo strumento della concorrenza \u00e8 eccezionale. Questo strumento \u00e8 indispensabile per migliorare i tuoi profili social (i tuoi e \/ o i tuoi clienti). Ti fa risparmiare cos\u00ec tanto tempo ed \u00e8 davvero facile iniziare da usare. Non dovrai pi\u00f9 lottare e mettere insieme pezzi da complessi rapporti FB.<\/p>\n<p><strong>Inconvenienti<\/strong>: sono rimasto un po &#8216;deluso dalla rapidit\u00e0 con cui attraversi i 25 profili, segui un paio di concorrenti e se entri in tutti i loro social media hai usato una buona fetta. Per un&#8217;agenzia, dovresti ottenere un piano pi\u00f9 grande. Ma al momento sembra molto. Detto questo, \u00e8 chiaro che si tratta di un nuovo prodotto ed \u00e8 ancora in fase di elaborazione. Mostra molti segnali molto promettenti, in particolare nella scheda &#8220;Smart Insights&#8221;.<\/p>\n<h4>Chris S. &#8220;Ottimo strumento &#8230;. servono solo un paio di cose per essere utili per l&#8217;utilizzo dei rapporti delle agenzie&#8221;<\/h4>\n<p><strong>Vantaggi<\/strong>: se fossi un marchio unico con una manciata di colleghi \/ concorrenti che volevo monitorare, Vaizle sarebbe utile. Mi piace il rapporto finito. Sembra fantastico e offre una bella istantanea di copertura e coinvolgimento per i contenuti della sequenza temporale. Il supporto \u00e8 eccezionale e sono un grande gruppo con cui lavorare su qualsiasi domanda.<\/p>\n<p><strong>Inconvenienti<\/strong>: dal punto di vista dell&#8217;agenzia per i report, il principale aspetto negativo \u00e8 il fatto che non \u00e8 possibile salvare i modelli di report. Se si utilizza Vaizle per la creazione di report per pi\u00f9 clienti, \u00e8 necessario accedere e cambiare il marchio &#8220;Self&#8221; ogni volta che si cambia client. Quindi cambia tutti i peer. Quindi rinominare e completare la copertina del rapporto. Quindi vai singolarmente e aggiungi \/ sottrai i componenti su cui vuoi riferire. Se avessimo la possibilit\u00e0 di salvare quel modello e collegare solo i marchi su cui vogliamo riferire, ci\u00f2 ridurrebbe i tempi del 75% e renderebbe questo un fuoriclasse. Ma il fatto che impieghi 3 volte pi\u00f9 tempo di quanto dovrebbe dovrebbe essere un po&#8217; frustrante. Questo \u00e8 l&#8217;unico motivo per una valutazione a stelle inferiore. Con ci\u00f2 risolto, questa \u00e8 una solida soluzione di reporting che offre un set di analisi dall&#8217;aspetto professionale che \u00e8 possibile trasmettere ai clienti. Spero davvero che presto vengano aggiunti i modelli salvati e questo sar\u00e0 un grande strumento per l&#8217;utilizzo dell&#8217;agenzia \/ client multipli.<\/p>\n<h4>Rodney M. &#8220;Piacevolmente sorpreso&#8221;<\/h4>\n<p><strong>Commenti<\/strong>: Il pi\u00f9 grande vantaggio che abbiamo riscontrato con Viazle \u00e8 la possibilit\u00e0 di monitorare l&#8217;efficacia dei nostri post rispetto a quella dei nostri concorrenti e test &#8230; siamo stati in grado di fare alcuni perni e rimanere al passo con il nostro gioco.<\/p>\n<p><strong>Vantaggi<\/strong>: \u00c8 cos\u00ec semplice e facile da usare che non c&#8217;era curva di apprendimento &#8230; Sono stato in grado di immergermi e mettermi al lavoro. Adoro davvero poter vedere cosa e come stanno facendo i nostri concorrenti in modo da poter migliorare il nostro gioco. Viazle lo rende facile.<\/p>\n<p><strong>Inconvenienti<\/strong>: Onestamente, non ho avuto alcuna delusione nell&#8217;uso di Viazle. Tutto \u00e8 anteriore e centrale nella dashboard.<\/p>\n","protected":false},"excerpt":{"rendered":"<p>Vaizle \u00e8 uno strumento competitivo di analisi dei social media per startup e imprese che necessitano di approfondimenti sui social media. Consente agli esperti di marketing di migliorare le prestazioni nei canali social identificando lacune e opportunit\u00e0.\u00a0La soluzione ti fornir\u00e0 approfondimenti giornalieri su pi\u00f9 variabili in forme di grafici, numeri e consigli quotidiani.\u00a0<\/p>\n","protected":false},"author":19,"featured_media":20773,"parent":20408,"menu_order":0,"comment_status":"open","ping_status":"closed","template":"g1_template_page_review_new.php","meta":{"_acf_changed":false,"cwp_meta_box_check":"Yes","cwp_rev_product_name":"","cwp_rev_product_image":"","wppr_links":[],"cwp_rev_price":"","wppr_options":[],"wppr_pros":[],"wppr_cons":[],"_monsterinsights_skip_tracking":false,"_monsterinsights_sitenote_active":false,"_monsterinsights_sitenote_note":"","_monsterinsights_sitenote_category":0,"footnotes":""},"categories":[1490],"tags":[1538,396,1496,1499,1507,1536],"features":[],"class_list":{"0":"post-20772","1":"page","2":"type-page","3":"status-publish","4":"has-post-thumbnail","6":"category-analisi-marketing","7":"tag-analisi-dei-social-media","8":"tag-cloud","9":"tag-programma-analisi-marketing","10":"tag-soluzione-analisi-marketing","11":"tag-strumento-analisi-marketing","12":"tag-vaizle"},"wppr_data":{"cwp_meta_box_check":"Yes","cwp_rev_product_name":"","cwp_rev_product_image":"","cwp_image_link":"image","cwp_rev_price":"","wppr_rating":"0.00"},"acf":[],"yoast_head":"<!-- This site is optimized with the Yoast SEO plugin v27.4 - https:\/\/yoast.com\/product\/yoast-seo-wordpress\/ -->\n<title>Vaizle: recensione software analisi marketing- Accurate Reviews<\/title>\n<meta name=\"description\" content=\"Vaizle: strumento di analisi dei social media per startup e imprese che necessitano di approfondimenti sulla strategia da usare nei canali social.\" \/>\n<meta name=\"robots\" content=\"index, follow, max-snippet:-1, max-image-preview:large, max-video-preview:-1\" \/>\n<link rel=\"canonical\" href=\"https:\/\/www.accuratereviews.com\/it\/analisi-marketing\/vaizle-recensione\/\" \/>\n<meta property=\"og:locale\" content=\"it_IT\" \/>\n<meta property=\"og:type\" content=\"article\" \/>\n<meta property=\"og:title\" content=\"Vaizle: recensione software analisi marketing- Accurate Reviews\" \/>\n<meta property=\"og:description\" content=\"Vaizle: strumento di analisi dei social media per startup e imprese che necessitano di approfondimenti sulla strategia da usare nei canali social.\" \/>\n<meta property=\"og:url\" content=\"https:\/\/www.accuratereviews.com\/it\/analisi-marketing\/vaizle-recensione\/\" \/>\n<meta property=\"og:site_name\" content=\"Accurate Reviews\" \/>\n<meta property=\"article:modified_time\" content=\"2021-05-07T14:34:16+00:00\" \/>\n<meta property=\"og:image\" content=\"https:\/\/www.accuratereviews.com\/wp-content\/uploads\/2019\/12\/vaizle.png\" \/>\n\t<meta property=\"og:image:width\" content=\"225\" \/>\n\t<meta property=\"og:image:height\" content=\"225\" \/>\n\t<meta property=\"og:image:type\" content=\"image\/png\" \/>\n<meta name=\"twitter:card\" content=\"summary_large_image\" \/>\n<meta name=\"twitter:label1\" content=\"Tempo di lettura stimato\" \/>\n\t<meta name=\"twitter:data1\" content=\"5 minuti\" \/>\n<script type=\"application\/ld+json\" class=\"yoast-schema-graph\">{\"@context\":\"https:\\\/\\\/schema.org\",\"@graph\":[{\"@type\":\"WebPage\",\"@id\":\"https:\\\/\\\/www.accuratereviews.com\\\/it\\\/analisi-marketing\\\/vaizle-recensione\\\/\",\"url\":\"https:\\\/\\\/www.accuratereviews.com\\\/it\\\/analisi-marketing\\\/vaizle-recensione\\\/\",\"name\":\"Vaizle: recensione software analisi marketing- Accurate Reviews\",\"isPartOf\":{\"@id\":\"https:\\\/\\\/www.accuratereviews.com\\\/it\\\/#website\"},\"primaryImageOfPage\":{\"@id\":\"https:\\\/\\\/www.accuratereviews.com\\\/it\\\/analisi-marketing\\\/vaizle-recensione\\\/#primaryimage\"},\"image\":{\"@id\":\"https:\\\/\\\/www.accuratereviews.com\\\/it\\\/analisi-marketing\\\/vaizle-recensione\\\/#primaryimage\"},\"thumbnailUrl\":\"https:\\\/\\\/www.accuratereviews.com\\\/wp-content\\\/uploads\\\/2019\\\/12\\\/vaizle.png\",\"datePublished\":\"2019-12-03T15:56:07+00:00\",\"dateModified\":\"2021-05-07T14:34:16+00:00\",\"description\":\"Vaizle: strumento di analisi dei social media per startup e imprese che necessitano di approfondimenti sulla strategia da usare nei canali social.\",\"breadcrumb\":{\"@id\":\"https:\\\/\\\/www.accuratereviews.com\\\/it\\\/analisi-marketing\\\/vaizle-recensione\\\/#breadcrumb\"},\"inLanguage\":\"it-IT\",\"potentialAction\":[{\"@type\":\"ReadAction\",\"target\":[\"https:\\\/\\\/www.accuratereviews.com\\\/it\\\/analisi-marketing\\\/vaizle-recensione\\\/\"]}]},{\"@type\":\"ImageObject\",\"inLanguage\":\"it-IT\",\"@id\":\"https:\\\/\\\/www.accuratereviews.com\\\/it\\\/analisi-marketing\\\/vaizle-recensione\\\/#primaryimage\",\"url\":\"https:\\\/\\\/www.accuratereviews.com\\\/wp-content\\\/uploads\\\/2019\\\/12\\\/vaizle.png\",\"contentUrl\":\"https:\\\/\\\/www.accuratereviews.com\\\/wp-content\\\/uploads\\\/2019\\\/12\\\/vaizle.png\",\"width\":225,\"height\":225},{\"@type\":\"BreadcrumbList\",\"@id\":\"https:\\\/\\\/www.accuratereviews.com\\\/it\\\/analisi-marketing\\\/vaizle-recensione\\\/#breadcrumb\",\"itemListElement\":[{\"@type\":\"ListItem\",\"position\":1,\"name\":\"Home\",\"item\":\"https:\\\/\\\/www.accuratereviews.com\\\/it\\\/\"},{\"@type\":\"ListItem\",\"position\":2,\"name\":\"Analisi Marketing\",\"item\":\"https:\\\/\\\/www.accuratereviews.com\\\/it\\\/analisi-marketing\\\/\"},{\"@type\":\"ListItem\",\"position\":3,\"name\":\"Vaizle\"}]},{\"@type\":\"WebSite\",\"@id\":\"https:\\\/\\\/www.accuratereviews.com\\\/it\\\/#website\",\"url\":\"https:\\\/\\\/www.accuratereviews.com\\\/it\\\/\",\"name\":\"Accurate Reviews\",\"description\":\"\",\"potentialAction\":[{\"@type\":\"SearchAction\",\"target\":{\"@type\":\"EntryPoint\",\"urlTemplate\":\"https:\\\/\\\/www.accuratereviews.com\\\/it\\\/?s={search_term_string}\"},\"query-input\":{\"@type\":\"PropertyValueSpecification\",\"valueRequired\":true,\"valueName\":\"search_term_string\"}}],\"inLanguage\":\"it-IT\"}]}<\/script>\n<!-- \/ Yoast SEO plugin. -->","yoast_head_json":{"title":"Vaizle: recensione software analisi marketing- Accurate Reviews","description":"Vaizle: strumento di analisi dei social media per startup e imprese che necessitano di approfondimenti sulla strategia da usare nei canali social.","robots":{"index":"index","follow":"follow","max-snippet":"max-snippet:-1","max-image-preview":"max-image-preview:large","max-video-preview":"max-video-preview:-1"},"canonical":"https:\/\/www.accuratereviews.com\/it\/analisi-marketing\/vaizle-recensione\/","og_locale":"it_IT","og_type":"article","og_title":"Vaizle: recensione software analisi marketing- Accurate Reviews","og_description":"Vaizle: strumento di analisi dei social media per startup e imprese che necessitano di approfondimenti sulla strategia da usare nei canali social.","og_url":"https:\/\/www.accuratereviews.com\/it\/analisi-marketing\/vaizle-recensione\/","og_site_name":"Accurate Reviews","article_modified_time":"2021-05-07T14:34:16+00:00","og_image":[{"width":225,"height":225,"url":"https:\/\/www.accuratereviews.com\/wp-content\/uploads\/2019\/12\/vaizle.png","type":"image\/png"}],"twitter_card":"summary_large_image","twitter_misc":{"Tempo di lettura stimato":"5 minuti"},"schema":{"@context":"https:\/\/schema.org","@graph":[{"@type":"WebPage","@id":"https:\/\/www.accuratereviews.com\/it\/analisi-marketing\/vaizle-recensione\/","url":"https:\/\/www.accuratereviews.com\/it\/analisi-marketing\/vaizle-recensione\/","name":"Vaizle: recensione software analisi marketing- Accurate Reviews","isPartOf":{"@id":"https:\/\/www.accuratereviews.com\/it\/#website"},"primaryImageOfPage":{"@id":"https:\/\/www.accuratereviews.com\/it\/analisi-marketing\/vaizle-recensione\/#primaryimage"},"image":{"@id":"https:\/\/www.accuratereviews.com\/it\/analisi-marketing\/vaizle-recensione\/#primaryimage"},"thumbnailUrl":"https:\/\/www.accuratereviews.com\/wp-content\/uploads\/2019\/12\/vaizle.png","datePublished":"2019-12-03T15:56:07+00:00","dateModified":"2021-05-07T14:34:16+00:00","description":"Vaizle: strumento di analisi dei social media per startup e imprese che necessitano di approfondimenti sulla strategia da usare nei canali social.","breadcrumb":{"@id":"https:\/\/www.accuratereviews.com\/it\/analisi-marketing\/vaizle-recensione\/#breadcrumb"},"inLanguage":"it-IT","potentialAction":[{"@type":"ReadAction","target":["https:\/\/www.accuratereviews.com\/it\/analisi-marketing\/vaizle-recensione\/"]}]},{"@type":"ImageObject","inLanguage":"it-IT","@id":"https:\/\/www.accuratereviews.com\/it\/analisi-marketing\/vaizle-recensione\/#primaryimage","url":"https:\/\/www.accuratereviews.com\/wp-content\/uploads\/2019\/12\/vaizle.png","contentUrl":"https:\/\/www.accuratereviews.com\/wp-content\/uploads\/2019\/12\/vaizle.png","width":225,"height":225},{"@type":"BreadcrumbList","@id":"https:\/\/www.accuratereviews.com\/it\/analisi-marketing\/vaizle-recensione\/#breadcrumb","itemListElement":[{"@type":"ListItem","position":1,"name":"Home","item":"https:\/\/www.accuratereviews.com\/it\/"},{"@type":"ListItem","position":2,"name":"Analisi Marketing","item":"https:\/\/www.accuratereviews.com\/it\/analisi-marketing\/"},{"@type":"ListItem","position":3,"name":"Vaizle"}]},{"@type":"WebSite","@id":"https:\/\/www.accuratereviews.com\/it\/#website","url":"https:\/\/www.accuratereviews.com\/it\/","name":"Accurate Reviews","description":"","potentialAction":[{"@type":"SearchAction","target":{"@type":"EntryPoint","urlTemplate":"https:\/\/www.accuratereviews.com\/it\/?s={search_term_string}"},"query-input":{"@type":"PropertyValueSpecification","valueRequired":true,"valueName":"search_term_string"}}],"inLanguage":"it-IT"}]}},"_links":{"self":[{"href":"https:\/\/www.accuratereviews.com\/it\/wp-json\/wp\/v2\/pages\/20772","targetHints":{"allow":["GET"]}}],"collection":[{"href":"https:\/\/www.accuratereviews.com\/it\/wp-json\/wp\/v2\/pages"}],"about":[{"href":"https:\/\/www.accuratereviews.com\/it\/wp-json\/wp\/v2\/types\/page"}],"author":[{"embeddable":true,"href":"https:\/\/www.accuratereviews.com\/it\/wp-json\/wp\/v2\/users\/19"}],"replies":[{"embeddable":true,"href":"https:\/\/www.accuratereviews.com\/it\/wp-json\/wp\/v2\/comments?post=20772"}],"version-history":[{"count":10,"href":"https:\/\/www.accuratereviews.com\/it\/wp-json\/wp\/v2\/pages\/20772\/revisions"}],"predecessor-version":[{"id":42250,"href":"https:\/\/www.accuratereviews.com\/it\/wp-json\/wp\/v2\/pages\/20772\/revisions\/42250"}],"up":[{"embeddable":true,"href":"https:\/\/www.accuratereviews.com\/it\/wp-json\/wp\/v2\/pages\/20408"}],"wp:featuredmedia":[{"embeddable":true,"href":"https:\/\/www.accuratereviews.com\/it\/wp-json\/wp\/v2\/media\/20773"}],"wp:attachment":[{"href":"https:\/\/www.accuratereviews.com\/it\/wp-json\/wp\/v2\/media?parent=20772"}],"wp:term":[{"taxonomy":"category","embeddable":true,"href":"https:\/\/www.accuratereviews.com\/it\/wp-json\/wp\/v2\/categories?post=20772"},{"taxonomy":"post_tag","embeddable":true,"href":"https:\/\/www.accuratereviews.com\/it\/wp-json\/wp\/v2\/tags?post=20772"},{"taxonomy":"features","embeddable":true,"href":"https:\/\/www.accuratereviews.com\/it\/wp-json\/wp\/v2\/features?post=20772"}],"curies":[{"name":"wp","href":"https:\/\/api.w.org\/{rel}","templated":true}]}}