{"id":20784,"date":"2019-12-03T15:55:09","date_gmt":"2019-12-03T15:55:09","guid":{"rendered":"https:\/\/www.accuratereviews.com\/?page_id=20784"},"modified":"2021-05-07T13:47:02","modified_gmt":"2021-05-07T13:47:02","slug":"appsflyer-recensione","status":"publish","type":"page","link":"https:\/\/www.accuratereviews.com\/it\/analisi-marketing\/appsflyer-recensione\/","title":{"rendered":"AppsFlyer"},"content":{"rendered":"<p style=\"text-align: left;\">La tecnologia di <strong>AppsFlyer<\/strong> si trova sul 98% degli smartphone del mondo ed \u00e8 il leader globale nell&#8217;attribuzione mobile e nell&#8217;<strong>analisi di marketing.<\/strong> I marketer basati sui dati si affidano a questo programma per soluzioni di misurazione indipendenti e strumenti innovativi per far crescere e proteggere la propria attivit\u00e0 mobile. La piattaforma elabora miliardi di azioni mobili ogni giorno, consentendo ai pubblicitari e agli sviluppatori di app di massimizzare il ritorno sui loro investimenti di marketing. L&#8217;attribuzione di AppsFlyer NativeTrack \u2122, i dati di analisi dei dati di marketing, le funzionalit\u00e0 di deep linking di OneLink e le soluzioni di frode Protect360 di livello aziendale hanno reso la piattaforma <strong>AppsFlyer<\/strong> la risorsa ideale per le app mobili di maggior successo al mondo.<\/p>\n<h2>APPSFLYER &#8211; TUTORIAL<\/h2>\n<p>Questo video ti guider\u00e0 attraverso alcune delle funzionalit\u00e0 e dei dati disponibili sulla dashboard di questo <strong>software di analisi di marketing<\/strong>, tra cui:\u00a0KPI chiave e grafici, dati suddivisi per fonte multimediale, funzionalit\u00e0 di filtro avanzate, dati di Facebook, partner integrati e rapporti e dati di esportazione:<\/p>\n<div id=\"fluid-wrapper-counter-1\" class=\"g1-fluid-wrapper \" style=\"width:686px;\">\n<div style=\"padding-bottom:56.268221574344%;\"><iframe loading=\"lazy\" title=\"AppsFlyer&#039;s Dashboard\" width=\"515\" height=\"386\" src=\"https:\/\/www.youtube.com\/embed\/0Lgqn6Ue-C8?feature=oembed&amp;wmode=transparent&amp;autohide=1&amp;autoplay=0&amp;disablekb=0&amp;fs=1&amp;loop=0&amp;enablejsapi=1&amp;rel=0&amp;controls=2&amp;showinfo=0&amp;wmode=transparent&amp;autohide=2&amp;autoplay=0&amp;disablekb=0&amp;fs=1&amp;loop=0&amp;enablejsapi=1&amp;rel=0&amp;controls=2&amp;showinfo=1\" frameborder=\"0\" allow=\"accelerometer; autoplay; encrypted-media; gyroscope; picture-in-picture\" allowfullscreen><\/iframe><\/div>\n<\/div>\n<h3>APPSFLYER &#8211; CARATTERISTICHE<\/h3>\n<ul>\n<li>Tracciamento della disinstallazione universale per Android e iOS<\/li>\n<li>Soluzione antifrode attiva con DeviceRank<\/li>\n<li>Partner ufficiale di Facebook, Twitter, Google e Pinterest<\/li>\n<li>I dati di costo e ROI di Facebook e Google in una dashboard unificata<\/li>\n<li>Attribuzione multi-touch<\/li>\n<li>Collaborazione con oltre 2000 reti pubblicitarie a livello globale<\/li>\n<li>Attribuzione TV<\/li>\n<\/ul>\n<h4>LE RECENSIONI DEGLI UTENTI<\/h4>\n<h4>Adir R. &#8220;Una grande piattaforma di attribuzione mobile&#8221;<\/h4>\n<p><strong>Vantaggi<\/strong>: in primo luogo, un ottimo modello di prezzi compatibile sia per gli sviluppatori indipendenti che per le aziende. Un buon strumento per tracciare l&#8217;attribuzione mobile di campagne e installazioni.<\/p>\n<p><strong>Inconvenienti<\/strong>: alcuni problemi &#8211;<br \/>\n1. I dati sulle entrate sono coorti e non &#8220;effettivi&#8221;, il che a volte crea discrepanze rispetto ad altre piattaforme (ad es. Console di Google Play \/ analisi di iTunes)<br \/>\n2. Nessun modo semplice per analizzare in profondit\u00e0 i dati. Devi esportare un rapporto non elaborato e ruotarlo in Excel (hanno recentemente lanciato una funzione pivot ma \u00e8 una funzione aziendale &#8230;)<\/p>\n<h4>Junde W. &#8220;Analisi del canale multimediale&#8221;<\/h4>\n<p><strong>Vantaggi<\/strong>: integrazione con molti DSP o fornitori.\u00a0In grado di eseguire molte analisi con i dati disponibili<\/p>\n<p><strong>Inconvenienti<\/strong>: molta comprensione necessaria quando si accede a questo software<\/p>\n<p><strong>Abdur R. &#8220;Software esclusivo per analisi di marketing&#8221;<\/strong><\/p>\n<p><strong>Commenti<\/strong>: Quando pu\u00f2 lavorare sul nostro pubblico che si raccoglie facilmente attraverso di esso<\/p>\n<p>Vantaggi: Appsflyer \u00e8 uno dei migliori quando si tratta di analizzare il marketing che hai fatto perch\u00e9 \u00e8 molto semplice andare avanti con esso ed \u00e8 <strong>anche<\/strong> molto vero e accurato raccogliere i dati dalle diverse piattaforme<\/p>\n<p><strong>Inconvenienti<\/strong>: appsflyer \u00e8 molto buono ma penso che sia un po&#8217; costoso se confrontato con altri software<\/p>\n","protected":false},"excerpt":{"rendered":"<p>La tecnologia di AppsFlyer si trova sul 98% degli smartphone del mondo, rendendola il leader globale nell&#8217;attribuzione mobile e nell&#8217;analisi di marketing. I marketer basati sui dati si affidano a questo programma per soluzioni di misurazione indipendenti e strumenti innovativi per far crescere e proteggere la propria attivit\u00e0 mobile.<\/p>\n","protected":false},"author":19,"featured_media":20785,"parent":20408,"menu_order":0,"comment_status":"open","ping_status":"closed","template":"g1_template_page_review_new.php","meta":{"_acf_changed":false,"cwp_meta_box_check":"Yes","cwp_rev_product_name":"","cwp_rev_product_image":"","wppr_links":[],"cwp_rev_price":"","wppr_options":[],"wppr_pros":[],"wppr_cons":[],"_monsterinsights_skip_tracking":false,"_monsterinsights_sitenote_active":false,"_monsterinsights_sitenote_note":"","_monsterinsights_sitenote_category":0,"footnotes":""},"categories":[1490],"tags":[1512,1539,1495,1496,1498,1499],"features":[],"class_list":{"0":"post-20784","1":"page","2":"type-page","3":"status-publish","4":"has-post-thumbnail","6":"category-analisi-marketing","7":"tag-analisi-marketing","8":"tag-appsflyer","9":"tag-marketing-analytics-software","10":"tag-programma-analisi-marketing","11":"tag-software-analisi-marketing","12":"tag-soluzione-analisi-marketing"},"wppr_data":{"cwp_meta_box_check":"Yes","cwp_rev_product_name":"","cwp_rev_product_image":"","cwp_image_link":"image","cwp_rev_price":"","wppr_rating":"0.00"},"acf":[],"yoast_head":"<!-- This site is optimized with the Yoast SEO plugin v27.4 - https:\/\/yoast.com\/product\/yoast-seo-wordpress\/ -->\n<title>Appsflyer: recensione software analisi marketing - Accurate Reviews<\/title>\n<meta name=\"description\" content=\"AppsFlyer: recensione soluzione di analisi marketing basata su misurazione indipendenti e strumenti innovativi per far crescere la propria attivit\u00e0 mobile.\" \/>\n<meta name=\"robots\" content=\"index, follow, max-snippet:-1, max-image-preview:large, max-video-preview:-1\" \/>\n<link rel=\"canonical\" href=\"https:\/\/www.accuratereviews.com\/it\/analisi-marketing\/appsflyer-recensione\/\" \/>\n<meta property=\"og:locale\" content=\"it_IT\" \/>\n<meta property=\"og:type\" content=\"article\" \/>\n<meta property=\"og:title\" content=\"Appsflyer: recensione software analisi marketing - Accurate Reviews\" \/>\n<meta property=\"og:description\" content=\"AppsFlyer: recensione soluzione di analisi marketing basata su misurazione indipendenti e strumenti innovativi per far crescere la propria attivit\u00e0 mobile.\" \/>\n<meta property=\"og:url\" content=\"https:\/\/www.accuratereviews.com\/it\/analisi-marketing\/appsflyer-recensione\/\" \/>\n<meta property=\"og:site_name\" content=\"Accurate Reviews\" \/>\n<meta property=\"article:modified_time\" content=\"2021-05-07T13:47:02+00:00\" \/>\n<meta property=\"og:image\" content=\"https:\/\/www.accuratereviews.com\/wp-content\/uploads\/2019\/12\/appsflyer.png\" \/>\n\t<meta property=\"og:image:width\" content=\"888\" \/>\n\t<meta property=\"og:image:height\" content=\"258\" \/>\n\t<meta property=\"og:image:type\" content=\"image\/png\" \/>\n<meta name=\"twitter:card\" content=\"summary_large_image\" \/>\n<meta name=\"twitter:label1\" content=\"Tempo di lettura stimato\" \/>\n\t<meta name=\"twitter:data1\" content=\"2 minuti\" \/>\n<script type=\"application\/ld+json\" class=\"yoast-schema-graph\">{\"@context\":\"https:\\\/\\\/schema.org\",\"@graph\":[{\"@type\":\"WebPage\",\"@id\":\"https:\\\/\\\/www.accuratereviews.com\\\/it\\\/analisi-marketing\\\/appsflyer-recensione\\\/\",\"url\":\"https:\\\/\\\/www.accuratereviews.com\\\/it\\\/analisi-marketing\\\/appsflyer-recensione\\\/\",\"name\":\"Appsflyer: recensione software analisi marketing - Accurate Reviews\",\"isPartOf\":{\"@id\":\"https:\\\/\\\/www.accuratereviews.com\\\/it\\\/#website\"},\"primaryImageOfPage\":{\"@id\":\"https:\\\/\\\/www.accuratereviews.com\\\/it\\\/analisi-marketing\\\/appsflyer-recensione\\\/#primaryimage\"},\"image\":{\"@id\":\"https:\\\/\\\/www.accuratereviews.com\\\/it\\\/analisi-marketing\\\/appsflyer-recensione\\\/#primaryimage\"},\"thumbnailUrl\":\"https:\\\/\\\/www.accuratereviews.com\\\/wp-content\\\/uploads\\\/2019\\\/12\\\/appsflyer.png\",\"datePublished\":\"2019-12-03T15:55:09+00:00\",\"dateModified\":\"2021-05-07T13:47:02+00:00\",\"description\":\"AppsFlyer: recensione soluzione di analisi marketing basata su misurazione indipendenti e strumenti innovativi per far crescere la propria attivit\u00e0 mobile.\",\"breadcrumb\":{\"@id\":\"https:\\\/\\\/www.accuratereviews.com\\\/it\\\/analisi-marketing\\\/appsflyer-recensione\\\/#breadcrumb\"},\"inLanguage\":\"it-IT\",\"potentialAction\":[{\"@type\":\"ReadAction\",\"target\":[\"https:\\\/\\\/www.accuratereviews.com\\\/it\\\/analisi-marketing\\\/appsflyer-recensione\\\/\"]}]},{\"@type\":\"ImageObject\",\"inLanguage\":\"it-IT\",\"@id\":\"https:\\\/\\\/www.accuratereviews.com\\\/it\\\/analisi-marketing\\\/appsflyer-recensione\\\/#primaryimage\",\"url\":\"https:\\\/\\\/www.accuratereviews.com\\\/wp-content\\\/uploads\\\/2019\\\/12\\\/appsflyer.png\",\"contentUrl\":\"https:\\\/\\\/www.accuratereviews.com\\\/wp-content\\\/uploads\\\/2019\\\/12\\\/appsflyer.png\",\"width\":888,\"height\":258},{\"@type\":\"BreadcrumbList\",\"@id\":\"https:\\\/\\\/www.accuratereviews.com\\\/it\\\/analisi-marketing\\\/appsflyer-recensione\\\/#breadcrumb\",\"itemListElement\":[{\"@type\":\"ListItem\",\"position\":1,\"name\":\"Home\",\"item\":\"https:\\\/\\\/www.accuratereviews.com\\\/it\\\/\"},{\"@type\":\"ListItem\",\"position\":2,\"name\":\"Analisi Marketing\",\"item\":\"https:\\\/\\\/www.accuratereviews.com\\\/it\\\/analisi-marketing\\\/\"},{\"@type\":\"ListItem\",\"position\":3,\"name\":\"AppsFlyer\"}]},{\"@type\":\"WebSite\",\"@id\":\"https:\\\/\\\/www.accuratereviews.com\\\/it\\\/#website\",\"url\":\"https:\\\/\\\/www.accuratereviews.com\\\/it\\\/\",\"name\":\"Accurate Reviews\",\"description\":\"\",\"potentialAction\":[{\"@type\":\"SearchAction\",\"target\":{\"@type\":\"EntryPoint\",\"urlTemplate\":\"https:\\\/\\\/www.accuratereviews.com\\\/it\\\/?s={search_term_string}\"},\"query-input\":{\"@type\":\"PropertyValueSpecification\",\"valueRequired\":true,\"valueName\":\"search_term_string\"}}],\"inLanguage\":\"it-IT\"}]}<\/script>\n<!-- \/ Yoast SEO plugin. -->","yoast_head_json":{"title":"Appsflyer: recensione software analisi marketing - Accurate Reviews","description":"AppsFlyer: recensione soluzione di analisi marketing basata su misurazione indipendenti e strumenti innovativi per far crescere la propria attivit\u00e0 mobile.","robots":{"index":"index","follow":"follow","max-snippet":"max-snippet:-1","max-image-preview":"max-image-preview:large","max-video-preview":"max-video-preview:-1"},"canonical":"https:\/\/www.accuratereviews.com\/it\/analisi-marketing\/appsflyer-recensione\/","og_locale":"it_IT","og_type":"article","og_title":"Appsflyer: recensione software analisi marketing - Accurate Reviews","og_description":"AppsFlyer: recensione soluzione di analisi marketing basata su misurazione indipendenti e strumenti innovativi per far crescere la propria attivit\u00e0 mobile.","og_url":"https:\/\/www.accuratereviews.com\/it\/analisi-marketing\/appsflyer-recensione\/","og_site_name":"Accurate Reviews","article_modified_time":"2021-05-07T13:47:02+00:00","og_image":[{"width":888,"height":258,"url":"https:\/\/www.accuratereviews.com\/wp-content\/uploads\/2019\/12\/appsflyer.png","type":"image\/png"}],"twitter_card":"summary_large_image","twitter_misc":{"Tempo di lettura stimato":"2 minuti"},"schema":{"@context":"https:\/\/schema.org","@graph":[{"@type":"WebPage","@id":"https:\/\/www.accuratereviews.com\/it\/analisi-marketing\/appsflyer-recensione\/","url":"https:\/\/www.accuratereviews.com\/it\/analisi-marketing\/appsflyer-recensione\/","name":"Appsflyer: recensione software analisi marketing - Accurate Reviews","isPartOf":{"@id":"https:\/\/www.accuratereviews.com\/it\/#website"},"primaryImageOfPage":{"@id":"https:\/\/www.accuratereviews.com\/it\/analisi-marketing\/appsflyer-recensione\/#primaryimage"},"image":{"@id":"https:\/\/www.accuratereviews.com\/it\/analisi-marketing\/appsflyer-recensione\/#primaryimage"},"thumbnailUrl":"https:\/\/www.accuratereviews.com\/wp-content\/uploads\/2019\/12\/appsflyer.png","datePublished":"2019-12-03T15:55:09+00:00","dateModified":"2021-05-07T13:47:02+00:00","description":"AppsFlyer: recensione soluzione di analisi marketing basata su misurazione indipendenti e strumenti innovativi per far crescere la propria attivit\u00e0 mobile.","breadcrumb":{"@id":"https:\/\/www.accuratereviews.com\/it\/analisi-marketing\/appsflyer-recensione\/#breadcrumb"},"inLanguage":"it-IT","potentialAction":[{"@type":"ReadAction","target":["https:\/\/www.accuratereviews.com\/it\/analisi-marketing\/appsflyer-recensione\/"]}]},{"@type":"ImageObject","inLanguage":"it-IT","@id":"https:\/\/www.accuratereviews.com\/it\/analisi-marketing\/appsflyer-recensione\/#primaryimage","url":"https:\/\/www.accuratereviews.com\/wp-content\/uploads\/2019\/12\/appsflyer.png","contentUrl":"https:\/\/www.accuratereviews.com\/wp-content\/uploads\/2019\/12\/appsflyer.png","width":888,"height":258},{"@type":"BreadcrumbList","@id":"https:\/\/www.accuratereviews.com\/it\/analisi-marketing\/appsflyer-recensione\/#breadcrumb","itemListElement":[{"@type":"ListItem","position":1,"name":"Home","item":"https:\/\/www.accuratereviews.com\/it\/"},{"@type":"ListItem","position":2,"name":"Analisi Marketing","item":"https:\/\/www.accuratereviews.com\/it\/analisi-marketing\/"},{"@type":"ListItem","position":3,"name":"AppsFlyer"}]},{"@type":"WebSite","@id":"https:\/\/www.accuratereviews.com\/it\/#website","url":"https:\/\/www.accuratereviews.com\/it\/","name":"Accurate Reviews","description":"","potentialAction":[{"@type":"SearchAction","target":{"@type":"EntryPoint","urlTemplate":"https:\/\/www.accuratereviews.com\/it\/?s={search_term_string}"},"query-input":{"@type":"PropertyValueSpecification","valueRequired":true,"valueName":"search_term_string"}}],"inLanguage":"it-IT"}]}},"_links":{"self":[{"href":"https:\/\/www.accuratereviews.com\/it\/wp-json\/wp\/v2\/pages\/20784","targetHints":{"allow":["GET"]}}],"collection":[{"href":"https:\/\/www.accuratereviews.com\/it\/wp-json\/wp\/v2\/pages"}],"about":[{"href":"https:\/\/www.accuratereviews.com\/it\/wp-json\/wp\/v2\/types\/page"}],"author":[{"embeddable":true,"href":"https:\/\/www.accuratereviews.com\/it\/wp-json\/wp\/v2\/users\/19"}],"replies":[{"embeddable":true,"href":"https:\/\/www.accuratereviews.com\/it\/wp-json\/wp\/v2\/comments?post=20784"}],"version-history":[{"count":13,"href":"https:\/\/www.accuratereviews.com\/it\/wp-json\/wp\/v2\/pages\/20784\/revisions"}],"predecessor-version":[{"id":42183,"href":"https:\/\/www.accuratereviews.com\/it\/wp-json\/wp\/v2\/pages\/20784\/revisions\/42183"}],"up":[{"embeddable":true,"href":"https:\/\/www.accuratereviews.com\/it\/wp-json\/wp\/v2\/pages\/20408"}],"wp:featuredmedia":[{"embeddable":true,"href":"https:\/\/www.accuratereviews.com\/it\/wp-json\/wp\/v2\/media\/20785"}],"wp:attachment":[{"href":"https:\/\/www.accuratereviews.com\/it\/wp-json\/wp\/v2\/media?parent=20784"}],"wp:term":[{"taxonomy":"category","embeddable":true,"href":"https:\/\/www.accuratereviews.com\/it\/wp-json\/wp\/v2\/categories?post=20784"},{"taxonomy":"post_tag","embeddable":true,"href":"https:\/\/www.accuratereviews.com\/it\/wp-json\/wp\/v2\/tags?post=20784"},{"taxonomy":"features","embeddable":true,"href":"https:\/\/www.accuratereviews.com\/it\/wp-json\/wp\/v2\/features?post=20784"}],"curies":[{"name":"wp","href":"https:\/\/api.w.org\/{rel}","templated":true}]}}