{"id":20808,"date":"2019-12-03T15:54:30","date_gmt":"2019-12-03T15:54:30","guid":{"rendered":"https:\/\/www.accuratereviews.com\/?page_id=20808"},"modified":"2021-05-07T14:23:56","modified_gmt":"2021-05-07T14:23:56","slug":"nexshop-recensione","status":"publish","type":"page","link":"https:\/\/www.accuratereviews.com\/it\/analisi-marketing\/nexshop-recensione\/","title":{"rendered":"Nexshop"},"content":{"rendered":"<p><strong>Nexshop<\/strong> \u00e8 un <strong>software di analisi di marketing<\/strong> che ti permette di connetterti con i tuoi clienti e capire cosa realmente stanno cercando nel tuo servizio. Potrai analizzare i dati raccolti dai vari punti di contatto dei clienti cos\u00ec da ottenere degli approfondimenti che ti consentiranno di <strong>coinvolgere maggiormente il cliente<\/strong>, creare l&#8217;esperienza perfetta per lo stesso. Si tratta di una piattaforma online, basata su cloud, che pu\u00f2 essere affiancata al tuo <strong>sito di ecommerce<\/strong> in modo da offrire un&#8217;esperienza di shopping digitale unica e differenziata. Grazie al sistema di <strong>analisi di marketing<\/strong>, potrai aumentare l&#8217;efficienza operativa, migliorare la competitivit\u00e0 del servizio e l&#8217;esperienza del cliente, tutto questo riducendo i costi operativi.<\/p>\n<h2>COME FUNZIONA NEXSHOP &#8211; VIDEO INTRODUTTIVO<\/h2>\n<p>Ecco un breve video che ci mostrer\u00e0 come utilizzare questo programma:<\/p>\n<div id=\"fluid-wrapper-counter-1\" class=\"g1-fluid-wrapper \" style=\"width:686px;\">\n<div style=\"padding-bottom:56.268221574344%;\"><iframe loading=\"lazy\" title=\"How to Use Data to Win More Sales and Customers - Samsung Nexshop\" width=\"686\" height=\"386\" src=\"https:\/\/www.youtube.com\/embed\/98jYKshG6as?feature=oembed&amp;wmode=transparent&amp;autohide=1&amp;autoplay=0&amp;disablekb=0&amp;fs=1&amp;loop=0&amp;enablejsapi=1&amp;rel=0&amp;controls=2&amp;showinfo=0&amp;wmode=transparent&amp;autohide=2&amp;autoplay=0&amp;disablekb=0&amp;fs=1&amp;loop=0&amp;enablejsapi=1&amp;rel=0&amp;controls=2&amp;showinfo=1\" frameborder=\"0\" allow=\"accelerometer; autoplay; encrypted-media; gyroscope; picture-in-picture\" allowfullscreen><\/iframe><\/div>\n<\/div>\n<h3>NEXSHOP &#8211; CARATTERISTICHE<\/h3>\n<p>Di seguito le sue principali caratteristiche:<\/p>\n<ul>\n<li><strong>Sistema di analisi<\/strong>: analizza tutti i dati relativi ai tuoi clienti<\/li>\n<li><strong>Contenuti personalizzati<\/strong>: personalizza i contenuti in base al comportamento dei tuoi clienti<\/li>\n<li><strong>Gestione dei dati<\/strong>: gestisci e monitora in modo semplice i dati sulle entrate e sulle uscite<\/li>\n<li><strong>Esperienza di acquisto personalizzata<\/strong>: grazie all&#8217;analisi dei dati dei clienti, sarai in grado di offrire un&#8217;esperienza di acquisto personalizzata in base ai suoi gusti<\/li>\n<li><strong>Mappatura del percorso del cliente<\/strong>: segui tutti i punti di contatto che ha il cliente con l&#8217;azienda, da quello iniziale a quello finale dell&#8217;acquisto e della conseguente fidelizzazione a lungo termine.<\/li>\n<\/ul>\n<h3>LE RECENSIONI DEI CLIENTI<\/h3>\n<ul>\n<li><strong>&#8220;Il modo migliore per connettersi con i clienti!&#8221;<\/strong><br \/>\nIN GENERALE: la mia azienda adora questo prodotto. Lo usiamo regolarmente per vedere ci\u00f2 di cui i nostri ospiti e clienti hanno bisogno e che vogliono trovare nei nostri negozi.<br \/>\nPRO: Mi piace che le analisi di questo prodotto ci aiutino a scoprire esattamente cosa cercano i nostri clienti sul mercato.<br \/>\nCONTRO: Quando inizi a lavorare con il prodotto, pu\u00f2 essere un po&#8217; travolgente. Forse l&#8217;aggiunta di alcuni video per aiutarti a imparare come usarlo pu\u00f2 farti risparmiare tempo e migliorare l&#8217;aiuto del servizio clienti.<\/li>\n<li><strong>&#8220;In una parola Nexshop \u00e8 uno strumento fantastico&#8221;<\/strong><br \/>\nIN GENERALE: nel complesso \u00e8 abbastanza buono. Altamente raccomandato per l&#8217;utente che non lo utilizza ancora<br \/>\nPRO: ci sono molte cose che mi piacciono del software. Ne sto citando alcuni, come l&#8217;analisi dei clienti, i dati sulle vendite e cos\u00ec via. In una parola, voglio dire, \u00e8 una formula di macchina di vendita.<br \/>\nCONTRO: \u00e8 difficile trovare qualcosa di negativo su questo software. Allora parler\u00f2 del prezzo. Penso che sia un po&#8217; alto ma neanche troppo considerando i servizi che otteniamo.<\/li>\n<li><strong>\u201cRecensione di Nexshop\u201d<\/strong><br \/>\nIN GENERALE: Parlo dell&#8217;esperienza degli altri colleghi. Li ha davvero aiutati a sviluppare la soddisfazione dei loro clienti e ad avere dati costanti sulle attivit\u00e0 quotidiane in entrata e in uscita.<br \/>\nPRO: la capacit\u00e0 del software di creare un campo di dati. Cio\u00e8, pu\u00f2 raccogliere le informazioni di un negozio, rendendo il proprietario in grado di trovare aree difettose ed essere in grado di migliorarlo. E aumenta anche la soddisfazione dei clienti.<br \/>\nCONTRO: viene fornito con pi\u00f9 costi, per il bundle di dati e per la manutenzione quotidiana.<\/li>\n<\/ul>\n","protected":false},"excerpt":{"rendered":"<p>Nexshop \u00e8 un software di analisi di marketing che ti permette di connetterti con i tuoi clienti e capire cosa realmente stanno cercando nel tuo servizio. Potrai analizzare i dati raccolti dai vari punti di contatto dei clienti cos\u00ec da ottenere degli approfondimenti che ti consentiranno di coinvolgere maggiormente il cliente, creare l&#8217;esperienza perfetta per lo stesso.<\/p>\n","protected":false},"author":17,"featured_media":20810,"parent":20408,"menu_order":0,"comment_status":"open","ping_status":"closed","template":"g1_template_page_review_new.php","meta":{"_acf_changed":false,"cwp_meta_box_check":"Yes","cwp_rev_product_name":"","cwp_rev_product_image":"","wppr_links":[],"cwp_rev_price":"","wppr_options":[],"wppr_pros":[],"wppr_cons":[],"_monsterinsights_skip_tracking":false,"_monsterinsights_sitenote_active":false,"_monsterinsights_sitenote_note":"","_monsterinsights_sitenote_category":0,"footnotes":""},"categories":[1490],"tags":[1495,1542,1541,1540],"features":[],"class_list":{"0":"post-20808","1":"page","2":"type-page","3":"status-publish","4":"has-post-thumbnail","6":"category-analisi-marketing","7":"tag-marketing-analytics-software","8":"tag-nexshop","9":"tag-programma-di-analisi-di-marketing","10":"tag-sistema-di-analisi"},"wppr_data":{"cwp_meta_box_check":"Yes","cwp_rev_product_name":"","cwp_rev_product_image":"","cwp_image_link":"image","cwp_rev_price":"","wppr_rating":"0.00"},"acf":[],"yoast_head":"<!-- This site is optimized with the Yoast SEO plugin v27.4 - https:\/\/yoast.com\/product\/yoast-seo-wordpress\/ -->\n<title>Nexshop: recensione software di analisi di marketing - Accurate Reviews<\/title>\n<meta name=\"description\" content=\"Nexshop: recensione del software di analisi di marketing che ti permette di connetterti con i tuoi clienti e capire cosa stanno cercando nel tuo servizio.\" \/>\n<meta name=\"robots\" content=\"index, follow, max-snippet:-1, max-image-preview:large, max-video-preview:-1\" \/>\n<link rel=\"canonical\" href=\"https:\/\/www.accuratereviews.com\/it\/analisi-marketing\/nexshop-recensione\/\" \/>\n<meta property=\"og:locale\" content=\"it_IT\" \/>\n<meta property=\"og:type\" content=\"article\" \/>\n<meta property=\"og:title\" content=\"Nexshop: recensione software di analisi di marketing - Accurate Reviews\" \/>\n<meta property=\"og:description\" content=\"Nexshop: recensione del software di analisi di marketing che ti permette di connetterti con i tuoi clienti e capire cosa stanno cercando nel tuo servizio.\" \/>\n<meta property=\"og:url\" content=\"https:\/\/www.accuratereviews.com\/it\/analisi-marketing\/nexshop-recensione\/\" \/>\n<meta property=\"og:site_name\" content=\"Accurate Reviews\" \/>\n<meta property=\"article:modified_time\" content=\"2021-05-07T14:23:56+00:00\" \/>\n<meta property=\"og:image\" content=\"https:\/\/www.accuratereviews.com\/wp-content\/uploads\/2019\/12\/image.jpg\" \/>\n\t<meta property=\"og:image:width\" content=\"336\" \/>\n\t<meta property=\"og:image:height\" content=\"140\" \/>\n\t<meta property=\"og:image:type\" content=\"image\/jpeg\" \/>\n<meta name=\"twitter:card\" content=\"summary_large_image\" \/>\n<meta name=\"twitter:label1\" content=\"Tempo di lettura stimato\" \/>\n\t<meta name=\"twitter:data1\" content=\"3 minuti\" \/>\n<script type=\"application\/ld+json\" class=\"yoast-schema-graph\">{\"@context\":\"https:\\\/\\\/schema.org\",\"@graph\":[{\"@type\":\"WebPage\",\"@id\":\"https:\\\/\\\/www.accuratereviews.com\\\/it\\\/analisi-marketing\\\/nexshop-recensione\\\/\",\"url\":\"https:\\\/\\\/www.accuratereviews.com\\\/it\\\/analisi-marketing\\\/nexshop-recensione\\\/\",\"name\":\"Nexshop: recensione software di analisi di marketing - Accurate Reviews\",\"isPartOf\":{\"@id\":\"https:\\\/\\\/www.accuratereviews.com\\\/it\\\/#website\"},\"primaryImageOfPage\":{\"@id\":\"https:\\\/\\\/www.accuratereviews.com\\\/it\\\/analisi-marketing\\\/nexshop-recensione\\\/#primaryimage\"},\"image\":{\"@id\":\"https:\\\/\\\/www.accuratereviews.com\\\/it\\\/analisi-marketing\\\/nexshop-recensione\\\/#primaryimage\"},\"thumbnailUrl\":\"https:\\\/\\\/www.accuratereviews.com\\\/wp-content\\\/uploads\\\/2019\\\/12\\\/image.jpg\",\"datePublished\":\"2019-12-03T15:54:30+00:00\",\"dateModified\":\"2021-05-07T14:23:56+00:00\",\"description\":\"Nexshop: recensione del software di analisi di marketing che ti permette di connetterti con i tuoi clienti e capire cosa stanno cercando nel tuo servizio.\",\"breadcrumb\":{\"@id\":\"https:\\\/\\\/www.accuratereviews.com\\\/it\\\/analisi-marketing\\\/nexshop-recensione\\\/#breadcrumb\"},\"inLanguage\":\"it-IT\",\"potentialAction\":[{\"@type\":\"ReadAction\",\"target\":[\"https:\\\/\\\/www.accuratereviews.com\\\/it\\\/analisi-marketing\\\/nexshop-recensione\\\/\"]}]},{\"@type\":\"ImageObject\",\"inLanguage\":\"it-IT\",\"@id\":\"https:\\\/\\\/www.accuratereviews.com\\\/it\\\/analisi-marketing\\\/nexshop-recensione\\\/#primaryimage\",\"url\":\"https:\\\/\\\/www.accuratereviews.com\\\/wp-content\\\/uploads\\\/2019\\\/12\\\/image.jpg\",\"contentUrl\":\"https:\\\/\\\/www.accuratereviews.com\\\/wp-content\\\/uploads\\\/2019\\\/12\\\/image.jpg\",\"width\":336,\"height\":140},{\"@type\":\"BreadcrumbList\",\"@id\":\"https:\\\/\\\/www.accuratereviews.com\\\/it\\\/analisi-marketing\\\/nexshop-recensione\\\/#breadcrumb\",\"itemListElement\":[{\"@type\":\"ListItem\",\"position\":1,\"name\":\"Home\",\"item\":\"https:\\\/\\\/www.accuratereviews.com\\\/it\\\/\"},{\"@type\":\"ListItem\",\"position\":2,\"name\":\"Analisi Marketing\",\"item\":\"https:\\\/\\\/www.accuratereviews.com\\\/it\\\/analisi-marketing\\\/\"},{\"@type\":\"ListItem\",\"position\":3,\"name\":\"Nexshop\"}]},{\"@type\":\"WebSite\",\"@id\":\"https:\\\/\\\/www.accuratereviews.com\\\/it\\\/#website\",\"url\":\"https:\\\/\\\/www.accuratereviews.com\\\/it\\\/\",\"name\":\"Accurate Reviews\",\"description\":\"\",\"potentialAction\":[{\"@type\":\"SearchAction\",\"target\":{\"@type\":\"EntryPoint\",\"urlTemplate\":\"https:\\\/\\\/www.accuratereviews.com\\\/it\\\/?s={search_term_string}\"},\"query-input\":{\"@type\":\"PropertyValueSpecification\",\"valueRequired\":true,\"valueName\":\"search_term_string\"}}],\"inLanguage\":\"it-IT\"}]}<\/script>\n<!-- \/ Yoast SEO plugin. -->","yoast_head_json":{"title":"Nexshop: recensione software di analisi di marketing - Accurate Reviews","description":"Nexshop: recensione del software di analisi di marketing che ti permette di connetterti con i tuoi clienti e capire cosa stanno cercando nel tuo servizio.","robots":{"index":"index","follow":"follow","max-snippet":"max-snippet:-1","max-image-preview":"max-image-preview:large","max-video-preview":"max-video-preview:-1"},"canonical":"https:\/\/www.accuratereviews.com\/it\/analisi-marketing\/nexshop-recensione\/","og_locale":"it_IT","og_type":"article","og_title":"Nexshop: recensione software di analisi di marketing - Accurate Reviews","og_description":"Nexshop: recensione del software di analisi di marketing che ti permette di connetterti con i tuoi clienti e capire cosa stanno cercando nel tuo servizio.","og_url":"https:\/\/www.accuratereviews.com\/it\/analisi-marketing\/nexshop-recensione\/","og_site_name":"Accurate Reviews","article_modified_time":"2021-05-07T14:23:56+00:00","og_image":[{"width":336,"height":140,"url":"https:\/\/www.accuratereviews.com\/wp-content\/uploads\/2019\/12\/image.jpg","type":"image\/jpeg"}],"twitter_card":"summary_large_image","twitter_misc":{"Tempo di lettura stimato":"3 minuti"},"schema":{"@context":"https:\/\/schema.org","@graph":[{"@type":"WebPage","@id":"https:\/\/www.accuratereviews.com\/it\/analisi-marketing\/nexshop-recensione\/","url":"https:\/\/www.accuratereviews.com\/it\/analisi-marketing\/nexshop-recensione\/","name":"Nexshop: recensione software di analisi di marketing - Accurate Reviews","isPartOf":{"@id":"https:\/\/www.accuratereviews.com\/it\/#website"},"primaryImageOfPage":{"@id":"https:\/\/www.accuratereviews.com\/it\/analisi-marketing\/nexshop-recensione\/#primaryimage"},"image":{"@id":"https:\/\/www.accuratereviews.com\/it\/analisi-marketing\/nexshop-recensione\/#primaryimage"},"thumbnailUrl":"https:\/\/www.accuratereviews.com\/wp-content\/uploads\/2019\/12\/image.jpg","datePublished":"2019-12-03T15:54:30+00:00","dateModified":"2021-05-07T14:23:56+00:00","description":"Nexshop: recensione del software di analisi di marketing che ti permette di connetterti con i tuoi clienti e capire cosa stanno cercando nel tuo servizio.","breadcrumb":{"@id":"https:\/\/www.accuratereviews.com\/it\/analisi-marketing\/nexshop-recensione\/#breadcrumb"},"inLanguage":"it-IT","potentialAction":[{"@type":"ReadAction","target":["https:\/\/www.accuratereviews.com\/it\/analisi-marketing\/nexshop-recensione\/"]}]},{"@type":"ImageObject","inLanguage":"it-IT","@id":"https:\/\/www.accuratereviews.com\/it\/analisi-marketing\/nexshop-recensione\/#primaryimage","url":"https:\/\/www.accuratereviews.com\/wp-content\/uploads\/2019\/12\/image.jpg","contentUrl":"https:\/\/www.accuratereviews.com\/wp-content\/uploads\/2019\/12\/image.jpg","width":336,"height":140},{"@type":"BreadcrumbList","@id":"https:\/\/www.accuratereviews.com\/it\/analisi-marketing\/nexshop-recensione\/#breadcrumb","itemListElement":[{"@type":"ListItem","position":1,"name":"Home","item":"https:\/\/www.accuratereviews.com\/it\/"},{"@type":"ListItem","position":2,"name":"Analisi Marketing","item":"https:\/\/www.accuratereviews.com\/it\/analisi-marketing\/"},{"@type":"ListItem","position":3,"name":"Nexshop"}]},{"@type":"WebSite","@id":"https:\/\/www.accuratereviews.com\/it\/#website","url":"https:\/\/www.accuratereviews.com\/it\/","name":"Accurate Reviews","description":"","potentialAction":[{"@type":"SearchAction","target":{"@type":"EntryPoint","urlTemplate":"https:\/\/www.accuratereviews.com\/it\/?s={search_term_string}"},"query-input":{"@type":"PropertyValueSpecification","valueRequired":true,"valueName":"search_term_string"}}],"inLanguage":"it-IT"}]}},"_links":{"self":[{"href":"https:\/\/www.accuratereviews.com\/it\/wp-json\/wp\/v2\/pages\/20808","targetHints":{"allow":["GET"]}}],"collection":[{"href":"https:\/\/www.accuratereviews.com\/it\/wp-json\/wp\/v2\/pages"}],"about":[{"href":"https:\/\/www.accuratereviews.com\/it\/wp-json\/wp\/v2\/types\/page"}],"author":[{"embeddable":true,"href":"https:\/\/www.accuratereviews.com\/it\/wp-json\/wp\/v2\/users\/17"}],"replies":[{"embeddable":true,"href":"https:\/\/www.accuratereviews.com\/it\/wp-json\/wp\/v2\/comments?post=20808"}],"version-history":[{"count":4,"href":"https:\/\/www.accuratereviews.com\/it\/wp-json\/wp\/v2\/pages\/20808\/revisions"}],"predecessor-version":[{"id":42226,"href":"https:\/\/www.accuratereviews.com\/it\/wp-json\/wp\/v2\/pages\/20808\/revisions\/42226"}],"up":[{"embeddable":true,"href":"https:\/\/www.accuratereviews.com\/it\/wp-json\/wp\/v2\/pages\/20408"}],"wp:featuredmedia":[{"embeddable":true,"href":"https:\/\/www.accuratereviews.com\/it\/wp-json\/wp\/v2\/media\/20810"}],"wp:attachment":[{"href":"https:\/\/www.accuratereviews.com\/it\/wp-json\/wp\/v2\/media?parent=20808"}],"wp:term":[{"taxonomy":"category","embeddable":true,"href":"https:\/\/www.accuratereviews.com\/it\/wp-json\/wp\/v2\/categories?post=20808"},{"taxonomy":"post_tag","embeddable":true,"href":"https:\/\/www.accuratereviews.com\/it\/wp-json\/wp\/v2\/tags?post=20808"},{"taxonomy":"features","embeddable":true,"href":"https:\/\/www.accuratereviews.com\/it\/wp-json\/wp\/v2\/features?post=20808"}],"curies":[{"name":"wp","href":"https:\/\/api.w.org\/{rel}","templated":true}]}}