{"id":20864,"date":"2019-12-04T14:05:37","date_gmt":"2019-12-04T14:05:37","guid":{"rendered":"https:\/\/www.accuratereviews.com\/?page_id=20864"},"modified":"2021-05-07T13:43:31","modified_gmt":"2021-05-07T13:43:31","slug":"adstage-recensione","status":"publish","type":"page","link":"https:\/\/www.accuratereviews.com\/it\/analisi-marketing\/adstage-recensione\/","title":{"rendered":"AdStage"},"content":{"rendered":"<p><strong>AdStage<\/strong> \u00e8 una soluzione all-in-one per la creazione e la<strong> gestione di campagne di marketing<\/strong> pay-per-click (PPC), su Facebook, Twitter, Google AdWords, Bing e LinkedIn Ads.\u00a0Il programma include sia un dashboard globale, che mostra il rendimento di tutti gli account, sia dashboard separati per ogni campagna, con visualizzazioni delle metriche chiave e intervalli di date personalizzabili per i dati visualizzati. Gli utenti possono impostare avvisi automatici sul rendimento per avvisarli se le campagne non raggiungono gli obiettivi preimpostati. Sono in grado anche di impostare il proprio fuso orario e pianificare azioni automatizzate per la campagna, come l&#8217;attivazione o la disattivazione degli annunci in orari specifici o l&#8217;aumento delle offerte per riflettere i periodi di rendimento pi\u00f9 elevato del giorno o della settimana.\u00a0Le metriche di conversione possono essere monitorate con strumenti nativi, <strong>pixel AdStage<\/strong> o tramite l&#8217;integrazione di Google Analytics.<\/p>\n<h2>ADSTAGE &#8211; TUTORIAL<\/h2>\n<p>Ecco un tutorial che mostra come\u00a0gestire pi\u00f9 client con questo <strong>software di analisi marketing<\/strong>:<\/p>\n<div id=\"fluid-wrapper-counter-1\" class=\"g1-fluid-wrapper \" style=\"width:686px;\">\n<div style=\"padding-bottom:56.268221574344%;\"><iframe loading=\"lazy\" title=\"How to Manage Multiple Clients in AdStage\" width=\"515\" height=\"386\" src=\"https:\/\/www.youtube.com\/embed\/videoseries?list=PLB0nzh_qG3QPqPFpe8lyKeIWEhpKq_V9b\" frameborder=\"0\" allow=\"accelerometer; autoplay; encrypted-media; gyroscope; picture-in-picture\" allowfullscreen><\/iframe><\/div>\n<\/div>\n<h3>ADSTAGE &#8211; CARATTERISTICHE<\/h3>\n<ul>\n<li><strong>Rapporti<\/strong>: analizza e condividi approfondimenti su campagne pubblicitarie e conversioni con il tuo team o clienti.<\/li>\n<li><strong>API dati<\/strong>: spedisci i dati degli annunci normalizzati alla tua destinazione preferita come uno strumento di BI.<\/li>\n<li><strong>Automatizzare<\/strong>: monitora e ottimizza automaticamente le attivit\u00e0, come gli annunci di part-day, cos\u00ec puoi concentrarti sulla strategia.<\/li>\n<li><strong>Fogli Google<\/strong>: ottieni tutti i tuoi dati di annunci cross-channel in Fogli Google con una sola query.<\/li>\n<li><strong>Regole e avvisi di ottimizzazione<\/strong>: crea regole di ottimizzazione flessibili e potenti con una semplice logica IF \/ THEN. Con regole automatizzate, puoi monitorare e controllare le tue campagne in base a CPA, ROAS e altre metriche calcolate.<\/li>\n<li><strong>Programma i tuoi annunci:<\/strong> pianifica la pubblicazione degli annunci negli orari pi\u00f9 ottimali del giorno o della settimana.<\/li>\n<\/ul>\n<h4>LE RECENSIONI DEGLI UTENTI<\/h4>\n<h4>Derik P. &#8220;Strumento fantastico con un supporto eccellente!&#8221;<\/h4>\n<p><strong>Commenti<\/strong>: Lo strumento da solo vale i soldi, ma il loro personale \u00e8 ci\u00f2 che mi fa davvero impegnare senza dubbio per la loro azienda. Continuano a migliorare lo strumento e chiedono imput dalla propria base di clienti in ogni fase per garantire che non si allontanino troppo da ci\u00f2 che li rende grandi.<\/p>\n<p><strong>Vantaggi<\/strong>: AdStage \u00e8 un ottimo strumento per report di alto livello, analisi dettagliate delle campagne e il superamento di alcune carenze di automazione di Facebook. Lo uso per creare report multicanale che portano dati da annunci di Facebook, AdWords e Google Analytics per tracciare un quadro dettagliato dei nostri risultati. Uso l&#8217;automazione per impostare sequenze di annunci sui social media o per monitorare campagne \/ annunci per testare i risultati o bilanciare meglio la spesa pubblicitaria. Il loro team di supporto \u00e8 cos\u00ec bravo che onestamente sembra che tu sia il loro unico cliente e che non \u00e8 cambiato poich\u00e9 sono cresciuti come azienda negli ultimi 2 anni in cui ho lavorato con loro. \u00c8 stata la mia rappresentante da quando ho iniziato, ma ogni volta che qualcun altro \u00e8 entrato se \u00e8 uscito, sono stati altrettanto bravi.<\/p>\n<p><strong>Inconvenienti<\/strong>: poich\u00e9 \u00e8 uno strumento cos\u00ec potente, non costa poco.<\/p>\n<h4>Manju P. &#8220;Uno strumento eccezionale con il miglior team di assistenza clienti!&#8221;<\/h4>\n<p><strong>Commenti<\/strong>: Adstage estrae report di analisi automatizzati da diverse piattaforme di marketing e li visualizza in un report. Ci ha permesso di identificare le informazioni chiave e condividerle facilmente con il team e i nostri clienti. Questo ci ha aiutato a risparmiare tempo e migliorare la nostra efficienza. Il rapporto settimanale sull&#8217;Adstage ci ha aiutato a prendere decisioni di marketing basate sul rendimento dell&#8217;annuncio. Il team di supporto era sempre disponibile per aiutare a risolvere i problemi che abbiamo dovuto affrontare.<\/p>\n<p><strong>Vantaggi<\/strong>: &#8211; Facilit\u00e0 di trascinamento della selezione e modelli per personalizzare i report<br \/>\n&#8211; Integrazione disponibile per tutte le reti pubblicitarie importanti come Google, Facebook, Twitter e Linkedin<br \/>\n&#8211; Integrazione dei dati di Analytics e conversione da Google Analytics, foglio di Google e Hubspot<br \/>\n&#8211; Abbondanti risorse di supporto disponibili nel centro assistenza e sul sito Web<br \/>\n&#8211; Eccellente servizio clienti<\/p>\n<p><strong>Inconvenienti<\/strong>: &#8211; Non include fonti di lead di integrazione come Call rail e Unbounce<br \/>\n&#8211; La tabella personalizzata e la creazione di grafici da fogli di Google non sono disponibili<br \/>\n&#8211; Un po &#8216;caro<\/p>\n<h4>Melissa P. &#8220;Design UX friendly e supporto clienti amichevole&#8221;<\/h4>\n<p><strong>Vantaggi<\/strong>: mi \u00e8 piaciuto quanto il team fosse entusiasta di assicurarsi che gli utenti impiegassero il loro software a pieno regime. L&#8217;UX \u00e8 super facile da leggere \/ interpretare e l&#8217;impostazione delle regole, ecc. \u00c8 eccezionalmente facile e accessibile.<\/p>\n<p><strong>Inconvenienti<\/strong>: ci sono alcune situazioni in cui verr\u00e0 attivata l&#8217;esecuzione di una regola, ma non \u00e8 possibile impostare una condizione in cui \u00e8 possibile ripristinare detta regola: ci\u00f2 sarebbe incredibilmente utile nel processo di automazione a lungo termine.<\/p>\n","protected":false},"excerpt":{"rendered":"<p>AdStage \u00e8 una soluzione all-in-one per la creazione e la gestione di campagne di marketing pay-per-click (PPC), su Facebook, Twitter, Google AdWords, Bing e LinkedIn Ads.\u00a0Il programma include sia un dashboard globale, che mostra il rendimento di tutti gli account, sia dashboard separati per ogni campagna, con visualizzazioni delle metriche chiave e intervalli di date personalizzabili per i dati visualizzati.<\/p>\n","protected":false},"author":19,"featured_media":20872,"parent":20408,"menu_order":0,"comment_status":"open","ping_status":"closed","template":"g1_template_page_review_new.php","meta":{"_acf_changed":false,"cwp_meta_box_check":"Yes","cwp_rev_product_name":"","cwp_rev_product_image":"","wppr_links":[],"cwp_rev_price":"","wppr_options":[],"wppr_pros":[],"wppr_cons":[],"_monsterinsights_skip_tracking":false,"_monsterinsights_sitenote_active":false,"_monsterinsights_sitenote_note":"","_monsterinsights_sitenote_category":0,"footnotes":""},"categories":[1490],"tags":[1544,1545,1512,1495,1496,1498,1499],"features":[],"class_list":{"0":"post-20864","1":"page","2":"type-page","3":"status-publish","4":"has-post-thumbnail","6":"category-analisi-marketing","7":"tag-adstage","8":"tag-analisi-marcato","9":"tag-analisi-marketing","10":"tag-marketing-analytics-software","11":"tag-programma-analisi-marketing","12":"tag-software-analisi-marketing","13":"tag-soluzione-analisi-marketing"},"wppr_data":{"cwp_meta_box_check":"Yes","cwp_rev_product_name":"","cwp_rev_product_image":"","cwp_image_link":"image","cwp_rev_price":"","wppr_rating":"0.00"},"acf":[],"yoast_head":"<!-- This site is optimized with the Yoast SEO plugin v27.4 - https:\/\/yoast.com\/product\/yoast-seo-wordpress\/ -->\n<title>AdStage: recensione software analisi marketing - Accurate Reviews<\/title>\n<meta name=\"description\" content=\"AdStage: recensione soluzione all-in-one per la creazione e la gestione di campagne di marketing pay-per-click su Facebook, Twitter, Bing e LinkedIn Ads\" \/>\n<meta name=\"robots\" content=\"index, follow, max-snippet:-1, max-image-preview:large, max-video-preview:-1\" \/>\n<link rel=\"canonical\" href=\"https:\/\/www.accuratereviews.com\/it\/analisi-marketing\/adstage-recensione\/\" \/>\n<meta property=\"og:locale\" content=\"it_IT\" \/>\n<meta property=\"og:type\" content=\"article\" \/>\n<meta property=\"og:title\" content=\"AdStage: recensione software analisi marketing - Accurate Reviews\" \/>\n<meta property=\"og:description\" content=\"AdStage: recensione soluzione all-in-one per la creazione e la gestione di campagne di marketing pay-per-click su Facebook, Twitter, Bing e LinkedIn Ads\" \/>\n<meta property=\"og:url\" content=\"https:\/\/www.accuratereviews.com\/it\/analisi-marketing\/adstage-recensione\/\" \/>\n<meta property=\"og:site_name\" content=\"Accurate Reviews\" \/>\n<meta property=\"article:modified_time\" content=\"2021-05-07T13:43:31+00:00\" \/>\n<meta property=\"og:image\" content=\"https:\/\/www.accuratereviews.com\/wp-content\/uploads\/2019\/12\/adstage-.png\" \/>\n\t<meta property=\"og:image:width\" content=\"1920\" \/>\n\t<meta property=\"og:image:height\" content=\"1080\" \/>\n\t<meta property=\"og:image:type\" content=\"image\/png\" \/>\n<meta name=\"twitter:card\" content=\"summary_large_image\" \/>\n<meta name=\"twitter:label1\" content=\"Tempo di lettura stimato\" \/>\n\t<meta name=\"twitter:data1\" content=\"4 minuti\" \/>\n<script type=\"application\/ld+json\" class=\"yoast-schema-graph\">{\"@context\":\"https:\\\/\\\/schema.org\",\"@graph\":[{\"@type\":\"WebPage\",\"@id\":\"https:\\\/\\\/www.accuratereviews.com\\\/it\\\/analisi-marketing\\\/adstage-recensione\\\/\",\"url\":\"https:\\\/\\\/www.accuratereviews.com\\\/it\\\/analisi-marketing\\\/adstage-recensione\\\/\",\"name\":\"AdStage: recensione software analisi marketing - Accurate Reviews\",\"isPartOf\":{\"@id\":\"https:\\\/\\\/www.accuratereviews.com\\\/it\\\/#website\"},\"primaryImageOfPage\":{\"@id\":\"https:\\\/\\\/www.accuratereviews.com\\\/it\\\/analisi-marketing\\\/adstage-recensione\\\/#primaryimage\"},\"image\":{\"@id\":\"https:\\\/\\\/www.accuratereviews.com\\\/it\\\/analisi-marketing\\\/adstage-recensione\\\/#primaryimage\"},\"thumbnailUrl\":\"https:\\\/\\\/www.accuratereviews.com\\\/wp-content\\\/uploads\\\/2019\\\/12\\\/adstage-.png\",\"datePublished\":\"2019-12-04T14:05:37+00:00\",\"dateModified\":\"2021-05-07T13:43:31+00:00\",\"description\":\"AdStage: recensione soluzione all-in-one per la creazione e la gestione di campagne di marketing pay-per-click su Facebook, Twitter, Bing e LinkedIn Ads\",\"breadcrumb\":{\"@id\":\"https:\\\/\\\/www.accuratereviews.com\\\/it\\\/analisi-marketing\\\/adstage-recensione\\\/#breadcrumb\"},\"inLanguage\":\"it-IT\",\"potentialAction\":[{\"@type\":\"ReadAction\",\"target\":[\"https:\\\/\\\/www.accuratereviews.com\\\/it\\\/analisi-marketing\\\/adstage-recensione\\\/\"]}]},{\"@type\":\"ImageObject\",\"inLanguage\":\"it-IT\",\"@id\":\"https:\\\/\\\/www.accuratereviews.com\\\/it\\\/analisi-marketing\\\/adstage-recensione\\\/#primaryimage\",\"url\":\"https:\\\/\\\/www.accuratereviews.com\\\/wp-content\\\/uploads\\\/2019\\\/12\\\/adstage-.png\",\"contentUrl\":\"https:\\\/\\\/www.accuratereviews.com\\\/wp-content\\\/uploads\\\/2019\\\/12\\\/adstage-.png\",\"width\":1920,\"height\":1080},{\"@type\":\"BreadcrumbList\",\"@id\":\"https:\\\/\\\/www.accuratereviews.com\\\/it\\\/analisi-marketing\\\/adstage-recensione\\\/#breadcrumb\",\"itemListElement\":[{\"@type\":\"ListItem\",\"position\":1,\"name\":\"Home\",\"item\":\"https:\\\/\\\/www.accuratereviews.com\\\/it\\\/\"},{\"@type\":\"ListItem\",\"position\":2,\"name\":\"Analisi Marketing\",\"item\":\"https:\\\/\\\/www.accuratereviews.com\\\/it\\\/analisi-marketing\\\/\"},{\"@type\":\"ListItem\",\"position\":3,\"name\":\"AdStage\"}]},{\"@type\":\"WebSite\",\"@id\":\"https:\\\/\\\/www.accuratereviews.com\\\/it\\\/#website\",\"url\":\"https:\\\/\\\/www.accuratereviews.com\\\/it\\\/\",\"name\":\"Accurate Reviews\",\"description\":\"\",\"potentialAction\":[{\"@type\":\"SearchAction\",\"target\":{\"@type\":\"EntryPoint\",\"urlTemplate\":\"https:\\\/\\\/www.accuratereviews.com\\\/it\\\/?s={search_term_string}\"},\"query-input\":{\"@type\":\"PropertyValueSpecification\",\"valueRequired\":true,\"valueName\":\"search_term_string\"}}],\"inLanguage\":\"it-IT\"}]}<\/script>\n<!-- \/ Yoast SEO plugin. -->","yoast_head_json":{"title":"AdStage: recensione software analisi marketing - Accurate Reviews","description":"AdStage: recensione soluzione all-in-one per la creazione e la gestione di campagne di marketing pay-per-click su Facebook, Twitter, Bing e LinkedIn Ads","robots":{"index":"index","follow":"follow","max-snippet":"max-snippet:-1","max-image-preview":"max-image-preview:large","max-video-preview":"max-video-preview:-1"},"canonical":"https:\/\/www.accuratereviews.com\/it\/analisi-marketing\/adstage-recensione\/","og_locale":"it_IT","og_type":"article","og_title":"AdStage: recensione software analisi marketing - Accurate Reviews","og_description":"AdStage: recensione soluzione all-in-one per la creazione e la gestione di campagne di marketing pay-per-click su Facebook, Twitter, Bing e LinkedIn Ads","og_url":"https:\/\/www.accuratereviews.com\/it\/analisi-marketing\/adstage-recensione\/","og_site_name":"Accurate Reviews","article_modified_time":"2021-05-07T13:43:31+00:00","og_image":[{"width":1920,"height":1080,"url":"https:\/\/www.accuratereviews.com\/wp-content\/uploads\/2019\/12\/adstage-.png","type":"image\/png"}],"twitter_card":"summary_large_image","twitter_misc":{"Tempo di lettura stimato":"4 minuti"},"schema":{"@context":"https:\/\/schema.org","@graph":[{"@type":"WebPage","@id":"https:\/\/www.accuratereviews.com\/it\/analisi-marketing\/adstage-recensione\/","url":"https:\/\/www.accuratereviews.com\/it\/analisi-marketing\/adstage-recensione\/","name":"AdStage: recensione software analisi marketing - Accurate Reviews","isPartOf":{"@id":"https:\/\/www.accuratereviews.com\/it\/#website"},"primaryImageOfPage":{"@id":"https:\/\/www.accuratereviews.com\/it\/analisi-marketing\/adstage-recensione\/#primaryimage"},"image":{"@id":"https:\/\/www.accuratereviews.com\/it\/analisi-marketing\/adstage-recensione\/#primaryimage"},"thumbnailUrl":"https:\/\/www.accuratereviews.com\/wp-content\/uploads\/2019\/12\/adstage-.png","datePublished":"2019-12-04T14:05:37+00:00","dateModified":"2021-05-07T13:43:31+00:00","description":"AdStage: recensione soluzione all-in-one per la creazione e la gestione di campagne di marketing pay-per-click su Facebook, Twitter, Bing e LinkedIn Ads","breadcrumb":{"@id":"https:\/\/www.accuratereviews.com\/it\/analisi-marketing\/adstage-recensione\/#breadcrumb"},"inLanguage":"it-IT","potentialAction":[{"@type":"ReadAction","target":["https:\/\/www.accuratereviews.com\/it\/analisi-marketing\/adstage-recensione\/"]}]},{"@type":"ImageObject","inLanguage":"it-IT","@id":"https:\/\/www.accuratereviews.com\/it\/analisi-marketing\/adstage-recensione\/#primaryimage","url":"https:\/\/www.accuratereviews.com\/wp-content\/uploads\/2019\/12\/adstage-.png","contentUrl":"https:\/\/www.accuratereviews.com\/wp-content\/uploads\/2019\/12\/adstage-.png","width":1920,"height":1080},{"@type":"BreadcrumbList","@id":"https:\/\/www.accuratereviews.com\/it\/analisi-marketing\/adstage-recensione\/#breadcrumb","itemListElement":[{"@type":"ListItem","position":1,"name":"Home","item":"https:\/\/www.accuratereviews.com\/it\/"},{"@type":"ListItem","position":2,"name":"Analisi Marketing","item":"https:\/\/www.accuratereviews.com\/it\/analisi-marketing\/"},{"@type":"ListItem","position":3,"name":"AdStage"}]},{"@type":"WebSite","@id":"https:\/\/www.accuratereviews.com\/it\/#website","url":"https:\/\/www.accuratereviews.com\/it\/","name":"Accurate Reviews","description":"","potentialAction":[{"@type":"SearchAction","target":{"@type":"EntryPoint","urlTemplate":"https:\/\/www.accuratereviews.com\/it\/?s={search_term_string}"},"query-input":{"@type":"PropertyValueSpecification","valueRequired":true,"valueName":"search_term_string"}}],"inLanguage":"it-IT"}]}},"_links":{"self":[{"href":"https:\/\/www.accuratereviews.com\/it\/wp-json\/wp\/v2\/pages\/20864","targetHints":{"allow":["GET"]}}],"collection":[{"href":"https:\/\/www.accuratereviews.com\/it\/wp-json\/wp\/v2\/pages"}],"about":[{"href":"https:\/\/www.accuratereviews.com\/it\/wp-json\/wp\/v2\/types\/page"}],"author":[{"embeddable":true,"href":"https:\/\/www.accuratereviews.com\/it\/wp-json\/wp\/v2\/users\/19"}],"replies":[{"embeddable":true,"href":"https:\/\/www.accuratereviews.com\/it\/wp-json\/wp\/v2\/comments?post=20864"}],"version-history":[{"count":7,"href":"https:\/\/www.accuratereviews.com\/it\/wp-json\/wp\/v2\/pages\/20864\/revisions"}],"predecessor-version":[{"id":42172,"href":"https:\/\/www.accuratereviews.com\/it\/wp-json\/wp\/v2\/pages\/20864\/revisions\/42172"}],"up":[{"embeddable":true,"href":"https:\/\/www.accuratereviews.com\/it\/wp-json\/wp\/v2\/pages\/20408"}],"wp:featuredmedia":[{"embeddable":true,"href":"https:\/\/www.accuratereviews.com\/it\/wp-json\/wp\/v2\/media\/20872"}],"wp:attachment":[{"href":"https:\/\/www.accuratereviews.com\/it\/wp-json\/wp\/v2\/media?parent=20864"}],"wp:term":[{"taxonomy":"category","embeddable":true,"href":"https:\/\/www.accuratereviews.com\/it\/wp-json\/wp\/v2\/categories?post=20864"},{"taxonomy":"post_tag","embeddable":true,"href":"https:\/\/www.accuratereviews.com\/it\/wp-json\/wp\/v2\/tags?post=20864"},{"taxonomy":"features","embeddable":true,"href":"https:\/\/www.accuratereviews.com\/it\/wp-json\/wp\/v2\/features?post=20864"}],"curies":[{"name":"wp","href":"https:\/\/api.w.org\/{rel}","templated":true}]}}