{"id":20905,"date":"2019-12-05T13:09:56","date_gmt":"2019-12-05T13:09:56","guid":{"rendered":"https:\/\/www.accuratereviews.com\/?page_id=20905"},"modified":"2021-05-07T13:48:47","modified_gmt":"2021-05-07T13:48:47","slug":"beacon-recensione","status":"publish","type":"page","link":"https:\/\/www.accuratereviews.com\/it\/analisi-marketing\/beacon-recensione\/","title":{"rendered":"Beacon"},"content":{"rendered":"<p><strong>Beacon<\/strong> \u00e8 un <strong>software di analisi dei social media<\/strong> progettato per aiutare le aziende e le organizzazioni a misurare, valutare e migliorare la portata dei loro post sui social media da un&#8217;unica dashboard. Il software consente loro di identificare i loro post pi\u00f9 popolari, i contenuti che i loro utenti stanno cercando, nonch\u00e9 i canali dei social media che generano pi\u00f9 traffico.\u00a0Con Beacon, gli utenti possono ricavare intuizioni che li aiuteranno a creare post pi\u00f9 convincenti, accattivanti e affini ai quali il loro pubblico sui social media \u00e8 attratto e incoraggiarli a convertire e condividere contenuti all&#8217;interno delle loro cerchie. Ci\u00f2 si traduce in campagne di marketing digitale efficaci ed efficienti attraverso vari canali e reti di social media, che a loro volta portano a un miglior ROI.<\/p>\n<h2><a href=\"https:\/\/www.accuratereviews.com\/wp-content\/uploads\/2019\/12\/Schermata-2019-12-05-alle-10.33.06-scaled.png\"><img loading=\"lazy\" decoding=\"async\" class=\"alignnone size-full wp-image-20909\" src=\"https:\/\/www.accuratereviews.com\/wp-content\/uploads\/2019\/12\/Schermata-2019-12-05-alle-10.33.06-scaled.png\" alt=\"\" width=\"2560\" height=\"1362\" srcset=\"https:\/\/www.accuratereviews.com\/wp-content\/uploads\/2019\/12\/Schermata-2019-12-05-alle-10.33.06-scaled.png 2560w, https:\/\/www.accuratereviews.com\/wp-content\/uploads\/2019\/12\/Schermata-2019-12-05-alle-10.33.06-300x160.png 300w, https:\/\/www.accuratereviews.com\/wp-content\/uploads\/2019\/12\/Schermata-2019-12-05-alle-10.33.06-1024x545.png 1024w, https:\/\/www.accuratereviews.com\/wp-content\/uploads\/2019\/12\/Schermata-2019-12-05-alle-10.33.06-768x409.png 768w, https:\/\/www.accuratereviews.com\/wp-content\/uploads\/2019\/12\/Schermata-2019-12-05-alle-10.33.06-1536x817.png 1536w, https:\/\/www.accuratereviews.com\/wp-content\/uploads\/2019\/12\/Schermata-2019-12-05-alle-10.33.06-2048x1089.png 2048w, https:\/\/www.accuratereviews.com\/wp-content\/uploads\/2019\/12\/Schermata-2019-12-05-alle-10.33.06-235x125.png 235w, https:\/\/www.accuratereviews.com\/wp-content\/uploads\/2019\/12\/Schermata-2019-12-05-alle-10.33.06-50x27.png 50w, https:\/\/www.accuratereviews.com\/wp-content\/uploads\/2019\/12\/Schermata-2019-12-05-alle-10.33.06-968x515.png 968w, https:\/\/www.accuratereviews.com\/wp-content\/uploads\/2019\/12\/Schermata-2019-12-05-alle-10.33.06-636x338.png 636w, https:\/\/www.accuratereviews.com\/wp-content\/uploads\/2019\/12\/Schermata-2019-12-05-alle-10.33.06-320x170.png 320w, https:\/\/www.accuratereviews.com\/wp-content\/uploads\/2019\/12\/Schermata-2019-12-05-alle-10.33.06-239x127.png 239w\" sizes=\"auto, (max-width: 2560px) 100vw, 2560px\" \/><\/a><\/h2>\n<h2>BEACON &#8211; CARATTERISTICHE<\/h2>\n<ul>\n<li>Tieni traccia di tutti i tuoi canali digitali, inclusi social media, campagne e-mail e annunci PPC<\/li>\n<li>Visualizza il successo della tua campagna a colpo d&#8217;occhio e scopri quali aree hanno il rendimento migliore<\/li>\n<li>Confronta le tue campagne e costruisci il tuo successo<\/li>\n<li>Crea rapidamente pi\u00f9 collegamenti tracciati e organizzali con facilit\u00e0<\/li>\n<li>Segnala i clic sui link, i visitatori e le azioni della pagina da qualsiasi link monitorato utilizzato nel tuo marketing<\/li>\n<li>Scopri il tuo vero costo per visita e scopri quale canale sta guidando il traffico<\/li>\n<li>Calcola il ritorno sull&#8217;investimento e il denaro sprecato dai clic sui bot<\/li>\n<li>Guarda i risultati che altre piattaforme come Google Ads e Facebook non ti dicono<\/li>\n<\/ul>\n<h3>LE RECENSIONI DEGLI UTENTI<\/h3>\n<h4>Mick M. &#8220;One-stop Social Media Analytics&#8221;<\/h4>\n<p><strong>Vantaggi<\/strong>: Vuoi identificare quali canali \/ post social generano pi\u00f9 traffico o coinvolgimento? Facile ottenere i dati richiesti senza scavare eccessivamente nei profili uno per uno. Stabilisci obiettivi, misura e valuta.<br \/>\n<strong>Inconvenienti<\/strong>: le opzioni di personalizzazione per i report potrebbero essere pi\u00f9 elaborate.<\/p>\n<h4><strong>Adhi S. &#8220;Fai crescere la tua lista e-mail usando l&#8217;eBook&#8221;<\/strong><\/h4>\n<p><strong>Commento<\/strong>: posso creare rapidamente ebook semplicemente seguendo la procedura guidata.<br \/>\n<strong>Vantaggi<\/strong>: Beacon ti aiuta a creare un ebook di bell&#8217;aspetto dal contenuto esistente che hai gi\u00e0. \u00c8 possibile importare il contenuto semplicemente assegnando a Beacon l&#8217;ULR nella pagina.<br \/>\n<strong>Inconvenienti<\/strong>: ci sono modelli limitati che puoi usare. Sarebbe bello avere un modello pre-progettato per gli utenti di scegliere.<\/p>\n","protected":false},"excerpt":{"rendered":"<p>Beacon \u00e8 un software di analisi dei social media progettato per aiutare le aziende e le organizzazioni a misurare, valutare e migliorare la portata dei loro post sui social media da un&#8217;unica dashboard unificata. Il software consente loro di identificare i loro post pi\u00f9 popolari, i contenuti che i loro utenti stanno cercando, nonch\u00e9 i canali dei social media che generano pi\u00f9 traffico.\u00a0<\/p>\n","protected":false},"author":19,"featured_media":20906,"parent":20408,"menu_order":0,"comment_status":"open","ping_status":"closed","template":"g1_template_page_review_new.php","meta":{"_acf_changed":false,"cwp_meta_box_check":"Yes","cwp_rev_product_name":"","cwp_rev_product_image":"","wppr_links":[],"cwp_rev_price":"","wppr_options":[],"wppr_pros":[],"wppr_cons":[],"_monsterinsights_skip_tracking":false,"_monsterinsights_sitenote_active":false,"_monsterinsights_sitenote_note":"","_monsterinsights_sitenote_category":0,"footnotes":""},"categories":[1490],"tags":[1550,1495,1496,1498,1504,1499],"features":[],"class_list":{"0":"post-20905","1":"page","2":"type-page","3":"status-publish","4":"has-post-thumbnail","6":"category-analisi-marketing","7":"tag-beacon","8":"tag-marketing-analytics-software","9":"tag-programma-analisi-marketing","10":"tag-software-analisi-marketing","11":"tag-software-analisi-mercato","12":"tag-soluzione-analisi-marketing"},"wppr_data":{"cwp_meta_box_check":"Yes","cwp_rev_product_name":"","cwp_rev_product_image":"","cwp_image_link":"image","cwp_rev_price":"","wppr_rating":"0.00"},"acf":[],"yoast_head":"<!-- This site is optimized with the Yoast SEO plugin v27.4 - https:\/\/yoast.com\/product\/yoast-seo-wordpress\/ -->\n<title>Beacon: recensione software analisi marketing - Accurate Reviews<\/title>\n<meta name=\"description\" content=\"Beacon: recensione software di analisi dei social media progettato per aiutare le aziende a misurare, valutare e migliorare i post sui social media.\" \/>\n<meta name=\"robots\" content=\"index, follow, max-snippet:-1, max-image-preview:large, max-video-preview:-1\" \/>\n<link rel=\"canonical\" href=\"https:\/\/www.accuratereviews.com\/it\/analisi-marketing\/beacon-recensione\/\" \/>\n<meta property=\"og:locale\" content=\"it_IT\" \/>\n<meta property=\"og:type\" content=\"article\" \/>\n<meta property=\"og:title\" content=\"Beacon: recensione software analisi marketing - Accurate Reviews\" \/>\n<meta property=\"og:description\" content=\"Beacon: recensione software di analisi dei social media progettato per aiutare le aziende a misurare, valutare e migliorare i post sui social media.\" \/>\n<meta property=\"og:url\" content=\"https:\/\/www.accuratereviews.com\/it\/analisi-marketing\/beacon-recensione\/\" \/>\n<meta property=\"og:site_name\" content=\"Accurate Reviews\" \/>\n<meta property=\"article:modified_time\" content=\"2021-05-07T13:48:47+00:00\" \/>\n<meta property=\"og:image\" content=\"https:\/\/www.accuratereviews.com\/wp-content\/uploads\/2019\/12\/Schermata-2019-12-05-alle-10.22.42.png\" \/>\n\t<meta property=\"og:image:width\" content=\"648\" \/>\n\t<meta property=\"og:image:height\" content=\"286\" \/>\n\t<meta property=\"og:image:type\" content=\"image\/png\" \/>\n<meta name=\"twitter:card\" content=\"summary_large_image\" \/>\n<meta name=\"twitter:label1\" content=\"Tempo di lettura stimato\" \/>\n\t<meta name=\"twitter:data1\" content=\"2 minuti\" \/>\n<script type=\"application\/ld+json\" class=\"yoast-schema-graph\">{\"@context\":\"https:\\\/\\\/schema.org\",\"@graph\":[{\"@type\":\"WebPage\",\"@id\":\"https:\\\/\\\/www.accuratereviews.com\\\/it\\\/analisi-marketing\\\/beacon-recensione\\\/\",\"url\":\"https:\\\/\\\/www.accuratereviews.com\\\/it\\\/analisi-marketing\\\/beacon-recensione\\\/\",\"name\":\"Beacon: recensione software analisi marketing - Accurate Reviews\",\"isPartOf\":{\"@id\":\"https:\\\/\\\/www.accuratereviews.com\\\/it\\\/#website\"},\"primaryImageOfPage\":{\"@id\":\"https:\\\/\\\/www.accuratereviews.com\\\/it\\\/analisi-marketing\\\/beacon-recensione\\\/#primaryimage\"},\"image\":{\"@id\":\"https:\\\/\\\/www.accuratereviews.com\\\/it\\\/analisi-marketing\\\/beacon-recensione\\\/#primaryimage\"},\"thumbnailUrl\":\"https:\\\/\\\/www.accuratereviews.com\\\/wp-content\\\/uploads\\\/2019\\\/12\\\/Schermata-2019-12-05-alle-10.22.42.png\",\"datePublished\":\"2019-12-05T13:09:56+00:00\",\"dateModified\":\"2021-05-07T13:48:47+00:00\",\"description\":\"Beacon: recensione software di analisi dei social media progettato per aiutare le aziende a misurare, valutare e migliorare i post sui social media.\",\"breadcrumb\":{\"@id\":\"https:\\\/\\\/www.accuratereviews.com\\\/it\\\/analisi-marketing\\\/beacon-recensione\\\/#breadcrumb\"},\"inLanguage\":\"it-IT\",\"potentialAction\":[{\"@type\":\"ReadAction\",\"target\":[\"https:\\\/\\\/www.accuratereviews.com\\\/it\\\/analisi-marketing\\\/beacon-recensione\\\/\"]}]},{\"@type\":\"ImageObject\",\"inLanguage\":\"it-IT\",\"@id\":\"https:\\\/\\\/www.accuratereviews.com\\\/it\\\/analisi-marketing\\\/beacon-recensione\\\/#primaryimage\",\"url\":\"https:\\\/\\\/www.accuratereviews.com\\\/wp-content\\\/uploads\\\/2019\\\/12\\\/Schermata-2019-12-05-alle-10.22.42.png\",\"contentUrl\":\"https:\\\/\\\/www.accuratereviews.com\\\/wp-content\\\/uploads\\\/2019\\\/12\\\/Schermata-2019-12-05-alle-10.22.42.png\",\"width\":648,\"height\":286},{\"@type\":\"BreadcrumbList\",\"@id\":\"https:\\\/\\\/www.accuratereviews.com\\\/it\\\/analisi-marketing\\\/beacon-recensione\\\/#breadcrumb\",\"itemListElement\":[{\"@type\":\"ListItem\",\"position\":1,\"name\":\"Home\",\"item\":\"https:\\\/\\\/www.accuratereviews.com\\\/it\\\/\"},{\"@type\":\"ListItem\",\"position\":2,\"name\":\"Analisi Marketing\",\"item\":\"https:\\\/\\\/www.accuratereviews.com\\\/it\\\/analisi-marketing\\\/\"},{\"@type\":\"ListItem\",\"position\":3,\"name\":\"Beacon\"}]},{\"@type\":\"WebSite\",\"@id\":\"https:\\\/\\\/www.accuratereviews.com\\\/it\\\/#website\",\"url\":\"https:\\\/\\\/www.accuratereviews.com\\\/it\\\/\",\"name\":\"Accurate Reviews\",\"description\":\"\",\"potentialAction\":[{\"@type\":\"SearchAction\",\"target\":{\"@type\":\"EntryPoint\",\"urlTemplate\":\"https:\\\/\\\/www.accuratereviews.com\\\/it\\\/?s={search_term_string}\"},\"query-input\":{\"@type\":\"PropertyValueSpecification\",\"valueRequired\":true,\"valueName\":\"search_term_string\"}}],\"inLanguage\":\"it-IT\"}]}<\/script>\n<!-- \/ Yoast SEO plugin. -->","yoast_head_json":{"title":"Beacon: recensione software analisi marketing - Accurate Reviews","description":"Beacon: recensione software di analisi dei social media progettato per aiutare le aziende a misurare, valutare e migliorare i post sui social media.","robots":{"index":"index","follow":"follow","max-snippet":"max-snippet:-1","max-image-preview":"max-image-preview:large","max-video-preview":"max-video-preview:-1"},"canonical":"https:\/\/www.accuratereviews.com\/it\/analisi-marketing\/beacon-recensione\/","og_locale":"it_IT","og_type":"article","og_title":"Beacon: recensione software analisi marketing - Accurate Reviews","og_description":"Beacon: recensione software di analisi dei social media progettato per aiutare le aziende a misurare, valutare e migliorare i post sui social media.","og_url":"https:\/\/www.accuratereviews.com\/it\/analisi-marketing\/beacon-recensione\/","og_site_name":"Accurate Reviews","article_modified_time":"2021-05-07T13:48:47+00:00","og_image":[{"width":648,"height":286,"url":"https:\/\/www.accuratereviews.com\/wp-content\/uploads\/2019\/12\/Schermata-2019-12-05-alle-10.22.42.png","type":"image\/png"}],"twitter_card":"summary_large_image","twitter_misc":{"Tempo di lettura stimato":"2 minuti"},"schema":{"@context":"https:\/\/schema.org","@graph":[{"@type":"WebPage","@id":"https:\/\/www.accuratereviews.com\/it\/analisi-marketing\/beacon-recensione\/","url":"https:\/\/www.accuratereviews.com\/it\/analisi-marketing\/beacon-recensione\/","name":"Beacon: recensione software analisi marketing - Accurate Reviews","isPartOf":{"@id":"https:\/\/www.accuratereviews.com\/it\/#website"},"primaryImageOfPage":{"@id":"https:\/\/www.accuratereviews.com\/it\/analisi-marketing\/beacon-recensione\/#primaryimage"},"image":{"@id":"https:\/\/www.accuratereviews.com\/it\/analisi-marketing\/beacon-recensione\/#primaryimage"},"thumbnailUrl":"https:\/\/www.accuratereviews.com\/wp-content\/uploads\/2019\/12\/Schermata-2019-12-05-alle-10.22.42.png","datePublished":"2019-12-05T13:09:56+00:00","dateModified":"2021-05-07T13:48:47+00:00","description":"Beacon: recensione software di analisi dei social media progettato per aiutare le aziende a misurare, valutare e migliorare i post sui social media.","breadcrumb":{"@id":"https:\/\/www.accuratereviews.com\/it\/analisi-marketing\/beacon-recensione\/#breadcrumb"},"inLanguage":"it-IT","potentialAction":[{"@type":"ReadAction","target":["https:\/\/www.accuratereviews.com\/it\/analisi-marketing\/beacon-recensione\/"]}]},{"@type":"ImageObject","inLanguage":"it-IT","@id":"https:\/\/www.accuratereviews.com\/it\/analisi-marketing\/beacon-recensione\/#primaryimage","url":"https:\/\/www.accuratereviews.com\/wp-content\/uploads\/2019\/12\/Schermata-2019-12-05-alle-10.22.42.png","contentUrl":"https:\/\/www.accuratereviews.com\/wp-content\/uploads\/2019\/12\/Schermata-2019-12-05-alle-10.22.42.png","width":648,"height":286},{"@type":"BreadcrumbList","@id":"https:\/\/www.accuratereviews.com\/it\/analisi-marketing\/beacon-recensione\/#breadcrumb","itemListElement":[{"@type":"ListItem","position":1,"name":"Home","item":"https:\/\/www.accuratereviews.com\/it\/"},{"@type":"ListItem","position":2,"name":"Analisi Marketing","item":"https:\/\/www.accuratereviews.com\/it\/analisi-marketing\/"},{"@type":"ListItem","position":3,"name":"Beacon"}]},{"@type":"WebSite","@id":"https:\/\/www.accuratereviews.com\/it\/#website","url":"https:\/\/www.accuratereviews.com\/it\/","name":"Accurate Reviews","description":"","potentialAction":[{"@type":"SearchAction","target":{"@type":"EntryPoint","urlTemplate":"https:\/\/www.accuratereviews.com\/it\/?s={search_term_string}"},"query-input":{"@type":"PropertyValueSpecification","valueRequired":true,"valueName":"search_term_string"}}],"inLanguage":"it-IT"}]}},"_links":{"self":[{"href":"https:\/\/www.accuratereviews.com\/it\/wp-json\/wp\/v2\/pages\/20905","targetHints":{"allow":["GET"]}}],"collection":[{"href":"https:\/\/www.accuratereviews.com\/it\/wp-json\/wp\/v2\/pages"}],"about":[{"href":"https:\/\/www.accuratereviews.com\/it\/wp-json\/wp\/v2\/types\/page"}],"author":[{"embeddable":true,"href":"https:\/\/www.accuratereviews.com\/it\/wp-json\/wp\/v2\/users\/19"}],"replies":[{"embeddable":true,"href":"https:\/\/www.accuratereviews.com\/it\/wp-json\/wp\/v2\/comments?post=20905"}],"version-history":[{"count":7,"href":"https:\/\/www.accuratereviews.com\/it\/wp-json\/wp\/v2\/pages\/20905\/revisions"}],"predecessor-version":[{"id":42187,"href":"https:\/\/www.accuratereviews.com\/it\/wp-json\/wp\/v2\/pages\/20905\/revisions\/42187"}],"up":[{"embeddable":true,"href":"https:\/\/www.accuratereviews.com\/it\/wp-json\/wp\/v2\/pages\/20408"}],"wp:featuredmedia":[{"embeddable":true,"href":"https:\/\/www.accuratereviews.com\/it\/wp-json\/wp\/v2\/media\/20906"}],"wp:attachment":[{"href":"https:\/\/www.accuratereviews.com\/it\/wp-json\/wp\/v2\/media?parent=20905"}],"wp:term":[{"taxonomy":"category","embeddable":true,"href":"https:\/\/www.accuratereviews.com\/it\/wp-json\/wp\/v2\/categories?post=20905"},{"taxonomy":"post_tag","embeddable":true,"href":"https:\/\/www.accuratereviews.com\/it\/wp-json\/wp\/v2\/tags?post=20905"},{"taxonomy":"features","embeddable":true,"href":"https:\/\/www.accuratereviews.com\/it\/wp-json\/wp\/v2\/features?post=20905"}],"curies":[{"name":"wp","href":"https:\/\/api.w.org\/{rel}","templated":true}]}}