{"id":20923,"date":"2019-12-05T13:10:22","date_gmt":"2019-12-05T13:10:22","guid":{"rendered":"https:\/\/www.accuratereviews.com\/?page_id=20923"},"modified":"2021-05-07T13:35:31","modified_gmt":"2021-05-07T13:35:31","slug":"6sense-recensione","status":"publish","type":"page","link":"https:\/\/www.accuratereviews.com\/it\/analisi-marketing\/6sense-recensione\/","title":{"rendered":"6sense"},"content":{"rendered":"<p><strong>6sense<\/strong> \u00e8 un <strong>software di valutazione dei lead<\/strong> che raccoglie i dati sui potenziali acquirenti, analizza le loro esigenze e ipotizza il loro comportamento attraverso le varie fasi del percorso dell&#8217;acquisto. I dati forniti dal programma possono essere utilizzati dai team di marketing e vendita per indirizzare i lead con le campagne e i prodotti giusti nei momenti giusti. <strong>6sense<\/strong> utilizza un modello personalizzato per ciascun cliente per aiutare a soddisfare le esigenze e gli obiettivi dell&#8217;azienda. La soluzione si integra con la maggior parte dei sistemi di marketing e vendita come Salesforce, Marketo ed Eloqua, nonch\u00e9 con reti pubblicitarie e sistemi di gestione dei contenuti.<\/p>\n<h2>6SENSE &#8211; TUTORIAL<\/h2>\n<p>Il breve tutorial che seguir\u00e0 mostra con trovare potenziali clienti con questo potente<strong> software di analisi<\/strong>:<\/p>\n<div id=\"fluid-wrapper-counter-1\" class=\"g1-fluid-wrapper \" style=\"width:686px;\">\n<div style=\"padding-bottom:56.268221574344%;\"><iframe loading=\"lazy\" title=\"6sense Launches SearchSense to Uncover Who is Searching for Your Keywords\" width=\"686\" height=\"386\" src=\"https:\/\/www.youtube.com\/embed\/N-uo1qDMdSk?feature=oembed&amp;wmode=transparent&amp;autohide=1&amp;autoplay=0&amp;disablekb=0&amp;fs=1&amp;loop=0&amp;enablejsapi=1&amp;rel=0&amp;controls=2&amp;showinfo=0&amp;wmode=transparent&amp;autohide=2&amp;autoplay=0&amp;disablekb=0&amp;fs=1&amp;loop=0&amp;enablejsapi=1&amp;rel=0&amp;controls=2&amp;showinfo=1\" frameborder=\"0\" allow=\"accelerometer; autoplay; encrypted-media; gyroscope; picture-in-picture\" allowfullscreen><\/iframe><\/div>\n<\/div>\n<h3>6SENSE &#8211; CARATTERISTICHE<\/h3>\n<ul>\n<li><strong>Priorit\u00e0 alle azioni<\/strong>: trasforma le intuizioni in azioni mirate con un account basato sull&#8217;intelligenza artificiale e condividi il punteggio<\/li>\n<li><strong>Nuovi account in-market<\/strong>: scopri l&#8217;intento da qualsiasi account, anche se al momento non si trovano sul tuo radar, e usa l&#8217;IA per identificare account simili con un&#8217;elevata propensione all&#8217;acquisto<\/li>\n<li><strong>Indicatori di navigazione dell&#8217;account:<\/strong> gli addetti alle vendite possono vedere l&#8217;intero percorso dell&#8217;account, con segnali di intenti da ogni canale in una singola sequenza temporale, per far luce sul perch\u00e9 \u00e8 tempo di impegnarsi<\/li>\n<li><strong>CRM e punteggio dei contatti:<\/strong> promuovi una conversione pi\u00f9 elevata integrando o sostituendo i punteggi dei lead manuali dall&#8217;automazione del marketing con punteggi comportamentali basati sull&#8217;intelligenza artificiale e punteggi di adattamento per account, lead e contatti<\/li>\n<li><strong>Flussi di lavoro e notifiche di Salesforce<\/strong>: l&#8217;integrazione nativa di Salesforce CRM ti consente di alimentare dashboard, flussi di lavoro e trigger di notifica in modo che rappresentanti e manager sappiano esattamente quando \u00e8 il momento di chiamare un account.<\/li>\n<\/ul>\n<h4>LE RECENSIONI DEGLI UTENTI<\/h4>\n<h4>\u201c6Sense &#8211; Recensione marketing\u201d<\/h4>\n<p><strong>Commenti<\/strong>: Complessivamente il costo fa davvero impallidire ci\u00f2 che questo programma pu\u00f2 portare. Se il tuo team ha il budget, lo consiglierei perch\u00e9 porter\u00e0 un valore enorme ai tuoi team di vendita e marketing.<br \/>\n<strong>Vantaggi<\/strong>: questo apporta un valore al nostro team di vendita e al modo in cui sono in grado di raggiungere le loro prospettive.<br \/>\n<strong>Inconvenienti<\/strong>: quando si tratta di ci\u00f2 che viene offerto e il tempo impiegato per implementare tutto \u00e8 stato dispendioso in termini di tempo e il costo \u00e8 un po &#8216;caro<\/p>\n<h4>&#8220;Lavorare per un ottimo prodotto&#8221;<\/h4>\n<p><strong>Commenti<\/strong>: Solida esperienza finora &#8211; il supporto \u00e8 il motivo principale della valutazione.<br \/>\n<strong>Vantaggi<\/strong>: l&#8217;installazione \u00e8 stata un gioco da ragazzi con 6Sense incontrarsi con noi per garantire che tutto sia andato bene. Pubblica il massimo supporto dal vivo. Il prodotto funziona come previsto con solo alcuni problemi minori. Mi aspettavo che il prodotto maturasse.<br \/>\n<strong>Inconvenienti<\/strong>: la documentazione per l&#8217;installazione deve essere pi\u00f9 professionale e aggiornata.<\/p>\n","protected":false},"excerpt":{"rendered":"<p>6sense \u00e8 un software di valutazione dei lead che raccoglie i dati sui potenziali acquirenti, analizza le loro esigenze e ipotizza il loro comportamento attraverso le varie fasi del percorso dell&#8217;acquisto. I dati forniti dal programma possono essere utilizzati dai team di marketing e vendita per indirizzare i lead con le campagne e i prodotti giusti nei momenti giusti.<\/p>\n","protected":false},"author":19,"featured_media":20925,"parent":20408,"menu_order":0,"comment_status":"open","ping_status":"closed","template":"g1_template_page_review_new.php","meta":{"_acf_changed":false,"cwp_meta_box_check":"Yes","cwp_rev_product_name":"","cwp_rev_product_image":"","wppr_links":[],"cwp_rev_price":"","wppr_options":[],"wppr_pros":[],"wppr_cons":[],"_monsterinsights_skip_tracking":false,"_monsterinsights_sitenote_active":false,"_monsterinsights_sitenote_note":"","_monsterinsights_sitenote_category":0,"footnotes":""},"categories":[1490],"tags":[1551,1508,1552,1495,1496,1498,1499],"features":[],"class_list":{"0":"post-20923","1":"page","2":"type-page","3":"status-publish","4":"has-post-thumbnail","6":"category-analisi-marketing","7":"tag-6sense","8":"tag-analisi-di-mercato","9":"tag-analisi-lead","10":"tag-marketing-analytics-software","11":"tag-programma-analisi-marketing","12":"tag-software-analisi-marketing","13":"tag-soluzione-analisi-marketing"},"wppr_data":{"cwp_meta_box_check":"Yes","cwp_rev_product_name":"","cwp_rev_product_image":"","cwp_image_link":"image","cwp_rev_price":"","wppr_rating":"0.00"},"acf":[],"yoast_head":"<!-- This site is optimized with the Yoast SEO plugin v27.4 - https:\/\/yoast.com\/product\/yoast-seo-wordpress\/ -->\n<title>6sense: recensione software analisi marketing - Accurate Reviews<\/title>\n<meta name=\"description\" content=\"6sense: recensione software valutazione dei lead che raccoglie i dati sui potenziali acquirenti, analizza le loro esigenze e ipotizza il loro comportamento\" \/>\n<meta name=\"robots\" content=\"index, follow, max-snippet:-1, max-image-preview:large, max-video-preview:-1\" \/>\n<link rel=\"canonical\" href=\"https:\/\/www.accuratereviews.com\/it\/analisi-marketing\/6sense-recensione\/\" \/>\n<meta property=\"og:locale\" content=\"it_IT\" \/>\n<meta property=\"og:type\" content=\"article\" \/>\n<meta property=\"og:title\" content=\"6sense: recensione software analisi marketing - Accurate Reviews\" \/>\n<meta property=\"og:description\" content=\"6sense: recensione software valutazione dei lead che raccoglie i dati sui potenziali acquirenti, analizza le loro esigenze e ipotizza il loro comportamento\" \/>\n<meta property=\"og:url\" content=\"https:\/\/www.accuratereviews.com\/it\/analisi-marketing\/6sense-recensione\/\" \/>\n<meta property=\"og:site_name\" content=\"Accurate Reviews\" \/>\n<meta property=\"article:modified_time\" content=\"2021-05-07T13:35:31+00:00\" \/>\n<meta property=\"og:image\" content=\"https:\/\/www.accuratereviews.com\/wp-content\/uploads\/2019\/12\/6sense.png\" \/>\n\t<meta property=\"og:image:width\" content=\"900\" \/>\n\t<meta property=\"og:image:height\" content=\"500\" \/>\n\t<meta property=\"og:image:type\" content=\"image\/png\" \/>\n<meta name=\"twitter:card\" content=\"summary_large_image\" \/>\n<meta name=\"twitter:label1\" content=\"Tempo di lettura stimato\" \/>\n\t<meta name=\"twitter:data1\" content=\"2 minuti\" \/>\n<script type=\"application\/ld+json\" class=\"yoast-schema-graph\">{\"@context\":\"https:\\\/\\\/schema.org\",\"@graph\":[{\"@type\":\"WebPage\",\"@id\":\"https:\\\/\\\/www.accuratereviews.com\\\/it\\\/analisi-marketing\\\/6sense-recensione\\\/\",\"url\":\"https:\\\/\\\/www.accuratereviews.com\\\/it\\\/analisi-marketing\\\/6sense-recensione\\\/\",\"name\":\"6sense: recensione software analisi marketing - Accurate Reviews\",\"isPartOf\":{\"@id\":\"https:\\\/\\\/www.accuratereviews.com\\\/it\\\/#website\"},\"primaryImageOfPage\":{\"@id\":\"https:\\\/\\\/www.accuratereviews.com\\\/it\\\/analisi-marketing\\\/6sense-recensione\\\/#primaryimage\"},\"image\":{\"@id\":\"https:\\\/\\\/www.accuratereviews.com\\\/it\\\/analisi-marketing\\\/6sense-recensione\\\/#primaryimage\"},\"thumbnailUrl\":\"https:\\\/\\\/www.accuratereviews.com\\\/wp-content\\\/uploads\\\/2019\\\/12\\\/6sense.png\",\"datePublished\":\"2019-12-05T13:10:22+00:00\",\"dateModified\":\"2021-05-07T13:35:31+00:00\",\"description\":\"6sense: recensione software valutazione dei lead che raccoglie i dati sui potenziali acquirenti, analizza le loro esigenze e ipotizza il loro comportamento\",\"breadcrumb\":{\"@id\":\"https:\\\/\\\/www.accuratereviews.com\\\/it\\\/analisi-marketing\\\/6sense-recensione\\\/#breadcrumb\"},\"inLanguage\":\"it-IT\",\"potentialAction\":[{\"@type\":\"ReadAction\",\"target\":[\"https:\\\/\\\/www.accuratereviews.com\\\/it\\\/analisi-marketing\\\/6sense-recensione\\\/\"]}]},{\"@type\":\"ImageObject\",\"inLanguage\":\"it-IT\",\"@id\":\"https:\\\/\\\/www.accuratereviews.com\\\/it\\\/analisi-marketing\\\/6sense-recensione\\\/#primaryimage\",\"url\":\"https:\\\/\\\/www.accuratereviews.com\\\/wp-content\\\/uploads\\\/2019\\\/12\\\/6sense.png\",\"contentUrl\":\"https:\\\/\\\/www.accuratereviews.com\\\/wp-content\\\/uploads\\\/2019\\\/12\\\/6sense.png\",\"width\":900,\"height\":500},{\"@type\":\"BreadcrumbList\",\"@id\":\"https:\\\/\\\/www.accuratereviews.com\\\/it\\\/analisi-marketing\\\/6sense-recensione\\\/#breadcrumb\",\"itemListElement\":[{\"@type\":\"ListItem\",\"position\":1,\"name\":\"Home\",\"item\":\"https:\\\/\\\/www.accuratereviews.com\\\/it\\\/\"},{\"@type\":\"ListItem\",\"position\":2,\"name\":\"Analisi Marketing\",\"item\":\"https:\\\/\\\/www.accuratereviews.com\\\/it\\\/analisi-marketing\\\/\"},{\"@type\":\"ListItem\",\"position\":3,\"name\":\"6sense\"}]},{\"@type\":\"WebSite\",\"@id\":\"https:\\\/\\\/www.accuratereviews.com\\\/it\\\/#website\",\"url\":\"https:\\\/\\\/www.accuratereviews.com\\\/it\\\/\",\"name\":\"Accurate Reviews\",\"description\":\"\",\"potentialAction\":[{\"@type\":\"SearchAction\",\"target\":{\"@type\":\"EntryPoint\",\"urlTemplate\":\"https:\\\/\\\/www.accuratereviews.com\\\/it\\\/?s={search_term_string}\"},\"query-input\":{\"@type\":\"PropertyValueSpecification\",\"valueRequired\":true,\"valueName\":\"search_term_string\"}}],\"inLanguage\":\"it-IT\"}]}<\/script>\n<!-- \/ Yoast SEO plugin. -->","yoast_head_json":{"title":"6sense: recensione software analisi marketing - Accurate Reviews","description":"6sense: recensione software valutazione dei lead che raccoglie i dati sui potenziali acquirenti, analizza le loro esigenze e ipotizza il loro comportamento","robots":{"index":"index","follow":"follow","max-snippet":"max-snippet:-1","max-image-preview":"max-image-preview:large","max-video-preview":"max-video-preview:-1"},"canonical":"https:\/\/www.accuratereviews.com\/it\/analisi-marketing\/6sense-recensione\/","og_locale":"it_IT","og_type":"article","og_title":"6sense: recensione software analisi marketing - Accurate Reviews","og_description":"6sense: recensione software valutazione dei lead che raccoglie i dati sui potenziali acquirenti, analizza le loro esigenze e ipotizza il loro comportamento","og_url":"https:\/\/www.accuratereviews.com\/it\/analisi-marketing\/6sense-recensione\/","og_site_name":"Accurate Reviews","article_modified_time":"2021-05-07T13:35:31+00:00","og_image":[{"width":900,"height":500,"url":"https:\/\/www.accuratereviews.com\/wp-content\/uploads\/2019\/12\/6sense.png","type":"image\/png"}],"twitter_card":"summary_large_image","twitter_misc":{"Tempo di lettura stimato":"2 minuti"},"schema":{"@context":"https:\/\/schema.org","@graph":[{"@type":"WebPage","@id":"https:\/\/www.accuratereviews.com\/it\/analisi-marketing\/6sense-recensione\/","url":"https:\/\/www.accuratereviews.com\/it\/analisi-marketing\/6sense-recensione\/","name":"6sense: recensione software analisi marketing - Accurate Reviews","isPartOf":{"@id":"https:\/\/www.accuratereviews.com\/it\/#website"},"primaryImageOfPage":{"@id":"https:\/\/www.accuratereviews.com\/it\/analisi-marketing\/6sense-recensione\/#primaryimage"},"image":{"@id":"https:\/\/www.accuratereviews.com\/it\/analisi-marketing\/6sense-recensione\/#primaryimage"},"thumbnailUrl":"https:\/\/www.accuratereviews.com\/wp-content\/uploads\/2019\/12\/6sense.png","datePublished":"2019-12-05T13:10:22+00:00","dateModified":"2021-05-07T13:35:31+00:00","description":"6sense: recensione software valutazione dei lead che raccoglie i dati sui potenziali acquirenti, analizza le loro esigenze e ipotizza il loro comportamento","breadcrumb":{"@id":"https:\/\/www.accuratereviews.com\/it\/analisi-marketing\/6sense-recensione\/#breadcrumb"},"inLanguage":"it-IT","potentialAction":[{"@type":"ReadAction","target":["https:\/\/www.accuratereviews.com\/it\/analisi-marketing\/6sense-recensione\/"]}]},{"@type":"ImageObject","inLanguage":"it-IT","@id":"https:\/\/www.accuratereviews.com\/it\/analisi-marketing\/6sense-recensione\/#primaryimage","url":"https:\/\/www.accuratereviews.com\/wp-content\/uploads\/2019\/12\/6sense.png","contentUrl":"https:\/\/www.accuratereviews.com\/wp-content\/uploads\/2019\/12\/6sense.png","width":900,"height":500},{"@type":"BreadcrumbList","@id":"https:\/\/www.accuratereviews.com\/it\/analisi-marketing\/6sense-recensione\/#breadcrumb","itemListElement":[{"@type":"ListItem","position":1,"name":"Home","item":"https:\/\/www.accuratereviews.com\/it\/"},{"@type":"ListItem","position":2,"name":"Analisi Marketing","item":"https:\/\/www.accuratereviews.com\/it\/analisi-marketing\/"},{"@type":"ListItem","position":3,"name":"6sense"}]},{"@type":"WebSite","@id":"https:\/\/www.accuratereviews.com\/it\/#website","url":"https:\/\/www.accuratereviews.com\/it\/","name":"Accurate Reviews","description":"","potentialAction":[{"@type":"SearchAction","target":{"@type":"EntryPoint","urlTemplate":"https:\/\/www.accuratereviews.com\/it\/?s={search_term_string}"},"query-input":{"@type":"PropertyValueSpecification","valueRequired":true,"valueName":"search_term_string"}}],"inLanguage":"it-IT"}]}},"_links":{"self":[{"href":"https:\/\/www.accuratereviews.com\/it\/wp-json\/wp\/v2\/pages\/20923","targetHints":{"allow":["GET"]}}],"collection":[{"href":"https:\/\/www.accuratereviews.com\/it\/wp-json\/wp\/v2\/pages"}],"about":[{"href":"https:\/\/www.accuratereviews.com\/it\/wp-json\/wp\/v2\/types\/page"}],"author":[{"embeddable":true,"href":"https:\/\/www.accuratereviews.com\/it\/wp-json\/wp\/v2\/users\/19"}],"replies":[{"embeddable":true,"href":"https:\/\/www.accuratereviews.com\/it\/wp-json\/wp\/v2\/comments?post=20923"}],"version-history":[{"count":10,"href":"https:\/\/www.accuratereviews.com\/it\/wp-json\/wp\/v2\/pages\/20923\/revisions"}],"predecessor-version":[{"id":42164,"href":"https:\/\/www.accuratereviews.com\/it\/wp-json\/wp\/v2\/pages\/20923\/revisions\/42164"}],"up":[{"embeddable":true,"href":"https:\/\/www.accuratereviews.com\/it\/wp-json\/wp\/v2\/pages\/20408"}],"wp:featuredmedia":[{"embeddable":true,"href":"https:\/\/www.accuratereviews.com\/it\/wp-json\/wp\/v2\/media\/20925"}],"wp:attachment":[{"href":"https:\/\/www.accuratereviews.com\/it\/wp-json\/wp\/v2\/media?parent=20923"}],"wp:term":[{"taxonomy":"category","embeddable":true,"href":"https:\/\/www.accuratereviews.com\/it\/wp-json\/wp\/v2\/categories?post=20923"},{"taxonomy":"post_tag","embeddable":true,"href":"https:\/\/www.accuratereviews.com\/it\/wp-json\/wp\/v2\/tags?post=20923"},{"taxonomy":"features","embeddable":true,"href":"https:\/\/www.accuratereviews.com\/it\/wp-json\/wp\/v2\/features?post=20923"}],"curies":[{"name":"wp","href":"https:\/\/api.w.org\/{rel}","templated":true}]}}