{"id":20941,"date":"2019-12-06T16:40:10","date_gmt":"2019-12-06T16:40:10","guid":{"rendered":"https:\/\/www.accuratereviews.com\/?page_id=20941"},"modified":"2021-05-07T14:31:44","modified_gmt":"2021-05-07T14:31:44","slug":"tapclicks-recensione","status":"publish","type":"page","link":"https:\/\/www.accuratereviews.com\/it\/analisi-marketing\/tapclicks-recensione\/","title":{"rendered":"TapClicks"},"content":{"rendered":"<p><strong>TapClicks<\/strong> \u00e8 un <strong>programma di marketing<\/strong> che fornisce soluzioni basate su<strong> cloud<\/strong> per societ\u00e0 di marketing, branding e media. Piattaforma di marketing all-in-one con funzionalit\u00e0 di reporting, analisi e strumenti di gestione. Questa piattaforma integra oltre 150 applicazioni di terze parti per migliorare le sue prestazioni. Inoltre, la soluzione consente l&#8217;importazione \/ esportazione dei dati da \/ verso qualsiasi origine dati.\u00a0Con un&#8217;interfaccia altamente personalizzabile basata su cloud, <strong>TapClicks<\/strong> aiuta le aziende e le organizzazioni ad automatizzare i loro sforzi di marketing e quindi a monitorare le prestazioni delle loro campagne con l&#8217;aiuto di analisi dei dati e report.<\/p>\n<h2>TAPCLICKS &#8211; TUTORIAL<\/h2>\n<p>Guardiamo insieme questo tutorial per imparare a configurare questo<strong> programma di analisi marketing<\/strong>:<\/p>\n<div id=\"fluid-wrapper-counter-1\" class=\"g1-fluid-wrapper \" style=\"width:686px;\">\n<div style=\"padding-bottom:56.268221574344%;\"><iframe loading=\"lazy\" title=\"Welcome to TapClicks - Getting Started with 3 Easy Steps\" width=\"686\" height=\"386\" src=\"https:\/\/www.youtube.com\/embed\/F8y-ObhcQM0?feature=oembed&amp;wmode=transparent&amp;autohide=1&amp;autoplay=0&amp;disablekb=0&amp;fs=1&amp;loop=0&amp;enablejsapi=1&amp;rel=0&amp;controls=2&amp;showinfo=0&amp;wmode=transparent&amp;autohide=2&amp;autoplay=0&amp;disablekb=0&amp;fs=1&amp;loop=0&amp;enablejsapi=1&amp;rel=0&amp;controls=2&amp;showinfo=1\" frameborder=\"0\" allow=\"accelerometer; autoplay; encrypted-media; gyroscope; picture-in-picture\" allowfullscreen><\/iframe><\/div>\n<\/div>\n<h3>TAPCLICKS &#8211; CARATTERISTICHE<\/h3>\n<ul>\n<li><strong>Automatizza l&#8217;inserimento degli ordini<\/strong>: acquisisci gli ordini automaticamente da Opportunit\u00e0 CRM, prevenendo la comunicazione errata tra vendite e operazioni inserendo obiettivi e traguardi nel punto vendita e eliminando email soggette a errori.<\/li>\n<li><strong>Interfaccia e integrazione del sistema di fatturazione<\/strong>: integra con il tuo sistema di fatturazione o rendi TapOrders l&#8217;interfaccia del tuo sistema di fatturazione con una facile esportazione delle fatture che ti fa risparmiare tempo.<\/li>\n<li><strong>Costruisci il tuo catalogo prodotti per aumentare i ricavi<\/strong>: tramite gli elenchi di prodotti e i moduli configurabili totalmente flessibili di TapOrders, \u00e8 possibile creare un catalogo di prodotti che soddisfi al meglio le esigenze della propria azienda, inclusi pacchetti ad alto margine, opzioni di facile vendita e altri modi che riflettono il modo in cui il proprio team ama fare affari.<\/li>\n<li><strong>Esplorazione e report rapidi<\/strong>: dalla stessa interfaccia, esegui il drill-up e il report rapido di ordini, elementi pubblicitari, attivit\u00e0, cronologia, prenotazione di slot e altro.<\/li>\n<li><strong>Notifica e avvisi del flusso di lavoro<\/strong>: assicurati che la persona che svolge il lavoro sia a conoscenza di eventuali modifiche o aggiornamenti in tempo reale con notifiche email e avvisi in app, prevenendo errori e tempi persi durante le ripetizioni.<\/li>\n<li><strong>Flussi di lavoro per la configurazione e l&#8217;approvazione degli ordini<\/strong>: acquisisci gli ordini automaticamente da Opportunit\u00e0 CRM, prevenendo la comunicazione errata tra vendite e operazioni inserendo obiettivi e traguardi nel punto vendita e eliminando email soggette a errori.<\/li>\n<li><strong>Tempo di registrazione<\/strong>: che si tratti di benchmarking interno o di report ai clienti per ore fatturabili, rendiamo pi\u00f9 semplice registrare il tempo mentre lavori sulle attivit\u00e0 nella piattaforma.<\/li>\n<li><strong>Diventa un consulente strategico<\/strong>: applica le tue osservazioni a un intervallo di date in cui vedi un picco, un&#8217;anomalia o una tendenza generale degna di nota. Porta rapidamente tutta la tua squadra sulla stessa pagina per evitare ripetuti errori e raddoppiare le strategie vincenti.<\/li>\n<li><strong>Lavora in modo intelligente<\/strong>: invia notifiche ai clienti su grandi traguardi e dai a te stesso o ai membri del tuo team un segnale di avvertimento tempestivo per correggere la rotta.<\/li>\n<\/ul>\n<h4>LE RECENSIONI DEGLI UTENTI<\/h4>\n<h4>Kiri T. &#8220;Personalizzazione senza rivali nella gestione degli ordini e nei rapporti&#8221;<\/h4>\n<p><strong>Commenti<\/strong>: TapClicks offre un enorme vantaggio sia a noi come azienda sia ai nostri clienti. \u00c8 una dashboard in cui tutti possono accedere e dirti tutto ci\u00f2 che devi sapere su una campagna, dal suo stato, i dettagli dell&#8217;ordine e i file creativi ai dati e ai rapporti effettivi della campagna. Questo strumento a ciclo completo ci ha resi molto pi\u00f9 efficienti come azienda.<\/p>\n<p><strong>Vantaggi<\/strong>: la possibilit\u00e0 di personalizzare qualsiasi cosa, dai report per noi e per i nostri clienti, nonch\u00e9 nella gestione degli ordini. Tutto \u00e8 messo a punto sul nostro modello di business e ci vengono forniti gli strumenti per apportare le modifiche di cui abbiamo bisogno in tempo reale.<\/p>\n<p><strong>Inconvenienti<\/strong>: come per le piattaforme che ospitano molti dati, ci possono essere problemi con l&#8217;importazione dei dati, che possono causare dati imprecisi nella nostra dashboard. TapClicks funziona il pi\u00f9 rapidamente possibile per risolvere eventuali problemi relativi ai dati, ma a volte l&#8217;inversione di tendenza non \u00e8 abbastanza rapida per la nostra attivit\u00e0 in rapido movimento.<\/p>\n<p><strong>Bianca C. &#8220;Fornisce una soluzione necessaria, ma mi sarei aspettato ulteriori miglioramenti ormai&#8221;<\/strong><\/p>\n<p><strong>Commenti<\/strong>: Usiamo TapClicks da oltre 2 anni. Anche se ha risolto in qualche modo un grosso problema per noi, spero che in questo periodo siano stati fatti ulteriori progressi.<\/p>\n<p><strong>Vantaggi<\/strong>: fornisce un modo conciso per mostrare i dati tra pi\u00f9 fonti. I rapporti programmati sono stati un&#8217;aggiunta importante alla nostra storia di dati. I report sui dati sono abbastanza semplici da comprendere per i clienti.<\/p>\n<p><strong>Inconvenienti<\/strong>: penso che questa piattaforma sia insufficiente in alcune aree. Ad esempio, i plug-in dei social media includono pochissimi dati. I dati per Instagram mostrano solo la crescita dei follower, invece di raggiungere \/ coinvolgere tutti i post. Collegare le fonti di dati \u00e8 piuttosto complicato e spesso tira in modo impreciso. Anche la personalizzazione dei report per i singoli clienti \u00e8 una seccatura e la maggior parte delle modifiche devono essere apportate su tutti gli account: questa \u00e8 una grave rovina per qualsiasi azienda con molti clienti.<\/p>\n<p><strong>Erica G. &#8220;Nel complesso, la mia esperienza con Tapclicks \u00e8 stata eccellente.&#8221;<\/strong><\/p>\n<p><strong>Commenti<\/strong>: rapporti semplificati che ci danno la possibilit\u00e0 di fornire quanti pi\u00f9 o meno dati desideriamo per ciascuno dei nostri clienti da una variet\u00e0 di portali.<\/p>\n<p><strong>Vantaggi<\/strong>: I nostri clienti lo adorano. Ci consente di fornire i report di cui hanno bisogno, adattati alle loro esigenze specifiche. C&#8217;\u00e8 una grande flessibilit\u00e0 in ci\u00f2 che pu\u00f2 essere fornito.\u00a0Il nostro rappresentante \u00e8 fantastico, sono estremamente reattivi e sempre felici di saltare su una chiamata con ogni domanda che abbiamo e parlare direttamente ai nostri clienti, se necessario.\u00a0I widget sono facili da creare e rivedere.\u00a0Personalmente trovo il software estremamente facile da usare, anche se sembra che ci sia una curva di apprendimento molto ampia con la maggior parte del mio team.<\/p>\n<p><strong>Inconvenienti<\/strong>: le integrazioni hanno richiesto occasionalmente pi\u00f9 tempo di quanto vorremmo. Esistono soluzioni temporanee, ma l&#8217;integrazione S2S effettiva ha richiesto del tempo. Con l&#8217;ultima integrazione, non conteneva tutto ci\u00f2 di cui avevamo bisogno e delineato nelle specifiche.<\/p>\n","protected":false},"excerpt":{"rendered":"<p>TapClicks \u00e8 un programma di marketing che fornisce soluzioni basate su cloud per societ\u00e0 di marketing, branding e media. Piattaforma di marketing all-in-one con funzionalit\u00e0 di reporting, analisi e strumenti di gestione. Questa piattaforma integra oltre 150 applicazioni di terze parti per migliorare le sue prestazioni.<\/p>\n","protected":false},"author":19,"featured_media":20942,"parent":20408,"menu_order":0,"comment_status":"open","ping_status":"closed","template":"g1_template_page_review_new.php","meta":{"_acf_changed":false,"cwp_meta_box_check":"Yes","cwp_rev_product_name":"","cwp_rev_product_image":"","wppr_links":[],"cwp_rev_price":"","wppr_options":[],"wppr_pros":[],"wppr_cons":[],"_monsterinsights_skip_tracking":false,"_monsterinsights_sitenote_active":false,"_monsterinsights_sitenote_note":"","_monsterinsights_sitenote_category":0,"footnotes":""},"categories":[1490],"tags":[1495,1496,1498,1499,1553],"features":[],"class_list":{"0":"post-20941","1":"page","2":"type-page","3":"status-publish","4":"has-post-thumbnail","6":"category-analisi-marketing","7":"tag-marketing-analytics-software","8":"tag-programma-analisi-marketing","9":"tag-software-analisi-marketing","10":"tag-soluzione-analisi-marketing","11":"tag-tapclicks"},"wppr_data":{"cwp_meta_box_check":"Yes","cwp_rev_product_name":"","cwp_rev_product_image":"","cwp_image_link":"image","cwp_rev_price":"","wppr_rating":"0.00"},"acf":[],"yoast_head":"<!-- This site is optimized with the Yoast SEO plugin v27.4 - https:\/\/yoast.com\/product\/yoast-seo-wordpress\/ -->\n<title>TapClicks: recensione software analisi marketing- Accurate Reviews<\/title>\n<meta name=\"description\" content=\"TapClicks: recensione programma di marketing che fornisce soluzioni basate su cloud per societ\u00e0 di marketing, branding e media.\" \/>\n<meta name=\"robots\" content=\"index, follow, max-snippet:-1, max-image-preview:large, max-video-preview:-1\" \/>\n<link rel=\"canonical\" href=\"https:\/\/www.accuratereviews.com\/it\/analisi-marketing\/tapclicks-recensione\/\" \/>\n<meta property=\"og:locale\" content=\"it_IT\" \/>\n<meta property=\"og:type\" content=\"article\" \/>\n<meta property=\"og:title\" content=\"TapClicks: recensione software analisi marketing- Accurate Reviews\" \/>\n<meta property=\"og:description\" content=\"TapClicks: recensione programma di marketing che fornisce soluzioni basate su cloud per societ\u00e0 di marketing, branding e media.\" \/>\n<meta property=\"og:url\" content=\"https:\/\/www.accuratereviews.com\/it\/analisi-marketing\/tapclicks-recensione\/\" \/>\n<meta property=\"og:site_name\" content=\"Accurate Reviews\" \/>\n<meta property=\"article:modified_time\" content=\"2021-05-07T14:31:44+00:00\" \/>\n<meta property=\"og:image\" content=\"https:\/\/www.accuratereviews.com\/wp-content\/uploads\/2019\/12\/Tapclicks-logo.png\" \/>\n\t<meta property=\"og:image:width\" content=\"815\" \/>\n\t<meta property=\"og:image:height\" content=\"302\" \/>\n\t<meta property=\"og:image:type\" content=\"image\/png\" \/>\n<meta name=\"twitter:card\" content=\"summary_large_image\" \/>\n<meta name=\"twitter:label1\" content=\"Tempo di lettura stimato\" \/>\n\t<meta name=\"twitter:data1\" content=\"5 minuti\" \/>\n<script type=\"application\/ld+json\" class=\"yoast-schema-graph\">{\"@context\":\"https:\\\/\\\/schema.org\",\"@graph\":[{\"@type\":\"WebPage\",\"@id\":\"https:\\\/\\\/www.accuratereviews.com\\\/it\\\/analisi-marketing\\\/tapclicks-recensione\\\/\",\"url\":\"https:\\\/\\\/www.accuratereviews.com\\\/it\\\/analisi-marketing\\\/tapclicks-recensione\\\/\",\"name\":\"TapClicks: recensione software analisi marketing- Accurate Reviews\",\"isPartOf\":{\"@id\":\"https:\\\/\\\/www.accuratereviews.com\\\/it\\\/#website\"},\"primaryImageOfPage\":{\"@id\":\"https:\\\/\\\/www.accuratereviews.com\\\/it\\\/analisi-marketing\\\/tapclicks-recensione\\\/#primaryimage\"},\"image\":{\"@id\":\"https:\\\/\\\/www.accuratereviews.com\\\/it\\\/analisi-marketing\\\/tapclicks-recensione\\\/#primaryimage\"},\"thumbnailUrl\":\"https:\\\/\\\/www.accuratereviews.com\\\/wp-content\\\/uploads\\\/2019\\\/12\\\/Tapclicks-logo.png\",\"datePublished\":\"2019-12-06T16:40:10+00:00\",\"dateModified\":\"2021-05-07T14:31:44+00:00\",\"description\":\"TapClicks: recensione programma di marketing che fornisce soluzioni basate su cloud per societ\u00e0 di marketing, branding e media.\",\"breadcrumb\":{\"@id\":\"https:\\\/\\\/www.accuratereviews.com\\\/it\\\/analisi-marketing\\\/tapclicks-recensione\\\/#breadcrumb\"},\"inLanguage\":\"it-IT\",\"potentialAction\":[{\"@type\":\"ReadAction\",\"target\":[\"https:\\\/\\\/www.accuratereviews.com\\\/it\\\/analisi-marketing\\\/tapclicks-recensione\\\/\"]}]},{\"@type\":\"ImageObject\",\"inLanguage\":\"it-IT\",\"@id\":\"https:\\\/\\\/www.accuratereviews.com\\\/it\\\/analisi-marketing\\\/tapclicks-recensione\\\/#primaryimage\",\"url\":\"https:\\\/\\\/www.accuratereviews.com\\\/wp-content\\\/uploads\\\/2019\\\/12\\\/Tapclicks-logo.png\",\"contentUrl\":\"https:\\\/\\\/www.accuratereviews.com\\\/wp-content\\\/uploads\\\/2019\\\/12\\\/Tapclicks-logo.png\",\"width\":815,\"height\":302},{\"@type\":\"BreadcrumbList\",\"@id\":\"https:\\\/\\\/www.accuratereviews.com\\\/it\\\/analisi-marketing\\\/tapclicks-recensione\\\/#breadcrumb\",\"itemListElement\":[{\"@type\":\"ListItem\",\"position\":1,\"name\":\"Home\",\"item\":\"https:\\\/\\\/www.accuratereviews.com\\\/it\\\/\"},{\"@type\":\"ListItem\",\"position\":2,\"name\":\"Analisi Marketing\",\"item\":\"https:\\\/\\\/www.accuratereviews.com\\\/it\\\/analisi-marketing\\\/\"},{\"@type\":\"ListItem\",\"position\":3,\"name\":\"TapClicks\"}]},{\"@type\":\"WebSite\",\"@id\":\"https:\\\/\\\/www.accuratereviews.com\\\/it\\\/#website\",\"url\":\"https:\\\/\\\/www.accuratereviews.com\\\/it\\\/\",\"name\":\"Accurate Reviews\",\"description\":\"\",\"potentialAction\":[{\"@type\":\"SearchAction\",\"target\":{\"@type\":\"EntryPoint\",\"urlTemplate\":\"https:\\\/\\\/www.accuratereviews.com\\\/it\\\/?s={search_term_string}\"},\"query-input\":{\"@type\":\"PropertyValueSpecification\",\"valueRequired\":true,\"valueName\":\"search_term_string\"}}],\"inLanguage\":\"it-IT\"}]}<\/script>\n<!-- \/ Yoast SEO plugin. -->","yoast_head_json":{"title":"TapClicks: recensione software analisi marketing- Accurate Reviews","description":"TapClicks: recensione programma di marketing che fornisce soluzioni basate su cloud per societ\u00e0 di marketing, branding e media.","robots":{"index":"index","follow":"follow","max-snippet":"max-snippet:-1","max-image-preview":"max-image-preview:large","max-video-preview":"max-video-preview:-1"},"canonical":"https:\/\/www.accuratereviews.com\/it\/analisi-marketing\/tapclicks-recensione\/","og_locale":"it_IT","og_type":"article","og_title":"TapClicks: recensione software analisi marketing- Accurate Reviews","og_description":"TapClicks: recensione programma di marketing che fornisce soluzioni basate su cloud per societ\u00e0 di marketing, branding e media.","og_url":"https:\/\/www.accuratereviews.com\/it\/analisi-marketing\/tapclicks-recensione\/","og_site_name":"Accurate Reviews","article_modified_time":"2021-05-07T14:31:44+00:00","og_image":[{"width":815,"height":302,"url":"https:\/\/www.accuratereviews.com\/wp-content\/uploads\/2019\/12\/Tapclicks-logo.png","type":"image\/png"}],"twitter_card":"summary_large_image","twitter_misc":{"Tempo di lettura stimato":"5 minuti"},"schema":{"@context":"https:\/\/schema.org","@graph":[{"@type":"WebPage","@id":"https:\/\/www.accuratereviews.com\/it\/analisi-marketing\/tapclicks-recensione\/","url":"https:\/\/www.accuratereviews.com\/it\/analisi-marketing\/tapclicks-recensione\/","name":"TapClicks: recensione software analisi marketing- Accurate Reviews","isPartOf":{"@id":"https:\/\/www.accuratereviews.com\/it\/#website"},"primaryImageOfPage":{"@id":"https:\/\/www.accuratereviews.com\/it\/analisi-marketing\/tapclicks-recensione\/#primaryimage"},"image":{"@id":"https:\/\/www.accuratereviews.com\/it\/analisi-marketing\/tapclicks-recensione\/#primaryimage"},"thumbnailUrl":"https:\/\/www.accuratereviews.com\/wp-content\/uploads\/2019\/12\/Tapclicks-logo.png","datePublished":"2019-12-06T16:40:10+00:00","dateModified":"2021-05-07T14:31:44+00:00","description":"TapClicks: recensione programma di marketing che fornisce soluzioni basate su cloud per societ\u00e0 di marketing, branding e media.","breadcrumb":{"@id":"https:\/\/www.accuratereviews.com\/it\/analisi-marketing\/tapclicks-recensione\/#breadcrumb"},"inLanguage":"it-IT","potentialAction":[{"@type":"ReadAction","target":["https:\/\/www.accuratereviews.com\/it\/analisi-marketing\/tapclicks-recensione\/"]}]},{"@type":"ImageObject","inLanguage":"it-IT","@id":"https:\/\/www.accuratereviews.com\/it\/analisi-marketing\/tapclicks-recensione\/#primaryimage","url":"https:\/\/www.accuratereviews.com\/wp-content\/uploads\/2019\/12\/Tapclicks-logo.png","contentUrl":"https:\/\/www.accuratereviews.com\/wp-content\/uploads\/2019\/12\/Tapclicks-logo.png","width":815,"height":302},{"@type":"BreadcrumbList","@id":"https:\/\/www.accuratereviews.com\/it\/analisi-marketing\/tapclicks-recensione\/#breadcrumb","itemListElement":[{"@type":"ListItem","position":1,"name":"Home","item":"https:\/\/www.accuratereviews.com\/it\/"},{"@type":"ListItem","position":2,"name":"Analisi Marketing","item":"https:\/\/www.accuratereviews.com\/it\/analisi-marketing\/"},{"@type":"ListItem","position":3,"name":"TapClicks"}]},{"@type":"WebSite","@id":"https:\/\/www.accuratereviews.com\/it\/#website","url":"https:\/\/www.accuratereviews.com\/it\/","name":"Accurate Reviews","description":"","potentialAction":[{"@type":"SearchAction","target":{"@type":"EntryPoint","urlTemplate":"https:\/\/www.accuratereviews.com\/it\/?s={search_term_string}"},"query-input":{"@type":"PropertyValueSpecification","valueRequired":true,"valueName":"search_term_string"}}],"inLanguage":"it-IT"}]}},"_links":{"self":[{"href":"https:\/\/www.accuratereviews.com\/it\/wp-json\/wp\/v2\/pages\/20941","targetHints":{"allow":["GET"]}}],"collection":[{"href":"https:\/\/www.accuratereviews.com\/it\/wp-json\/wp\/v2\/pages"}],"about":[{"href":"https:\/\/www.accuratereviews.com\/it\/wp-json\/wp\/v2\/types\/page"}],"author":[{"embeddable":true,"href":"https:\/\/www.accuratereviews.com\/it\/wp-json\/wp\/v2\/users\/19"}],"replies":[{"embeddable":true,"href":"https:\/\/www.accuratereviews.com\/it\/wp-json\/wp\/v2\/comments?post=20941"}],"version-history":[{"count":5,"href":"https:\/\/www.accuratereviews.com\/it\/wp-json\/wp\/v2\/pages\/20941\/revisions"}],"predecessor-version":[{"id":42244,"href":"https:\/\/www.accuratereviews.com\/it\/wp-json\/wp\/v2\/pages\/20941\/revisions\/42244"}],"up":[{"embeddable":true,"href":"https:\/\/www.accuratereviews.com\/it\/wp-json\/wp\/v2\/pages\/20408"}],"wp:featuredmedia":[{"embeddable":true,"href":"https:\/\/www.accuratereviews.com\/it\/wp-json\/wp\/v2\/media\/20942"}],"wp:attachment":[{"href":"https:\/\/www.accuratereviews.com\/it\/wp-json\/wp\/v2\/media?parent=20941"}],"wp:term":[{"taxonomy":"category","embeddable":true,"href":"https:\/\/www.accuratereviews.com\/it\/wp-json\/wp\/v2\/categories?post=20941"},{"taxonomy":"post_tag","embeddable":true,"href":"https:\/\/www.accuratereviews.com\/it\/wp-json\/wp\/v2\/tags?post=20941"},{"taxonomy":"features","embeddable":true,"href":"https:\/\/www.accuratereviews.com\/it\/wp-json\/wp\/v2\/features?post=20941"}],"curies":[{"name":"wp","href":"https:\/\/api.w.org\/{rel}","templated":true}]}}