{"id":20949,"date":"2019-12-06T16:39:49","date_gmt":"2019-12-06T16:39:49","guid":{"rendered":"https:\/\/www.accuratereviews.com\/?page_id=20949"},"modified":"2019-12-06T16:39:49","modified_gmt":"2019-12-06T16:39:49","slug":"autopilot-recensione","status":"publish","type":"page","link":"https:\/\/www.accuratereviews.com\/it\/analisi-marketing\/autopilot-recensione\/","title":{"rendered":"Autopilot"},"content":{"rendered":"<p><strong>Autopilot<\/strong> \u00e8 un software di facile utilizzo per le esigenze di <strong>automazione del marketing<\/strong> multicanale della tua azienda. Soddisfa i tuoi clienti e converti pi\u00f9 contatti inviando messaggi, lettere o email alle persone giuste e al momento giusto.\u00a0Puoi collegare le tue app preferite per incrementare il percorso dei tuoi clienti, con l&#8217;uso di integrazioni integrate con Twilio, Segment, Salesforce e Lob.\u00a0Puoi convertire facilmente le vendite e prendere decisioni pi\u00f9 rapidamente monitorando l&#8217;attivit\u00e0 in tempo reale e visualizzando il budget della tua campagna pubblicitaria con report predefiniti.\u00a0Offre strumenti di automazione del marketing end-to-end che possono liberare l&#8217;IT dai team di vendita e marketing.<\/p>\n<h2>AUTOPILOT &#8211; TUTORIAL<\/h2>\n<p>Ecco un tutorial sulle principali funzioni di questo <strong>software di analisi marketing<\/strong>:<\/p>\n<div id=\"fluid-wrapper-counter-1\" class=\"g1-fluid-wrapper \" style=\"width:686px;\">\n<div style=\"padding-bottom:56.268221574344%;\"><iframe loading=\"lazy\" title=\"Autopilot Training 101\" width=\"515\" height=\"386\" src=\"https:\/\/www.youtube.com\/embed\/FClyuOOrtF4?feature=oembed&amp;wmode=transparent&amp;autohide=1&amp;autoplay=0&amp;disablekb=0&amp;fs=1&amp;loop=0&amp;enablejsapi=1&amp;rel=0&amp;controls=2&amp;showinfo=0&amp;wmode=transparent&amp;autohide=2&amp;autoplay=0&amp;disablekb=0&amp;fs=1&amp;loop=0&amp;enablejsapi=1&amp;rel=0&amp;controls=2&amp;showinfo=1\" frameborder=\"0\" allow=\"accelerometer; autoplay; encrypted-media; gyroscope; picture-in-picture\" allowfullscreen><\/iframe><\/div>\n<\/div>\n<h3>AUTOPILOT &#8211; CARATTERISTICHE<\/h3>\n<ul>\n<li>Organizza tutte le informazioni che raccogli su lead e clienti in un unico posto.<\/li>\n<li>Segmenta i tuoi clienti in base ad attivit\u00e0 e dati demografici per inviare messaggi altamente personalizzati.<\/li>\n<li>Sincronizza le informazioni dal tuo CRM<\/li>\n<li>Integra e sincronizza lead, contatti e account di CRM popolari come Salesforce e Pipedrive.<\/li>\n<li>Cattura nuovi contatti dal tuo sito web<\/li>\n<li>Comprendi meglio i tuoi clienti con il monitoraggio del comportamento degli utenti. Guarda quando qualcuno visita una pagina, fa clic su un&#8217;email o compila un modulo.<\/li>\n<li>Progettato per aiutarti a risolvere i problemi con una semplice interfaccia drag and \u00a0drop.<\/li>\n<li>Inizia rapidamente e utilizza la directory di modelli per trovare le idee.<\/li>\n<li>Disegna i tuoi pensieri e annota aggiungendo immagini, adesivi ed emoji.<\/li>\n<li>Invita i membri del team a collaborare in tempo reale. Aggiungi forme, annota e guarda come si evolvono i lavori.<\/li>\n<li>Ogni email che crei viene automaticamente ottimizzata per essere perfetta su ogni dispositivo.<\/li>\n<li>Inizia da uno dei modelli a disposizione. Crea e gestisci modelli con marchio.<\/li>\n<li>Guarda quali utenti hanno convertito e il tempo medio di conversione.<\/li>\n<\/ul>\n<h4>LE RECENSIONI DEGLI UTENTI<\/h4>\n<h4>Ben B. &#8220;Un ottimo modo per gestire le campagne email.&#8221;<\/h4>\n<p><strong>Commenti<\/strong>: Autopilot \u00e8 la nostra piattaforma di gestione email campagin. \u00c8 davvero molto valido.<\/p>\n<p><strong>Vantaggi<\/strong>: due caratteristiche distinguono e dimostrano l&#8217;utilit\u00e0 del programma: l&#8217;interfaccia utente e le analisi. L&#8217;interfaccia grafica per la creazione di viaggi email \u00e8 molto intuitiva e semplicissima da usare. Tuttavia, \u00e8 anche super potente. Abbiamo inserito Salesforce, diversi database e il nostro sistema di assistenza clienti e abbiamo utilizzato le forme divertenti nella pagina Viaggi. \u00c8 semplice come trascinare gli oggetti nell&#8217;area di gestione temporanea e collegarli. In pochi minuti, puoi avere pronta una campagna di posta elettronica incentrata sull&#8217;analisi, il tutto senza un po &#8216;di codice. E una volta iniziato il viaggio e inviato l&#8217;email, i dati in tempo reale che ricevi dai tuoi obiettivi sono estremamente precisi. Riceviamo aggiornamenti al secondo per eventi piccoli come lo scorrimento verticale e il passaggio del mouse su hotlink. \u00c8 davvero impressionante.<\/p>\n<p><strong>Inconvenienti<\/strong>: Autopilot si sente molto pesante nel browser. Non riesco davvero a spiegare perch\u00e9 sia \u200b\u200blento come a volte. Il caricamento delle pagine pu\u00f2 richiedere fino a 30 secondi e si trova su workstation desktop di fascia alta. So che esiste un back-end molto complesso per il programma, ma a volte le prestazioni lente sono ingiustificabili. Potrebbe essere solo che gestiamo dozzine di viaggi e centinaia di migliaia di voci contemporaneamente, ma il autopilota pu\u00f2 essere piuttosto lento. Inoltre, a volte la funzione di riempimento automatico nel software \u00e8 irregolare. Questo \u00e8 un piccolo reclamo, ma lo noterai se usi molto il autopilota.<\/p>\n<h4>Aaron F. &#8220;Migliorare il miglioramento&#8221;<\/h4>\n<p><strong>Commenti<\/strong>: Il costo per l&#8217;utente aggiuntivo di un&#8217;app mobile \u00e8 un po&#8217; fastidioso, ma quando eseguiamo i numeri, \u00e8 comunque un buon investimento avere la maggior parte dei nostri dipendenti sull&#8217;app.<\/p>\n<p><strong>Vantaggi<\/strong>: adoro il fatto che tiene traccia di tutta la mia attivit\u00e0, dalla generazione di lead (che mi aiuta a compilare percorsi basati su una mappa) alla creazione del contratto (con servizi ricorrenti e pacchetti pre-programmati) fino alla gestione del team (con upload di foto e clock \/ timeout dei lavori e contattare i clienti) alla fatturazione (che pu\u00f2 essere automatica) alla ricezione del pagamento (anche con carta di credito sull&#8217;app mobile!). Tenere registri su carta e cercare di eseguire programmi per servizi settimanali, bisettimanali e tri-settimanali sarebbe un incubo! Questo \u00e8 davvero un software AutoPilot. \u00c8 una soluzione completa che tiene traccia di tutto ci\u00f2 che gli consente di essere la soluzione definitiva per i rapporti. Sono in grado di esaminare i rapporti di chiusura delle vendite, i ricavi per fonte di lead, i tempi di completamento del lavoro rispetto alle ore previste, le fatture scadute e molto altro ancora! Ho lavorato con il sistema dal tecnico di manutenzione della propriet\u00e0 al rappresentante di vendita al direttore generale e non sono rimasto deluso.<\/p>\n<p><strong>Inconvenienti<\/strong>: la loro parte di gestione patrimoniale \u00e8 nelle sue fasi iniziali e al momento non \u00e8 incredibilmente utile, ma continuano a basarsi sul loro sistema e sospetto che presto avranno un robusto sistema di gestione delle attrezzature e dei veicoli.<\/p>\n<h4>Jamie M. &#8220;Marketing Automation on Steroids&#8221;<\/h4>\n<p><strong>Vantaggi<\/strong>: Autopilot \u00e8 uno strumento da sogno per gli esperti di marketing. Puoi creare un &#8216;viaggio&#8217; per quasi tutte le attivit\u00e0, dall&#8217;invio di una newsletter via email alla creazione di un percorso educativo avanzato basato su segmentazione, regole, proprietari di lead, campi predefiniti e personalizzati, azioni sul sito Web e molto altro ancora. Se utilizzi strumenti come Salesforce e Segmento, puoi ottenere ancora di pi\u00f9 dallo strumento con meno lavoro, ma personalmente non uso nessuno dei due e ho ancora un ROI enorme sul prodotto. Hanno anche appena aggiornato lo strumento di creazione email che \u00e8 stato un aggiornamento molto gradito.<\/p>\n<p><strong>Inconvenienti<\/strong>: Sarebbe fantastico se lo strumento funzionasse con altri CRM oltre a Salesforce. Alcune delle azioni e dei trigger, in particolare quando si tratta di trigger API, sono piuttosto limitati, quindi alcuni miglioramenti con ci\u00f2 sarebbero grandi. Il prezzo pu\u00f2 diventare piuttosto elevato con un gran numero di contatti e il piano aziendale selezionato (test A \/ B, trigger API e altro). Vorrei anche vedere una funzione di gestione dell&#8217;abbonamento per l&#8217;utente finale aggiunta in modo da potermi allontanare completamente da altri strumenti di posta elettronica (ad esempio MailChimp) pur essendo conforme a simili GDPR.<\/p>\n","protected":false},"excerpt":{"rendered":"<p>Autopilot \u00e8 un software di facile utilizzo per le esigenze di automazione del marketing multicanale della tua azienda. Soddisfa i tuoi clienti e converti pi\u00f9 contatti inviando messaggi, lettere o email alle persone giuste e al momento giusto.\u00a0Puoi collegare le tue app preferite per incrementare il percorso dei tuoi clienti, con l&#8217;uso di integrazioni integrate con Twilio, Segment, Salesforce e Lob.\u00a0<\/p>\n","protected":false},"author":19,"featured_media":20950,"parent":20408,"menu_order":0,"comment_status":"open","ping_status":"closed","template":"g1_template_page_review_new.php","meta":{"_acf_changed":false,"cwp_meta_box_check":"Yes","cwp_rev_product_name":"","cwp_rev_product_image":"","wppr_links":[],"cwp_rev_price":"","wppr_options":[],"wppr_pros":[],"wppr_cons":[],"_monsterinsights_skip_tracking":false,"_monsterinsights_sitenote_active":false,"_monsterinsights_sitenote_note":"","_monsterinsights_sitenote_category":0,"footnotes":""},"categories":[1490],"tags":[1508,1512,1554,1495,1496,1499],"features":[],"class_list":{"0":"post-20949","1":"page","2":"type-page","3":"status-publish","4":"has-post-thumbnail","6":"category-analisi-marketing","7":"tag-analisi-di-mercato","8":"tag-analisi-marketing","9":"tag-autopilot","10":"tag-marketing-analytics-software","11":"tag-programma-analisi-marketing","12":"tag-soluzione-analisi-marketing"},"wppr_data":{"cwp_meta_box_check":"Yes","cwp_rev_product_name":"","cwp_rev_product_image":"","cwp_image_link":"image","cwp_rev_price":"","wppr_rating":"0.00"},"acf":[],"yoast_head":"<!-- This site is optimized with the Yoast SEO plugin v27.4 - https:\/\/yoast.com\/product\/yoast-seo-wordpress\/ -->\n<title>Autopilot: recensdione software analisi marketing - Accurate Reviews<\/title>\n<meta name=\"description\" content=\"Autopilot: recensione software di facile utilizzo per le esigenze di automazione del marketing multicanale della tua azienda.\" \/>\n<meta name=\"robots\" content=\"index, follow, max-snippet:-1, max-image-preview:large, max-video-preview:-1\" \/>\n<link rel=\"canonical\" href=\"https:\/\/www.accuratereviews.com\/it\/analisi-marketing\/autopilot-recensione\/\" \/>\n<meta property=\"og:locale\" content=\"it_IT\" \/>\n<meta property=\"og:type\" content=\"article\" \/>\n<meta property=\"og:title\" content=\"Autopilot: recensdione software analisi marketing - Accurate Reviews\" \/>\n<meta property=\"og:description\" content=\"Autopilot: recensione software di facile utilizzo per le esigenze di automazione del marketing multicanale della tua azienda.\" \/>\n<meta property=\"og:url\" content=\"https:\/\/www.accuratereviews.com\/it\/analisi-marketing\/autopilot-recensione\/\" \/>\n<meta property=\"og:site_name\" content=\"Accurate Reviews\" \/>\n<meta property=\"og:image\" content=\"https:\/\/www.accuratereviews.com\/wp-content\/uploads\/2019\/12\/autopilot.png\" \/>\n\t<meta property=\"og:image:width\" content=\"800\" \/>\n\t<meta property=\"og:image:height\" content=\"400\" \/>\n\t<meta property=\"og:image:type\" content=\"image\/png\" \/>\n<meta name=\"twitter:card\" content=\"summary_large_image\" \/>\n<meta name=\"twitter:label1\" content=\"Tempo di lettura stimato\" \/>\n\t<meta name=\"twitter:data1\" content=\"5 minuti\" \/>\n<script type=\"application\/ld+json\" class=\"yoast-schema-graph\">{\"@context\":\"https:\\\/\\\/schema.org\",\"@graph\":[{\"@type\":\"WebPage\",\"@id\":\"https:\\\/\\\/www.accuratereviews.com\\\/it\\\/analisi-marketing\\\/autopilot-recensione\\\/\",\"url\":\"https:\\\/\\\/www.accuratereviews.com\\\/it\\\/analisi-marketing\\\/autopilot-recensione\\\/\",\"name\":\"Autopilot: recensdione software analisi marketing - Accurate Reviews\",\"isPartOf\":{\"@id\":\"https:\\\/\\\/www.accuratereviews.com\\\/it\\\/#website\"},\"primaryImageOfPage\":{\"@id\":\"https:\\\/\\\/www.accuratereviews.com\\\/it\\\/analisi-marketing\\\/autopilot-recensione\\\/#primaryimage\"},\"image\":{\"@id\":\"https:\\\/\\\/www.accuratereviews.com\\\/it\\\/analisi-marketing\\\/autopilot-recensione\\\/#primaryimage\"},\"thumbnailUrl\":\"https:\\\/\\\/www.accuratereviews.com\\\/wp-content\\\/uploads\\\/2019\\\/12\\\/autopilot.png\",\"datePublished\":\"2019-12-06T16:39:49+00:00\",\"description\":\"Autopilot: recensione software di facile utilizzo per le esigenze di automazione del marketing multicanale della tua azienda.\",\"breadcrumb\":{\"@id\":\"https:\\\/\\\/www.accuratereviews.com\\\/it\\\/analisi-marketing\\\/autopilot-recensione\\\/#breadcrumb\"},\"inLanguage\":\"it-IT\",\"potentialAction\":[{\"@type\":\"ReadAction\",\"target\":[\"https:\\\/\\\/www.accuratereviews.com\\\/it\\\/analisi-marketing\\\/autopilot-recensione\\\/\"]}]},{\"@type\":\"ImageObject\",\"inLanguage\":\"it-IT\",\"@id\":\"https:\\\/\\\/www.accuratereviews.com\\\/it\\\/analisi-marketing\\\/autopilot-recensione\\\/#primaryimage\",\"url\":\"https:\\\/\\\/www.accuratereviews.com\\\/wp-content\\\/uploads\\\/2019\\\/12\\\/autopilot.png\",\"contentUrl\":\"https:\\\/\\\/www.accuratereviews.com\\\/wp-content\\\/uploads\\\/2019\\\/12\\\/autopilot.png\",\"width\":800,\"height\":400},{\"@type\":\"BreadcrumbList\",\"@id\":\"https:\\\/\\\/www.accuratereviews.com\\\/it\\\/analisi-marketing\\\/autopilot-recensione\\\/#breadcrumb\",\"itemListElement\":[{\"@type\":\"ListItem\",\"position\":1,\"name\":\"Home\",\"item\":\"https:\\\/\\\/www.accuratereviews.com\\\/it\\\/\"},{\"@type\":\"ListItem\",\"position\":2,\"name\":\"Analisi Marketing\",\"item\":\"https:\\\/\\\/www.accuratereviews.com\\\/it\\\/analisi-marketing\\\/\"},{\"@type\":\"ListItem\",\"position\":3,\"name\":\"Autopilot\"}]},{\"@type\":\"WebSite\",\"@id\":\"https:\\\/\\\/www.accuratereviews.com\\\/it\\\/#website\",\"url\":\"https:\\\/\\\/www.accuratereviews.com\\\/it\\\/\",\"name\":\"Accurate Reviews\",\"description\":\"\",\"potentialAction\":[{\"@type\":\"SearchAction\",\"target\":{\"@type\":\"EntryPoint\",\"urlTemplate\":\"https:\\\/\\\/www.accuratereviews.com\\\/it\\\/?s={search_term_string}\"},\"query-input\":{\"@type\":\"PropertyValueSpecification\",\"valueRequired\":true,\"valueName\":\"search_term_string\"}}],\"inLanguage\":\"it-IT\"}]}<\/script>\n<!-- \/ Yoast SEO plugin. -->","yoast_head_json":{"title":"Autopilot: recensdione software analisi marketing - Accurate Reviews","description":"Autopilot: recensione software di facile utilizzo per le esigenze di automazione del marketing multicanale della tua azienda.","robots":{"index":"index","follow":"follow","max-snippet":"max-snippet:-1","max-image-preview":"max-image-preview:large","max-video-preview":"max-video-preview:-1"},"canonical":"https:\/\/www.accuratereviews.com\/it\/analisi-marketing\/autopilot-recensione\/","og_locale":"it_IT","og_type":"article","og_title":"Autopilot: recensdione software analisi marketing - Accurate Reviews","og_description":"Autopilot: recensione software di facile utilizzo per le esigenze di automazione del marketing multicanale della tua azienda.","og_url":"https:\/\/www.accuratereviews.com\/it\/analisi-marketing\/autopilot-recensione\/","og_site_name":"Accurate Reviews","og_image":[{"width":800,"height":400,"url":"https:\/\/www.accuratereviews.com\/wp-content\/uploads\/2019\/12\/autopilot.png","type":"image\/png"}],"twitter_card":"summary_large_image","twitter_misc":{"Tempo di lettura stimato":"5 minuti"},"schema":{"@context":"https:\/\/schema.org","@graph":[{"@type":"WebPage","@id":"https:\/\/www.accuratereviews.com\/it\/analisi-marketing\/autopilot-recensione\/","url":"https:\/\/www.accuratereviews.com\/it\/analisi-marketing\/autopilot-recensione\/","name":"Autopilot: recensdione software analisi marketing - Accurate Reviews","isPartOf":{"@id":"https:\/\/www.accuratereviews.com\/it\/#website"},"primaryImageOfPage":{"@id":"https:\/\/www.accuratereviews.com\/it\/analisi-marketing\/autopilot-recensione\/#primaryimage"},"image":{"@id":"https:\/\/www.accuratereviews.com\/it\/analisi-marketing\/autopilot-recensione\/#primaryimage"},"thumbnailUrl":"https:\/\/www.accuratereviews.com\/wp-content\/uploads\/2019\/12\/autopilot.png","datePublished":"2019-12-06T16:39:49+00:00","description":"Autopilot: recensione software di facile utilizzo per le esigenze di automazione del marketing multicanale della tua azienda.","breadcrumb":{"@id":"https:\/\/www.accuratereviews.com\/it\/analisi-marketing\/autopilot-recensione\/#breadcrumb"},"inLanguage":"it-IT","potentialAction":[{"@type":"ReadAction","target":["https:\/\/www.accuratereviews.com\/it\/analisi-marketing\/autopilot-recensione\/"]}]},{"@type":"ImageObject","inLanguage":"it-IT","@id":"https:\/\/www.accuratereviews.com\/it\/analisi-marketing\/autopilot-recensione\/#primaryimage","url":"https:\/\/www.accuratereviews.com\/wp-content\/uploads\/2019\/12\/autopilot.png","contentUrl":"https:\/\/www.accuratereviews.com\/wp-content\/uploads\/2019\/12\/autopilot.png","width":800,"height":400},{"@type":"BreadcrumbList","@id":"https:\/\/www.accuratereviews.com\/it\/analisi-marketing\/autopilot-recensione\/#breadcrumb","itemListElement":[{"@type":"ListItem","position":1,"name":"Home","item":"https:\/\/www.accuratereviews.com\/it\/"},{"@type":"ListItem","position":2,"name":"Analisi Marketing","item":"https:\/\/www.accuratereviews.com\/it\/analisi-marketing\/"},{"@type":"ListItem","position":3,"name":"Autopilot"}]},{"@type":"WebSite","@id":"https:\/\/www.accuratereviews.com\/it\/#website","url":"https:\/\/www.accuratereviews.com\/it\/","name":"Accurate Reviews","description":"","potentialAction":[{"@type":"SearchAction","target":{"@type":"EntryPoint","urlTemplate":"https:\/\/www.accuratereviews.com\/it\/?s={search_term_string}"},"query-input":{"@type":"PropertyValueSpecification","valueRequired":true,"valueName":"search_term_string"}}],"inLanguage":"it-IT"}]}},"_links":{"self":[{"href":"https:\/\/www.accuratereviews.com\/it\/wp-json\/wp\/v2\/pages\/20949","targetHints":{"allow":["GET"]}}],"collection":[{"href":"https:\/\/www.accuratereviews.com\/it\/wp-json\/wp\/v2\/pages"}],"about":[{"href":"https:\/\/www.accuratereviews.com\/it\/wp-json\/wp\/v2\/types\/page"}],"author":[{"embeddable":true,"href":"https:\/\/www.accuratereviews.com\/it\/wp-json\/wp\/v2\/users\/19"}],"replies":[{"embeddable":true,"href":"https:\/\/www.accuratereviews.com\/it\/wp-json\/wp\/v2\/comments?post=20949"}],"version-history":[{"count":7,"href":"https:\/\/www.accuratereviews.com\/it\/wp-json\/wp\/v2\/pages\/20949\/revisions"}],"predecessor-version":[{"id":20961,"href":"https:\/\/www.accuratereviews.com\/it\/wp-json\/wp\/v2\/pages\/20949\/revisions\/20961"}],"up":[{"embeddable":true,"href":"https:\/\/www.accuratereviews.com\/it\/wp-json\/wp\/v2\/pages\/20408"}],"wp:featuredmedia":[{"embeddable":true,"href":"https:\/\/www.accuratereviews.com\/it\/wp-json\/wp\/v2\/media\/20950"}],"wp:attachment":[{"href":"https:\/\/www.accuratereviews.com\/it\/wp-json\/wp\/v2\/media?parent=20949"}],"wp:term":[{"taxonomy":"category","embeddable":true,"href":"https:\/\/www.accuratereviews.com\/it\/wp-json\/wp\/v2\/categories?post=20949"},{"taxonomy":"post_tag","embeddable":true,"href":"https:\/\/www.accuratereviews.com\/it\/wp-json\/wp\/v2\/tags?post=20949"},{"taxonomy":"features","embeddable":true,"href":"https:\/\/www.accuratereviews.com\/it\/wp-json\/wp\/v2\/features?post=20949"}],"curies":[{"name":"wp","href":"https:\/\/api.w.org\/{rel}","templated":true}]}}