{"id":20981,"date":"2019-12-09T17:20:14","date_gmt":"2019-12-09T17:20:14","guid":{"rendered":"https:\/\/www.accuratereviews.com\/?page_id=20981"},"modified":"2019-12-09T17:20:14","modified_gmt":"2019-12-09T17:20:14","slug":"looker-recensione","status":"publish","type":"page","link":"https:\/\/www.accuratereviews.com\/it\/looker-recensione\/","title":{"rendered":"Looker"},"content":{"rendered":"<p><strong>Looker<\/strong> \u00e8 software di <strong>Business Intelligence<\/strong> che offre funzionalit\u00e0 innovative di esplorazione dei dati per aziende sia grandi che piccole. Con esso, possono accedere a un&#8217;interfaccia basata sul web in cui possono facilmente ottenere informazioni in tempo reale sulle loro operazioni tramite l&#8217;analisi dei dati. Possono creare report e renderli accessibili a tutte le parti interessate, in modo che altri membri del team possano contribuire alle discussioni su determinati compiti e rimanere informati quando si tratta di qualsiasi sviluppo nel loro progetto. Pertanto, Looker pu\u00f2 aiutare tutte le aziende a utilizzare i dati per guidare le loro decisioni e attivit\u00e0 nella giusta direzione.<\/p>\n<h2>LOOKER &#8211; TUTORIAL<\/h2>\n<p>Guardiamo questo tutorial per vedere insieme come utilizzare questo <strong>programma di Business Intelligence:<\/strong><\/p>\n<div id=\"fluid-wrapper-counter-1\" class=\"g1-fluid-wrapper \" style=\"width:686px;\">\n<div style=\"padding-bottom:56.268221574344%;\"><iframe loading=\"lazy\" title=\"Adding Fields Using the LookML Editor\" width=\"515\" height=\"386\" src=\"https:\/\/www.youtube.com\/embed\/videoseries?list=PL2rFVcDw2yVoXlI3onYS7Ecufjg2ODI9u\" frameborder=\"0\" allow=\"accelerometer; autoplay; encrypted-media; gyroscope; picture-in-picture\" allowfullscreen><\/iframe><\/div>\n<\/div>\n<h3>LOOKER &#8211; CARATTERISTICHE<\/h3>\n<ul>\n<li><strong>Definisci metriche una volta<\/strong>: il programma genera in modo intelligente il tuo modello di base, permettendoti di concentrarti sulla definizione delle relazioni e delle metriche che guidano la tua attivit\u00e0, il tutto in un&#8217;unica posizione<\/li>\n<li><strong>Visualizzazioni che raccontano una storia<\/strong>: crea report di facile lettura e splendidi dashboard che consentono agli utenti di esplorare modelli nei dati. Condividi facilmente visualizzazioni ricche di dati in qualsiasi momento, da qualsiasi dispositivo<\/li>\n<li><strong>Scala con le tecnologie di oggi<\/strong>: i database di oggi possono facilmente interrogare enormi quantit\u00e0 di dati. Poich\u00e9 il programma si connette direttamente al tuo database, sei in grado di sfruttare davvero questa potenza. Nessun estratto di dati, nessun software da scaricare e praticamente nessun limite su ci\u00f2 che puoi esplorare<\/li>\n<li><strong>Costruire una cultura dei dati:<\/strong> quando l&#8217;intera azienda ha risposte affidabili e affidabili, tutti possono rispondere alle proprie domande e prendere decisioni pi\u00f9 informate basate sui dati.<\/li>\n<li><strong>Una vista a 360 \u00b0 del tuo cliente<\/strong>: offri a tutti i dipendenti la possibilit\u00e0 di vedere un cliente attraverso i punti di contatto e sbloccare le interazioni personali con loro.<\/li>\n<\/ul>\n<h4>LE RECENSIONI DEGLI UTENTI<\/h4>\n<h4>Catherine S. &#8220;Modelli di dati, sicurezza e assistenza clienti straordinaria&#8221;<\/h4>\n<p><strong>Commenti<\/strong>: Looker sta rapidamente diventando il nostro punto di riferimento per la creazione di report e dashboard per tutto ci\u00f2 che richiede pi\u00f9 di una fonte di dati (e alcuni basati su una sola). Abbinato a un magazzino dati centralizzato (usiamo Snowflake), Looker ci consente di implementare le cose molto rapidamente (a condizione che la nostra infrastruttura dati sia in buone condizioni). Ci \u00e8 voluto un po &#8216;per andare avanti con Looker perch\u00e9 si colloca sull&#8217;infrastruttura di dati esistente. Ora che disponiamo di un&#8217;infrastruttura piuttosto solida nel nostro data warehouse centralizzato, siamo in grado di produrre dati in Looker abbastanza rapidamente.<\/p>\n<p><strong>Vantaggi<\/strong>: la sicurezza del provisioning ci consente di controllare l&#8217;esperienza dell&#8217;utente (e di mostrare agli utenti solo le cose di cui si preoccuperebbero). Ci\u00f2 rende molto pi\u00f9 agevole l&#8217;implementazione di un dashboard o di un prodotto dati. Inoltre, l&#8217;assistenza clienti (soprattutto attraverso l&#8217;interfaccia di chat) \u00e8 assolutamente fantastica. Poich\u00e9 Looker crea un URL personalizzato per ogni esplorazione a cui stai lavorando, puoi condividere con il Supporto clienti il \u200b\u200btuo esatto problema e lavorare insieme per trovare una soluzione.<\/p>\n<p><strong>Inconvenienti<\/strong>: Looker Sales ci ha detto in anticipo che &#8220;scrive l&#8217;SQL pi\u00f9 performante possibile&#8221;. Non ho trovato che questo sia il caso, poich\u00e9 spesso esegue il cast e fa alcune altre cose (sospetto di renderlo eseguibile indipendentemente da come hai impostato i tuoi dati). Ci sono alcune limitazioni nelle visualizzazioni, ecc., Ma il servizio clienti di Looker \u00e8 stato super reattivo quando si presentano.<\/p>\n<h4>Jonathan P. &#8220;Uno strumento per cambiare i dati di gioco&#8221;<\/h4>\n<p><strong>Commenti<\/strong>: Looker \u00e8 uno strumento rivoluzionario in quanto fornisce un approccio del 21 \u00b0 secolo agli strumenti di dati che amplifica enormemente il modo in cui le organizzazioni possono accedere, esplorare e potenziare le applicazioni attraverso i dati senza sacrificare da una prospettiva di precisione. La cultura aziendale di Looker \u00e8 fantastica e l&#8217;attenzione al supporto del cliente aiuta davvero a estendere l&#8217;impatto del prodotto stesso.<\/p>\n<p><strong>Vantaggi<\/strong>: * LookML perch\u00e9 abilita un livello semantico scalabile in cui le regole di business possono essere definite in un unico posto e la logica \u00e8 basata su codice consentendo quindi il controllo della versione, il test e l&#8217;auditing.<br \/>\n* Estensibilit\u00e0 perch\u00e9 l&#8217;attenzione della piattaforma dati consente alle aziende di fornire dati ad applicazioni e persone attraverso un singolo componente<br \/>\n* Focus sull&#8217;esperienza del cliente<\/p>\n<p><strong>Inconvenienti<\/strong>: * Pu\u00f2 essere difficile navigare negli enormi volumi di contenuti che gli utenti costruiscono su Looker e trovare i dati importanti che sono alla base di qualsiasi azienda<\/p>\n<h4>Greg B. &#8220;Looker&#8221;<\/h4>\n<p><strong>Commenti<\/strong>: Looker ci ha aiutato a fornire informazioni di qualit\u00e0 superiore ai nostri utenti in un modo pi\u00f9 attraente ed efficiente. I nostri utenti sono in grado di personalizzare e condividere i contenuti come prima. Looker ha eliminato in molti casi l&#8217;esecuzione di rapporti manuali e ha sicuramente creato efficienze che consentono di risparmiare tempo e denaro.<\/p>\n<p><strong>Vantaggi<\/strong>: Looker ti consente di lavorare praticamente con qualsiasi data warehouse e l&#8217;installazione non \u00e8 difficile. LookML \u00e8 facile da lavorare e consente ai non sviluppatori di creare contenuti per i loro team. Incorporare Looker nella nostra app Web \u00e8 stato relativamente indolore ed \u00e8 un grande miglioramento rispetto al nostro sistema di report precedente. La condivisione dei contenuti \u00e8 semplicissima con i rapporti pianificati e la variet\u00e0 di formati ci offre soluzioni per diversi tipi di utenti.<\/p>\n<p><strong>Inconvenienti<\/strong>: Vorrei vedere pi\u00f9 opzioni di visualizzazione e funzionalit\u00e0 avanzate con la pianificazione.<\/p>\n","protected":false},"excerpt":{"rendered":"<p>Looker \u00e8 software di Business Intelligence che offre funzionalit\u00e0 innovative di esplorazione dei dati per aziende sia grandi che piccole. Con esso, possono accedere a un&#8217;interfaccia basata sul web in cui possono facilmente ottenere informazioni in tempo reale sulle loro operazioni tramite l&#8217;analisi dei dati.<\/p>\n","protected":false},"author":19,"featured_media":20982,"parent":0,"menu_order":0,"comment_status":"open","ping_status":"closed","template":"g1_template_page_review_new.php","meta":{"_acf_changed":false,"cwp_meta_box_check":"Yes","cwp_rev_product_name":"","cwp_rev_product_image":"","wppr_links":[],"cwp_rev_price":"","wppr_options":[],"wppr_pros":[],"wppr_cons":[],"_monsterinsights_skip_tracking":false,"_monsterinsights_sitenote_active":false,"_monsterinsights_sitenote_note":"","_monsterinsights_sitenote_category":0,"footnotes":""},"categories":[1555],"tags":[1561,396,1562,1560,1557,1556,1558],"features":[],"class_list":{"0":"post-20981","1":"page","2":"type-page","3":"status-publish","4":"has-post-thumbnail","6":"category-business-intelligence-it","7":"tag-bi","8":"tag-cloud","9":"tag-looker","10":"tag-piattaforma-business-intelligence","11":"tag-programma-business-intelligence","12":"tag-software-business-intelligence","13":"tag-soluzione-business-intelligence"},"wppr_data":{"cwp_meta_box_check":"Yes","cwp_rev_product_name":"","cwp_rev_product_image":"","cwp_image_link":"image","cwp_rev_price":"","wppr_rating":"0.00"},"acf":[],"yoast_head":"<!-- This site is optimized with the Yoast SEO plugin v27.4 - https:\/\/yoast.com\/product\/yoast-seo-wordpress\/ -->\n<title>Looker: recensione software Business Intelligence - Accurate Reviews<\/title>\n<meta name=\"description\" content=\"Looker: recensione software di Business Intelligence che offre funzionalit\u00e0 innovative di esplorazione dei dati per aziende sia grandi che piccole.\" \/>\n<meta name=\"robots\" content=\"index, follow, max-snippet:-1, max-image-preview:large, max-video-preview:-1\" \/>\n<link rel=\"canonical\" href=\"https:\/\/www.accuratereviews.com\/it\/looker-recensione\/\" \/>\n<meta property=\"og:locale\" content=\"it_IT\" \/>\n<meta property=\"og:type\" content=\"article\" \/>\n<meta property=\"og:title\" content=\"Looker: recensione software Business Intelligence - Accurate Reviews\" \/>\n<meta property=\"og:description\" content=\"Looker: recensione software di Business Intelligence che offre funzionalit\u00e0 innovative di esplorazione dei dati per aziende sia grandi che piccole.\" \/>\n<meta property=\"og:url\" content=\"https:\/\/www.accuratereviews.com\/it\/looker-recensione\/\" \/>\n<meta property=\"og:site_name\" content=\"Accurate Reviews\" \/>\n<meta property=\"og:image\" content=\"https:\/\/www.accuratereviews.com\/wp-content\/uploads\/2019\/12\/looker.png\" \/>\n\t<meta property=\"og:image:width\" content=\"800\" \/>\n\t<meta property=\"og:image:height\" content=\"400\" \/>\n\t<meta property=\"og:image:type\" content=\"image\/png\" \/>\n<meta name=\"twitter:card\" content=\"summary_large_image\" \/>\n<meta name=\"twitter:label1\" content=\"Tempo di lettura stimato\" \/>\n\t<meta name=\"twitter:data1\" content=\"4 minuti\" \/>\n<script type=\"application\/ld+json\" class=\"yoast-schema-graph\">{\"@context\":\"https:\\\/\\\/schema.org\",\"@graph\":[{\"@type\":\"WebPage\",\"@id\":\"https:\\\/\\\/www.accuratereviews.com\\\/it\\\/looker-recensione\\\/\",\"url\":\"https:\\\/\\\/www.accuratereviews.com\\\/it\\\/looker-recensione\\\/\",\"name\":\"Looker: recensione software Business Intelligence - Accurate Reviews\",\"isPartOf\":{\"@id\":\"https:\\\/\\\/www.accuratereviews.com\\\/it\\\/#website\"},\"primaryImageOfPage\":{\"@id\":\"https:\\\/\\\/www.accuratereviews.com\\\/it\\\/looker-recensione\\\/#primaryimage\"},\"image\":{\"@id\":\"https:\\\/\\\/www.accuratereviews.com\\\/it\\\/looker-recensione\\\/#primaryimage\"},\"thumbnailUrl\":\"https:\\\/\\\/www.accuratereviews.com\\\/wp-content\\\/uploads\\\/2019\\\/12\\\/looker.png\",\"datePublished\":\"2019-12-09T17:20:14+00:00\",\"description\":\"Looker: recensione software di Business Intelligence che offre funzionalit\u00e0 innovative di esplorazione dei dati per aziende sia grandi che piccole.\",\"breadcrumb\":{\"@id\":\"https:\\\/\\\/www.accuratereviews.com\\\/it\\\/looker-recensione\\\/#breadcrumb\"},\"inLanguage\":\"it-IT\",\"potentialAction\":[{\"@type\":\"ReadAction\",\"target\":[\"https:\\\/\\\/www.accuratereviews.com\\\/it\\\/looker-recensione\\\/\"]}]},{\"@type\":\"ImageObject\",\"inLanguage\":\"it-IT\",\"@id\":\"https:\\\/\\\/www.accuratereviews.com\\\/it\\\/looker-recensione\\\/#primaryimage\",\"url\":\"https:\\\/\\\/www.accuratereviews.com\\\/wp-content\\\/uploads\\\/2019\\\/12\\\/looker.png\",\"contentUrl\":\"https:\\\/\\\/www.accuratereviews.com\\\/wp-content\\\/uploads\\\/2019\\\/12\\\/looker.png\",\"width\":800,\"height\":400},{\"@type\":\"BreadcrumbList\",\"@id\":\"https:\\\/\\\/www.accuratereviews.com\\\/it\\\/looker-recensione\\\/#breadcrumb\",\"itemListElement\":[{\"@type\":\"ListItem\",\"position\":1,\"name\":\"Home\",\"item\":\"https:\\\/\\\/www.accuratereviews.com\\\/it\\\/\"},{\"@type\":\"ListItem\",\"position\":2,\"name\":\"Looker\"}]},{\"@type\":\"WebSite\",\"@id\":\"https:\\\/\\\/www.accuratereviews.com\\\/it\\\/#website\",\"url\":\"https:\\\/\\\/www.accuratereviews.com\\\/it\\\/\",\"name\":\"Accurate Reviews\",\"description\":\"\",\"potentialAction\":[{\"@type\":\"SearchAction\",\"target\":{\"@type\":\"EntryPoint\",\"urlTemplate\":\"https:\\\/\\\/www.accuratereviews.com\\\/it\\\/?s={search_term_string}\"},\"query-input\":{\"@type\":\"PropertyValueSpecification\",\"valueRequired\":true,\"valueName\":\"search_term_string\"}}],\"inLanguage\":\"it-IT\"}]}<\/script>\n<!-- \/ Yoast SEO plugin. -->","yoast_head_json":{"title":"Looker: recensione software Business Intelligence - Accurate Reviews","description":"Looker: recensione software di Business Intelligence che offre funzionalit\u00e0 innovative di esplorazione dei dati per aziende sia grandi che piccole.","robots":{"index":"index","follow":"follow","max-snippet":"max-snippet:-1","max-image-preview":"max-image-preview:large","max-video-preview":"max-video-preview:-1"},"canonical":"https:\/\/www.accuratereviews.com\/it\/looker-recensione\/","og_locale":"it_IT","og_type":"article","og_title":"Looker: recensione software Business Intelligence - Accurate Reviews","og_description":"Looker: recensione software di Business Intelligence che offre funzionalit\u00e0 innovative di esplorazione dei dati per aziende sia grandi che piccole.","og_url":"https:\/\/www.accuratereviews.com\/it\/looker-recensione\/","og_site_name":"Accurate Reviews","og_image":[{"width":800,"height":400,"url":"https:\/\/www.accuratereviews.com\/wp-content\/uploads\/2019\/12\/looker.png","type":"image\/png"}],"twitter_card":"summary_large_image","twitter_misc":{"Tempo di lettura stimato":"4 minuti"},"schema":{"@context":"https:\/\/schema.org","@graph":[{"@type":"WebPage","@id":"https:\/\/www.accuratereviews.com\/it\/looker-recensione\/","url":"https:\/\/www.accuratereviews.com\/it\/looker-recensione\/","name":"Looker: recensione software Business Intelligence - Accurate Reviews","isPartOf":{"@id":"https:\/\/www.accuratereviews.com\/it\/#website"},"primaryImageOfPage":{"@id":"https:\/\/www.accuratereviews.com\/it\/looker-recensione\/#primaryimage"},"image":{"@id":"https:\/\/www.accuratereviews.com\/it\/looker-recensione\/#primaryimage"},"thumbnailUrl":"https:\/\/www.accuratereviews.com\/wp-content\/uploads\/2019\/12\/looker.png","datePublished":"2019-12-09T17:20:14+00:00","description":"Looker: recensione software di Business Intelligence che offre funzionalit\u00e0 innovative di esplorazione dei dati per aziende sia grandi che piccole.","breadcrumb":{"@id":"https:\/\/www.accuratereviews.com\/it\/looker-recensione\/#breadcrumb"},"inLanguage":"it-IT","potentialAction":[{"@type":"ReadAction","target":["https:\/\/www.accuratereviews.com\/it\/looker-recensione\/"]}]},{"@type":"ImageObject","inLanguage":"it-IT","@id":"https:\/\/www.accuratereviews.com\/it\/looker-recensione\/#primaryimage","url":"https:\/\/www.accuratereviews.com\/wp-content\/uploads\/2019\/12\/looker.png","contentUrl":"https:\/\/www.accuratereviews.com\/wp-content\/uploads\/2019\/12\/looker.png","width":800,"height":400},{"@type":"BreadcrumbList","@id":"https:\/\/www.accuratereviews.com\/it\/looker-recensione\/#breadcrumb","itemListElement":[{"@type":"ListItem","position":1,"name":"Home","item":"https:\/\/www.accuratereviews.com\/it\/"},{"@type":"ListItem","position":2,"name":"Looker"}]},{"@type":"WebSite","@id":"https:\/\/www.accuratereviews.com\/it\/#website","url":"https:\/\/www.accuratereviews.com\/it\/","name":"Accurate Reviews","description":"","potentialAction":[{"@type":"SearchAction","target":{"@type":"EntryPoint","urlTemplate":"https:\/\/www.accuratereviews.com\/it\/?s={search_term_string}"},"query-input":{"@type":"PropertyValueSpecification","valueRequired":true,"valueName":"search_term_string"}}],"inLanguage":"it-IT"}]}},"_links":{"self":[{"href":"https:\/\/www.accuratereviews.com\/it\/wp-json\/wp\/v2\/pages\/20981","targetHints":{"allow":["GET"]}}],"collection":[{"href":"https:\/\/www.accuratereviews.com\/it\/wp-json\/wp\/v2\/pages"}],"about":[{"href":"https:\/\/www.accuratereviews.com\/it\/wp-json\/wp\/v2\/types\/page"}],"author":[{"embeddable":true,"href":"https:\/\/www.accuratereviews.com\/it\/wp-json\/wp\/v2\/users\/19"}],"replies":[{"embeddable":true,"href":"https:\/\/www.accuratereviews.com\/it\/wp-json\/wp\/v2\/comments?post=20981"}],"version-history":[{"count":7,"href":"https:\/\/www.accuratereviews.com\/it\/wp-json\/wp\/v2\/pages\/20981\/revisions"}],"predecessor-version":[{"id":21011,"href":"https:\/\/www.accuratereviews.com\/it\/wp-json\/wp\/v2\/pages\/20981\/revisions\/21011"}],"wp:featuredmedia":[{"embeddable":true,"href":"https:\/\/www.accuratereviews.com\/it\/wp-json\/wp\/v2\/media\/20982"}],"wp:attachment":[{"href":"https:\/\/www.accuratereviews.com\/it\/wp-json\/wp\/v2\/media?parent=20981"}],"wp:term":[{"taxonomy":"category","embeddable":true,"href":"https:\/\/www.accuratereviews.com\/it\/wp-json\/wp\/v2\/categories?post=20981"},{"taxonomy":"post_tag","embeddable":true,"href":"https:\/\/www.accuratereviews.com\/it\/wp-json\/wp\/v2\/tags?post=20981"},{"taxonomy":"features","embeddable":true,"href":"https:\/\/www.accuratereviews.com\/it\/wp-json\/wp\/v2\/features?post=20981"}],"curies":[{"name":"wp","href":"https:\/\/api.w.org\/{rel}","templated":true}]}}