{"id":20990,"date":"2019-12-09T17:31:19","date_gmt":"2019-12-09T17:31:19","guid":{"rendered":"https:\/\/www.accuratereviews.com\/?page_id=20990"},"modified":"2021-05-18T14:33:47","modified_gmt":"2021-05-18T14:33:47","slug":"deltek-vision-recensione","status":"publish","type":"page","link":"https:\/\/www.accuratereviews.com\/it\/business-intelligence\/deltek-vision-recensione\/","title":{"rendered":"Deltek Vision"},"content":{"rendered":"<p><strong>Deltek Vision<\/strong> \u00e8 un<strong> software di business intelligence (BI)<\/strong>, progettato per le aziende di servizi professionali che vogliono accelerare e migliorare i processi decisionali. Si tratta di un programma web, disponibile per l&#8217;<strong>implementazione cloud o locale<\/strong> (Windows, dispositivi iOS e Android). Dispone di strumenti che ti permettono di gestire meglio le risorse, i progetti, i tempi, le spese, i rapporti con i clienti, la contabilit\u00e0 dei progetti e molto altro in un unico prodotto. Normalmente tutto questo lo faresti manualmente e ti richiederebbe molto tempo mentre, in questo modo, sar\u00e0 veloce e autonomo e aumenter\u00e0 la tua efficienza operativa.<\/p>\n<h3>COME FUNZIONA DELTEK VISION &#8211;\u00a0 TUTORIAL<\/h3>\n<p>Ecco un video che ci mostra come utilizzare questo programma:<\/p>\n<div id=\"fluid-wrapper-counter-1\" class=\"g1-fluid-wrapper \" style=\"width:686px;\">\n<div style=\"padding-bottom:56.268221574344%;\"><iframe loading=\"lazy\" title=\"Deltek Vision - 6 minute video demonstration\" width=\"686\" height=\"386\" src=\"https:\/\/www.youtube.com\/embed\/vkyGPrUDAYc?feature=oembed&amp;wmode=transparent&amp;autohide=1&amp;autoplay=0&amp;disablekb=0&amp;fs=1&amp;loop=0&amp;enablejsapi=1&amp;rel=0&amp;controls=2&amp;showinfo=0&amp;wmode=transparent&amp;autohide=2&amp;autoplay=0&amp;disablekb=0&amp;fs=1&amp;loop=0&amp;enablejsapi=1&amp;rel=0&amp;controls=2&amp;showinfo=1\" frameborder=\"0\" allow=\"accelerometer; autoplay; clipboard-write; encrypted-media; gyroscope; picture-in-picture\" allowfullscreen><\/iframe><\/div>\n<\/div>\n<h3>DELTEK VISION &#8211; CARATTERISTICHE<\/h3>\n<p>Di seguito le sue principali caratteristiche:<\/p>\n<ul>\n<li><strong>Gestione dei problemi<\/strong>: rimani sempre aggiornato sull&#8217;andamento del tuo business, sul perch\u00e9 si verificano i problemi e cosa fare per risolverli<\/li>\n<li><strong>Sistema di reportistica<\/strong>: ottieni report precisi e approfonditi sulla tua attivit\u00e0 cos\u00ec da prendere decisioni aziendali pi\u00f9 intelligenti<\/li>\n<li><strong>Miglioramento delle prestazioni aziendali<\/strong>: utilizza le varie funzionalit\u00e0 per migliorare le prestazioni e completare i progetti con successo<\/li>\n<li><strong>Sistema di fatturazione<\/strong>: gestisci i documenti sui salari, gli acquisti, la fatturazione dei clienti, i tempi e le spese<\/li>\n<li><strong>Gestione dei progetti<\/strong>: utilizza i vari strumenti per semplificare l&#8217;esecuzione del tuo progetto<\/li>\n<li><strong>Analisi di costi e benefici<\/strong>: indivia e utilizza le informazioni cruciali per i clienti per creare campagne di vendita e marketing mirate.<\/li>\n<\/ul>\n<h3>LE RECENSIONI DEGLI UTENTI<\/h3>\n<ul>\n<li><strong>&#8220;Recensione Deltek dal punto di vista della fatturazione&#8221;<\/strong><br \/>\nIN GENERALE: Deltek Vision \u00e8 principalmente adatto ai project manager per visualizzare i dati del progetto in un unico posto e anche ai fini della fatturazione. Ti consente di visualizzare un progetto nel suo insieme o eseguire il drill down e vedere un determinato intervallo di tempo. Deltek Vision potrebbe essere aggiornato per essere pi\u00f9 inclusivo delle risorse umane. In questo momento possiamo usarlo solo per tempo e spese e anche per le buste paga.<br \/>\nPRO: il foglio presenze e l&#8217;immissione delle spese sono molto dettagliati e gli utenti possono registrare il tempo da iAccess se sono fuori sede e caricare le ricevute direttamente in visione. Funziona alla grande come sistema di fatturazione. \u00c8 piuttosto semplice ed \u00e8 utile poter eseguire batch o anche singole fatture a seconda delle esigenze.<br \/>\nHa una vasta gamma di report che puoi anche personalizzare per approfondire ed estrarre le informazioni di cui hai bisogno.<br \/>\nCONTRO: pu\u00f2 essere difficile per i nuovi utenti e in qualche modo travolgente. Devi avere familiarit\u00e0 con la personalizzazione dei report per poter ottenere ci\u00f2 che desideri. I rapporti predefiniti di solito non forniscono le informazioni necessarie. Odio davvero che dobbiamo ancora utilizzare Internet Explorer per accedere a Vision.<\/li>\n<li><strong>&#8220;Vision to Vantagepoint&#8221;<\/strong><br \/>\nIN GENERALE: usavamo Excel per le schede attivit\u00e0, quindi avere tempo e spese in un unico posto e collegarsi al nostro processo aziendale \u00e8 meraviglioso. Abbiamo anche la possibilit\u00e0 di ottenere buoni report.<br \/>\nPRO: il software aiuta a semplificare alcuni dei nostri processi.<br \/>\nCONTRO: non \u00e8 facile navigare attraverso CRM ma si pu\u00f2 imparare.<\/li>\n<li><strong>&#8220;Recensione di Deltek Vision&#8221;<\/strong><br \/>\nIN GENERALE: ho usato Vision da luglio 2007 ad oggi, la mia azienda \u00e8 stata acquistata lo scorso autunno e siamo costretti a passare a BST come nostro sistema contabile. La visione \u00e8 infinitamente superiore a BST. Il BST \u00e8 un abominio che richiede almeno il doppio del tempo per fare qualsiasi cosa. Vorrei che potessimo continuare a usare Vision. Era pi\u00f9 flessibile, intuitivo ed efficiente.<br \/>\nPRO: \u00e8 intuitivo e versatile e potrebbe essere utilizzato per soddisfare le esigenze dei nostri clienti.<br \/>\nCONTRO: Rispetto al BST che devo usare ora, adoro tutto di Vision. Quando non avevo sperimentato il contrasto, avrei detto che c&#8217;erano alcuni campi che hai digitato che dovevi espandere per usare e che era un fastidio. O che nella fatturazione interattiva c&#8217;\u00e8 molto spazio grigio in cui preferirei vedere i miei dati. Tuttavia, avevo mai usato BST prima di essere entusiasta di aprire lo schermo per cambiare le note invece di 5 componenti per fare una fattura.<\/li>\n<\/ul>\n","protected":false},"excerpt":{"rendered":"<p>Deltek Vision \u00e8 un software di business intelligence (BI), progettato per le aziende di servizi professionali che vogliono accelerare e migliorare i processi decisionali.\u00a0 Si tratta di un programma basato sul web, disponibile per l&#8217;implementazione cloud o locale (Windows, dispositivi iOS e Android).<\/p>\n","protected":false},"author":17,"featured_media":20995,"parent":32646,"menu_order":0,"comment_status":"open","ping_status":"closed","template":"g1_template_page_review_new.php","meta":{"_acf_changed":false,"cwp_meta_box_check":"Yes","cwp_rev_product_name":"","cwp_rev_product_image":"","wppr_links":[],"cwp_rev_price":"","wppr_options":[],"wppr_pros":[],"wppr_cons":[],"_monsterinsights_skip_tracking":false,"_monsterinsights_sitenote_active":false,"_monsterinsights_sitenote_note":"","_monsterinsights_sitenote_category":0,"footnotes":""},"categories":[1555],"tags":[1561,1565,1564,1557],"features":[],"class_list":{"0":"post-20990","1":"page","2":"type-page","3":"status-publish","4":"has-post-thumbnail","6":"category-business-intelligence-it","7":"tag-bi","8":"tag-business-intelligence","9":"tag-business-intelligence-software","10":"tag-programma-business-intelligence"},"wppr_data":{"cwp_meta_box_check":"Yes","cwp_rev_product_name":"","cwp_rev_product_image":"","cwp_image_link":"image","cwp_rev_price":"","wppr_rating":"0.00"},"acf":[],"yoast_head":"<!-- This site is optimized with the Yoast SEO plugin v27.4 - https:\/\/yoast.com\/product\/yoast-seo-wordpress\/ -->\n<title>Deltek Vision: recensione BI software - Accurate Reviews<\/title>\n<meta name=\"description\" content=\"Deltek Vision: recensione del software di business intelligence (BI), progettato accelerare e migliorare i processi decisionali.\" \/>\n<meta name=\"robots\" content=\"index, follow, max-snippet:-1, max-image-preview:large, max-video-preview:-1\" \/>\n<link rel=\"canonical\" href=\"https:\/\/www.accuratereviews.com\/it\/business-intelligence\/deltek-vision-recensione\/\" \/>\n<meta property=\"og:locale\" content=\"it_IT\" \/>\n<meta property=\"og:type\" content=\"article\" \/>\n<meta property=\"og:title\" content=\"Deltek Vision: recensione BI software - Accurate Reviews\" \/>\n<meta property=\"og:description\" content=\"Deltek Vision: recensione del software di business intelligence (BI), progettato accelerare e migliorare i processi decisionali.\" \/>\n<meta property=\"og:url\" content=\"https:\/\/www.accuratereviews.com\/it\/business-intelligence\/deltek-vision-recensione\/\" \/>\n<meta property=\"og:site_name\" content=\"Accurate Reviews\" \/>\n<meta property=\"article:modified_time\" content=\"2021-05-18T14:33:47+00:00\" \/>\n<meta property=\"og:image\" content=\"https:\/\/www.accuratereviews.com\/wp-content\/uploads\/2019\/12\/Y4EFjJUS_400x400.jpg\" \/>\n\t<meta property=\"og:image:width\" content=\"315\" \/>\n\t<meta property=\"og:image:height\" content=\"315\" \/>\n\t<meta property=\"og:image:type\" content=\"image\/jpeg\" \/>\n<meta name=\"twitter:card\" content=\"summary_large_image\" \/>\n<meta name=\"twitter:label1\" content=\"Tempo di lettura stimato\" \/>\n\t<meta name=\"twitter:data1\" content=\"3 minuti\" \/>\n<script type=\"application\/ld+json\" class=\"yoast-schema-graph\">{\"@context\":\"https:\\\/\\\/schema.org\",\"@graph\":[{\"@type\":\"WebPage\",\"@id\":\"https:\\\/\\\/www.accuratereviews.com\\\/it\\\/business-intelligence\\\/deltek-vision-recensione\\\/\",\"url\":\"https:\\\/\\\/www.accuratereviews.com\\\/it\\\/business-intelligence\\\/deltek-vision-recensione\\\/\",\"name\":\"Deltek Vision: recensione BI software - Accurate Reviews\",\"isPartOf\":{\"@id\":\"https:\\\/\\\/www.accuratereviews.com\\\/it\\\/#website\"},\"primaryImageOfPage\":{\"@id\":\"https:\\\/\\\/www.accuratereviews.com\\\/it\\\/business-intelligence\\\/deltek-vision-recensione\\\/#primaryimage\"},\"image\":{\"@id\":\"https:\\\/\\\/www.accuratereviews.com\\\/it\\\/business-intelligence\\\/deltek-vision-recensione\\\/#primaryimage\"},\"thumbnailUrl\":\"https:\\\/\\\/www.accuratereviews.com\\\/wp-content\\\/uploads\\\/2019\\\/12\\\/Y4EFjJUS_400x400.jpg\",\"datePublished\":\"2019-12-09T17:31:19+00:00\",\"dateModified\":\"2021-05-18T14:33:47+00:00\",\"description\":\"Deltek Vision: recensione del software di business intelligence (BI), progettato accelerare e migliorare i processi decisionali.\",\"breadcrumb\":{\"@id\":\"https:\\\/\\\/www.accuratereviews.com\\\/it\\\/business-intelligence\\\/deltek-vision-recensione\\\/#breadcrumb\"},\"inLanguage\":\"it-IT\",\"potentialAction\":[{\"@type\":\"ReadAction\",\"target\":[\"https:\\\/\\\/www.accuratereviews.com\\\/it\\\/business-intelligence\\\/deltek-vision-recensione\\\/\"]}]},{\"@type\":\"ImageObject\",\"inLanguage\":\"it-IT\",\"@id\":\"https:\\\/\\\/www.accuratereviews.com\\\/it\\\/business-intelligence\\\/deltek-vision-recensione\\\/#primaryimage\",\"url\":\"https:\\\/\\\/www.accuratereviews.com\\\/wp-content\\\/uploads\\\/2019\\\/12\\\/Y4EFjJUS_400x400.jpg\",\"contentUrl\":\"https:\\\/\\\/www.accuratereviews.com\\\/wp-content\\\/uploads\\\/2019\\\/12\\\/Y4EFjJUS_400x400.jpg\",\"width\":315,\"height\":315},{\"@type\":\"BreadcrumbList\",\"@id\":\"https:\\\/\\\/www.accuratereviews.com\\\/it\\\/business-intelligence\\\/deltek-vision-recensione\\\/#breadcrumb\",\"itemListElement\":[{\"@type\":\"ListItem\",\"position\":1,\"name\":\"Home\",\"item\":\"https:\\\/\\\/www.accuratereviews.com\\\/it\\\/\"},{\"@type\":\"ListItem\",\"position\":2,\"name\":\"Business intelligence\",\"item\":\"https:\\\/\\\/www.accuratereviews.com\\\/it\\\/business-intelligence\\\/\"},{\"@type\":\"ListItem\",\"position\":3,\"name\":\"Deltek Vision\"}]},{\"@type\":\"WebSite\",\"@id\":\"https:\\\/\\\/www.accuratereviews.com\\\/it\\\/#website\",\"url\":\"https:\\\/\\\/www.accuratereviews.com\\\/it\\\/\",\"name\":\"Accurate Reviews\",\"description\":\"\",\"potentialAction\":[{\"@type\":\"SearchAction\",\"target\":{\"@type\":\"EntryPoint\",\"urlTemplate\":\"https:\\\/\\\/www.accuratereviews.com\\\/it\\\/?s={search_term_string}\"},\"query-input\":{\"@type\":\"PropertyValueSpecification\",\"valueRequired\":true,\"valueName\":\"search_term_string\"}}],\"inLanguage\":\"it-IT\"}]}<\/script>\n<!-- \/ Yoast SEO plugin. -->","yoast_head_json":{"title":"Deltek Vision: recensione BI software - Accurate Reviews","description":"Deltek Vision: recensione del software di business intelligence (BI), progettato accelerare e migliorare i processi decisionali.","robots":{"index":"index","follow":"follow","max-snippet":"max-snippet:-1","max-image-preview":"max-image-preview:large","max-video-preview":"max-video-preview:-1"},"canonical":"https:\/\/www.accuratereviews.com\/it\/business-intelligence\/deltek-vision-recensione\/","og_locale":"it_IT","og_type":"article","og_title":"Deltek Vision: recensione BI software - Accurate Reviews","og_description":"Deltek Vision: recensione del software di business intelligence (BI), progettato accelerare e migliorare i processi decisionali.","og_url":"https:\/\/www.accuratereviews.com\/it\/business-intelligence\/deltek-vision-recensione\/","og_site_name":"Accurate Reviews","article_modified_time":"2021-05-18T14:33:47+00:00","og_image":[{"width":315,"height":315,"url":"https:\/\/www.accuratereviews.com\/wp-content\/uploads\/2019\/12\/Y4EFjJUS_400x400.jpg","type":"image\/jpeg"}],"twitter_card":"summary_large_image","twitter_misc":{"Tempo di lettura stimato":"3 minuti"},"schema":{"@context":"https:\/\/schema.org","@graph":[{"@type":"WebPage","@id":"https:\/\/www.accuratereviews.com\/it\/business-intelligence\/deltek-vision-recensione\/","url":"https:\/\/www.accuratereviews.com\/it\/business-intelligence\/deltek-vision-recensione\/","name":"Deltek Vision: recensione BI software - Accurate Reviews","isPartOf":{"@id":"https:\/\/www.accuratereviews.com\/it\/#website"},"primaryImageOfPage":{"@id":"https:\/\/www.accuratereviews.com\/it\/business-intelligence\/deltek-vision-recensione\/#primaryimage"},"image":{"@id":"https:\/\/www.accuratereviews.com\/it\/business-intelligence\/deltek-vision-recensione\/#primaryimage"},"thumbnailUrl":"https:\/\/www.accuratereviews.com\/wp-content\/uploads\/2019\/12\/Y4EFjJUS_400x400.jpg","datePublished":"2019-12-09T17:31:19+00:00","dateModified":"2021-05-18T14:33:47+00:00","description":"Deltek Vision: recensione del software di business intelligence (BI), progettato accelerare e migliorare i processi decisionali.","breadcrumb":{"@id":"https:\/\/www.accuratereviews.com\/it\/business-intelligence\/deltek-vision-recensione\/#breadcrumb"},"inLanguage":"it-IT","potentialAction":[{"@type":"ReadAction","target":["https:\/\/www.accuratereviews.com\/it\/business-intelligence\/deltek-vision-recensione\/"]}]},{"@type":"ImageObject","inLanguage":"it-IT","@id":"https:\/\/www.accuratereviews.com\/it\/business-intelligence\/deltek-vision-recensione\/#primaryimage","url":"https:\/\/www.accuratereviews.com\/wp-content\/uploads\/2019\/12\/Y4EFjJUS_400x400.jpg","contentUrl":"https:\/\/www.accuratereviews.com\/wp-content\/uploads\/2019\/12\/Y4EFjJUS_400x400.jpg","width":315,"height":315},{"@type":"BreadcrumbList","@id":"https:\/\/www.accuratereviews.com\/it\/business-intelligence\/deltek-vision-recensione\/#breadcrumb","itemListElement":[{"@type":"ListItem","position":1,"name":"Home","item":"https:\/\/www.accuratereviews.com\/it\/"},{"@type":"ListItem","position":2,"name":"Business intelligence","item":"https:\/\/www.accuratereviews.com\/it\/business-intelligence\/"},{"@type":"ListItem","position":3,"name":"Deltek Vision"}]},{"@type":"WebSite","@id":"https:\/\/www.accuratereviews.com\/it\/#website","url":"https:\/\/www.accuratereviews.com\/it\/","name":"Accurate Reviews","description":"","potentialAction":[{"@type":"SearchAction","target":{"@type":"EntryPoint","urlTemplate":"https:\/\/www.accuratereviews.com\/it\/?s={search_term_string}"},"query-input":{"@type":"PropertyValueSpecification","valueRequired":true,"valueName":"search_term_string"}}],"inLanguage":"it-IT"}]}},"_links":{"self":[{"href":"https:\/\/www.accuratereviews.com\/it\/wp-json\/wp\/v2\/pages\/20990","targetHints":{"allow":["GET"]}}],"collection":[{"href":"https:\/\/www.accuratereviews.com\/it\/wp-json\/wp\/v2\/pages"}],"about":[{"href":"https:\/\/www.accuratereviews.com\/it\/wp-json\/wp\/v2\/types\/page"}],"author":[{"embeddable":true,"href":"https:\/\/www.accuratereviews.com\/it\/wp-json\/wp\/v2\/users\/17"}],"replies":[{"embeddable":true,"href":"https:\/\/www.accuratereviews.com\/it\/wp-json\/wp\/v2\/comments?post=20990"}],"version-history":[{"count":6,"href":"https:\/\/www.accuratereviews.com\/it\/wp-json\/wp\/v2\/pages\/20990\/revisions"}],"predecessor-version":[{"id":42915,"href":"https:\/\/www.accuratereviews.com\/it\/wp-json\/wp\/v2\/pages\/20990\/revisions\/42915"}],"up":[{"embeddable":true,"href":"https:\/\/www.accuratereviews.com\/it\/wp-json\/wp\/v2\/pages\/32646"}],"wp:featuredmedia":[{"embeddable":true,"href":"https:\/\/www.accuratereviews.com\/it\/wp-json\/wp\/v2\/media\/20995"}],"wp:attachment":[{"href":"https:\/\/www.accuratereviews.com\/it\/wp-json\/wp\/v2\/media?parent=20990"}],"wp:term":[{"taxonomy":"category","embeddable":true,"href":"https:\/\/www.accuratereviews.com\/it\/wp-json\/wp\/v2\/categories?post=20990"},{"taxonomy":"post_tag","embeddable":true,"href":"https:\/\/www.accuratereviews.com\/it\/wp-json\/wp\/v2\/tags?post=20990"},{"taxonomy":"features","embeddable":true,"href":"https:\/\/www.accuratereviews.com\/it\/wp-json\/wp\/v2\/features?post=20990"}],"curies":[{"name":"wp","href":"https:\/\/api.w.org\/{rel}","templated":true}]}}